{"id":6566,"date":"2025-03-11T06:29:39","date_gmt":"2025-03-11T06:29:39","guid":{"rendered":"https:\/\/fmp-components.com\/product\/quality-assurance-telescopic-hydraulic-cylinder-for-dump-trailer"},"modified":"2025-03-12T06:33:56","modified_gmt":"2025-03-12T06:33:56","slug":"quality-assurance-telescopic-hydraulic-cylinder-for-dump-trailer","status":"publish","type":"product","link":"https:\/\/fmp-components.com\/fi\/product\/quality-assurance-telescopic-hydraulic-cylinder-for-dump-trailer\/","title":{"rendered":"Laadunvarmistus Teleskooppinen hydraulisylinteri kippiper\u00e4vaunulle"},"content":{"rendered":"<h2>Laadunvarmistus Teleskooppinen hydraulisylinteri kippiper\u00e4vaunulle<\/h2>\n<p>Esittelyss\u00e4 uusin tuotteemme \u2013 laadunvarmistuksella varustettu teleskooppinen hydraulisylinteri kippiper\u00e4vaunuille. T\u00e4m\u00e4 on huippuluokan hydraulisylinteri, joka on suunniteltu optimaaliseen suorituskykyyn useilla eri toimialoilla, kuten konepajoissa, maatiloilla, energia- ja kaivosteollisuudessa sek\u00e4 konepajatehtaissa.<\/p>\n<h2>Ominaisuudet ja toiminnallisuus<\/h2>\n<p>Teleskooppinen hydraulisylinteri on standardi, monivaiheinen m\u00e4nt\u00e4rakenteinen hydraulisylinteri. Se toimii hydraulisella voimalla ja sen runko on valmistettu kest\u00e4v\u00e4st\u00e4 ter\u00e4ksest\u00e4. Sen suurin ty\u00f6nt\u00f6voima on 3000 ja se voi vet\u00e4\u00e4 jopa 20 tonnia. Sylinterill\u00e4 on vuoden takuu ja se on ISO9001:2000-sertifioitu, mik\u00e4 osoittaa tuotteen erinomaisen laadun.<\/p>\n<table style=\"width: 95.4582%;\" border=\"\">\n<tbody>\n<tr>\n<th style=\"width: 43.5028%;\">Rei\u00e4n koko<\/th>\n<td style=\"width: 461.017%;\">2\u20136 tuumaa<\/td>\n<\/tr>\n<tr>\n<th style=\"width: 43.5028%;\">Tangon koko<\/th>\n<td style=\"width: 461.017%;\">1,125\u20134 tuumaa<\/td>\n<\/tr>\n<tr>\n<th style=\"width: 43.5028%;\">Iskun koko<\/th>\n<td style=\"width: 461.017%;\">4\u2013100 tuumaa<\/td>\n<\/tr>\n<tr>\n<th style=\"width: 43.5028%;\">Tapin koko<\/th>\n<td style=\"width: 461.017%;\">0,5\u20132 tuumaa<\/td>\n<\/tr>\n<tr>\n<th style=\"width: 43.5028%;\">Portit<\/th>\n<td style=\"width: 461.017%;\">G\/SAE\/NPT\/M<\/td>\n<\/tr>\n<\/tbody>\n<\/table>\n<h2>Ainutlaatuiset edut<\/h2>\n<ul>\n<li>Energiatehokas: Suunniteltu kuluttamaan v\u00e4hemm\u00e4n virtaa ja tarjoamaan samalla maksimaalisen tehon.<\/li>\n<li>Eritt\u00e4in tehokas: Sen vetokyky jopa 20 tonnia tekee siit\u00e4 sopivan raskaisiin sovelluksiin.<\/li>\n<li>Turvallisuus: Hydraulisylinteri on ISO9001:2000-sertifioitu, mik\u00e4 takaa sen turvallisuuden ja luotettavuuden.<\/li>\n<\/ul>\n<h2>Hydraulij\u00e4rjestelm\u00e4 ja toimintaperiaate<\/h2>\n<p>Hydraulisylinterit toimivat perusperiaatteella, jossa hydraulinen energia muunnetaan mekaaniseksi liikkeeksi. T\u00e4m\u00e4 muutos saavutetaan hydraulisylinterin ja voimayksik\u00f6n saumattoman vuorovaikutuksen kautta. Kun hydraulineste paineistetaan, se luo voiman, joka liikuttaa sylinterin sis\u00e4ll\u00e4 olevaa m\u00e4nt\u00e4\u00e4, mik\u00e4 johtaa lineaariseen liikkeeseen. T\u00e4m\u00e4 prosessi mahdollistaa tarkan ohjauksen ja tehokkaan toiminnan, mik\u00e4 tekee hydraulij\u00e4rjestelmist\u00e4 eritt\u00e4in tehokkaita erilaisissa sovelluksissa.<\/p>\n<h3>Sovellukset<\/h3>\n<p>Hydraulisylintereit\u00e4mme k\u00e4ytet\u00e4\u00e4n monilla eri teollisuudenaloilla, mukaan lukien:<\/p>\n<ul>\n<li><strong>Konekorjaamot:<\/strong> Miss\u00e4 he auttavat raskaiden koneiden osien nostamisessa ja sijoittamisessa huoltoa ja korjausta varten.<\/li>\n<li><strong>Maatilat:<\/strong> Mahdollistaa raskaiden kuormien, kuten laitteiden, maaper\u00e4n ja tuotteiden, tehokkaan siirt\u00e4misen.<\/li>\n<li><strong>Energia ja kaivostoiminta:<\/strong> Tukee toimintoja, jotka vaativat vankkaa nosto- ja k\u00e4sittelykapasiteettia haastavissa ymp\u00e4rist\u00f6iss\u00e4.<\/li>\n<li><strong>Koneiden valmistuslaitokset:<\/strong> Helpottaa suurten koneenosien kokoonpanoa ja siirt\u00e4mist\u00e4 tuotantoprosessien aikana.<\/li>\n<\/ul>\n<p><img loading=\"lazy\" decoding=\"async\" class=\"alignnone  wp-image-6665\" src=\"https:\/\/fmp-components.com\/wp-content\/uploads\/2025\/03\/telescopic-hydraulic-cylinder-9.webp\" alt=\"teleskooppinen hydraulisylinteri\" width=\"926\" height=\"926\" title=\"\" srcset=\"https:\/\/fmp-components.com\/wp-content\/uploads\/2025\/03\/telescopic-hydraulic-cylinder-9.webp 926w, https:\/\/fmp-components.com\/wp-content\/uploads\/2025\/03\/telescopic-hydraulic-cylinder-9-480x480.webp 480w\" sizes=\"(min-width: 0px) and (max-width: 480px) 480px, (min-width: 481px) 926px, 100vw\" \/><\/p>\n<h2>Hydraulisylinterit ja voimayksik\u00f6t<\/h2>\n<p>Hydraulisylinterit ja voimayksik\u00f6t ovat hydraulij\u00e4rjestelm\u00e4n elint\u00e4rkeit\u00e4 osia. Niiden integroitu toiminta mahdollistaa hydrauliteknologian laajan k\u00e4yt\u00f6n teollisissa ymp\u00e4rist\u00f6iss\u00e4. Hydraulisylinteri toimii toimilaitteena, joka vastaa hydraulisen energian muuntamisesta mekaaniseksi liikkeeksi muuttamalla paineen voimaksi. T\u00e4m\u00e4 mahdollistaa monenlaisten koneiden tehokkaan ja tuloksellisen suorittamisen.<\/p>\n<p>Toisaalta voimayksikk\u00f6 toimii hydraulij\u00e4rjestelm\u00e4n syd\u00e4men\u00e4, joka toimittaa tarvittavan energian ja ohjaussignaalit. Se koostuu pumpusta, s\u00e4ili\u00f6st\u00e4 ja useista ohjausmekanismeista, jotka s\u00e4\u00e4telev\u00e4t nesteen virtausta ja painetta. Yhdess\u00e4 hydraulisylinteri ja voimayksikk\u00f6 toimivat harmonisesti varmistaen hydraulij\u00e4rjestelm\u00e4n sujuvan ja luotettavan toiminnan.<\/p>\n<p>FMP:ll\u00e4 tarjoamme my\u00f6s korkealaatuisia voimayksik\u00f6it\u00e4, jotka on r\u00e4\u00e4t\u00e4l\u00f6ity vastaamaan erilaisten sovellusten erityistarpeisiin ja jotka tarjoavat lis\u00e4tukea hydraulij\u00e4rjestelmillesi. T\u00e4m\u00e4 kokonaisvaltainen l\u00e4hestymistapa varmistaa, ett\u00e4 koneesi toimivat optimaalisella suorituskyvyll\u00e4, mik\u00e4 parantaa tuottavuutta ja turvallisuutta toiminnoissasi.<\/p>\n<p><img loading=\"lazy\" decoding=\"async\" class=\"alignnone  wp-image-6664\" src=\"https:\/\/fmp-components.com\/wp-content\/uploads\/2025\/03\/telescopic-hydraulic-cylinder-8.webp\" alt=\"teleskooppinen hydraulisylinteri\" width=\"910\" height=\"910\" title=\"\" srcset=\"https:\/\/fmp-components.com\/wp-content\/uploads\/2025\/03\/telescopic-hydraulic-cylinder-8.webp 910w, https:\/\/fmp-components.com\/wp-content\/uploads\/2025\/03\/telescopic-hydraulic-cylinder-8-480x480.webp 480w\" sizes=\"(min-width: 0px) and (max-width: 480px) 480px, (min-width: 481px) 910px, 100vw\" \/><\/p>\n<h3>Usein kysytyt kysymykset<\/h3>\n<p><strong>K: Kuinka pitk\u00e4 on hydraulisylintereidesi takuu?<\/strong><br \/>\nA: Hydraulisylintereill\u00e4mme on 1 vuoden takuu.<\/p>\n<p><strong>K: Mik\u00e4 on hydraulisylinterienne suurin ty\u00f6nt\u00f6voima?<\/strong><br \/>\nA: Hydraulisylintereidemme ty\u00f6nt\u00f6voima on enint\u00e4\u00e4n 3000.<\/p>\n<p><strong>K: Voinko tarkastaa tuotteen ennen ostamista?<\/strong><br \/>\nV: Kyll\u00e4, tarjoamme asiakkaillemme videol\u00e4hd\u00f6n tarkastusta.<\/p>\n<h3>Tietoja FMP:st\u00e4<\/h3>\n<p>FMP on johtava italialainen valmistaja, joka tunnetaan korkealaatuisten hydraulisylintereiden suunnittelusta, kehitt\u00e4misest\u00e4 ja tuotannosta. Vuosikymmenten kokemuksella yhdist\u00e4mme perinteisen italialaisen k\u00e4sity\u00f6taidon edistyneeseen teknologiaan toimittaaksemme erinomaisia \u200b\u200bhydraulisia ratkaisuja, jotka on r\u00e4\u00e4t\u00e4l\u00f6ity globaalin asiakaskuntamme monipuolisiin tarpeisiin. Italiassa, insin\u00f6\u00f6ritaidon huippuosaamisen keskuksessa, sijaitseva FMP on vakiinnuttanut asemansa luotettavana nimen\u00e4 hydrauliikkateollisuudessa ja on omistautunut tarjoamaan luotettavia, kest\u00e4vi\u00e4 ja innovatiivisia tuotteita, jotka voimaannuttavat yrityksi\u00e4 maailmanlaajuisesti.<\/p>\n<p>Yhdist\u00e4mme parhaat edistykselliset valmistusperinteet tulevaisuuteen suuntautuneeseen l\u00e4hestymistapaan. Laajan hydrauliikkaj\u00e4rjestelmien kokemuksemme ansiosta FMP on kehittynyt nykyaikaiseksi yritykseksi, joka on erinomainen tutkimuksessa, suunnittelussa ja tuotannossa. Erikoistumisalaamme kuuluu laaja valikoima hydraulisylintereit\u00e4, kuten kaksitoimisia sylintereit\u00e4, autojen nostosylintereit\u00e4, maatalouskoneiden sylintereit\u00e4 ja r\u00e4\u00e4t\u00e4l\u00f6ityj\u00e4 ratkaisuja erilaisiin teollisiin sovelluksiin. Hydraulisylinterimme on suunniteltu toimimaan haastavimmissakin olosuhteissa, ja ne takaavat turvallisuuden, tehokkuuden ja pitk\u00e4ik\u00e4isyyden eri aloilla, kuten rakentamisessa, teollisuusasennuksissa, maataloudessa ja raskaissa koneissa.<\/p>\n<p>FMP:ll\u00e4 olemme ylpeit\u00e4 huippumoderneista tuotantolaitoksistamme, jotka on varustettu tarkkuuskoneilla ja edistyneill\u00e4 testausj\u00e4rjestelmill\u00e4. Valmistusprosessimme noudattavat tiukkoja kansallisia ja kansainv\u00e4lisi\u00e4 standardeja, mik\u00e4 takaa, ett\u00e4 jokainen tehtaaltamme l\u00e4htev\u00e4 hydraulisylinteri t\u00e4ytt\u00e4\u00e4 korkeimmat laatu- ja luotettavuusvaatimukset. Taitava tekninen tiimimme yhdistettyn\u00e4 huippuluokan laitteisiin mahdollistaa tiukan laadunvalvonnan jokaisessa tuotantovaiheessa \u2013 raaka-aineiden valinnasta lopputarkastukseen. T\u00e4m\u00e4 sitoutuminen erinomaisuuteen on ansainnut meille sertifikaatteja ja tunnustusta alan viranomaisilta, mik\u00e4 vahvistaa mainettamme luotettavana kumppanina.<\/p>\n<p><img loading=\"lazy\" decoding=\"async\" class=\"alignnone size-full wp-image-6720\" src=\"https:\/\/fmp-components.com\/wp-content\/uploads\/2025\/03\/hydraulic-cylinder-8.webp\" alt=\"Teleskooppiset hydraulisylinterit\" width=\"933\" height=\"526\" title=\"\" srcset=\"https:\/\/fmp-components.com\/wp-content\/uploads\/2025\/03\/hydraulic-cylinder-8.webp 933w, https:\/\/fmp-components.com\/wp-content\/uploads\/2025\/03\/hydraulic-cylinder-8-480x271.webp 480w\" sizes=\"(min-width: 0px) and (max-width: 480px) 480px, (min-width: 481px) 933px, 100vw\" \/><\/p>\n<p>Missiomme on sek\u00e4 yksinkertainen ett\u00e4 kunnianhimoinen: tarjota hydraulisylintereit\u00e4, jotka ylitt\u00e4v\u00e4t odotukset suorituskyvyss\u00e4, kest\u00e4vyydess\u00e4 ja arvossa. Ammattimaisuuden, rehellisyyden ja asiakasl\u00e4ht\u00f6isyyden periaatteiden ohjaamina edist\u00e4mme innovaatio- ja tarkkuuskulttuuria ja jalostamme jatkuvasti tuotteitamme pysy\u00e4ksemme kilpailuedun piiriss\u00e4. Kattavan tuotevalikoimamme ja r\u00e4\u00e4t\u00e4l\u00f6ityjen ratkaisujen tarjoamiskykymme ansiosta olemme ensisijainen valinta yrityksille, jotka etsiv\u00e4t tehokkaita hydraulisylintereit\u00e4.<\/p>\n<p>FMP on enemm\u00e4n kuin vain valmistaja; olemme kumppani menestyksess\u00e4si. Ymm\u00e4rr\u00e4mme, ett\u00e4 asiakkaamme luottavat meihin ty\u00f6kalujen toimittamisessa, jotka parantavat heid\u00e4n tuottavuuttaan ja turvallisuuttaan. Siksi olemme sitoutuneet tarjoamaan paitsi huippuluokan tuotteita, my\u00f6s poikkeuksellista palvelua. Alustavasta konsultoinnista myynnin j\u00e4lkeiseen tukeen teemme tiivist\u00e4 yhteisty\u00f6t\u00e4 asiakkaidemme kanssa varmistaaksemme, ett\u00e4 heid\u00e4n tarpeensa t\u00e4ytet\u00e4\u00e4n ammattitaitoisesti ja huolellisesti. Kilpailukykyiset hintamme yhdistettyn\u00e4 horjumattomaan sitoutumiseemme laatuun tekev\u00e4t FMP:st\u00e4 \u00e4lykk\u00e4\u00e4n valinnan yrityksille, jotka haluavat investoida luotettaviin hydrauliikkaratkaisuihin.<\/p>","protected":false},"excerpt":{"rendered":"<p>Quality Assurance Telescopic Hydraulic Cylinder for Dump Trailer Introducing our newest product &#8211; the Quality Assurance Telescopic Hydraulic Cylinder for Dump Trailer. This is a top-tier hydraulic cylinder designed for optimum performance in various industries including Machinery Repair Shops, Farms, Energy &amp; Mining, and Machinery manufacturing plants. Features and Functionality The Telescopic Hydraulic Cylinder is [&hellip;]<\/p>","protected":false},"featured_media":6745,"comment_status":"closed","ping_status":"closed","template":"","meta":{"_et_pb_use_builder":"","_et_pb_old_content":"","_et_gb_content_width":""},"product_brand":[],"product_cat":[103],"product_tag":[34,105],"class_list":{"0":"post-6566","1":"product","2":"type-product","3":"status-publish","4":"has-post-thumbnail","6":"product_cat-telescopic-hydraulic-cylinders","7":"product_tag-hydraulic-cylinder","8":"product_tag-telescopic-hydraulic-cylinders","10":"first","11":"instock","12":"product-type-simple"},"_links":{"self":[{"href":"https:\/\/fmp-components.com\/fi\/wp-json\/wp\/v2\/product\/6566","targetHints":{"allow":["GET"]}}],"collection":[{"href":"https:\/\/fmp-components.com\/fi\/wp-json\/wp\/v2\/product"}],"about":[{"href":"https:\/\/fmp-components.com\/fi\/wp-json\/wp\/v2\/types\/product"}],"replies":[{"embeddable":true,"href":"https:\/\/fmp-components.com\/fi\/wp-json\/wp\/v2\/comments?post=6566"}],"wp:featuredmedia":[{"embeddable":true,"href":"https:\/\/fmp-components.com\/fi\/wp-json\/wp\/v2\/media\/6745"}],"wp:attachment":[{"href":"https:\/\/fmp-components.com\/fi\/wp-json\/wp\/v2\/media?parent=6566"}],"wp:term":[{"taxonomy":"product_brand","embeddable":true,"href":"https:\/\/fmp-components.com\/fi\/wp-json\/wp\/v2\/product_brand?post=6566"},{"taxonomy":"product_cat","embeddable":true,"href":"https:\/\/fmp-components.com\/fi\/wp-json\/wp\/v2\/product_cat?post=6566"},{"taxonomy":"product_tag","embeddable":true,"href":"https:\/\/fmp-components.com\/fi\/wp-json\/wp\/v2\/product_tag?post=6566"}],"curies":[{"name":"wp","href":"https:\/\/api.w.org\/{rel}","templated":true}]}}