{"id":6565,"date":"2025-03-11T06:29:39","date_gmt":"2025-03-11T06:29:39","guid":{"rendered":"https:\/\/fmp-components.com\/product\/factory-price-mini-telescopic-double-acting-hydraulic-cylinder"},"modified":"2025-03-12T06:28:26","modified_gmt":"2025-03-12T06:28:26","slug":"factory-price-mini-telescopic-double-acting-hydraulic-cylinder","status":"publish","type":"product","link":"https:\/\/fmp-components.com\/fi\/product\/factory-price-mini-telescopic-double-acting-hydraulic-cylinder\/","title":{"rendered":"Tehtaan hinta Mini Teleskooppinen Kaksitoiminen Hydraulisylinteri"},"content":{"rendered":"<h2>Tehtaan hinta Mini Teleskooppinen Kaksitoiminen Hydraulisylinteri<\/h2>\n<p>Tehdashintainen minikokoinen teleskooppinen kaksitoiminen hydraulisylinterimme on korkealaatuinen ja monipuolinen komponentti, joka sopii erinomaisesti k\u00e4ytett\u00e4v\u00e4ksi useilla eri teollisuudenaloilla. Olipa kyseess\u00e4 sitten konepajat, maatilat, energia- ja kaivosteollisuus tai koneenrakennus, t\u00e4m\u00e4 hydraulisylinteri on suunniteltu tehokkuutta ja kest\u00e4vyytt\u00e4 silm\u00e4ll\u00e4 pit\u00e4en. Sen ter\u00e4srunko, vakiorakenne ja hydraulinen teho tekev\u00e4t siit\u00e4 luotettavan valinnan mihin tahansa konej\u00e4rjestelm\u00e4\u00e4n.<\/p>\n<h3>Tuotteen tekniset tiedot<\/h3>\n<p>Hydraulisylinterimme ei ole ainoastaan \u200b\u200bkest\u00e4v\u00e4, vaan se on my\u00f6s mukautuva. Sen sis\u00e4halkaisija on 2\u20136 tuumaa, varren koko 1,125\u20134 tuumaa ja iskunpituus 4\u2013100 tuumaa, joten se sopii helposti monenlaisiin laitekokoonpanoihin. Sen enimm\u00e4isty\u00f6nt\u00f6voima on 3000 tonnia ja enimm\u00e4isvetovoima 20 tonnia, mik\u00e4 tekee siit\u00e4 tehokkaan lis\u00e4n mihin tahansa koneeseen.<\/p>\n<table style=\"width: 94.502%;\" border=\"\">\n<tbody>\n<tr>\n<th style=\"width: 43.5028%;\">Rei\u00e4n koko<\/th>\n<td style=\"width: 455.932%;\">2\u20136 tuumaa<\/td>\n<\/tr>\n<tr>\n<th style=\"width: 43.5028%;\">Tangon koko<\/th>\n<td style=\"width: 455.932%;\">1,125\u20134 tuumaa<\/td>\n<\/tr>\n<tr>\n<th style=\"width: 43.5028%;\">Iskun koko<\/th>\n<td style=\"width: 455.932%;\">4\u2013100 tuumaa<\/td>\n<\/tr>\n<tr>\n<th style=\"width: 43.5028%;\">Tapin koko<\/th>\n<td style=\"width: 455.932%;\">0,5\u20132 tuumaa<\/td>\n<\/tr>\n<tr>\n<th style=\"width: 43.5028%;\">Portit<\/th>\n<td style=\"width: 455.932%;\">G\/SAE\/NPT\/M<\/td>\n<\/tr>\n<\/tbody>\n<\/table>\n<h2>Tuotteen ominaisuudet ja edut<\/h2>\n<p>Hydraulisylinterimme on suunniteltu tehokkuus, turvallisuus ja energians\u00e4\u00e4st\u00f6 mieless\u00e4 pit\u00e4en. Sen monivaiheinen rakenne mahdollistaa tehokkaan toiminnan, ja ISO9001:2000-sertifiointi on osoitus sen turvallisuudesta ja laadusta. Ja sen maksimivetovoima on 20 tonnia ja maksimity\u00f6nt\u00f6voima 3000 tonnia, se on tehokas mutta energiatehokas lis\u00e4 koneisiisi.<\/p>\n<h2>Hydrauliset j\u00e4rjestelm\u00e4t ja toimintaperiaate<\/h2>\n<p>Hydraulisylinterit, kuten meid\u00e4n sylinterimme, toimivat muuntamalla paineistetun hydraulinesteen energian voimaksi, joka voi liikuttaa koneita. T\u00e4m\u00e4 saavutetaan sylinterin putkessa olevan m\u00e4nn\u00e4n avulla. Kun hydraulineste pakotetaan sylinteriin, se ty\u00f6nt\u00e4\u00e4 m\u00e4nt\u00e4\u00e4, joka puolestaan \u200b\u200bty\u00f6nt\u00e4\u00e4 tankoa luoden liikett\u00e4.<\/p>\n<p><img loading=\"lazy\" decoding=\"async\" class=\"alignnone  wp-image-6664\" src=\"https:\/\/fmp-components.com\/wp-content\/uploads\/2025\/03\/telescopic-hydraulic-cylinder-8.webp\" alt=\"teleskooppinen hydraulisylinteri\" width=\"902\" height=\"902\" title=\"\" srcset=\"https:\/\/fmp-components.com\/wp-content\/uploads\/2025\/03\/telescopic-hydraulic-cylinder-8.webp 902w, https:\/\/fmp-components.com\/wp-content\/uploads\/2025\/03\/telescopic-hydraulic-cylinder-8-480x480.webp 480w\" sizes=\"(min-width: 0px) and (max-width: 480px) 480px, (min-width: 481px) 902px, 100vw\" \/><\/p>\n<h2>Tuotteen k\u00e4ytt\u00f6kohde<\/h2>\n<p>T\u00e4t\u00e4 hydraulisylinteri\u00e4 voidaan k\u00e4ytt\u00e4\u00e4 useilla eri teollisuudenaloilla, kuten konepajoissa, maatiloilla, energia- ja kaivosteollisuudessa, konevalmistuksessa ja monilla muilla. Sen monipuolinen rakenne tekee siit\u00e4 olennaisen komponentin monissa erityyppisiss\u00e4 koneissa.<\/p>\n<h2>Hydraulisylinterit ja voimayksik\u00f6t<\/h2>\n<p>Hydraulisylinterit ja voimayksik\u00f6t ovat olennainen osa mit\u00e4 tahansa hydraulij\u00e4rjestelm\u00e4\u00e4. Ne toimivat yhdess\u00e4 varmistaakseen hydrauliteknologian laajan soveltamisen teollisuudessa ja tarjoavat luotettavaa teho- ja ohjaustukea erilaisille teknisille ja mekaanisille laitteille. Hydraulisylinteri toimilaitteena vastaa hydraulisen energian muuntamisesta mekaaniseksi liikkeeksi ja paineen muuttamisesta voimaksi. Voimayksikk\u00f6 puolestaan \u200b\u200bon ydin, joka tuottaa hydraulij\u00e4rjestelm\u00e4n tarvitsemat energia- ja ohjaussignaalit. Niiden koordinoitu yhteisty\u00f6 varmistaa hydraulij\u00e4rjestelm\u00e4n normaalin toiminnan. Hydraulisylinterien lis\u00e4ksi FMP tarjoaa myyntiin my\u00f6s voimayksik\u00f6it\u00e4.<\/p>\n<h2>Usein kysytyt kysymykset<\/h2>\n<p><b>K: Oletko kauppayhti\u00f6 vai valmistaja?<\/b><br \/>\nA: Olemme tehdas.<\/p>\n<p><b>K: Kuinka pitk\u00e4 on toimitusaikanne?<\/b><br \/>\nV: Yleens\u00e4 se on 25\u201335 p\u00e4iv\u00e4\u00e4.<\/p>\n<p><b>K: Voitteko tuottaa n\u00e4ytteiden mukaan?<\/b><br \/>\nV: Kyll\u00e4, voimme valmistaa n\u00e4ytteidenne tai teknisten piirustustenne perusteella. Voimme rakentaa muotit ja kalusteet.<\/p>\n<h3>Tietoja FMP:st\u00e4<\/h3>\n<p>FMP on johtava italialainen valmistaja, joka tunnetaan korkealaatuisten hydraulisylintereiden suunnittelusta, kehitt\u00e4misest\u00e4 ja tuotannosta. Vuosikymmenten kokemuksella yhdist\u00e4mme perinteisen italialaisen k\u00e4sity\u00f6taidon edistyneeseen teknologiaan toimittaaksemme erinomaisia \u200b\u200bhydraulisia ratkaisuja, jotka on r\u00e4\u00e4t\u00e4l\u00f6ity globaalin asiakaskuntamme monipuolisiin tarpeisiin. Italiassa, insin\u00f6\u00f6ritaidon huippuosaamisen keskuksessa, sijaitseva FMP on vakiinnuttanut asemansa luotettavana nimen\u00e4 hydrauliikkateollisuudessa ja on omistautunut tarjoamaan luotettavia, kest\u00e4vi\u00e4 ja innovatiivisia tuotteita, jotka voimaannuttavat yrityksi\u00e4 maailmanlaajuisesti.<\/p>\n<p>Yhdist\u00e4mme parhaat edistykselliset valmistusperinteet tulevaisuuteen suuntautuneeseen l\u00e4hestymistapaan. Laajan hydrauliikkaj\u00e4rjestelmien kokemuksemme ansiosta FMP on kehittynyt nykyaikaiseksi yritykseksi, joka on erinomainen tutkimuksessa, suunnittelussa ja tuotannossa. Erikoistumisalaamme kuuluu laaja valikoima hydraulisylintereit\u00e4, kuten kaksitoimisia sylintereit\u00e4, autojen nostosylintereit\u00e4, maatalouskoneiden sylintereit\u00e4 ja r\u00e4\u00e4t\u00e4l\u00f6ityj\u00e4 ratkaisuja erilaisiin teollisiin sovelluksiin. Hydraulisylinterimme on suunniteltu toimimaan haastavimmissakin olosuhteissa, ja ne takaavat turvallisuuden, tehokkuuden ja pitk\u00e4ik\u00e4isyyden eri aloilla, kuten rakentamisessa, teollisuusasennuksissa, maataloudessa ja raskaissa koneissa.<\/p>\n<p>FMP:ll\u00e4 olemme ylpeit\u00e4 huippumoderneista tuotantolaitoksistamme, jotka on varustettu tarkkuuskoneilla ja edistyneill\u00e4 testausj\u00e4rjestelmill\u00e4. Valmistusprosessimme noudattavat tiukkoja kansallisia ja kansainv\u00e4lisi\u00e4 standardeja, mik\u00e4 takaa, ett\u00e4 jokainen tehtaaltamme l\u00e4htev\u00e4 hydraulisylinteri t\u00e4ytt\u00e4\u00e4 korkeimmat laatu- ja luotettavuusvaatimukset. Taitava tekninen tiimimme yhdistettyn\u00e4 huippuluokan laitteisiin mahdollistaa tiukan laadunvalvonnan jokaisessa tuotantovaiheessa \u2013 raaka-aineiden valinnasta lopputarkastukseen. T\u00e4m\u00e4 sitoutuminen erinomaisuuteen on ansainnut meille sertifikaatteja ja tunnustusta alan viranomaisilta, mik\u00e4 vahvistaa mainettamme luotettavana kumppanina.<\/p>\n<p><img loading=\"lazy\" decoding=\"async\" class=\"alignnone size-full wp-image-6720\" src=\"https:\/\/fmp-components.com\/wp-content\/uploads\/2025\/03\/hydraulic-cylinder-8.webp\" alt=\"Teleskooppiset hydraulisylinterit\" width=\"933\" height=\"526\" title=\"\" srcset=\"https:\/\/fmp-components.com\/wp-content\/uploads\/2025\/03\/hydraulic-cylinder-8.webp 933w, https:\/\/fmp-components.com\/wp-content\/uploads\/2025\/03\/hydraulic-cylinder-8-480x271.webp 480w\" sizes=\"(min-width: 0px) and (max-width: 480px) 480px, (min-width: 481px) 933px, 100vw\" \/><\/p>\n<p>Missiomme on sek\u00e4 yksinkertainen ett\u00e4 kunnianhimoinen: tarjota hydraulisylintereit\u00e4, jotka ylitt\u00e4v\u00e4t odotukset suorituskyvyss\u00e4, kest\u00e4vyydess\u00e4 ja arvossa. Ammattimaisuuden, rehellisyyden ja asiakasl\u00e4ht\u00f6isyyden periaatteiden ohjaamina edist\u00e4mme innovaatio- ja tarkkuuskulttuuria ja jalostamme jatkuvasti tuotteitamme pysy\u00e4ksemme kilpailuedun piiriss\u00e4. Kattavan tuotevalikoimamme ja r\u00e4\u00e4t\u00e4l\u00f6ityjen ratkaisujen tarjoamiskykymme ansiosta olemme ensisijainen valinta yrityksille, jotka etsiv\u00e4t tehokkaita hydraulisylintereit\u00e4.<\/p>\n<p>FMP on enemm\u00e4n kuin vain valmistaja; olemme kumppani menestyksess\u00e4si. Ymm\u00e4rr\u00e4mme, ett\u00e4 asiakkaamme luottavat meihin ty\u00f6kalujen toimittamisessa, jotka parantavat heid\u00e4n tuottavuuttaan ja turvallisuuttaan. Siksi olemme sitoutuneet tarjoamaan paitsi huippuluokan tuotteita, my\u00f6s poikkeuksellista palvelua. Alustavasta konsultoinnista myynnin j\u00e4lkeiseen tukeen teemme tiivist\u00e4 yhteisty\u00f6t\u00e4 asiakkaidemme kanssa varmistaaksemme, ett\u00e4 heid\u00e4n tarpeensa t\u00e4ytet\u00e4\u00e4n ammattitaitoisesti ja huolellisesti. Kilpailukykyiset hintamme yhdistettyn\u00e4 horjumattomaan sitoutumiseemme laatuun tekev\u00e4t FMP:st\u00e4 \u00e4lykk\u00e4\u00e4n valinnan yrityksille, jotka haluavat investoida luotettaviin hydrauliikkaratkaisuihin.<\/p>","protected":false},"excerpt":{"rendered":"<p>Factory Price Mini Telescopic Double Acting Hydraulic Cylinder Our Factory Price Mini Telescopic Double Acting Hydraulic Cylinder is a high-quality, versatile component ideal for use in a variety of industries. Whether it&#8217;s for machinery repair shops, farms, energy &amp; mining, or machinery manufacturing, this hydraulic cylinder is designed for efficiency and durability. Its steel body, [&hellip;]<\/p>","protected":false},"featured_media":6743,"comment_status":"closed","ping_status":"closed","template":"","meta":{"_et_pb_use_builder":"","_et_pb_old_content":"","_et_gb_content_width":""},"product_brand":[],"product_cat":[103],"product_tag":[34,105],"class_list":{"0":"post-6565","1":"product","2":"type-product","3":"status-publish","4":"has-post-thumbnail","6":"product_cat-telescopic-hydraulic-cylinders","7":"product_tag-hydraulic-cylinder","8":"product_tag-telescopic-hydraulic-cylinders","10":"first","11":"instock","12":"product-type-simple"},"_links":{"self":[{"href":"https:\/\/fmp-components.com\/fi\/wp-json\/wp\/v2\/product\/6565","targetHints":{"allow":["GET"]}}],"collection":[{"href":"https:\/\/fmp-components.com\/fi\/wp-json\/wp\/v2\/product"}],"about":[{"href":"https:\/\/fmp-components.com\/fi\/wp-json\/wp\/v2\/types\/product"}],"replies":[{"embeddable":true,"href":"https:\/\/fmp-components.com\/fi\/wp-json\/wp\/v2\/comments?post=6565"}],"wp:featuredmedia":[{"embeddable":true,"href":"https:\/\/fmp-components.com\/fi\/wp-json\/wp\/v2\/media\/6743"}],"wp:attachment":[{"href":"https:\/\/fmp-components.com\/fi\/wp-json\/wp\/v2\/media?parent=6565"}],"wp:term":[{"taxonomy":"product_brand","embeddable":true,"href":"https:\/\/fmp-components.com\/fi\/wp-json\/wp\/v2\/product_brand?post=6565"},{"taxonomy":"product_cat","embeddable":true,"href":"https:\/\/fmp-components.com\/fi\/wp-json\/wp\/v2\/product_cat?post=6565"},{"taxonomy":"product_tag","embeddable":true,"href":"https:\/\/fmp-components.com\/fi\/wp-json\/wp\/v2\/product_tag?post=6565"}],"curies":[{"name":"wp","href":"https:\/\/api.w.org\/{rel}","templated":true}]}}