{"id":6564,"date":"2025-03-11T06:29:39","date_gmt":"2025-03-11T06:29:39","guid":{"rendered":"https:\/\/fmp-components.com\/product\/factory-direct-sale-20-ton-4-stage-dump-truck-hydraulic-cylinder"},"modified":"2025-03-12T06:26:11","modified_gmt":"2025-03-12T06:26:11","slug":"factory-direct-sale-20-ton-4-stage-dump-truck-hydraulic-cylinder","status":"publish","type":"product","link":"https:\/\/fmp-components.com\/fi\/product\/factory-direct-sale-20-ton-4-stage-dump-truck-hydraulic-cylinder\/","title":{"rendered":"Tehtaan suoramyynti 20 tonnin 4-vaiheinen kippiauton hydraulisylinteri"},"content":{"rendered":"<h2>Tehtaan suoramyynti 20 tonnin 4-vaiheinen kippiauton hydraulisylinteri<\/h2>\n<p>Esittelyss\u00e4 20 tonnin 4-vaiheinen kippiauton hydraulisylinterimme, tehtaalta suoraan myyt\u00e4v\u00e4 hydraulisen teknologian voimanpes\u00e4. T\u00e4m\u00e4 uusi, vakiomallinen, monivaiheinen hydraulisylinteri on suunniteltu optimaaliseen toimivuuteen erilaisissa ymp\u00e4rist\u00f6iss\u00e4, kuten konepajoissa, maatiloilla, energia- ja kaivosteollisuudessa, konevalmistuksessa ja konetehtaissa.<\/p>\n<h3>Ominaisuudet ja tekniset tiedot<\/h3>\n<p>Hydraulisylinterimme on m\u00e4nt\u00e4sylinteri, jonka voimanl\u00e4hde on hydraulinen ja runkomateriaali ter\u00e4st\u00e4. Sen ty\u00f6nt\u00f6voima on enint\u00e4\u00e4n 3000 tonnia ja vetovoima 20 tonnia. Tuotteella on ISO9001:2000-sertifikaatti, mik\u00e4 takaa sen laadun ja luotettavuuden.<\/p>\n<table style=\"width: 91.9539%;\" border=\"\">\n<tbody>\n<tr>\n<th style=\"width: 43.5028%;\">Rei\u00e4n koko<\/th>\n<td style=\"width: 442.373%;\">2\u20136 tuumaa<\/td>\n<\/tr>\n<tr>\n<th style=\"width: 43.5028%;\">Tangon koko<\/th>\n<td style=\"width: 442.373%;\">1,125\u20134 tuumaa<\/td>\n<\/tr>\n<tr>\n<th style=\"width: 43.5028%;\">Iskun koko<\/th>\n<td style=\"width: 442.373%;\">4\u2013100 tuumaa<\/td>\n<\/tr>\n<tr>\n<th style=\"width: 43.5028%;\">Tapin koko<\/th>\n<td style=\"width: 442.373%;\">0,5\u20132 tuumaa<\/td>\n<\/tr>\n<tr>\n<th style=\"width: 43.5028%;\">Portit<\/th>\n<td style=\"width: 442.373%;\">G\/SAE\/NPT\/M<\/td>\n<\/tr>\n<\/tbody>\n<\/table>\n<h2>Ainutlaatuiset edut<\/h2>\n<ul>\n<li>Energiatehokas: Hydraulisylinterimme on suunniteltu toimimaan optimaalisella energiatehokkuudella, mik\u00e4 v\u00e4hent\u00e4\u00e4 k\u00e4ytt\u00f6kustannuksiasi.<\/li>\n<li>Korkea hy\u00f6tysuhde: Suuren ty\u00f6nt\u00f6voiman ja vetokyvyn ansiosta t\u00e4m\u00e4 hydraulisylinteri varmistaa tehokkaan toiminnan.<\/li>\n<li>Turvallisuus: Turvallisuus on taattu ISO9001:2000-sertifioidulla hydraulisylinterill\u00e4mme.<\/li>\n<\/ul>\n<p><img loading=\"lazy\" decoding=\"async\" class=\"alignnone  wp-image-6717\" src=\"https:\/\/fmp-components.com\/wp-content\/uploads\/2025\/03\/hydraulic-cylinder-211.webp\" alt=\"Hydraulisylinterit\" width=\"894\" height=\"896\" title=\"\" srcset=\"https:\/\/fmp-components.com\/wp-content\/uploads\/2025\/03\/hydraulic-cylinder-211.webp 894w, https:\/\/fmp-components.com\/wp-content\/uploads\/2025\/03\/hydraulic-cylinder-211-480x481.webp 480w\" sizes=\"(min-width: 0px) and (max-width: 480px) 480px, (min-width: 481px) 894px, 100vw\" \/><\/p>\n<h2>Hydraulij\u00e4rjestelm\u00e4n ymm\u00e4rt\u00e4minen<\/h2>\n<p>20 tonnin nelivaiheisen kippiauton hydraulisylinterin hydraulij\u00e4rjestelm\u00e4 toimii nestepaineen perusperiaatteella. Pohjimmiltaan, kun paine kohdistetaan tiettyyn pisteeseen j\u00e4rjestelm\u00e4ss\u00e4, paineenmuutos v\u00e4littyy tasaisesti ja h\u00e4vi\u00f6tt\u00f6m\u00e4sti kaikkiin muihin komponentteihin. T\u00e4m\u00e4 ominaisuus varmistaa, ett\u00e4 j\u00e4rjestelm\u00e4 voi toimia tehokkaasti ja voimakkaasti, jopa k\u00e4sitelt\u00e4ess\u00e4 merkitt\u00e4v\u00e4\u00e4 painoa tai raskaita kuormia. K\u00e4ytt\u00e4m\u00e4ll\u00e4 kokoonpuristumatonta nestett\u00e4 hydraulij\u00e4rjestelm\u00e4 voi vahvistaa voimaa, mik\u00e4 mahdollistaa kippiauton lavan tarkan hallinnan ja liikkeen.<\/p>\n<p>Hydraulij\u00e4rjestelm\u00e4n suunnittelussa on mukana useita keskeisi\u00e4 elementtej\u00e4, kuten hydraulineste, putket, venttiilit ja itse hydraulisylinteri. Hydraulineste toimii v\u00e4liaineena, jonka kautta voima siirtyy, kun taas putket ja venttiilit s\u00e4\u00e4telev\u00e4t nesteen virtausta ja suuntaa. Hydraulisylinteri ensisijaisena toimilaitteena muuntaa hydraulisen energian takaisin mekaaniseksi energiaksi, mik\u00e4 johtaa kuorma-auton lavan haluttuun liikkeeseen.<\/p>\n<h2>Hakemus<\/h2>\n<p>T\u00e4m\u00e4 hydraulisylinteri on monipuolinen ja sopii monenlaisiin k\u00e4ytt\u00f6tarkoituksiin eri toimialoilla. Se on erityisen hy\u00f6dyllinen konepajoissa, joissa raskas kalusto vaatii nostamista ja siirt\u00e4mist\u00e4. Maatiloilla hydraulisylinteri on korvaamaton esimerkiksi raskaiden maa-ainesten, tuotteiden tai laitteiden siirt\u00e4misess\u00e4. Energia- ja kaivosteollisuudessa sill\u00e4 on ratkaiseva rooli koneiden toiminnassa, joiden on k\u00e4sitelt\u00e4v\u00e4 huomattavia painoja ja vaativia ymp\u00e4rist\u00f6j\u00e4.<\/p>\n<p>Lis\u00e4ksi hydraulisylinteri on v\u00e4ltt\u00e4m\u00e4t\u00f6n koneenrakennuksessa ja tehtaissa, joissa se tukee suurten komponenttien kokoonpanoa ja liikuttelua. Sen kest\u00e4v\u00e4 rakenne varmistaa, ett\u00e4 se kest\u00e4\u00e4 raskaita kuormia ja tarjoaa samalla vakaan ja luotettavan suorituskyvyn koko k\u00e4ytt\u00f6ik\u00e4ns\u00e4 ajan. T\u00e4m\u00e4 luotettavuus on ratkaisevan t\u00e4rke\u00e4\u00e4 tuottavuuden ja turvallisuuden yll\u00e4pit\u00e4miseksi vaativissa ty\u00f6ymp\u00e4rist\u00f6iss\u00e4, mik\u00e4 tekee hydraulisylinterist\u00e4 v\u00e4ltt\u00e4m\u00e4tt\u00f6m\u00e4n osan nykyaikaisten koneiden toimintaa.<\/p>\n<p><img loading=\"lazy\" decoding=\"async\" class=\"alignnone size-full wp-image-6660\" src=\"https:\/\/fmp-components.com\/wp-content\/uploads\/2025\/03\/hydraulic-cylinder-workshop-4.webp\" alt=\"teleskooppinen hydraulisylinteri\" width=\"914\" height=\"733\" title=\"\" srcset=\"https:\/\/fmp-components.com\/wp-content\/uploads\/2025\/03\/hydraulic-cylinder-workshop-4.webp 914w, https:\/\/fmp-components.com\/wp-content\/uploads\/2025\/03\/hydraulic-cylinder-workshop-4-480x385.webp 480w\" sizes=\"(min-width: 0px) and (max-width: 480px) 480px, (min-width: 481px) 914px, 100vw\" \/><\/p>\n<h2>Usein kysytyt kysymykset<\/h2>\n<dl>\n<dt>K: Kuinka pitk\u00e4 toimitusaika on?<\/dt>\n<dd>V: Toimitusaika on yleens\u00e4 25\u201335 p\u00e4iv\u00e4\u00e4.<\/dd>\n<dt>K: Toimitatteko n\u00e4ytteen t\u00e4st\u00e4 tuotteesta?<\/dt>\n<dd>V: Kyll\u00e4, tarjoamme n\u00e4ytteit\u00e4, mutta ne eiv\u00e4t ole ilmaisia.<\/dd>\n<dt>K: Voiko t\u00e4t\u00e4 tuotetta mukauttaa?<\/dt>\n<dd>V: Kyll\u00e4, voimme r\u00e4\u00e4t\u00e4l\u00f6id\u00e4 tuotteen n\u00e4ytteidesi tai teknisten piirustusten mukaan. Voimme rakentaa muotit ja kiinnikkeet.<\/dd>\n<\/dl>\n<h3>Tietoja FMP:st\u00e4<\/h3>\n<p>FMP on johtava italialainen valmistaja, joka tunnetaan korkealaatuisten hydraulisylintereiden suunnittelusta, kehitt\u00e4misest\u00e4 ja tuotannosta. Vuosikymmenten kokemuksella yhdist\u00e4mme perinteisen italialaisen k\u00e4sity\u00f6taidon edistyneeseen teknologiaan toimittaaksemme erinomaisia \u200b\u200bhydraulisia ratkaisuja, jotka on r\u00e4\u00e4t\u00e4l\u00f6ity globaalin asiakaskuntamme monipuolisiin tarpeisiin. Italiassa, insin\u00f6\u00f6ritaidon huippuosaamisen keskuksessa, sijaitseva FMP on vakiinnuttanut asemansa luotettavana nimen\u00e4 hydrauliikkateollisuudessa ja on omistautunut tarjoamaan luotettavia, kest\u00e4vi\u00e4 ja innovatiivisia tuotteita, jotka voimaannuttavat yrityksi\u00e4 maailmanlaajuisesti.<\/p>\n<p>Yhdist\u00e4mme parhaat edistykselliset valmistusperinteet tulevaisuuteen suuntautuneeseen l\u00e4hestymistapaan. Laajan hydrauliikkaj\u00e4rjestelmien kokemuksemme ansiosta FMP on kehittynyt nykyaikaiseksi yritykseksi, joka on erinomainen tutkimuksessa, suunnittelussa ja tuotannossa. Erikoistumisalaamme kuuluu laaja valikoima hydraulisylintereit\u00e4, kuten kaksitoimisia sylintereit\u00e4, autojen nostosylintereit\u00e4, maatalouskoneiden sylintereit\u00e4 ja r\u00e4\u00e4t\u00e4l\u00f6ityj\u00e4 ratkaisuja erilaisiin teollisiin sovelluksiin. Hydraulisylinterimme on suunniteltu toimimaan haastavimmissakin olosuhteissa, ja ne takaavat turvallisuuden, tehokkuuden ja pitk\u00e4ik\u00e4isyyden eri aloilla, kuten rakentamisessa, teollisuusasennuksissa, maataloudessa ja raskaissa koneissa.<\/p>\n<p>FMP:ll\u00e4 olemme ylpeit\u00e4 huippumoderneista tuotantolaitoksistamme, jotka on varustettu tarkkuuskoneilla ja edistyneill\u00e4 testausj\u00e4rjestelmill\u00e4. Valmistusprosessimme noudattavat tiukkoja kansallisia ja kansainv\u00e4lisi\u00e4 standardeja, mik\u00e4 takaa, ett\u00e4 jokainen tehtaaltamme l\u00e4htev\u00e4 hydraulisylinteri t\u00e4ytt\u00e4\u00e4 korkeimmat laatu- ja luotettavuusvaatimukset. Taitava tekninen tiimimme yhdistettyn\u00e4 huippuluokan laitteisiin mahdollistaa tiukan laadunvalvonnan jokaisessa tuotantovaiheessa \u2013 raaka-aineiden valinnasta lopputarkastukseen. T\u00e4m\u00e4 sitoutuminen erinomaisuuteen on ansainnut meille sertifikaatteja ja tunnustusta alan viranomaisilta, mik\u00e4 vahvistaa mainettamme luotettavana kumppanina.<\/p>\n<p><img loading=\"lazy\" decoding=\"async\" class=\"alignnone size-full wp-image-6720\" src=\"https:\/\/fmp-components.com\/wp-content\/uploads\/2025\/03\/hydraulic-cylinder-8.webp\" alt=\"Teleskooppiset hydraulisylinterit\" width=\"933\" height=\"526\" title=\"\" srcset=\"https:\/\/fmp-components.com\/wp-content\/uploads\/2025\/03\/hydraulic-cylinder-8.webp 933w, https:\/\/fmp-components.com\/wp-content\/uploads\/2025\/03\/hydraulic-cylinder-8-480x271.webp 480w\" sizes=\"(min-width: 0px) and (max-width: 480px) 480px, (min-width: 481px) 933px, 100vw\" \/><\/p>\n<p>Missiomme on sek\u00e4 yksinkertainen ett\u00e4 kunnianhimoinen: tarjota hydraulisylintereit\u00e4, jotka ylitt\u00e4v\u00e4t odotukset suorituskyvyss\u00e4, kest\u00e4vyydess\u00e4 ja arvossa. Ammattimaisuuden, rehellisyyden ja asiakasl\u00e4ht\u00f6isyyden periaatteiden ohjaamina edist\u00e4mme innovaatio- ja tarkkuuskulttuuria ja jalostamme jatkuvasti tuotteitamme pysy\u00e4ksemme kilpailuedun piiriss\u00e4. Kattavan tuotevalikoimamme ja r\u00e4\u00e4t\u00e4l\u00f6ityjen ratkaisujen tarjoamiskykymme ansiosta olemme ensisijainen valinta yrityksille, jotka etsiv\u00e4t tehokkaita hydraulisylintereit\u00e4.<\/p>\n<p>FMP on enemm\u00e4n kuin vain valmistaja; olemme kumppani menestyksess\u00e4si. Ymm\u00e4rr\u00e4mme, ett\u00e4 asiakkaamme luottavat meihin ty\u00f6kalujen toimittamisessa, jotka parantavat heid\u00e4n tuottavuuttaan ja turvallisuuttaan. Siksi olemme sitoutuneet tarjoamaan paitsi huippuluokan tuotteita, my\u00f6s poikkeuksellista palvelua. Alustavasta konsultoinnista myynnin j\u00e4lkeiseen tukeen teemme tiivist\u00e4 yhteisty\u00f6t\u00e4 asiakkaidemme kanssa varmistaaksemme, ett\u00e4 heid\u00e4n tarpeensa t\u00e4ytet\u00e4\u00e4n ammattitaitoisesti ja huolellisesti. Kilpailukykyiset hintamme yhdistettyn\u00e4 horjumattomaan sitoutumiseemme laatuun tekev\u00e4t FMP:st\u00e4 \u00e4lykk\u00e4\u00e4n valinnan yrityksille, jotka haluavat investoida luotettaviin hydrauliikkaratkaisuihin.<\/p>","protected":false},"excerpt":{"rendered":"<p>Factory Direct Sale 20 Ton 4 Stage Dump Truck Hydraulic Cylinder Introducing our 20 Ton 4 Stage Dump Truck hydraulic cylinder, a factory-direct sale powerhouse of hydraulic technology. This new, standard, multistage hydraulic cylinder is designed for optimum functionality in various environments, including machinery repair shops, farms, energy and mining, machinery manufacturing, and machinery factories. [&hellip;]<\/p>","protected":false},"featured_media":6741,"comment_status":"closed","ping_status":"closed","template":"","meta":{"_et_pb_use_builder":"","_et_pb_old_content":"","_et_gb_content_width":""},"product_brand":[],"product_cat":[103],"product_tag":[34,105],"class_list":{"0":"post-6564","1":"product","2":"type-product","3":"status-publish","4":"has-post-thumbnail","6":"product_cat-telescopic-hydraulic-cylinders","7":"product_tag-hydraulic-cylinder","8":"product_tag-telescopic-hydraulic-cylinders","10":"first","11":"instock","12":"product-type-simple"},"_links":{"self":[{"href":"https:\/\/fmp-components.com\/fi\/wp-json\/wp\/v2\/product\/6564","targetHints":{"allow":["GET"]}}],"collection":[{"href":"https:\/\/fmp-components.com\/fi\/wp-json\/wp\/v2\/product"}],"about":[{"href":"https:\/\/fmp-components.com\/fi\/wp-json\/wp\/v2\/types\/product"}],"replies":[{"embeddable":true,"href":"https:\/\/fmp-components.com\/fi\/wp-json\/wp\/v2\/comments?post=6564"}],"wp:featuredmedia":[{"embeddable":true,"href":"https:\/\/fmp-components.com\/fi\/wp-json\/wp\/v2\/media\/6741"}],"wp:attachment":[{"href":"https:\/\/fmp-components.com\/fi\/wp-json\/wp\/v2\/media?parent=6564"}],"wp:term":[{"taxonomy":"product_brand","embeddable":true,"href":"https:\/\/fmp-components.com\/fi\/wp-json\/wp\/v2\/product_brand?post=6564"},{"taxonomy":"product_cat","embeddable":true,"href":"https:\/\/fmp-components.com\/fi\/wp-json\/wp\/v2\/product_cat?post=6564"},{"taxonomy":"product_tag","embeddable":true,"href":"https:\/\/fmp-components.com\/fi\/wp-json\/wp\/v2\/product_tag?post=6564"}],"curies":[{"name":"wp","href":"https:\/\/api.w.org\/{rel}","templated":true}]}}