{"id":6563,"date":"2025-03-11T06:29:39","date_gmt":"2025-03-11T06:29:39","guid":{"rendered":"https:\/\/fmp-components.com\/product\/quality-manufacturing-4-stage-telescopic-hydraulic-cylinder-for-dump-trailer"},"modified":"2025-03-12T06:21:59","modified_gmt":"2025-03-12T06:21:59","slug":"quality-manufacturing-4-stage-telescopic-hydraulic-cylinder-for-dump-trailer","status":"publish","type":"product","link":"https:\/\/fmp-components.com\/fi\/product\/quality-manufacturing-4-stage-telescopic-hydraulic-cylinder-for-dump-trailer\/","title":{"rendered":"Laadukas nelivaiheinen teleskooppinen hydraulisylinteri kippiper\u00e4vaunuun"},"content":{"rendered":"<h2>Laadukas nelivaiheinen teleskooppinen hydraulisylinteri kippiper\u00e4vaunuun<\/h2>\n<p>4-vaiheinen teleskooppinen hydraulisylinteri on poikkeuksellinen tuote, joka tarjoaa vaikuttavaa toiminnallisuutta ja suorituskyky\u00e4. Se on suunniteltu k\u00e4ytett\u00e4v\u00e4ksi useilla eri teollisuudenaloilla, kuten konepajoissa, maatiloilla, energia- ja kaivosteollisuudessa, konevalmistuksessa ja konetehtaissa.<\/p>\n<h2>Tuotteen tekniset tiedot<\/h2>\n<table style=\"width: 97.0168%; height: 123px;\" border=\"\">\n<tbody>\n<tr>\n<td><b>Rei\u00e4n koko<\/b><\/td>\n<td>2\u20136 tuumaa<\/td>\n<\/tr>\n<tr>\n<td><b>Tangon koko<\/b><\/td>\n<td>1,125\u20134 tuumaa<\/td>\n<\/tr>\n<tr>\n<td><b>Iskun koko<\/b><\/td>\n<td>4\u2013100 tuumaa<\/td>\n<\/tr>\n<tr>\n<td><b>Tapin koko<\/b><\/td>\n<td>0,5\u20132 tuumaa<\/td>\n<\/tr>\n<tr>\n<td><b>Portit<\/b><\/td>\n<td>G\/SAE\/NPT\/M<\/td>\n<\/tr>\n<\/tbody>\n<\/table>\n<h3>Ainutlaatuiset ominaisuudet ja edut<\/h3>\n<ul>\n<li>Energiatehokas<\/li>\n<li>Eritt\u00e4in tehokas<\/li>\n<li>Turvallinen k\u00e4ytt\u00e4\u00e4<\/li>\n<\/ul>\n<h2>Hydraulij\u00e4rjestelm\u00e4n ymm\u00e4rt\u00e4minen<\/h2>\n<p>Hydraulij\u00e4rjestelm\u00e4 toimii nestepaineen perusperiaatteella, joka on sen toimivuuden ja tehokkuuden perusta. Hydraulij\u00e4rjestelm\u00e4ss\u00e4 paineen kohdistaminen mihin tahansa pisteeseen luo voiman, joka v\u00e4littyy hydraulinesteen kautta kaikkiin muihin j\u00e4rjestelm\u00e4n pisteisiin. T\u00e4m\u00e4 ominaisuus mahdollistaa j\u00e4rjestelm\u00e4n suorittamisen monenlaisissa teht\u00e4viss\u00e4 raskaiden kuormien nostamisesta koneiden tarkkoihin liikkeisiin.<\/p>\n<p>Paineen siirtyminen tapahtuu, koska hydraulinesteet ovat kokoonpuristumattomia; kun nesteeseen kohdistetaan voima, sen on liikuttava ja kohdistettava painetta kaikkiin suuntiin. T\u00e4m\u00e4 tarkoittaa, ett\u00e4 pieni sy\u00f6tt\u00f6voima voi johtaa merkitt\u00e4v\u00e4\u00e4n l\u00e4ht\u00f6voimaan, mik\u00e4 tekee hydraulij\u00e4rjestelmist\u00e4 poikkeuksellisen tehokkaita ja tehokkaita. Esimerkiksi kun hydraulipumppu tuottaa painetta, se ty\u00f6nt\u00e4\u00e4 nestett\u00e4 putkien ja letkujen kautta eri komponentteihin, kuten hydraulisylintereihin tai moottoreihin, joissa paine muunnetaan mekaaniseksi liikkeeksi.<\/p>\n<p><img loading=\"lazy\" decoding=\"async\" class=\"alignnone  wp-image-6663\" src=\"https:\/\/fmp-components.com\/wp-content\/uploads\/2025\/03\/telescopic-hydraulic-cylinder-11.webp\" alt=\"teleskooppinen hydraulisylinteri\" width=\"914\" height=\"914\" title=\"\" srcset=\"https:\/\/fmp-components.com\/wp-content\/uploads\/2025\/03\/telescopic-hydraulic-cylinder-11.webp 914w, https:\/\/fmp-components.com\/wp-content\/uploads\/2025\/03\/telescopic-hydraulic-cylinder-11-480x480.webp 480w\" sizes=\"(min-width: 0px) and (max-width: 480px) 480px, (min-width: 481px) 914px, 100vw\" \/><\/p>\n<p>Lis\u00e4ksi hydraulisten j\u00e4rjestelmien yhteenliitetty luonne mahdollistaa useiden komponenttien synkronoinnin, jolloin ne voivat toimia samanaikaisesti ja tehokkaasti. T\u00e4m\u00e4 ominaisuus on erityisen hy\u00f6dyllinen sovelluksissa, jotka vaativat koordinoituja liikkeit\u00e4, kuten rakennuskoneissa, joissa useita toimintoja on suoritettava samanaikaisesti.<\/p>\n<p>Lis\u00e4ksi hydraulij\u00e4rjestelmi\u00e4 on helppo ohjata ja s\u00e4\u00e4t\u00e4\u00e4. K\u00e4sittelem\u00e4ll\u00e4 hydraulinesteen virtausta venttiilien ja pumppujen avulla k\u00e4ytt\u00e4j\u00e4t voivat hienos\u00e4\u00e4t\u00e4\u00e4 j\u00e4rjestelm\u00e4n suorituskyky\u00e4 tiettyjen vaatimusten mukaisesti. T\u00e4m\u00e4 monipuolisuus tekee hydraulij\u00e4rjestelmist\u00e4 sopivia erilaisiin sovelluksiin useilla eri toimialoilla, kuten teollisuudessa, maataloudessa, autoteollisuudessa ja energiateollisuudessa.<\/p>\n<h2>Usein kysytyt kysymykset<\/h2>\n<dl>\n<dt><b>K: Oletko kauppayhti\u00f6 vai valmistaja?<\/b><\/dt>\n<dd>A: Olemme tehdas.<\/dd>\n<dt><b>K: Kuinka pitk\u00e4 on toimitusaikanne?<\/b><\/dt>\n<dd>V: Yleens\u00e4 se kest\u00e4\u00e4 25\u201335 p\u00e4iv\u00e4\u00e4.<\/dd>\n<dt><b>K: Toimitatteko n\u00e4ytteit\u00e4? Onko se ilmaista vai lis\u00e4maksullista?<\/b><\/dt>\n<dd>V: Kyll\u00e4, tarjoamme n\u00e4ytteit\u00e4, mutta ne eiv\u00e4t ole ilmaisia.<\/dd>\n<\/dl>\n<h3>Tietoja FMP:st\u00e4<\/h3>\n<p>FMP on johtava italialainen valmistaja, joka tunnetaan korkealaatuisten hydraulisylintereiden suunnittelusta, kehitt\u00e4misest\u00e4 ja tuotannosta. Vuosikymmenten kokemuksella yhdist\u00e4mme perinteisen italialaisen k\u00e4sity\u00f6taidon edistyneeseen teknologiaan toimittaaksemme erinomaisia \u200b\u200bhydraulisia ratkaisuja, jotka on r\u00e4\u00e4t\u00e4l\u00f6ity globaalin asiakaskuntamme monipuolisiin tarpeisiin. Italiassa, insin\u00f6\u00f6ritaidon huippuosaamisen keskuksessa, sijaitseva FMP on vakiinnuttanut asemansa luotettavana nimen\u00e4 hydrauliikkateollisuudessa ja on omistautunut tarjoamaan luotettavia, kest\u00e4vi\u00e4 ja innovatiivisia tuotteita, jotka voimaannuttavat yrityksi\u00e4 maailmanlaajuisesti.<\/p>\n<p>Yhdist\u00e4mme parhaat edistykselliset valmistusperinteet tulevaisuuteen suuntautuneeseen l\u00e4hestymistapaan. Laajan hydrauliikkaj\u00e4rjestelmien kokemuksemme ansiosta FMP on kehittynyt nykyaikaiseksi yritykseksi, joka on erinomainen tutkimuksessa, suunnittelussa ja tuotannossa. Erikoistumisalaamme kuuluu laaja valikoima hydraulisylintereit\u00e4, kuten kaksitoimisia sylintereit\u00e4, autojen nostosylintereit\u00e4, maatalouskoneiden sylintereit\u00e4 ja r\u00e4\u00e4t\u00e4l\u00f6ityj\u00e4 ratkaisuja erilaisiin teollisiin sovelluksiin. Hydraulisylinterimme on suunniteltu toimimaan haastavimmissakin olosuhteissa, ja ne takaavat turvallisuuden, tehokkuuden ja pitk\u00e4ik\u00e4isyyden eri aloilla, kuten rakentamisessa, teollisuusasennuksissa, maataloudessa ja raskaissa koneissa.<\/p>\n<p>FMP:ll\u00e4 olemme ylpeit\u00e4 huippumoderneista tuotantolaitoksistamme, jotka on varustettu tarkkuuskoneilla ja edistyneill\u00e4 testausj\u00e4rjestelmill\u00e4. Valmistusprosessimme noudattavat tiukkoja kansallisia ja kansainv\u00e4lisi\u00e4 standardeja, mik\u00e4 takaa, ett\u00e4 jokainen tehtaaltamme l\u00e4htev\u00e4 hydraulisylinteri t\u00e4ytt\u00e4\u00e4 korkeimmat laatu- ja luotettavuusvaatimukset. Taitava tekninen tiimimme yhdistettyn\u00e4 huippuluokan laitteisiin mahdollistaa tiukan laadunvalvonnan jokaisessa tuotantovaiheessa \u2013 raaka-aineiden valinnasta lopputarkastukseen. T\u00e4m\u00e4 sitoutuminen erinomaisuuteen on ansainnut meille sertifikaatteja ja tunnustusta alan viranomaisilta, mik\u00e4 vahvistaa mainettamme luotettavana kumppanina.<\/p>\n<p><img loading=\"lazy\" decoding=\"async\" class=\"alignnone size-full wp-image-6720\" src=\"https:\/\/fmp-components.com\/wp-content\/uploads\/2025\/03\/hydraulic-cylinder-8.webp\" alt=\"Teleskooppiset hydraulisylinterit\" width=\"933\" height=\"526\" title=\"\" srcset=\"https:\/\/fmp-components.com\/wp-content\/uploads\/2025\/03\/hydraulic-cylinder-8.webp 933w, https:\/\/fmp-components.com\/wp-content\/uploads\/2025\/03\/hydraulic-cylinder-8-480x271.webp 480w\" sizes=\"(min-width: 0px) and (max-width: 480px) 480px, (min-width: 481px) 933px, 100vw\" \/><\/p>\n<p>Missiomme on sek\u00e4 yksinkertainen ett\u00e4 kunnianhimoinen: tarjota hydraulisylintereit\u00e4, jotka ylitt\u00e4v\u00e4t odotukset suorituskyvyss\u00e4, kest\u00e4vyydess\u00e4 ja arvossa. Ammattimaisuuden, rehellisyyden ja asiakasl\u00e4ht\u00f6isyyden periaatteiden ohjaamina edist\u00e4mme innovaatio- ja tarkkuuskulttuuria ja jalostamme jatkuvasti tuotteitamme pysy\u00e4ksemme kilpailuedun piiriss\u00e4. Kattavan tuotevalikoimamme ja r\u00e4\u00e4t\u00e4l\u00f6ityjen ratkaisujen tarjoamiskykymme ansiosta olemme ensisijainen valinta yrityksille, jotka etsiv\u00e4t tehokkaita hydraulisylintereit\u00e4.<\/p>\n<p>FMP on enemm\u00e4n kuin vain valmistaja; olemme kumppani menestyksess\u00e4si. Ymm\u00e4rr\u00e4mme, ett\u00e4 asiakkaamme luottavat meihin ty\u00f6kalujen toimittamisessa, jotka parantavat heid\u00e4n tuottavuuttaan ja turvallisuuttaan. Siksi olemme sitoutuneet tarjoamaan paitsi huippuluokan tuotteita, my\u00f6s poikkeuksellista palvelua. Alustavasta konsultoinnista myynnin j\u00e4lkeiseen tukeen teemme tiivist\u00e4 yhteisty\u00f6t\u00e4 asiakkaidemme kanssa varmistaaksemme, ett\u00e4 heid\u00e4n tarpeensa t\u00e4ytet\u00e4\u00e4n ammattitaitoisesti ja huolellisesti. Kilpailukykyiset hintamme yhdistettyn\u00e4 horjumattomaan sitoutumiseemme laatuun tekev\u00e4t FMP:st\u00e4 \u00e4lykk\u00e4\u00e4n valinnan yrityksille, jotka haluavat investoida luotettaviin hydrauliikkaratkaisuihin.<\/p>","protected":false},"excerpt":{"rendered":"<p>Quality Manufacturing 4 Stage Telescopic Hydraulic Cylinder for Dump Trailer The 4 Stage Telescopic Hydraulic Cylinder is an exceptional product that offers impressive functionality and performance. It is designed for use in various industries including Machinery Repair Shops, Farms, Energy &amp; Mining, Machinery manufacturing and Machinery Factories. Product Specifications Bore Size 2-6 inch Rod Size [&hellip;]<\/p>","protected":false},"featured_media":6739,"comment_status":"closed","ping_status":"closed","template":"","meta":{"_et_pb_use_builder":"","_et_pb_old_content":"","_et_gb_content_width":""},"product_brand":[],"product_cat":[103],"product_tag":[34,105],"class_list":{"0":"post-6563","1":"product","2":"type-product","3":"status-publish","4":"has-post-thumbnail","6":"product_cat-telescopic-hydraulic-cylinders","7":"product_tag-hydraulic-cylinder","8":"product_tag-telescopic-hydraulic-cylinders","10":"first","11":"instock","12":"product-type-simple"},"_links":{"self":[{"href":"https:\/\/fmp-components.com\/fi\/wp-json\/wp\/v2\/product\/6563","targetHints":{"allow":["GET"]}}],"collection":[{"href":"https:\/\/fmp-components.com\/fi\/wp-json\/wp\/v2\/product"}],"about":[{"href":"https:\/\/fmp-components.com\/fi\/wp-json\/wp\/v2\/types\/product"}],"replies":[{"embeddable":true,"href":"https:\/\/fmp-components.com\/fi\/wp-json\/wp\/v2\/comments?post=6563"}],"wp:featuredmedia":[{"embeddable":true,"href":"https:\/\/fmp-components.com\/fi\/wp-json\/wp\/v2\/media\/6739"}],"wp:attachment":[{"href":"https:\/\/fmp-components.com\/fi\/wp-json\/wp\/v2\/media?parent=6563"}],"wp:term":[{"taxonomy":"product_brand","embeddable":true,"href":"https:\/\/fmp-components.com\/fi\/wp-json\/wp\/v2\/product_brand?post=6563"},{"taxonomy":"product_cat","embeddable":true,"href":"https:\/\/fmp-components.com\/fi\/wp-json\/wp\/v2\/product_cat?post=6563"},{"taxonomy":"product_tag","embeddable":true,"href":"https:\/\/fmp-components.com\/fi\/wp-json\/wp\/v2\/product_tag?post=6563"}],"curies":[{"name":"wp","href":"https:\/\/api.w.org\/{rel}","templated":true}]}}