{"id":6562,"date":"2025-03-11T06:29:39","date_gmt":"2025-03-11T06:29:39","guid":{"rendered":"https:\/\/fmp-components.com\/product\/high-quality-5-stage-flatbed-tow-truck-hydraulic-cylinder"},"modified":"2025-03-12T06:17:04","modified_gmt":"2025-03-12T06:17:04","slug":"high-quality-5-stage-flatbed-tow-truck-hydraulic-cylinder","status":"publish","type":"product","link":"https:\/\/fmp-components.com\/fi\/product\/high-quality-5-stage-flatbed-tow-truck-hydraulic-cylinder\/","title":{"rendered":"Korkealaatuinen 5-vaiheinen lava-hinausauton hydraulisylinteri"},"content":{"rendered":"<h2>Korkealaatuinen 5-vaiheinen lava-hinausauton hydraulisylinteri<\/h2>\n<p>P\u00e4ivit\u00e4 koneesi korkealaatuisella 5-vaiheisella hinausauton hydraulisylinterill\u00e4. T\u00e4m\u00e4 kest\u00e4v\u00e4 ja tehokas hydraulisylinteri on v\u00e4ltt\u00e4m\u00e4t\u00f6n hankinta kaikille konepajoille, maatiloille, energia- ja kaivosteollisuudelle sek\u00e4 konetehtaille.<\/p>\n<h3>Tuotteen toiminta ja merkitys<\/h3>\n<p>Hydraulisylinterill\u00e4 on ratkaiseva rooli nesteenergian muuntamisessa mekaaniseksi energiaksi. T\u00e4m\u00e4 muunnos helpottaa koneenosien liikkumista, mik\u00e4 tekee siit\u00e4 olennaisen komponentin useilla eri teollisuudenaloilla. Huippuluokan valmistuksen ja suunnittelun ansiosta t\u00e4m\u00e4 sylinteri varmistaa optimaalisen suorituskyvyn ja kest\u00e4vyyden.<\/p>\n<h3>Tekniset tiedot<\/h3>\n<table style=\"width: 96.9442%;\" border=\"\">\n<tbody>\n<tr>\n<td style=\"width: 43.5028%;\"><b>Rei\u00e4n koko<\/b><\/td>\n<td style=\"width: 468.927%;\">2\u20136 tuumaa<\/td>\n<\/tr>\n<tr>\n<td style=\"width: 43.5028%;\"><b>Tangon koko<\/b><\/td>\n<td style=\"width: 468.927%;\">1,125\u20134 tuumaa<\/td>\n<\/tr>\n<tr>\n<td style=\"width: 43.5028%;\"><b>Iskun koko<\/b><\/td>\n<td style=\"width: 468.927%;\">4\u2013100 tuumaa<\/td>\n<\/tr>\n<tr>\n<td style=\"width: 43.5028%;\"><b>Tapin koko<\/b><\/td>\n<td style=\"width: 468.927%;\">0,5\u20132 tuumaa<\/td>\n<\/tr>\n<tr>\n<td style=\"width: 43.5028%;\"><b>Portit<\/b><\/td>\n<td style=\"width: 468.927%;\">G\/SAE\/NPT\/M<\/td>\n<\/tr>\n<\/tbody>\n<\/table>\n<h2>Ainutlaatuiset ominaisuudet ja edut<\/h2>\n<ul>\n<li>Energiatehokas: Suunniteltu maksimaaliseen tehontuottoon minimaalisella energiankulutuksella.<\/li>\n<li>Korkea suorituskyky: Tarjoaa suuren ty\u00f6nt\u00f6voiman ja 20 tonnin vetovoiman, mik\u00e4 varmistaa korkean suorituskyvyn vaativissa olosuhteissa.<\/li>\n<li>Turvallinen ja luotettava: Valmistettu kest\u00e4v\u00e4st\u00e4 ter\u00e4ksest\u00e4 ja sertifioitu ISO9001:2000-standardin mukaisesti turvallisuuden ja laadun varmistamiseksi.<\/li>\n<\/ul>\n<h2>Hydraulij\u00e4rjestelmien ymm\u00e4rt\u00e4minen<\/h2>\n<p>Hydraulij\u00e4rjestelm\u00e4 on tekniikka, joka k\u00e4ytt\u00e4\u00e4 paineistettua nestett\u00e4 energian tuottamiseen. Tuotettua energiaa k\u00e4ytet\u00e4\u00e4n sitten erilaisten teht\u00e4vien suorittamiseen, kuten raskaiden kuormien nostamiseen tai koneen osien siirt\u00e4miseen. Hydraulisylinteri on t\u00e4m\u00e4n j\u00e4rjestelm\u00e4n keskeinen osa.<\/p>\n<h2>Hydraulisylinterien k\u00e4ytt\u00f6<\/h2>\n<p>Hydraulisylintereit\u00e4mme k\u00e4ytet\u00e4\u00e4n laajalti konepajoissa, maatiloilla, energia- ja kaivosteollisuudessa sek\u00e4 konetehtaissa. Ne ovat v\u00e4ltt\u00e4m\u00e4tt\u00f6mi\u00e4 n\u00e4iden teollisuudenalojen sujuvalle toiminnalle ja suorituskyvylle.<\/p>\n<p><img loading=\"lazy\" decoding=\"async\" class=\"alignnone  wp-image-6665\" src=\"https:\/\/fmp-components.com\/wp-content\/uploads\/2025\/03\/telescopic-hydraulic-cylinder-9.webp\" alt=\"teleskooppinen hydraulisylinteri\" width=\"912\" height=\"912\" title=\"\" srcset=\"https:\/\/fmp-components.com\/wp-content\/uploads\/2025\/03\/telescopic-hydraulic-cylinder-9.webp 912w, https:\/\/fmp-components.com\/wp-content\/uploads\/2025\/03\/telescopic-hydraulic-cylinder-9-480x480.webp 480w\" sizes=\"(min-width: 0px) and (max-width: 480px) 480px, (min-width: 481px) 912px, 100vw\" \/><\/p>\n<h2>Hydraulisylinterit ja voimayksik\u00f6t<\/h2>\n<p>Hydraulisylinterit ja voimayksik\u00f6t ovat erottamattomia osia hydraulij\u00e4rjestelm\u00e4ss\u00e4. Molemmat toimivat harmonisesti varmistaakseen hydrauliteknologian laajan k\u00e4yt\u00f6n eri teollisuudenaloilla. FMP:ll\u00e4 tarjoamme my\u00f6s voimayksik\u00f6it\u00e4 myyntiin varmistaen, ett\u00e4 hydraulij\u00e4rjestelm\u00e4si toimii optimaalisella suorituskyvyll\u00e4.<\/p>\n<h2>Usein kysytyt kysymykset<\/h2>\n<dl>\n<dt>K: Oletko kauppayhti\u00f6 vai valmistaja?<\/dt>\n<dd>A: Olemme tehdas, joka valmistaa omia tuotteitamme.<\/dd>\n<dt>K: Kuinka pitk\u00e4 toimitusaika on?<\/dt>\n<dd>V: Toimitus kest\u00e4\u00e4 yleens\u00e4 25\u201335 p\u00e4iv\u00e4\u00e4.<\/dd>\n<dt>K: Tarjoatteko n\u00e4ytteit\u00e4? Ovatko ne ilmaisia \u200b\u200bvai ylim\u00e4\u00e4r\u00e4isi\u00e4?<\/dt>\n<dd>V: Kyll\u00e4, tarjoamme n\u00e4ytteit\u00e4, mutta ne eiv\u00e4t ole ilmaisia.<\/dd>\n<\/dl>\n<h3>Tietoja FMP:st\u00e4<\/h3>\n<p>FMP on johtava italialainen valmistaja, joka tunnetaan korkealaatuisten hydraulisylintereiden suunnittelusta, kehitt\u00e4misest\u00e4 ja tuotannosta. Vuosikymmenten kokemuksella yhdist\u00e4mme perinteisen italialaisen k\u00e4sity\u00f6taidon edistyneeseen teknologiaan toimittaaksemme erinomaisia \u200b\u200bhydraulisia ratkaisuja, jotka on r\u00e4\u00e4t\u00e4l\u00f6ity globaalin asiakaskuntamme monipuolisiin tarpeisiin. Italiassa, insin\u00f6\u00f6ritaidon huippuosaamisen keskuksessa, sijaitseva FMP on vakiinnuttanut asemansa luotettavana nimen\u00e4 hydrauliikkateollisuudessa ja on omistautunut tarjoamaan luotettavia, kest\u00e4vi\u00e4 ja innovatiivisia tuotteita, jotka voimaannuttavat yrityksi\u00e4 maailmanlaajuisesti.<\/p>\n<p>Yhdist\u00e4mme parhaat edistykselliset valmistusperinteet tulevaisuuteen suuntautuneeseen l\u00e4hestymistapaan. Laajan hydrauliikkaj\u00e4rjestelmien kokemuksemme ansiosta FMP on kehittynyt nykyaikaiseksi yritykseksi, joka on erinomainen tutkimuksessa, suunnittelussa ja tuotannossa. Erikoistumisalaamme kuuluu laaja valikoima hydraulisylintereit\u00e4, kuten kaksitoimisia sylintereit\u00e4, autojen nostosylintereit\u00e4, maatalouskoneiden sylintereit\u00e4 ja r\u00e4\u00e4t\u00e4l\u00f6ityj\u00e4 ratkaisuja erilaisiin teollisiin sovelluksiin. Hydraulisylinterimme on suunniteltu toimimaan haastavimmissakin olosuhteissa, ja ne takaavat turvallisuuden, tehokkuuden ja pitk\u00e4ik\u00e4isyyden eri aloilla, kuten rakentamisessa, teollisuusasennuksissa, maataloudessa ja raskaissa koneissa.<\/p>\n<p>FMP:ll\u00e4 olemme ylpeit\u00e4 huippumoderneista tuotantolaitoksistamme, jotka on varustettu tarkkuuskoneilla ja edistyneill\u00e4 testausj\u00e4rjestelmill\u00e4. Valmistusprosessimme noudattavat tiukkoja kansallisia ja kansainv\u00e4lisi\u00e4 standardeja, mik\u00e4 takaa, ett\u00e4 jokainen tehtaaltamme l\u00e4htev\u00e4 hydraulisylinteri t\u00e4ytt\u00e4\u00e4 korkeimmat laatu- ja luotettavuusvaatimukset. Taitava tekninen tiimimme yhdistettyn\u00e4 huippuluokan laitteisiin mahdollistaa tiukan laadunvalvonnan jokaisessa tuotantovaiheessa \u2013 raaka-aineiden valinnasta lopputarkastukseen. T\u00e4m\u00e4 sitoutuminen erinomaisuuteen on ansainnut meille sertifikaatteja ja tunnustusta alan viranomaisilta, mik\u00e4 vahvistaa mainettamme luotettavana kumppanina.<\/p>\n<p><img loading=\"lazy\" decoding=\"async\" class=\"alignnone size-full wp-image-6720\" src=\"https:\/\/fmp-components.com\/wp-content\/uploads\/2025\/03\/hydraulic-cylinder-8.webp\" alt=\"Teleskooppiset hydraulisylinterit\" width=\"933\" height=\"526\" title=\"\" srcset=\"https:\/\/fmp-components.com\/wp-content\/uploads\/2025\/03\/hydraulic-cylinder-8.webp 933w, https:\/\/fmp-components.com\/wp-content\/uploads\/2025\/03\/hydraulic-cylinder-8-480x271.webp 480w\" sizes=\"(min-width: 0px) and (max-width: 480px) 480px, (min-width: 481px) 933px, 100vw\" \/><\/p>\n<p>Missiomme on sek\u00e4 yksinkertainen ett\u00e4 kunnianhimoinen: tarjota hydraulisylintereit\u00e4, jotka ylitt\u00e4v\u00e4t odotukset suorituskyvyss\u00e4, kest\u00e4vyydess\u00e4 ja arvossa. Ammattimaisuuden, rehellisyyden ja asiakasl\u00e4ht\u00f6isyyden periaatteiden ohjaamina edist\u00e4mme innovaatio- ja tarkkuuskulttuuria ja jalostamme jatkuvasti tuotteitamme pysy\u00e4ksemme kilpailuedun piiriss\u00e4. Kattavan tuotevalikoimamme ja r\u00e4\u00e4t\u00e4l\u00f6ityjen ratkaisujen tarjoamiskykymme ansiosta olemme ensisijainen valinta yrityksille, jotka etsiv\u00e4t tehokkaita hydraulisylintereit\u00e4.<\/p>\n<p>FMP on enemm\u00e4n kuin vain valmistaja; olemme kumppani menestyksess\u00e4si. Ymm\u00e4rr\u00e4mme, ett\u00e4 asiakkaamme luottavat meihin ty\u00f6kalujen toimittamisessa, jotka parantavat heid\u00e4n tuottavuuttaan ja turvallisuuttaan. Siksi olemme sitoutuneet tarjoamaan paitsi huippuluokan tuotteita, my\u00f6s poikkeuksellista palvelua. Alustavasta konsultoinnista myynnin j\u00e4lkeiseen tukeen teemme tiivist\u00e4 yhteisty\u00f6t\u00e4 asiakkaidemme kanssa varmistaaksemme, ett\u00e4 heid\u00e4n tarpeensa t\u00e4ytet\u00e4\u00e4n ammattitaitoisesti ja huolellisesti. Kilpailukykyiset hintamme yhdistettyn\u00e4 horjumattomaan sitoutumiseemme laatuun tekev\u00e4t FMP:st\u00e4 \u00e4lykk\u00e4\u00e4n valinnan yrityksille, jotka haluavat investoida luotettaviin hydrauliikkaratkaisuihin.<\/p>","protected":false},"excerpt":{"rendered":"<p>High Quality 5 Stage Flatbed Tow Truck Hydraulic Cylinder Upgrade your machinery with the High Quality 5 Stage Flatbed Tow Truck Hydraulic Cylinder. This robust and efficient hydraulic cylinder is a must-have for any machinery repair shops, farms, energy and mining sectors, and machinery factories. Product Function and Importance The Hydraulic Cylinder plays a crucial [&hellip;]<\/p>","protected":false},"featured_media":6737,"comment_status":"closed","ping_status":"closed","template":"","meta":{"_et_pb_use_builder":"","_et_pb_old_content":"","_et_gb_content_width":""},"product_brand":[],"product_cat":[103],"product_tag":[34,105],"class_list":{"0":"post-6562","1":"product","2":"type-product","3":"status-publish","4":"has-post-thumbnail","6":"product_cat-telescopic-hydraulic-cylinders","7":"product_tag-hydraulic-cylinder","8":"product_tag-telescopic-hydraulic-cylinders","10":"first","11":"instock","12":"product-type-simple"},"_links":{"self":[{"href":"https:\/\/fmp-components.com\/fi\/wp-json\/wp\/v2\/product\/6562","targetHints":{"allow":["GET"]}}],"collection":[{"href":"https:\/\/fmp-components.com\/fi\/wp-json\/wp\/v2\/product"}],"about":[{"href":"https:\/\/fmp-components.com\/fi\/wp-json\/wp\/v2\/types\/product"}],"replies":[{"embeddable":true,"href":"https:\/\/fmp-components.com\/fi\/wp-json\/wp\/v2\/comments?post=6562"}],"wp:featuredmedia":[{"embeddable":true,"href":"https:\/\/fmp-components.com\/fi\/wp-json\/wp\/v2\/media\/6737"}],"wp:attachment":[{"href":"https:\/\/fmp-components.com\/fi\/wp-json\/wp\/v2\/media?parent=6562"}],"wp:term":[{"taxonomy":"product_brand","embeddable":true,"href":"https:\/\/fmp-components.com\/fi\/wp-json\/wp\/v2\/product_brand?post=6562"},{"taxonomy":"product_cat","embeddable":true,"href":"https:\/\/fmp-components.com\/fi\/wp-json\/wp\/v2\/product_cat?post=6562"},{"taxonomy":"product_tag","embeddable":true,"href":"https:\/\/fmp-components.com\/fi\/wp-json\/wp\/v2\/product_tag?post=6562"}],"curies":[{"name":"wp","href":"https:\/\/api.w.org\/{rel}","templated":true}]}}