{"id":6557,"date":"2025-03-11T06:29:39","date_gmt":"2025-03-11T06:29:39","guid":{"rendered":"https:\/\/fmp-components.com\/product\/factory-price-telescopic-two-stage-multistage-hydraulic-cylinder-for-sale"},"modified":"2025-03-12T06:06:13","modified_gmt":"2025-03-12T06:06:13","slug":"factory-price-telescopic-two-stage-multistage-hydraulic-cylinder-for-sale","status":"publish","type":"product","link":"https:\/\/fmp-components.com\/fi\/product\/factory-price-telescopic-two-stage-multistage-hydraulic-cylinder-for-sale\/","title":{"rendered":"Tehtaan hintainen teleskooppinen kaksivaiheinen monivaiheinen hydraulisylinteri myyt\u00e4v\u00e4n\u00e4"},"content":{"rendered":"<h2>Tehtaan hintainen teleskooppinen kaksivaiheinen monivaiheinen hydraulisylinteri myyt\u00e4v\u00e4n\u00e4<\/h2>\n<p>Hanki paras tarjous edullisella ja huippulaatuisella teleskooppisella kaksivaiheisella monivaiheisella hydraulisylinterill\u00e4mme. T\u00e4m\u00e4 kest\u00e4v\u00e4 hydraulisylinteri on suunniteltu konepajojen, maatilojen, energia- ja kaivosteollisuuden sek\u00e4 koneenrakennuksen tarpeisiin. Se tarjoaa poikkeuksellisen suorituskyvyn ja varmistaa toimintasi maksimaalisen tehokkuuden.<\/p>\n<h3>T\u00e4rkeimm\u00e4t ominaisuudet ja edut<\/h3>\n<ul>\n<li>Standardoitu suunnittelu ja rakenne<\/li>\n<li>Vaikuttava maksimity\u00f6nt\u00f6voima 3000<\/li>\n<li>Suuri vetokyky, 20 tonnia<\/li>\n<li>Tehokkaat energians\u00e4\u00e4st\u00f6ominaisuudet<\/li>\n<li>Taattu turvallisuus ja luotettavuus ISO9001:2000-sertifioinnilla<\/li>\n<li>Saatavana tyylikk\u00e4\u00e4ss\u00e4 ja ammattimaisessa mustassa v\u00e4riss\u00e4<\/li>\n<\/ul>\n<p><img loading=\"lazy\" decoding=\"async\" class=\"alignnone  wp-image-6664\" src=\"https:\/\/fmp-components.com\/wp-content\/uploads\/2025\/03\/telescopic-hydraulic-cylinder-8.webp\" alt=\"teleskooppinen hydraulisylinteri\" width=\"878\" height=\"878\" title=\"\" srcset=\"https:\/\/fmp-components.com\/wp-content\/uploads\/2025\/03\/telescopic-hydraulic-cylinder-8.webp 878w, https:\/\/fmp-components.com\/wp-content\/uploads\/2025\/03\/telescopic-hydraulic-cylinder-8-480x480.webp 480w\" sizes=\"(min-width: 0px) and (max-width: 480px) 480px, (min-width: 481px) 878px, 100vw\" \/><\/p>\n<h3>Tuotteen tekniset tiedot<\/h3>\n<table style=\"width: 96.4947%;\" border=\"\">\n<tbody>\n<tr>\n<td style=\"width: 42.9379%;\"><i>Rei\u00e4n koko<\/i><\/td>\n<td style=\"width: 455.932%;\">2\u20136 tuumaa<\/td>\n<\/tr>\n<tr>\n<td style=\"width: 42.9379%;\"><i>Tangon koko<\/i><\/td>\n<td style=\"width: 455.932%;\">1,125\u20134 tuumaa<\/td>\n<\/tr>\n<tr>\n<td style=\"width: 42.9379%;\"><i>Iskun koko<\/i><\/td>\n<td style=\"width: 455.932%;\">4\u2013100 tuumaa<\/td>\n<\/tr>\n<tr>\n<td style=\"width: 42.9379%;\"><i>Tapin koko<\/i><\/td>\n<td style=\"width: 455.932%;\">0,5\u20132 tuumaa<\/td>\n<\/tr>\n<tr>\n<td style=\"width: 42.9379%;\"><i>Portit<\/i><\/td>\n<td style=\"width: 455.932%;\">G\/SAE\/NPT\/M<\/td>\n<\/tr>\n<\/tbody>\n<\/table>\n<h2>Hydraulij\u00e4rjestelm\u00e4n ymm\u00e4rt\u00e4minen<\/h2>\n<p>Hydraulisylinterimme toiminta perustuu paine-eroon. Kun hydraulinestett\u00e4 pumpataan sylinteriin, se luo paine-eron sylinterin sis\u00e4puolen ja ymp\u00e4r\u00f6iv\u00e4n ymp\u00e4rist\u00f6n v\u00e4lille. T\u00e4m\u00e4 paine-ero liikuttaa m\u00e4nt\u00e4\u00e4. M\u00e4nn\u00e4n liikkuessa se muuntaa hydraulisen energian mekaaniseksi liikkeeksi, joka sitten siirtyy siihen kytkettyihin koneisiin. T\u00e4m\u00e4 prosessi tuottaa tarvittavan tehon erilaisten laitteiden k\u00e4ytt\u00e4miseen ja merkitt\u00e4v\u00e4\u00e4 voimaa vaativien teht\u00e4vien suorittamiseen, mik\u00e4 varmistaa toiminnan tehokkuuden ja vaikuttavuuden.<\/p>\n<p>Hydraulij\u00e4rjestelmien kyky valjastaa ja k\u00e4sitell\u00e4 nestevoimaa mahdollistaa niiden suorittamisen monenlaisissa teht\u00e4viss\u00e4 raskaiden kuormien nostamisesta monimutkaisten koneiden tarkkoihin liikkeisiin. T\u00e4m\u00e4 perustoimintaperiaate tekee hydraulisylintereist\u00e4 elint\u00e4rkeit\u00e4 komponentteja lukuisissa sovelluksissa eri teollisuudenaloilla.<\/p>\n<h2>Hydraulisylinterin sovellukset<\/h2>\n<p>Monivaiheisen hydraulisylinterimme monipuolisuus mahdollistaa sen k\u00e4yt\u00f6n lukuisilla aloilla, mik\u00e4 tekee siit\u00e4 v\u00e4ltt\u00e4m\u00e4tt\u00f6m\u00e4n ty\u00f6kalun eri teollisuudenaloilla. Konekorjaamoissa se helpottaa raskaiden laitteiden nostamista ja sijoittamista, mik\u00e4 tehostaa huolto- ja korjausteht\u00e4vi\u00e4. Maatiloilla sill\u00e4 on ratkaiseva rooli traktoreiden ja muiden maatalouskoneiden k\u00e4yt\u00f6ss\u00e4, mink\u00e4 ansiosta maanviljelij\u00e4t voivat suorittaa teht\u00e4vi\u00e4, kuten materiaalien nostamista, kallistamista ja kuljettamista, helposti.<\/p>\n<p>Energia- ja kaivosteollisuudessa hydraulisylinteri on korvaamaton ty\u00f6kalu porauksessa, kaivauksessa ja materiaalink\u00e4sittelyss\u00e4, joissa vankka suorituskyky ja luotettavuus ovat ensiarvoisen t\u00e4rkeit\u00e4. Sen rakenne on suunniteltu kest\u00e4m\u00e4\u00e4n raskaita teht\u00e4vi\u00e4, mik\u00e4 varmistaa, ett\u00e4 se kest\u00e4\u00e4 vaativien ymp\u00e4rist\u00f6jen rasitukset turvallisuudesta tai tehokkuudesta tinkim\u00e4tt\u00e4.<\/p>\n<p>Lis\u00e4ksi koneenrakennuksessa hydraulisylinterit ovat olennainen osa kokoonpanolinjoja ja automatisoituja j\u00e4rjestelmi\u00e4, joissa ne lis\u00e4\u00e4v\u00e4t tuotannon tehokkuutta ja toiminnan tehokkuutta. Hydraulisylinteriemme kest\u00e4v\u00e4 rakenne ja luotettava suorituskyky tarjoavat tarvitsemaasi luotettavuutta kriittisiss\u00e4 sovelluksissa, mik\u00e4 tekee niist\u00e4 luotettavan valinnan ammattilaisille eri aloilla.<\/p>\n<h2>Hydraulisylinterit ja voimayksik\u00f6t<\/h2>\n<p>Hydraulisylinterit ja voimayksik\u00f6t ovat erottamattomia osia miss\u00e4 tahansa hydraulij\u00e4rjestelm\u00e4ss\u00e4, ja ne toimivat yhdess\u00e4 varmistaakseen hydrauliteknologian tehokkaan soveltamisen teollisuudessa. Hydraulisylinteri toimii toimilaitteena, joka muuntaa hydraulisen energian mekaaniseksi liikkeeksi muuttamalla nesteen paineen voimaksi. T\u00e4m\u00e4 ominaisuus mahdollistaa sen suorittaa monenlaisia \u200b\u200bteht\u00e4vi\u00e4 nostamisesta ja ty\u00f6nt\u00e4misest\u00e4 puristamiseen ja kallistukseen.<\/p>\n<p>Voimayksik\u00f6t puolestaan \u200b\u200btoimivat hydraulij\u00e4rjestelm\u00e4n energianl\u00e4hteen\u00e4. Ne koostuvat tyypillisesti hydraulipumpusta, moottorista, s\u00e4ili\u00f6st\u00e4 ja s\u00e4\u00e4t\u00f6venttiileist\u00e4, jotka toimivat yhdess\u00e4 yll\u00e4pit\u00e4\u00e4kseen tarvittavaa painetta ja virtausnopeuksia. Hydraulisylinterien ja voimayksik\u00f6iden v\u00e4linen koordinointi on ratkaisevan t\u00e4rke\u00e4\u00e4; se varmistaa koko hydraulij\u00e4rjestelm\u00e4n sujuvan ja tehokkaan toiminnan, tarjoten luotettavaa tehonsy\u00f6tt\u00f6\u00e4 ja ohjausta erilaisille teknisille ja mekaanisille laitteille.<\/p>\n<p>FMP:ll\u00e4 ymm\u00e4rr\u00e4mme t\u00e4m\u00e4n synergian t\u00e4rkeyden ja tarjoamme myyntiin laajan valikoiman voimayksik\u00f6it\u00e4. Tarjoamalla sek\u00e4 hydraulisylintereit\u00e4 ett\u00e4 voimayksik\u00f6it\u00e4 mahdollistamme asiakkaillemme t\u00e4ydelliset hydrauliset ratkaisut, jotka on r\u00e4\u00e4t\u00e4l\u00f6ity heid\u00e4n erityistarpeisiinsa. T\u00e4m\u00e4 kokonaisvaltainen l\u00e4hestymistapa parantaa hydraulij\u00e4rjestelmien suorituskyky\u00e4 ja luotettavuutta tukien laajaa valikoimaa sovelluksia eri toimialoilla.<\/p>\n<p><img loading=\"lazy\" decoding=\"async\" class=\"alignnone  wp-image-6717\" src=\"https:\/\/fmp-components.com\/wp-content\/uploads\/2025\/03\/hydraulic-cylinder-211.webp\" alt=\"Hydraulisylinterit\" width=\"917\" height=\"919\" title=\"\" srcset=\"https:\/\/fmp-components.com\/wp-content\/uploads\/2025\/03\/hydraulic-cylinder-211.webp 917w, https:\/\/fmp-components.com\/wp-content\/uploads\/2025\/03\/hydraulic-cylinder-211-480x481.webp 480w\" sizes=\"(min-width: 0px) and (max-width: 480px) 480px, (min-width: 481px) 917px, 100vw\" \/><\/p>\n<h3>Tietoja FMP:st\u00e4<\/h3>\n<p class=\"break-words\">FMP on johtava italialainen valmistaja, joka on erikoistunut korkealaatuisten hydraulisylintereiden suunnitteluun, kehitt\u00e4miseen ja tuotantoon. Rikkaalla, vuosikymmenten kokemukseen perustuvalla perinn\u00f6ll\u00e4mme yhdist\u00e4mme ylpe\u00e4n\u00e4 italialaisen k\u00e4sity\u00f6taidon huipputeknologiaan toimittaaksemme poikkeuksellisia hydraulisia ratkaisuja, jotka on r\u00e4\u00e4t\u00e4l\u00f6ity vastaamaan maailmanlaajuisen asiakaskuntamme monipuolisiin tarpeisiin. Italiassa, insin\u00f6\u00f6ritaidon huippuosaamisen keskuksessa, sijaitseva FMP on luotettava nimi hydrauliikkateollisuudessa ja sitoutunut tarjoamaan luotettavia, kest\u00e4vi\u00e4 ja innovatiivisia tuotteita, jotka voimaannuttavat yrityksi\u00e4 maailmanlaajuisesti.<\/p>\n<p class=\"break-words\">Yrityksemme yhdist\u00e4\u00e4 parhaat edistykselliset valmistusperinteet tulevaisuuteen suuntautuneeseen l\u00e4hestymistapaan. Vuosien kokemuksella hydrauliikkaj\u00e4rjestelmist\u00e4 FMP on kehittynyt nykyaikaiseksi yritykseksi, joka erottuu edukseen tutkimuksessa, suunnittelussa ja tuotannossa. Olemme erikoistuneet laajaan valikoimaan hydraulisylintereit\u00e4, mukaan lukien kaksitoimiset sylinterit, autojen nostosylinterit, maatalouskoneiden sylinterit ja r\u00e4\u00e4t\u00e4l\u00f6idyt ratkaisut erilaisiin teollisiin sovelluksiin. Olipa kyseess\u00e4 sitten rakentaminen, teollisuusasennukset, maatalous tai raskaskoneet, hydraulisylinterimme on rakennettu toimimaan vaativimmissakin olosuhteissa varmistaen turvallisuuden, tehokkuuden ja pitk\u00e4n k\u00e4ytt\u00f6i\u00e4n.<\/p>\n<p><img loading=\"lazy\" decoding=\"async\" class=\"alignnone size-full wp-image-6720\" src=\"https:\/\/fmp-components.com\/wp-content\/uploads\/2025\/03\/hydraulic-cylinder-8.webp\" alt=\"Teleskooppiset hydraulisylinterit\" width=\"933\" height=\"526\" title=\"\" srcset=\"https:\/\/fmp-components.com\/wp-content\/uploads\/2025\/03\/hydraulic-cylinder-8.webp 933w, https:\/\/fmp-components.com\/wp-content\/uploads\/2025\/03\/hydraulic-cylinder-8-480x271.webp 480w\" sizes=\"(min-width: 0px) and (max-width: 480px) 480px, (min-width: 481px) 933px, 100vw\" \/><\/p>\n<p class=\"break-words\">FMP:ll\u00e4 olemme ylpeit\u00e4 huippumoderneista tuotantolaitoksistamme, jotka on varustettu tarkkuuskoneilla ja edistyneill\u00e4 testausj\u00e4rjestelmill\u00e4. Valmistusprosessimme noudattavat tiukkoja kansallisia ja kansainv\u00e4lisi\u00e4 standardeja, mik\u00e4 varmistaa, ett\u00e4 jokainen tehtaaltamme l\u00e4htev\u00e4 hydraulisylinteri on eritt\u00e4in laadukas ja luotettava. Taitava tekninen tiimimme ja huippuluokan laitteet mahdollistavat tiukan laadunvalvonnan tuotannon jokaisessa vaiheessa \u2013 raaka-aineiden valinnasta lopputarkastukseen. T\u00e4m\u00e4 omistautuminen erinomaisuuteen on ansainnut meille sertifikaatteja ja tunnustusta alan viranomaisilta, mik\u00e4 on vahvistanut mainettamme luotettavana kumppanina.<\/p>\n<p class=\"break-words\">Missiomme on yksinkertainen mutta kunnianhimoinen: tarjota asiakkaillemme hydraulisylintereit\u00e4, jotka ylitt\u00e4v\u00e4t odotukset suorituskyvyss\u00e4, kest\u00e4vyydess\u00e4 ja arvossa. Toimimme ammattitaidon, rehellisyyden ja asiakasl\u00e4ht\u00f6isyyden ohjaamilla periaatteilla. Edist\u00e4m\u00e4ll\u00e4 innovaatio- ja tarkkuuskulttuuria ja jalostamme jatkuvasti tuotteitamme pysy\u00e4ksemme kilpailuedulla. Kattava tuotevalikoimamme ja kykymme tarjota r\u00e4\u00e4t\u00e4l\u00f6ityj\u00e4 ratkaisuja tekev\u00e4t meist\u00e4 ensisijaisen valinnan yrityksille, jotka etsiv\u00e4t tehokkaita hydraulisylintereit\u00e4.<\/p>\n<p class=\"break-words\">FMP on enemm\u00e4n kuin vain valmistaja \u2013 olemme kumppani menestyksess\u00e4si. Ymm\u00e4rr\u00e4mme, ett\u00e4 asiakkaamme luottavat meihin ty\u00f6kalujen toimittamisessa, jotka parantavat heid\u00e4n tuottavuuttaan ja turvallisuuttaan. Siksi olemme sitoutuneet tarjoamaan paitsi huippuluokan tuotteita my\u00f6s poikkeuksellista palvelua. Alustavasta konsultoinnista myynnin j\u00e4lkeiseen tukeen teemme tiivist\u00e4 yhteisty\u00f6t\u00e4 asiakkaidemme kanssa varmistaaksemme, ett\u00e4 heid\u00e4n tarpeensa t\u00e4ytet\u00e4\u00e4n ammattitaitoisesti ja huolellisesti. Kilpailukykyiset hintamme yhdistettyn\u00e4 horjumattomaan sitoutumiseemme laatuun tekev\u00e4t FMP:st\u00e4 \u00e4lykk\u00e4\u00e4n valinnan yrityksille, jotka haluavat investoida luotettaviin hydrauliikkaratkaisuihin.<\/p>","protected":false},"excerpt":{"rendered":"<p>Factory Price Telescopic Two Stage Multistage Hydraulic Cylinder for Sale Get the best deal with our affordable, top-quality Telescopic Two Stage Multistage Hydraulic Cylinder. This robust hydraulic cylinder is designed with the needs of machinery repair shops, farms, energy and mining industries, and machinery manufacturing in mind. It delivers exceptional performance, ensuring maximum efficiency in [&hellip;]<\/p>","protected":false},"featured_media":6732,"comment_status":"closed","ping_status":"closed","template":"","meta":{"_et_pb_use_builder":"","_et_pb_old_content":"","_et_gb_content_width":""},"product_brand":[],"product_cat":[103],"product_tag":[34,105],"class_list":{"0":"post-6557","1":"product","2":"type-product","3":"status-publish","4":"has-post-thumbnail","6":"product_cat-telescopic-hydraulic-cylinders","7":"product_tag-hydraulic-cylinder","8":"product_tag-telescopic-hydraulic-cylinders","10":"first","11":"instock","12":"product-type-simple"},"_links":{"self":[{"href":"https:\/\/fmp-components.com\/fi\/wp-json\/wp\/v2\/product\/6557","targetHints":{"allow":["GET"]}}],"collection":[{"href":"https:\/\/fmp-components.com\/fi\/wp-json\/wp\/v2\/product"}],"about":[{"href":"https:\/\/fmp-components.com\/fi\/wp-json\/wp\/v2\/types\/product"}],"replies":[{"embeddable":true,"href":"https:\/\/fmp-components.com\/fi\/wp-json\/wp\/v2\/comments?post=6557"}],"wp:featuredmedia":[{"embeddable":true,"href":"https:\/\/fmp-components.com\/fi\/wp-json\/wp\/v2\/media\/6732"}],"wp:attachment":[{"href":"https:\/\/fmp-components.com\/fi\/wp-json\/wp\/v2\/media?parent=6557"}],"wp:term":[{"taxonomy":"product_brand","embeddable":true,"href":"https:\/\/fmp-components.com\/fi\/wp-json\/wp\/v2\/product_brand?post=6557"},{"taxonomy":"product_cat","embeddable":true,"href":"https:\/\/fmp-components.com\/fi\/wp-json\/wp\/v2\/product_cat?post=6557"},{"taxonomy":"product_tag","embeddable":true,"href":"https:\/\/fmp-components.com\/fi\/wp-json\/wp\/v2\/product_tag?post=6557"}],"curies":[{"name":"wp","href":"https:\/\/api.w.org\/{rel}","templated":true}]}}