{"id":6556,"date":"2025-03-11T06:29:39","date_gmt":"2025-03-11T06:29:39","guid":{"rendered":"https:\/\/fmp-components.com\/product\/factory-direct-sale-telescopic-double-acting-dump-truck-hydraulic-cylinder"},"modified":"2025-03-12T06:02:22","modified_gmt":"2025-03-12T06:02:22","slug":"factory-direct-sale-telescopic-double-acting-dump-truck-hydraulic-cylinder","status":"publish","type":"product","link":"https:\/\/fmp-components.com\/fi\/product\/factory-direct-sale-telescopic-double-acting-dump-truck-hydraulic-cylinder\/","title":{"rendered":"Tehtaan suoramyynti Teleskooppinen kaksitoiminen kippiauton hydraulisylinteri"},"content":{"rendered":"<h2>Tehtaan suoramyynti Teleskooppinen kaksitoiminen kippiauton hydraulisylinteri<\/h2>\n<p>Esittelyss\u00e4 teleskooppinen kaksitoiminen kippiauton hydraulisylinteri, tehtaalta suoraan myyt\u00e4v\u00e4 tuote. T\u00e4m\u00e4 hydraulisylinteri on olennainen osa useilla eri teollisuudenaloilla, kuten konepajoilla, maatiloilla, energia- ja kaivosteollisuudessa, konevalmistuksessa ja konetehtaissa. Se on monivaiheinen hydraulisylinteri, jonka suurin vetovoima on 20 tonnia ja suurin ty\u00f6nt\u00f6voima 3000.<\/p>\n<h3>Hydraulisylinterin toiminnot ja merkitys<\/h3>\n<p>T\u00e4ll\u00e4 hydraulisylinterill\u00e4 on ratkaiseva rooli hydraulisen energian muuntamisessa mekaaniseksi energiaksi ja paineen voimaksi. Sen vakiorakenne ja korkealaatuinen ter\u00e4srunko parantavat sen kest\u00e4vyytt\u00e4 tehden siit\u00e4 luotettavan ja tehokkaan valinnan raskaiden koneiden k\u00e4ytt\u00f6\u00f6n.<\/p>\n<h3>Tuotteen tekniset tiedot<\/h3>\n<p>Hydraulisylinterin sis\u00e4halkaisija on 2\u20136 tuumaa, varren koko 1,125\u20134 tuumaa, iskunpituus 4\u2013100 tuumaa ja tapin koko 0,5\u20132 tuumaa. Sylinteri on musta ja sill\u00e4 on yhden vuoden takuu. Se on ISO9001:2000-sertifioitu, mik\u00e4 takaa sen korkean laadun ja luotettavuuden.<\/p>\n<table style=\"width: 97.3625%;\" border=\"\">\n<tbody>\n<tr>\n<td style=\"width: 42.9379%;\"><i>Rei\u00e4n koko<\/i><\/td>\n<td style=\"width: 460.452%;\">2\u20136 tuumaa<\/td>\n<\/tr>\n<tr>\n<td style=\"width: 42.9379%;\"><i>Tangon koko<\/i><\/td>\n<td style=\"width: 460.452%;\">1,125\u20134 tuumaa<\/td>\n<\/tr>\n<tr>\n<td style=\"width: 42.9379%;\"><i>Iskun koko<\/i><\/td>\n<td style=\"width: 460.452%;\">4\u2013100 tuumaa<\/td>\n<\/tr>\n<tr>\n<td style=\"width: 42.9379%;\"><i>Tapin koko<\/i><\/td>\n<td style=\"width: 460.452%;\">0,5\u20132 tuumaa<\/td>\n<\/tr>\n<tr>\n<td style=\"width: 42.9379%;\"><i>Portit<\/i><\/td>\n<td style=\"width: 460.452%;\">G\/SAE\/NPT\/M<\/td>\n<\/tr>\n<\/tbody>\n<\/table>\n<h2>Tuotteen ainutlaatuiset ominaisuudet ja edut<\/h2>\n<ul>\n<li>Energiatehokas: Hydraulisen tehonsa ja vakiorakenteensa ansiosta se s\u00e4\u00e4st\u00e4\u00e4 energiaa ja tarjoaa samalla optimaalisen suorituskyvyn.<\/li>\n<li>Eritt\u00e4in tehokas: Monivaiheinen hydraulisylinteri varmistaa korkean tehokkuuden toiminnassa.<\/li>\n<li>Turvallisuus: Sylinteri on suunniteltu turvallisuus mieless\u00e4 pit\u00e4en, mik\u00e4 v\u00e4hent\u00e4\u00e4 onnettomuusriski\u00e4 k\u00e4yt\u00f6n aikana.<\/li>\n<\/ul>\n<p><img loading=\"lazy\" decoding=\"async\" class=\"alignnone  wp-image-6665\" src=\"https:\/\/fmp-components.com\/wp-content\/uploads\/2025\/03\/telescopic-hydraulic-cylinder-9.webp\" alt=\"teleskooppinen hydraulisylinteri\" width=\"901\" height=\"901\" title=\"\" srcset=\"https:\/\/fmp-components.com\/wp-content\/uploads\/2025\/03\/telescopic-hydraulic-cylinder-9.webp 901w, https:\/\/fmp-components.com\/wp-content\/uploads\/2025\/03\/telescopic-hydraulic-cylinder-9-480x480.webp 480w\" sizes=\"(min-width: 0px) and (max-width: 480px) 480px, (min-width: 481px) 901px, 100vw\" \/><\/p>\n<h2>Toimintaperiaate ja sovellukset<\/h2>\n<p>Hydraulisylinteri toimii hydraulisen voiman periaatteella, jossa nesteen painetta k\u00e4ytet\u00e4\u00e4n voiman ja liikkeen tuottamiseen. T\u00e4t\u00e4 hydraulisylinteri\u00e4 k\u00e4ytet\u00e4\u00e4n laajalti eri aloilla, kuten konepajoissa, maatiloilla, energia- ja kaivosteollisuudessa sek\u00e4 konetehtaissa sen kest\u00e4vyyden ja luotettavuuden ansiosta.<\/p>\n<h2>Hydraulisylinterit ja voimayksik\u00f6t<\/h2>\n<p>Hydraulisylinterit ja voimayksik\u00f6t ovat hydraulisten j\u00e4rjestelmien v\u00e4ltt\u00e4m\u00e4tt\u00f6mi\u00e4 osia. Niiden synergistiset toiminnot varmistavat hydrauliteknologian laajan k\u00e4yt\u00f6n teollisuudessa, tarjoten luotettavaa teho- ja ohjaustukea erilaisille teknisille ja mekaanisille laitteille. FMP tarjoaa my\u00f6s voimayksik\u00f6it\u00e4 myyntiin.<\/p>\n<h2>Usein kysytyt kysymykset<\/h2>\n<dl>\n<dt><b>K: Kuinka pitk\u00e4 on hydraulisylinterin takuu?<\/b><\/dt>\n<dd>A: Hydraulisylinterin takuu on yksi vuosi.<\/dd>\n<dt><b>K: Mik\u00e4 on hydraulisylinterin suurin ty\u00f6nt\u00f6voima?<\/b><\/dt>\n<dd>A: Hydraulisylinterin suurin ty\u00f6nt\u00f6voima on 3000.<\/dd>\n<dt><b>K: Onko hydraulisylinteri ISO-sertifioitu?<\/b><\/dt>\n<dd>V: Kyll\u00e4, hydraulisylinteri on ISO9001:2000-sertifioitu.<\/dd>\n<\/dl>\n<h3>Tietoja FMP:st\u00e4<\/h3>\n<p class=\"break-words\">FMP on johtava italialainen valmistaja, joka on erikoistunut korkealaatuisten hydraulisylintereiden suunnitteluun, kehitt\u00e4miseen ja tuotantoon. Rikkaalla, vuosikymmenten kokemukseen perustuvalla perinn\u00f6ll\u00e4mme yhdist\u00e4mme ylpe\u00e4n\u00e4 italialaisen k\u00e4sity\u00f6taidon huipputeknologiaan toimittaaksemme poikkeuksellisia hydraulisia ratkaisuja, jotka on r\u00e4\u00e4t\u00e4l\u00f6ity vastaamaan maailmanlaajuisen asiakaskuntamme monipuolisiin tarpeisiin. Italiassa, insin\u00f6\u00f6ritaidon huippuosaamisen keskuksessa, sijaitseva FMP on luotettava nimi hydrauliikkateollisuudessa ja sitoutunut tarjoamaan luotettavia, kest\u00e4vi\u00e4 ja innovatiivisia tuotteita, jotka voimaannuttavat yrityksi\u00e4 maailmanlaajuisesti.<\/p>\n<p class=\"break-words\">Yrityksemme yhdist\u00e4\u00e4 parhaat edistykselliset valmistusperinteet tulevaisuuteen suuntautuneeseen l\u00e4hestymistapaan. Vuosien kokemuksella hydrauliikkaj\u00e4rjestelmist\u00e4 FMP on kehittynyt nykyaikaiseksi yritykseksi, joka erottuu edukseen tutkimuksessa, suunnittelussa ja tuotannossa. Olemme erikoistuneet laajaan valikoimaan hydraulisylintereit\u00e4, mukaan lukien kaksitoimiset sylinterit, autojen nostosylinterit, maatalouskoneiden sylinterit ja r\u00e4\u00e4t\u00e4l\u00f6idyt ratkaisut erilaisiin teollisiin sovelluksiin. Olipa kyseess\u00e4 sitten rakentaminen, teollisuusasennukset, maatalous tai raskaskoneet, hydraulisylinterimme on rakennettu toimimaan vaativimmissakin olosuhteissa varmistaen turvallisuuden, tehokkuuden ja pitk\u00e4n k\u00e4ytt\u00f6i\u00e4n.<\/p>\n<p><img loading=\"lazy\" decoding=\"async\" class=\"alignnone size-full wp-image-6720\" src=\"https:\/\/fmp-components.com\/wp-content\/uploads\/2025\/03\/hydraulic-cylinder-8.webp\" alt=\"Teleskooppiset hydraulisylinterit\" width=\"933\" height=\"526\" title=\"\" srcset=\"https:\/\/fmp-components.com\/wp-content\/uploads\/2025\/03\/hydraulic-cylinder-8.webp 933w, https:\/\/fmp-components.com\/wp-content\/uploads\/2025\/03\/hydraulic-cylinder-8-480x271.webp 480w\" sizes=\"(min-width: 0px) and (max-width: 480px) 480px, (min-width: 481px) 933px, 100vw\" \/><\/p>\n<p class=\"break-words\">FMP:ll\u00e4 olemme ylpeit\u00e4 huippumoderneista tuotantolaitoksistamme, jotka on varustettu tarkkuuskoneilla ja edistyneill\u00e4 testausj\u00e4rjestelmill\u00e4. Valmistusprosessimme noudattavat tiukkoja kansallisia ja kansainv\u00e4lisi\u00e4 standardeja, mik\u00e4 varmistaa, ett\u00e4 jokainen tehtaaltamme l\u00e4htev\u00e4 hydraulisylinteri on eritt\u00e4in laadukas ja luotettava. Taitava tekninen tiimimme ja huippuluokan laitteet mahdollistavat tiukan laadunvalvonnan tuotannon jokaisessa vaiheessa \u2013 raaka-aineiden valinnasta lopputarkastukseen. T\u00e4m\u00e4 omistautuminen erinomaisuuteen on ansainnut meille sertifikaatteja ja tunnustusta alan viranomaisilta, mik\u00e4 on vahvistanut mainettamme luotettavana kumppanina.<\/p>\n<p class=\"break-words\">Missiomme on yksinkertainen mutta kunnianhimoinen: tarjota asiakkaillemme hydraulisylintereit\u00e4, jotka ylitt\u00e4v\u00e4t odotukset suorituskyvyss\u00e4, kest\u00e4vyydess\u00e4 ja arvossa. Toimimme ammattitaidon, rehellisyyden ja asiakasl\u00e4ht\u00f6isyyden ohjaamilla periaatteilla. Edist\u00e4m\u00e4ll\u00e4 innovaatio- ja tarkkuuskulttuuria ja jalostamme jatkuvasti tuotteitamme pysy\u00e4ksemme kilpailuedulla. Kattava tuotevalikoimamme ja kykymme tarjota r\u00e4\u00e4t\u00e4l\u00f6ityj\u00e4 ratkaisuja tekev\u00e4t meist\u00e4 ensisijaisen valinnan yrityksille, jotka etsiv\u00e4t tehokkaita hydraulisylintereit\u00e4.<\/p>\n<p class=\"break-words\">FMP on enemm\u00e4n kuin vain valmistaja \u2013 olemme kumppani menestyksess\u00e4si. Ymm\u00e4rr\u00e4mme, ett\u00e4 asiakkaamme luottavat meihin ty\u00f6kalujen toimittamisessa, jotka parantavat heid\u00e4n tuottavuuttaan ja turvallisuuttaan. Siksi olemme sitoutuneet tarjoamaan paitsi huippuluokan tuotteita my\u00f6s poikkeuksellista palvelua. Alustavasta konsultoinnista myynnin j\u00e4lkeiseen tukeen teemme tiivist\u00e4 yhteisty\u00f6t\u00e4 asiakkaidemme kanssa varmistaaksemme, ett\u00e4 heid\u00e4n tarpeensa t\u00e4ytet\u00e4\u00e4n ammattitaitoisesti ja huolellisesti. Kilpailukykyiset hintamme yhdistettyn\u00e4 horjumattomaan sitoutumiseemme laatuun tekev\u00e4t FMP:st\u00e4 \u00e4lykk\u00e4\u00e4n valinnan yrityksille, jotka haluavat investoida luotettaviin hydrauliikkaratkaisuihin.<\/p>","protected":false},"excerpt":{"rendered":"<p>Factory Direct Sale Telescopic Double Acting Dump Truck Hydraulic Cylinder Presenting the Telescopic Double Acting Dump Truck hydraulic cylinder, a factory direct sale product. This hydraulic cylinder is an essential component for various industries such as machinery repair shops, farms, energy &amp; mining, machinery manufacturing, and machinery factories. It is a multi-stage hydraulic cylinder with [&hellip;]<\/p>","protected":false},"featured_media":6731,"comment_status":"closed","ping_status":"closed","template":"","meta":{"_et_pb_use_builder":"","_et_pb_old_content":"","_et_gb_content_width":""},"product_brand":[],"product_cat":[103],"product_tag":[34,105],"class_list":{"0":"post-6556","1":"product","2":"type-product","3":"status-publish","4":"has-post-thumbnail","6":"product_cat-telescopic-hydraulic-cylinders","7":"product_tag-hydraulic-cylinder","8":"product_tag-telescopic-hydraulic-cylinders","10":"first","11":"instock","12":"product-type-simple"},"_links":{"self":[{"href":"https:\/\/fmp-components.com\/fi\/wp-json\/wp\/v2\/product\/6556","targetHints":{"allow":["GET"]}}],"collection":[{"href":"https:\/\/fmp-components.com\/fi\/wp-json\/wp\/v2\/product"}],"about":[{"href":"https:\/\/fmp-components.com\/fi\/wp-json\/wp\/v2\/types\/product"}],"replies":[{"embeddable":true,"href":"https:\/\/fmp-components.com\/fi\/wp-json\/wp\/v2\/comments?post=6556"}],"wp:featuredmedia":[{"embeddable":true,"href":"https:\/\/fmp-components.com\/fi\/wp-json\/wp\/v2\/media\/6731"}],"wp:attachment":[{"href":"https:\/\/fmp-components.com\/fi\/wp-json\/wp\/v2\/media?parent=6556"}],"wp:term":[{"taxonomy":"product_brand","embeddable":true,"href":"https:\/\/fmp-components.com\/fi\/wp-json\/wp\/v2\/product_brand?post=6556"},{"taxonomy":"product_cat","embeddable":true,"href":"https:\/\/fmp-components.com\/fi\/wp-json\/wp\/v2\/product_cat?post=6556"},{"taxonomy":"product_tag","embeddable":true,"href":"https:\/\/fmp-components.com\/fi\/wp-json\/wp\/v2\/product_tag?post=6556"}],"curies":[{"name":"wp","href":"https:\/\/api.w.org\/{rel}","templated":true}]}}