{"id":6553,"date":"2025-03-11T06:29:39","date_gmt":"2025-03-11T06:29:39","guid":{"rendered":"https:\/\/fmp-components.com\/product\/factory-price-multi-stage-trailer-hydraulic-cylinder"},"modified":"2025-03-12T06:40:42","modified_gmt":"2025-03-12T06:40:42","slug":"factory-price-multi-stage-trailer-hydraulic-cylinder","status":"publish","type":"product","link":"https:\/\/fmp-components.com\/fi\/product\/factory-price-multi-stage-trailer-hydraulic-cylinder\/","title":{"rendered":"Tehtaan hintainen monivaiheinen per\u00e4vaunun hydraulisylinteri"},"content":{"rendered":"<h2>Tehtaan hintainen monivaiheinen per\u00e4vaunun hydraulisylinteri<\/h2>\n<p>Tehdashintainen monivaiheinen per\u00e4vaunun hydraulisylinterimme on v\u00e4ltt\u00e4m\u00e4t\u00f6n hankinta koneillesi. T\u00e4m\u00e4 monipuolinen hydraulisylinteri tarjoaa useita ominaisuuksia, jotka tekev\u00e4t siit\u00e4 olennaisen osan laitteitasi.<\/p>\n<p><img loading=\"lazy\" decoding=\"async\" class=\"alignnone  wp-image-6664\" src=\"https:\/\/fmp-components.com\/wp-content\/uploads\/2025\/03\/telescopic-hydraulic-cylinder-8.webp\" alt=\"teleskooppinen hydraulisylinteri\" width=\"906\" height=\"906\" title=\"\" srcset=\"https:\/\/fmp-components.com\/wp-content\/uploads\/2025\/03\/telescopic-hydraulic-cylinder-8.webp 906w, https:\/\/fmp-components.com\/wp-content\/uploads\/2025\/03\/telescopic-hydraulic-cylinder-8-480x480.webp 480w\" sizes=\"(min-width: 0px) and (max-width: 480px) 480px, (min-width: 481px) 906px, 100vw\" \/><\/p>\n<h3>Tuotteen ominaisuudet ja toiminnallisuus<\/h3>\n<p>Monivaiheinen hydraulisylinterimme on suunniteltu tarjoamaan luotettavaa ja tehokasta suorituskyky\u00e4. T\u00e4m\u00e4 hydraulisylinteri on vakiomalli, jossa on m\u00e4nt\u00e4rakenne ja hydraulinen voimanl\u00e4hde. Se on valmistettu kest\u00e4v\u00e4st\u00e4 ter\u00e4ksest\u00e4, mik\u00e4 takaa pitk\u00e4n k\u00e4ytt\u00f6i\u00e4n. Maksimaalisen ty\u00f6nt\u00f6voiman 3000 tonnia ja maksimivetovahvuuden 20 tonnia ansiosta se pystyy k\u00e4sittelem\u00e4\u00e4n raskaita teht\u00e4vi\u00e4 helposti.<\/p>\n<h3>Tekniset tiedot<\/h3>\n<table style=\"width: 93.759%;\" border=\"\">\n<tbody>\n<tr>\n<td style=\"width: 43.5028%;\"><strong>Rei\u00e4n koko<\/strong><\/td>\n<td style=\"width: 451.977%;\">2\u20136 tuumaa<\/td>\n<\/tr>\n<tr>\n<td style=\"width: 43.5028%;\"><strong>Tangon koko<\/strong><\/td>\n<td style=\"width: 451.977%;\">1,125\u20134 tuumaa<\/td>\n<\/tr>\n<tr>\n<td style=\"width: 43.5028%;\"><strong>Iskun koko<\/strong><\/td>\n<td style=\"width: 451.977%;\">4\u2013100 tuumaa<\/td>\n<\/tr>\n<tr>\n<td style=\"width: 43.5028%;\"><strong>Tapin koko<\/strong><\/td>\n<td style=\"width: 451.977%;\">0,5\u20132 tuumaa<\/td>\n<\/tr>\n<tr>\n<td style=\"width: 43.5028%;\"><strong>Portit<\/strong><\/td>\n<td style=\"width: 451.977%;\">G\/SAE\/NPT\/M<\/td>\n<\/tr>\n<\/tbody>\n<\/table>\n<h2>Ainutlaatuiset edut<\/h2>\n<ul>\n<li>Energiatehokas<\/li>\n<li>Eritt\u00e4in tehokas<\/li>\n<li>Turvallinen ja luotettava<\/li>\n<\/ul>\n<h2>Hydraulij\u00e4rjestelm\u00e4 ja toimintaperiaate<\/h2>\n<p>Monivaiheinen hydraulisylinteri toimii periaatteella, jossa hydraulinen energia muunnetaan mekaaniseksi liikkeeksi, mik\u00e4 tehokkaasti muuttaa paineen voimaksi. T\u00e4m\u00e4 prosessi alkaa, kun voimayksikk\u00f6 paineistaa hydraulinestett\u00e4 ja ohjaa sen sylinteriin. Kun neste saapuu sis\u00e4\u00e4n, se kohdistaa voimaa sylinterin sis\u00e4ll\u00e4 olevaan m\u00e4nt\u00e4\u00e4n, jolloin se liikkuu. Monivaiheinen rakenne mahdollistaa voiman ja iskunpituuden merkitt\u00e4v\u00e4n vahvistamisen, mik\u00e4 tekee siit\u00e4 ihanteellisen sovelluksiin, jotka vaativat tarkkoja ja tehokkaita liikkeit\u00e4. K\u00e4ytt\u00e4m\u00e4ll\u00e4 useita vaiheita n\u00e4m\u00e4 sylinterit voivat saavuttaa suuremman jatkeen ja supistuman, mik\u00e4 parantaa niiden toimivuutta ja monipuolisuutta erilaisissa teht\u00e4viss\u00e4.<\/p>\n<p><img loading=\"lazy\" decoding=\"async\" class=\"alignnone  wp-image-6665\" src=\"https:\/\/fmp-components.com\/wp-content\/uploads\/2025\/03\/telescopic-hydraulic-cylinder-9.webp\" alt=\"teleskooppinen hydraulisylinteri\" width=\"919\" height=\"919\" title=\"\" srcset=\"https:\/\/fmp-components.com\/wp-content\/uploads\/2025\/03\/telescopic-hydraulic-cylinder-9.webp 919w, https:\/\/fmp-components.com\/wp-content\/uploads\/2025\/03\/telescopic-hydraulic-cylinder-9-480x480.webp 480w\" sizes=\"(min-width: 0px) and (max-width: 480px) 480px, (min-width: 481px) 919px, 100vw\" \/><\/p>\n<h2>Sovellusskenaariot<\/h2>\n<p>Hydraulisylintereit\u00e4mme k\u00e4ytet\u00e4\u00e4n laajasti useilla eri teollisuudenaloilla, mukaan lukien:<\/p>\n<ul>\n<li><strong>Konekorjaamot:<\/strong> T\u00e4\u00e4ll\u00e4 ne ovat v\u00e4ltt\u00e4m\u00e4tt\u00f6mi\u00e4 raskaiden koneiden osien nostamiseen ja ohjaamiseen huollon ja korjausten aikana varmistaen, ett\u00e4 teknikot voivat ty\u00f6skennell\u00e4 tehokkaasti ja turvallisesti.<\/li>\n<li><strong>Maatilat:<\/strong> Maatalousymp\u00e4rist\u00f6iss\u00e4 hydraulisylintereit\u00e4 k\u00e4ytet\u00e4\u00e4n teht\u00e4viin, kuten laitteiden nostamiseen ja sijoittamiseen, raskaiden kuormien, kuten paalien tai maaper\u00e4n, siirt\u00e4miseen ja tuottavuutta parantavien ty\u00f6koneiden voimanl\u00e4hteen\u00e4.<\/li>\n<li><strong>Energia- ja kaivosteollisuus:<\/strong> N\u00e4m\u00e4 sektorit luottavat hydraulisiin sylintereihin niiden vankan suorituskyvyn vuoksi raskaiden materiaalien nostamisessa, kaivamisessa ja kuljetuksessa, usein haastavissa ymp\u00e4rist\u00f6iss\u00e4, joissa luotettavuus on ratkaisevan t\u00e4rke\u00e4\u00e4.<\/li>\n<li><strong>Konevalmistustehtaat:<\/strong> Teollisuudessa hydraulisylintereill\u00e4 on keskeinen rooli koneiden kokoonpanossa ja k\u00e4yt\u00f6ss\u00e4, sill\u00e4 ne tarjoavat tarvittavan voiman teht\u00e4viin, kuten erilaisten materiaalien puristamiseen, taivuttamiseen ja muotoiluun.<\/li>\n<\/ul>\n<h2>Hydraulisylinterit ja voimayksik\u00f6t<\/h2>\n<p>Hydraulisylinterit ja voimayksik\u00f6t ovat hydraulij\u00e4rjestelm\u00e4n olennaisia \u200b\u200bosia, jotka toimivat yhdess\u00e4 helpottaen hydrauliteknologian tehokasta soveltamista eri teollisuudenaloilla. Hydraulisylinteri toimii toimilaitteena, joka vastaa hydraulisen energian muuntamisesta mekaaniseksi liikkeeksi, kun taas voimayksikk\u00f6 tuottaa ja s\u00e4\u00e4telee j\u00e4rjestelm\u00e4n toiminnan edellytt\u00e4m\u00e4\u00e4 hydraulipainetta.<\/p>\n<p>Niiden yhdistetty toiminta varmistaa, ett\u00e4 hydrauliset j\u00e4rjestelm\u00e4t voivat tarjota luotettavaa tehoa ja tarkkaa ohjausta erilaisille teknisille ja mekaanisille laitteille. T\u00e4m\u00e4 synergia mahdollistaa teollisuuden monimutkaisten teht\u00e4vien suorittamisen helposti, mik\u00e4 parantaa toiminnan tehokkuutta ja tuottavuutta. Olipa kyseess\u00e4 rakentaminen, maatalous tai valmistus, hydraulisylinterien ja tehoyksik\u00f6iden v\u00e4linen yhteisty\u00f6 on v\u00e4ltt\u00e4m\u00e4t\u00f6nt\u00e4 optimaalisen suorituskyvyn saavuttamiseksi ja nykyaikaisten teollisten sovellusten vaatimusten t\u00e4ytt\u00e4miseksi.<\/p>\n<h2>Usein kysytyt kysymykset<\/h2>\n<p><strong>K: Oletko kauppayhti\u00f6 vai valmistaja?<\/strong><br \/>\nV: Olemme valmistaja.<\/p>\n<p><strong>K: Mik\u00e4 on toimitusaikanne?<\/strong><br \/>\nV: Toimitusaikamme on yleens\u00e4 25\u201335 p\u00e4iv\u00e4\u00e4.<\/p>\n<p><strong>K: Toimitatteko n\u00e4ytteit\u00e4?<\/strong><br \/>\nV: Kyll\u00e4, tarjoamme n\u00e4ytteit\u00e4, mutta ne eiv\u00e4t ole ilmaisia.<\/p>\n<h3>Tietoja FMP:st\u00e4<\/h3>\n<p>FMP on johtava italialainen valmistaja, joka on erikoistunut korkealaatuisten hydraulisylintereiden suunnitteluun, kehitt\u00e4miseen ja tuotantoon. Vuosikymmenten kokemuksella yhdist\u00e4mme perinteisen italialaisen k\u00e4sity\u00f6taidon huipputeknologiaan tarjotaksemme poikkeuksellisia hydraulisia ratkaisuja, jotka vastaavat globaalien asiakkaidemme monipuolisiin tarpeisiin. Italiassa, insin\u00f6\u00f6ritaidon huippuosaamisen keskuksessa, sijaitseva FMP on vakiinnuttanut asemansa luotettavana nimen\u00e4 hydrauliikkateollisuudessa ja on omistautunut toimittamaan luotettavia, kest\u00e4vi\u00e4 ja innovatiivisia tuotteita, jotka voimaannuttavat yrityksi\u00e4 ymp\u00e4ri maailmaa.<\/p>\n<p>Yrityksemme yhdist\u00e4\u00e4 edistykselliset valmistusperinteet tulevaisuuteen suuntautuneeseen l\u00e4hestymistapaan. Hy\u00f6dynt\u00e4m\u00e4ll\u00e4 vuosien kokemustaan \u200b\u200bhydraulij\u00e4rjestelmist\u00e4, FMP on kehittynyt nykyaikaiseksi yritykseksi, joka on erinomainen tutkimuksessa, suunnittelussa ja tuotannossa. Tarjoamme laajan valikoiman hydraulisylintereit\u00e4, mukaan lukien kaksitoimiset sylinterit, autojen nostosylinterit, maatalouskoneiden sylinterit ja r\u00e4\u00e4t\u00e4l\u00f6ityj\u00e4 ratkaisuja erilaisiin teollisiin sovelluksiin. Olipa kyseess\u00e4 rakentaminen, teollisuusasennukset, maatalous tai raskaskoneet, hydraulisylinterimme on suunniteltu toimimaan vaativimmissakin olosuhteissa varmistaen turvallisuuden, tehokkuuden ja pitk\u00e4n k\u00e4ytt\u00f6i\u00e4n.<\/p>\n<p><img loading=\"lazy\" decoding=\"async\" class=\"alignnone size-full wp-image-6720\" src=\"https:\/\/fmp-components.com\/wp-content\/uploads\/2025\/03\/hydraulic-cylinder-8.webp\" alt=\"Teleskooppiset hydraulisylinterit\" width=\"933\" height=\"526\" title=\"\" srcset=\"https:\/\/fmp-components.com\/wp-content\/uploads\/2025\/03\/hydraulic-cylinder-8.webp 933w, https:\/\/fmp-components.com\/wp-content\/uploads\/2025\/03\/hydraulic-cylinder-8-480x271.webp 480w\" sizes=\"(min-width: 0px) and (max-width: 480px) 480px, (min-width: 481px) 933px, 100vw\" \/><\/p>\n<p>FMP:ll\u00e4 olemme ylpeit\u00e4 huippumoderneista tuotantolaitoksistamme, jotka on varustettu tarkkuuskoneilla ja edistyneill\u00e4 testausj\u00e4rjestelmill\u00e4. Valmistusprosessimme t\u00e4ytt\u00e4v\u00e4t tiukat kansalliset ja kansainv\u00e4liset standardit, mik\u00e4 takaa, ett\u00e4 jokainen valmistettu hydraulisylinteri t\u00e4ytt\u00e4\u00e4 korkeimmat laatu- ja luotettavuusvaatimukset. Taitava tekninen tiimimme yhdistettyn\u00e4 huippuluokan laitteisiin mahdollistaa tiukan laadunvalvonnan tuotannon jokaisessa vaiheessa \u2013 raaka-aineiden valinnasta lopputarkastukseen. T\u00e4m\u00e4 sitoutuminen erinomaisuuteen on ansainnut meille sertifikaatteja ja tunnustusta alan viranomaisilta, mik\u00e4 on vahvistanut mainettamme luotettavana kumppanina.<\/p>\n<p>Missiomme on sek\u00e4 yksinkertainen ett\u00e4 kunnianhimoinen: tarjota asiakkaillemme hydraulisylintereit\u00e4, jotka ylitt\u00e4v\u00e4t odotukset suorituskyvyss\u00e4, kest\u00e4vyydess\u00e4 ja arvossa. Toimimme ammattitaidon, rehellisyyden ja asiakasl\u00e4ht\u00f6isyyden periaatteiden mukaisesti. Vaalimalla innovaatio- ja tarkkuuskulttuuria jalostamme jatkuvasti tuotteitamme pysy\u00e4ksemme kilpailuedulla. Laaja tuotevalikoimamme ja kykymme tarjota r\u00e4\u00e4t\u00e4l\u00f6ityj\u00e4 ratkaisuja tekev\u00e4t meist\u00e4 ensisijaisen valinnan yrityksille, jotka etsiv\u00e4t tehokkaita hydraulisylintereit\u00e4.<\/p>\n<p>FMP on enemm\u00e4n kuin vain valmistaja; olemme kumppani menestyksess\u00e4si. Ymm\u00e4rr\u00e4mme, ett\u00e4 asiakkaamme luottavat meihin ty\u00f6kalujen toimittamisessa, jotka parantavat heid\u00e4n tuottavuuttaan ja turvallisuuttaan. Siksi olemme sitoutuneet tarjoamaan paitsi huippuluokan tuotteita, my\u00f6s poikkeuksellista palvelua. Alustavasta konsultoinnista myynnin j\u00e4lkeiseen tukeen teemme tiivist\u00e4 yhteisty\u00f6t\u00e4 asiakkaidemme kanssa varmistaaksemme, ett\u00e4 heid\u00e4n tarpeensa t\u00e4ytet\u00e4\u00e4n ammattitaitoisesti ja huolellisesti. Kilpailukykyinen hinnoittelumme yhdistettyn\u00e4 horjumattomaan sitoutumiseen laatuun tekee FMP:st\u00e4 \u00e4lykk\u00e4\u00e4n valinnan yrityksille, jotka haluavat investoida luotettaviin hydrauliikkaratkaisuihin.<\/p>","protected":false},"excerpt":{"rendered":"<p>Factory Price Multi Stage Trailer Hydraulic Cylinder Our Factory Price Multi Stage Trailer hydraulic cylinder is a must-have for your machinery. This versatile hydraulic cylinder offers a range of features that make it an essential part of your equipment. Product Features and Functionality Our multi stage hydraulic cylinder is designed to provide reliable and efficient [&hellip;]<\/p>","protected":false},"featured_media":6749,"comment_status":"closed","ping_status":"closed","template":"","meta":{"_et_pb_use_builder":"","_et_pb_old_content":"","_et_gb_content_width":""},"product_brand":[],"product_cat":[103],"product_tag":[34,105],"class_list":{"0":"post-6553","1":"product","2":"type-product","3":"status-publish","4":"has-post-thumbnail","6":"product_cat-telescopic-hydraulic-cylinders","7":"product_tag-hydraulic-cylinder","8":"product_tag-telescopic-hydraulic-cylinders","10":"first","11":"instock","12":"product-type-simple"},"_links":{"self":[{"href":"https:\/\/fmp-components.com\/fi\/wp-json\/wp\/v2\/product\/6553","targetHints":{"allow":["GET"]}}],"collection":[{"href":"https:\/\/fmp-components.com\/fi\/wp-json\/wp\/v2\/product"}],"about":[{"href":"https:\/\/fmp-components.com\/fi\/wp-json\/wp\/v2\/types\/product"}],"replies":[{"embeddable":true,"href":"https:\/\/fmp-components.com\/fi\/wp-json\/wp\/v2\/comments?post=6553"}],"wp:featuredmedia":[{"embeddable":true,"href":"https:\/\/fmp-components.com\/fi\/wp-json\/wp\/v2\/media\/6749"}],"wp:attachment":[{"href":"https:\/\/fmp-components.com\/fi\/wp-json\/wp\/v2\/media?parent=6553"}],"wp:term":[{"taxonomy":"product_brand","embeddable":true,"href":"https:\/\/fmp-components.com\/fi\/wp-json\/wp\/v2\/product_brand?post=6553"},{"taxonomy":"product_cat","embeddable":true,"href":"https:\/\/fmp-components.com\/fi\/wp-json\/wp\/v2\/product_cat?post=6553"},{"taxonomy":"product_tag","embeddable":true,"href":"https:\/\/fmp-components.com\/fi\/wp-json\/wp\/v2\/product_tag?post=6553"}],"curies":[{"name":"wp","href":"https:\/\/api.w.org\/{rel}","templated":true}]}}