{"id":6551,"date":"2025-03-11T06:29:39","date_gmt":"2025-03-11T06:29:39","guid":{"rendered":"https:\/\/fmp-components.com\/product\/factory-price-multi-stage-flatbed-tow-truck-hydraulic-cylinder"},"modified":"2025-03-18T00:52:01","modified_gmt":"2025-03-18T00:52:01","slug":"factory-price-multi-stage-flatbed-tow-truck-hydraulic-cylinder","status":"publish","type":"product","link":"https:\/\/fmp-components.com\/fi\/product\/factory-price-multi-stage-flatbed-tow-truck-hydraulic-cylinder\/","title":{"rendered":"Tehtaan hintainen monivaiheinen lava-auton hydraulisylinteri"},"content":{"rendered":"<h2>Tehtaan hintainen monivaiheinen lava-auton hydraulisylinteri<\/h2>\n<p>Esittelyss\u00e4 FMP:n monivaiheinen hinausauton hydraulisylinteri, huippuluokan tuote, joka on suunniteltu toimimaan tehokkaasti useilla eri toimialoilla, kuten konepajoissa, maatiloilla, energia- ja kaivosteollisuudessa, konevalmistuksessa ja konetehtaissa. T\u00e4m\u00e4 hydraulisylinteri ylpeilee erinomaisella suorituskyvyll\u00e4, ly\u00f6m\u00e4tt\u00f6m\u00e4ll\u00e4 teholla ja poikkeuksellisella kest\u00e4vyydell\u00e4.<\/p>\n<h3>Tuotteen ominaisuudet ja edut<\/h3>\n<p>Tuotteemme toimii hydrauliikalla ja on valmistettu korkealaatuisesta ter\u00e4ksest\u00e4. Sen ty\u00f6nt\u00f6voima on enint\u00e4\u00e4n 3000 ja vetokyky 20 tonnia. Rei\u00e4n halkaisija vaihtelee 2\u20136 tuuman v\u00e4lill\u00e4 ja tangon koko vaihtelee 1,125\u20134 tuuman v\u00e4lill\u00e4.<\/p>\n<h3>Tekniset tiedot<\/h3>\n<table style=\"width: 99.7507%;\" border=\"\">\n<tbody>\n<tr>\n<td style=\"width: 42.9379%;\"><i>Rei\u00e4n koko<\/i><\/td>\n<td style=\"width: 472.881%;\">2\u20136 tuumaa<\/td>\n<\/tr>\n<tr>\n<td style=\"width: 42.9379%;\"><i>Tangon koko<\/i><\/td>\n<td style=\"width: 472.881%;\">1,125\u20134 tuumaa<\/td>\n<\/tr>\n<tr>\n<td style=\"width: 42.9379%;\"><i>Iskun koko<\/i><\/td>\n<td style=\"width: 472.881%;\">4\u2013100 tuumaa<\/td>\n<\/tr>\n<tr>\n<td style=\"width: 42.9379%;\"><i>Tapin koko<\/i><\/td>\n<td style=\"width: 472.881%;\">0,5\u20132 tuumaa<\/td>\n<\/tr>\n<tr>\n<td style=\"width: 42.9379%;\"><i>Portit<\/i><\/td>\n<td style=\"width: 472.881%;\">G\/SAE\/NPT\/M<\/td>\n<\/tr>\n<\/tbody>\n<\/table>\n<h2>Vertaansa vailla oleva suorituskyky ja tehokkuus<\/h2>\n<p>FMP-hydraulisylinteri on suunniteltu energiatehokkaaksi, eritt\u00e4in tehokkaaksi ja turvalliseksi. Monivaiheinen rakenne mahdollistaa kompaktin s\u00e4ilytyksen ja tarjoaa silti pitk\u00e4n iskunpituuden. Se on rakennettu kest\u00e4m\u00e4\u00e4n vaativimmatkin ty\u00f6olosuhteet, mik\u00e4 tekee siit\u00e4 luotettavan valinnan erilaisiin k\u00e4ytt\u00f6tarkoituksiin.<\/p>\n<h2>Hydraulij\u00e4rjestelmien ja toimintaperiaatteiden ymm\u00e4rt\u00e4minen<\/h2>\n<p>Hydraulisten j\u00e4rjestelmien ydin on energian siirtyminen pisteest\u00e4 toiseen kokoonpuristumattoman nesteen avulla. Hydraulisylinteri on olennainen osa t\u00e4t\u00e4 j\u00e4rjestelm\u00e4\u00e4, joka muuntaa hydraulisen energian mekaaniseksi energiaksi ty\u00f6n suorittamiseksi.<\/p>\n<p><img loading=\"lazy\" decoding=\"async\" class=\"alignnone wp-image-6664\" src=\"https:\/\/fmp-components.com\/wp-content\/uploads\/2025\/03\/telescopic-hydraulic-cylinder-8.webp\" alt=\"teleskooppinen hydraulisylinteri\" width=\"929\" height=\"929\" title=\"\" srcset=\"https:\/\/fmp-components.com\/wp-content\/uploads\/2025\/03\/telescopic-hydraulic-cylinder-8.webp 929w, https:\/\/fmp-components.com\/wp-content\/uploads\/2025\/03\/telescopic-hydraulic-cylinder-8-480x480.webp 480w\" sizes=\"(min-width: 0px) and (max-width: 480px) 480px, (min-width: 481px) 929px, 100vw\" \/><\/p>\n<h2>Hydraulisylinterien sovellukset<\/h2>\n<p>Hydraulisylintereit\u00e4 k\u00e4ytet\u00e4\u00e4n laajasti eri teollisuudenaloilla, joilla raskaita kuormia on siirrett\u00e4v\u00e4 tai nostettava. Ne ovat erityisen hy\u00f6dyllisi\u00e4 konepajoissa, maatiloilla, energia- ja kaivosteollisuudessa, konevalmistuksessa ja konetehtaissa.<\/p>\n<h2>Hydraulisylinterit ja voimayksik\u00f6t<\/h2>\n<p>Hydraulisylinterit ja voimayksik\u00f6t ovat hydraulij\u00e4rjestelm\u00e4n v\u00e4ltt\u00e4m\u00e4tt\u00f6mi\u00e4 osia. Niiden synergistinen toiminta varmistaa hydrauliteknologian laajan soveltamisen teollisuudessa, tarjoten luotettavaa teho- ja ohjaustukea erilaisille kone- ja laitelaitteille. FMP:ll\u00e4 tarjoamme my\u00f6s voimayksik\u00f6it\u00e4 myyntiin.<\/p>\n<h3>Usein kysytyt kysymykset<\/h3>\n<p><b>K: Mik\u00e4 on hydraulisylinterisi suurin ty\u00f6nt\u00f6voima?<\/b><br \/>\nA: Hydraulisylinterimme suurin ty\u00f6nt\u00f6voima on 3000.<\/p>\n<p><b>K: Mik\u00e4 on hydraulisylinterin halkaisija?<\/b><br \/>\nA: Hydraulisylinterimme reik\u00e4koko vaihtelee 2\u20136 tuuman v\u00e4lill\u00e4.<\/p>\n<p><b>K: Mik\u00e4 on hydraulisylinterisi toimitusaika?<\/b><br \/>\nV: Toimitusaikamme on yleens\u00e4 25\u201335 p\u00e4iv\u00e4\u00e4.<\/p>\n<h3>Tietoja FMP:st\u00e4<\/h3>\n<p>FMP on johtava italialainen valmistaja, joka tunnetaan korkealaatuisten hydraulisylintereiden suunnittelusta, kehitt\u00e4misest\u00e4 ja tuotannosta. Vuosikymmenten kokemuksella yhdist\u00e4mme perinteisen italialaisen k\u00e4sity\u00f6taidon edistyneeseen teknologiaan toimittaaksemme erinomaisia \u200b\u200bhydraulisia ratkaisuja, jotka on r\u00e4\u00e4t\u00e4l\u00f6ity globaalin asiakaskuntamme monipuolisiin tarpeisiin. Italiassa, insin\u00f6\u00f6ritaidon huippuosaamisen keskuksessa, sijaitseva FMP on vakiinnuttanut asemansa luotettavana nimen\u00e4 hydrauliikkateollisuudessa ja on omistautunut tarjoamaan luotettavia, kest\u00e4vi\u00e4 ja innovatiivisia tuotteita, jotka voimaannuttavat yrityksi\u00e4 maailmanlaajuisesti.<\/p>\n<p>Yhdist\u00e4mme parhaat edistykselliset valmistusperinteet tulevaisuuteen suuntautuneeseen l\u00e4hestymistapaan. Laajan hydrauliikkaj\u00e4rjestelmien kokemuksemme ansiosta FMP on kehittynyt nykyaikaiseksi yritykseksi, joka on erinomainen tutkimuksessa, suunnittelussa ja tuotannossa. Erikoistumisalaamme kuuluu laaja valikoima hydraulisylintereit\u00e4, kuten kaksitoimisia sylintereit\u00e4, autojen nostosylintereit\u00e4, maatalouskoneiden sylintereit\u00e4 ja r\u00e4\u00e4t\u00e4l\u00f6ityj\u00e4 ratkaisuja erilaisiin teollisiin sovelluksiin. Hydraulisylinterimme on suunniteltu toimimaan haastavimmissakin olosuhteissa, ja ne takaavat turvallisuuden, tehokkuuden ja pitk\u00e4ik\u00e4isyyden eri aloilla, kuten rakentamisessa, teollisuusasennuksissa, maataloudessa ja raskaissa koneissa.<\/p>\n<p>FMP:ll\u00e4 olemme ylpeit\u00e4 huippumoderneista tuotantolaitoksistamme, jotka on varustettu tarkkuuskoneilla ja edistyneill\u00e4 testausj\u00e4rjestelmill\u00e4. Valmistusprosessimme noudattavat tiukkoja kansallisia ja kansainv\u00e4lisi\u00e4 standardeja, mik\u00e4 takaa, ett\u00e4 jokainen tehtaaltamme l\u00e4htev\u00e4 hydraulisylinteri t\u00e4ytt\u00e4\u00e4 korkeimmat laatu- ja luotettavuusvaatimukset. Taitava tekninen tiimimme yhdistettyn\u00e4 huippuluokan laitteisiin mahdollistaa tiukan laadunvalvonnan jokaisessa tuotantovaiheessa \u2013 raaka-aineiden valinnasta lopputarkastukseen. T\u00e4m\u00e4 sitoutuminen erinomaisuuteen on ansainnut meille sertifikaatteja ja tunnustusta alan viranomaisilta, mik\u00e4 vahvistaa mainettamme luotettavana kumppanina.<\/p>\n<p><img loading=\"lazy\" decoding=\"async\" class=\"alignnone size-full wp-image-6720\" src=\"https:\/\/fmp-components.com\/wp-content\/uploads\/2025\/03\/hydraulic-cylinder-8.webp\" alt=\"Teleskooppiset hydraulisylinterit\" width=\"933\" height=\"526\" title=\"\" srcset=\"https:\/\/fmp-components.com\/wp-content\/uploads\/2025\/03\/hydraulic-cylinder-8.webp 933w, https:\/\/fmp-components.com\/wp-content\/uploads\/2025\/03\/hydraulic-cylinder-8-480x271.webp 480w\" sizes=\"(min-width: 0px) and (max-width: 480px) 480px, (min-width: 481px) 933px, 100vw\" \/><\/p>\n<p>Missiomme on sek\u00e4 yksinkertainen ett\u00e4 kunnianhimoinen: tarjota hydraulisylintereit\u00e4, jotka ylitt\u00e4v\u00e4t odotukset suorituskyvyss\u00e4, kest\u00e4vyydess\u00e4 ja arvossa. Ammattimaisuuden, rehellisyyden ja asiakasl\u00e4ht\u00f6isyyden periaatteiden ohjaamina edist\u00e4mme innovaatio- ja tarkkuuskulttuuria ja jalostamme jatkuvasti tuotteitamme pysy\u00e4ksemme kilpailuedun piiriss\u00e4. Kattavan tuotevalikoimamme ja r\u00e4\u00e4t\u00e4l\u00f6ityjen ratkaisujen tarjoamiskykymme ansiosta olemme ensisijainen valinta yrityksille, jotka etsiv\u00e4t tehokkaita hydraulisylintereit\u00e4.<\/p>\n<p>FMP on enemm\u00e4n kuin vain valmistaja; olemme kumppani menestyksess\u00e4si. Ymm\u00e4rr\u00e4mme, ett\u00e4 asiakkaamme luottavat meihin ty\u00f6kalujen toimittamisessa, jotka parantavat heid\u00e4n tuottavuuttaan ja turvallisuuttaan. Siksi olemme sitoutuneet tarjoamaan paitsi huippuluokan tuotteita, my\u00f6s poikkeuksellista palvelua. Alustavasta konsultoinnista myynnin j\u00e4lkeiseen tukeen teemme tiivist\u00e4 yhteisty\u00f6t\u00e4 asiakkaidemme kanssa varmistaaksemme, ett\u00e4 heid\u00e4n tarpeensa t\u00e4ytet\u00e4\u00e4n ammattitaitoisesti ja huolellisesti. Kilpailukykyiset hintamme yhdistettyn\u00e4 horjumattomaan sitoutumiseemme laatuun tekev\u00e4t FMP:st\u00e4 \u00e4lykk\u00e4\u00e4n valinnan yrityksille, jotka haluavat investoida luotettaviin hydrauliikkaratkaisuihin.<\/p>","protected":false},"excerpt":{"rendered":"<p>Factory Price Multi Stage Flatbed Tow Truck Hydraulic Cylinder Introducing the FMP multi-stage flatbed tow truck hydraulic cylinder, a top-grade product designed to work efficiently in various industries such as machinery repair shops, farms, energy &amp; mining, machinery manufacturing, and machinery factories. This hydraulic cylinder boasts superior performance, unbeatable power, and exceptional durability. Product Features [&hellip;]<\/p>","protected":false},"featured_media":6746,"comment_status":"closed","ping_status":"closed","template":"","meta":{"_et_pb_use_builder":"","_et_pb_old_content":"","_et_gb_content_width":""},"product_brand":[],"product_cat":[103],"product_tag":[34,105],"class_list":{"0":"post-6551","1":"product","2":"type-product","3":"status-publish","4":"has-post-thumbnail","6":"product_cat-telescopic-hydraulic-cylinders","7":"product_tag-hydraulic-cylinder","8":"product_tag-telescopic-hydraulic-cylinders","10":"first","11":"instock","12":"product-type-simple"},"_links":{"self":[{"href":"https:\/\/fmp-components.com\/fi\/wp-json\/wp\/v2\/product\/6551","targetHints":{"allow":["GET"]}}],"collection":[{"href":"https:\/\/fmp-components.com\/fi\/wp-json\/wp\/v2\/product"}],"about":[{"href":"https:\/\/fmp-components.com\/fi\/wp-json\/wp\/v2\/types\/product"}],"replies":[{"embeddable":true,"href":"https:\/\/fmp-components.com\/fi\/wp-json\/wp\/v2\/comments?post=6551"}],"wp:featuredmedia":[{"embeddable":true,"href":"https:\/\/fmp-components.com\/fi\/wp-json\/wp\/v2\/media\/6746"}],"wp:attachment":[{"href":"https:\/\/fmp-components.com\/fi\/wp-json\/wp\/v2\/media?parent=6551"}],"wp:term":[{"taxonomy":"product_brand","embeddable":true,"href":"https:\/\/fmp-components.com\/fi\/wp-json\/wp\/v2\/product_brand?post=6551"},{"taxonomy":"product_cat","embeddable":true,"href":"https:\/\/fmp-components.com\/fi\/wp-json\/wp\/v2\/product_cat?post=6551"},{"taxonomy":"product_tag","embeddable":true,"href":"https:\/\/fmp-components.com\/fi\/wp-json\/wp\/v2\/product_tag?post=6551"}],"curies":[{"name":"wp","href":"https:\/\/api.w.org\/{rel}","templated":true}]}}