{"id":6549,"date":"2025-03-11T06:29:39","date_gmt":"2025-03-11T06:29:39","guid":{"rendered":"https:\/\/fmp-components.com\/product\/factory-direct-sale-4-stage-flatbed-tow-truck-hydraulic-cylinder"},"modified":"2025-03-18T01:05:40","modified_gmt":"2025-03-18T01:05:40","slug":"factory-direct-sale-4-stage-flatbed-tow-truck-hydraulic-cylinder","status":"publish","type":"product","link":"https:\/\/fmp-components.com\/fi\/product\/factory-direct-sale-4-stage-flatbed-tow-truck-hydraulic-cylinder\/","title":{"rendered":"Tehtaan suoramyynti 4-vaiheinen lava-hinausauton hydraulisylinteri"},"content":{"rendered":"<h2>Tehtaan suoramyynti 4-vaiheinen lava-hinausauton hydraulisylinteri<\/h2>\n<p>Esittelyss\u00e4 4-vaiheinen hinausauton hydraulisylinteri, uusin tuotteemme vuodelle 2025. T\u00e4m\u00e4 monivaiheinen hydraulisylinteri on olennainen osa konepajoja, maatiloja, energia- ja kaivosteollisuutta, konevalmistusta ja konetehtaita. Se on valmistettu kest\u00e4v\u00e4st\u00e4 ter\u00e4ksest\u00e4, mik\u00e4 varmistaa, ett\u00e4 se kest\u00e4\u00e4 kovaa k\u00e4ytt\u00f6\u00e4 ja ankaria olosuhteita.<\/p>\n<h3>T\u00e4rkeimm\u00e4t ominaisuudet ja edut<\/h3>\n<ul>\n<li>Standardi m\u00e4nt\u00e4sylinterirakenne optimaalisen suorituskyvyn saavuttamiseksi<\/li>\n<li>Hydraulinen teho tehokkaaseen k\u00e4ytt\u00f6\u00f6n<\/li>\n<li>Maksimaalinen ty\u00f6nt\u00f6voima 3000 ja vetovoima 20 tonnia<\/li>\n<li>ISO9001:2000-sertifioitu laadunvarmistus<\/li>\n<li>Musta viimeistely ammattimaiseen ulkon\u00e4k\u00f6\u00f6n<\/li>\n<\/ul>\n<h3>Tekniset tiedot<\/h3>\n<table style=\"width: 99.9673%;\" border=\"\">\n<tbody>\n<tr>\n<td style=\"width: 42.9379%;\"><i>Rei\u00e4n koko<\/i><\/td>\n<td style=\"width: 474.011%;\">2\u20136 tuumaa<\/td>\n<\/tr>\n<tr>\n<td style=\"width: 42.9379%;\"><i>Tangon koko<\/i><\/td>\n<td style=\"width: 474.011%;\">1,125\u20134 tuumaa<\/td>\n<\/tr>\n<tr>\n<td style=\"width: 42.9379%;\"><i>Iskun koko<\/i><\/td>\n<td style=\"width: 474.011%;\">4\u2013100 tuumaa<\/td>\n<\/tr>\n<tr>\n<td style=\"width: 42.9379%;\"><i>Tapin koko<\/i><\/td>\n<td style=\"width: 474.011%;\">0,5\u20132 tuumaa<\/td>\n<\/tr>\n<tr>\n<td style=\"width: 42.9379%;\"><i>Portit<\/i><\/td>\n<td style=\"width: 474.011%;\">G\/SAE\/NPT\/M<\/td>\n<\/tr>\n<\/tbody>\n<\/table>\n<h2>Edistyneet hydrauliikkaj\u00e4rjestelm\u00e4t<\/h2>\n<p>Nelivaiheinen hinausauton hydraulisylinterimme toimii edistyneill\u00e4 hydraulij\u00e4rjestelmill\u00e4, jotka tunnetaan tehostaan, tarkkuudestaan \u200b\u200bja tehokkuudestaan. Hydrauliikka hy\u00f6dynt\u00e4\u00e4 kokoonpuristumattoman nesteen voimaa voiman ja liikkeen tuottamiseen, mik\u00e4 tarjoaa erinomaisen hallinnan ja turvallisuuden monissa sovelluksissa.<\/p>\n<p><img loading=\"lazy\" decoding=\"async\" class=\"alignnone wp-image-6665\" src=\"https:\/\/fmp-components.com\/wp-content\/uploads\/2025\/03\/telescopic-hydraulic-cylinder-9.webp\" alt=\"teleskooppinen hydraulisylinteri\" width=\"981\" height=\"981\" title=\"\" srcset=\"https:\/\/fmp-components.com\/wp-content\/uploads\/2025\/03\/telescopic-hydraulic-cylinder-9.webp 981w, https:\/\/fmp-components.com\/wp-content\/uploads\/2025\/03\/telescopic-hydraulic-cylinder-9-480x480.webp 480w\" sizes=\"(min-width: 0px) and (max-width: 480px) 480px, (min-width: 481px) 981px, 100vw\" \/><\/p>\n<h2>Hydraulisylinterin sovellukset<\/h2>\n<p>T\u00e4m\u00e4 hydraulisylinteri on monipuolinen ja sit\u00e4 voidaan k\u00e4ytt\u00e4\u00e4 useilla eri teollisuudenaloilla, kuten rakentamisessa, valmistuksessa ja maataloudessa teht\u00e4viss\u00e4, jotka vaativat tehokasta ja tarkkaa liikett\u00e4.<\/p>\n<h2>Hydraulisylinterit ja voimayksik\u00f6t<\/h2>\n<p>Hydraulisylinterimme ja voimayksikk\u00f6mme ovat olennainen osa hydraulij\u00e4rjestelmi\u00e4. Ne toimivat yhdess\u00e4 varmistaakseen hydrauliteknologian laajan k\u00e4yt\u00f6n teollisuudessa ja tarjoavat luotettavaa tehonsy\u00f6tt\u00f6\u00e4 ja ohjausta erilaisille teknisille ja mekaanisille laitteille.<\/p>\n<h2>Usein kysytyt kysymykset<\/h2>\n<dl>\n<dt>K: Kuinka pitk\u00e4 toimitusaika on?<\/dt>\n<dd>V: Toimitusaika on yleens\u00e4 25\u201335 p\u00e4iv\u00e4\u00e4.<\/dd>\n<dt>K: Toimitatteko n\u00e4ytteit\u00e4?<\/dt>\n<dd>V: Kyll\u00e4, tarjoamme n\u00e4ytteit\u00e4, mutta ne eiv\u00e4t ole ilmaisia.<\/dd>\n<dt>K: Voitteko tuottaa n\u00e4ytteiden mukaan?<\/dt>\n<dd>V: Kyll\u00e4, voimme tuottaa n\u00e4ytteidesi tai teknisten piirustusten mukaan.<\/dd>\n<\/dl>\n<h3>Tietoja FMP:st\u00e4<\/h3>\n<p>FMP on johtava italialainen valmistaja, joka tunnetaan korkealaatuisten hydraulisylintereiden suunnittelusta, kehitt\u00e4misest\u00e4 ja tuotannosta. Vuosikymmenten kokemuksella yhdist\u00e4mme perinteisen italialaisen k\u00e4sity\u00f6taidon edistyneeseen teknologiaan toimittaaksemme erinomaisia \u200b\u200bhydraulisia ratkaisuja, jotka on r\u00e4\u00e4t\u00e4l\u00f6ity globaalin asiakaskuntamme monipuolisiin tarpeisiin. Italiassa, insin\u00f6\u00f6ritaidon huippuosaamisen keskuksessa, sijaitseva FMP on vakiinnuttanut asemansa luotettavana nimen\u00e4 hydrauliikkateollisuudessa ja on omistautunut tarjoamaan luotettavia, kest\u00e4vi\u00e4 ja innovatiivisia tuotteita, jotka voimaannuttavat yrityksi\u00e4 maailmanlaajuisesti.<\/p>\n<p>Yhdist\u00e4mme parhaat edistykselliset valmistusperinteet tulevaisuuteen suuntautuneeseen l\u00e4hestymistapaan. Laajan hydrauliikkaj\u00e4rjestelmien kokemuksemme ansiosta FMP on kehittynyt nykyaikaiseksi yritykseksi, joka on erinomainen tutkimuksessa, suunnittelussa ja tuotannossa. Erikoistumisalaamme kuuluu laaja valikoima hydraulisylintereit\u00e4, kuten kaksitoimisia sylintereit\u00e4, autojen nostosylintereit\u00e4, maatalouskoneiden sylintereit\u00e4 ja r\u00e4\u00e4t\u00e4l\u00f6ityj\u00e4 ratkaisuja erilaisiin teollisiin sovelluksiin. Hydraulisylinterimme on suunniteltu toimimaan haastavimmissakin olosuhteissa, ja ne takaavat turvallisuuden, tehokkuuden ja pitk\u00e4ik\u00e4isyyden eri aloilla, kuten rakentamisessa, teollisuusasennuksissa, maataloudessa ja raskaissa koneissa.<\/p>\n<p>FMP:ll\u00e4 olemme ylpeit\u00e4 huippumoderneista tuotantolaitoksistamme, jotka on varustettu tarkkuuskoneilla ja edistyneill\u00e4 testausj\u00e4rjestelmill\u00e4. Valmistusprosessimme noudattavat tiukkoja kansallisia ja kansainv\u00e4lisi\u00e4 standardeja, mik\u00e4 takaa, ett\u00e4 jokainen tehtaaltamme l\u00e4htev\u00e4 hydraulisylinteri t\u00e4ytt\u00e4\u00e4 korkeimmat laatu- ja luotettavuusvaatimukset. Taitava tekninen tiimimme yhdistettyn\u00e4 huippuluokan laitteisiin mahdollistaa tiukan laadunvalvonnan jokaisessa tuotantovaiheessa \u2013 raaka-aineiden valinnasta lopputarkastukseen. T\u00e4m\u00e4 sitoutuminen erinomaisuuteen on ansainnut meille sertifikaatteja ja tunnustusta alan viranomaisilta, mik\u00e4 vahvistaa mainettamme luotettavana kumppanina.<\/p>\n<p><img loading=\"lazy\" decoding=\"async\" class=\"alignnone size-full wp-image-6720\" src=\"https:\/\/fmp-components.com\/wp-content\/uploads\/2025\/03\/hydraulic-cylinder-8.webp\" alt=\"Teleskooppiset hydraulisylinterit\" width=\"933\" height=\"526\" title=\"\" srcset=\"https:\/\/fmp-components.com\/wp-content\/uploads\/2025\/03\/hydraulic-cylinder-8.webp 933w, https:\/\/fmp-components.com\/wp-content\/uploads\/2025\/03\/hydraulic-cylinder-8-480x271.webp 480w\" sizes=\"(min-width: 0px) and (max-width: 480px) 480px, (min-width: 481px) 933px, 100vw\" \/><\/p>\n<p>Missiomme on sek\u00e4 yksinkertainen ett\u00e4 kunnianhimoinen: tarjota hydraulisylintereit\u00e4, jotka ylitt\u00e4v\u00e4t odotukset suorituskyvyss\u00e4, kest\u00e4vyydess\u00e4 ja arvossa. Ammattimaisuuden, rehellisyyden ja asiakasl\u00e4ht\u00f6isyyden periaatteiden ohjaamina edist\u00e4mme innovaatio- ja tarkkuuskulttuuria ja jalostamme jatkuvasti tuotteitamme pysy\u00e4ksemme kilpailuedun piiriss\u00e4. Kattavan tuotevalikoimamme ja r\u00e4\u00e4t\u00e4l\u00f6ityjen ratkaisujen tarjoamiskykymme ansiosta olemme ensisijainen valinta yrityksille, jotka etsiv\u00e4t tehokkaita hydraulisylintereit\u00e4.<\/p>\n<p>FMP on enemm\u00e4n kuin vain valmistaja; olemme kumppani menestyksess\u00e4si. Ymm\u00e4rr\u00e4mme, ett\u00e4 asiakkaamme luottavat meihin ty\u00f6kalujen toimittamisessa, jotka parantavat heid\u00e4n tuottavuuttaan ja turvallisuuttaan. Siksi olemme sitoutuneet tarjoamaan paitsi huippuluokan tuotteita, my\u00f6s poikkeuksellista palvelua. Alustavasta konsultoinnista myynnin j\u00e4lkeiseen tukeen teemme tiivist\u00e4 yhteisty\u00f6t\u00e4 asiakkaidemme kanssa varmistaaksemme, ett\u00e4 heid\u00e4n tarpeensa t\u00e4ytet\u00e4\u00e4n ammattitaitoisesti ja huolellisesti. Kilpailukykyiset hintamme yhdistettyn\u00e4 horjumattomaan sitoutumiseemme laatuun tekev\u00e4t FMP:st\u00e4 \u00e4lykk\u00e4\u00e4n valinnan yrityksille, jotka haluavat investoida luotettaviin hydrauliikkaratkaisuihin.<\/p>","protected":false},"excerpt":{"rendered":"<p>Factory Direct Sale 4 Stage Flatbed Tow Truck Hydraulic Cylinder Introducing the 4 Stage Flatbed Tow Truck hydraulic cylinder, our newest product for 2025. This multistage hydraulic cylinder is an essential component for machinery repair shops, farms, energy &amp; mining, machinery manufacturing, and machinery factories. It&#8217;s made of durable steel, ensuring it can withstand heavy [&hellip;]<\/p>","protected":false},"featured_media":6742,"comment_status":"closed","ping_status":"closed","template":"","meta":{"_et_pb_use_builder":"","_et_pb_old_content":"","_et_gb_content_width":""},"product_brand":[],"product_cat":[103],"product_tag":[34,105],"class_list":{"0":"post-6549","1":"product","2":"type-product","3":"status-publish","4":"has-post-thumbnail","6":"product_cat-telescopic-hydraulic-cylinders","7":"product_tag-hydraulic-cylinder","8":"product_tag-telescopic-hydraulic-cylinders","10":"first","11":"instock","12":"product-type-simple"},"_links":{"self":[{"href":"https:\/\/fmp-components.com\/fi\/wp-json\/wp\/v2\/product\/6549","targetHints":{"allow":["GET"]}}],"collection":[{"href":"https:\/\/fmp-components.com\/fi\/wp-json\/wp\/v2\/product"}],"about":[{"href":"https:\/\/fmp-components.com\/fi\/wp-json\/wp\/v2\/types\/product"}],"replies":[{"embeddable":true,"href":"https:\/\/fmp-components.com\/fi\/wp-json\/wp\/v2\/comments?post=6549"}],"wp:featuredmedia":[{"embeddable":true,"href":"https:\/\/fmp-components.com\/fi\/wp-json\/wp\/v2\/media\/6742"}],"wp:attachment":[{"href":"https:\/\/fmp-components.com\/fi\/wp-json\/wp\/v2\/media?parent=6549"}],"wp:term":[{"taxonomy":"product_brand","embeddable":true,"href":"https:\/\/fmp-components.com\/fi\/wp-json\/wp\/v2\/product_brand?post=6549"},{"taxonomy":"product_cat","embeddable":true,"href":"https:\/\/fmp-components.com\/fi\/wp-json\/wp\/v2\/product_cat?post=6549"},{"taxonomy":"product_tag","embeddable":true,"href":"https:\/\/fmp-components.com\/fi\/wp-json\/wp\/v2\/product_tag?post=6549"}],"curies":[{"name":"wp","href":"https:\/\/api.w.org\/{rel}","templated":true}]}}