{"id":6548,"date":"2025-03-11T06:29:39","date_gmt":"2025-03-11T06:29:39","guid":{"rendered":"https:\/\/fmp-components.com\/product\/manufacturer-supplier-20-ton-hydraulic-telescopic-cylinder-for-sale"},"modified":"2025-03-12T06:24:11","modified_gmt":"2025-03-12T06:24:11","slug":"manufacturer-supplier-20-ton-hydraulic-telescopic-cylinder-for-sale","status":"publish","type":"product","link":"https:\/\/fmp-components.com\/fi\/product\/manufacturer-supplier-20-ton-hydraulic-telescopic-cylinder-for-sale\/","title":{"rendered":"Valmistaja Toimittaja 20 Ton Hydraulinen Teleskooppisylinteri Myyt\u00e4v\u00e4n\u00e4"},"content":{"rendered":"<h2>Valmistaja Toimittaja 20 Ton Hydraulinen Teleskooppisylinteri Myyt\u00e4v\u00e4n\u00e4<\/h2>\n<p>Koe 20 tonnin hydraulisen teleskooppisylinterimme tehokkuus ja kest\u00e4vyys. FMP on huippuluokan tuote. T\u00e4m\u00e4 monivaiheinen hydraulisylinteri on uusi ja standardien mukainen, mik\u00e4 takaa luotettavan ja kest\u00e4v\u00e4n suorituskyvyn kaikkiin raskaan kaluston tarpeisiisi.<\/p>\n<p><img loading=\"lazy\" decoding=\"async\" class=\"alignnone  wp-image-6661\" src=\"https:\/\/fmp-components.com\/wp-content\/uploads\/2025\/03\/telescopic-hydraulic-cylinder-10.webp\" alt=\"teleskooppinen hydraulisylinteri\" width=\"888\" height=\"888\" title=\"\" srcset=\"https:\/\/fmp-components.com\/wp-content\/uploads\/2025\/03\/telescopic-hydraulic-cylinder-10.webp 888w, https:\/\/fmp-components.com\/wp-content\/uploads\/2025\/03\/telescopic-hydraulic-cylinder-10-480x480.webp 480w\" sizes=\"(min-width: 0px) and (max-width: 480px) 480px, (min-width: 481px) 888px, 100vw\" \/><\/p>\n<h3>Ominaisuudet ja toiminnallisuus<\/h3>\n<p>Hydraulinen teleskooppisylinteri ylpeilee 3000 tonnin ty\u00f6nt\u00f6voimalla ja 20 tonnin vetovoimalla. Se on valmistettu tukevasta ter\u00e4ksest\u00e4 ja toimii hydraulisesti. Sylinteri sopii useille eri teollisuudenaloille, kuten konepajoille, maatiloille, energia- ja kaivosteollisuudelle, konevalmistukseen ja konetehtaisiin.<\/p>\n<h3>Tuotteen tekniset tiedot<\/h3>\n<table style=\"width: 100.077%;\" border=\"\">\n<tbody>\n<tr>\n<td style=\"width: 42.9379%;\"><i>Rei\u00e4n koko<\/i><\/td>\n<td style=\"width: 474.576%;\">2\u20136 tuumaa<\/td>\n<\/tr>\n<tr>\n<td style=\"width: 42.9379%;\"><i>Tangon koko<\/i><\/td>\n<td style=\"width: 474.576%;\">1,125\u20134 tuumaa<\/td>\n<\/tr>\n<tr>\n<td style=\"width: 42.9379%;\"><i>Iskun koko<\/i><\/td>\n<td style=\"width: 474.576%;\">4\u2013100 tuumaa<\/td>\n<\/tr>\n<tr>\n<td style=\"width: 42.9379%;\"><i>Tapin koko<\/i><\/td>\n<td style=\"width: 474.576%;\">0,5\u20132 tuumaa<\/td>\n<\/tr>\n<tr>\n<td style=\"width: 42.9379%;\"><i>Portit<\/i><\/td>\n<td style=\"width: 474.576%;\">G\/SAE\/NPT\/M<\/td>\n<\/tr>\n<\/tbody>\n<\/table>\n<h3>Keskeiset edut<\/h3>\n<ul>\n<li>Energiatehokas: Hydraulisylinteri toimii tehokkaasti varmistaen maksimaalisen tuottavuuden ja minimaalisen energiankulutuksen.<\/li>\n<li>Korkea suorituskyky: T\u00e4m\u00e4n sylinterin suurin ty\u00f6nt\u00f6voima on 3000 Nm ja vetovoima 20 tonnia, joten se on suunniteltu tehokkaisiin teht\u00e4viin.<\/li>\n<li>Turvallisuus: Turvallisuus mieless\u00e4 suunniteltu hydraulisylinteri on valmistettu kest\u00e4vist\u00e4 materiaaleista, jotka kest\u00e4v\u00e4t korkeaa painetta.<\/li>\n<\/ul>\n<h2>Hydraulij\u00e4rjestelm\u00e4 ja toimintaperiaate<\/h2>\n<p>Hydraulinen teleskooppisylinteri toimii muuttamalla hydraulisen energian tehokkaasti mekaaniseksi liikkeeksi. Prosessi alkaa, kun pumppu paineistaa hydraulinestett\u00e4, mik\u00e4 luo merkitt\u00e4v\u00e4n voiman. T\u00e4m\u00e4 paineistettu neste johdetaan sitten teleskooppisylinteriin, jossa se vaikuttaa sis\u00e4ll\u00e4 olevaan m\u00e4nt\u00e4\u00e4n\/m\u00e4ntiin. Kun hydraulineste saapuu sylinteriin, se tuottaa painetta, joka pident\u00e4\u00e4 sylinterin sis\u00e4osia, mik\u00e4 mahdollistaa huomattavan lineaarisen liikkeen. T\u00e4m\u00e4 ainutlaatuinen rakenne mahdollistaa hydraulisylinterin vaikuttavat jatkepituudet s\u00e4ilytt\u00e4en samalla kompaktin koon sis\u00e4\u00e4nvedettyn\u00e4.<\/p>\n<p>Kyky muuntaa hydraulinen energia mekaaniseksi liikkeeksi tekee teleskooppisylintereist\u00e4 korvaamattomia monissa sovelluksissa. Paineistetun nesteen tuottamaa voimaa voidaan s\u00e4\u00e4t\u00e4\u00e4 tarkasti, jolloin k\u00e4ytt\u00e4j\u00e4t voivat saavuttaa sujuvia ja tarkkoja liikkeit\u00e4. T\u00e4m\u00e4 ominaisuus on ratkaisevan t\u00e4rke\u00e4 ymp\u00e4rist\u00f6iss\u00e4, joissa vaaditaan tarkkaa paikannusta ja tehokasta nostoa, mik\u00e4 tekee hydraulisista teleskooppisylintereist\u00e4 elint\u00e4rke\u00e4n osan nykyaikaisissa koneissa ja laitteissa.<\/p>\n<h3>Hydraulisylinterin k\u00e4ytt\u00f6<\/h3>\n<p>Hydraulisylinteri\u00e4 k\u00e4ytet\u00e4\u00e4n laajasti useilla eri teollisuudenaloilla, kuten koneiden valmistuksessa ja korjauksessa, maataloudessa, energia-alalla ja kaivosteollisuudessa. Koneiden valmistuksessa ja korjauksessa se helpottaa raskaiden laitteiden nostamista ja sijoittamista, tehostaa huoltoteht\u00e4vi\u00e4 ja parantaa toiminnan tehokkuutta. Sen kest\u00e4v\u00e4 rakenne varmistaa, ett\u00e4 se kest\u00e4\u00e4 n\u00e4iss\u00e4 ymp\u00e4rist\u00f6iss\u00e4 tyypilliset vaativat olosuhteet.<\/p>\n<p>Maataloussektorilla hydraulisylinterit ovat v\u00e4ltt\u00e4m\u00e4tt\u00f6mi\u00e4 erilaisten koneiden, kuten traktoreiden ja kuormaajien, k\u00e4yt\u00f6ss\u00e4. Ne mahdollistavat toimintoja, kuten materiaalien nostamisen, kallistuksen ja tyhjennyksen, mik\u00e4 parantaa merkitt\u00e4v\u00e4sti maatilojen tuottavuutta ja tehokkuutta. Kyky suorittaa n\u00e4m\u00e4 teht\u00e4v\u00e4t tarkasti on elint\u00e4rke\u00e4\u00e4 maataloustoiminnan optimoimiseksi ja teht\u00e4vien oikea-aikaisen suorittamisen varmistamiseksi.<\/p>\n<p>Energia- ja kaivosteollisuudessa hydraulisylintereill\u00e4 on ratkaiseva rooli esimerkiksi porauksessa, kaivauksessa ja materiaalink\u00e4sittelyss\u00e4. Niiden kyky tuottaa huomattavaa voimaa tekee niist\u00e4 sopivia n\u00e4iden alojen tiukkoihin vaatimuksiin, joissa luotettavuus ja suorituskyky ovat ensiarvoisen t\u00e4rkeit\u00e4. Olipa kyse sitten raskaiden kuormien nostamisesta tai koneiden ohjaamisesta, hydraulisylinterit tarjoavat tarvittavaa tehoa ja tarkkuutta alan haasteisiin vastaamiseksi.<\/p>\n<h2>Hydraulisylinterit ja voimayksik\u00f6t<\/h2>\n<p>Hydraulisylinterit ja voimayksik\u00f6t ovat hydraulisten j\u00e4rjestelmien olennaisia \u200b\u200bosia, jotka toimivat yhdess\u00e4 varmistaakseen hydrauliteknologian tehokkaan soveltamisen teollisissa ymp\u00e4rist\u00f6iss\u00e4. Hydraulisylinteri toimii toimilaitteena, joka muuntaa hydraulisen energian mekaaniseksi liikkeeksi, kun taas voimayksikk\u00f6 toimii energianl\u00e4hteen\u00e4, joka tuottaa j\u00e4rjestelm\u00e4n k\u00e4ytt\u00e4miseen tarvittavan paineen ja virtauksen.<\/p>\n<p>T\u00e4m\u00e4 yhteisty\u00f6toiminto on v\u00e4ltt\u00e4m\u00e4t\u00f6n luotettavan tehon ja ohjauksen tarjoamiseksi erilaisille teknisille ja mekaanisille laitteille. Voimayksikk\u00f6 koostuu tyypillisesti hydraulipumpusta, moottorista, s\u00e4ili\u00f6st\u00e4 ja ohjausventtiileist\u00e4, jotka toimivat yhdess\u00e4 optimaalisen paineen ja virtausnopeuden yll\u00e4pit\u00e4miseksi. Varmistamalla, ett\u00e4 hydraulisylinterit saavat oikean m\u00e4\u00e4r\u00e4n paineistettua nestett\u00e4, voimayksikk\u00f6 parantaa hydraulij\u00e4rjestelm\u00e4n yleist\u00e4 suorituskyky\u00e4 ja tehokkuutta.<\/p>\n<p>FMP:ll\u00e4 ymm\u00e4rr\u00e4mme t\u00e4m\u00e4n synergian t\u00e4rkeyden ja tarjoamme kattavan valikoiman voimayksik\u00f6it\u00e4 myyntiin. Ratkaisumme on suunniteltu vastaamaan kaikkiin hydrauliikkaj\u00e4rjestelm\u00e4si tarpeisiin, jotta voit saavuttaa optimaalisen suorituskyvyn sovelluksissasi. Sitoutumalla laatuun ja luotettavuuteen varmistamme, ett\u00e4 hydraulisylinterimme ja voimayksikk\u00f6mme toimivat saumattomasti yhdess\u00e4 ja tarjoavat toiminnassasi tarvittavan suorituskyvyn ja tehokkuuden.<\/p>\n<p><img loading=\"lazy\" decoding=\"async\" class=\"alignnone  wp-image-6662\" src=\"https:\/\/fmp-components.com\/wp-content\/uploads\/2025\/03\/telescopic-hydraulic-cylinder-4.webp\" alt=\"teleskooppinen hydraulisylinteri\" width=\"999\" height=\"999\" title=\"\" srcset=\"https:\/\/fmp-components.com\/wp-content\/uploads\/2025\/03\/telescopic-hydraulic-cylinder-4.webp 999w, https:\/\/fmp-components.com\/wp-content\/uploads\/2025\/03\/telescopic-hydraulic-cylinder-4-480x480.webp 480w\" sizes=\"(min-width: 0px) and (max-width: 480px) 480px, (min-width: 481px) 999px, 100vw\" \/><\/p>\n<h2>Usein kysytyt kysymykset<\/h2>\n<p><span>K: Oletko kauppayhti\u00f6 vai valmistaja?<\/span><br \/>\n<span>V: Olemme valmistaja.<\/span><br \/>\n<span>K: Kuinka pitk\u00e4 on toimitusaikanne?<\/span><br \/>\n<span>V: Yleens\u00e4 se on 25\u201335 p\u00e4iv\u00e4\u00e4.<\/span><br \/>\n<span>K: Toimitatteko n\u00e4ytteit\u00e4? Onko se ilmaista vai lis\u00e4maksullista?<\/span><br \/>\n<span>V: Kyll\u00e4, voisimme tarjota n\u00e4ytteen, mutta se ei ole ilmainen.<\/span>&#8221;<\/p>\n<h3>Tietoja FMP:st\u00e4<\/h3>\n<p>FMP on johtava italialainen valmistaja, joka tunnetaan korkealaatuisten hydraulisylintereiden suunnittelusta, kehitt\u00e4misest\u00e4 ja tuotannosta. Vuosikymmenten kokemuksella yhdist\u00e4mme perinteisen italialaisen k\u00e4sity\u00f6taidon edistyneeseen teknologiaan toimittaaksemme erinomaisia \u200b\u200bhydraulisia ratkaisuja, jotka on r\u00e4\u00e4t\u00e4l\u00f6ity globaalin asiakaskuntamme monipuolisiin tarpeisiin. Italiassa, insin\u00f6\u00f6ritaidon huippuosaamisen keskuksessa, sijaitseva FMP on vakiinnuttanut asemansa luotettavana nimen\u00e4 hydrauliikkateollisuudessa ja on omistautunut tarjoamaan luotettavia, kest\u00e4vi\u00e4 ja innovatiivisia tuotteita, jotka voimaannuttavat yrityksi\u00e4 maailmanlaajuisesti.<\/p>\n<p>Yhdist\u00e4mme parhaat edistykselliset valmistusperinteet tulevaisuuteen suuntautuneeseen l\u00e4hestymistapaan. Laajan hydrauliikkaj\u00e4rjestelmien kokemuksemme ansiosta FMP on kehittynyt nykyaikaiseksi yritykseksi, joka on erinomainen tutkimuksessa, suunnittelussa ja tuotannossa. Erikoistumisalaamme kuuluu laaja valikoima hydraulisylintereit\u00e4, kuten kaksitoimisia sylintereit\u00e4, autojen nostosylintereit\u00e4, maatalouskoneiden sylintereit\u00e4 ja r\u00e4\u00e4t\u00e4l\u00f6ityj\u00e4 ratkaisuja erilaisiin teollisiin sovelluksiin. Hydraulisylinterimme on suunniteltu toimimaan haastavimmissakin olosuhteissa, ja ne takaavat turvallisuuden, tehokkuuden ja pitk\u00e4ik\u00e4isyyden eri aloilla, kuten rakentamisessa, teollisuusasennuksissa, maataloudessa ja raskaissa koneissa.<\/p>\n<p>FMP:ll\u00e4 olemme ylpeit\u00e4 huippumoderneista tuotantolaitoksistamme, jotka on varustettu tarkkuuskoneilla ja edistyneill\u00e4 testausj\u00e4rjestelmill\u00e4. Valmistusprosessimme noudattavat tiukkoja kansallisia ja kansainv\u00e4lisi\u00e4 standardeja, mik\u00e4 takaa, ett\u00e4 jokainen tehtaaltamme l\u00e4htev\u00e4 hydraulisylinteri t\u00e4ytt\u00e4\u00e4 korkeimmat laatu- ja luotettavuusvaatimukset. Taitava tekninen tiimimme yhdistettyn\u00e4 huippuluokan laitteisiin mahdollistaa tiukan laadunvalvonnan jokaisessa tuotantovaiheessa \u2013 raaka-aineiden valinnasta lopputarkastukseen. T\u00e4m\u00e4 sitoutuminen erinomaisuuteen on ansainnut meille sertifikaatteja ja tunnustusta alan viranomaisilta, mik\u00e4 vahvistaa mainettamme luotettavana kumppanina.<\/p>\n<p><img loading=\"lazy\" decoding=\"async\" class=\"alignnone size-full wp-image-6720\" src=\"https:\/\/fmp-components.com\/wp-content\/uploads\/2025\/03\/hydraulic-cylinder-8.webp\" alt=\"Teleskooppiset hydraulisylinterit\" width=\"933\" height=\"526\" title=\"\" srcset=\"https:\/\/fmp-components.com\/wp-content\/uploads\/2025\/03\/hydraulic-cylinder-8.webp 933w, https:\/\/fmp-components.com\/wp-content\/uploads\/2025\/03\/hydraulic-cylinder-8-480x271.webp 480w\" sizes=\"(min-width: 0px) and (max-width: 480px) 480px, (min-width: 481px) 933px, 100vw\" \/><\/p>\n<p>Missiomme on sek\u00e4 yksinkertainen ett\u00e4 kunnianhimoinen: tarjota hydraulisylintereit\u00e4, jotka ylitt\u00e4v\u00e4t odotukset suorituskyvyss\u00e4, kest\u00e4vyydess\u00e4 ja arvossa. Ammattimaisuuden, rehellisyyden ja asiakasl\u00e4ht\u00f6isyyden periaatteiden ohjaamina edist\u00e4mme innovaatio- ja tarkkuuskulttuuria ja jalostamme jatkuvasti tuotteitamme pysy\u00e4ksemme kilpailuedun piiriss\u00e4. Kattavan tuotevalikoimamme ja r\u00e4\u00e4t\u00e4l\u00f6ityjen ratkaisujen tarjoamiskykymme ansiosta olemme ensisijainen valinta yrityksille, jotka etsiv\u00e4t tehokkaita hydraulisylintereit\u00e4.<\/p>\n<p>FMP on enemm\u00e4n kuin vain valmistaja; olemme kumppani menestyksess\u00e4si. Ymm\u00e4rr\u00e4mme, ett\u00e4 asiakkaamme luottavat meihin ty\u00f6kalujen toimittamisessa, jotka parantavat heid\u00e4n tuottavuuttaan ja turvallisuuttaan. Siksi olemme sitoutuneet tarjoamaan paitsi huippuluokan tuotteita, my\u00f6s poikkeuksellista palvelua. Alustavasta konsultoinnista myynnin j\u00e4lkeiseen tukeen teemme tiivist\u00e4 yhteisty\u00f6t\u00e4 asiakkaidemme kanssa varmistaaksemme, ett\u00e4 heid\u00e4n tarpeensa t\u00e4ytet\u00e4\u00e4n ammattitaitoisesti ja huolellisesti. Kilpailukykyiset hintamme yhdistettyn\u00e4 horjumattomaan sitoutumiseemme laatuun tekev\u00e4t FMP:st\u00e4 \u00e4lykk\u00e4\u00e4n valinnan yrityksille, jotka haluavat investoida luotettaviin hydrauliikkaratkaisuihin.<\/p>","protected":false},"excerpt":{"rendered":"<p>Manufacturer Supplier 20 Ton Hydraulic Telescopic Cylinder for Sale Experience the power and efficiency of our 20 Ton Hydraulic Telescopic Cylinder, a top-notch product From FMP. This multistage hydraulic cylinder is new and built to standard, ensuring reliable and robust performance for all your heavy-duty needs. Features and Functionality The hydraulic telescopic cylinder boasts of [&hellip;]<\/p>","protected":false},"featured_media":6740,"comment_status":"closed","ping_status":"closed","template":"","meta":{"_et_pb_use_builder":"","_et_pb_old_content":"","_et_gb_content_width":""},"product_brand":[],"product_cat":[103],"product_tag":[34,105],"class_list":{"0":"post-6548","1":"product","2":"type-product","3":"status-publish","4":"has-post-thumbnail","6":"product_cat-telescopic-hydraulic-cylinders","7":"product_tag-hydraulic-cylinder","8":"product_tag-telescopic-hydraulic-cylinders","10":"first","11":"instock","12":"product-type-simple"},"_links":{"self":[{"href":"https:\/\/fmp-components.com\/fi\/wp-json\/wp\/v2\/product\/6548","targetHints":{"allow":["GET"]}}],"collection":[{"href":"https:\/\/fmp-components.com\/fi\/wp-json\/wp\/v2\/product"}],"about":[{"href":"https:\/\/fmp-components.com\/fi\/wp-json\/wp\/v2\/types\/product"}],"replies":[{"embeddable":true,"href":"https:\/\/fmp-components.com\/fi\/wp-json\/wp\/v2\/comments?post=6548"}],"wp:featuredmedia":[{"embeddable":true,"href":"https:\/\/fmp-components.com\/fi\/wp-json\/wp\/v2\/media\/6740"}],"wp:attachment":[{"href":"https:\/\/fmp-components.com\/fi\/wp-json\/wp\/v2\/media?parent=6548"}],"wp:term":[{"taxonomy":"product_brand","embeddable":true,"href":"https:\/\/fmp-components.com\/fi\/wp-json\/wp\/v2\/product_brand?post=6548"},{"taxonomy":"product_cat","embeddable":true,"href":"https:\/\/fmp-components.com\/fi\/wp-json\/wp\/v2\/product_cat?post=6548"},{"taxonomy":"product_tag","embeddable":true,"href":"https:\/\/fmp-components.com\/fi\/wp-json\/wp\/v2\/product_tag?post=6548"}],"curies":[{"name":"wp","href":"https:\/\/api.w.org\/{rel}","templated":true}]}}