{"id":6546,"date":"2025-03-11T06:28:19","date_gmt":"2025-03-11T06:28:19","guid":{"rendered":"https:\/\/fmp-components.com\/product\/professional-5-stage-multi-stage-telescopic-hydraulic-cylinder"},"modified":"2025-03-12T02:00:00","modified_gmt":"2025-03-12T02:00:00","slug":"professional-5-stage-multi-stage-telescopic-hydraulic-cylinder","status":"publish","type":"product","link":"https:\/\/fmp-components.com\/fi\/product\/professional-5-stage-multi-stage-telescopic-hydraulic-cylinder\/","title":{"rendered":"Ammattimainen 5-vaiheinen monivaiheinen teleskooppinen hydraulisylinteri"},"content":{"rendered":"<h2>Ammattimainen 5-vaiheinen monivaiheinen teleskooppinen hydraulisylinteri<\/h2>\n<p>Esittelyss\u00e4 huippuluokan ammattimainen 5-vaiheinen monivaiheinen teleskooppinen hydraulisylinterimme. T\u00e4m\u00e4 huippuluokan hydraulisylinteri on suunniteltu laajaan k\u00e4ytt\u00f6\u00f6n eri toimialoilla, kuten konepajoissa, maatiloilla, energia- ja kaivosteollisuudessa sek\u00e4 valmistuksessa. Se on t\u00e4rke\u00e4 komponentti, joka tunnetaan poikkeuksellisesta toiminnallisuudestaan, kest\u00e4vyydest\u00e4\u00e4n ja tehokkuudestaan.<\/p>\n<h2>Tuotteen tekniset tiedot<\/h2>\n<table style=\"width: 102.74%;\" border=\"\">\n<tbody>\n<tr>\n<th style=\"width: 42.9185%;\">Tuotteen nimi<\/th>\n<td style=\"width: 357.94%;\">Teleskooppisylinteri<\/td>\n<\/tr>\n<tr>\n<th style=\"width: 42.9185%;\">Sertifiointi<\/th>\n<td style=\"width: 357.94%;\">ISO9001:2000<\/td>\n<\/tr>\n<tr>\n<th style=\"width: 42.9185%;\">Rei\u00e4n koko<\/th>\n<td style=\"width: 357.94%;\">2\u20136 tuumaa<\/td>\n<\/tr>\n<tr>\n<th style=\"width: 42.9185%;\">Tangon koko<\/th>\n<td style=\"width: 357.94%;\">1,125\u20134 tuumaa<\/td>\n<\/tr>\n<tr>\n<th style=\"width: 42.9185%;\">Iskun koko<\/th>\n<td style=\"width: 357.94%;\">4\u2013100 tuumaa<\/td>\n<\/tr>\n<tr>\n<th style=\"width: 42.9185%;\">Tapin koko<\/th>\n<td style=\"width: 357.94%;\">0,5\u20132 tuumaa<\/td>\n<\/tr>\n<tr>\n<th style=\"width: 42.9185%;\">Portit<\/th>\n<td style=\"width: 357.94%;\">G\/SAE\/NPT\/M<\/td>\n<\/tr>\n<\/tbody>\n<\/table>\n<h2>Erottuvia ominaisuuksia ja etuja<\/h2>\n<ul>\n<li>Energiatehokas: Pienempi energiankulutus.<\/li>\n<li>Korkea suorituskyky: Varmistaa sujuvan ja tehokkaan toiminnan.<\/li>\n<li>Turvallisuus: Suunniteltu k\u00e4ytt\u00e4j\u00e4n turvallisuus mieless\u00e4.<\/li>\n<\/ul>\n<h2>Hydraulij\u00e4rjestelmien ja niiden toimintaperiaatteen ymm\u00e4rt\u00e4minen<\/h2>\n<p>Hydraulij\u00e4rjestelm\u00e4t toimivat nestepaineen perusperiaatteella, jonka mukaan paineen muutos miss\u00e4 tahansa suljetun nesteen pisteess\u00e4 v\u00e4littyy muuttumattomana kaikkiin muihin nesteen pisteisiin. T\u00e4m\u00e4 keskeinen periaate on hydraulisten sylinterien toiminnan perusta, sill\u00e4 ne toimivat toimilaitteina, jotka muuntavat hydraulisen energian mekaaniseksi energiaksi. Valjastamalla paineistetun nesteen voiman hydrauliset j\u00e4rjestelm\u00e4t tarjoavat eritt\u00e4in tehokkaan tavan suorittaa monenlaisia \u200b\u200bteht\u00e4vi\u00e4 raskaiden kuormien nostamisesta tarkkojen liikkeiden helpottamiseen erilaisissa teollisissa sovelluksissa.<\/p>\n<p><img loading=\"lazy\" decoding=\"async\" class=\"alignnone  wp-image-6661\" src=\"https:\/\/fmp-components.com\/wp-content\/uploads\/2025\/03\/telescopic-hydraulic-cylinder-10.webp\" alt=\"teleskooppinen hydraulisylinteri\" width=\"896\" height=\"896\" title=\"\" srcset=\"https:\/\/fmp-components.com\/wp-content\/uploads\/2025\/03\/telescopic-hydraulic-cylinder-10.webp 896w, https:\/\/fmp-components.com\/wp-content\/uploads\/2025\/03\/telescopic-hydraulic-cylinder-10-480x480.webp 480w\" sizes=\"(min-width: 0px) and (max-width: 480px) 480px, (min-width: 481px) 896px, 100vw\" \/><\/p>\n<p>Hydraulij\u00e4rjestelmien tehokkuus johtuu suurelta osin k\u00e4ytetyn nesteen kokoonpuristumattomuudesta. Kun hydraulinesteeseen kohdistetaan painetta, se liikkuu j\u00e4rjestelm\u00e4n l\u00e4pi ja luo voimaa, jota voidaan ohjata tiettyjen toimintojen suorittamiseen. T\u00e4m\u00e4 saumaton paineensiirto mahdollistaa nopeat ja tehokkaat liikkeet, mik\u00e4 tekee hydraulij\u00e4rjestelmist\u00e4 erityisen tehokkaita teht\u00e4viss\u00e4, jotka vaativat suurta voimantuottoa minimaalisella fyysisell\u00e4 ponnistelulla. T\u00e4m\u00e4n paineen hallinta ja manipulointi mahdollistaa hydraulisylintereiden toiminnan niin tarkasti ja luotettavasti.<\/p>\n<h2>Hydraulisylinterit ja voimayksik\u00f6t<\/h2>\n<p>Hydraulisylinterit ja voimayksik\u00f6t ovat v\u00e4ltt\u00e4m\u00e4tt\u00f6mi\u00e4 komponentteja hydraulij\u00e4rjestelmiss\u00e4. Niiden synergia on ratkaisevan t\u00e4rke\u00e4\u00e4 hydrauliteknologian laajalle soveltamiselle teollisuudessa, sill\u00e4 se tarjoaa luotettavaa tehonsy\u00f6tt\u00f6\u00e4 ja ohjausta erilaisille teknisille ja mekaanisille laitteille.<\/p>\n<p>Hydraulisylinteri toimii toimilaitteena, joka muuntaa hydraulisen energian mekaaniseksi liikkeeksi. Se saavuttaa t\u00e4m\u00e4n muuttamalla paineen voimaksi, jolloin sylinteri voi nostaa, ty\u00f6nt\u00e4\u00e4 tai vet\u00e4\u00e4 esineit\u00e4 huomattavan tehokkaasti. Sylinterin rakenne mahdollistaa vaihtelevat iskunpituudet ja voimantuotot, joten se soveltuu monenlaisiin sovelluksiin rakennuskoneista autonostimiin.<\/p>\n<p>Toisaalta voimayksikk\u00f6 toimii hydraulij\u00e4rjestelm\u00e4n syd\u00e4men\u00e4. Se tuottaa energian, jota tarvitaan hydraulinesteen kuljettamiseen j\u00e4rjestelm\u00e4n l\u00e4pi, ja tarjoaa toiminnan edellytt\u00e4m\u00e4t ohjaussignaalit. Voimayksikk\u00f6 koostuu tyypillisesti moottorista, pumpusta, s\u00e4ili\u00f6st\u00e4 ja ohjausventtiileist\u00e4, ja se on v\u00e4ltt\u00e4m\u00e4t\u00f6n tasaisen paineen ja virtausnopeuksien yll\u00e4pit\u00e4miseksi hydraulij\u00e4rjestelm\u00e4ss\u00e4. Hydraulisylinterin ja voimayksik\u00f6n v\u00e4linen koordinointi on elint\u00e4rke\u00e4\u00e4; vain niiden harmonisen toiminnan ansiosta hydraulij\u00e4rjestelm\u00e4 voi toimia tehokkaasti ja luotettavasti.<\/p>\n<p><img loading=\"lazy\" decoding=\"async\" class=\"alignnone  wp-image-6662\" src=\"https:\/\/fmp-components.com\/wp-content\/uploads\/2025\/03\/telescopic-hydraulic-cylinder-4.webp\" alt=\"teleskooppinen hydraulisylinteri\" width=\"907\" height=\"907\" title=\"\" srcset=\"https:\/\/fmp-components.com\/wp-content\/uploads\/2025\/03\/telescopic-hydraulic-cylinder-4.webp 907w, https:\/\/fmp-components.com\/wp-content\/uploads\/2025\/03\/telescopic-hydraulic-cylinder-4-480x480.webp 480w\" sizes=\"(min-width: 0px) and (max-width: 480px) 480px, (min-width: 481px) 907px, 100vw\" \/><\/p>\n<p>FMP:ll\u00e4 ymm\u00e4rr\u00e4mme n\u00e4iden komponenttien t\u00e4rkeyden hydraulisissa sovelluksissa ja olemme ylpeit\u00e4 voidessamme tarjota ostettavaksi korkealaatuisia voimayksik\u00f6it\u00e4. Tarjoamalla sek\u00e4 hydraulisylintereit\u00e4 ett\u00e4 voimayksik\u00f6it\u00e4 varmistamme, ett\u00e4 asiakkaillamme on k\u00e4yt\u00f6ss\u00e4\u00e4n kaikki tarvittavat elementit tehokkaiden ja toimivien hydraulij\u00e4rjestelmien luomiseksi. T\u00e4m\u00e4 kokonaisvaltainen l\u00e4hestymistapa antaa meille mahdollisuuden tukea laajaa kirjoa toimialoja ja antaa yrityksille mahdollisuuden parantaa toimintakyky\u00e4\u00e4n luotettavien hydrauliratkaisujen avulla.<\/p>\n<h2>Usein kysytyt kysymykset<\/h2>\n<dl>\n<dt>K: Oletko kauppayhti\u00f6 vai valmistaja?<\/dt>\n<dd>A: Olemme tehdas.<\/dd>\n<dt>K: Kuinka pitk\u00e4 on toimitusaikanne?<\/dt>\n<dd>V: Yleens\u00e4 se on 25\u201335 p\u00e4iv\u00e4\u00e4.<\/dd>\n<dt>K: Tarjoatteko n\u00e4ytteit\u00e4? Ovatko ne ilmaisia \u200b\u200bvai ylim\u00e4\u00e4r\u00e4isi\u00e4?<\/dt>\n<dd>V: Kyll\u00e4, voisimme tarjota n\u00e4ytteen, mutta se ei ole ilmainen.<\/dd>\n<\/dl>\n<h3>Tietoja FMP:st\u00e4<\/h3>\n<p>FMP on johtava italialainen valmistaja, joka on erikoistunut huippulaatuisten hydraulisylintereiden suunnitteluun, kehitt\u00e4miseen ja tuotantoon. Vuosikymmenten kokemuksella yhdist\u00e4mme saumattomasti italialaisen k\u00e4sity\u00f6taidon huipputeknologiaan ja toimitamme poikkeuksellisia hydraulisia ratkaisuja, jotka on r\u00e4\u00e4t\u00e4l\u00f6ity globaalin asiakaskuntamme monipuolisiin tarpeisiin. Italiassa \u2013 insin\u00f6\u00f6ritaidon keskuksessa \u2013 sijaitseva FMP on vakiinnuttanut asemansa luotettavana nimen\u00e4 hydrauliikkateollisuudessa ja on omistautunut tarjoamaan luotettavia, kest\u00e4vi\u00e4 ja innovatiivisia tuotteita, jotka voimaannuttavat yrityksi\u00e4 ymp\u00e4ri maailmaa.<\/p>\n<p>Yrityksemme yhdist\u00e4\u00e4 edistykselliset valmistusperinteet tulevaisuuteen suuntautuneeseen l\u00e4hestymistapaan. Hy\u00f6dynt\u00e4m\u00e4ll\u00e4 laajaa kokemustaan \u200b\u200bhydraulij\u00e4rjestelmist\u00e4, FMP on kehittynyt nykyaikaiseksi yritykseksi, joka on erinomainen tutkimuksessa, suunnittelussa ja tuotannossa. Tarjoamme laajan valikoiman hydraulisylintereit\u00e4, mukaan lukien kaksitoimiset sylinterit, autojen nostosylinterit, maatalouskoneiden sylinterit ja r\u00e4\u00e4t\u00e4l\u00f6ityj\u00e4 ratkaisuja erilaisiin teollisiin sovelluksiin. Toimialasta riippumatta \u2013 olipa kyseess\u00e4 rakentaminen, teollisuusasennukset, maatalous tai raskaat koneet \u2013 hydraulisylinterimme on suunniteltu toimimaan vaativimmissakin olosuhteissa varmistaen turvallisuuden, tehokkuuden ja pitk\u00e4n k\u00e4ytt\u00f6i\u00e4n.<\/p>\n<p><img loading=\"lazy\" decoding=\"async\" class=\"alignnone size-full wp-image-6720\" src=\"https:\/\/fmp-components.com\/wp-content\/uploads\/2025\/03\/hydraulic-cylinder-8.webp\" alt=\"Teleskooppiset hydraulisylinterit\" width=\"933\" height=\"526\" title=\"\" srcset=\"https:\/\/fmp-components.com\/wp-content\/uploads\/2025\/03\/hydraulic-cylinder-8.webp 933w, https:\/\/fmp-components.com\/wp-content\/uploads\/2025\/03\/hydraulic-cylinder-8-480x271.webp 480w\" sizes=\"(min-width: 0px) and (max-width: 480px) 480px, (min-width: 481px) 933px, 100vw\" \/><\/p>\n<p>FMP:ll\u00e4 olemme ylpeit\u00e4 huippumoderneista tuotantolaitoksistamme, jotka on varustettu tarkkuuskoneilla ja edistyneill\u00e4 testausj\u00e4rjestelmill\u00e4. Valmistusprosessimme t\u00e4ytt\u00e4v\u00e4t tiukat kansalliset ja kansainv\u00e4liset standardit varmistaen, ett\u00e4 jokainen valmistettu hydraulisylinteri on korkealaatuista ja luotettavaa. Taitava tekninen tiimimme yhdistettyn\u00e4 huippuluokan laitteisiin mahdollistaa tiukan laadunvalvonnan tuotannon jokaisessa vaiheessa \u2013 raaka-aineiden valinnasta lopputarkastukseen. T\u00e4m\u00e4 sitoutuminen erinomaisuuteen on ansainnut meille sertifikaatteja ja tunnustusta alan viranomaisilta, mik\u00e4 on vahvistanut mainettamme luotettavana kumppanina.<\/p>\n<p>Missiomme on sek\u00e4 suoraviivainen ett\u00e4 kunnianhimoinen: tarjota asiakkaillemme hydraulisylintereit\u00e4, jotka ylitt\u00e4v\u00e4t odotukset suorituskyvyss\u00e4, kest\u00e4vyydess\u00e4 ja arvossa. Toimimme ammattitaidon, rehellisyyden ja asiakasl\u00e4ht\u00f6isyyden ydinperiaatteiden mukaisesti. Edist\u00e4m\u00e4ll\u00e4 innovaatio- ja tarkkuuskulttuuria ja jalostamme jatkuvasti tuotteitamme pysy\u00e4ksemme kilpailuedulla. Kattava tuotevalikoimamme ja kykymme tarjota r\u00e4\u00e4t\u00e4l\u00f6ityj\u00e4 ratkaisuja tekev\u00e4t meist\u00e4 ensisijaisen valinnan yrityksille, jotka etsiv\u00e4t tehokkaita hydraulisylintereit\u00e4.<\/p>\n<p>FMP on enemm\u00e4n kuin vain valmistaja; olemme kumppani menestyksess\u00e4si. Ymm\u00e4rr\u00e4mme, ett\u00e4 asiakkaamme luottavat meihin ty\u00f6kalujen toimittamisessa, jotka parantavat tuottavuutta ja turvallisuutta. Siksi olemme sitoutuneet paitsi toimittamaan huippuluokan tuotteita, my\u00f6s tarjoamaan poikkeuksellista palvelua. Alustavista konsultaatioista myynnin j\u00e4lkeiseen tukeen teemme tiivist\u00e4 yhteisty\u00f6t\u00e4 asiakkaidemme kanssa varmistaaksemme, ett\u00e4 heid\u00e4n tarpeensa t\u00e4ytet\u00e4\u00e4n ammattitaitoisesti ja huolellisesti. Kilpailukykyiset hintamme yhdistettyn\u00e4 horjumattomaan sitoutumiseemme laatuun tekev\u00e4t FMP:st\u00e4 \u00e4lykk\u00e4\u00e4n valinnan yrityksille, jotka haluavat investoida luotettaviin hydrauliikkaratkaisuihin.<\/p>","protected":false},"excerpt":{"rendered":"<p>Professional 5 Stage Multi Stage Telescopic Hydraulic Cylinder Introducing our top-tier Professional 5 Stage Multi Stage Telescopic Hydraulic Cylinder. This state-of-the-art hydraulic cylinder is designed for extensive use across various industries, including machinery repair shops, farms, energy and mining, and manufacturing. It&#8217;s a crucial component known for its exceptional functionality, durability, and efficiency. Product Specifications [&hellip;]<\/p>","protected":false},"featured_media":6697,"comment_status":"closed","ping_status":"closed","template":"","meta":{"_et_pb_use_builder":"","_et_pb_old_content":"","_et_gb_content_width":""},"product_brand":[],"product_cat":[103],"product_tag":[34,105],"class_list":{"0":"post-6546","1":"product","2":"type-product","3":"status-publish","4":"has-post-thumbnail","6":"product_cat-telescopic-hydraulic-cylinders","7":"product_tag-hydraulic-cylinder","8":"product_tag-telescopic-hydraulic-cylinders","10":"first","11":"instock","12":"product-type-simple"},"_links":{"self":[{"href":"https:\/\/fmp-components.com\/fi\/wp-json\/wp\/v2\/product\/6546","targetHints":{"allow":["GET"]}}],"collection":[{"href":"https:\/\/fmp-components.com\/fi\/wp-json\/wp\/v2\/product"}],"about":[{"href":"https:\/\/fmp-components.com\/fi\/wp-json\/wp\/v2\/types\/product"}],"replies":[{"embeddable":true,"href":"https:\/\/fmp-components.com\/fi\/wp-json\/wp\/v2\/comments?post=6546"}],"wp:featuredmedia":[{"embeddable":true,"href":"https:\/\/fmp-components.com\/fi\/wp-json\/wp\/v2\/media\/6697"}],"wp:attachment":[{"href":"https:\/\/fmp-components.com\/fi\/wp-json\/wp\/v2\/media?parent=6546"}],"wp:term":[{"taxonomy":"product_brand","embeddable":true,"href":"https:\/\/fmp-components.com\/fi\/wp-json\/wp\/v2\/product_brand?post=6546"},{"taxonomy":"product_cat","embeddable":true,"href":"https:\/\/fmp-components.com\/fi\/wp-json\/wp\/v2\/product_cat?post=6546"},{"taxonomy":"product_tag","embeddable":true,"href":"https:\/\/fmp-components.com\/fi\/wp-json\/wp\/v2\/product_tag?post=6546"}],"curies":[{"name":"wp","href":"https:\/\/api.w.org\/{rel}","templated":true}]}}