{"id":6545,"date":"2025-03-11T06:28:19","date_gmt":"2025-03-11T06:28:19","guid":{"rendered":"https:\/\/fmp-components.com\/product\/chinese-factory-dump-truck-hydraulic-cylinders-multistage-hydraulic-cylinder-for-sale"},"modified":"2025-03-18T02:11:48","modified_gmt":"2025-03-18T02:11:48","slug":"italian-factory-dump-truck-hydraulic-cylinders-multistage-hydraulic-cylinder-for-sale","status":"publish","type":"product","link":"https:\/\/fmp-components.com\/fi\/product\/italian-factory-dump-truck-hydraulic-cylinders-multistage-hydraulic-cylinder-for-sale\/","title":{"rendered":"Italialaisen tehtaan kippiauton hydraulisylinterit myyt\u00e4v\u00e4n\u00e4 monivaiheinen hydraulisylinteri"},"content":{"rendered":"<h2>Italialaisen tehtaan kippiauton hydraulisylinterit myyt\u00e4v\u00e4n\u00e4 monivaiheinen hydraulisylinteri<\/h2>\n<p>Esittelemme teille huippuluokan italialaisen tehtaan dumppereiden hydraulisylinterit, monivaiheiset hydraulisylinterit. Asiantuntevasti suunniteltu ja monipuolinen hydraulisylinterimme on suunniteltu vastaamaan eri teollisuudenalojen raskaisiin vaatimuksiin.<\/p>\n<h3>Ominaisuudet ja toiminnot<\/h3>\n<p>Monivaiheinen hydraulisylinterimme on korvaamaton ty\u00f6kalu konepajoissa, maatiloilla, energia- ja kaivosteollisuudessa, konevalmistuksessa ja konetehtaissa. Se on hydraulisesti toimiva vakiom\u00e4nt\u00e4sylinteri, joka varmistaa sujuvan ja tehokkaan toiminnan.<\/p>\n<p><img loading=\"lazy\" decoding=\"async\" class=\"alignnone wp-image-6658\" src=\"https:\/\/fmp-components.com\/wp-content\/uploads\/2025\/03\/telescopic-hydraulic-cylinder-6.webp\" alt=\"teleskooppinen hydraulisylinteri\" width=\"929\" height=\"929\" title=\"\" srcset=\"https:\/\/fmp-components.com\/wp-content\/uploads\/2025\/03\/telescopic-hydraulic-cylinder-6.webp 929w, https:\/\/fmp-components.com\/wp-content\/uploads\/2025\/03\/telescopic-hydraulic-cylinder-6-480x480.webp 480w\" sizes=\"(min-width: 0px) and (max-width: 480px) 480px, (min-width: 481px) 929px, 100vw\" \/><\/p>\n<h3>Tekniset tiedot<\/h3>\n<p>Hydraulisylinterimme ylpeilee seuraavilla ominaisuuksilla:<\/p>\n<table style=\"width: 101.731%; height: 112px;\" border=\"\">\n<tbody>\n<tr>\n<td colspan=\"\" rowspan=\"\"><i>Rei\u00e4n koko<\/i><\/td>\n<td colspan=\"\" rowspan=\"\">2\u20136 tuumaa<\/td>\n<\/tr>\n<tr>\n<td colspan=\"\" rowspan=\"\"><i>Tangon koko<\/i><\/td>\n<td colspan=\"\" rowspan=\"\">1,125\u20134 tuumaa<\/td>\n<\/tr>\n<tr>\n<td colspan=\"\" rowspan=\"\"><i>Iskun koko<\/i><\/td>\n<td colspan=\"\" rowspan=\"\">4\u2013100 tuumaa<\/td>\n<\/tr>\n<tr>\n<td colspan=\"\" rowspan=\"\"><i>Tapin koko<\/i><\/td>\n<td colspan=\"\" rowspan=\"\">0,5\u20132 tuumaa<\/td>\n<\/tr>\n<tr>\n<td colspan=\"\" rowspan=\"\"><i>Portit<\/i><\/td>\n<td colspan=\"\" rowspan=\"\">G\/SAE\/NPT\/M<\/td>\n<\/tr>\n<\/tbody>\n<\/table>\n<h2>Ainutlaatuiset edut<\/h2>\n<h3>Energiatehokas<\/h3>\n<p>Hydraulisylinterimme on suunniteltu energiatehokkuus mieless\u00e4 pit\u00e4en. Ne maksimoivat hydraulinesteen k\u00e4yt\u00f6n merkitt\u00e4v\u00e4n voiman tuottamiseksi ja minimoivat samalla energiankulutuksen. T\u00e4m\u00e4 ei ainoastaan \u200b\u200bv\u00e4henn\u00e4 k\u00e4ytt\u00f6kustannuksia, vaan my\u00f6s edist\u00e4\u00e4 ymp\u00e4rist\u00f6n kest\u00e4vyytt\u00e4 pienent\u00e4m\u00e4ll\u00e4 teollisen toiminnan hiilijalanj\u00e4lke\u00e4. Optimoimalla energiank\u00e4ytt\u00f6\u00e4 sylinterimme varmistavat, ett\u00e4 yritykset voivat saavuttaa toiminnalliset tavoitteensa ilman tarpeetonta j\u00e4tett\u00e4.<\/p>\n<h3>Eritt\u00e4in tehokas<\/h3>\n<p>Energiatehokkuuden lis\u00e4ksi hydrauliikkasylinterimme on suunniteltu eritt\u00e4in tehokkaaksi. Niill\u00e4 on nopeat vasteajat ja tarkka ohjaus, mik\u00e4 mahdollistaa sujuvan ja tehokkaan toiminnan monenlaisissa sovelluksissa. T\u00e4m\u00e4 tehokkuus tarkoittaa lis\u00e4\u00e4ntynytt\u00e4 tuottavuutta, koska teht\u00e4v\u00e4t voidaan suorittaa nopeammin ja tarkemmin. Hydraulisylinterimme on rakennettu kest\u00e4m\u00e4\u00e4n vaativia olosuhteita, mik\u00e4 varmistaa niiden luotettavan toiminnan my\u00f6s haastavimmissa ymp\u00e4rist\u00f6iss\u00e4.<\/p>\n<h3>Turvallinen ja luotettava<\/h3>\n<p>Turvallisuus ja luotettavuus ovat ensiarvoisen t\u00e4rkeit\u00e4 teollisissa sovelluksissa, ja hydraulisylinterimme on suunniteltu t\u00e4ytt\u00e4m\u00e4\u00e4n n\u00e4m\u00e4 kriittiset standardit. Ne on valmistettu korkealaatuisista materiaaleista ja edistyneist\u00e4 suunnittelutekniikoista, mik\u00e4 varmistaa kest\u00e4vyyden ja pitk\u00e4ik\u00e4isyyden. Lis\u00e4ksi jokainen sylinteri k\u00e4y l\u00e4pi tiukat testit sen varmistamiseksi, ett\u00e4 se kest\u00e4\u00e4 korkeita paineita ja raskaita kuormia vioittumatta. T\u00e4m\u00e4 sitoutuminen turvallisuuteen tarkoittaa, ett\u00e4 asiakkaamme voivat k\u00e4ytt\u00e4\u00e4 koneitaan luottavaisin mielin tiet\u00e4en, ett\u00e4 hydrauliset ratkaisumme toimivat luotettavasti.<\/p>\n<p><img loading=\"lazy\" decoding=\"async\" class=\"alignnone wp-image-6657\" src=\"https:\/\/fmp-components.com\/wp-content\/uploads\/2025\/03\/telescopic-hydraulic-cylinder-3.webp\" alt=\"teleskooppinen hydraulisylinteri\" width=\"904\" height=\"904\" title=\"\" srcset=\"https:\/\/fmp-components.com\/wp-content\/uploads\/2025\/03\/telescopic-hydraulic-cylinder-3.webp 904w, https:\/\/fmp-components.com\/wp-content\/uploads\/2025\/03\/telescopic-hydraulic-cylinder-3-480x480.webp 480w\" sizes=\"(min-width: 0px) and (max-width: 480px) 480px, (min-width: 481px) 904px, 100vw\" \/><\/p>\n<h2>Hydraulij\u00e4rjestelm\u00e4 ja toimintaperiaate<\/h2>\n<p>Hydraulisylinterimme toimii Pascalin lain periaatteella, jonka mukaan kaikki paineen muutokset suljetussa kokoonpuristumattomassa nesteess\u00e4 v\u00e4littyv\u00e4t tasaisesti koko nesteeseen. T\u00e4m\u00e4 perusperiaate mahdollistaa hydraulisylinterin tehokkaan lineaarisen liikkeen ja voiman tuottamisen. Kun hydraulineste paineistetaan, se luo voiman, joka liikuttaa sylinterin sis\u00e4ll\u00e4 olevaa m\u00e4nt\u00e4\u00e4 ja muuntaa hydraulisen energian mekaaniseksi liikkeeksi. T\u00e4m\u00e4 tehokas muuntaminen mahdollistaa tehokkaat nosto- ja ty\u00f6nt\u00f6liikkeet, mik\u00e4 tekee hydraulij\u00e4rjestelmist\u00e4 laajasti sovellettavia eri teollisuudenaloilla.<\/p>\n<h2>Hydraulisylinterit ja voimayksik\u00f6t<\/h2>\n<p>Hydraulisylinterit ja voimayksik\u00f6t ovat olennainen osa mit\u00e4 tahansa hydraulij\u00e4rjestelm\u00e4\u00e4. Niiden synergia on v\u00e4ltt\u00e4m\u00e4t\u00f6nt\u00e4 hydrauliteknologian laajalle soveltamiselle teollisuudessa, sill\u00e4 se tarjoaa luotettavaa tehonsy\u00f6tt\u00f6\u00e4 ja ohjausta erilaisille teknisille ja mekaanisille laitteille.<\/p>\n<p>Hydraulisylinteri toimii toimilaitteena, joka vastaa hydraulisen energian muuntamisesta mekaaniseksi liikkeeksi. Se on suunniteltu k\u00e4sittelem\u00e4\u00e4n erilaisia \u200b\u200bteht\u00e4vi\u00e4 raskaiden kuormien nostamisesta koneiden tarkkoihin liikkeisiin. Toisaalta voimayksikk\u00f6 toimii hydraulij\u00e4rjestelm\u00e4n syd\u00e4men\u00e4, joka tuottaa tarvittavan energian hydraulinesteen k\u00e4ytt\u00e4miseen ja varmistaa j\u00e4rjestelm\u00e4n tehokkaan toiminnan.<\/p>\n<p>FMP:ll\u00e4 ymm\u00e4rr\u00e4mme n\u00e4iden komponenttien t\u00e4rkeyden ja olemme ylpeit\u00e4 voidessamme tarjota myyntiin korkealaatuisia voimayksik\u00f6it\u00e4. Tarjoamalla sek\u00e4 hydraulisylintereit\u00e4 ett\u00e4 voimayksik\u00f6it\u00e4 mahdollistamme asiakkaillemme t\u00e4ysin integroitujen hydraulij\u00e4rjestelmien luomisen, jotka parantavat toimintakyky\u00e4. T\u00e4m\u00e4 kokonaisvaltainen l\u00e4hestymistapa antaa yrityksille mahdollisuuden hy\u00f6dynt\u00e4\u00e4 hydrauliteknologian etuja varmistaen tehokkuuden, turvallisuuden ja suorituskyvyn toiminnassaan.<\/p>\n<p><img loading=\"lazy\" decoding=\"async\" class=\"alignnone wp-image-6656\" src=\"https:\/\/fmp-components.com\/wp-content\/uploads\/2025\/03\/telescopic-hydraulic-cylinder-5.webp\" alt=\"teleskooppinen hydraulisylinteri\" width=\"895\" height=\"895\" title=\"\" srcset=\"https:\/\/fmp-components.com\/wp-content\/uploads\/2025\/03\/telescopic-hydraulic-cylinder-5.webp 895w, https:\/\/fmp-components.com\/wp-content\/uploads\/2025\/03\/telescopic-hydraulic-cylinder-5-480x480.webp 480w\" sizes=\"(min-width: 0px) and (max-width: 480px) 480px, (min-width: 481px) 895px, 100vw\" \/><\/p>\n<h2>Usein kysytyt kysymykset<\/h2>\n<p>K: Oletko kauppayhti\u00f6 vai valmistaja?<br \/>\nV: Olemme valmistaja.<br \/>\n<img alt=\"\" \/><br \/>\nK: Mik\u00e4 on toimitusaikanne?<br \/>\nV: Yleens\u00e4 se on 25\u201335 p\u00e4iv\u00e4\u00e4.<br \/>\nK: Toimitatteko n\u00e4ytteit\u00e4? Onko se ilmaista vai lis\u00e4maksullista?<br \/>\nV: Kyll\u00e4, tarjoamme n\u00e4ytteit\u00e4, mutta ne eiv\u00e4t ole ilmaisia.<\/p>\n<h3>Tietoja FMP:st\u00e4<\/h3>\n<p>FMP on johtava italialainen valmistaja, joka on erikoistunut huippulaatuisten hydraulisylintereiden suunnitteluun, kehitt\u00e4miseen ja tuotantoon. Vuosikymmenten kokemuksella yhdist\u00e4mme saumattomasti italialaisen k\u00e4sity\u00f6taidon huipputeknologiaan ja toimitamme poikkeuksellisia hydraulisia ratkaisuja, jotka on r\u00e4\u00e4t\u00e4l\u00f6ity globaalin asiakaskuntamme monipuolisiin tarpeisiin. Italiassa \u2013 insin\u00f6\u00f6ritaidon keskuksessa \u2013 sijaitseva FMP on vakiinnuttanut asemansa luotettavana nimen\u00e4 hydrauliikkateollisuudessa ja on omistautunut tarjoamaan luotettavia, kest\u00e4vi\u00e4 ja innovatiivisia tuotteita, jotka voimaannuttavat yrityksi\u00e4 ymp\u00e4ri maailmaa.<\/p>\n<p>Yrityksemme yhdist\u00e4\u00e4 edistykselliset valmistusperinteet tulevaisuuteen suuntautuneeseen l\u00e4hestymistapaan. Hy\u00f6dynt\u00e4m\u00e4ll\u00e4 laajaa kokemustaan \u200b\u200bhydraulij\u00e4rjestelmist\u00e4, FMP on kehittynyt nykyaikaiseksi yritykseksi, joka on erinomainen tutkimuksessa, suunnittelussa ja tuotannossa. Tarjoamme laajan valikoiman hydraulisylintereit\u00e4, mukaan lukien kaksitoimiset sylinterit, autojen nostosylinterit, maatalouskoneiden sylinterit ja r\u00e4\u00e4t\u00e4l\u00f6ityj\u00e4 ratkaisuja erilaisiin teollisiin sovelluksiin. Toimialasta riippumatta \u2013 olipa kyseess\u00e4 rakentaminen, teollisuusasennukset, maatalous tai raskaat koneet \u2013 hydraulisylinterimme on suunniteltu toimimaan vaativimmissakin olosuhteissa varmistaen turvallisuuden, tehokkuuden ja pitk\u00e4n k\u00e4ytt\u00f6i\u00e4n.<\/p>\n<p><img loading=\"lazy\" decoding=\"async\" class=\"alignnone size-full wp-image-6720\" src=\"https:\/\/fmp-components.com\/wp-content\/uploads\/2025\/03\/hydraulic-cylinder-8.webp\" alt=\"Teleskooppiset hydraulisylinterit\" width=\"933\" height=\"526\" title=\"\" srcset=\"https:\/\/fmp-components.com\/wp-content\/uploads\/2025\/03\/hydraulic-cylinder-8.webp 933w, https:\/\/fmp-components.com\/wp-content\/uploads\/2025\/03\/hydraulic-cylinder-8-480x271.webp 480w\" sizes=\"(min-width: 0px) and (max-width: 480px) 480px, (min-width: 481px) 933px, 100vw\" \/><\/p>\n<p>FMP:ll\u00e4 olemme ylpeit\u00e4 huippumoderneista tuotantolaitoksistamme, jotka on varustettu tarkkuuskoneilla ja edistyneill\u00e4 testausj\u00e4rjestelmill\u00e4. Valmistusprosessimme t\u00e4ytt\u00e4v\u00e4t tiukat kansalliset ja kansainv\u00e4liset standardit varmistaen, ett\u00e4 jokainen valmistettu hydraulisylinteri on korkealaatuista ja luotettavaa. Taitava tekninen tiimimme yhdistettyn\u00e4 huippuluokan laitteisiin mahdollistaa tiukan laadunvalvonnan tuotannon jokaisessa vaiheessa \u2013 raaka-aineiden valinnasta lopputarkastukseen. T\u00e4m\u00e4 sitoutuminen erinomaisuuteen on ansainnut meille sertifikaatteja ja tunnustusta alan viranomaisilta, mik\u00e4 on vahvistanut mainettamme luotettavana kumppanina.<\/p>\n<p>Missiomme on sek\u00e4 suoraviivainen ett\u00e4 kunnianhimoinen: tarjota asiakkaillemme hydraulisylintereit\u00e4, jotka ylitt\u00e4v\u00e4t odotukset suorituskyvyss\u00e4, kest\u00e4vyydess\u00e4 ja arvossa. Toimimme ammattitaidon, rehellisyyden ja asiakasl\u00e4ht\u00f6isyyden ydinperiaatteiden mukaisesti. Edist\u00e4m\u00e4ll\u00e4 innovaatio- ja tarkkuuskulttuuria ja jalostamme jatkuvasti tuotteitamme pysy\u00e4ksemme kilpailuedulla. Kattava tuotevalikoimamme ja kykymme tarjota r\u00e4\u00e4t\u00e4l\u00f6ityj\u00e4 ratkaisuja tekev\u00e4t meist\u00e4 ensisijaisen valinnan yrityksille, jotka etsiv\u00e4t tehokkaita hydraulisylintereit\u00e4.<\/p>\n<p>FMP on enemm\u00e4n kuin vain valmistaja; olemme kumppani menestyksess\u00e4si. Ymm\u00e4rr\u00e4mme, ett\u00e4 asiakkaamme luottavat meihin ty\u00f6kalujen toimittamisessa, jotka parantavat tuottavuutta ja turvallisuutta. Siksi olemme sitoutuneet paitsi toimittamaan huippuluokan tuotteita, my\u00f6s tarjoamaan poikkeuksellista palvelua. Alustavista konsultaatioista myynnin j\u00e4lkeiseen tukeen teemme tiivist\u00e4 yhteisty\u00f6t\u00e4 asiakkaidemme kanssa varmistaaksemme, ett\u00e4 heid\u00e4n tarpeensa t\u00e4ytet\u00e4\u00e4n ammattitaitoisesti ja huolellisesti. Kilpailukykyiset hintamme yhdistettyn\u00e4 horjumattomaan sitoutumiseemme laatuun tekev\u00e4t FMP:st\u00e4 \u00e4lykk\u00e4\u00e4n valinnan yrityksille, jotka haluavat investoida luotettaviin hydrauliikkaratkaisuihin.<\/p>","protected":false},"excerpt":{"rendered":"<p>Italian Factory Dump Truck Hydraulic Cylinders Multistage Hydraulic Cylinder For Sale We present to you our top-of-the-line, Italian Factory Dump Truck Hydraulic Cylinders Multistage Hydraulic Cylinder. Expertly engineered and versatile, our hydraulic cylinder is designed to meet the heavy-duty demands of various industries. Features and Functions Our multistage hydraulic cylinder plays an indispensable role in [&hellip;]<\/p>","protected":false},"featured_media":6699,"comment_status":"closed","ping_status":"closed","template":"","meta":{"_et_pb_use_builder":"","_et_pb_old_content":"","_et_gb_content_width":""},"product_brand":[],"product_cat":[103],"product_tag":[34,105],"class_list":{"0":"post-6545","1":"product","2":"type-product","3":"status-publish","4":"has-post-thumbnail","6":"product_cat-telescopic-hydraulic-cylinders","7":"product_tag-hydraulic-cylinder","8":"product_tag-telescopic-hydraulic-cylinders","10":"first","11":"instock","12":"product-type-simple"},"_links":{"self":[{"href":"https:\/\/fmp-components.com\/fi\/wp-json\/wp\/v2\/product\/6545","targetHints":{"allow":["GET"]}}],"collection":[{"href":"https:\/\/fmp-components.com\/fi\/wp-json\/wp\/v2\/product"}],"about":[{"href":"https:\/\/fmp-components.com\/fi\/wp-json\/wp\/v2\/types\/product"}],"replies":[{"embeddable":true,"href":"https:\/\/fmp-components.com\/fi\/wp-json\/wp\/v2\/comments?post=6545"}],"wp:featuredmedia":[{"embeddable":true,"href":"https:\/\/fmp-components.com\/fi\/wp-json\/wp\/v2\/media\/6699"}],"wp:attachment":[{"href":"https:\/\/fmp-components.com\/fi\/wp-json\/wp\/v2\/media?parent=6545"}],"wp:term":[{"taxonomy":"product_brand","embeddable":true,"href":"https:\/\/fmp-components.com\/fi\/wp-json\/wp\/v2\/product_brand?post=6545"},{"taxonomy":"product_cat","embeddable":true,"href":"https:\/\/fmp-components.com\/fi\/wp-json\/wp\/v2\/product_cat?post=6545"},{"taxonomy":"product_tag","embeddable":true,"href":"https:\/\/fmp-components.com\/fi\/wp-json\/wp\/v2\/product_tag?post=6545"}],"curies":[{"name":"wp","href":"https:\/\/api.w.org\/{rel}","templated":true}]}}