{"id":6543,"date":"2025-03-11T06:28:19","date_gmt":"2025-03-11T06:28:19","guid":{"rendered":"https:\/\/fmp-components.com\/product\/effective-3-stage-20-ton-telescopic-hydraulic-cylinder"},"modified":"2025-03-12T06:53:32","modified_gmt":"2025-03-12T06:53:32","slug":"effective-3-stage-20-ton-telescopic-hydraulic-cylinder","status":"publish","type":"product","link":"https:\/\/fmp-components.com\/fi\/product\/effective-3-stage-20-ton-telescopic-hydraulic-cylinder\/","title":{"rendered":"Tehokas 3-vaiheinen 20 tonnin teleskooppinen hydraulisylinteri"},"content":{"rendered":"<h2>Tehokas 3-vaiheinen 20 tonnin teleskooppinen hydraulisylinteri<\/h2>\n<p>Tehokas 3-vaiheinen 20 tonnin teleskooppinen hydraulisylinteri on korkealaatuinen, monipuolinen ja tehokas ty\u00f6kalu, jota voidaan k\u00e4ytt\u00e4\u00e4 monenlaisissa sovelluksissa. T\u00e4m\u00e4 hydraulisylinteri sopii t\u00e4ydellisesti konepajoihin, maatiloille, energia- ja kaivosteollisuuteen, konevalmistukseen ja konetehtaisiin.<\/p>\n<h3>Toiminnot ja ominaisuudet<\/h3>\n<p>Monivaiheinen hydraulisylinteri saa voimansa hydraulisesta energiasta ja on valmistettu korkealaatuisesta ter\u00e4ksest\u00e4 kest\u00e4vyyden ja lujuuden takaamiseksi. Siin\u00e4 on vakiom\u00e4nt\u00e4rakenne, ja sen ydinkomponentteihin kuuluvat laakerit ja itse hydraulisylinteri. Sylinterin suurin ty\u00f6nt\u00f6voima on 3000 ja suurin vetovoima per\u00e4ti 20 tonnia. Sill\u00e4 on vuoden takuu ja se on sertifioitu ISO9001:2000-standardin mukaisesti.<\/p>\n<p><img loading=\"lazy\" decoding=\"async\" class=\"alignnone  wp-image-6659\" src=\"https:\/\/fmp-components.com\/wp-content\/uploads\/2025\/03\/telescopic-hydraulic-cylinder-12.webp\" alt=\"teleskooppinen hydraulisylinteri\" width=\"848\" height=\"848\" title=\"\" srcset=\"https:\/\/fmp-components.com\/wp-content\/uploads\/2025\/03\/telescopic-hydraulic-cylinder-12.webp 848w, https:\/\/fmp-components.com\/wp-content\/uploads\/2025\/03\/telescopic-hydraulic-cylinder-12-480x480.webp 480w\" sizes=\"(min-width: 0px) and (max-width: 480px) 480px, (min-width: 481px) 848px, 100vw\" \/><\/p>\n<h3>Tekniset parametrit<\/h3>\n<p>Tehokkaan kolmivaiheisen 20 tonnin teleskooppisen hydraulisylinterin sylinterin sis\u00e4halkaisija on 2\u20136 tuumaa, varren koko 1,125\u20134 tuumaa, iskunpituus 4\u2013100 tuumaa ja tapin koko 0,5\u20132 tuumaa. Se on saatavana tyylikk\u00e4\u00e4n mustana. Sylinteri toimitetaan rautalaatikossa, vanerilaatikossa tai pahvilaatikossa mieltymystesi mukaan.<\/p>\n<h3>Teknisten parametrien taulukko<\/h3>\n<table style=\"width: 97.7143%; height: 115px;\" border=\"\">\n<tbody>\n<tr style=\"height: 23px;\">\n<td style=\"height: 23px;\">Rei\u00e4n koko<\/td>\n<td style=\"height: 23px;\">2\u20136 tuumaa<\/td>\n<\/tr>\n<tr style=\"height: 23px;\">\n<td style=\"height: 23px;\">Tangon koko<\/td>\n<td style=\"height: 23px;\">1,125\u20134 tuumaa<\/td>\n<\/tr>\n<tr style=\"height: 23px;\">\n<td style=\"height: 23px;\">Iskun koko<\/td>\n<td style=\"height: 23px;\">4\u2013100 tuumaa<\/td>\n<\/tr>\n<tr style=\"height: 23px;\">\n<td style=\"height: 23px;\">Tapin koko<\/td>\n<td style=\"height: 23px;\">0,5\u20132 tuumaa<\/td>\n<\/tr>\n<tr style=\"height: 23px;\">\n<td style=\"height: 23px;\">Portit<\/td>\n<td style=\"height: 23px;\">G\/SAE\/NPT\/M<\/td>\n<\/tr>\n<\/tbody>\n<\/table>\n<h2>Ainutlaatuiset ominaisuudet ja edut<\/h2>\n<ul>\n<li>Energiatehokas<\/li>\n<li>Eritt\u00e4in tehokas<\/li>\n<li>Turvallisuus taattu<\/li>\n<\/ul>\n<h2>Hydraulij\u00e4rjestelm\u00e4 ja toimintaperiaate<\/h2>\n<p>Tehokkaan kolmivaiheisen 20 tonnin teleskooppisen hydraulisylinterin hydraulij\u00e4rjestelm\u00e4 toimii muuttamalla hydraulienergian mekaaniseksi liikkeeksi ja paineen voimaksi. Sylinteri ja voimayksikk\u00f6 toimivat yhdess\u00e4 varmistaakseen hydraulij\u00e4rjestelm\u00e4n sujuvan toiminnan.<\/p>\n<h2>Sovellusskenaariot<\/h2>\n<p>T\u00e4t\u00e4 hydraulisylinteri\u00e4 k\u00e4ytet\u00e4\u00e4n laajalti konepajoissa, maatiloilla, energia- ja kaivosteollisuudessa, konevalmistuksessa ja konetehtaissa.<\/p>\n<h2>Hydraulisylinterit ja voimayksik\u00f6t<\/h2>\n<p>Hydraulisylinteri ja voimayksikk\u00f6 ovat hydraulij\u00e4rjestelm\u00e4n v\u00e4ltt\u00e4m\u00e4tt\u00f6mi\u00e4 osia. Niiden synergia varmistaa hydraulitekniikan laajan soveltamisen teollisuudessa, tarjoten luotettavaa teho- ja ohjaustukea erilaisille teknisille ja mekaanisille laitteille. Hydraulisylinteri toimilaitteena vastaa hydraulisen energian muuntamisesta mekaaniseksi liikkeeksi ja paineen muuntamisesta voimaksi. Voimayksikk\u00f6 on ydin, joka tuottaa hydraulij\u00e4rjestelm\u00e4n tarvitseman energian ja ohjaussignaalin. N\u00e4iden kahden v\u00e4linen koordinointi varmistaa hydraulij\u00e4rjestelm\u00e4n normaalin toiminnan. Tarjoamme my\u00f6s voimayksik\u00f6it\u00e4 myyntiin.<\/p>\n<p><img loading=\"lazy\" decoding=\"async\" class=\"alignnone size-full wp-image-6660\" src=\"https:\/\/fmp-components.com\/wp-content\/uploads\/2025\/03\/hydraulic-cylinder-workshop-4.webp\" alt=\"teleskooppinen hydraulisylinteri\" width=\"914\" height=\"733\" title=\"\" srcset=\"https:\/\/fmp-components.com\/wp-content\/uploads\/2025\/03\/hydraulic-cylinder-workshop-4.webp 914w, https:\/\/fmp-components.com\/wp-content\/uploads\/2025\/03\/hydraulic-cylinder-workshop-4-480x385.webp 480w\" sizes=\"(min-width: 0px) and (max-width: 480px) 480px, (min-width: 481px) 914px, 100vw\" \/><\/p>\n<h2>Usein kysytyt kysymykset<\/h2>\n<ol>\n<li><strong>Oletko kauppayhti\u00f6 vai valmistaja?<\/strong><br \/>\nOlemme tehdas.<\/li>\n<li><strong>Kuinka pitk\u00e4 on toimitusaikanne?<\/strong><br \/>\nYleens\u00e4 se on 25-35 p\u00e4iv\u00e4\u00e4.<\/li>\n<li><strong>Tarjoatteko n\u00e4ytteit\u00e4? Onko se ilmaista vai lis\u00e4maksusta?<\/strong><br \/>\nKyll\u00e4, voisimme tarjota n\u00e4ytteen, mutta se ei ole ilmainen.<\/li>\n<\/ol>\n<h3>Tietoja FMP:st\u00e4<\/h3>\n<p>FMP on johtava italialainen valmistaja, joka on erikoistunut korkealaatuisten hydraulisylintereiden suunnitteluun, kehitt\u00e4miseen ja tuotantoon. Vuosikymmenten kokemuksella yhdist\u00e4mme perinteisen italialaisen k\u00e4sity\u00f6taidon huipputeknologiaan tarjotaksemme poikkeuksellisia hydraulisia ratkaisuja, jotka vastaavat globaalien asiakkaidemme monipuolisiin tarpeisiin. Italiassa, insin\u00f6\u00f6ritaidon huippuosaamisen keskuksessa, sijaitseva FMP on vakiinnuttanut asemansa luotettavana nimen\u00e4 hydrauliikkateollisuudessa ja on omistautunut toimittamaan luotettavia, kest\u00e4vi\u00e4 ja innovatiivisia tuotteita, jotka voimaannuttavat yrityksi\u00e4 ymp\u00e4ri maailmaa.<\/p>\n<p>Yrityksemme yhdist\u00e4\u00e4 edistykselliset valmistusperinteet tulevaisuuteen suuntautuneeseen l\u00e4hestymistapaan. Hy\u00f6dynt\u00e4m\u00e4ll\u00e4 vuosien kokemustaan \u200b\u200bhydraulij\u00e4rjestelmist\u00e4, FMP on kehittynyt nykyaikaiseksi yritykseksi, joka on erinomainen tutkimuksessa, suunnittelussa ja tuotannossa. Tarjoamme laajan valikoiman hydraulisylintereit\u00e4, mukaan lukien kaksitoimiset sylinterit, autojen nostosylinterit, maatalouskoneiden sylinterit ja r\u00e4\u00e4t\u00e4l\u00f6ityj\u00e4 ratkaisuja erilaisiin teollisiin sovelluksiin. Olipa kyseess\u00e4 rakentaminen, teollisuusasennukset, maatalous tai raskaskoneet, hydraulisylinterimme on suunniteltu toimimaan vaativimmissakin olosuhteissa varmistaen turvallisuuden, tehokkuuden ja pitk\u00e4n k\u00e4ytt\u00f6i\u00e4n.<\/p>\n<p><img loading=\"lazy\" decoding=\"async\" class=\"alignnone size-full wp-image-6720\" src=\"https:\/\/fmp-components.com\/wp-content\/uploads\/2025\/03\/hydraulic-cylinder-8.webp\" alt=\"Teleskooppiset hydraulisylinterit\" width=\"933\" height=\"526\" title=\"\" srcset=\"https:\/\/fmp-components.com\/wp-content\/uploads\/2025\/03\/hydraulic-cylinder-8.webp 933w, https:\/\/fmp-components.com\/wp-content\/uploads\/2025\/03\/hydraulic-cylinder-8-480x271.webp 480w\" sizes=\"(min-width: 0px) and (max-width: 480px) 480px, (min-width: 481px) 933px, 100vw\" \/><\/p>\n<p>FMP:ll\u00e4 olemme ylpeit\u00e4 huippumoderneista tuotantolaitoksistamme, jotka on varustettu tarkkuuskoneilla ja edistyneill\u00e4 testausj\u00e4rjestelmill\u00e4. Valmistusprosessimme t\u00e4ytt\u00e4v\u00e4t tiukat kansalliset ja kansainv\u00e4liset standardit, mik\u00e4 takaa, ett\u00e4 jokainen valmistettu hydraulisylinteri t\u00e4ytt\u00e4\u00e4 korkeimmat laatu- ja luotettavuusvaatimukset. Taitava tekninen tiimimme yhdistettyn\u00e4 huippuluokan laitteisiin mahdollistaa tiukan laadunvalvonnan tuotannon jokaisessa vaiheessa \u2013 raaka-aineiden valinnasta lopputarkastukseen. T\u00e4m\u00e4 sitoutuminen erinomaisuuteen on ansainnut meille sertifikaatteja ja tunnustusta alan viranomaisilta, mik\u00e4 on vahvistanut mainettamme luotettavana kumppanina.<\/p>\n<p>Missiomme on sek\u00e4 yksinkertainen ett\u00e4 kunnianhimoinen: tarjota asiakkaillemme hydraulisylintereit\u00e4, jotka ylitt\u00e4v\u00e4t odotukset suorituskyvyss\u00e4, kest\u00e4vyydess\u00e4 ja arvossa. Toimimme ammattitaidon, rehellisyyden ja asiakasl\u00e4ht\u00f6isyyden periaatteiden mukaisesti. Vaalimalla innovaatio- ja tarkkuuskulttuuria jalostamme jatkuvasti tuotteitamme pysy\u00e4ksemme kilpailuedulla. Laaja tuotevalikoimamme ja kykymme tarjota r\u00e4\u00e4t\u00e4l\u00f6ityj\u00e4 ratkaisuja tekev\u00e4t meist\u00e4 ensisijaisen valinnan yrityksille, jotka etsiv\u00e4t tehokkaita hydraulisylintereit\u00e4.<\/p>\n<p>FMP on enemm\u00e4n kuin vain valmistaja; olemme kumppani menestyksess\u00e4si. Ymm\u00e4rr\u00e4mme, ett\u00e4 asiakkaamme luottavat meihin ty\u00f6kalujen toimittamisessa, jotka parantavat heid\u00e4n tuottavuuttaan ja turvallisuuttaan. Siksi olemme sitoutuneet tarjoamaan paitsi huippuluokan tuotteita, my\u00f6s poikkeuksellista palvelua. Alustavasta konsultoinnista myynnin j\u00e4lkeiseen tukeen teemme tiivist\u00e4 yhteisty\u00f6t\u00e4 asiakkaidemme kanssa varmistaaksemme, ett\u00e4 heid\u00e4n tarpeensa t\u00e4ytet\u00e4\u00e4n ammattitaitoisesti ja huolellisesti. Kilpailukykyinen hinnoittelumme yhdistettyn\u00e4 horjumattomaan sitoutumiseen laatuun tekee FMP:st\u00e4 \u00e4lykk\u00e4\u00e4n valinnan yrityksille, jotka haluavat investoida luotettaviin hydrauliikkaratkaisuihin.<\/p>","protected":false},"excerpt":{"rendered":"<p>Effective 3 Stage 20 Ton Telescopic Hydraulic Cylinder The Effective 3 Stage 20 Ton Telescopic Hydraulic Cylinder is a high-quality, versatile, and efficient tool that can be used in a wide range of applications. This hydraulic cylinder is perfect for use in machinery repair shops, farms, energy &amp; mining, machinery manufacturing, and machinery factories. Functions [&hellip;]<\/p>","protected":false},"featured_media":6703,"comment_status":"closed","ping_status":"closed","template":"","meta":{"_et_pb_use_builder":"","_et_pb_old_content":"","_et_gb_content_width":""},"product_brand":[],"product_cat":[103],"product_tag":[34,105],"class_list":{"0":"post-6543","1":"product","2":"type-product","3":"status-publish","4":"has-post-thumbnail","6":"product_cat-telescopic-hydraulic-cylinders","7":"product_tag-hydraulic-cylinder","8":"product_tag-telescopic-hydraulic-cylinders","10":"first","11":"instock","12":"product-type-simple"},"_links":{"self":[{"href":"https:\/\/fmp-components.com\/fi\/wp-json\/wp\/v2\/product\/6543","targetHints":{"allow":["GET"]}}],"collection":[{"href":"https:\/\/fmp-components.com\/fi\/wp-json\/wp\/v2\/product"}],"about":[{"href":"https:\/\/fmp-components.com\/fi\/wp-json\/wp\/v2\/types\/product"}],"replies":[{"embeddable":true,"href":"https:\/\/fmp-components.com\/fi\/wp-json\/wp\/v2\/comments?post=6543"}],"wp:featuredmedia":[{"embeddable":true,"href":"https:\/\/fmp-components.com\/fi\/wp-json\/wp\/v2\/media\/6703"}],"wp:attachment":[{"href":"https:\/\/fmp-components.com\/fi\/wp-json\/wp\/v2\/media?parent=6543"}],"wp:term":[{"taxonomy":"product_brand","embeddable":true,"href":"https:\/\/fmp-components.com\/fi\/wp-json\/wp\/v2\/product_brand?post=6543"},{"taxonomy":"product_cat","embeddable":true,"href":"https:\/\/fmp-components.com\/fi\/wp-json\/wp\/v2\/product_cat?post=6543"},{"taxonomy":"product_tag","embeddable":true,"href":"https:\/\/fmp-components.com\/fi\/wp-json\/wp\/v2\/product_tag?post=6543"}],"curies":[{"name":"wp","href":"https:\/\/api.w.org\/{rel}","templated":true}]}}