{"id":6536,"date":"2025-03-11T06:28:19","date_gmt":"2025-03-11T06:28:19","guid":{"rendered":"https:\/\/fmp-components.com\/product\/telescopic-hydraulic-cylinder-20-ton-hydraulic-cylinders-for-dump-truck"},"modified":"2025-03-14T02:58:01","modified_gmt":"2025-03-14T02:58:01","slug":"telescopic-hydraulic-cylinder-20-ton-hydraulic-cylinders-for-dump-truck","status":"publish","type":"product","link":"https:\/\/fmp-components.com\/fi\/product\/telescopic-hydraulic-cylinder-20-ton-hydraulic-cylinders-for-dump-truck\/","title":{"rendered":"Teleskooppinen hydraulisylinteri 20 tonnin hydraulisylinterit kippiautolle"},"content":{"rendered":"<h2>Teleskooppinen hydraulisylinteri 20 tonnin hydraulisylinterit kippiautolle<\/h2>\n<p>Ensiluokkainen teleskooppinen hydraulisylinterimme on tehokas ja suurikapasiteettinen hydrauliikkaj\u00e4rjestelm\u00e4n komponentti, joka sopii erinomaisesti raskaisiin sovelluksiin, kuten kippiautoihin. Sen maksimivetovoima on 20 tonnia ja vaikuttava maksimity\u00f6nt\u00f6voima 3000, joten se tarjoaa erinomaisen suorituskyvyn ja poikkeuksellisen luotettavuuden.<\/p>\n<h3>Ominaisuudet ja toiminnallisuus<\/h3>\n<p>T\u00e4ss\u00e4 hydraulisylinteriss\u00e4 on hydraulinen energialla toimiva vakiom\u00e4nn\u00e4nrunkoinen sylinterirakenne. Runko on valmistettu kest\u00e4v\u00e4st\u00e4 ter\u00e4ksest\u00e4, mik\u00e4 takaa sen kest\u00e4vyyden ja pitk\u00e4n k\u00e4ytt\u00f6i\u00e4n. Sylinterin reik\u00e4koko vaihtelee 2\u20136 tuuman v\u00e4lill\u00e4, m\u00e4nn\u00e4nvarren koko 1,125\u20134 tuuman v\u00e4lill\u00e4 ja iskunpituus 4\u2013100 tuuman v\u00e4lill\u00e4. Tapin koko vaihtelee 0,5\u20132 tuuman v\u00e4lill\u00e4, ja siin\u00e4 on G\/SAE\/NPT\/M-liit\u00e4nn\u00e4t.<\/p>\n<h3>Tuotteen tekniset tiedot<\/h3>\n<table style=\"width: 95.3977%;\" border=\"\">\n<tbody>\n<tr>\n<th style=\"width: 34.1463%;\">Tuotteen nimi<\/th>\n<td style=\"width: 232.404%;\">Teleskooppinen hydraulisylinteri<\/td>\n<\/tr>\n<tr>\n<th style=\"width: 34.1463%;\">Sertifiointi<\/th>\n<td style=\"width: 232.404%;\">ISO9001:2000<\/td>\n<\/tr>\n<tr>\n<th style=\"width: 34.1463%;\">Rei\u00e4n koko<\/th>\n<td style=\"width: 232.404%;\">2\u20136 tuumaa<\/td>\n<\/tr>\n<tr>\n<th style=\"width: 34.1463%;\">Tangon koko<\/th>\n<td style=\"width: 232.404%;\">1,125\u20134 tuumaa<\/td>\n<\/tr>\n<tr>\n<th style=\"width: 34.1463%;\">Iskun koko<\/th>\n<td style=\"width: 232.404%;\">4\u2013100 tuumaa<\/td>\n<\/tr>\n<tr>\n<th style=\"width: 34.1463%;\">Tapin koko<\/th>\n<td style=\"width: 232.404%;\">0,5\u20132 tuumaa<\/td>\n<\/tr>\n<tr>\n<th style=\"width: 34.1463%;\">Portit<\/th>\n<td style=\"width: 232.404%;\">G\/SAE\/NPT\/M<\/td>\n<\/tr>\n<\/tbody>\n<\/table>\n<h2>Ainutlaatuiset edut<\/h2>\n<ul>\n<li>Energiatehokas: Optimoi hydraulitehon k\u00e4yt\u00f6n maksimaalisen hy\u00f6tysuhteen saavuttamiseksi<\/li>\n<li>Eritt\u00e4in tehokas: Tarjoaa korkean suorituskyvyn pienemm\u00e4ll\u00e4 energiankulutuksella<\/li>\n<li>Turvallisuus: Varmistaa turvallisen k\u00e4yt\u00f6n my\u00f6s raskaissa sovelluksissa<\/li>\n<\/ul>\n<h3>Hydraulij\u00e4rjestelm\u00e4 ja toimintaperiaate<\/h3>\n<p>T\u00e4m\u00e4n sylinterin hydraulinen j\u00e4rjestelm\u00e4 toimii nestepaineen periaatteella. Hydraulineste paineistetaan ja siirret\u00e4\u00e4n j\u00e4rjestelm\u00e4n l\u00e4pi voiman tai liikkeen aikaansaamiseksi. T\u00e4t\u00e4 voimaa k\u00e4ytet\u00e4\u00e4n sitten hydraulisylinterin k\u00e4ytt\u00e4miseen, jolloin hydraulinen energia muunnetaan mekaaniseksi energiaksi.<\/p>\n<p><img loading=\"lazy\" decoding=\"async\" class=\"alignnone wp-image-6662\" src=\"https:\/\/fmp-components.com\/wp-content\/uploads\/2025\/03\/telescopic-hydraulic-cylinder-4.webp\" alt=\"teleskooppinen hydraulisylinteri\" width=\"792\" height=\"792\" title=\"\" srcset=\"https:\/\/fmp-components.com\/wp-content\/uploads\/2025\/03\/telescopic-hydraulic-cylinder-4.webp 792w, https:\/\/fmp-components.com\/wp-content\/uploads\/2025\/03\/telescopic-hydraulic-cylinder-4-480x480.webp 480w\" sizes=\"(min-width: 0px) and (max-width: 480px) 480px, (min-width: 481px) 792px, 100vw\" \/><\/p>\n<h2>Sovellusskenaario<\/h2>\n<p>T\u00e4t\u00e4 hydraulisylinteri\u00e4 k\u00e4ytet\u00e4\u00e4n p\u00e4\u00e4asiassa dumppereissa, mutta sit\u00e4 voidaan soveltaa my\u00f6s useilla eri teollisuudenaloilla, kuten konepajoissa, maatiloilla, energia- ja kaivosteollisuudessa, konevalmistuksessa ja konetehtaissa.<\/p>\n<h2>Hydraulisylinterit ja voimayksik\u00f6t<\/h2>\n<p>Hydraulisylinterien ja voimayksik\u00f6iden v\u00e4linen synergia on ratkaisevan t\u00e4rke\u00e4\u00e4 hydraulisten j\u00e4rjestelmien toiminnalle. Hydraulisylinterit toimilaitteina muuntavat hydraulisen energian mekaaniseksi liikkeeksi. Voimayksik\u00f6t puolestaan \u200b\u200btuottavat tarvittavan energian ja ohjaussignaalit. Yhdess\u00e4 ne varmistavat hydraulisten j\u00e4rjestelmien sujuvan toiminnan.<\/p>\n<h2>Usein kysytyt kysymykset<\/h2>\n<p>K: Oletko kauppayhti\u00f6 vai valmistaja?<br \/>\nV: Olemme valmistaja.<br \/>\nK: Kuinka pitk\u00e4 on toimitusaikanne?<br \/>\nV: Toimitusaikamme on yleens\u00e4 25\u201335 p\u00e4iv\u00e4\u00e4.<br \/>\nK: Toimitatteko n\u00e4ytteit\u00e4? Onko se ilmaista vai lis\u00e4maksullista?<br \/>\nV: Kyll\u00e4, tarjoamme n\u00e4ytteit\u00e4, mutta ne eiv\u00e4t ole ilmaisia.<\/p>\n<h3>Tietoja FMP:st\u00e4<\/h3>\n<p class=\"break-words\">FMP on johtava italialainen valmistaja, joka on erikoistunut korkealaatuisten hydraulisylintereiden suunnitteluun, kehitt\u00e4miseen ja tuotantoon. Rikkaalla, vuosikymmenten kokemukseen perustuvalla perinn\u00f6ll\u00e4mme yhdist\u00e4mme ylpe\u00e4n\u00e4 italialaisen k\u00e4sity\u00f6taidon huipputeknologiaan toimittaaksemme poikkeuksellisia hydraulisia ratkaisuja, jotka on r\u00e4\u00e4t\u00e4l\u00f6ity vastaamaan maailmanlaajuisen asiakaskuntamme monipuolisiin tarpeisiin. Italiassa, insin\u00f6\u00f6ritaidon huippuosaamisen keskuksessa, sijaitseva FMP on luotettava nimi hydrauliikkateollisuudessa ja sitoutunut tarjoamaan luotettavia, kest\u00e4vi\u00e4 ja innovatiivisia tuotteita, jotka voimaannuttavat yrityksi\u00e4 maailmanlaajuisesti.<\/p>\n<p class=\"break-words\">Yrityksemme yhdist\u00e4\u00e4 parhaat edistykselliset valmistusperinteet tulevaisuuteen suuntautuneeseen l\u00e4hestymistapaan. Vuosien kokemuksella hydrauliikkaj\u00e4rjestelmist\u00e4 FMP on kehittynyt nykyaikaiseksi yritykseksi, joka erottuu edukseen tutkimuksessa, suunnittelussa ja tuotannossa. Olemme erikoistuneet laajaan valikoimaan hydraulisylintereit\u00e4, mukaan lukien kaksitoimiset sylinterit, autojen nostosylinterit, maatalouskoneiden sylinterit ja r\u00e4\u00e4t\u00e4l\u00f6idyt ratkaisut erilaisiin teollisiin sovelluksiin. Olipa kyseess\u00e4 sitten rakentaminen, teollisuusasennukset, maatalous tai raskaskoneet, hydraulisylinterimme on rakennettu toimimaan vaativimmissakin olosuhteissa varmistaen turvallisuuden, tehokkuuden ja pitk\u00e4n k\u00e4ytt\u00f6i\u00e4n.<\/p>\n<p><img loading=\"lazy\" decoding=\"async\" class=\"alignnone size-full wp-image-6720\" src=\"https:\/\/fmp-components.com\/wp-content\/uploads\/2025\/03\/hydraulic-cylinder-8.webp\" alt=\"Teleskooppiset hydraulisylinterit\" width=\"933\" height=\"526\" title=\"\" srcset=\"https:\/\/fmp-components.com\/wp-content\/uploads\/2025\/03\/hydraulic-cylinder-8.webp 933w, https:\/\/fmp-components.com\/wp-content\/uploads\/2025\/03\/hydraulic-cylinder-8-480x271.webp 480w\" sizes=\"(min-width: 0px) and (max-width: 480px) 480px, (min-width: 481px) 933px, 100vw\" \/><\/p>\n<p class=\"break-words\">FMP:ll\u00e4 olemme ylpeit\u00e4 huippumoderneista tuotantolaitoksistamme, jotka on varustettu tarkkuuskoneilla ja edistyneill\u00e4 testausj\u00e4rjestelmill\u00e4. Valmistusprosessimme noudattavat tiukkoja kansallisia ja kansainv\u00e4lisi\u00e4 standardeja, mik\u00e4 varmistaa, ett\u00e4 jokainen tehtaaltamme l\u00e4htev\u00e4 hydraulisylinteri on eritt\u00e4in laadukas ja luotettava. Taitava tekninen tiimimme ja huippuluokan laitteet mahdollistavat tiukan laadunvalvonnan tuotannon jokaisessa vaiheessa \u2013 raaka-aineiden valinnasta lopputarkastukseen. T\u00e4m\u00e4 omistautuminen erinomaisuuteen on ansainnut meille sertifikaatteja ja tunnustusta alan viranomaisilta, mik\u00e4 on vahvistanut mainettamme luotettavana kumppanina.<\/p>\n<p class=\"break-words\">Missiomme on yksinkertainen mutta kunnianhimoinen: tarjota asiakkaillemme hydraulisylintereit\u00e4, jotka ylitt\u00e4v\u00e4t odotukset suorituskyvyss\u00e4, kest\u00e4vyydess\u00e4 ja arvossa. Toimimme ammattitaidon, rehellisyyden ja asiakasl\u00e4ht\u00f6isyyden ohjaamilla periaatteilla. Edist\u00e4m\u00e4ll\u00e4 innovaatio- ja tarkkuuskulttuuria ja jalostamme jatkuvasti tuotteitamme pysy\u00e4ksemme kilpailuedulla. Kattava tuotevalikoimamme ja kykymme tarjota r\u00e4\u00e4t\u00e4l\u00f6ityj\u00e4 ratkaisuja tekev\u00e4t meist\u00e4 ensisijaisen valinnan yrityksille, jotka etsiv\u00e4t tehokkaita hydraulisylintereit\u00e4.<\/p>\n<p class=\"break-words\">FMP on enemm\u00e4n kuin vain valmistaja \u2013 olemme kumppani menestyksess\u00e4si. Ymm\u00e4rr\u00e4mme, ett\u00e4 asiakkaamme luottavat meihin ty\u00f6kalujen toimittamisessa, jotka parantavat heid\u00e4n tuottavuuttaan ja turvallisuuttaan. Siksi olemme sitoutuneet tarjoamaan paitsi huippuluokan tuotteita my\u00f6s poikkeuksellista palvelua. Alustavasta konsultoinnista myynnin j\u00e4lkeiseen tukeen teemme tiivist\u00e4 yhteisty\u00f6t\u00e4 asiakkaidemme kanssa varmistaaksemme, ett\u00e4 heid\u00e4n tarpeensa t\u00e4ytet\u00e4\u00e4n ammattitaitoisesti ja huolellisesti. Kilpailukykyiset hintamme yhdistettyn\u00e4 horjumattomaan sitoutumiseemme laatuun tekev\u00e4t FMP:st\u00e4 \u00e4lykk\u00e4\u00e4n valinnan yrityksille, jotka haluavat investoida luotettaviin hydrauliikkaratkaisuihin.<\/p>","protected":false},"excerpt":{"rendered":"<p>Telescopic Hydraulic Cylinder 20 Ton Hydraulic Cylinders For Dump Truck Our premium Telescopic hydraulic cylinder is a powerful, high-capacity hydraulic system component that is ideal for heavy-duty applications such as dump trucks. With a maximum pull of 20 tons and an impressive max thrust of 3000, it offers superior performance and exceptional reliability. Features and [&hellip;]<\/p>","protected":false},"featured_media":6801,"comment_status":"closed","ping_status":"closed","template":"","meta":{"_et_pb_use_builder":"","_et_pb_old_content":"","_et_gb_content_width":""},"product_brand":[],"product_cat":[103],"product_tag":[34,105],"class_list":{"0":"post-6536","1":"product","2":"type-product","3":"status-publish","4":"has-post-thumbnail","6":"product_cat-telescopic-hydraulic-cylinders","7":"product_tag-hydraulic-cylinder","8":"product_tag-telescopic-hydraulic-cylinders","10":"first","11":"instock","12":"product-type-simple"},"_links":{"self":[{"href":"https:\/\/fmp-components.com\/fi\/wp-json\/wp\/v2\/product\/6536","targetHints":{"allow":["GET"]}}],"collection":[{"href":"https:\/\/fmp-components.com\/fi\/wp-json\/wp\/v2\/product"}],"about":[{"href":"https:\/\/fmp-components.com\/fi\/wp-json\/wp\/v2\/types\/product"}],"replies":[{"embeddable":true,"href":"https:\/\/fmp-components.com\/fi\/wp-json\/wp\/v2\/comments?post=6536"}],"wp:featuredmedia":[{"embeddable":true,"href":"https:\/\/fmp-components.com\/fi\/wp-json\/wp\/v2\/media\/6801"}],"wp:attachment":[{"href":"https:\/\/fmp-components.com\/fi\/wp-json\/wp\/v2\/media?parent=6536"}],"wp:term":[{"taxonomy":"product_brand","embeddable":true,"href":"https:\/\/fmp-components.com\/fi\/wp-json\/wp\/v2\/product_brand?post=6536"},{"taxonomy":"product_cat","embeddable":true,"href":"https:\/\/fmp-components.com\/fi\/wp-json\/wp\/v2\/product_cat?post=6536"},{"taxonomy":"product_tag","embeddable":true,"href":"https:\/\/fmp-components.com\/fi\/wp-json\/wp\/v2\/product_tag?post=6536"}],"curies":[{"name":"wp","href":"https:\/\/api.w.org\/{rel}","templated":true}]}}