{"id":6532,"date":"2025-03-11T06:28:19","date_gmt":"2025-03-11T06:28:19","guid":{"rendered":"https:\/\/fmp-components.com\/product\/italy-factory-supply-5-stage-telescopic-hydraulic-cylinder-for-dump-truck"},"modified":"2025-03-14T02:40:55","modified_gmt":"2025-03-14T02:40:55","slug":"italy-factory-supply-5-stage-telescopic-hydraulic-cylinder-for-dump-truck","status":"publish","type":"product","link":"https:\/\/fmp-components.com\/fi\/product\/italy-factory-supply-5-stage-telescopic-hydraulic-cylinder-for-dump-truck\/","title":{"rendered":"Italian tehtaan toimittama 5-vaiheinen teleskooppinen hydraulisylinteri kippiautolle"},"content":{"rendered":"<h2>Italian tehtaan toimittama 5-vaiheinen teleskooppinen hydraulisylinteri kippiautolle<\/h2>\n<p>T\u00e4m\u00e4 uusi, vakiomallin monivaiheinen hydraulisylinteri on korkealaatuinen tuote suoraan tehtaalta. Ter\u00e4srunkoisena se tarjoaa raskaiden koneiden tarvitsemaa \u00e4\u00e4rimm\u00e4ist\u00e4 tehoa ja kest\u00e4vyytt\u00e4. Se sopii t\u00e4ydellisesti konepajoille, maatiloille, energia- ja kaivosteollisuuteen, konevalmistukseen ja konetehtaisiin.<\/p>\n<h3>Ominaisuudet ja toiminnot<\/h3>\n<ul>\n<li>Maksimi ty\u00f6nt\u00f6voima: 3000<\/li>\n<li>Maksimiveto: 20 tonnia<\/li>\n<li>Liit\u00e4nn\u00e4t: G\/SAE\/NPT\/M<\/li>\n<li>Sertifiointi: ISO9001:2000<\/li>\n<li>Rei\u00e4n koko: 2-6 tuumaa<\/li>\n<li>Tangon koko: 1,125\u20134 tuumaa<\/li>\n<li>Iskun pituus: 4\u2013100 tuumaa<\/li>\n<li>Tapin koko: 0,5\u20132 tuumaa<\/li>\n<li>V\u00e4ri: Musta<\/li>\n<\/ul>\n<h3>Tuotetiedot ja tekniset tiedot<\/h3>\n<p>T\u00e4m\u00e4 hydraulisylinteri painaa 38 kg ja sill\u00e4 on 1 vuoden takuu. Keskeisimpiin osiin kuuluvat laakeri ja itse hydraulisylinteri.<\/p>\n<p>Katso alla olevat yksityiskohtaiset tiedot:<\/p>\n<table style=\"width: 96.9541%;\" border=\"\">\n<tbody>\n<tr>\n<td style=\"width: 41.704%;\"><i>Tuotteen nimi<\/i><\/td>\n<td style=\"width: 301.794%;\">Teleskooppisylinteri<\/td>\n<\/tr>\n<tr>\n<td style=\"width: 41.704%;\"><i>Sertifiointi<\/i><\/td>\n<td style=\"width: 301.794%;\">ISO9001:2000<\/td>\n<\/tr>\n<tr>\n<td style=\"width: 41.704%;\"><i>Rei\u00e4n koko<\/i><\/td>\n<td style=\"width: 301.794%;\">2\u20136 tuumaa<\/td>\n<\/tr>\n<tr>\n<td style=\"width: 41.704%;\"><i>Tangon koko<\/i><\/td>\n<td style=\"width: 301.794%;\">1,125\u20134 tuumaa<\/td>\n<\/tr>\n<tr>\n<td style=\"width: 41.704%;\"><i>Iskun koko<\/i><\/td>\n<td style=\"width: 301.794%;\">4\u2013100 tuumaa<\/td>\n<\/tr>\n<tr>\n<td style=\"width: 41.704%;\"><i>Tapin koko<\/i><\/td>\n<td style=\"width: 301.794%;\">0,5\u20132 tuumaa<\/td>\n<\/tr>\n<tr>\n<td style=\"width: 41.704%;\"><i>Portit<\/i><\/td>\n<td style=\"width: 301.794%;\">G\/SAE\/NPT\/M<\/td>\n<\/tr>\n<\/tbody>\n<\/table>\n<h2>Ainutlaatuiset edut<\/h2>\n<p>T\u00e4m\u00e4 hydraulisylinteri on energiatehokas, eritt\u00e4in tehokas ja turvallinen. Se on ratkaiseva osa hydraulij\u00e4rjestelmiss\u00e4, sill\u00e4 se muuntaa nesteen paineen voimaksi, joka voi liikuttaa raskaita kuormia. Sen k\u00e4ytt\u00f6kohteet ovat laajat, aina dumppereista konekorjaamoihin, maatiloille, energia- ja kaivosteollisuuteen, konevalmistukseen ja konetehtaisiin.<\/p>\n<p><img loading=\"lazy\" decoding=\"async\" class=\"alignnone size-full wp-image-6796\" src=\"https:\/\/fmp-components.com\/wp-content\/uploads\/2025\/03\/Telescopic-Hydraulic-Cylinders-12.webp\" alt=\"Teleskooppiset hydraulisylinterit\" width=\"800\" height=\"800\" title=\"\" srcset=\"https:\/\/fmp-components.com\/wp-content\/uploads\/2025\/03\/Telescopic-Hydraulic-Cylinders-12.webp 800w, https:\/\/fmp-components.com\/wp-content\/uploads\/2025\/03\/Telescopic-Hydraulic-Cylinders-12-480x480.webp 480w\" sizes=\"(min-width: 0px) and (max-width: 480px) 480px, (min-width: 481px) 800px, 100vw\" \/><\/p>\n<h2>Hydrauliset j\u00e4rjestelm\u00e4t ja toimintaperiaate<\/h2>\n<p>Hydraulisylinteri toimii Pascalin periaatteen mukaisesti. Kun sylinteriss\u00e4 olevaan nesteeseen kohdistetaan paine, se tuottaa voiman, joka liikuttaa sylinterin m\u00e4nt\u00e4\u00e4, joka puolestaan \u200b\u200btekee ty\u00f6t\u00e4 kuormaan.<\/p>\n<h3>Sovellusskenaariot<\/h3>\n<p>T\u00e4m\u00e4n hydraulisylinterin enimm\u00e4isvetovoima on 20 tonnia ja enimm\u00e4isty\u00f6nt\u00f6voima 3000, joten se sopii t\u00e4ydellisesti raskaisiin sovelluksiin, kuten dumppereihin, kaivinkoneisiin ja muihin raskaisiin koneisiin.<\/p>\n<h2>Hydraulisylinterit ja voimayksik\u00f6t<\/h2>\n<p>Hydraulisylinterit ja voimayksik\u00f6t ovat hydraulisten j\u00e4rjestelmien v\u00e4ltt\u00e4m\u00e4tt\u00f6mi\u00e4 osia. Ne toimivat yhdess\u00e4 varmistaakseen hydrauliteknologian laajan k\u00e4yt\u00f6n teollisuudessa ja tarjoavat luotettavaa tehonsy\u00f6tt\u00f6\u00e4 ja ohjausta erilaisille teknisille ja mekaanisille laitteille. Tarjoamme my\u00f6s voimayksik\u00f6it\u00e4 myyntiin.<\/p>\n<h2>Usein kysytyt kysymykset<\/h2>\n<p><b>K: Oletko kauppayhti\u00f6 vai valmistaja?<\/b><br \/>\nV: Olemme valmistaja.<\/p>\n<p><b>K: Kuinka pitk\u00e4 on toimitusaikanne?<\/b><br \/>\nV: Yleens\u00e4 se on 25\u201335 p\u00e4iv\u00e4\u00e4.<\/p>\n<p><b>K: Toimitatteko n\u00e4ytteit\u00e4? Onko se ilmaista vai lis\u00e4maksullista?<\/b><br \/>\nV: Kyll\u00e4, voisimme tarjota n\u00e4ytteen, mutta se ei ole ilmainen.<\/p>\n<h3>Tietoja FMP:st\u00e4<\/h3>\n<p class=\"break-words\">FMP on johtava italialainen valmistaja, joka on erikoistunut korkealaatuisten hydraulisylintereiden suunnitteluun, kehitt\u00e4miseen ja tuotantoon. Rikkaalla, vuosikymmenten kokemukseen perustuvalla perinn\u00f6ll\u00e4mme yhdist\u00e4mme ylpe\u00e4n\u00e4 italialaisen k\u00e4sity\u00f6taidon huipputeknologiaan toimittaaksemme poikkeuksellisia hydraulisia ratkaisuja, jotka on r\u00e4\u00e4t\u00e4l\u00f6ity vastaamaan maailmanlaajuisen asiakaskuntamme monipuolisiin tarpeisiin. Italiassa, insin\u00f6\u00f6ritaidon huippuosaamisen keskuksessa, sijaitseva FMP on luotettava nimi hydrauliikkateollisuudessa ja sitoutunut tarjoamaan luotettavia, kest\u00e4vi\u00e4 ja innovatiivisia tuotteita, jotka voimaannuttavat yrityksi\u00e4 maailmanlaajuisesti.<\/p>\n<p class=\"break-words\">Yrityksemme yhdist\u00e4\u00e4 parhaat edistykselliset valmistusperinteet tulevaisuuteen suuntautuneeseen l\u00e4hestymistapaan. Vuosien kokemuksella hydrauliikkaj\u00e4rjestelmist\u00e4 FMP on kehittynyt nykyaikaiseksi yritykseksi, joka erottuu edukseen tutkimuksessa, suunnittelussa ja tuotannossa. Olemme erikoistuneet laajaan valikoimaan hydraulisylintereit\u00e4, mukaan lukien kaksitoimiset sylinterit, autojen nostosylinterit, maatalouskoneiden sylinterit ja r\u00e4\u00e4t\u00e4l\u00f6idyt ratkaisut erilaisiin teollisiin sovelluksiin. Olipa kyseess\u00e4 sitten rakentaminen, teollisuusasennukset, maatalous tai raskaskoneet, hydraulisylinterimme on rakennettu toimimaan vaativimmissakin olosuhteissa varmistaen turvallisuuden, tehokkuuden ja pitk\u00e4n k\u00e4ytt\u00f6i\u00e4n.<\/p>\n<p><img loading=\"lazy\" decoding=\"async\" class=\"alignnone size-full wp-image-6720\" src=\"https:\/\/fmp-components.com\/wp-content\/uploads\/2025\/03\/hydraulic-cylinder-8.webp\" alt=\"Teleskooppiset hydraulisylinterit\" width=\"933\" height=\"526\" title=\"\" srcset=\"https:\/\/fmp-components.com\/wp-content\/uploads\/2025\/03\/hydraulic-cylinder-8.webp 933w, https:\/\/fmp-components.com\/wp-content\/uploads\/2025\/03\/hydraulic-cylinder-8-480x271.webp 480w\" sizes=\"(min-width: 0px) and (max-width: 480px) 480px, (min-width: 481px) 933px, 100vw\" \/><\/p>\n<p class=\"break-words\">FMP:ll\u00e4 olemme ylpeit\u00e4 huippumoderneista tuotantolaitoksistamme, jotka on varustettu tarkkuuskoneilla ja edistyneill\u00e4 testausj\u00e4rjestelmill\u00e4. Valmistusprosessimme noudattavat tiukkoja kansallisia ja kansainv\u00e4lisi\u00e4 standardeja, mik\u00e4 varmistaa, ett\u00e4 jokainen tehtaaltamme l\u00e4htev\u00e4 hydraulisylinteri on eritt\u00e4in laadukas ja luotettava. Taitava tekninen tiimimme ja huippuluokan laitteet mahdollistavat tiukan laadunvalvonnan tuotannon jokaisessa vaiheessa \u2013 raaka-aineiden valinnasta lopputarkastukseen. T\u00e4m\u00e4 omistautuminen erinomaisuuteen on ansainnut meille sertifikaatteja ja tunnustusta alan viranomaisilta, mik\u00e4 on vahvistanut mainettamme luotettavana kumppanina.<\/p>\n<p class=\"break-words\">Missiomme on yksinkertainen mutta kunnianhimoinen: tarjota asiakkaillemme hydraulisylintereit\u00e4, jotka ylitt\u00e4v\u00e4t odotukset suorituskyvyss\u00e4, kest\u00e4vyydess\u00e4 ja arvossa. Toimimme ammattitaidon, rehellisyyden ja asiakasl\u00e4ht\u00f6isyyden ohjaamilla periaatteilla. Edist\u00e4m\u00e4ll\u00e4 innovaatio- ja tarkkuuskulttuuria ja jalostamme jatkuvasti tuotteitamme pysy\u00e4ksemme kilpailuedulla. Kattava tuotevalikoimamme ja kykymme tarjota r\u00e4\u00e4t\u00e4l\u00f6ityj\u00e4 ratkaisuja tekev\u00e4t meist\u00e4 ensisijaisen valinnan yrityksille, jotka etsiv\u00e4t tehokkaita hydraulisylintereit\u00e4.<\/p>\n<p class=\"break-words\">FMP on enemm\u00e4n kuin vain valmistaja \u2013 olemme kumppani menestyksess\u00e4si. Ymm\u00e4rr\u00e4mme, ett\u00e4 asiakkaamme luottavat meihin ty\u00f6kalujen toimittamisessa, jotka parantavat heid\u00e4n tuottavuuttaan ja turvallisuuttaan. Siksi olemme sitoutuneet tarjoamaan paitsi huippuluokan tuotteita my\u00f6s poikkeuksellista palvelua. Alustavasta konsultoinnista myynnin j\u00e4lkeiseen tukeen teemme tiivist\u00e4 yhteisty\u00f6t\u00e4 asiakkaidemme kanssa varmistaaksemme, ett\u00e4 heid\u00e4n tarpeensa t\u00e4ytet\u00e4\u00e4n ammattitaitoisesti ja huolellisesti. Kilpailukykyiset hintamme yhdistettyn\u00e4 horjumattomaan sitoutumiseemme laatuun tekev\u00e4t FMP:st\u00e4 \u00e4lykk\u00e4\u00e4n valinnan yrityksille, jotka haluavat investoida luotettaviin hydrauliikkaratkaisuihin.<\/p>","protected":false},"excerpt":{"rendered":"<p>Italy Factory Supply 5 Stage Telescopic Hydraulic Cylinder For Dump Truck This new, standard multistage hydraulic cylinder is a high-quality product straight from the factory. Manufactured with a steel body, it provides the ultimate power and durability needed for heavy machinery. It\u2019s perfect for machinery repair shops, farms, energy &amp; mining, machinery manufacturing, and machinery [&hellip;]<\/p>","protected":false},"featured_media":6769,"comment_status":"closed","ping_status":"closed","template":"","meta":{"_et_pb_use_builder":"","_et_pb_old_content":"","_et_gb_content_width":""},"product_brand":[],"product_cat":[103],"product_tag":[34,105],"class_list":{"0":"post-6532","1":"product","2":"type-product","3":"status-publish","4":"has-post-thumbnail","6":"product_cat-telescopic-hydraulic-cylinders","7":"product_tag-hydraulic-cylinder","8":"product_tag-telescopic-hydraulic-cylinders","10":"first","11":"instock","12":"product-type-simple"},"_links":{"self":[{"href":"https:\/\/fmp-components.com\/fi\/wp-json\/wp\/v2\/product\/6532","targetHints":{"allow":["GET"]}}],"collection":[{"href":"https:\/\/fmp-components.com\/fi\/wp-json\/wp\/v2\/product"}],"about":[{"href":"https:\/\/fmp-components.com\/fi\/wp-json\/wp\/v2\/types\/product"}],"replies":[{"embeddable":true,"href":"https:\/\/fmp-components.com\/fi\/wp-json\/wp\/v2\/comments?post=6532"}],"wp:featuredmedia":[{"embeddable":true,"href":"https:\/\/fmp-components.com\/fi\/wp-json\/wp\/v2\/media\/6769"}],"wp:attachment":[{"href":"https:\/\/fmp-components.com\/fi\/wp-json\/wp\/v2\/media?parent=6532"}],"wp:term":[{"taxonomy":"product_brand","embeddable":true,"href":"https:\/\/fmp-components.com\/fi\/wp-json\/wp\/v2\/product_brand?post=6532"},{"taxonomy":"product_cat","embeddable":true,"href":"https:\/\/fmp-components.com\/fi\/wp-json\/wp\/v2\/product_cat?post=6532"},{"taxonomy":"product_tag","embeddable":true,"href":"https:\/\/fmp-components.com\/fi\/wp-json\/wp\/v2\/product_tag?post=6532"}],"curies":[{"name":"wp","href":"https:\/\/api.w.org\/{rel}","templated":true}]}}