{"id":6531,"date":"2025-03-11T06:28:19","date_gmt":"2025-03-11T06:28:19","guid":{"rendered":"https:\/\/fmp-components.com\/product\/quality-assurance-dump-truck-hydraulic-hoist-cylinder-4-stage-small-dump-truck-hydraulic-cylinder"},"modified":"2025-03-18T01:06:05","modified_gmt":"2025-03-18T01:06:05","slug":"quality-assurance-dump-truck-hydraulic-hoist-cylinder-4-stage-small-dump-truck-hydraulic-cylinder","status":"publish","type":"product","link":"https:\/\/fmp-components.com\/fi\/product\/quality-assurance-dump-truck-hydraulic-hoist-cylinder-4-stage-small-dump-truck-hydraulic-cylinder\/","title":{"rendered":"Laadunvarmistus Dump Truck Hydraulinen Nostosylinteri 4-vaiheinen Pieni Dump Truck Hydraulinen Sylinteri"},"content":{"rendered":"<h2>Laadunvarmistus Dump Truck Hydraulinen Nostosylinteri 4-vaiheinen Pieni Dump Truck Hydraulinen Sylinteri<\/h2>\n<p>4-vaiheinen pienten kippiautojen hydraulisylinterimme on laadukas ja optimaalisen suorituskyvyn takaava tuote. Se on uusi tuote, joka lanseerataan vuonna 2025 ja jolla on yhden vuoden takuu. T\u00e4m\u00e4 hydraulisylinteri on suunniteltu k\u00e4ytett\u00e4v\u00e4ksi konepajoissa, maatiloilla, energia- ja kaivosteollisuudessa, konevalmistuksessa ja konetehtaissa.<\/p>\n<h3>Ominaisuudet ja edut<\/h3>\n<ul>\n<li>Siin\u00e4 on hydraulisella voimalla varustettu m\u00e4nt\u00e4sylinterin vakiorakenne.<\/li>\n<li>Se on valmistettu ter\u00e4ksest\u00e4, mik\u00e4 parantaa sen kest\u00e4vyytt\u00e4.<\/li>\n<li>Sen ty\u00f6nt\u00f6voima on enint\u00e4\u00e4n 3000 tonnia ja vetovoima 20 tonnia.<\/li>\n<li>Se on monivaiheinen hydraulisylinteri, jossa on G\/SAE\/NPT\/M-liit\u00e4nn\u00e4t.<\/li>\n<li>Se on ISO9001:2000-sertifioitu laadunvarmistuksen takaamiseksi.<\/li>\n<li>Rei\u00e4n koko on 2\u20136 tuumaa, tangon koko on 1,125\u20134 tuumaa ja iskunpituus on 4\u2013100 tuumaa.<\/li>\n<\/ul>\n<h2>Tekniset tiedot<\/h2>\n<table style=\"width: 100.336%;\" border=\"\">\n<tbody>\n<tr>\n<th style=\"width: 42.9185%;\">Tuotteen nimi<\/th>\n<td style=\"width: 348.498%;\">Teleskooppisylinteri<\/td>\n<\/tr>\n<tr>\n<th style=\"width: 42.9185%;\">Sertifiointi<\/th>\n<td style=\"width: 348.498%;\">ISO9001:2000<\/td>\n<\/tr>\n<tr>\n<th style=\"width: 42.9185%;\">Rei\u00e4n koko<\/th>\n<td style=\"width: 348.498%;\">2\u20136 tuumaa<\/td>\n<\/tr>\n<tr>\n<th style=\"width: 42.9185%;\">Tangon koko<\/th>\n<td style=\"width: 348.498%;\">1,125\u20134 tuumaa<\/td>\n<\/tr>\n<tr>\n<th style=\"width: 42.9185%;\">Iskun koko<\/th>\n<td style=\"width: 348.498%;\">4\u2013100 tuumaa<\/td>\n<\/tr>\n<tr>\n<th style=\"width: 42.9185%;\">Tapin koko<\/th>\n<td style=\"width: 348.498%;\">0,5\u20132 tuumaa<\/td>\n<\/tr>\n<tr>\n<th style=\"width: 42.9185%;\">Portit<\/th>\n<td style=\"width: 348.498%;\">G\/SAE\/NPT\/M<\/td>\n<\/tr>\n<\/tbody>\n<\/table>\n<h2>Ainutlaatuiset ominaisuudet ja edut<\/h2>\n<p>Hydraulisylinterimme erottuu edukseen energiatehokkuudellaan, korkealla suorituskyvyll\u00e4\u00e4n ja turvallisuudellaan. Se tarjoaa my\u00f6s laajan valikoiman sovelluksia, mik\u00e4 tekee siit\u00e4 monipuolisen valinnan eri teollisuudenaloille.<\/p>\n<h2>Hydraulij\u00e4rjestelm\u00e4t ja toimintaperiaatteet<\/h2>\n<p>Hydraulisylinterimme toimii paineistetun nesteen tehon perusperiaatteella, joka on v\u00e4ltt\u00e4m\u00e4t\u00f6n voiman tuottamiseksi ja liikkeen helpottamiseksi. T\u00e4m\u00e4 periaate perustuu ajatukseen, ett\u00e4 paineistetut nesteet voivat siirt\u00e4\u00e4 voimaa tehokkaasti ja tuloksellisesti. Hydraulisylinteriss\u00e4mme paineistettu hydraulineste johdetaan suljettuun kammioon, jossa se vaikuttaa m\u00e4nt\u00e4\u00e4n. T\u00e4m\u00e4 vuorovaikutus tuottaa merkitt\u00e4v\u00e4\u00e4 voimaa, jonka avulla sylinteri voi suorittaa erilaisia \u200b\u200bteht\u00e4vi\u00e4.<\/p>\n<p>Hydraulisen j\u00e4rjestelm\u00e4n olennaisena osana hydraulisylinterill\u00e4 on ratkaiseva rooli hydraulisen energian muuntamisessa mekaaniseksi energiaksi. Kun hydraulinestett\u00e4 pumpataan sylinteriin, se luo paineen, joka ty\u00f6nt\u00e4\u00e4 m\u00e4nt\u00e4\u00e4 lineaarisessa suunnassa. T\u00e4m\u00e4 liike muuttuu mekaaniseksi voimaksi, jolloin sylinteri voi nostaa, ty\u00f6nt\u00e4\u00e4 tai vet\u00e4\u00e4 raskaita kuormia huomattavan tarkasti ja hallitusti. Kyky valjastaa hydraulinen energia t\u00e4ll\u00e4 tavalla tekee hydraulisylintereist\u00e4 v\u00e4ltt\u00e4m\u00e4tt\u00f6m\u00e4n ty\u00f6kalun lukuisissa teollisissa sovelluksissa.<\/p>\n<p><img loading=\"lazy\" decoding=\"async\" class=\"alignnone wp-image-6664\" src=\"https:\/\/fmp-components.com\/wp-content\/uploads\/2025\/03\/telescopic-hydraulic-cylinder-8.webp\" alt=\"teleskooppinen hydraulisylinteri\" width=\"928\" height=\"928\" title=\"\" srcset=\"https:\/\/fmp-components.com\/wp-content\/uploads\/2025\/03\/telescopic-hydraulic-cylinder-8.webp 928w, https:\/\/fmp-components.com\/wp-content\/uploads\/2025\/03\/telescopic-hydraulic-cylinder-8-480x480.webp 480w\" sizes=\"(min-width: 0px) and (max-width: 480px) 480px, (min-width: 481px) 928px, 100vw\" \/><\/p>\n<p>Hydraulisylinterimme tehokkuus perustuu sen suunnitteluun, joka maksimoi energian siirtymisen nesteest\u00e4 mekaaniseen liikkeeseen. K\u00e4ytt\u00e4m\u00e4ll\u00e4 kokoonpuristumattomia nesteit\u00e4 j\u00e4rjestelm\u00e4 varmistaa, ett\u00e4 pienetkin paineen muutokset voivat johtaa merkitt\u00e4v\u00e4\u00e4n liikkeeseen, mik\u00e4 tarjoaa voimakkaan edun teht\u00e4viss\u00e4, jotka vaativat suurta voimaa minimaalisella panoksella. T\u00e4m\u00e4 tehokkuus ei ainoastaan \u200b\u200bparanna suorituskyky\u00e4, vaan my\u00f6s edist\u00e4\u00e4 hydraulij\u00e4rjestelm\u00e4n pitk\u00e4ik\u00e4isyytt\u00e4, koska se v\u00e4hent\u00e4\u00e4 komponenttien kulumista.<\/p>\n<p>Yhteenvetona voidaan todeta, ett\u00e4 hydraulisylinterimme on esimerkki paineistetun nestevoiman tehokkaasta k\u00e4yt\u00f6st\u00e4 voiman tuottamiseksi ja liikkeen aikaansaamiseksi. Sen rooli hydraulij\u00e4rjestelm\u00e4ss\u00e4 korostaa sen merkityst\u00e4 hydraulisen energian muuntamisessa mekaaniseksi energiaksi, mik\u00e4 mahdollistaa sen suorittamisen monenlaisissa teht\u00e4viss\u00e4 eri teollisuudenaloilla. Sen toiminnan taustalla olevat periaatteet varmistavat, ett\u00e4 hydraulisylinterimme tarjoavat luotettavaa suorituskyky\u00e4, mik\u00e4 tekee niist\u00e4 t\u00e4rke\u00e4n valinnan kaikkiin lujuutta ja tehokkuutta vaativiin sovelluksiin.<\/p>\n<p><img loading=\"lazy\" decoding=\"async\" class=\"alignnone wp-image-6663\" src=\"https:\/\/fmp-components.com\/wp-content\/uploads\/2025\/03\/telescopic-hydraulic-cylinder-11.webp\" alt=\"teleskooppinen hydraulisylinteri\" width=\"923\" height=\"923\" title=\"\" srcset=\"https:\/\/fmp-components.com\/wp-content\/uploads\/2025\/03\/telescopic-hydraulic-cylinder-11.webp 923w, https:\/\/fmp-components.com\/wp-content\/uploads\/2025\/03\/telescopic-hydraulic-cylinder-11-480x480.webp 480w\" sizes=\"(min-width: 0px) and (max-width: 480px) 480px, (min-width: 481px) 923px, 100vw\" \/><\/p>\n<h2>Usein kysytyt kysymykset<\/h2>\n<p><strong>K: Kuinka pitk\u00e4 toimitusaika on? <\/strong><br \/>\nV: Yleinen toimitusaika on 25-35 p\u00e4iv\u00e4\u00e4.<\/p>\n<p><strong>K: Toimitatteko n\u00e4ytteit\u00e4? <\/strong><br \/>\nV: Kyll\u00e4, tarjoamme n\u00e4ytteit\u00e4, mutta ne eiv\u00e4t ole ilmaisia.<\/p>\n<p><strong>K: Voitteko tuottaa n\u00e4ytteiden mukaan? <\/strong><br \/>\nV: Kyll\u00e4, voimme valmistaa n\u00e4ytteidenne tai teknisten piirustustenne perusteella. Voimme rakentaa muotit ja kalusteet.<\/p>\n<h3>Tietoja FMP:st\u00e4<\/h3>\n<p>FMP on johtava italialainen valmistaja, joka on erikoistunut huippulaatuisten hydraulisylintereiden suunnitteluun, kehitt\u00e4miseen ja tuotantoon. Vuosikymmenten kokemuksella yhdist\u00e4mme saumattomasti italialaisen k\u00e4sity\u00f6taidon huipputeknologiaan ja toimitamme poikkeuksellisia hydraulisia ratkaisuja, jotka on r\u00e4\u00e4t\u00e4l\u00f6ity globaalin asiakaskuntamme monipuolisiin tarpeisiin. Italiassa \u2013 insin\u00f6\u00f6ritaidon keskuksessa \u2013 sijaitseva FMP on vakiinnuttanut asemansa luotettavana nimen\u00e4 hydrauliikkateollisuudessa ja on omistautunut tarjoamaan luotettavia, kest\u00e4vi\u00e4 ja innovatiivisia tuotteita, jotka voimaannuttavat yrityksi\u00e4 ymp\u00e4ri maailmaa.<\/p>\n<p>Yrityksemme yhdist\u00e4\u00e4 edistykselliset valmistusperinteet tulevaisuuteen suuntautuneeseen l\u00e4hestymistapaan. Hy\u00f6dynt\u00e4m\u00e4ll\u00e4 laajaa kokemustaan \u200b\u200bhydraulij\u00e4rjestelmist\u00e4, FMP on kehittynyt nykyaikaiseksi yritykseksi, joka on erinomainen tutkimuksessa, suunnittelussa ja tuotannossa. Tarjoamme laajan valikoiman hydraulisylintereit\u00e4, mukaan lukien kaksitoimiset sylinterit, autojen nostosylinterit, maatalouskoneiden sylinterit ja r\u00e4\u00e4t\u00e4l\u00f6ityj\u00e4 ratkaisuja erilaisiin teollisiin sovelluksiin. Toimialasta riippumatta \u2013 olipa kyseess\u00e4 rakentaminen, teollisuusasennukset, maatalous tai raskaat koneet \u2013 hydraulisylinterimme on suunniteltu toimimaan vaativimmissakin olosuhteissa varmistaen turvallisuuden, tehokkuuden ja pitk\u00e4n k\u00e4ytt\u00f6i\u00e4n.<\/p>\n<p><img loading=\"lazy\" decoding=\"async\" class=\"alignnone size-full wp-image-6720\" src=\"https:\/\/fmp-components.com\/wp-content\/uploads\/2025\/03\/hydraulic-cylinder-8.webp\" alt=\"Teleskooppiset hydraulisylinterit\" width=\"933\" height=\"526\" title=\"\" srcset=\"https:\/\/fmp-components.com\/wp-content\/uploads\/2025\/03\/hydraulic-cylinder-8.webp 933w, https:\/\/fmp-components.com\/wp-content\/uploads\/2025\/03\/hydraulic-cylinder-8-480x271.webp 480w\" sizes=\"(min-width: 0px) and (max-width: 480px) 480px, (min-width: 481px) 933px, 100vw\" \/><\/p>\n<p>FMP:ll\u00e4 olemme ylpeit\u00e4 huippumoderneista tuotantolaitoksistamme, jotka on varustettu tarkkuuskoneilla ja edistyneill\u00e4 testausj\u00e4rjestelmill\u00e4. Valmistusprosessimme t\u00e4ytt\u00e4v\u00e4t tiukat kansalliset ja kansainv\u00e4liset standardit varmistaen, ett\u00e4 jokainen valmistettu hydraulisylinteri on korkealaatuista ja luotettavaa. Taitava tekninen tiimimme yhdistettyn\u00e4 huippuluokan laitteisiin mahdollistaa tiukan laadunvalvonnan tuotannon jokaisessa vaiheessa \u2013 raaka-aineiden valinnasta lopputarkastukseen. T\u00e4m\u00e4 sitoutuminen erinomaisuuteen on ansainnut meille sertifikaatteja ja tunnustusta alan viranomaisilta, mik\u00e4 on vahvistanut mainettamme luotettavana kumppanina.<\/p>\n<p>Missiomme on sek\u00e4 suoraviivainen ett\u00e4 kunnianhimoinen: tarjota asiakkaillemme hydraulisylintereit\u00e4, jotka ylitt\u00e4v\u00e4t odotukset suorituskyvyss\u00e4, kest\u00e4vyydess\u00e4 ja arvossa. Toimimme ammattitaidon, rehellisyyden ja asiakasl\u00e4ht\u00f6isyyden ydinperiaatteiden mukaisesti. Edist\u00e4m\u00e4ll\u00e4 innovaatio- ja tarkkuuskulttuuria ja jalostamme jatkuvasti tuotteitamme pysy\u00e4ksemme kilpailuedulla. Kattava tuotevalikoimamme ja kykymme tarjota r\u00e4\u00e4t\u00e4l\u00f6ityj\u00e4 ratkaisuja tekev\u00e4t meist\u00e4 ensisijaisen valinnan yrityksille, jotka etsiv\u00e4t tehokkaita hydraulisylintereit\u00e4.<\/p>\n<p>FMP on enemm\u00e4n kuin vain valmistaja; olemme kumppani menestyksess\u00e4si. Ymm\u00e4rr\u00e4mme, ett\u00e4 asiakkaamme luottavat meihin ty\u00f6kalujen toimittamisessa, jotka parantavat tuottavuutta ja turvallisuutta. Siksi olemme sitoutuneet paitsi toimittamaan huippuluokan tuotteita, my\u00f6s tarjoamaan poikkeuksellista palvelua. Alustavista konsultaatioista myynnin j\u00e4lkeiseen tukeen teemme tiivist\u00e4 yhteisty\u00f6t\u00e4 asiakkaidemme kanssa varmistaaksemme, ett\u00e4 heid\u00e4n tarpeensa t\u00e4ytet\u00e4\u00e4n ammattitaitoisesti ja huolellisesti. Kilpailukykyiset hintamme yhdistettyn\u00e4 horjumattomaan sitoutumiseemme laatuun tekev\u00e4t FMP:st\u00e4 \u00e4lykk\u00e4\u00e4n valinnan yrityksille, jotka haluavat investoida luotettaviin hydrauliikkaratkaisuihin.<\/p>","protected":false},"excerpt":{"rendered":"<p>Quality Assurance Dump Truck Hydraulic Hoist Cylinder 4 Stage Small Dump Truck Hydraulic Cylinder Our 4 Stage Small Dump Truck hydraulic cylinder is a quality assured product that ensures optimal performance. It is a new product, launching in 2025, with a 1-year warranty. This hydraulic cylinder is designed for use in machinery repair shops, farms, [&hellip;]<\/p>","protected":false},"featured_media":6696,"comment_status":"closed","ping_status":"closed","template":"","meta":{"_et_pb_use_builder":"","_et_pb_old_content":"","_et_gb_content_width":""},"product_brand":[],"product_cat":[103],"product_tag":[34,105],"class_list":{"0":"post-6531","1":"product","2":"type-product","3":"status-publish","4":"has-post-thumbnail","6":"product_cat-telescopic-hydraulic-cylinders","7":"product_tag-hydraulic-cylinder","8":"product_tag-telescopic-hydraulic-cylinders","10":"first","11":"instock","12":"product-type-simple"},"_links":{"self":[{"href":"https:\/\/fmp-components.com\/fi\/wp-json\/wp\/v2\/product\/6531","targetHints":{"allow":["GET"]}}],"collection":[{"href":"https:\/\/fmp-components.com\/fi\/wp-json\/wp\/v2\/product"}],"about":[{"href":"https:\/\/fmp-components.com\/fi\/wp-json\/wp\/v2\/types\/product"}],"replies":[{"embeddable":true,"href":"https:\/\/fmp-components.com\/fi\/wp-json\/wp\/v2\/comments?post=6531"}],"wp:featuredmedia":[{"embeddable":true,"href":"https:\/\/fmp-components.com\/fi\/wp-json\/wp\/v2\/media\/6696"}],"wp:attachment":[{"href":"https:\/\/fmp-components.com\/fi\/wp-json\/wp\/v2\/media?parent=6531"}],"wp:term":[{"taxonomy":"product_brand","embeddable":true,"href":"https:\/\/fmp-components.com\/fi\/wp-json\/wp\/v2\/product_brand?post=6531"},{"taxonomy":"product_cat","embeddable":true,"href":"https:\/\/fmp-components.com\/fi\/wp-json\/wp\/v2\/product_cat?post=6531"},{"taxonomy":"product_tag","embeddable":true,"href":"https:\/\/fmp-components.com\/fi\/wp-json\/wp\/v2\/product_tag?post=6531"}],"curies":[{"name":"wp","href":"https:\/\/api.w.org\/{rel}","templated":true}]}}