{"id":6529,"date":"2025-03-11T06:28:19","date_gmt":"2025-03-11T06:28:19","guid":{"rendered":"https:\/\/fmp-components.com\/product\/dump-trailer-truck-20-tons-100-ton-5-stage-telescopic-hydraulic-cylinder-with-long-stroke"},"modified":"2025-03-12T02:11:55","modified_gmt":"2025-03-12T02:11:55","slug":"dump-trailer-truck-20-tons-100-ton-5-stage-telescopic-hydraulic-cylinder-with-long-stroke","status":"publish","type":"product","link":"https:\/\/fmp-components.com\/fi\/product\/dump-trailer-truck-20-tons-100-ton-5-stage-telescopic-hydraulic-cylinder-with-long-stroke\/","title":{"rendered":"Kippiper\u00e4vaunun kuorma-auto 20 tonnia 100 tonnia 5-vaiheinen teleskooppinen hydraulisylinteri pitk\u00e4ll\u00e4 iskulla"},"content":{"rendered":"<h2>Kippiper\u00e4vaunun kuorma-auto 20 tonnia 100 tonnia 5-vaiheinen teleskooppinen hydraulisylinteri pitk\u00e4ll\u00e4 iskulla<\/h2>\n<p>Viisivaiheinen teleskooppinen hydraulisylinteri pitk\u00e4ll\u00e4 iskunpituudella on korkealaatuinen ja kest\u00e4v\u00e4 laite, joka on suunniteltu kippiautoille. Se kantaa 38 kg painoa ja voi tuottaa enint\u00e4\u00e4n 3000 N ty\u00f6nt\u00f6voiman ja vetovoiman jopa 20 tonnia. T\u00e4m\u00e4 hydraulisylinteri sopii t\u00e4ydellisesti k\u00e4ytett\u00e4v\u00e4ksi useilla eri teollisuudenaloilla, kuten konepajoissa, maatiloilla, energia- ja kaivosteollisuudessa sek\u00e4 konepajateollisuudessa.<\/p>\n<p><img loading=\"lazy\" decoding=\"async\" class=\"alignnone  wp-image-6664\" src=\"https:\/\/fmp-components.com\/wp-content\/uploads\/2025\/03\/telescopic-hydraulic-cylinder-8.webp\" alt=\"teleskooppinen hydraulisylinteri\" width=\"873\" height=\"873\" title=\"\" srcset=\"https:\/\/fmp-components.com\/wp-content\/uploads\/2025\/03\/telescopic-hydraulic-cylinder-8.webp 873w, https:\/\/fmp-components.com\/wp-content\/uploads\/2025\/03\/telescopic-hydraulic-cylinder-8-480x480.webp 480w\" sizes=\"(min-width: 0px) and (max-width: 480px) 480px, (min-width: 481px) 873px, 100vw\" \/><\/p>\n<h3>T\u00e4rkeimm\u00e4t tuotetiedot<\/h3>\n<table style=\"width: 102.38%;\" border=\"\">\n<tbody>\n<tr>\n<td style=\"width: 41.5179%;\">Tuotteen nimi<\/td>\n<td style=\"width: 381.25%;\">Teleskooppisylinteri<\/td>\n<\/tr>\n<tr>\n<td style=\"width: 41.5179%;\">Sertifiointi<\/td>\n<td style=\"width: 381.25%;\">ISO9001:2000<\/td>\n<\/tr>\n<tr>\n<td style=\"width: 41.5179%;\">Rei\u00e4n koko<\/td>\n<td style=\"width: 381.25%;\">2\u20136 tuumaa<\/td>\n<\/tr>\n<tr>\n<td style=\"width: 41.5179%;\">Tangon koko<\/td>\n<td style=\"width: 381.25%;\">1,125\u20134 tuumaa<\/td>\n<\/tr>\n<tr>\n<td style=\"width: 41.5179%;\">Iskun koko<\/td>\n<td style=\"width: 381.25%;\">4\u2013100 tuumaa<\/td>\n<\/tr>\n<tr>\n<td style=\"width: 41.5179%;\">Tapin koko<\/td>\n<td style=\"width: 381.25%;\">0,5\u20132 tuumaa<\/td>\n<\/tr>\n<tr>\n<td style=\"width: 41.5179%;\">Portit<\/td>\n<td style=\"width: 381.25%;\">G\/SAE\/NPT\/M<\/td>\n<\/tr>\n<\/tbody>\n<\/table>\n<h2>Huomionarvoisia ominaisuuksia ja etuja<\/h2>\n<p>T\u00e4m\u00e4 monivaiheinen hydraulisylinteri on suunniteltu huolellisesti keskittyen energians\u00e4\u00e4st\u00f6\u00f6n, tehokkuuteen ja turvallisuuteen. Sen suunnittelussa on useita huomionarvoisia ominaisuuksia, jotka parantavat sen toimivuutta ja luotettavuutta. Yksi t\u00e4rkeimmist\u00e4 komponenteista on laakeri, joka varmistaa tasaisen toiminnan ja v\u00e4hent\u00e4\u00e4 kitkaa, mik\u00e4 pident\u00e4\u00e4 sylinterin k\u00e4ytt\u00f6ik\u00e4\u00e4. Sylinterin runko on valmistettu kest\u00e4v\u00e4st\u00e4 ter\u00e4ksest\u00e4, joka tunnetaan poikkeuksellisesta lujuudestaan \u200b\u200bja kest\u00e4vyydest\u00e4\u00e4n. T\u00e4m\u00e4 materiaalivalinta ei ainoastaan \u200b\u200bparanna sylinterin pitk\u00e4ik\u00e4isyytt\u00e4, vaan varmistaa my\u00f6s, ett\u00e4 se kest\u00e4\u00e4 ankaria k\u00e4ytt\u00f6olosuhteita suorituskyky\u00e4 vaarantamatta.<\/p>\n<p>Lis\u00e4ksi t\u00e4m\u00e4 hydraulisylinteri on ISO 9001:2000 -sertifioinnin mukainen, mik\u00e4 on osoitus sen sitoutumisesta korkeisiin laatustandardeihin. T\u00e4m\u00e4 sertifiointi heijastaa sitoutumistamme laadunhallintaj\u00e4rjestelmiin ja jatkuvaan parantamiseen, mik\u00e4 vakuuttaa asiakkaille, ett\u00e4 he investoivat luotettavaan ja tehokkaaseen tuotteeseen. N\u00e4iden ominaisuuksien yhdistelm\u00e4 tekee monivaiheisesta hydraulisylinterist\u00e4mme luotettavan valinnan erilaisiin teollisiin sovelluksiin.<\/p>\n<h2>Hydraulij\u00e4rjestelm\u00e4 ja toimintaperiaate<\/h2>\n<p>Hydraulisylinteri toimii perusperiaatteella, jossa se muuntaa hydraulisen energian mekaaniseksi liikkeeksi. Se valjastaa paineistetun nesteen voiman tuottaakseen merkitt\u00e4v\u00e4\u00e4 voimaa ja liikett\u00e4, mik\u00e4 on v\u00e4ltt\u00e4m\u00e4t\u00f6nt\u00e4 monille mekaanisille toimille. Kun hydraulinestett\u00e4 sy\u00f6tet\u00e4\u00e4n sylinteriin, se luo paineen, joka vaikuttaa sis\u00e4ll\u00e4 olevaan m\u00e4nt\u00e4\u00e4n. T\u00e4m\u00e4 paine saa m\u00e4nn\u00e4n liikkumaan ja muuntaa hydraulisen energian lineaariseksi liikkeeksi. T\u00e4m\u00e4 tehokas muuntamisprosessi tekee hydraulij\u00e4rjestelmist\u00e4 niin tehokkaita teht\u00e4viss\u00e4, jotka vaativat lujuutta ja tarkkuutta.<\/p>\n<p>Hydraulisylinterin kyky tuottaa voimaa nestepaineen avulla mahdollistaa sen suorittaa erilaisia \u200b\u200btoimintoja, kuten raskaiden kuormien nostamisen, ty\u00f6nt\u00e4misen tai vet\u00e4misen. T\u00e4m\u00e4 periaate ei ainoastaan \u200b\u200bparanna toiminnan tehokkuutta, vaan my\u00f6s edist\u00e4\u00e4 niiden koneiden yleist\u00e4 turvallisuutta ja luotettavuutta, joissa sit\u00e4 k\u00e4ytet\u00e4\u00e4n.<\/p>\n<p><img loading=\"lazy\" decoding=\"async\" class=\"alignnone  wp-image-6665\" src=\"https:\/\/fmp-components.com\/wp-content\/uploads\/2025\/03\/telescopic-hydraulic-cylinder-9.webp\" alt=\"teleskooppinen hydraulisylinteri\" width=\"874\" height=\"874\" title=\"\" srcset=\"https:\/\/fmp-components.com\/wp-content\/uploads\/2025\/03\/telescopic-hydraulic-cylinder-9.webp 874w, https:\/\/fmp-components.com\/wp-content\/uploads\/2025\/03\/telescopic-hydraulic-cylinder-9-480x480.webp 480w\" sizes=\"(min-width: 0px) and (max-width: 480px) 480px, (min-width: 481px) 874px, 100vw\" \/><\/p>\n<h2>Hydraulisylinterin k\u00e4ytt\u00f6<\/h2>\n<p>Vaikuttavan kapasiteettinsa ja rakenteensa ansiosta t\u00e4m\u00e4 hydraulisylinteri sopii parhaiten raskaisiin sovelluksiin useilla eri teollisuudenaloilla. Se loistaa koneenrakennuksessa, energia- ja kaivosteollisuudessa sek\u00e4 maataloustoiminnassa. Pitk\u00e4n iskunpituuden ja 20 tonnin enimm\u00e4isvetokyvyn ansiosta t\u00e4m\u00e4 sylinteri on ihanteellisesti varustettu k\u00e4sittelem\u00e4\u00e4n suuria kuormia helposti. Sen kest\u00e4v\u00e4 rakenne ja korkea suorituskyky tekev\u00e4t siit\u00e4 v\u00e4ltt\u00e4m\u00e4tt\u00f6m\u00e4n ty\u00f6kalun toiminnoissa, jotka vaativat raskaiden materiaalien luotettavaa nostamista ja siirt\u00e4mist\u00e4.<\/p>\n<p>Olipa kyseess\u00e4 sitten suurten koneenosien nostaminen, kaivostoiminnan avustaminen tai maatalousteht\u00e4vien, kuten laitteiden tai raskaiden kuormien nostamisen, helpottaminen, t\u00e4m\u00e4 hydraulisylinteri tarjoaa poikkeuksellisen suorituskyvyn. Sen monipuolisuus varmistaa, ett\u00e4 se soveltuu erilaisiin k\u00e4ytt\u00f6tarkoituksiin, mik\u00e4 tekee siit\u00e4 ensisijaisen valinnan ammattilaisille monilla eri aloilla.<\/p>\n<h2>Hydraulisylinterit ja voimayksik\u00f6t<\/h2>\n<p>Hydraulisylinteri ja voimayksikk\u00f6 ovat kriittisi\u00e4 osia miss\u00e4 tahansa hydraulij\u00e4rjestelm\u00e4ss\u00e4. Niiden yhdistetty toiminnallisuus varmistaa hydrauliteknologian laajan k\u00e4yt\u00f6n teollisuudessa, tarjoten luotettavaa teho- ja ohjaustukea erilaisille teknisille ja mekaanisille laitteille. Hydraulisylinteri toimii suorituselementtin\u00e4, joka vastaa hydraulisen energian muuntamisesta mekaaniseksi liikkeeksi, mahdollistaen monenlaisten teht\u00e4vien tehokkaan suorittamisen.<\/p>\n<p>Samaan aikaan voimayksikk\u00f6 toimii hydraulij\u00e4rjestelm\u00e4n ytimen\u00e4, joka tuottaa hydraulinesteen k\u00e4ytt\u00e4miseen tarvittavan energian ja tarjoaa toiminnan edellytt\u00e4m\u00e4t ohjaussignaalit. Voimayksikk\u00f6 koostuu tyypillisesti moottorista, pumpusta, s\u00e4ili\u00f6st\u00e4 ja ohjausventtiileist\u00e4, jotka kaikki toimivat harmonisesti yll\u00e4pit\u00e4\u00e4kseen tasaista painetta ja virtausnopeuksia j\u00e4rjestelm\u00e4ss\u00e4.<\/p>\n<p>Hydraulisylinterin ja voimayksik\u00f6n v\u00e4linen koordinoitu yhteisty\u00f6 on v\u00e4ltt\u00e4m\u00e4t\u00f6nt\u00e4 hydraulij\u00e4rjestelm\u00e4n saumattomalle toiminnalle. Yhdess\u00e4 ne varmistavat, ett\u00e4 teollisuuskoneet toimivat luotettavasti ja tehokkaasti, mik\u00e4 parantaa tuottavuutta ja turvallisuutta. FMP:ll\u00e4 tarjoamme my\u00f6s korkealaatuisia voimayksik\u00f6it\u00e4 myyntiin, joiden avulla asiakkaamme voivat luoda t\u00e4ysin integroituja hydraulij\u00e4rjestelmi\u00e4, jotka on r\u00e4\u00e4t\u00e4l\u00f6ity heid\u00e4n erityistarpeisiinsa. T\u00e4m\u00e4 kokonaisvaltainen l\u00e4hestymistapa varmistaa, ett\u00e4 yritykset voivat hy\u00f6dynt\u00e4\u00e4 hydrauliteknologian kaikkia etuja ja saavuttaa operatiiviset tavoitteensa luottavaisin mielin.<\/p>\n<p><img loading=\"lazy\" decoding=\"async\" class=\"alignnone  wp-image-6717\" src=\"https:\/\/fmp-components.com\/wp-content\/uploads\/2025\/03\/hydraulic-cylinder-211.webp\" alt=\"Hydraulisylinterit\" width=\"923\" height=\"925\" title=\"\" srcset=\"https:\/\/fmp-components.com\/wp-content\/uploads\/2025\/03\/hydraulic-cylinder-211.webp 923w, https:\/\/fmp-components.com\/wp-content\/uploads\/2025\/03\/hydraulic-cylinder-211-480x481.webp 480w\" sizes=\"(min-width: 0px) and (max-width: 480px) 480px, (min-width: 481px) 923px, 100vw\" \/><\/p>\n<h3>Usein kysytyt kysymykset<\/h3>\n<p><strong>K: Oletko kauppayhti\u00f6 vai valmistaja?<\/strong><br \/>\nV: Olemme valmistaja.<\/p>\n<p><strong>K: Kuinka pitk\u00e4 on toimitusaikanne?<\/strong><br \/>\nV: Yleens\u00e4 se on 25\u201335 p\u00e4iv\u00e4\u00e4.<\/p>\n<p><strong>K: Toimitatteko n\u00e4ytteit\u00e4? Onko se ilmaista vai lis\u00e4maksullista?<\/strong><br \/>\nV: Kyll\u00e4, voisimme tarjota n\u00e4ytteen, mutta se ei ole ilmainen.<\/p>\n<h3>Tietoja FMP:st\u00e4<\/h3>\n<p>FMP on johtava italialainen valmistaja, joka on erikoistunut huippulaatuisten hydraulisylintereiden suunnitteluun, kehitt\u00e4miseen ja tuotantoon. Vuosikymmenten kokemuksella yhdist\u00e4mme saumattomasti italialaisen k\u00e4sity\u00f6taidon huipputeknologiaan ja toimitamme poikkeuksellisia hydraulisia ratkaisuja, jotka on r\u00e4\u00e4t\u00e4l\u00f6ity globaalin asiakaskuntamme monipuolisiin tarpeisiin. Italiassa \u2013 insin\u00f6\u00f6ritaidon keskuksessa \u2013 sijaitseva FMP on vakiinnuttanut asemansa luotettavana nimen\u00e4 hydrauliikkateollisuudessa ja on omistautunut tarjoamaan luotettavia, kest\u00e4vi\u00e4 ja innovatiivisia tuotteita, jotka voimaannuttavat yrityksi\u00e4 ymp\u00e4ri maailmaa.<\/p>\n<p>Yrityksemme yhdist\u00e4\u00e4 edistykselliset valmistusperinteet tulevaisuuteen suuntautuneeseen l\u00e4hestymistapaan. Hy\u00f6dynt\u00e4m\u00e4ll\u00e4 laajaa kokemustaan \u200b\u200bhydraulij\u00e4rjestelmist\u00e4, FMP on kehittynyt nykyaikaiseksi yritykseksi, joka on erinomainen tutkimuksessa, suunnittelussa ja tuotannossa. Tarjoamme laajan valikoiman hydraulisylintereit\u00e4, mukaan lukien kaksitoimiset sylinterit, autojen nostosylinterit, maatalouskoneiden sylinterit ja r\u00e4\u00e4t\u00e4l\u00f6ityj\u00e4 ratkaisuja erilaisiin teollisiin sovelluksiin. Toimialasta riippumatta \u2013 olipa kyseess\u00e4 rakentaminen, teollisuusasennukset, maatalous tai raskaat koneet \u2013 hydraulisylinterimme on suunniteltu toimimaan vaativimmissakin olosuhteissa varmistaen turvallisuuden, tehokkuuden ja pitk\u00e4n k\u00e4ytt\u00f6i\u00e4n.<\/p>\n<p><img loading=\"lazy\" decoding=\"async\" class=\"alignnone size-full wp-image-6720\" src=\"https:\/\/fmp-components.com\/wp-content\/uploads\/2025\/03\/hydraulic-cylinder-8.webp\" alt=\"Teleskooppiset hydraulisylinterit\" width=\"933\" height=\"526\" title=\"\" srcset=\"https:\/\/fmp-components.com\/wp-content\/uploads\/2025\/03\/hydraulic-cylinder-8.webp 933w, https:\/\/fmp-components.com\/wp-content\/uploads\/2025\/03\/hydraulic-cylinder-8-480x271.webp 480w\" sizes=\"(min-width: 0px) and (max-width: 480px) 480px, (min-width: 481px) 933px, 100vw\" \/><\/p>\n<p>FMP:ll\u00e4 olemme ylpeit\u00e4 huippumoderneista tuotantolaitoksistamme, jotka on varustettu tarkkuuskoneilla ja edistyneill\u00e4 testausj\u00e4rjestelmill\u00e4. Valmistusprosessimme t\u00e4ytt\u00e4v\u00e4t tiukat kansalliset ja kansainv\u00e4liset standardit varmistaen, ett\u00e4 jokainen valmistettu hydraulisylinteri on korkealaatuista ja luotettavaa. Taitava tekninen tiimimme yhdistettyn\u00e4 huippuluokan laitteisiin mahdollistaa tiukan laadunvalvonnan tuotannon jokaisessa vaiheessa \u2013 raaka-aineiden valinnasta lopputarkastukseen. T\u00e4m\u00e4 sitoutuminen erinomaisuuteen on ansainnut meille sertifikaatteja ja tunnustusta alan viranomaisilta, mik\u00e4 on vahvistanut mainettamme luotettavana kumppanina.<\/p>\n<p>Missiomme on sek\u00e4 suoraviivainen ett\u00e4 kunnianhimoinen: tarjota asiakkaillemme hydraulisylintereit\u00e4, jotka ylitt\u00e4v\u00e4t odotukset suorituskyvyss\u00e4, kest\u00e4vyydess\u00e4 ja arvossa. Toimimme ammattitaidon, rehellisyyden ja asiakasl\u00e4ht\u00f6isyyden ydinperiaatteiden mukaisesti. Edist\u00e4m\u00e4ll\u00e4 innovaatio- ja tarkkuuskulttuuria ja jalostamme jatkuvasti tuotteitamme pysy\u00e4ksemme kilpailuedulla. Kattava tuotevalikoimamme ja kykymme tarjota r\u00e4\u00e4t\u00e4l\u00f6ityj\u00e4 ratkaisuja tekev\u00e4t meist\u00e4 ensisijaisen valinnan yrityksille, jotka etsiv\u00e4t tehokkaita hydraulisylintereit\u00e4.<\/p>\n<p>FMP on enemm\u00e4n kuin vain valmistaja; olemme kumppani menestyksess\u00e4si. Ymm\u00e4rr\u00e4mme, ett\u00e4 asiakkaamme luottavat meihin ty\u00f6kalujen toimittamisessa, jotka parantavat tuottavuutta ja turvallisuutta. Siksi olemme sitoutuneet paitsi toimittamaan huippuluokan tuotteita, my\u00f6s tarjoamaan poikkeuksellista palvelua. Alustavista konsultaatioista myynnin j\u00e4lkeiseen tukeen teemme tiivist\u00e4 yhteisty\u00f6t\u00e4 asiakkaidemme kanssa varmistaaksemme, ett\u00e4 heid\u00e4n tarpeensa t\u00e4ytet\u00e4\u00e4n ammattitaitoisesti ja huolellisesti. Kilpailukykyiset hintamme yhdistettyn\u00e4 horjumattomaan sitoutumiseemme laatuun tekev\u00e4t FMP:st\u00e4 \u00e4lykk\u00e4\u00e4n valinnan yrityksille, jotka haluavat investoida luotettaviin hydrauliikkaratkaisuihin.<\/p>","protected":false},"excerpt":{"rendered":"<p>Dump Trailer Truck 20 Tons 100 Ton 5 Stage Telescopic Hydraulic Cylinder with Long Stroke The 5 stage telescopic hydraulic cylinder with long stroke is a high-quality, heavy-duty piece of equipment designed for dump trailer trucks. It carries a weight of 38kg and can deliver a maximum thrust of 3000 and pull up to 20 [&hellip;]<\/p>","protected":false},"featured_media":6700,"comment_status":"closed","ping_status":"closed","template":"","meta":{"_et_pb_use_builder":"","_et_pb_old_content":"","_et_gb_content_width":""},"product_brand":[],"product_cat":[103],"product_tag":[34,105],"class_list":{"0":"post-6529","1":"product","2":"type-product","3":"status-publish","4":"has-post-thumbnail","6":"product_cat-telescopic-hydraulic-cylinders","7":"product_tag-hydraulic-cylinder","8":"product_tag-telescopic-hydraulic-cylinders","10":"first","11":"instock","12":"product-type-simple"},"_links":{"self":[{"href":"https:\/\/fmp-components.com\/fi\/wp-json\/wp\/v2\/product\/6529","targetHints":{"allow":["GET"]}}],"collection":[{"href":"https:\/\/fmp-components.com\/fi\/wp-json\/wp\/v2\/product"}],"about":[{"href":"https:\/\/fmp-components.com\/fi\/wp-json\/wp\/v2\/types\/product"}],"replies":[{"embeddable":true,"href":"https:\/\/fmp-components.com\/fi\/wp-json\/wp\/v2\/comments?post=6529"}],"wp:featuredmedia":[{"embeddable":true,"href":"https:\/\/fmp-components.com\/fi\/wp-json\/wp\/v2\/media\/6700"}],"wp:attachment":[{"href":"https:\/\/fmp-components.com\/fi\/wp-json\/wp\/v2\/media?parent=6529"}],"wp:term":[{"taxonomy":"product_brand","embeddable":true,"href":"https:\/\/fmp-components.com\/fi\/wp-json\/wp\/v2\/product_brand?post=6529"},{"taxonomy":"product_cat","embeddable":true,"href":"https:\/\/fmp-components.com\/fi\/wp-json\/wp\/v2\/product_cat?post=6529"},{"taxonomy":"product_tag","embeddable":true,"href":"https:\/\/fmp-components.com\/fi\/wp-json\/wp\/v2\/product_tag?post=6529"}],"curies":[{"name":"wp","href":"https:\/\/api.w.org\/{rel}","templated":true}]}}