{"id":6523,"date":"2025-03-11T06:26:57","date_gmt":"2025-03-11T06:26:57","guid":{"rendered":"https:\/\/fmp-components.com\/product\/chinese-factory-5-stage-telescopic-hydraulic-cylinder-multistage-hydraulic-cylinder"},"modified":"2025-03-18T02:13:27","modified_gmt":"2025-03-18T02:13:27","slug":"italian-factory-5-stage-telescopic-hydraulic-cylinder-multistage-hydraulic-cylinder","status":"publish","type":"product","link":"https:\/\/fmp-components.com\/fi\/product\/italian-factory-5-stage-telescopic-hydraulic-cylinder-multistage-hydraulic-cylinder\/","title":{"rendered":"Italialainen tehdas 5-vaiheinen teleskooppinen hydraulisylinteri monivaiheinen hydraulisylinteri"},"content":{"rendered":"<h2>Tehdas 5-vaiheinen teleskooppinen hydraulisylinteri Monivaiheinen hydraulisylinteri<\/h2>\n<p>Esittelyss\u00e4 5-vaiheinen teleskooppinen hydraulisylinteri FMP:lt\u00e4, italialaiselta tehtaalta, joka on tunnettu korkealaatuisista hydraulisylintereist\u00e4\u00e4n. T\u00e4ydellisyyteen viimeistelty monivaiheinen hydraulisylinteri tarjoaa vertaansa vailla olevaa tehokkuutta ja suorituskyky\u00e4 eri toimialoilla, kuten konepajoissa, maatiloilla, energia- ja kaivosteollisuudessa, konevalmistuksessa ja konetehtaissa.<\/p>\n<h3>Ominaisuudet ja toiminnot<\/h3>\n<p>Hydraulisylinterimme on suunniteltu vahvalla ter\u00e4srungolla, jonka enimm\u00e4isty\u00f6nt\u00f6voima on 3000 B ja vetokyky 20 tonnia. Sylinteri on my\u00f6s ISO9001:2000-sertifioitu, mik\u00e4 takaa korkeimman laadun ja luotettavuuden.<\/p>\n<h3>Tekniset tiedot<\/h3>\n<table style=\"width: 98.6435%;\" border=\"\">\n<tbody>\n<tr>\n<td style=\"width: 43.5028%;\"><b>Rei\u00e4n koko<\/b><\/td>\n<td style=\"width: 477.966%;\">2\u20136 tuumaa<\/td>\n<\/tr>\n<tr>\n<td style=\"width: 43.5028%;\"><b>Tangon koko<\/b><\/td>\n<td style=\"width: 477.966%;\">1,125\u20134 tuumaa<\/td>\n<\/tr>\n<tr>\n<td style=\"width: 43.5028%;\"><b>Iskun koko<\/b><\/td>\n<td style=\"width: 477.966%;\">4\u2013100 tuumaa<\/td>\n<\/tr>\n<tr>\n<td style=\"width: 43.5028%;\"><b>Tapin koko<\/b><\/td>\n<td style=\"width: 477.966%;\">0,5\u20132 tuumaa<\/td>\n<\/tr>\n<tr>\n<td style=\"width: 43.5028%;\"><b>Portit<\/b><\/td>\n<td style=\"width: 477.966%;\">G\/SAE\/NPT\/M<\/td>\n<\/tr>\n<\/tbody>\n<\/table>\n<h3>Ainutlaatuiset edut<\/h3>\n<ul>\n<li>Energiatehokas: Hydraulisylinterimme tarjoaa optimaalisen suorituskyvyn minimaalisella energiankulutuksella.<\/li>\n<li>Eritt\u00e4in tehokas: Monivaiheinen rakenne mahdollistaa paremman tehokkuuden erilaisissa sovelluksissa.<\/li>\n<li>Turvallisuus: Tuotteella on 1 vuoden takuu keskeisille osille k\u00e4ytt\u00e4j\u00e4n turvallisuuden varmistamiseksi.<\/li>\n<\/ul>\n<h2>Hydraulij\u00e4rjestelm\u00e4 ja toimintaperiaate<\/h2>\n<p>Hydraulij\u00e4rjestelm\u00e4 toimii perusperiaatteella, jossa hydraulinen energia muunnetaan mekaaniseksi liikkeeksi. T\u00e4m\u00e4 prosessi on eritt\u00e4in riippuvainen hydraulisylinterist\u00e4. T\u00e4m\u00e4 sylinteri on keskeinen paineistetun nesteen muuntamisessa voimakkaaksi liikkeeksi, mik\u00e4 mahdollistaa laajan valikoiman sovelluksia eri teollisuudenaloilla. Hydraulisylinterin kyky tuottaa merkitt\u00e4v\u00e4\u00e4 voimaa tekee siit\u00e4 korvaamattoman teht\u00e4viss\u00e4, jotka vaativat tarkkaa ohjausta ja tehoa.<\/p>\n<p>Hydraulisylinteri\u00e4 t\u00e4ydent\u00e4\u00e4 tehoyksikk\u00f6, joka toimittaa hydraulij\u00e4rjestelm\u00e4lle tarvittavan energian ja ohjaussignaalit. T\u00e4m\u00e4 yksikk\u00f6 tuottaa ja s\u00e4\u00e4telee hydraulinesteen painetta varmistaen, ett\u00e4 j\u00e4rjestelm\u00e4 toimii tehokkaasti ja tuloksellisesti. Hydraulisylinterin ja tehoyksik\u00f6n harmoninen vuorovaikutus johtaa vankkaan j\u00e4rjestelm\u00e4\u00e4n, joka maksimoi suorituskyvyn, minimoi energiah\u00e4vi\u00f6n ja parantaa kokonaistuottavuutta. Yhdess\u00e4 ne luovat saumattoman toiminnan, joka on olennaista erilaisissa mekaanisissa ja teollisissa sovelluksissa.<\/p>\n<p><img loading=\"lazy\" decoding=\"async\" class=\"alignnone wp-image-6662\" src=\"https:\/\/fmp-components.com\/wp-content\/uploads\/2025\/03\/telescopic-hydraulic-cylinder-4.webp\" alt=\"teleskooppinen hydraulisylinteri\" width=\"931\" height=\"931\" title=\"\" srcset=\"https:\/\/fmp-components.com\/wp-content\/uploads\/2025\/03\/telescopic-hydraulic-cylinder-4.webp 931w, https:\/\/fmp-components.com\/wp-content\/uploads\/2025\/03\/telescopic-hydraulic-cylinder-4-480x480.webp 480w\" sizes=\"(min-width: 0px) and (max-width: 480px) 480px, (min-width: 481px) 931px, 100vw\" \/><\/p>\n<h2>Hakemus<\/h2>\n<p>Hydraulisylinterimme sopivat t\u00e4ydellisesti monenlaisiin k\u00e4ytt\u00f6tarkoituksiin, joten ne ovat ihanteellinen valinta esimerkiksi konepajoille, maatiloille, energia- ja kaivosteollisuudelle, konevalmistukseen ja konetehtaisiin. Konepajoissa ne helpottavat raskaiden komponenttien nostamista ja k\u00e4sittely\u00e4, jolloin teknikot voivat suorittaa korjauksia turvallisesti ja tehokkaasti. Maatalousymp\u00e4rist\u00f6iss\u00e4 n\u00e4m\u00e4 sylinterit parantavat laitteiden, kuten traktoreiden, toimivuutta, mik\u00e4 mahdollistaa tehokkaan materiaalink\u00e4sittelyn. Energia- ja kaivosalat hy\u00f6tyv\u00e4t hydraulisylintereidemme vankasta suorituskyvyst\u00e4, joka kest\u00e4\u00e4 raskaiden teht\u00e4vien vaativat olosuhteet. Lis\u00e4ksi valmistusymp\u00e4rist\u00f6iss\u00e4 sylinterimme tukevat erilaisia \u200b\u200btuotantoprosesseja varmistaen, ett\u00e4 toiminta sujuu sujuvasti ja tehokkaasti.<\/p>\n<p>Kutsumme sinut astumaan maailmaamme ja todistamaan tuotteidemme takana olevaa k\u00e4sity\u00f6taitoa. Olet tervetullut VR-tehtaallemme, jossa voit kokea tuotantoprosessimme k\u00e4yt\u00e4nn\u00f6ss\u00e4. T\u00e4m\u00e4 virtuaalikierros antaa k\u00e4sityksen sitoutumisestamme laatuun ja innovaatioihin ja esittelee, kuinka tuomme hydrauliikkaratkaisumme eloon.<\/p>\n<h2>Hydraulisylinterit ja voimayksik\u00f6t<\/h2>\n<p>Hydraulisylinterit ja voimayksik\u00f6t ovat olennainen osa mit\u00e4 tahansa hydraulij\u00e4rjestelm\u00e4\u00e4. Niiden yhteisty\u00f6 on v\u00e4ltt\u00e4m\u00e4t\u00f6nt\u00e4 hydraulitekniikan laajalle soveltamiselle teollisuudessa. Yhdess\u00e4 ne tarjoavat luotettavaa teho- ja ohjaustukea erilaisille teknisille ja mekaanisille laitteille. Hydraulisylinteri toimii toimilaitteena, joka muuntaa hydraulisen energian mekaaniseksi liikkeeksi, kun taas voimayksikk\u00f6 toimii energial\u00e4hteen\u00e4, joka sy\u00f6tt\u00e4\u00e4 tarvittavan paineen ja ohjaussignaalit.<\/p>\n<p>FMP:ll\u00e4 tarjoamme my\u00f6s valikoiman voimayksik\u00f6it\u00e4, mik\u00e4 tekee meist\u00e4 kokonaisvaltaisen ratkaisun kaikkiin hydraulisiin tarpeisiin. Sitoutumisemme korkealaatuisten hydrauliratkaisujen tarjoamiseen varmistaa, ett\u00e4 voit luottaa meihin sek\u00e4 sylinterien ett\u00e4 voimayksik\u00f6iden kanssa, mik\u00e4 tehostaa toimintaasi ja parantaa tuottavuuttasi. Kattavan tuotevalikoimamme avulla olemme sitoutuneet t\u00e4ytt\u00e4m\u00e4\u00e4n asiakkaidemme monipuoliset vaatimukset eri toimialoilla.<\/p>\n<p><img loading=\"lazy\" decoding=\"async\" class=\"alignnone wp-image-6663\" src=\"https:\/\/fmp-components.com\/wp-content\/uploads\/2025\/03\/telescopic-hydraulic-cylinder-11.webp\" alt=\"teleskooppinen hydraulisylinteri\" width=\"941\" height=\"941\" title=\"\" srcset=\"https:\/\/fmp-components.com\/wp-content\/uploads\/2025\/03\/telescopic-hydraulic-cylinder-11.webp 941w, https:\/\/fmp-components.com\/wp-content\/uploads\/2025\/03\/telescopic-hydraulic-cylinder-11-480x480.webp 480w\" sizes=\"(min-width: 0px) and (max-width: 480px) 480px, (min-width: 481px) 941px, 100vw\" \/><\/p>\n<h2>Usein kysytyt kysymykset<\/h2>\n<p><b>K: Oletko kauppayhti\u00f6 vai valmistaja?<\/b><br \/>\nA: Olemme italialainen valmistaja.<\/p>\n<p><b>K: Mik\u00e4 on hydraulisylintereidesi toimitusaika?<\/b><br \/>\nV: Yleens\u00e4 se on 25\u201335 p\u00e4iv\u00e4\u00e4.<\/p>\n<p><b>K: Toimitatteko n\u00e4ytteit\u00e4?<\/b><br \/>\nV: Kyll\u00e4, tarjoamme n\u00e4ytteit\u00e4, mutta ne eiv\u00e4t ole ilmaisia.<\/p>\n<h3>Tietoja FMP:st\u00e4<\/h3>\n<p>FMP on johtava italialainen valmistaja, joka tunnetaan asiantuntemuksestaan \u200b\u200bkorkealaatuisten hydraulisylintereiden suunnittelussa, kehitt\u00e4misess\u00e4 ja tuotannossa. Vuosikymmenten varrella kertyneen rikkaan perinn\u00f6n ansiosta yhdist\u00e4mme perinteisen italialaisen k\u00e4sity\u00f6taidon huipputeknologiaan luodaksemme poikkeuksellisia hydraulisia ratkaisuja, jotka vastaavat globaalien asiakkaidemme monimuotoisiin tarpeisiin. Italiassa, insin\u00f6\u00f6ritaidon huippuosaamisen keskuksessa, sijaitseva FMP on vakiinnuttanut asemansa luotettavana nimen\u00e4 hydrauliikkateollisuudessa ja on omistautunut toimittamaan luotettavia, kest\u00e4vi\u00e4 ja innovatiivisia tuotteita, jotka voimaannuttavat yrityksi\u00e4 maailmanlaajuisesti.<\/p>\n<p>Yrityksemme yhdist\u00e4\u00e4 edistykselliset valmistusperinteet edistykselliseen ajattelutapaan. Hy\u00f6dynt\u00e4m\u00e4ll\u00e4 laajaa kokemustamme hydraulij\u00e4rjestelmist\u00e4, FMP on kehittynyt nykyaikaiseksi yritykseksi, joka on erinomainen tutkimuksessa, suunnittelussa ja tuotannossa. Tarjoamme kattavan valikoiman hydraulisylintereit\u00e4, mukaan lukien kaksitoimiset sylinterit, autojen nostosylinterit, maatalouskoneiden sylinterit ja r\u00e4\u00e4t\u00e4l\u00f6idyt ratkaisut erilaisiin teollisiin sovelluksiin. Olipa kyseess\u00e4 rakentaminen, teollisuusasennukset, maatalous tai raskaskoneet, hydraulisylinterimme on suunniteltu toimimaan vaativimmissakin olosuhteissa varmistaen turvallisuuden, tehokkuuden ja pitk\u00e4n k\u00e4ytt\u00f6i\u00e4n.<\/p>\n<p>FMP:ll\u00e4 olemme ylpeit\u00e4 huippuluokan tuotantolaitoksistamme, jotka on varustettu tarkkuuskoneilla ja edistyneill\u00e4 testausj\u00e4rjestelmill\u00e4. Valmistusprosessimme t\u00e4ytt\u00e4v\u00e4t tiukat kansalliset ja kansainv\u00e4liset standardit, mik\u00e4 varmistaa, ett\u00e4 jokainen valmistettu hydraulisylinteri t\u00e4ytt\u00e4\u00e4 korkeimmat laatu- ja luotettavuusvaatimukset. Taitava tekninen tiimimme yhdistettyn\u00e4 edistyneisiin laitteisiin mahdollistaa tiukan laadunvalvonnan jokaisessa tuotantovaiheessa \u2013 raaka-aineiden valinnasta lopputarkastukseen. T\u00e4m\u00e4 sitoutuminen erinomaisuuteen on ansainnut meille sertifikaatteja ja tunnustusta alan viranomaisilta, mik\u00e4 vahvistaa mainettamme luotettavana kumppanina.<\/p>\n<p><img loading=\"lazy\" decoding=\"async\" class=\"alignnone size-full wp-image-6720\" src=\"https:\/\/fmp-components.com\/wp-content\/uploads\/2025\/03\/hydraulic-cylinder-8.webp\" alt=\"Teleskooppiset hydraulisylinterit\" width=\"933\" height=\"526\" title=\"\" srcset=\"https:\/\/fmp-components.com\/wp-content\/uploads\/2025\/03\/hydraulic-cylinder-8.webp 933w, https:\/\/fmp-components.com\/wp-content\/uploads\/2025\/03\/hydraulic-cylinder-8-480x271.webp 480w\" sizes=\"(min-width: 0px) and (max-width: 480px) 480px, (min-width: 481px) 933px, 100vw\" \/><\/p>\n<p>Missiomme on yksinkertainen mutta kunnianhimoinen: tarjota asiakkaillemme hydraulisylintereit\u00e4, jotka ylitt\u00e4v\u00e4t odotukset suorituskyvyss\u00e4, kest\u00e4vyydess\u00e4 ja arvossa. Toimimme ammattitaidon, rehellisyyden ja asiakasl\u00e4ht\u00f6isyyden pohjalta. Edist\u00e4m\u00e4ll\u00e4 innovaatio- ja tarkkuuskulttuuria parannamme jatkuvasti tuotteitamme s\u00e4ilytt\u00e4\u00e4ksemme kilpailuedun markkinoilla. Laaja tuotevalikoimamme ja kykymme tarjota r\u00e4\u00e4t\u00e4l\u00f6ityj\u00e4 ratkaisuja tekev\u00e4t meist\u00e4 ensisijaisen valinnan yrityksille, jotka etsiv\u00e4t tehokkaita hydraulisylintereit\u00e4.<\/p>\n<p>FMP on enemm\u00e4n kuin vain valmistaja; olemme kumppani menestyksess\u00e4si. Ymm\u00e4rr\u00e4mme, ett\u00e4 asiakkaamme luottavat meihin ty\u00f6kalujen toimittamisessa, jotka parantavat heid\u00e4n tuottavuuttaan ja turvallisuuttaan. Siksi olemme sitoutuneet tarjoamaan paitsi huippulaatuisia tuotteita my\u00f6s poikkeuksellista palvelua. Alustavasta konsultaatiosta aina myynnin j\u00e4lkeiseen tukeen asti teemme tiivist\u00e4 yhteisty\u00f6t\u00e4 asiakkaidemme kanssa varmistaaksemme, ett\u00e4 heid\u00e4n tarpeensa t\u00e4ytet\u00e4\u00e4n ammattitaitoisesti ja huolellisesti. Kilpailukykyiset hintamme yhdistettyn\u00e4 horjumattomaan sitoutumiseemme laatuun tekev\u00e4t FMP:st\u00e4 \u00e4lykk\u00e4\u00e4n valinnan yrityksille, jotka haluavat investoida luotettaviin hydrauliikkaratkaisuihin.<\/p>","protected":false},"excerpt":{"rendered":"<p>Factory 5 Stage Telescopic Hydraulic Cylinder Multistage Hydraulic Cylinder Introducing the 5 Stage Telescopic hydraulic cylinder From FMP, a Italian Factory renowned for its high-quality hydraulic cylinders. Crafted to perfection, this multistage hydraulic cylinder offers unparalleled efficiency and performance in various industries such as machinery repair shops, farms, energy &amp; mining, machinery manufacturing, and machinery [&hellip;]<\/p>","protected":false},"featured_media":6688,"comment_status":"closed","ping_status":"closed","template":"","meta":{"_et_pb_use_builder":"","_et_pb_old_content":"","_et_gb_content_width":""},"product_brand":[],"product_cat":[103],"product_tag":[34,105],"class_list":{"0":"post-6523","1":"product","2":"type-product","3":"status-publish","4":"has-post-thumbnail","6":"product_cat-telescopic-hydraulic-cylinders","7":"product_tag-hydraulic-cylinder","8":"product_tag-telescopic-hydraulic-cylinders","10":"first","11":"instock","12":"product-type-simple"},"_links":{"self":[{"href":"https:\/\/fmp-components.com\/fi\/wp-json\/wp\/v2\/product\/6523","targetHints":{"allow":["GET"]}}],"collection":[{"href":"https:\/\/fmp-components.com\/fi\/wp-json\/wp\/v2\/product"}],"about":[{"href":"https:\/\/fmp-components.com\/fi\/wp-json\/wp\/v2\/types\/product"}],"replies":[{"embeddable":true,"href":"https:\/\/fmp-components.com\/fi\/wp-json\/wp\/v2\/comments?post=6523"}],"wp:featuredmedia":[{"embeddable":true,"href":"https:\/\/fmp-components.com\/fi\/wp-json\/wp\/v2\/media\/6688"}],"wp:attachment":[{"href":"https:\/\/fmp-components.com\/fi\/wp-json\/wp\/v2\/media?parent=6523"}],"wp:term":[{"taxonomy":"product_brand","embeddable":true,"href":"https:\/\/fmp-components.com\/fi\/wp-json\/wp\/v2\/product_brand?post=6523"},{"taxonomy":"product_cat","embeddable":true,"href":"https:\/\/fmp-components.com\/fi\/wp-json\/wp\/v2\/product_cat?post=6523"},{"taxonomy":"product_tag","embeddable":true,"href":"https:\/\/fmp-components.com\/fi\/wp-json\/wp\/v2\/product_tag?post=6523"}],"curies":[{"name":"wp","href":"https:\/\/api.w.org\/{rel}","templated":true}]}}