{"id":6522,"date":"2025-03-11T06:26:57","date_gmt":"2025-03-11T06:26:57","guid":{"rendered":"https:\/\/fmp-components.com\/product\/factory-customized-2-stage-hydraulic-cylinder-small-dump-truck-multistage-hydraulic-cylinder"},"modified":"2025-03-12T01:10:20","modified_gmt":"2025-03-12T01:10:20","slug":"factory-customized-2-stage-hydraulic-cylinder-small-dump-truck-multistage-hydraulic-cylinder","status":"publish","type":"product","link":"https:\/\/fmp-components.com\/fi\/product\/factory-customized-2-stage-hydraulic-cylinder-small-dump-truck-multistage-hydraulic-cylinder\/","title":{"rendered":"Tehtaan r\u00e4\u00e4t\u00e4l\u00f6ity 2-vaiheinen hydraulisylinteri pieni kippiauton monivaiheinen hydraulisylinteri"},"content":{"rendered":"<h2>Tehtaan r\u00e4\u00e4t\u00e4l\u00f6ity 2-vaiheinen hydraulisylinteri pieni kippiauton monivaiheinen hydraulisylinteri<\/h2>\n<p>Tutustu tehtaalla r\u00e4\u00e4t\u00e4l\u00f6idyn kaksivaiheisen hydraulisylinterimme huomattavaan tehokkuuteen ja kest\u00e4vyyteen. T\u00e4m\u00e4 monivaiheinen hydraulisylinteri on suunniteltu erityisesti pienille dumppereille ja muille koneille, ja se tarjoaa vertaansa vailla olevaa suorituskyky\u00e4 ja luotettavuutta. Ty\u00f6skenteletp\u00e4 sitten koneiden korjauksessa, maataloudessa, energia- ja kaivosteollisuudessa tai konevalmistuksessa, hydraulisylinterimme ylitt\u00e4\u00e4 odotuksesi.<\/p>\n<h2>Tuotteen tekniset tiedot<\/h2>\n<p>Olemme panostaneet paljon ajatteluun ja huolellisuuteen hydraulisylintereidemme suunnittelu- ja valmistusprosessissa. T\u00e4ss\u00e4 ovat t\u00e4rkeimm\u00e4t parametrit:<\/p>\n<table style=\"width: 100.555%;\" border=\"\">\n<tbody>\n<tr>\n<td style=\"width: 43.5028%;\"><i>Rei\u00e4n koko:<\/i><\/td>\n<td style=\"width: 488.136%;\">2\u20136 tuumaa<\/td>\n<\/tr>\n<tr>\n<td style=\"width: 43.5028%;\"><i>Tangon koko:<\/i><\/td>\n<td style=\"width: 488.136%;\">1,125\u20134 tuumaa<\/td>\n<\/tr>\n<tr>\n<td style=\"width: 43.5028%;\"><i>Iskun koko:<\/i><\/td>\n<td style=\"width: 488.136%;\">4\u2013100 tuumaa<\/td>\n<\/tr>\n<tr>\n<td style=\"width: 43.5028%;\"><i>Tapin koko:<\/i><\/td>\n<td style=\"width: 488.136%;\">0,5\u20132 tuumaa<\/td>\n<\/tr>\n<tr>\n<td style=\"width: 43.5028%;\"><i>Portit:<\/i><\/td>\n<td style=\"width: 488.136%;\">G\/SAE\/NPT\/M<\/td>\n<\/tr>\n<\/tbody>\n<\/table>\n<h2>Ainutlaatuiset ominaisuudet ja edut<\/h2>\n<p>Hydraulisylinterimme on suunniteltu useilla ainutlaatuisilla ominaisuuksilla, jotka erottavat ne markkinoilta. Yksi niiden erottuvista ominaisuuksista on niiden energiatehokkuus, joka varmistaa, ett\u00e4 energiaa kuluu mahdollisimman v\u00e4h\u00e4n k\u00e4yt\u00f6n aikana, mik\u00e4 johtaa alhaisempiin k\u00e4ytt\u00f6kustannuksiin ja pienemp\u00e4\u00e4n ymp\u00e4rist\u00f6vaikutukseen. Lis\u00e4ksi n\u00e4m\u00e4 sylinterit on suunniteltu korkeaa suorituskyky\u00e4 varten, ja ne tarjoavat tarvittavan voiman ja nopeuden vaativimpienkin teht\u00e4vien tarkkaan k\u00e4sittelyyn. Turvallisuus on my\u00f6s etusijalla; hydraulisylinterimme on varustettu edistyneill\u00e4 turvamekanismeilla, jotka est\u00e4v\u00e4t ylipaineistuksen ja varmistavat luotettavan toiminnan erilaisissa olosuhteissa.<\/p>\n<p>N\u00e4m\u00e4 sylinterit on rakennettu kest\u00e4m\u00e4\u00e4n vaativimpiakin olosuhteita, ja niiden kest\u00e4v\u00e4t materiaalit ja vankka rakenne parantavat niiden k\u00e4ytt\u00f6ik\u00e4\u00e4 ja suorituskyky\u00e4. Hydraulisylinterimme on rakennettu kest\u00e4m\u00e4\u00e4n \u00e4\u00e4rimm\u00e4isiss\u00e4 l\u00e4mp\u00f6tiloissa, raskaissa kuormissa tai ankarissa ty\u00f6olosuhteissa, ne tarjoavat yhdenmukaisia \u200b\u200btuloksia ja minimoivat seisokkiajat. T\u00e4m\u00e4 energiatehokkuuden, korkean suorituskyvyn ja turvallisuuden yhdistelm\u00e4 tekee hydraulisylintereist\u00e4mme arvokkaan investoinnin kaikille toimialoille.<\/p>\n<p><img loading=\"lazy\" decoding=\"async\" class=\"alignnone  wp-image-6665\" src=\"https:\/\/fmp-components.com\/wp-content\/uploads\/2025\/03\/telescopic-hydraulic-cylinder-9.webp\" alt=\"teleskooppinen hydraulisylinteri\" width=\"916\" height=\"916\" title=\"\" srcset=\"https:\/\/fmp-components.com\/wp-content\/uploads\/2025\/03\/telescopic-hydraulic-cylinder-9.webp 916w, https:\/\/fmp-components.com\/wp-content\/uploads\/2025\/03\/telescopic-hydraulic-cylinder-9-480x480.webp 480w\" sizes=\"(min-width: 0px) and (max-width: 480px) 480px, (min-width: 481px) 916px, 100vw\" \/><\/p>\n<h3>Hydraulij\u00e4rjestelm\u00e4t ja toimintaperiaatteet<\/h3>\n<p>Hydraulij\u00e4rjestelm\u00e4t toimivat nestepaineen voiman valjastamisen perusperiaatteella. Hydraulisylintereiss\u00e4mme m\u00e4nt\u00e4\u00e4 liikuttaa sylinteriin pumpattavan hydraulinesteen paine. Kun neste saapuu sis\u00e4\u00e4n, se kohdistaa painetta m\u00e4nt\u00e4\u00e4n, jolloin se liikkuu. T\u00e4m\u00e4 liike siirtyy sitten tehokkaasti kytkettyyn koneistoon, mik\u00e4 tarjoaa tarvittavan tehon monenlaisten teht\u00e4vien suorittamiseen. Hy\u00f6dynt\u00e4m\u00e4ll\u00e4 nestepainetta hydraulij\u00e4rjestelm\u00e4t voivat tuottaa merkitt\u00e4v\u00e4\u00e4 voimaa ja helpottaa tasaista, hallittua liikett\u00e4, mik\u00e4 tekee niist\u00e4 v\u00e4ltt\u00e4m\u00e4tt\u00f6mi\u00e4 sovelluksissa aina rakennuslaitteista valmistusprosesseihin.<\/p>\n<h2>Hydraulisylinterit ja voimayksik\u00f6t<\/h2>\n<p>Hydraulisylinterit ja voimayksik\u00f6t ovat hydraulij\u00e4rjestelmien olennaisia \u200b\u200bosia, jotka toimivat harmonisesti varmistaakseen hydrauliteknologian tehokkaan soveltamisen eri teollisuudenaloilla. Hydraulisylinteri toimii toimilaitteena, joka muuntaa hydraulisen energian mekaaniseksi liikkeeksi, kun taas voimayksikk\u00f6 toimii j\u00e4rjestelm\u00e4n syd\u00e4men\u00e4, joka sy\u00f6tt\u00e4\u00e4 paineistettua nestett\u00e4, joka ohjaa sylinterin toimintaa. Yhdess\u00e4 ne tarjoavat luotettavaa tehonsy\u00f6tt\u00f6\u00e4 ja ohjausta monenlaisille teknisille ja mekaanisille laitteille.<\/p>\n<p>FMP:ll\u00e4 ymm\u00e4rr\u00e4mme n\u00e4iden komponenttien kriittisen roolin toiminnan tehokkuuden parantamisessa. Siksi tarjoamme my\u00f6s valikoiman voimayksik\u00f6it\u00e4 myynniss\u00e4 varmistaaksemme, ett\u00e4 sinulla on kattava ratkaisu kaikkiin hydrauliikkaj\u00e4rjestelm\u00e4tarpeisiisi. Sitoutumisemme laatuun ja suorituskykyyn tarkoittaa, ett\u00e4 voit luottaa tuotteisiimme ja ett\u00e4 ne tarjoavat toimintasi edellytt\u00e4m\u00e4\u00e4 luotettavuutta ja tehokkuutta toimialasta tai sovelluksesta riippumatta.<\/p>\n<h2>Usein kysytyt kysymykset<\/h2>\n<p><b>K: Oletko kauppayhti\u00f6 vai valmistaja?<\/b><br \/>\nA: Olemme tehdas.<\/p>\n<p><b>K: Kuinka pitk\u00e4 on toimitusaikanne?<\/b><br \/>\nV: Yleens\u00e4 se on 25\u201335 p\u00e4iv\u00e4\u00e4.<\/p>\n<p><b>K: Toimitatteko n\u00e4ytteit\u00e4? Onko se ilmaista vai lis\u00e4maksullista?<\/b><br \/>\nV: Kyll\u00e4, voisimme tarjota n\u00e4ytteen, mutta se ei ole ilmainen.<\/p>\n<p><img loading=\"lazy\" decoding=\"async\" class=\"alignnone  wp-image-6717\" src=\"https:\/\/fmp-components.com\/wp-content\/uploads\/2025\/03\/hydraulic-cylinder-211.webp\" alt=\"Hydraulisylinterit\" width=\"910\" height=\"912\" title=\"\" srcset=\"https:\/\/fmp-components.com\/wp-content\/uploads\/2025\/03\/hydraulic-cylinder-211.webp 910w, https:\/\/fmp-components.com\/wp-content\/uploads\/2025\/03\/hydraulic-cylinder-211-480x481.webp 480w\" sizes=\"(min-width: 0px) and (max-width: 480px) 480px, (min-width: 481px) 910px, 100vw\" \/><\/p>\n<h3>Tietoja FMP:st\u00e4<\/h3>\n<p>FMP on johtava italialainen valmistaja, joka tunnetaan asiantuntemuksestaan \u200b\u200bkorkealaatuisten hydraulisylintereiden suunnittelussa, kehitt\u00e4misess\u00e4 ja tuotannossa. Vuosikymmenten varrella kertyneen rikkaan perinn\u00f6n ansiosta yhdist\u00e4mme perinteisen italialaisen k\u00e4sity\u00f6taidon huipputeknologiaan luodaksemme poikkeuksellisia hydraulisia ratkaisuja, jotka vastaavat globaalien asiakkaidemme monimuotoisiin tarpeisiin. Italiassa, insin\u00f6\u00f6ritaidon huippuosaamisen keskuksessa, sijaitseva FMP on vakiinnuttanut asemansa luotettavana nimen\u00e4 hydrauliikkateollisuudessa ja on omistautunut toimittamaan luotettavia, kest\u00e4vi\u00e4 ja innovatiivisia tuotteita, jotka voimaannuttavat yrityksi\u00e4 maailmanlaajuisesti.<\/p>\n<p>Yrityksemme yhdist\u00e4\u00e4 edistykselliset valmistusperinteet edistykselliseen ajattelutapaan. Hy\u00f6dynt\u00e4m\u00e4ll\u00e4 laajaa kokemustamme hydraulij\u00e4rjestelmist\u00e4, FMP on kehittynyt nykyaikaiseksi yritykseksi, joka on erinomainen tutkimuksessa, suunnittelussa ja tuotannossa. Tarjoamme kattavan valikoiman hydraulisylintereit\u00e4, mukaan lukien kaksitoimiset sylinterit, autojen nostosylinterit, maatalouskoneiden sylinterit ja r\u00e4\u00e4t\u00e4l\u00f6idyt ratkaisut erilaisiin teollisiin sovelluksiin. Olipa kyseess\u00e4 rakentaminen, teollisuusasennukset, maatalous tai raskaskoneet, hydraulisylinterimme on suunniteltu toimimaan vaativimmissakin olosuhteissa varmistaen turvallisuuden, tehokkuuden ja pitk\u00e4n k\u00e4ytt\u00f6i\u00e4n.<\/p>\n<p>FMP:ll\u00e4 olemme ylpeit\u00e4 huippuluokan tuotantolaitoksistamme, jotka on varustettu tarkkuuskoneilla ja edistyneill\u00e4 testausj\u00e4rjestelmill\u00e4. Valmistusprosessimme t\u00e4ytt\u00e4v\u00e4t tiukat kansalliset ja kansainv\u00e4liset standardit, mik\u00e4 varmistaa, ett\u00e4 jokainen valmistettu hydraulisylinteri t\u00e4ytt\u00e4\u00e4 korkeimmat laatu- ja luotettavuusvaatimukset. Taitava tekninen tiimimme yhdistettyn\u00e4 edistyneisiin laitteisiin mahdollistaa tiukan laadunvalvonnan jokaisessa tuotantovaiheessa \u2013 raaka-aineiden valinnasta lopputarkastukseen. T\u00e4m\u00e4 sitoutuminen erinomaisuuteen on ansainnut meille sertifikaatteja ja tunnustusta alan viranomaisilta, mik\u00e4 vahvistaa mainettamme luotettavana kumppanina.<\/p>\n<p><img loading=\"lazy\" decoding=\"async\" class=\"alignnone size-full wp-image-6720\" src=\"https:\/\/fmp-components.com\/wp-content\/uploads\/2025\/03\/hydraulic-cylinder-8.webp\" alt=\"Teleskooppiset hydraulisylinterit\" width=\"933\" height=\"526\" title=\"\" srcset=\"https:\/\/fmp-components.com\/wp-content\/uploads\/2025\/03\/hydraulic-cylinder-8.webp 933w, https:\/\/fmp-components.com\/wp-content\/uploads\/2025\/03\/hydraulic-cylinder-8-480x271.webp 480w\" sizes=\"(min-width: 0px) and (max-width: 480px) 480px, (min-width: 481px) 933px, 100vw\" \/><\/p>\n<p>Missiomme on yksinkertainen mutta kunnianhimoinen: tarjota asiakkaillemme hydraulisylintereit\u00e4, jotka ylitt\u00e4v\u00e4t odotukset suorituskyvyss\u00e4, kest\u00e4vyydess\u00e4 ja arvossa. Toimimme ammattitaidon, rehellisyyden ja asiakasl\u00e4ht\u00f6isyyden pohjalta. Edist\u00e4m\u00e4ll\u00e4 innovaatio- ja tarkkuuskulttuuria parannamme jatkuvasti tuotteitamme s\u00e4ilytt\u00e4\u00e4ksemme kilpailuedun markkinoilla. Laaja tuotevalikoimamme ja kykymme tarjota r\u00e4\u00e4t\u00e4l\u00f6ityj\u00e4 ratkaisuja tekev\u00e4t meist\u00e4 ensisijaisen valinnan yrityksille, jotka etsiv\u00e4t tehokkaita hydraulisylintereit\u00e4.<\/p>\n<p>FMP on enemm\u00e4n kuin vain valmistaja; olemme kumppani menestyksess\u00e4si. Ymm\u00e4rr\u00e4mme, ett\u00e4 asiakkaamme luottavat meihin ty\u00f6kalujen toimittamisessa, jotka parantavat heid\u00e4n tuottavuuttaan ja turvallisuuttaan. Siksi olemme sitoutuneet tarjoamaan paitsi huippulaatuisia tuotteita my\u00f6s poikkeuksellista palvelua. Alustavasta konsultaatiosta aina myynnin j\u00e4lkeiseen tukeen asti teemme tiivist\u00e4 yhteisty\u00f6t\u00e4 asiakkaidemme kanssa varmistaaksemme, ett\u00e4 heid\u00e4n tarpeensa t\u00e4ytet\u00e4\u00e4n ammattitaitoisesti ja huolellisesti. Kilpailukykyiset hintamme yhdistettyn\u00e4 horjumattomaan sitoutumiseemme laatuun tekev\u00e4t FMP:st\u00e4 \u00e4lykk\u00e4\u00e4n valinnan yrityksille, jotka haluavat investoida luotettaviin hydrauliikkaratkaisuihin.<\/p>","protected":false},"excerpt":{"rendered":"<p>Factory Customized 2 Stage Hydraulic Cylinder Small Dump Truck Multistage Hydraulic Cylinder Discover the remarkable efficiency and durability of our Factory Customized 2 Stage Hydraulic Cylinder. Designed specifically for small dump trucks and other machinery, this multistage hydraulic cylinder offers unmatched performance and reliability. Whether you work in machinery repair, farming, energy &amp; mining, or [&hellip;]<\/p>","protected":false},"featured_media":6690,"comment_status":"closed","ping_status":"closed","template":"","meta":{"_et_pb_use_builder":"","_et_pb_old_content":"","_et_gb_content_width":""},"product_brand":[],"product_cat":[103],"product_tag":[34,105],"class_list":{"0":"post-6522","1":"product","2":"type-product","3":"status-publish","4":"has-post-thumbnail","6":"product_cat-telescopic-hydraulic-cylinders","7":"product_tag-hydraulic-cylinder","8":"product_tag-telescopic-hydraulic-cylinders","10":"first","11":"instock","12":"product-type-simple"},"_links":{"self":[{"href":"https:\/\/fmp-components.com\/fi\/wp-json\/wp\/v2\/product\/6522","targetHints":{"allow":["GET"]}}],"collection":[{"href":"https:\/\/fmp-components.com\/fi\/wp-json\/wp\/v2\/product"}],"about":[{"href":"https:\/\/fmp-components.com\/fi\/wp-json\/wp\/v2\/types\/product"}],"replies":[{"embeddable":true,"href":"https:\/\/fmp-components.com\/fi\/wp-json\/wp\/v2\/comments?post=6522"}],"wp:featuredmedia":[{"embeddable":true,"href":"https:\/\/fmp-components.com\/fi\/wp-json\/wp\/v2\/media\/6690"}],"wp:attachment":[{"href":"https:\/\/fmp-components.com\/fi\/wp-json\/wp\/v2\/media?parent=6522"}],"wp:term":[{"taxonomy":"product_brand","embeddable":true,"href":"https:\/\/fmp-components.com\/fi\/wp-json\/wp\/v2\/product_brand?post=6522"},{"taxonomy":"product_cat","embeddable":true,"href":"https:\/\/fmp-components.com\/fi\/wp-json\/wp\/v2\/product_cat?post=6522"},{"taxonomy":"product_tag","embeddable":true,"href":"https:\/\/fmp-components.com\/fi\/wp-json\/wp\/v2\/product_tag?post=6522"}],"curies":[{"name":"wp","href":"https:\/\/api.w.org\/{rel}","templated":true}]}}