{"id":6519,"date":"2025-03-11T06:26:57","date_gmt":"2025-03-11T06:26:57","guid":{"rendered":"https:\/\/fmp-components.com\/product\/quality-manufacturing-small-dump-truck-telescopic-hydraulic-cylinder-for-sale"},"modified":"2025-03-12T01:20:27","modified_gmt":"2025-03-12T01:20:27","slug":"quality-manufacturing-small-dump-truck-telescopic-hydraulic-cylinder-for-sale","status":"publish","type":"product","link":"https:\/\/fmp-components.com\/fi\/product\/quality-manufacturing-small-dump-truck-telescopic-hydraulic-cylinder-for-sale\/","title":{"rendered":"Laadukas pienikokoinen kippiauton teleskooppinen hydraulisylinteri myyt\u00e4v\u00e4n\u00e4"},"content":{"rendered":"<h2>Laadukas pienikokoinen kippiauton teleskooppinen hydraulisylinteri myyt\u00e4v\u00e4n\u00e4<\/h2>\n<p>Esittelyss\u00e4 huippulaatuinen pienten kippiautojen teleskooppinen hydraulisylinterimme, joka on valmistettu huippuluokan valmistustekniikoilla. T\u00e4m\u00e4 tuote on alan mullistava tuote, jolla on vuoden takuu ja uudenveroinen kunto. Sen laatu on taattu ISO9001:2000-sertifioinnilla.<\/p>\n<h3>Tuotteen ominaisuudet<\/h3>\n<p>Tuotteemme on monivaiheinen hydraulisylinteri, jonka vaikuttava ty\u00f6nt\u00f6voima on 3000 tonnia ja vetovoima 20 tonnia. Sen vakiorakenne on hydraulisesti toimiva m\u00e4nt\u00e4sylinteri, joka on valmistettu kest\u00e4v\u00e4st\u00e4 ter\u00e4ksest\u00e4.<\/p>\n<h3>Tekniset parametrit<\/h3>\n<table style=\"width: 101.206%;\" border=\"\">\n<tbody>\n<tr>\n<th style=\"width: 16.9576%;\">Rei\u00e4n koko<\/th>\n<th style=\"width: 20.4489%;\">Tangon koko<\/th>\n<th style=\"width: 19.9501%;\">Iskun koko<\/th>\n<th style=\"width: 16.4589%;\">Tapin koko<\/th>\n<th style=\"width: 156.608%;\">Portit<\/th>\n<\/tr>\n<tr>\n<td style=\"width: 16.9576%;\">2\u20136 tuumaa<\/td>\n<td style=\"width: 20.4489%;\">1,125\u20134 tuumaa<\/td>\n<td style=\"width: 19.9501%;\">4\u2013100 tuumaa<\/td>\n<td style=\"width: 16.4589%;\">0,5\u20132 tuumaa<\/td>\n<td style=\"width: 156.608%;\">G\/SAE\/NPT\/M<\/td>\n<\/tr>\n<\/tbody>\n<\/table>\n<h3>Ainutlaatuiset edut<\/h3>\n<p>Hydraulisylinterimme erottuvat joukosta useiden ainutlaatuisten etujen ansiosta, kuten poikkeuksellisen energiatehokkuuden, korkean suorituskyvyn ja vankkojen turvaominaisuuksien ansiosta. N\u00e4m\u00e4 sylinterit on suunniteltu minimoimaan energiankulutusta ja maksimoimaan tuotto, mik\u00e4 tekee niist\u00e4 paitsi kustannustehokkaita my\u00f6s ymp\u00e4rist\u00f6yst\u00e4v\u00e4llisi\u00e4. Niiden korkea suorituskyky varmistaa, ett\u00e4 ne pystyv\u00e4t k\u00e4sittelem\u00e4\u00e4n vaativia teht\u00e4vi\u00e4 tarkasti ja tehokkaasti, mik\u00e4 tekee niist\u00e4 sopivia monenlaisiin teollisiin sovelluksiin. Turvallisuus on ensiarvoisen t\u00e4rke\u00e4\u00e4 suunnitteluprosessissamme; hydraulisylinterimme on varustettu edistyneill\u00e4 turvamekanismeilla, jotka est\u00e4v\u00e4t ylipaineistuksen ja tarjoavat luotettavan toiminnan haastavissa olosuhteissa. T\u00e4m\u00e4 luotettavuuden ja johdonmukaisuuden yhdistelm\u00e4 tekee hydraulisylintereist\u00e4mme olennaisen komponentin eri teollisuudenaloilla, kuten konepajoissa, maatiloilla, energia- ja kaivosteollisuudessa, konevalmistuksessa ja konetehtaissa.<\/p>\n<h3>Toimintaperiaate ja sovellukset<\/h3>\n<p>Hydraulisylinteri toimii muuttamalla hydraulisen energian mekaaniseksi liikkeeksi, mik\u00e4 tehokkaasti muuntaa paineen voimaksi. Kun hydraulinestett\u00e4 pumpataan sylinteriin, se luo paineen, joka liikuttaa sis\u00e4ll\u00e4 olevaa m\u00e4nt\u00e4\u00e4. T\u00e4m\u00e4 liike tuottaa lineaarisen voiman, jota voidaan valjastaa monenlaisten teht\u00e4vien suorittamiseen, mik\u00e4 tekee hydraulisylintereist\u00e4 olennaisia \u200b\u200bmonissa sovelluksissa. Ne ovat esimerkiksi ratkaisevan t\u00e4rkeit\u00e4 pienten kippiautojen ja muiden raskaiden ajoneuvojen k\u00e4yt\u00f6ss\u00e4, joissa ne helpottavat nosto- ja kallistusmekanismeja. Lis\u00e4ksi niiden kyky tarjota hallittua ja tehokasta liikett\u00e4 on korvaamatonta rakennuskoneissa, maatalouskoneissa ja materiaalink\u00e4sittelylaitteissa, joissa tarkkuus ja lujuus ovat olennaisia.<\/p>\n<p><img loading=\"lazy\" decoding=\"async\" class=\"alignnone  wp-image-6661\" src=\"https:\/\/fmp-components.com\/wp-content\/uploads\/2025\/03\/telescopic-hydraulic-cylinder-10.webp\" alt=\"teleskooppinen hydraulisylinteri\" width=\"911\" height=\"911\" title=\"\" srcset=\"https:\/\/fmp-components.com\/wp-content\/uploads\/2025\/03\/telescopic-hydraulic-cylinder-10.webp 911w, https:\/\/fmp-components.com\/wp-content\/uploads\/2025\/03\/telescopic-hydraulic-cylinder-10-480x480.webp 480w\" sizes=\"(min-width: 0px) and (max-width: 480px) 480px, (min-width: 481px) 911px, 100vw\" \/><\/p>\n<h2>Hydraulisylinterit ja voimayksik\u00f6t<\/h2>\n<p>Hydraulisylinterit ja voimayksik\u00f6t ovat v\u00e4ltt\u00e4m\u00e4tt\u00f6mi\u00e4 osia miss\u00e4 tahansa hydraulij\u00e4rjestelm\u00e4ss\u00e4. Niiden synergia on elint\u00e4rke\u00e4\u00e4 hydrauliteknologian tehokkaalle soveltamiselle eri teollisuudenaloilla. Hydraulisylinteri toimii toimilaitteena, joka muuntaa hydraulisen energian mekaaniseksi liikkeeksi, kun taas voimayksikk\u00f6 toimii j\u00e4rjestelm\u00e4n syd\u00e4men\u00e4, joka sy\u00f6tt\u00e4\u00e4 tarvittavan hydraulinesteen ja paineen sylinterin toiminnan ajamiseksi. Yhdess\u00e4 ne tarjoavat luotettavaa teho- ja ohjaustukea monenlaisille teknisille ja mekaanisille laitteille.<\/p>\n<p>FMP:ll\u00e4 ymm\u00e4rr\u00e4mme sek\u00e4 hydraulisylintereiden ett\u00e4 voimayksik\u00f6iden kriittisen roolin toiminnan tehokkuuden parantamisessa. Siksi tarjoamme my\u00f6s valikoiman voimayksik\u00f6it\u00e4 myynniss\u00e4, jotta sinulla on k\u00e4ytett\u00e4viss\u00e4si t\u00e4ydellinen hydraulinen ratkaisu. Sitoutumisemme korkealaatuisten tuotteiden toimittamiseen tarkoittaa, ett\u00e4 voit luottaa ratkaisuihimme toimintasi luotettavuuden ja tehokkuuden parantamisessa toimialasta tai sovelluksesta riippumatta.<\/p>\n<h2>Usein kysytyt kysymykset<\/h2>\n<p><b>K: Oletko kauppayhti\u00f6 vai valmistaja?<\/b><br \/>\nV: Olemme valmistaja.<\/p>\n<p><b>K: Kuinka pitk\u00e4 on toimitusaikanne?<\/b><br \/>\nV: Yleens\u00e4 se on 25\u201335 p\u00e4iv\u00e4\u00e4.<\/p>\n<p><b>K: Toimitatteko n\u00e4ytteit\u00e4?<\/b><br \/>\nV: Kyll\u00e4, tarjoamme n\u00e4ytteit\u00e4, mutta ne eiv\u00e4t ole ilmaisia.<\/p>\n<p><img loading=\"lazy\" decoding=\"async\" class=\"alignnone size-full wp-image-6660\" src=\"https:\/\/fmp-components.com\/wp-content\/uploads\/2025\/03\/hydraulic-cylinder-workshop-4.webp\" alt=\"teleskooppinen hydraulisylinteri\" width=\"914\" height=\"733\" title=\"\" srcset=\"https:\/\/fmp-components.com\/wp-content\/uploads\/2025\/03\/hydraulic-cylinder-workshop-4.webp 914w, https:\/\/fmp-components.com\/wp-content\/uploads\/2025\/03\/hydraulic-cylinder-workshop-4-480x385.webp 480w\" sizes=\"(min-width: 0px) and (max-width: 480px) 480px, (min-width: 481px) 914px, 100vw\" \/><\/p>\n<h3>Tietoja FMP:st\u00e4<\/h3>\n<p>FMP on johtava italialainen valmistaja, joka tunnetaan asiantuntemuksestaan \u200b\u200bkorkealaatuisten hydraulisylintereiden suunnittelussa, kehitt\u00e4misess\u00e4 ja tuotannossa. Vuosikymmenten varrella kertyneen rikkaan perinn\u00f6n ansiosta yhdist\u00e4mme perinteisen italialaisen k\u00e4sity\u00f6taidon huipputeknologiaan luodaksemme poikkeuksellisia hydraulisia ratkaisuja, jotka vastaavat globaalien asiakkaidemme monimuotoisiin tarpeisiin. Italiassa, insin\u00f6\u00f6ritaidon huippuosaamisen keskuksessa, sijaitseva FMP on vakiinnuttanut asemansa luotettavana nimen\u00e4 hydrauliikkateollisuudessa ja on omistautunut toimittamaan luotettavia, kest\u00e4vi\u00e4 ja innovatiivisia tuotteita, jotka voimaannuttavat yrityksi\u00e4 maailmanlaajuisesti.<\/p>\n<p>Yrityksemme yhdist\u00e4\u00e4 edistykselliset valmistusperinteet edistykselliseen ajattelutapaan. Hy\u00f6dynt\u00e4m\u00e4ll\u00e4 laajaa kokemustamme hydraulij\u00e4rjestelmist\u00e4, FMP on kehittynyt nykyaikaiseksi yritykseksi, joka on erinomainen tutkimuksessa, suunnittelussa ja tuotannossa. Tarjoamme kattavan valikoiman hydraulisylintereit\u00e4, mukaan lukien kaksitoimiset sylinterit, autojen nostosylinterit, maatalouskoneiden sylinterit ja r\u00e4\u00e4t\u00e4l\u00f6idyt ratkaisut erilaisiin teollisiin sovelluksiin. Olipa kyseess\u00e4 rakentaminen, teollisuusasennukset, maatalous tai raskaskoneet, hydraulisylinterimme on suunniteltu toimimaan vaativimmissakin olosuhteissa varmistaen turvallisuuden, tehokkuuden ja pitk\u00e4n k\u00e4ytt\u00f6i\u00e4n.<\/p>\n<p>FMP:ll\u00e4 olemme ylpeit\u00e4 huippuluokan tuotantolaitoksistamme, jotka on varustettu tarkkuuskoneilla ja edistyneill\u00e4 testausj\u00e4rjestelmill\u00e4. Valmistusprosessimme t\u00e4ytt\u00e4v\u00e4t tiukat kansalliset ja kansainv\u00e4liset standardit, mik\u00e4 varmistaa, ett\u00e4 jokainen valmistettu hydraulisylinteri t\u00e4ytt\u00e4\u00e4 korkeimmat laatu- ja luotettavuusvaatimukset. Taitava tekninen tiimimme yhdistettyn\u00e4 edistyneisiin laitteisiin mahdollistaa tiukan laadunvalvonnan jokaisessa tuotantovaiheessa \u2013 raaka-aineiden valinnasta lopputarkastukseen. T\u00e4m\u00e4 sitoutuminen erinomaisuuteen on ansainnut meille sertifikaatteja ja tunnustusta alan viranomaisilta, mik\u00e4 vahvistaa mainettamme luotettavana kumppanina.<\/p>\n<p><img loading=\"lazy\" decoding=\"async\" class=\"alignnone size-full wp-image-6720\" src=\"https:\/\/fmp-components.com\/wp-content\/uploads\/2025\/03\/hydraulic-cylinder-8.webp\" alt=\"Teleskooppiset hydraulisylinterit\" width=\"933\" height=\"526\" title=\"\" srcset=\"https:\/\/fmp-components.com\/wp-content\/uploads\/2025\/03\/hydraulic-cylinder-8.webp 933w, https:\/\/fmp-components.com\/wp-content\/uploads\/2025\/03\/hydraulic-cylinder-8-480x271.webp 480w\" sizes=\"(min-width: 0px) and (max-width: 480px) 480px, (min-width: 481px) 933px, 100vw\" \/><\/p>\n<p>Missiomme on yksinkertainen mutta kunnianhimoinen: tarjota asiakkaillemme hydraulisylintereit\u00e4, jotka ylitt\u00e4v\u00e4t odotukset suorituskyvyss\u00e4, kest\u00e4vyydess\u00e4 ja arvossa. Toimimme ammattitaidon, rehellisyyden ja asiakasl\u00e4ht\u00f6isyyden pohjalta. Edist\u00e4m\u00e4ll\u00e4 innovaatio- ja tarkkuuskulttuuria parannamme jatkuvasti tuotteitamme s\u00e4ilytt\u00e4\u00e4ksemme kilpailuedun markkinoilla. Laaja tuotevalikoimamme ja kykymme tarjota r\u00e4\u00e4t\u00e4l\u00f6ityj\u00e4 ratkaisuja tekev\u00e4t meist\u00e4 ensisijaisen valinnan yrityksille, jotka etsiv\u00e4t tehokkaita hydraulisylintereit\u00e4.<\/p>\n<p>FMP on enemm\u00e4n kuin vain valmistaja; olemme kumppani menestyksess\u00e4si. Ymm\u00e4rr\u00e4mme, ett\u00e4 asiakkaamme luottavat meihin ty\u00f6kalujen toimittamisessa, jotka parantavat heid\u00e4n tuottavuuttaan ja turvallisuuttaan. Siksi olemme sitoutuneet tarjoamaan paitsi huippulaatuisia tuotteita my\u00f6s poikkeuksellista palvelua. Alustavasta konsultaatiosta aina myynnin j\u00e4lkeiseen tukeen asti teemme tiivist\u00e4 yhteisty\u00f6t\u00e4 asiakkaidemme kanssa varmistaaksemme, ett\u00e4 heid\u00e4n tarpeensa t\u00e4ytet\u00e4\u00e4n ammattitaitoisesti ja huolellisesti. Kilpailukykyiset hintamme yhdistettyn\u00e4 horjumattomaan sitoutumiseemme laatuun tekev\u00e4t FMP:st\u00e4 \u00e4lykk\u00e4\u00e4n valinnan yrityksille, jotka haluavat investoida luotettaviin hydrauliikkaratkaisuihin.<\/p>","protected":false},"excerpt":{"rendered":"<p>Quality Manufacturing Small Dump Truck Telescopic Hydraulic Cylinder For Sale Introducing our top-quality small dump truck telescopic hydraulic cylinder, made with supreme manufacturing techniques. This product is a game-changer in the industry, offering a one-year warranty and a new condition. Its quality is guaranteed by ISO9001:2000 certification. Product Features Our product is a multistage hydraulic [&hellip;]<\/p>","protected":false},"featured_media":6692,"comment_status":"closed","ping_status":"closed","template":"","meta":{"_et_pb_use_builder":"","_et_pb_old_content":"","_et_gb_content_width":""},"product_brand":[],"product_cat":[103],"product_tag":[34,105],"class_list":{"0":"post-6519","1":"product","2":"type-product","3":"status-publish","4":"has-post-thumbnail","6":"product_cat-telescopic-hydraulic-cylinders","7":"product_tag-hydraulic-cylinder","8":"product_tag-telescopic-hydraulic-cylinders","10":"first","11":"instock","12":"product-type-simple"},"_links":{"self":[{"href":"https:\/\/fmp-components.com\/fi\/wp-json\/wp\/v2\/product\/6519","targetHints":{"allow":["GET"]}}],"collection":[{"href":"https:\/\/fmp-components.com\/fi\/wp-json\/wp\/v2\/product"}],"about":[{"href":"https:\/\/fmp-components.com\/fi\/wp-json\/wp\/v2\/types\/product"}],"replies":[{"embeddable":true,"href":"https:\/\/fmp-components.com\/fi\/wp-json\/wp\/v2\/comments?post=6519"}],"wp:featuredmedia":[{"embeddable":true,"href":"https:\/\/fmp-components.com\/fi\/wp-json\/wp\/v2\/media\/6692"}],"wp:attachment":[{"href":"https:\/\/fmp-components.com\/fi\/wp-json\/wp\/v2\/media?parent=6519"}],"wp:term":[{"taxonomy":"product_brand","embeddable":true,"href":"https:\/\/fmp-components.com\/fi\/wp-json\/wp\/v2\/product_brand?post=6519"},{"taxonomy":"product_cat","embeddable":true,"href":"https:\/\/fmp-components.com\/fi\/wp-json\/wp\/v2\/product_cat?post=6519"},{"taxonomy":"product_tag","embeddable":true,"href":"https:\/\/fmp-components.com\/fi\/wp-json\/wp\/v2\/product_tag?post=6519"}],"curies":[{"name":"wp","href":"https:\/\/api.w.org\/{rel}","templated":true}]}}