{"id":6518,"date":"2025-03-11T06:26:57","date_gmt":"2025-03-11T06:26:57","guid":{"rendered":"https:\/\/fmp-components.com\/product\/quality-manufacturing-2-stage-hydraulic-cylinder-telescopic-hydraulic-cylinder-for-sale"},"modified":"2025-03-12T01:24:32","modified_gmt":"2025-03-12T01:24:32","slug":"quality-manufacturing-2-stage-hydraulic-cylinder-telescopic-hydraulic-cylinder-for-sale","status":"publish","type":"product","link":"https:\/\/fmp-components.com\/fi\/product\/quality-manufacturing-2-stage-hydraulic-cylinder-telescopic-hydraulic-cylinder-for-sale\/","title":{"rendered":"Laadukas 2-vaiheinen hydraulisylinteri Teleskooppinen hydraulisylinteri myyt\u00e4v\u00e4n\u00e4"},"content":{"rendered":"<h2>Laadukas 2-vaiheinen hydraulisylinteri Teleskooppinen hydraulisylinteri myyt\u00e4v\u00e4n\u00e4<\/h2>\n<p>Huippuluokan kaksivaiheinen teleskooppinen hydraulisylinterimme on suunniteltu kest\u00e4v\u00e4\u00e4 suorituskyky\u00e4 ja maksimaalista tehokkuutta varten. T\u00e4m\u00e4 korkealaatuisesta ter\u00e4ksest\u00e4 valmistettu monivaiheinen hydraulisylinteri sopii t\u00e4ydellisesti raskaisiin sovelluksiin konepajoissa, maatiloilla, energia- ja kaivosteollisuudessa ja muualla.<\/p>\n<h3>Tuotteen tekniset tiedot<\/h3>\n<table style=\"width: 97.6872%;\" border=\"\">\n<tbody>\n<tr>\n<td style=\"width: 43.5028%;\"><b>Rei\u00e4n koko<\/b><\/td>\n<td style=\"width: 472.881%;\">2\u20136 tuumaa<\/td>\n<\/tr>\n<tr>\n<td style=\"width: 43.5028%;\"><b>Tangon koko<\/b><\/td>\n<td style=\"width: 472.881%;\">1,125\u20134 tuumaa<\/td>\n<\/tr>\n<tr>\n<td style=\"width: 43.5028%;\"><b>Iskun koko<\/b><\/td>\n<td style=\"width: 472.881%;\">4\u2013100 tuumaa<\/td>\n<\/tr>\n<tr>\n<td style=\"width: 43.5028%;\"><b>Tapin koko<\/b><\/td>\n<td style=\"width: 472.881%;\">0,5\u20132 tuumaa<\/td>\n<\/tr>\n<tr>\n<td style=\"width: 43.5028%;\"><b>Portit<\/b><\/td>\n<td style=\"width: 472.881%;\">G\/SAE\/NPT\/M<\/td>\n<\/tr>\n<\/tbody>\n<\/table>\n<h3>T\u00e4rkeimm\u00e4t ominaisuudet<\/h3>\n<ul>\n<li>Energiatehokas<\/li>\n<li>Kest\u00e4v\u00e4 ja kest\u00e4v\u00e4 rakenne<\/li>\n<li>Eritt\u00e4in tehokas, varmistaa maksimaalisen tuottavuuden<\/li>\n<li>Turvallisuus taattu yhden vuoden takuulla keskeisille komponenteille<\/li>\n<\/ul>\n<h2>Hydraulij\u00e4rjestelm\u00e4 ja toimintaperiaate<\/h2>\n<p>Hydraulij\u00e4rjestelm\u00e4 toimii perusperiaatteella, jossa hydraulinen paine muunnetaan mekaaniseksi liikkeeksi, mik\u00e4 mahdollistaa erilaisten teht\u00e4vien suorittamisen huomattavalla tehokkuudella ja voimalla. J\u00e4rjestelm\u00e4n keski\u00f6ss\u00e4 on kaksivaiheinen hydraulisylinteri, elint\u00e4rke\u00e4 komponentti, jolla on ratkaiseva rooli hydraulisen energian muuntamisessa tehokkaaksi lineaariseksi voimaksi. T\u00e4m\u00e4 muunnos mahdollistaa sylinterin tehokkaan koneiden ja laitteiden k\u00e4yt\u00f6n, mik\u00e4 tekee siit\u00e4 keskeisen tekij\u00e4n erilaisissa teollisissa sovelluksissa. Hy\u00f6dynt\u00e4m\u00e4ll\u00e4 nesteen kokoonpuristumattomuutta hydraulij\u00e4rjestelm\u00e4 varmistaa, ett\u00e4 syntyv\u00e4 voima voidaan siirt\u00e4\u00e4 sujuvasti ja luotettavasti, mik\u00e4 helpottaa mekaanisten liikkeiden tarkkaa hallintaa.<\/p>\n<p><img loading=\"lazy\" decoding=\"async\" class=\"alignnone  wp-image-6662\" src=\"https:\/\/fmp-components.com\/wp-content\/uploads\/2025\/03\/telescopic-hydraulic-cylinder-4.webp\" alt=\"teleskooppinen hydraulisylinteri\" width=\"936\" height=\"936\" title=\"\" srcset=\"https:\/\/fmp-components.com\/wp-content\/uploads\/2025\/03\/telescopic-hydraulic-cylinder-4.webp 936w, https:\/\/fmp-components.com\/wp-content\/uploads\/2025\/03\/telescopic-hydraulic-cylinder-4-480x480.webp 480w\" sizes=\"(min-width: 0px) and (max-width: 480px) 480px, (min-width: 481px) 936px, 100vw\" \/><\/p>\n<h2>Sovellukset<\/h2>\n<p>Kaksivaiheisen hydraulisylinterin monipuolisuus tekee siit\u00e4 ihanteellisen valinnan useille eri teollisuudenaloille. Se sopii erityisen hyvin konepajoille, joissa se auttaa raskaiden laitteiden nostamisessa ja sijoittamisessa huoltoa ja korjauksia varten. Maatiloilla n\u00e4m\u00e4 sylinterit parantavat maatalouskoneiden toimivuutta mahdollistaen tehokkaan k\u00e4sittelyn esimerkiksi kynt\u00e4misess\u00e4, nostamisessa ja materiaalien kuljetuksessa. My\u00f6s energia- ja kaivosteollisuus hy\u00f6tyv\u00e4t n\u00e4ist\u00e4 hydraulisylintereist\u00e4, sill\u00e4 ne kest\u00e4v\u00e4t raskaisiin toimintoihin, kuten materiaalien nostamiseen ja siirt\u00e4miseen haastavissa ymp\u00e4rist\u00f6iss\u00e4, liittyv\u00e4t vaativat olosuhteet. Lis\u00e4ksi koneenrakennuksessa ja monilla muilla aloilla t\u00e4m\u00e4 hydraulisylinteri osoittautuu korvaamattomaksi kokoonpanolinjoilla ja tuotantoprosesseissa varmistaen, ett\u00e4 toiminta sujuu sujuvasti ja tehokkaasti. Sen luotettavuus, teho ja hy\u00f6tysuhde tekev\u00e4t siit\u00e4 ihanteellisen valinnan kaikkiin sovelluksiin, jotka vaativat vankkaa hydraulij\u00e4rjestelm\u00e4\u00e4.<\/p>\n<h2>Hydraulisylinterit ja voimayksik\u00f6t<\/h2>\n<p>Hydraulisylinterit ja voimayksik\u00f6t ovat v\u00e4ltt\u00e4m\u00e4tt\u00f6mi\u00e4 osia miss\u00e4 tahansa hydraulij\u00e4rjestelm\u00e4ss\u00e4, ja ne toimivat harmonisesti varmistaakseen hydrauliteknologian tehokkaan soveltamisen eri teollisuudenaloilla. Hydraulisylinteri toimii toimilaitteena, joka vastaa hydraulisen energian muuntamisesta mekaaniseksi liikkeeksi ja paineen muuntamisesta voimaksi. T\u00e4m\u00e4 ominaisuus mahdollistaa sen suorittaa monenlaisia \u200b\u200btoimintoja raskaiden kuormien nostamisesta koneiden tarkkaan ohjaamiseen.<\/p>\n<p>Toisaalta voimayksikk\u00f6 toimii hydraulij\u00e4rjestelm\u00e4n ytimen\u00e4, joka tarjoaa tarvittavan energian ja ohjaussignaalit hydraulisylinterin k\u00e4ytt\u00e4miseksi. Se tuottaa ja s\u00e4\u00e4telee hydraulinesteen painetta varmistaen, ett\u00e4 j\u00e4rjestelm\u00e4 toimii tehokkaasti ja tuloksellisesti. Hydraulisylinterin ja voimayksik\u00f6n v\u00e4linen koordinointi on v\u00e4ltt\u00e4m\u00e4t\u00f6nt\u00e4 hydraulij\u00e4rjestelm\u00e4n normaalille toiminnalle, mik\u00e4 mahdollistaa saumattoman suorituskyvyn erilaisissa sovelluksissa.<\/p>\n<p>FMP:ll\u00e4 ymm\u00e4rr\u00e4mme n\u00e4iden komponenttien merkityksen toiminnan tehokkuuden parantamisessa, mink\u00e4 vuoksi tarjoamme my\u00f6s laajan valikoiman voimayksik\u00f6it\u00e4 myyntiin. Sitoutumisemme korkealaatuisten hydrauliikkaratkaisujen tarjoamiseen varmistaa, ett\u00e4 voit luottaa tuotteisiimme, jotka tarjoavat teollisuussektorin erityissovelluksissasi tarvittavan suorituskyvyn, luotettavuuden ja hallinnan.<\/p>\n<p><img loading=\"lazy\" decoding=\"async\" class=\"alignnone  wp-image-6663\" src=\"https:\/\/fmp-components.com\/wp-content\/uploads\/2025\/03\/telescopic-hydraulic-cylinder-11.webp\" alt=\"teleskooppinen hydraulisylinteri\" width=\"921\" height=\"921\" title=\"\" srcset=\"https:\/\/fmp-components.com\/wp-content\/uploads\/2025\/03\/telescopic-hydraulic-cylinder-11.webp 921w, https:\/\/fmp-components.com\/wp-content\/uploads\/2025\/03\/telescopic-hydraulic-cylinder-11-480x480.webp 480w\" sizes=\"(min-width: 0px) and (max-width: 480px) 480px, (min-width: 481px) 921px, 100vw\" \/><\/p>\n<h3>Tietoja FMP:st\u00e4<\/h3>\n<p>FMP on johtava italialainen valmistaja, joka tunnetaan asiantuntemuksestaan \u200b\u200bkorkealaatuisten hydraulisylintereiden suunnittelussa, kehitt\u00e4misess\u00e4 ja tuotannossa. Vuosikymmenten varrella kertyneen rikkaan perinn\u00f6n ansiosta yhdist\u00e4mme perinteisen italialaisen k\u00e4sity\u00f6taidon huipputeknologiaan luodaksemme poikkeuksellisia hydraulisia ratkaisuja, jotka vastaavat globaalien asiakkaidemme monimuotoisiin tarpeisiin. Italiassa, insin\u00f6\u00f6ritaidon huippuosaamisen keskuksessa, sijaitseva FMP on vakiinnuttanut asemansa luotettavana nimen\u00e4 hydrauliikkateollisuudessa ja on omistautunut toimittamaan luotettavia, kest\u00e4vi\u00e4 ja innovatiivisia tuotteita, jotka voimaannuttavat yrityksi\u00e4 maailmanlaajuisesti.<\/p>\n<p>Yrityksemme yhdist\u00e4\u00e4 edistykselliset valmistusperinteet edistykselliseen ajattelutapaan. Hy\u00f6dynt\u00e4m\u00e4ll\u00e4 laajaa kokemustamme hydraulij\u00e4rjestelmist\u00e4, FMP on kehittynyt nykyaikaiseksi yritykseksi, joka on erinomainen tutkimuksessa, suunnittelussa ja tuotannossa. Tarjoamme kattavan valikoiman hydraulisylintereit\u00e4, mukaan lukien kaksitoimiset sylinterit, autojen nostosylinterit, maatalouskoneiden sylinterit ja r\u00e4\u00e4t\u00e4l\u00f6idyt ratkaisut erilaisiin teollisiin sovelluksiin. Olipa kyseess\u00e4 rakentaminen, teollisuusasennukset, maatalous tai raskaskoneet, hydraulisylinterimme on suunniteltu toimimaan vaativimmissakin olosuhteissa varmistaen turvallisuuden, tehokkuuden ja pitk\u00e4n k\u00e4ytt\u00f6i\u00e4n.<\/p>\n<p>FMP:ll\u00e4 olemme ylpeit\u00e4 huippuluokan tuotantolaitoksistamme, jotka on varustettu tarkkuuskoneilla ja edistyneill\u00e4 testausj\u00e4rjestelmill\u00e4. Valmistusprosessimme t\u00e4ytt\u00e4v\u00e4t tiukat kansalliset ja kansainv\u00e4liset standardit, mik\u00e4 varmistaa, ett\u00e4 jokainen valmistettu hydraulisylinteri t\u00e4ytt\u00e4\u00e4 korkeimmat laatu- ja luotettavuusvaatimukset. Taitava tekninen tiimimme yhdistettyn\u00e4 edistyneisiin laitteisiin mahdollistaa tiukan laadunvalvonnan jokaisessa tuotantovaiheessa \u2013 raaka-aineiden valinnasta lopputarkastukseen. T\u00e4m\u00e4 sitoutuminen erinomaisuuteen on ansainnut meille sertifikaatteja ja tunnustusta alan viranomaisilta, mik\u00e4 vahvistaa mainettamme luotettavana kumppanina.<\/p>\n<p><img loading=\"lazy\" decoding=\"async\" class=\"alignnone size-full wp-image-6720\" src=\"https:\/\/fmp-components.com\/wp-content\/uploads\/2025\/03\/hydraulic-cylinder-8.webp\" alt=\"Teleskooppiset hydraulisylinterit\" width=\"933\" height=\"526\" title=\"\" srcset=\"https:\/\/fmp-components.com\/wp-content\/uploads\/2025\/03\/hydraulic-cylinder-8.webp 933w, https:\/\/fmp-components.com\/wp-content\/uploads\/2025\/03\/hydraulic-cylinder-8-480x271.webp 480w\" sizes=\"(min-width: 0px) and (max-width: 480px) 480px, (min-width: 481px) 933px, 100vw\" \/><\/p>\n<p>Missiomme on yksinkertainen mutta kunnianhimoinen: tarjota asiakkaillemme hydraulisylintereit\u00e4, jotka ylitt\u00e4v\u00e4t odotukset suorituskyvyss\u00e4, kest\u00e4vyydess\u00e4 ja arvossa. Toimimme ammattitaidon, rehellisyyden ja asiakasl\u00e4ht\u00f6isyyden pohjalta. Edist\u00e4m\u00e4ll\u00e4 innovaatio- ja tarkkuuskulttuuria parannamme jatkuvasti tuotteitamme s\u00e4ilytt\u00e4\u00e4ksemme kilpailuedun markkinoilla. Laaja tuotevalikoimamme ja kykymme tarjota r\u00e4\u00e4t\u00e4l\u00f6ityj\u00e4 ratkaisuja tekev\u00e4t meist\u00e4 ensisijaisen valinnan yrityksille, jotka etsiv\u00e4t tehokkaita hydraulisylintereit\u00e4.<\/p>\n<p>FMP on enemm\u00e4n kuin vain valmistaja; olemme kumppani menestyksess\u00e4si. Ymm\u00e4rr\u00e4mme, ett\u00e4 asiakkaamme luottavat meihin ty\u00f6kalujen toimittamisessa, jotka parantavat heid\u00e4n tuottavuuttaan ja turvallisuuttaan. Siksi olemme sitoutuneet tarjoamaan paitsi huippulaatuisia tuotteita my\u00f6s poikkeuksellista palvelua. Alustavasta konsultaatiosta aina myynnin j\u00e4lkeiseen tukeen asti teemme tiivist\u00e4 yhteisty\u00f6t\u00e4 asiakkaidemme kanssa varmistaaksemme, ett\u00e4 heid\u00e4n tarpeensa t\u00e4ytet\u00e4\u00e4n ammattitaitoisesti ja huolellisesti. Kilpailukykyiset hintamme yhdistettyn\u00e4 horjumattomaan sitoutumiseemme laatuun tekev\u00e4t FMP:st\u00e4 \u00e4lykk\u00e4\u00e4n valinnan yrityksille, jotka haluavat investoida luotettaviin hydrauliikkaratkaisuihin.<\/p>","protected":false},"excerpt":{"rendered":"<p>Quality Manufacturing 2 Stage Hydraulic Cylinder Telescopic Hydraulic Cylinder For Sale Our state-of-the-art 2 Stage Telescopic hydraulic cylinder is designed for robust performance and maximum efficiency. Made with high-quality steel, this multi-stage hydraulic cylinder is perfect for heavy-duty applications in machinery repair shops, farms, energy &amp; mining industries, and more. Product Specifications Bore Size 2-6 [&hellip;]<\/p>","protected":false},"featured_media":6693,"comment_status":"closed","ping_status":"closed","template":"","meta":{"_et_pb_use_builder":"","_et_pb_old_content":"","_et_gb_content_width":""},"product_brand":[],"product_cat":[103],"product_tag":[34,105],"class_list":{"0":"post-6518","1":"product","2":"type-product","3":"status-publish","4":"has-post-thumbnail","6":"product_cat-telescopic-hydraulic-cylinders","7":"product_tag-hydraulic-cylinder","8":"product_tag-telescopic-hydraulic-cylinders","10":"first","11":"instock","12":"product-type-simple"},"_links":{"self":[{"href":"https:\/\/fmp-components.com\/fi\/wp-json\/wp\/v2\/product\/6518","targetHints":{"allow":["GET"]}}],"collection":[{"href":"https:\/\/fmp-components.com\/fi\/wp-json\/wp\/v2\/product"}],"about":[{"href":"https:\/\/fmp-components.com\/fi\/wp-json\/wp\/v2\/types\/product"}],"replies":[{"embeddable":true,"href":"https:\/\/fmp-components.com\/fi\/wp-json\/wp\/v2\/comments?post=6518"}],"wp:featuredmedia":[{"embeddable":true,"href":"https:\/\/fmp-components.com\/fi\/wp-json\/wp\/v2\/media\/6693"}],"wp:attachment":[{"href":"https:\/\/fmp-components.com\/fi\/wp-json\/wp\/v2\/media?parent=6518"}],"wp:term":[{"taxonomy":"product_brand","embeddable":true,"href":"https:\/\/fmp-components.com\/fi\/wp-json\/wp\/v2\/product_brand?post=6518"},{"taxonomy":"product_cat","embeddable":true,"href":"https:\/\/fmp-components.com\/fi\/wp-json\/wp\/v2\/product_cat?post=6518"},{"taxonomy":"product_tag","embeddable":true,"href":"https:\/\/fmp-components.com\/fi\/wp-json\/wp\/v2\/product_tag?post=6518"}],"curies":[{"name":"wp","href":"https:\/\/api.w.org\/{rel}","templated":true}]}}