{"id":6517,"date":"2025-03-11T06:26:57","date_gmt":"2025-03-11T06:26:57","guid":{"rendered":"https:\/\/fmp-components.com\/product\/factory-serving-small-dump-truck-hydraulic-hoist-cylinder-multistage-hydraulic-cylinder"},"modified":"2025-03-12T01:35:55","modified_gmt":"2025-03-12T01:35:55","slug":"factory-serving-small-dump-truck-hydraulic-hoist-cylinder-multistage-hydraulic-cylinder","status":"publish","type":"product","link":"https:\/\/fmp-components.com\/fi\/product\/factory-serving-small-dump-truck-hydraulic-hoist-cylinder-multistage-hydraulic-cylinder\/","title":{"rendered":"Tehdas palvelee pient\u00e4 kippiauton hydraulista nostosylinteri\u00e4, monivaiheinen hydraulisylinteri"},"content":{"rendered":"<h2>Tehdas palvelee pient\u00e4 kippiauton hydraulista nostosylinteri\u00e4, monivaiheinen hydraulisylinteri<\/h2>\n<p>Esittelyss\u00e4 upouusi tehtaalla palveleva pienten kippiautojen hydraulinen nostosylinteri, monivaiheinen hydraulisylinteri, huippuluokan ratkaisu, joka on suunniteltu vastaamaan koneesi tarpeisiin. Korkealaatuisista materiaaleista valmistettu ja erinomaiseen suorituskykyyn suunniteltu hydraulisylinteri on oikea valinta monenlaisiin k\u00e4ytt\u00f6tarkoituksiin.<\/p>\n<h3>Tuotteen ominaisuudet ja merkitys<\/h3>\n<p>Monivaiheinen hydraulisylinterimme on suunniteltu pienille dumppereille, ja se toimii kest\u00e4v\u00e4n\u00e4 ja luotettavana hydraulisena nostimena. Sill\u00e4 on ratkaiseva rooli raskaiden kuormien nostamisessa ja siirt\u00e4misess\u00e4, mik\u00e4 parantaa tuottavuutta ja tehokkuutta eri toimialoilla, kuten konepajoissa, maatiloilla, energia- ja kaivosteollisuudessa, konevalmistuksessa ja konetehtaissa.<\/p>\n<h3>Tekniset tiedot<\/h3>\n<p>Hydraulinen nostosylinterimme on valmistettu yksityiskohtaisten eritelmien mukaisesti, jotka takaavat optimaalisen suorituskyvyn ja kest\u00e4vyyden.<\/p>\n<table style=\"width: 101.27%;\" border=\"\">\n<tbody>\n<tr>\n<td style=\"width: 42.9379%;\"><i>Rei\u00e4n koko<\/i><\/td>\n<td style=\"width: 480.791%;\">2\u20136 tuumaa<\/td>\n<\/tr>\n<tr>\n<td style=\"width: 42.9379%;\"><i>Tangon koko<\/i><\/td>\n<td style=\"width: 480.791%;\">1,125\u20134 tuumaa<\/td>\n<\/tr>\n<tr>\n<td style=\"width: 42.9379%;\"><i>Iskun koko<\/i><\/td>\n<td style=\"width: 480.791%;\">4\u2013100 tuumaa<\/td>\n<\/tr>\n<tr>\n<td style=\"width: 42.9379%;\"><i>Tapin koko<\/i><\/td>\n<td style=\"width: 480.791%;\">0,5\u20132 tuumaa<\/td>\n<\/tr>\n<tr>\n<td style=\"width: 42.9379%;\"><i>Portit<\/i><\/td>\n<td style=\"width: 480.791%;\">G\/SAE\/NPT\/M<\/td>\n<\/tr>\n<\/tbody>\n<\/table>\n<h2>Ainutlaatuiset ominaisuudet ja edut<\/h2>\n<p>Monivaiheinen hydraulisylinterimme on suunniteltu ainutlaatuisilla ominaisuuksilla ja eduilla, jotka erottavat sen markkinoilta. Merkitt\u00e4v\u00e4ll\u00e4 3000 tonnin ty\u00f6nt\u00f6voimalla ja 20 tonnin vetokyvyll\u00e4 t\u00e4m\u00e4 sylinteri tarjoaa poikkeuksellista tehoa ja hy\u00f6tysuhdetta, mik\u00e4 tekee siit\u00e4 ihanteellisen raskaisiin sovelluksiin. Sen energians\u00e4\u00e4st\u00f6inen rakenne ei ainoastaan \u200b\u200bmaksimoi suorituskyky\u00e4, vaan my\u00f6s minimoi k\u00e4ytt\u00f6kustannukset varmistaen, ett\u00e4 k\u00e4ytt\u00e4j\u00e4t hy\u00f6tyv\u00e4t sek\u00e4 tehokkuudesta ett\u00e4 kest\u00e4vyydest\u00e4.<\/p>\n<p>Korkealaatuisesta ter\u00e4ksest\u00e4 valmistettu sylinteri on vertaansa vailla olevan kest\u00e4v\u00e4 ja turvallinen, mink\u00e4 ansiosta se sopii vaativiin ty\u00f6ymp\u00e4rist\u00f6ihin. Kest\u00e4v\u00e4 ter\u00e4srunko varmistaa, ett\u00e4 se kest\u00e4\u00e4 vaativiin teht\u00e4viin liittyv\u00e4t rasitukset ja rasitukset, mik\u00e4 tarjoaa mielenrauhaa k\u00e4ytt\u00e4jille. Lis\u00e4ksi monivaiheinen hydraulisylinterimme on ISO9001:2000-sertifioitu, mik\u00e4 heijastaa sitoutumistamme tuotteidemme korkeimpien laatu- ja luotettavuusstandardien yll\u00e4pit\u00e4miseen. T\u00e4m\u00e4 sertifiointi vakuuttaa asiakkaille, ett\u00e4 he investoivat tuotteeseen, joka t\u00e4ytt\u00e4\u00e4 tiukat kansainv\u00e4liset laadunhallintastandardit, mik\u00e4 parantaa entisest\u00e4\u00e4n sen houkuttelevuutta erilaisissa teollisissa sovelluksissa.<\/p>\n<p><img loading=\"lazy\" decoding=\"async\" class=\"alignnone  wp-image-6664\" src=\"https:\/\/fmp-components.com\/wp-content\/uploads\/2025\/03\/telescopic-hydraulic-cylinder-8.webp\" alt=\"teleskooppinen hydraulisylinteri\" width=\"919\" height=\"919\" title=\"\" srcset=\"https:\/\/fmp-components.com\/wp-content\/uploads\/2025\/03\/telescopic-hydraulic-cylinder-8.webp 919w, https:\/\/fmp-components.com\/wp-content\/uploads\/2025\/03\/telescopic-hydraulic-cylinder-8-480x480.webp 480w\" sizes=\"(min-width: 0px) and (max-width: 480px) 480px, (min-width: 481px) 919px, 100vw\" \/><\/p>\n<h2>Hydraulij\u00e4rjestelm\u00e4 ja toimintaperiaatteet<\/h2>\n<p>Hydraulinen nostosylinterimme toimii paineistetun nestevoiman periaatteella, mik\u00e4 on olennaista lineaarisen liikkeen ja voiman luomiseksi. T\u00e4ss\u00e4 j\u00e4rjestelm\u00e4ss\u00e4 paineistettu hydraulineste johdetaan sylinteriin, jolloin m\u00e4nt\u00e4 liikkuu. T\u00e4m\u00e4 liike tuottaa tarvittavan voiman raskaiden kuormien tehokkaaseen nostamiseen tai siirt\u00e4miseen. Hydraulisen nostosylinterin rakenne varmistaa, ett\u00e4 t\u00e4m\u00e4 prosessi on sek\u00e4 sujuva ett\u00e4 tehokas, mik\u00e4 edist\u00e4\u00e4 korkeaa suorituskyky\u00e4 ja luotettavuutta.<\/p>\n<p>Hydraulisen energian tehokas muuntaminen mekaaniseksi liikkeeksi mahdollistaa hydraulisen nostosylinterimme laajan valikoiman teht\u00e4vi\u00e4 tarkasti. T\u00e4m\u00e4 tehokas j\u00e4rjestelm\u00e4 ei ainoastaan \u200b\u200bparanna tuottavuutta, vaan varmistaa my\u00f6s kuormien turvallisen k\u00e4sittelyn, mik\u00e4 tekee siit\u00e4 elint\u00e4rke\u00e4n komponentin useissa teollisissa sovelluksissa, kuten rakentamisessa, valmistuksessa ja kuljetuksessa.<\/p>\n<p><img loading=\"lazy\" decoding=\"async\" class=\"alignnone  wp-image-6665\" src=\"https:\/\/fmp-components.com\/wp-content\/uploads\/2025\/03\/telescopic-hydraulic-cylinder-9.webp\" alt=\"teleskooppinen hydraulisylinteri\" width=\"906\" height=\"906\" title=\"\" srcset=\"https:\/\/fmp-components.com\/wp-content\/uploads\/2025\/03\/telescopic-hydraulic-cylinder-9.webp 906w, https:\/\/fmp-components.com\/wp-content\/uploads\/2025\/03\/telescopic-hydraulic-cylinder-9-480x480.webp 480w\" sizes=\"(min-width: 0px) and (max-width: 480px) 480px, (min-width: 481px) 906px, 100vw\" \/><\/p>\n<h2>Hydraulisylinterit ja voimayksik\u00f6t<\/h2>\n<p>Hydraulisylinterit ja voimayksik\u00f6t ovat hydraulisten j\u00e4rjestelmien v\u00e4ltt\u00e4m\u00e4tt\u00f6mi\u00e4 osia, ja jokaisella on ratkaiseva rooli niiden kokonaistoiminnallisuudessa. Hydraulisylinteri toimii toimilaitteena, joka muuntaa hydraulisen energian mekaaniseksi liikkeeksi, kun taas voimayksikk\u00f6 toimii j\u00e4rjestelm\u00e4n syd\u00e4men\u00e4, joka sy\u00f6tt\u00e4\u00e4 tarvittavan hydraulinesteen ja paineen sylinterin toiminnan ajamiseksi.<\/p>\n<p>N\u00e4iden kahden komponentin koordinoitu toiminta on v\u00e4ltt\u00e4m\u00e4t\u00f6nt\u00e4 hydrauliikkateknologian laajalle soveltamiselle teollisuudessa. Yhdess\u00e4 ne tarjoavat luotettavaa tehonsy\u00f6tt\u00f6\u00e4 ja ohjausta monenlaisille teknisille ja mekaanisille laitteille varmistaen, ett\u00e4 toiminta sujuu sujuvasti ja tehokkaasti.<\/p>\n<p>Yrityksess\u00e4mme ymm\u00e4rr\u00e4mme n\u00e4iden komponenttien merkityksen toiminnan tehokkuuden parantamisessa, mink\u00e4 vuoksi tarjoamme myyntiin my\u00f6s korkealaatuisia voimayksik\u00f6it\u00e4. Sitoutumisemme luotettavien hydrauliikkaratkaisujen toimittamiseen varmistaa, ett\u00e4 voit luottaa tuotteisiimme juuri sinun sovelluksissasi vaadittavan suorituskyvyn ja hallinnan suhteen.<\/p>\n<p><img loading=\"lazy\" decoding=\"async\" class=\"alignnone  wp-image-6717\" src=\"https:\/\/fmp-components.com\/wp-content\/uploads\/2025\/03\/hydraulic-cylinder-211.webp\" alt=\"Hydraulisylinterit\" width=\"910\" height=\"912\" title=\"\" srcset=\"https:\/\/fmp-components.com\/wp-content\/uploads\/2025\/03\/hydraulic-cylinder-211.webp 910w, https:\/\/fmp-components.com\/wp-content\/uploads\/2025\/03\/hydraulic-cylinder-211-480x481.webp 480w\" sizes=\"(min-width: 0px) and (max-width: 480px) 480px, (min-width: 481px) 910px, 100vw\" \/><\/p>\n<h2>Usein kysytyt kysymykset<\/h2>\n<p><b>K: Oletko kauppayhti\u00f6 vai valmistaja?<\/b><br \/>\nA: Olemme tehdas.<\/p>\n<p><b>K: Kuinka pitk\u00e4 on toimitusaikanne?<\/b><br \/>\nV: Yleens\u00e4 se on 25\u201335 p\u00e4iv\u00e4\u00e4.<\/p>\n<p><b>K: Toimitatteko n\u00e4ytteit\u00e4?<\/b><br \/>\nV: Kyll\u00e4, voisimme tarjota n\u00e4ytteen, mutta se ei ole ilmainen.<\/p>\n<h3>Tietoja FMP:st\u00e4<\/h3>\n<p>FMP on johtava italialainen valmistaja, joka tunnetaan asiantuntemuksestaan \u200b\u200bkorkealaatuisten hydraulisylintereiden suunnittelussa, kehitt\u00e4misess\u00e4 ja tuotannossa. Vuosikymmenten varrella kertyneen rikkaan perinn\u00f6n ansiosta yhdist\u00e4mme perinteisen italialaisen k\u00e4sity\u00f6taidon huipputeknologiaan luodaksemme poikkeuksellisia hydraulisia ratkaisuja, jotka vastaavat globaalien asiakkaidemme monimuotoisiin tarpeisiin. Italiassa, insin\u00f6\u00f6ritaidon huippuosaamisen keskuksessa, sijaitseva FMP on vakiinnuttanut asemansa luotettavana nimen\u00e4 hydrauliikkateollisuudessa ja on omistautunut toimittamaan luotettavia, kest\u00e4vi\u00e4 ja innovatiivisia tuotteita, jotka voimaannuttavat yrityksi\u00e4 maailmanlaajuisesti.<\/p>\n<p>Yrityksemme yhdist\u00e4\u00e4 edistykselliset valmistusperinteet edistykselliseen ajattelutapaan. Hy\u00f6dynt\u00e4m\u00e4ll\u00e4 laajaa kokemustamme hydraulij\u00e4rjestelmist\u00e4, FMP on kehittynyt nykyaikaiseksi yritykseksi, joka on erinomainen tutkimuksessa, suunnittelussa ja tuotannossa. Tarjoamme kattavan valikoiman hydraulisylintereit\u00e4, mukaan lukien kaksitoimiset sylinterit, autojen nostosylinterit, maatalouskoneiden sylinterit ja r\u00e4\u00e4t\u00e4l\u00f6idyt ratkaisut erilaisiin teollisiin sovelluksiin. Olipa kyseess\u00e4 rakentaminen, teollisuusasennukset, maatalous tai raskaskoneet, hydraulisylinterimme on suunniteltu toimimaan vaativimmissakin olosuhteissa varmistaen turvallisuuden, tehokkuuden ja pitk\u00e4n k\u00e4ytt\u00f6i\u00e4n.<\/p>\n<p>FMP:ll\u00e4 olemme ylpeit\u00e4 huippuluokan tuotantolaitoksistamme, jotka on varustettu tarkkuuskoneilla ja edistyneill\u00e4 testausj\u00e4rjestelmill\u00e4. Valmistusprosessimme t\u00e4ytt\u00e4v\u00e4t tiukat kansalliset ja kansainv\u00e4liset standardit, mik\u00e4 varmistaa, ett\u00e4 jokainen valmistettu hydraulisylinteri t\u00e4ytt\u00e4\u00e4 korkeimmat laatu- ja luotettavuusvaatimukset. Taitava tekninen tiimimme yhdistettyn\u00e4 edistyneisiin laitteisiin mahdollistaa tiukan laadunvalvonnan jokaisessa tuotantovaiheessa \u2013 raaka-aineiden valinnasta lopputarkastukseen. T\u00e4m\u00e4 sitoutuminen erinomaisuuteen on ansainnut meille sertifikaatteja ja tunnustusta alan viranomaisilta, mik\u00e4 vahvistaa mainettamme luotettavana kumppanina.<\/p>\n<p><img loading=\"lazy\" decoding=\"async\" class=\"alignnone size-full wp-image-6720\" src=\"https:\/\/fmp-components.com\/wp-content\/uploads\/2025\/03\/hydraulic-cylinder-8.webp\" alt=\"Teleskooppiset hydraulisylinterit\" width=\"933\" height=\"526\" title=\"\" srcset=\"https:\/\/fmp-components.com\/wp-content\/uploads\/2025\/03\/hydraulic-cylinder-8.webp 933w, https:\/\/fmp-components.com\/wp-content\/uploads\/2025\/03\/hydraulic-cylinder-8-480x271.webp 480w\" sizes=\"(min-width: 0px) and (max-width: 480px) 480px, (min-width: 481px) 933px, 100vw\" \/><\/p>\n<p>Missiomme on yksinkertainen mutta kunnianhimoinen: tarjota asiakkaillemme hydraulisylintereit\u00e4, jotka ylitt\u00e4v\u00e4t odotukset suorituskyvyss\u00e4, kest\u00e4vyydess\u00e4 ja arvossa. Toimimme ammattitaidon, rehellisyyden ja asiakasl\u00e4ht\u00f6isyyden pohjalta. Edist\u00e4m\u00e4ll\u00e4 innovaatio- ja tarkkuuskulttuuria parannamme jatkuvasti tuotteitamme s\u00e4ilytt\u00e4\u00e4ksemme kilpailuedun markkinoilla. Laaja tuotevalikoimamme ja kykymme tarjota r\u00e4\u00e4t\u00e4l\u00f6ityj\u00e4 ratkaisuja tekev\u00e4t meist\u00e4 ensisijaisen valinnan yrityksille, jotka etsiv\u00e4t tehokkaita hydraulisylintereit\u00e4.<\/p>\n<p>FMP on enemm\u00e4n kuin vain valmistaja; olemme kumppani menestyksess\u00e4si. Ymm\u00e4rr\u00e4mme, ett\u00e4 asiakkaamme luottavat meihin ty\u00f6kalujen toimittamisessa, jotka parantavat heid\u00e4n tuottavuuttaan ja turvallisuuttaan. Siksi olemme sitoutuneet tarjoamaan paitsi huippulaatuisia tuotteita my\u00f6s poikkeuksellista palvelua. Alustavasta konsultaatiosta aina myynnin j\u00e4lkeiseen tukeen asti teemme tiivist\u00e4 yhteisty\u00f6t\u00e4 asiakkaidemme kanssa varmistaaksemme, ett\u00e4 heid\u00e4n tarpeensa t\u00e4ytet\u00e4\u00e4n ammattitaitoisesti ja huolellisesti. Kilpailukykyiset hintamme yhdistettyn\u00e4 horjumattomaan sitoutumiseemme laatuun tekev\u00e4t FMP:st\u00e4 \u00e4lykk\u00e4\u00e4n valinnan yrityksille, jotka haluavat investoida luotettaviin hydrauliikkaratkaisuihin.<\/p>","protected":false},"excerpt":{"rendered":"<p>Factory Serving Small Dump Truck Hydraulic Hoist Cylinder Multistage Hydraulic Cylinder Introducing our brand new Factory Serving Small Dump Truck Hydraulic Hoist Cylinder Multistage Hydraulic Cylinder, a cutting-edge solution designed to meet your machinery needs. Built with the highest quality materials and engineered for superior performance, this hydraulic cylinder is the right choice for a [&hellip;]<\/p>","protected":false},"featured_media":6694,"comment_status":"closed","ping_status":"closed","template":"","meta":{"_et_pb_use_builder":"","_et_pb_old_content":"","_et_gb_content_width":""},"product_brand":[],"product_cat":[103],"product_tag":[34,105],"class_list":{"0":"post-6517","1":"product","2":"type-product","3":"status-publish","4":"has-post-thumbnail","6":"product_cat-telescopic-hydraulic-cylinders","7":"product_tag-hydraulic-cylinder","8":"product_tag-telescopic-hydraulic-cylinders","10":"first","11":"instock","12":"product-type-simple"},"_links":{"self":[{"href":"https:\/\/fmp-components.com\/fi\/wp-json\/wp\/v2\/product\/6517","targetHints":{"allow":["GET"]}}],"collection":[{"href":"https:\/\/fmp-components.com\/fi\/wp-json\/wp\/v2\/product"}],"about":[{"href":"https:\/\/fmp-components.com\/fi\/wp-json\/wp\/v2\/types\/product"}],"replies":[{"embeddable":true,"href":"https:\/\/fmp-components.com\/fi\/wp-json\/wp\/v2\/comments?post=6517"}],"wp:featuredmedia":[{"embeddable":true,"href":"https:\/\/fmp-components.com\/fi\/wp-json\/wp\/v2\/media\/6694"}],"wp:attachment":[{"href":"https:\/\/fmp-components.com\/fi\/wp-json\/wp\/v2\/media?parent=6517"}],"wp:term":[{"taxonomy":"product_brand","embeddable":true,"href":"https:\/\/fmp-components.com\/fi\/wp-json\/wp\/v2\/product_brand?post=6517"},{"taxonomy":"product_cat","embeddable":true,"href":"https:\/\/fmp-components.com\/fi\/wp-json\/wp\/v2\/product_cat?post=6517"},{"taxonomy":"product_tag","embeddable":true,"href":"https:\/\/fmp-components.com\/fi\/wp-json\/wp\/v2\/product_tag?post=6517"}],"curies":[{"name":"wp","href":"https:\/\/api.w.org\/{rel}","templated":true}]}}