{"id":6510,"date":"2025-03-11T06:26:57","date_gmt":"2025-03-11T06:26:57","guid":{"rendered":"https:\/\/fmp-components.com\/product\/guaranteed-quality-mini-dump-truck-hydraulic-cylinders-telescopic-hydraulic-cylinder"},"modified":"2025-03-18T01:06:37","modified_gmt":"2025-03-18T01:06:37","slug":"guaranteed-quality-mini-dump-truck-hydraulic-cylinders-telescopic-hydraulic-cylinder","status":"publish","type":"product","link":"https:\/\/fmp-components.com\/fi\/product\/guaranteed-quality-mini-dump-truck-hydraulic-cylinders-telescopic-hydraulic-cylinder\/","title":{"rendered":"Taattu laatu Mini Dump Truck Hydrauliset sylinterit Teleskooppinen hydraulisylinteri"},"content":{"rendered":"<h2>Taattu laatu Mini Dump Truck Hydrauliset sylinterit Teleskooppinen hydraulisylinteri<\/h2>\n<p>Esittelyss\u00e4 huippulaatuinen minidumpperin hydraulisylinteri, teleskooppinen hydraulisylinteri, uutuustuote vuodelle 2025. T\u00e4m\u00e4 tuote on vakiomallinen m\u00e4nt\u00e4sylinterityyppinen hydraulisylinteri, joka on suunniteltu erityisesti konekorjaamoille, maatiloille, energia- ja kaivosteollisuudelle sek\u00e4 koneenrakennusteollisuudelle. Se on valmistettu kest\u00e4v\u00e4st\u00e4 ter\u00e4ksest\u00e4 ja siin\u00e4 on monivaiheinen rakenne, joka sopii t\u00e4ydellisesti raskaisiin sovelluksiin.<\/p>\n<h3>Ainutlaatuiset ominaisuudet ja edut<\/h3>\n<ul>\n<li><b>Energiatehokas:<\/b> Hydraulisylinterimme on suunniteltu kuluttamaan v\u00e4hemm\u00e4n virtaa, mik\u00e4 tekee siit\u00e4 tehokkaamman ja ymp\u00e4rist\u00f6yst\u00e4v\u00e4llisemm\u00e4n.<\/li>\n<li><b>Korkea suorituskyky:<\/b> Suurimman 3000 tonnin ty\u00f6nt\u00f6voiman ja suurimman 20 tonnin vetovoiman ansiosta se tarjoaa poikkeuksellista tehoa mihin tahansa teht\u00e4v\u00e4\u00e4n.<\/li>\n<li><b>Turvallisuus:<\/b> Tuotteemme on ISO9001:2000-sertifioitu, mik\u00e4 takaa niiden turvallisuuden ja luotettavuuden.<\/li>\n<\/ul>\n<h3>Tekniset tiedot<\/h3>\n<p>Hydraulisylinterimme sis\u00e4halkaisija on 2\u20136 tuumaa, varren koko 1,125\u20134 tuumaa ja iskunpituus 4\u2013100 tuumaa. Siin\u00e4 on G\/SAE\/NPT\/M-portit ja tapin koko 0,5\u20132 tuumaa. Kaikki n\u00e4m\u00e4 ominaisuudet on suunniteltu varmistamaan sen monipuolisuus ja sopeutumiskyky erilaisiin ty\u00f6tilanteisiin.<\/p>\n<table style=\"width: 101.488%;\" border=\"\">\n<tbody>\n<tr>\n<td style=\"width: 42.9379%;\"><i>Rei\u00e4n koko<\/i><\/td>\n<td style=\"width: 481.921%;\">2\u20136 tuumaa<\/td>\n<\/tr>\n<tr>\n<td style=\"width: 42.9379%;\"><i>Tangon koko<\/i><\/td>\n<td style=\"width: 481.921%;\">1,125\u20134 tuumaa<\/td>\n<\/tr>\n<tr>\n<td style=\"width: 42.9379%;\"><i>Iskun koko<\/i><\/td>\n<td style=\"width: 481.921%;\">4\u2013100 tuumaa<\/td>\n<\/tr>\n<tr>\n<td style=\"width: 42.9379%;\"><i>Tapin koko<\/i><\/td>\n<td style=\"width: 481.921%;\">0,5\u20132 tuumaa<\/td>\n<\/tr>\n<tr>\n<td style=\"width: 42.9379%;\"><i>Portit<\/i><\/td>\n<td style=\"width: 481.921%;\">G\/SAE\/NPT\/M<\/td>\n<\/tr>\n<\/tbody>\n<\/table>\n<h3>Hydraulij\u00e4rjestelm\u00e4 ja toimintaperiaate<\/h3>\n<p>Hydraulisylinterimme toimivat paineistetun nesteen moninkertaistamisen perusperiaatteella. T\u00e4m\u00e4 j\u00e4rjestelm\u00e4 on suunniteltu hy\u00f6dynt\u00e4m\u00e4\u00e4n hydraulinesteen tehoa, mik\u00e4 mahdollistaa tehokkaan voiman ja liikkeen siirron. Paineistetun nesteen avulla hydraulisylinterimme voivat vahvistaa voimantuottoa, mink\u00e4 ansiosta ne voivat suorittaa vaativia teht\u00e4vi\u00e4 helposti ja tarkasti. T\u00e4m\u00e4 rakenne ei ainoastaan \u200b\u200btakaa tasaista suorituskyky\u00e4 eri sovelluksissa, vaan korostaa my\u00f6s korkeimpia turvallisuus- ja tehokkuusstandardeja. Hydraulij\u00e4rjestelm\u00e4 on huolellisesti suunniteltu minimoimaan energiah\u00e4vikki, maksimoimaan tuottavuus ja yll\u00e4pit\u00e4m\u00e4\u00e4n toimintavarmuutta, mik\u00e4 tekee siit\u00e4 olennaisen osan nykyaikaisissa teollisuuskoneissa.<\/p>\n<p><img loading=\"lazy\" decoding=\"async\" class=\"alignnone wp-image-6657\" src=\"https:\/\/fmp-components.com\/wp-content\/uploads\/2025\/03\/telescopic-hydraulic-cylinder-3.webp\" alt=\"teleskooppinen hydraulisylinteri\" width=\"917\" height=\"917\" title=\"\" srcset=\"https:\/\/fmp-components.com\/wp-content\/uploads\/2025\/03\/telescopic-hydraulic-cylinder-3.webp 917w, https:\/\/fmp-components.com\/wp-content\/uploads\/2025\/03\/telescopic-hydraulic-cylinder-3-480x480.webp 480w\" sizes=\"(min-width: 0px) and (max-width: 480px) 480px, (min-width: 481px) 917px, 100vw\" \/><\/p>\n<h3>Hydraulisylinterit ja voimayksik\u00f6t<\/h3>\n<p>Hydraulisylinterit ja voimayksik\u00f6t ovat olennainen osa mit\u00e4 tahansa hydraulij\u00e4rjestelm\u00e4\u00e4, ja ne toimivat yhdess\u00e4 optimaalisen suorituskyvyn saavuttamiseksi. Hydraulisylinteri toimii toimilaitteena, joka vastaa hydraulisen energian muuntamisesta mekaaniseksi liikkeeksi. Se muuntaa paineen voimaksi, mik\u00e4 mahdollistaa monenlaisten teht\u00e4vien suorittamisen nostamisesta ja ty\u00f6nt\u00e4misest\u00e4 puristamiseen ja py\u00f6ritt\u00e4miseen. Voimayksikk\u00f6 puolestaan \u200b\u200btoimii hydraulij\u00e4rjestelm\u00e4n syd\u00e4men\u00e4, joka sy\u00f6tt\u00e4\u00e4 tarvittavan energian ja ohjaussignaalit toiminnan edellytt\u00e4mille toiminnoille. Se tuottaa ja s\u00e4\u00e4telee hydraulinesteen painetta varmistaen, ett\u00e4 sylinteri toimii tasaisesti ja tehokkaasti.<\/p>\n<p>Hydraulisylinterin ja voimayksik\u00f6n koordinoitu toiminta on ratkaisevan t\u00e4rke\u00e4\u00e4 hydraulisen teknologian tehokkaalle k\u00e4ytt\u00f6\u00f6notolle eri toimialoilla. T\u00e4m\u00e4 synergia ei ainoastaan \u200b\u200btarjoa luotettavaa voiman- ja ohjaustukea kone- ja mekaanisille laitteille, vaan my\u00f6s parantaa toiminnan kokonaistehokkuutta. Varmistamalla, ett\u00e4 molemmat komponentit toimivat saumattomasti yhdess\u00e4, hydraulij\u00e4rjestelm\u00e4 voi suorittaa monimutkaisia \u200b\u200bteht\u00e4vi\u00e4 tarkasti ja luotettavasti. FMP:ll\u00e4 tarjoamme my\u00f6s valikoiman voimayksik\u00f6it\u00e4, jotka on suunniteltu t\u00e4ydent\u00e4m\u00e4\u00e4n hydraulisylintereit\u00e4mme ja tarjoamaan kattavia ratkaisuja hydraulij\u00e4rjestelm\u00e4tarpeisiisi. Sitoutumisemme laatuun ja innovaatioihin takaa, ett\u00e4 saat tehokkaimmat tuotteet toimintakykysi parantamiseksi.<\/p>\n<p><img loading=\"lazy\" decoding=\"async\" class=\"alignnone wp-image-6658\" src=\"https:\/\/fmp-components.com\/wp-content\/uploads\/2025\/03\/telescopic-hydraulic-cylinder-6.webp\" alt=\"teleskooppinen hydraulisylinteri\" width=\"929\" height=\"929\" title=\"\" srcset=\"https:\/\/fmp-components.com\/wp-content\/uploads\/2025\/03\/telescopic-hydraulic-cylinder-6.webp 929w, https:\/\/fmp-components.com\/wp-content\/uploads\/2025\/03\/telescopic-hydraulic-cylinder-6-480x480.webp 480w\" sizes=\"(min-width: 0px) and (max-width: 480px) 480px, (min-width: 481px) 929px, 100vw\" \/><\/p>\n<h2>Usein kysytyt kysymykset<\/h2>\n<p><b>K: Oletko kauppayhti\u00f6 vai valmistaja?<\/b><br \/>\nA: Olemme tehdas.<\/p>\n<p><b>K: Kuinka pitk\u00e4 on toimitusaikanne?<\/b><br \/>\nV: Yleens\u00e4 se on 25\u201335 p\u00e4iv\u00e4\u00e4.<\/p>\n<p><b>K: Toimitatteko n\u00e4ytteit\u00e4? Onko se ilmaista vai lis\u00e4maksullista?<\/b><br \/>\nV: Kyll\u00e4, voisimme tarjota n\u00e4ytteen, mutta se ei ole ilmainen.<\/p>\n<h3>Tietoja FMP:st\u00e4<\/h3>\n<p class=\"break-words\">FMP on johtava italialainen valmistaja, joka on erikoistunut korkealaatuisten hydraulisylintereiden suunnitteluun, kehitt\u00e4miseen ja tuotantoon. Rikkaalla, vuosikymmenten kokemukseen perustuvalla perinn\u00f6ll\u00e4mme yhdist\u00e4mme ylpe\u00e4n\u00e4 italialaisen k\u00e4sity\u00f6taidon huipputeknologiaan toimittaaksemme poikkeuksellisia hydraulisia ratkaisuja, jotka on r\u00e4\u00e4t\u00e4l\u00f6ity vastaamaan maailmanlaajuisen asiakaskuntamme monipuolisiin tarpeisiin. Italiassa, insin\u00f6\u00f6ritaidon huippuosaamisen keskuksessa, sijaitseva FMP on luotettava nimi hydrauliikkateollisuudessa ja sitoutunut tarjoamaan luotettavia, kest\u00e4vi\u00e4 ja innovatiivisia tuotteita, jotka voimaannuttavat yrityksi\u00e4 maailmanlaajuisesti.<\/p>\n<p class=\"break-words\">Yrityksemme yhdist\u00e4\u00e4 parhaat edistykselliset valmistusperinteet tulevaisuuteen suuntautuneeseen l\u00e4hestymistapaan. Vuosien kokemuksella hydrauliikkaj\u00e4rjestelmist\u00e4 FMP on kehittynyt nykyaikaiseksi yritykseksi, joka erottuu edukseen tutkimuksessa, suunnittelussa ja tuotannossa. Olemme erikoistuneet laajaan valikoimaan hydraulisylintereit\u00e4, mukaan lukien kaksitoimiset sylinterit, autojen nostosylinterit, maatalouskoneiden sylinterit ja r\u00e4\u00e4t\u00e4l\u00f6idyt ratkaisut erilaisiin teollisiin sovelluksiin. Olipa kyseess\u00e4 sitten rakentaminen, teollisuusasennukset, maatalous tai raskaskoneet, hydraulisylinterimme on rakennettu toimimaan vaativimmissakin olosuhteissa varmistaen turvallisuuden, tehokkuuden ja pitk\u00e4n k\u00e4ytt\u00f6i\u00e4n.<\/p>\n<p><img loading=\"lazy\" decoding=\"async\" class=\"alignnone size-full wp-image-6720\" src=\"https:\/\/fmp-components.com\/wp-content\/uploads\/2025\/03\/hydraulic-cylinder-8.webp\" alt=\"Teleskooppiset hydraulisylinterit\" width=\"933\" height=\"526\" title=\"\" srcset=\"https:\/\/fmp-components.com\/wp-content\/uploads\/2025\/03\/hydraulic-cylinder-8.webp 933w, https:\/\/fmp-components.com\/wp-content\/uploads\/2025\/03\/hydraulic-cylinder-8-480x271.webp 480w\" sizes=\"(min-width: 0px) and (max-width: 480px) 480px, (min-width: 481px) 933px, 100vw\" \/><\/p>\n<p class=\"break-words\">FMP:ll\u00e4 olemme ylpeit\u00e4 huippumoderneista tuotantolaitoksistamme, jotka on varustettu tarkkuuskoneilla ja edistyneill\u00e4 testausj\u00e4rjestelmill\u00e4. Valmistusprosessimme noudattavat tiukkoja kansallisia ja kansainv\u00e4lisi\u00e4 standardeja, mik\u00e4 varmistaa, ett\u00e4 jokainen tehtaaltamme l\u00e4htev\u00e4 hydraulisylinteri on eritt\u00e4in laadukas ja luotettava. Taitava tekninen tiimimme ja huippuluokan laitteet mahdollistavat tiukan laadunvalvonnan tuotannon jokaisessa vaiheessa \u2013 raaka-aineiden valinnasta lopputarkastukseen. T\u00e4m\u00e4 omistautuminen erinomaisuuteen on ansainnut meille sertifikaatteja ja tunnustusta alan viranomaisilta, mik\u00e4 on vahvistanut mainettamme luotettavana kumppanina.<\/p>\n<p class=\"break-words\">Missiomme on yksinkertainen mutta kunnianhimoinen: tarjota asiakkaillemme hydraulisylintereit\u00e4, jotka ylitt\u00e4v\u00e4t odotukset suorituskyvyss\u00e4, kest\u00e4vyydess\u00e4 ja arvossa. Toimimme ammattitaidon, rehellisyyden ja asiakasl\u00e4ht\u00f6isyyden ohjaamilla periaatteilla. Edist\u00e4m\u00e4ll\u00e4 innovaatio- ja tarkkuuskulttuuria ja jalostamme jatkuvasti tuotteitamme pysy\u00e4ksemme kilpailuedulla. Kattava tuotevalikoimamme ja kykymme tarjota r\u00e4\u00e4t\u00e4l\u00f6ityj\u00e4 ratkaisuja tekev\u00e4t meist\u00e4 ensisijaisen valinnan yrityksille, jotka etsiv\u00e4t tehokkaita hydraulisylintereit\u00e4.<\/p>\n<p class=\"break-words\">FMP on enemm\u00e4n kuin vain valmistaja \u2013 olemme kumppani menestyksess\u00e4si. Ymm\u00e4rr\u00e4mme, ett\u00e4 asiakkaamme luottavat meihin ty\u00f6kalujen toimittamisessa, jotka parantavat heid\u00e4n tuottavuuttaan ja turvallisuuttaan. Siksi olemme sitoutuneet tarjoamaan paitsi huippuluokan tuotteita my\u00f6s poikkeuksellista palvelua. Alustavasta konsultoinnista myynnin j\u00e4lkeiseen tukeen teemme tiivist\u00e4 yhteisty\u00f6t\u00e4 asiakkaidemme kanssa varmistaaksemme, ett\u00e4 heid\u00e4n tarpeensa t\u00e4ytet\u00e4\u00e4n ammattitaitoisesti ja huolellisesti. Kilpailukykyiset hintamme yhdistettyn\u00e4 horjumattomaan sitoutumiseemme laatuun tekev\u00e4t FMP:st\u00e4 \u00e4lykk\u00e4\u00e4n valinnan yrityksille, jotka haluavat investoida luotettaviin hydrauliikkaratkaisuihin.<\/p>","protected":false},"excerpt":{"rendered":"<p>Guaranteed Quality Mini Dump Truck Hydraulic Cylinders Telescopic Hydraulic Cylinder Introducing our top-quality Mini Dump Truck Hydraulic Cylinders Telescopic Hydraulic Cylinder, a new product for 2025. This product is a standard, plunger cylinder type hydraulic cylinder, designed specifically for the Machinery Repair Shops, Farms, Energy &amp; Mining, and Machinery Manufacturing industries. It\u2019s made from robust [&hellip;]<\/p>","protected":false},"featured_media":6685,"comment_status":"closed","ping_status":"closed","template":"","meta":{"_et_pb_use_builder":"","_et_pb_old_content":"","_et_gb_content_width":""},"product_brand":[],"product_cat":[103],"product_tag":[34,105],"class_list":{"0":"post-6510","1":"product","2":"type-product","3":"status-publish","4":"has-post-thumbnail","6":"product_cat-telescopic-hydraulic-cylinders","7":"product_tag-hydraulic-cylinder","8":"product_tag-telescopic-hydraulic-cylinders","10":"first","11":"instock","12":"product-type-simple"},"_links":{"self":[{"href":"https:\/\/fmp-components.com\/fi\/wp-json\/wp\/v2\/product\/6510","targetHints":{"allow":["GET"]}}],"collection":[{"href":"https:\/\/fmp-components.com\/fi\/wp-json\/wp\/v2\/product"}],"about":[{"href":"https:\/\/fmp-components.com\/fi\/wp-json\/wp\/v2\/types\/product"}],"replies":[{"embeddable":true,"href":"https:\/\/fmp-components.com\/fi\/wp-json\/wp\/v2\/comments?post=6510"}],"wp:featuredmedia":[{"embeddable":true,"href":"https:\/\/fmp-components.com\/fi\/wp-json\/wp\/v2\/media\/6685"}],"wp:attachment":[{"href":"https:\/\/fmp-components.com\/fi\/wp-json\/wp\/v2\/media?parent=6510"}],"wp:term":[{"taxonomy":"product_brand","embeddable":true,"href":"https:\/\/fmp-components.com\/fi\/wp-json\/wp\/v2\/product_brand?post=6510"},{"taxonomy":"product_cat","embeddable":true,"href":"https:\/\/fmp-components.com\/fi\/wp-json\/wp\/v2\/product_cat?post=6510"},{"taxonomy":"product_tag","embeddable":true,"href":"https:\/\/fmp-components.com\/fi\/wp-json\/wp\/v2\/product_tag?post=6510"}],"curies":[{"name":"wp","href":"https:\/\/api.w.org\/{rel}","templated":true}]}}