{"id":6508,"date":"2025-03-11T06:26:57","date_gmt":"2025-03-11T06:26:57","guid":{"rendered":"https:\/\/fmp-components.com\/product\/low-price-double-acting-small-dump-truck-telescopic-hydraulic-cylinder"},"modified":"2025-03-12T00:54:01","modified_gmt":"2025-03-12T00:54:01","slug":"low-price-double-acting-small-dump-truck-telescopic-hydraulic-cylinder","status":"publish","type":"product","link":"https:\/\/fmp-components.com\/fi\/product\/low-price-double-acting-small-dump-truck-telescopic-hydraulic-cylinder\/","title":{"rendered":"Alhainen hinta kaksitoiminen pieni kippiauton teleskooppinen hydraulisylinteri"},"content":{"rendered":"<h2>Alhainen hinta kaksitoiminen pieni kippiauton teleskooppinen hydraulisylinteri<\/h2>\n<p>Edullinen kaksitoiminen pienten kippiautojen teleskooppinen hydraulisylinterimme on uusi, vakiomallinen, monivaiheinen hydraulisylinteri, joka on valmistettu kest\u00e4v\u00e4st\u00e4 ter\u00e4ksest\u00e4. Sen suurin ty\u00f6nt\u00f6voima on 3000 tonnia ja suurin vetovoima 20 tonnia, joten se on suunniteltu tehoa, luotettavuutta ja kest\u00e4vyytt\u00e4 ajatellen. T\u00e4m\u00e4 hydraulisylinteri sopii t\u00e4ydellisesti konepajoille, maatiloille, energia- ja kaivosteollisuudelle sek\u00e4 konepajatehtaille.<\/p>\n<p><img loading=\"lazy\" decoding=\"async\" class=\"alignnone  wp-image-6661\" src=\"https:\/\/fmp-components.com\/wp-content\/uploads\/2025\/03\/telescopic-hydraulic-cylinder-10.webp\" alt=\"teleskooppinen hydraulisylinteri\" width=\"924\" height=\"924\" title=\"\" srcset=\"https:\/\/fmp-components.com\/wp-content\/uploads\/2025\/03\/telescopic-hydraulic-cylinder-10.webp 924w, https:\/\/fmp-components.com\/wp-content\/uploads\/2025\/03\/telescopic-hydraulic-cylinder-10-480x480.webp 480w\" sizes=\"(min-width: 0px) and (max-width: 480px) 480px, (min-width: 481px) 924px, 100vw\" \/><\/p>\n<h3>Tekniset tiedot<\/h3>\n<table style=\"width: 98.7419%;\" border=\"\">\n<tbody>\n<tr>\n<td style=\"width: 42.9379%;\"><i>Rei\u00e4n koko<\/i><\/td>\n<td style=\"width: 467.639%;\">2\u20136 tuumaa<\/td>\n<\/tr>\n<tr>\n<td style=\"width: 42.9379%;\"><i>Tangon koko<\/i><\/td>\n<td style=\"width: 467.639%;\">1,125\u20134 tuumaa<\/td>\n<\/tr>\n<tr>\n<td style=\"width: 42.9379%;\"><i>Iskun koko<\/i><\/td>\n<td style=\"width: 467.639%;\">4\u2013100 tuumaa<\/td>\n<\/tr>\n<tr>\n<td style=\"width: 42.9379%;\"><i>Tapin koko<\/i><\/td>\n<td style=\"width: 467.639%;\">0,5\u20132 tuumaa<\/td>\n<\/tr>\n<tr>\n<td style=\"width: 42.9379%;\"><i>Portit<\/i><\/td>\n<td style=\"width: 467.639%;\">G\/SAE\/NPT\/M<\/td>\n<\/tr>\n<\/tbody>\n<\/table>\n<h3>Ainutlaatuiset ominaisuudet ja edut<\/h3>\n<ul>\n<li>Energiatehokas: Hydraulisylinterimme on suunniteltu optimoimaan energiank\u00e4ytt\u00f6\u00e4, parantamaan tuottavuutta ja minimoimaan kustannuksia.<\/li>\n<li>Eritt\u00e4in tehokas: Sylinterimme maksimaalisella ty\u00f6nt\u00f6voimalla 3000 varmistaa korkean suorituskyvyn erilaisissa teollisissa sovelluksissa.<\/li>\n<li>Turvallisuus: Turvallisuus etusijalla suunniteltu hydraulisylinterimme auttaa ehk\u00e4isem\u00e4\u00e4n ty\u00f6tapaturmia.<\/li>\n<\/ul>\n<h3>Hydraulij\u00e4rjestelm\u00e4 ja toimintaperiaate<\/h3>\n<p>Hydraulisylinterit ovat ratkaisevan t\u00e4rkeit\u00e4 monilla teollisuudenaloilla, sill\u00e4 ne muuntavat hydraulinesteen energian mekaaniseksi ty\u00f6ksi. Ne tarjoavat voiman, joka k\u00e4ytt\u00e4\u00e4 monenlaisia \u200b\u200bkoneita.<\/p>\n<h3>Hydraulisylinterimme sovellukset<\/h3>\n<p>Hydraulisylinterimme monipuolisuus tekee siit\u00e4 k\u00e4ytt\u00f6kelpoisen useilla eri teollisuudenaloilla, kuten konepajoissa, maatiloilla, energia- ja kaivosteollisuudessa sek\u00e4 konepajatehtaissa.<\/p>\n<p><img loading=\"lazy\" decoding=\"async\" class=\"alignnone  wp-image-6662\" src=\"https:\/\/fmp-components.com\/wp-content\/uploads\/2025\/03\/telescopic-hydraulic-cylinder-4.webp\" alt=\"teleskooppinen hydraulisylinteri\" width=\"920\" height=\"920\" title=\"\" srcset=\"https:\/\/fmp-components.com\/wp-content\/uploads\/2025\/03\/telescopic-hydraulic-cylinder-4.webp 920w, https:\/\/fmp-components.com\/wp-content\/uploads\/2025\/03\/telescopic-hydraulic-cylinder-4-480x480.webp 480w\" sizes=\"(min-width: 0px) and (max-width: 480px) 480px, (min-width: 481px) 920px, 100vw\" \/><\/p>\n<h3>Hydraulisylinterit ja voimayksik\u00f6t<\/h3>\n<p>Hydraulisylinterit ja voimayksik\u00f6t ovat erottamattomia osia hydraulij\u00e4rjestelmiss\u00e4. Niiden yhdistetty toiminta varmistaa hydrauliteknologian laajan soveltamisen teollisuudessa ja tarjoaa luotettavaa teho- ja ohjaustukea erilaisille teknisille ja mekaanisille laitteille. Toteutuskomponentteina hydraulisylinterit vastaavat hydraulienergian muuntamisesta mekaaniseksi liikkeeksi ja paineen muuntamisesta voimaksi. Voimayksikk\u00f6 on ydin, joka tuottaa hydraulij\u00e4rjestelm\u00e4n tarvitsemat energia- ja ohjaussignaalit. Niiden koordinoitu yhteisty\u00f6 mahdollistaa hydraulij\u00e4rjestelm\u00e4n normaalin toiminnan. Me FMP:ll\u00e4 tarjoamme my\u00f6s voimayksik\u00f6it\u00e4 myyntiin.<\/p>\n<h2>Usein kysytyt kysymykset<\/h2>\n<ol>\n<li><b>K: Oletko kauppayhti\u00f6 vai valmistaja?<\/b><br \/>\nA: Olemme tehdas.<\/li>\n<li><b>K: Kuinka pitk\u00e4 on toimitusaikanne?<\/b><br \/>\nV: Yleens\u00e4 se on 25\u201335 p\u00e4iv\u00e4\u00e4.<\/li>\n<li><b>K: Voitteko tuottaa n\u00e4ytteiden mukaan?<\/b><br \/>\nV: Kyll\u00e4, voimme valmistaa n\u00e4ytteidenne tai teknisten piirustustenne perusteella. Voimme rakentaa muotit ja kalusteet.<\/li>\n<\/ol>\n<h3>Tietoja FMP:st\u00e4<\/h3>\n<p class=\"break-words\">FMP on johtava italialainen valmistaja, joka on erikoistunut korkealaatuisten hydraulisylintereiden suunnitteluun, kehitt\u00e4miseen ja tuotantoon. Rikkaalla, vuosikymmenten kokemukseen perustuvalla perinn\u00f6ll\u00e4mme yhdist\u00e4mme ylpe\u00e4n\u00e4 italialaisen k\u00e4sity\u00f6taidon huipputeknologiaan toimittaaksemme poikkeuksellisia hydraulisia ratkaisuja, jotka on r\u00e4\u00e4t\u00e4l\u00f6ity vastaamaan maailmanlaajuisen asiakaskuntamme monipuolisiin tarpeisiin. Italiassa, insin\u00f6\u00f6ritaidon huippuosaamisen keskuksessa, sijaitseva FMP on luotettava nimi hydrauliikkateollisuudessa ja sitoutunut tarjoamaan luotettavia, kest\u00e4vi\u00e4 ja innovatiivisia tuotteita, jotka voimaannuttavat yrityksi\u00e4 maailmanlaajuisesti.<\/p>\n<p class=\"break-words\">Yrityksemme yhdist\u00e4\u00e4 parhaat edistykselliset valmistusperinteet tulevaisuuteen suuntautuneeseen l\u00e4hestymistapaan. Vuosien kokemuksella hydrauliikkaj\u00e4rjestelmist\u00e4 FMP on kehittynyt nykyaikaiseksi yritykseksi, joka erottuu edukseen tutkimuksessa, suunnittelussa ja tuotannossa. Olemme erikoistuneet laajaan valikoimaan hydraulisylintereit\u00e4, mukaan lukien kaksitoimiset sylinterit, autojen nostosylinterit, maatalouskoneiden sylinterit ja r\u00e4\u00e4t\u00e4l\u00f6idyt ratkaisut erilaisiin teollisiin sovelluksiin. Olipa kyseess\u00e4 sitten rakentaminen, teollisuusasennukset, maatalous tai raskaskoneet, hydraulisylinterimme on rakennettu toimimaan vaativimmissakin olosuhteissa varmistaen turvallisuuden, tehokkuuden ja pitk\u00e4n k\u00e4ytt\u00f6i\u00e4n.<\/p>\n<p><img loading=\"lazy\" decoding=\"async\" class=\"alignnone size-full wp-image-6720\" src=\"https:\/\/fmp-components.com\/wp-content\/uploads\/2025\/03\/hydraulic-cylinder-8.webp\" alt=\"Teleskooppiset hydraulisylinterit\" width=\"933\" height=\"526\" title=\"\" srcset=\"https:\/\/fmp-components.com\/wp-content\/uploads\/2025\/03\/hydraulic-cylinder-8.webp 933w, https:\/\/fmp-components.com\/wp-content\/uploads\/2025\/03\/hydraulic-cylinder-8-480x271.webp 480w\" sizes=\"(min-width: 0px) and (max-width: 480px) 480px, (min-width: 481px) 933px, 100vw\" \/><\/p>\n<p class=\"break-words\">FMP:ll\u00e4 olemme ylpeit\u00e4 huippumoderneista tuotantolaitoksistamme, jotka on varustettu tarkkuuskoneilla ja edistyneill\u00e4 testausj\u00e4rjestelmill\u00e4. Valmistusprosessimme noudattavat tiukkoja kansallisia ja kansainv\u00e4lisi\u00e4 standardeja, mik\u00e4 varmistaa, ett\u00e4 jokainen tehtaaltamme l\u00e4htev\u00e4 hydraulisylinteri on eritt\u00e4in laadukas ja luotettava. Taitava tekninen tiimimme ja huippuluokan laitteet mahdollistavat tiukan laadunvalvonnan tuotannon jokaisessa vaiheessa \u2013 raaka-aineiden valinnasta lopputarkastukseen. T\u00e4m\u00e4 omistautuminen erinomaisuuteen on ansainnut meille sertifikaatteja ja tunnustusta alan viranomaisilta, mik\u00e4 on vahvistanut mainettamme luotettavana kumppanina.<\/p>\n<p class=\"break-words\">Missiomme on yksinkertainen mutta kunnianhimoinen: tarjota asiakkaillemme hydraulisylintereit\u00e4, jotka ylitt\u00e4v\u00e4t odotukset suorituskyvyss\u00e4, kest\u00e4vyydess\u00e4 ja arvossa. Toimimme ammattitaidon, rehellisyyden ja asiakasl\u00e4ht\u00f6isyyden ohjaamilla periaatteilla. Edist\u00e4m\u00e4ll\u00e4 innovaatio- ja tarkkuuskulttuuria ja jalostamme jatkuvasti tuotteitamme pysy\u00e4ksemme kilpailuedulla. Kattava tuotevalikoimamme ja kykymme tarjota r\u00e4\u00e4t\u00e4l\u00f6ityj\u00e4 ratkaisuja tekev\u00e4t meist\u00e4 ensisijaisen valinnan yrityksille, jotka etsiv\u00e4t tehokkaita hydraulisylintereit\u00e4.<\/p>\n<p class=\"break-words\">FMP on enemm\u00e4n kuin vain valmistaja \u2013 olemme kumppani menestyksess\u00e4si. Ymm\u00e4rr\u00e4mme, ett\u00e4 asiakkaamme luottavat meihin ty\u00f6kalujen toimittamisessa, jotka parantavat heid\u00e4n tuottavuuttaan ja turvallisuuttaan. Siksi olemme sitoutuneet tarjoamaan paitsi huippuluokan tuotteita my\u00f6s poikkeuksellista palvelua. Alustavasta konsultoinnista myynnin j\u00e4lkeiseen tukeen teemme tiivist\u00e4 yhteisty\u00f6t\u00e4 asiakkaidemme kanssa varmistaaksemme, ett\u00e4 heid\u00e4n tarpeensa t\u00e4ytet\u00e4\u00e4n ammattitaitoisesti ja huolellisesti. Kilpailukykyiset hintamme yhdistettyn\u00e4 horjumattomaan sitoutumiseemme laatuun tekev\u00e4t FMP:st\u00e4 \u00e4lykk\u00e4\u00e4n valinnan yrityksille, jotka haluavat investoida luotettaviin hydrauliikkaratkaisuihin.<\/p>","protected":false},"excerpt":{"rendered":"<p>Edullinen kaksitoiminen pienten kippiautojen teleskooppinen hydraulisylinteri Edullinen kaksitoiminen pienten kippiautojen teleskooppinen hydraulisylinterimme on uusi, vakiomallinen, monivaiheinen hydraulisylinteri, joka on valmistettu kest\u00e4v\u00e4st\u00e4 ter\u00e4ksest\u00e4. Sen suurin ty\u00f6nt\u00f6voima on 3000 tonnia ja suurin vetovoima 20 tonnia, joten se on suunniteltu tehoa, luotettavuutta ja kest\u00e4vyytt\u00e4 ajatellen. T\u00e4m\u00e4 hydraulisylinteri [\u2026]<\/p>","protected":false},"featured_media":6687,"comment_status":"closed","ping_status":"closed","template":"","meta":{"_et_pb_use_builder":"","_et_pb_old_content":"","_et_gb_content_width":""},"product_brand":[],"product_cat":[103],"product_tag":[34,105],"class_list":{"0":"post-6508","1":"product","2":"type-product","3":"status-publish","4":"has-post-thumbnail","6":"product_cat-telescopic-hydraulic-cylinders","7":"product_tag-hydraulic-cylinder","8":"product_tag-telescopic-hydraulic-cylinders","10":"first","11":"instock","12":"product-type-simple"},"_links":{"self":[{"href":"https:\/\/fmp-components.com\/fi\/wp-json\/wp\/v2\/product\/6508","targetHints":{"allow":["GET"]}}],"collection":[{"href":"https:\/\/fmp-components.com\/fi\/wp-json\/wp\/v2\/product"}],"about":[{"href":"https:\/\/fmp-components.com\/fi\/wp-json\/wp\/v2\/types\/product"}],"replies":[{"embeddable":true,"href":"https:\/\/fmp-components.com\/fi\/wp-json\/wp\/v2\/comments?post=6508"}],"wp:featuredmedia":[{"embeddable":true,"href":"https:\/\/fmp-components.com\/fi\/wp-json\/wp\/v2\/media\/6687"}],"wp:attachment":[{"href":"https:\/\/fmp-components.com\/fi\/wp-json\/wp\/v2\/media?parent=6508"}],"wp:term":[{"taxonomy":"product_brand","embeddable":true,"href":"https:\/\/fmp-components.com\/fi\/wp-json\/wp\/v2\/product_brand?post=6508"},{"taxonomy":"product_cat","embeddable":true,"href":"https:\/\/fmp-components.com\/fi\/wp-json\/wp\/v2\/product_cat?post=6508"},{"taxonomy":"product_tag","embeddable":true,"href":"https:\/\/fmp-components.com\/fi\/wp-json\/wp\/v2\/product_tag?post=6508"}],"curies":[{"name":"wp","href":"https:\/\/api.w.org\/{rel}","templated":true}]}}