{"id":6507,"date":"2025-03-11T06:26:57","date_gmt":"2025-03-11T06:26:57","guid":{"rendered":"https:\/\/fmp-components.com\/product\/high-quality-small-hydraulic-cylinder-telescopic-hydraulic-cylinder-for-dump-truck"},"modified":"2025-03-17T08:57:58","modified_gmt":"2025-03-17T08:57:58","slug":"high-quality-small-hydraulic-cylinder-telescopic-hydraulic-cylinder-for-dump-truck","status":"publish","type":"product","link":"https:\/\/fmp-components.com\/fi\/product\/high-quality-small-hydraulic-cylinder-telescopic-hydraulic-cylinder-for-dump-truck\/","title":{"rendered":"Korkealaatuinen pieni hydraulisylinteri teleskooppinen hydraulisylinteri kippiautoon"},"content":{"rendered":"<h2>Korkealaatuinen pieni hydraulisylinteri teleskooppinen hydraulisylinteri kippiautoon<\/h2>\n<p>Korkealaatuinen pieni hydraulisylinterimme on FMP:n, hydraulikoneiden johtavan valmistajan, vakio- ja v\u00e4ltt\u00e4m\u00e4t\u00f6n tuote. FMP:n kotipaikka on Italiassa. T\u00e4m\u00e4 erityisesti dumppereihin suunniteltu teleskooppinen hydraulisylinteri on huomionarvoinen tuote huippulaadunsa ja luotettavan suorituskykyns\u00e4 ansiosta.<\/p>\n<h2>Toiminto ja merkitys<\/h2>\n<p>T\u00e4m\u00e4 teleskooppinen hydraulisylinteri on t\u00e4rke\u00e4 osa kippiautojen mekanismia. Se tarjoaa tarvittavan voiman kippiauton nostamiseen ja laskemiseen. Kest\u00e4v\u00e4st\u00e4 ter\u00e4ksest\u00e4 valmistettu sylinteri kest\u00e4\u00e4 raskaita kuormia ja on kulutusta kest\u00e4v\u00e4, mik\u00e4 varmistaa pitk\u00e4n k\u00e4ytt\u00f6i\u00e4n.<\/p>\n<h3>Tuotteen tekniset tiedot<\/h3>\n<table style=\"width: 103.251%; height: 167px;\" border=\"\">\n<tbody>\n<tr>\n<td colspan=\"\" rowspan=\"\"><i>Rei\u00e4n koko<\/i><\/td>\n<td colspan=\"\" rowspan=\"\">2\u20136 tuumaa<\/td>\n<\/tr>\n<tr>\n<td colspan=\"\" rowspan=\"\"><i>Tangon koko<\/i><\/td>\n<td colspan=\"\" rowspan=\"\">1,125\u20134 tuumaa<\/td>\n<\/tr>\n<tr>\n<td colspan=\"\" rowspan=\"\"><i>Iskun koko<\/i><\/td>\n<td colspan=\"\" rowspan=\"\">4\u2013100 tuumaa<\/td>\n<\/tr>\n<tr>\n<td colspan=\"\" rowspan=\"\"><i>Tapin koko<\/i><\/td>\n<td colspan=\"\" rowspan=\"\">0,5\u20132 tuumaa<\/td>\n<\/tr>\n<tr>\n<td colspan=\"\" rowspan=\"\"><i>Portit<\/i><\/td>\n<td colspan=\"\" rowspan=\"\">G\/SAE\/NPT\/M<\/td>\n<\/tr>\n<\/tbody>\n<\/table>\n<h3>Ainutlaatuiset ominaisuudet ja edut<\/h3>\n<ul>\n<li>Energiatehokas: Hydraulisylinterimme on suunniteltu kuluttamaan v\u00e4hemm\u00e4n virtaa ja samalla tarjoamaan maksimaalisen suorituskyvyn.<\/li>\n<li>Eritt\u00e4in tehokas: Ne pystyv\u00e4t k\u00e4sittelem\u00e4\u00e4n raskaita teht\u00e4vi\u00e4 helposti suuren ty\u00f6nt\u00f6- ja vetokyvyn ansiosta.<\/li>\n<li>Turvallinen ja luotettava: Korkealaatuisten materiaalien ja edistyneiden valmistustekniikoiden k\u00e4ytt\u00f6 takaa tuotteidemme turvallisuuden ja luotettavuuden.<\/li>\n<\/ul>\n<p><img loading=\"lazy\" decoding=\"async\" class=\"alignnone wp-image-6664\" src=\"https:\/\/fmp-components.com\/wp-content\/uploads\/2025\/03\/telescopic-hydraulic-cylinder-8.webp\" alt=\"teleskooppinen hydraulisylinteri\" width=\"941\" height=\"941\" title=\"\" srcset=\"https:\/\/fmp-components.com\/wp-content\/uploads\/2025\/03\/telescopic-hydraulic-cylinder-8.webp 941w, https:\/\/fmp-components.com\/wp-content\/uploads\/2025\/03\/telescopic-hydraulic-cylinder-8-480x480.webp 480w\" sizes=\"(min-width: 0px) and (max-width: 480px) 480px, (min-width: 481px) 941px, 100vw\" \/><\/p>\n<h2>Hydraulij\u00e4rjestelm\u00e4t ja toimintaperiaatteet<\/h2>\n<p>Hydraulisylinterimme toimivat perusperiaatteella, jossa paineistettua hydraulinestett\u00e4 k\u00e4ytet\u00e4\u00e4n lineaarisen voiman ja liikkeen tuottamiseen. T\u00e4m\u00e4 mekanismi on ratkaisevan t\u00e4rke\u00e4 sovelluksissa, jotka vaativat voimakkaita ja tarkkoja ty\u00f6nt\u00f6- tai vetovoimia. Kun hydraulineste paineistetaan ja johdetaan sylinteriin, se luo voimakkaan voiman, joka voi siirt\u00e4\u00e4 raskaita kuormia tai suorittaa monimutkaisia \u200b\u200bteht\u00e4vi\u00e4 huomattavalla tarkkuudella. T\u00e4m\u00e4 kyky muuntaa hydraulinen energia mekaaniseksi liikkeeksi tekee hydraulisylintereist\u00e4mme korvaamattomia monenlaisissa teollisuusymp\u00e4rist\u00f6iss\u00e4, joissa tehokkuus ja tarkkuus ovat ensiarvoisen t\u00e4rkeit\u00e4.<\/p>\n<h2>Sovellukset<\/h2>\n<p>N\u00e4it\u00e4 hydraulisylintereit\u00e4 k\u00e4ytet\u00e4\u00e4n laajasti eri teollisuudenaloilla, mik\u00e4 osoittaa niiden monipuolisuuden ja luotettavuuden. Konekorjaamoissa ne helpottavat raskaiden laitteiden nostamista ja sijoittamista, jolloin teknikot voivat suorittaa korjauksia turvallisesti ja tehokkaasti. Maatiloilla hydraulisylinterit parantavat maatalouskoneiden, kuten traktoreiden ja puimureiden, toimivuutta, mik\u00e4 mahdollistaa materiaalien ja sadon tehokkaan k\u00e4sittelyn. Energia- ja kaivosalat hy\u00f6tyv\u00e4t n\u00e4iden sylinterien kest\u00e4v\u00e4st\u00e4 rakenteesta, sill\u00e4 ne kest\u00e4v\u00e4t raskaisiin toimintoihin, kuten materiaalien nostamiseen ja kuljettamiseen, liittyv\u00e4t vaativat ymp\u00e4rist\u00f6t. Koneenrakennuksessa ja konetehtaissa hydraulisylintereill\u00e4mme on ratkaiseva rooli kokoonpanolinjoilla ja tuotantoprosesseissa, sill\u00e4 ne tarjoavat tarvittavan voiman erilaisiin teht\u00e4viin komponenttien siirt\u00e4misest\u00e4 puristimien k\u00e4ytt\u00f6\u00f6n.<\/p>\n<h2>Hydraulisylinterit ja voimayksik\u00f6t<\/h2>\n<p>Hydraulisylinterit ja voimayksik\u00f6t ovat olennaisia \u200b\u200bosia miss\u00e4 tahansa hydraulij\u00e4rjestelm\u00e4ss\u00e4. Niiden integrointi on elint\u00e4rke\u00e4\u00e4 hydraulitekniikan tehokkaalle soveltamiselle teollisuudessa, varmistaen, ett\u00e4 erilaiset tekniset ja mekaaniset laitteet saavat luotettavaa tehoa ja ohjausta. Hydraulisylinteri toimii toimilaitteena, joka muuntaa voimayksik\u00f6n tuottaman hydraulisen energian mekaaniseksi liikkeeksi. Voimayksikk\u00f6 puolestaan \u200b\u200btoimii energial\u00e4hteen\u00e4, joka tuottaa ja s\u00e4\u00e4telee toiminnan edellytt\u00e4m\u00e4\u00e4 hydraulinesteen painetta.<\/p>\n<p>FMP:ll\u00e4 ymm\u00e4rr\u00e4mme n\u00e4iden komponenttien t\u00e4rkeyden tehokkaiden hydraulij\u00e4rjestelmien luomisessa, mink\u00e4 vuoksi tarjoamme my\u00f6s laajan valikoiman voimayksik\u00f6it\u00e4. Tarjoamalla sek\u00e4 hydraulisylintereit\u00e4 ett\u00e4 voimayksik\u00f6it\u00e4 asetamme itsemme kokonaisvaltaiseksi ratkaisuksi kaikkiin hydraulisiin tarpeisiin. Sitoutumisemme laatuun ja suorituskykyyn varmistaa, ett\u00e4 saat tuotteita, jotka on suunniteltu parantamaan tuottavuutta ja luotettavuutta toimialastasi riippumatta.<\/p>\n<p><img loading=\"lazy\" decoding=\"async\" class=\"alignnone wp-image-6663\" src=\"https:\/\/fmp-components.com\/wp-content\/uploads\/2025\/03\/telescopic-hydraulic-cylinder-11.webp\" alt=\"teleskooppinen hydraulisylinteri\" width=\"906\" height=\"906\" title=\"\" srcset=\"https:\/\/fmp-components.com\/wp-content\/uploads\/2025\/03\/telescopic-hydraulic-cylinder-11.webp 906w, https:\/\/fmp-components.com\/wp-content\/uploads\/2025\/03\/telescopic-hydraulic-cylinder-11-480x480.webp 480w\" sizes=\"(min-width: 0px) and (max-width: 480px) 480px, (min-width: 481px) 906px, 100vw\" \/><\/p>\n<h2>Usein kysytyt kysymykset<\/h2>\n<p><b>K: Kuinka pitk\u00e4 on toimitusaikanne?<\/b><br \/>\nV: Yleens\u00e4 se on 25\u201335 p\u00e4iv\u00e4\u00e4.<\/p>\n<p><b>K: Toimitatteko n\u00e4ytteit\u00e4? Onko se ilmaista vai lis\u00e4maksullista?<\/b><br \/>\nV: Kyll\u00e4, voisimme tarjota n\u00e4ytteen, mutta se ei ole ilmainen.<\/p>\n<p><b>K: Voitteko tuottaa n\u00e4ytteiden mukaan?<\/b><br \/>\nV: Kyll\u00e4, voimme valmistaa n\u00e4ytteidenne tai teknisten piirustustenne perusteella. Voimme rakentaa muotit ja kalusteet.<\/p>\n<h3>Tietoja FMP:st\u00e4<\/h3>\n<p>FMP on johtava italialainen valmistaja, joka tunnetaan asiantuntemuksestaan \u200b\u200bkorkealaatuisten hydraulisylintereiden suunnittelussa, kehitt\u00e4misess\u00e4 ja tuotannossa. Vuosikymmenten varrella kertyneen rikkaan perinn\u00f6n ansiosta yhdist\u00e4mme perinteisen italialaisen k\u00e4sity\u00f6taidon huipputeknologiaan luodaksemme poikkeuksellisia hydraulisia ratkaisuja, jotka vastaavat globaalien asiakkaidemme monimuotoisiin tarpeisiin. Italiassa, insin\u00f6\u00f6ritaidon huippuosaamisen keskuksessa, sijaitseva FMP on vakiinnuttanut asemansa luotettavana nimen\u00e4 hydrauliikkateollisuudessa ja on omistautunut toimittamaan luotettavia, kest\u00e4vi\u00e4 ja innovatiivisia tuotteita, jotka voimaannuttavat yrityksi\u00e4 maailmanlaajuisesti.<\/p>\n<p>Yrityksemme yhdist\u00e4\u00e4 edistykselliset valmistusperinteet edistykselliseen ajattelutapaan. Hy\u00f6dynt\u00e4m\u00e4ll\u00e4 laajaa kokemustamme hydraulij\u00e4rjestelmist\u00e4, FMP on kehittynyt nykyaikaiseksi yritykseksi, joka on erinomainen tutkimuksessa, suunnittelussa ja tuotannossa. Tarjoamme kattavan valikoiman hydraulisylintereit\u00e4, mukaan lukien kaksitoimiset sylinterit, autojen nostosylinterit, maatalouskoneiden sylinterit ja r\u00e4\u00e4t\u00e4l\u00f6idyt ratkaisut erilaisiin teollisiin sovelluksiin. Olipa kyseess\u00e4 rakentaminen, teollisuusasennukset, maatalous tai raskaskoneet, hydraulisylinterimme on suunniteltu toimimaan vaativimmissakin olosuhteissa varmistaen turvallisuuden, tehokkuuden ja pitk\u00e4n k\u00e4ytt\u00f6i\u00e4n.<\/p>\n<p>FMP:ll\u00e4 olemme ylpeit\u00e4 huippuluokan tuotantolaitoksistamme, jotka on varustettu tarkkuuskoneilla ja edistyneill\u00e4 testausj\u00e4rjestelmill\u00e4. Valmistusprosessimme t\u00e4ytt\u00e4v\u00e4t tiukat kansalliset ja kansainv\u00e4liset standardit, mik\u00e4 varmistaa, ett\u00e4 jokainen valmistettu hydraulisylinteri t\u00e4ytt\u00e4\u00e4 korkeimmat laatu- ja luotettavuusvaatimukset. Taitava tekninen tiimimme yhdistettyn\u00e4 edistyneisiin laitteisiin mahdollistaa tiukan laadunvalvonnan jokaisessa tuotantovaiheessa \u2013 raaka-aineiden valinnasta lopputarkastukseen. T\u00e4m\u00e4 sitoutuminen erinomaisuuteen on ansainnut meille sertifikaatteja ja tunnustusta alan viranomaisilta, mik\u00e4 vahvistaa mainettamme luotettavana kumppanina.<\/p>\n<p><img loading=\"lazy\" decoding=\"async\" class=\"alignnone size-full wp-image-6720\" src=\"https:\/\/fmp-components.com\/wp-content\/uploads\/2025\/03\/hydraulic-cylinder-8.webp\" alt=\"Teleskooppiset hydraulisylinterit\" width=\"933\" height=\"526\" title=\"\" srcset=\"https:\/\/fmp-components.com\/wp-content\/uploads\/2025\/03\/hydraulic-cylinder-8.webp 933w, https:\/\/fmp-components.com\/wp-content\/uploads\/2025\/03\/hydraulic-cylinder-8-480x271.webp 480w\" sizes=\"(min-width: 0px) and (max-width: 480px) 480px, (min-width: 481px) 933px, 100vw\" \/><\/p>\n<p>Missiomme on yksinkertainen mutta kunnianhimoinen: tarjota asiakkaillemme hydraulisylintereit\u00e4, jotka ylitt\u00e4v\u00e4t odotukset suorituskyvyss\u00e4, kest\u00e4vyydess\u00e4 ja arvossa. Toimimme ammattitaidon, rehellisyyden ja asiakasl\u00e4ht\u00f6isyyden pohjalta. Edist\u00e4m\u00e4ll\u00e4 innovaatio- ja tarkkuuskulttuuria parannamme jatkuvasti tuotteitamme s\u00e4ilytt\u00e4\u00e4ksemme kilpailuedun markkinoilla. Laaja tuotevalikoimamme ja kykymme tarjota r\u00e4\u00e4t\u00e4l\u00f6ityj\u00e4 ratkaisuja tekev\u00e4t meist\u00e4 ensisijaisen valinnan yrityksille, jotka etsiv\u00e4t tehokkaita hydraulisylintereit\u00e4.<\/p>\n<p>FMP on enemm\u00e4n kuin vain valmistaja; olemme kumppani menestyksess\u00e4si. Ymm\u00e4rr\u00e4mme, ett\u00e4 asiakkaamme luottavat meihin ty\u00f6kalujen toimittamisessa, jotka parantavat heid\u00e4n tuottavuuttaan ja turvallisuuttaan. Siksi olemme sitoutuneet tarjoamaan paitsi huippulaatuisia tuotteita my\u00f6s poikkeuksellista palvelua. Alustavasta konsultaatiosta aina myynnin j\u00e4lkeiseen tukeen asti teemme tiivist\u00e4 yhteisty\u00f6t\u00e4 asiakkaidemme kanssa varmistaaksemme, ett\u00e4 heid\u00e4n tarpeensa t\u00e4ytet\u00e4\u00e4n ammattitaitoisesti ja huolellisesti. Kilpailukykyiset hintamme yhdistettyn\u00e4 horjumattomaan sitoutumiseemme laatuun tekev\u00e4t FMP:st\u00e4 \u00e4lykk\u00e4\u00e4n valinnan yrityksille, jotka haluavat investoida luotettaviin hydrauliikkaratkaisuihin.<\/p>","protected":false},"excerpt":{"rendered":"<p>High Quality Small Hydraulic Cylinder Telescopic Hydraulic Cylinder For Dump Truck Our High-Quality Small hydraulic cylinder is a standard and essential product from FMP, a leading manufacturer in the hydraulic machinery industry. FMP is based in Italy. This Telescopic Hydraulic Cylinder, specially designed for dump trucks, is a noteworthy product for its top-notch quality and [&hellip;]<\/p>","protected":false},"featured_media":6689,"comment_status":"closed","ping_status":"closed","template":"","meta":{"_et_pb_use_builder":"","_et_pb_old_content":"","_et_gb_content_width":""},"product_brand":[],"product_cat":[103],"product_tag":[34,105],"class_list":{"0":"post-6507","1":"product","2":"type-product","3":"status-publish","4":"has-post-thumbnail","6":"product_cat-telescopic-hydraulic-cylinders","7":"product_tag-hydraulic-cylinder","8":"product_tag-telescopic-hydraulic-cylinders","10":"first","11":"instock","12":"product-type-simple"},"_links":{"self":[{"href":"https:\/\/fmp-components.com\/fi\/wp-json\/wp\/v2\/product\/6507","targetHints":{"allow":["GET"]}}],"collection":[{"href":"https:\/\/fmp-components.com\/fi\/wp-json\/wp\/v2\/product"}],"about":[{"href":"https:\/\/fmp-components.com\/fi\/wp-json\/wp\/v2\/types\/product"}],"replies":[{"embeddable":true,"href":"https:\/\/fmp-components.com\/fi\/wp-json\/wp\/v2\/comments?post=6507"}],"wp:featuredmedia":[{"embeddable":true,"href":"https:\/\/fmp-components.com\/fi\/wp-json\/wp\/v2\/media\/6689"}],"wp:attachment":[{"href":"https:\/\/fmp-components.com\/fi\/wp-json\/wp\/v2\/media?parent=6507"}],"wp:term":[{"taxonomy":"product_brand","embeddable":true,"href":"https:\/\/fmp-components.com\/fi\/wp-json\/wp\/v2\/product_brand?post=6507"},{"taxonomy":"product_cat","embeddable":true,"href":"https:\/\/fmp-components.com\/fi\/wp-json\/wp\/v2\/product_cat?post=6507"},{"taxonomy":"product_tag","embeddable":true,"href":"https:\/\/fmp-components.com\/fi\/wp-json\/wp\/v2\/product_tag?post=6507"}],"curies":[{"name":"wp","href":"https:\/\/api.w.org\/{rel}","templated":true}]}}