{"id":6505,"date":"2025-03-11T06:25:30","date_gmt":"2025-03-11T06:25:30","guid":{"rendered":"https:\/\/fmp-components.com\/product\/new-arrival-double-acting-dump-truck-telescopic-hydraulic-cylinder-for-sale"},"modified":"2025-03-11T07:59:54","modified_gmt":"2025-03-11T07:59:54","slug":"new-arrival-double-acting-dump-truck-telescopic-hydraulic-cylinder-for-sale","status":"publish","type":"product","link":"https:\/\/fmp-components.com\/fi\/product\/new-arrival-double-acting-dump-truck-telescopic-hydraulic-cylinder-for-sale\/","title":{"rendered":"Uusi saapuminen kaksitoimisella kippiauton teleskooppisella hydraulisylinterill\u00e4 myyt\u00e4v\u00e4n\u00e4"},"content":{"rendered":"<h2>Uusi saapuminen kaksitoimisella kippiauton teleskooppisella hydraulisylinterill\u00e4 myyt\u00e4v\u00e4n\u00e4<\/h2>\n<p>Uusi kaksitoiminen kippiauton teleskooppinen hydraulisylinteri on tullut mullistamaan alan. Se on suunniteltu maksimaalista tehokkuutta ajatellen ja on t\u00e4ydellinen ratkaisu konekorjaamoille, maatiloille, energia- ja kaivosteollisuudelle, konevalmistukseen ja konetehtaisiin.<\/p>\n<h3>Tuotetiedot<\/h3>\n<table style=\"width: 100.129%;\" border=\"\">\n<tbody>\n<tr>\n<th style=\"width: 43.5028%;\">Rei\u00e4n koko<\/th>\n<td style=\"width: 485.876%;\">2\u20136 tuumaa<\/td>\n<\/tr>\n<tr>\n<th style=\"width: 43.5028%;\">Tangon koko<\/th>\n<td style=\"width: 485.876%;\">1,125\u20134 tuumaa<\/td>\n<\/tr>\n<tr>\n<th style=\"width: 43.5028%;\">Iskun koko<\/th>\n<td style=\"width: 485.876%;\">4\u2013100 tuumaa<\/td>\n<\/tr>\n<tr>\n<th style=\"width: 43.5028%;\">Tapin koko<\/th>\n<td style=\"width: 485.876%;\">0,5\u20132 tuumaa<\/td>\n<\/tr>\n<tr>\n<th style=\"width: 43.5028%;\">Portit<\/th>\n<td style=\"width: 485.876%;\">G\/SAE\/NPT\/M<\/td>\n<\/tr>\n<\/tbody>\n<\/table>\n<h3>Ainutlaatuiset ominaisuudet ja edut<\/h3>\n<p>T\u00e4m\u00e4 hydraulisylinteri on suunniteltu tarjoamaan poikkeuksellista energiatehokkuutta, korkeaa suorituskyky\u00e4 ja parannettua turvallisuutta. Sen innovatiivinen monivaiheinen rakenne mahdollistaa vaikuttavan 3000 yksik\u00f6n ty\u00f6nt\u00f6voiman ja 20 tonnin vetokyvyn. T\u00e4m\u00e4 ominaisuus tekee siit\u00e4 sopivan vaativiin sovelluksiin, jotka vaativat merkitt\u00e4v\u00e4\u00e4 voimaa. Korkealaatuisesta ter\u00e4ksest\u00e4 valmistettu sylinteri takaa kest\u00e4vyyden ja pitk\u00e4ik\u00e4isyyden varmistaen, ett\u00e4 se kest\u00e4\u00e4 raskaan k\u00e4yt\u00f6n rasitukset s\u00e4ilytt\u00e4en optimaalisen suorituskyvyn ajan kuluessa.<\/p>\n<h3>Hydraulij\u00e4rjestelmien ymm\u00e4rt\u00e4minen<\/h3>\n<p>Hydraulij\u00e4rjestelmill\u00e4 on t\u00e4rke\u00e4 rooli erilaisten koneiden ja laitteiden toiminnassa useilla eri teollisuudenaloilla. Ne on suunniteltu tuottamaan tarvittava teho raskaiden kuormien siirt\u00e4miseen, mik\u00e4 tekee niist\u00e4 v\u00e4ltt\u00e4m\u00e4tt\u00f6mi\u00e4 rakentamisessa, valmistuksessa ja logistiikassa. Kyky tuottaa merkitt\u00e4v\u00e4\u00e4 voimaa kompakteissa j\u00e4rjestelmiss\u00e4 mahdollistaa hydraulikoneiden tehokkaan toiminnan my\u00f6s haastavissa ymp\u00e4rist\u00f6iss\u00e4. N\u00e4iden j\u00e4rjestelmien virtausdynamiikka mahdollistaa tarkan ohjauksen ja sopeutumiskyvyn, jotka ovat v\u00e4ltt\u00e4m\u00e4tt\u00f6mi\u00e4 monimutkaisten teht\u00e4vien suorittamiseksi turvallisesti ja tehokkaasti.<\/p>\n<p><img loading=\"lazy\" decoding=\"async\" class=\"alignnone wp-image-6662\" src=\"https:\/\/fmp-components.com\/wp-content\/uploads\/2025\/03\/telescopic-hydraulic-cylinder-4.webp\" alt=\"teleskooppinen hydraulisylinteri\" width=\"914\" height=\"914\" title=\"\" srcset=\"https:\/\/fmp-components.com\/wp-content\/uploads\/2025\/03\/telescopic-hydraulic-cylinder-4.webp 914w, https:\/\/fmp-components.com\/wp-content\/uploads\/2025\/03\/telescopic-hydraulic-cylinder-4-480x480.webp 480w\" sizes=\"(min-width: 0px) and (max-width: 480px) 480px, (min-width: 481px) 914px, 100vw\" \/><\/p>\n<h3>Hydraulisylinterit ja voimayksik\u00f6t<\/h3>\n<p>Hydraulisylinterit ja voimayksik\u00f6t ovat hydraulisten j\u00e4rjestelmien peruskomponentteja, jotka toimivat yhdess\u00e4 luotettavan suorituskyvyn takaamiseksi. Hydraulisylinteri muuntaa hydraulisen energian mekaaniseksi voimaksi, kun taas voimayksikk\u00f6 tuottaa paineen alaisena hydraulinestett\u00e4. Yhdess\u00e4 ne mahdollistavat hydrauliteknologian laajan soveltamisen eri aloilla teollisuuskoneista autoj\u00e4rjestelmiin. T\u00e4m\u00e4 synergia varmistaa, ett\u00e4 insin\u00f6\u00f6reill\u00e4 ja operaattoreilla on tarvittava teho ja ohjaustuki monenlaisten teht\u00e4vien suorittamiseen, mik\u00e4 parantaa tuottavuutta ja toiminnan tehokkuutta kone- ja laiteteollisuudessa. N\u00e4iden komponenttien integrointi ei ainoastaan \u200b\u200bparanna toiminnallisuutta, vaan my\u00f6s edist\u00e4\u00e4 hydraulisten toimintojen yleist\u00e4 turvallisuutta ja luotettavuutta.<\/p>\n<h3>Tietoja FMP:st\u00e4<\/h3>\n<p class=\"break-words\">FMP on johtava italialainen valmistaja, joka on erikoistunut korkealaatuisten hydraulisylintereiden suunnitteluun, kehitt\u00e4miseen ja tuotantoon. Rikkaalla, vuosikymmenten kokemukseen perustuvalla perinn\u00f6ll\u00e4mme yhdist\u00e4mme ylpe\u00e4n\u00e4 italialaisen k\u00e4sity\u00f6taidon huipputeknologiaan toimittaaksemme poikkeuksellisia hydraulisia ratkaisuja, jotka on r\u00e4\u00e4t\u00e4l\u00f6ity vastaamaan maailmanlaajuisen asiakaskuntamme monipuolisiin tarpeisiin. Italiassa, insin\u00f6\u00f6ritaidon huippuosaamisen keskuksessa, sijaitseva FMP on luotettava nimi hydrauliikkateollisuudessa ja sitoutunut tarjoamaan luotettavia, kest\u00e4vi\u00e4 ja innovatiivisia tuotteita, jotka voimaannuttavat yrityksi\u00e4 maailmanlaajuisesti.<\/p>\n<p class=\"break-words\">Yrityksemme yhdist\u00e4\u00e4 parhaat edistykselliset valmistusperinteet tulevaisuuteen suuntautuneeseen l\u00e4hestymistapaan. Vuosien kokemuksella hydrauliikkaj\u00e4rjestelmist\u00e4 FMP on kehittynyt nykyaikaiseksi yritykseksi, joka erottuu edukseen tutkimuksessa, suunnittelussa ja tuotannossa. Olemme erikoistuneet laajaan valikoimaan hydraulisylintereit\u00e4, mukaan lukien kaksitoimiset sylinterit, autojen nostosylinterit, maatalouskoneiden sylinterit ja r\u00e4\u00e4t\u00e4l\u00f6idyt ratkaisut erilaisiin teollisiin sovelluksiin. Olipa kyseess\u00e4 sitten rakentaminen, teollisuusasennukset, maatalous tai raskaskoneet, hydraulisylinterimme on rakennettu toimimaan vaativimmissakin olosuhteissa varmistaen turvallisuuden, tehokkuuden ja pitk\u00e4n k\u00e4ytt\u00f6i\u00e4n.<\/p>\n<p><img loading=\"lazy\" decoding=\"async\" class=\"alignnone size-full wp-image-6720\" src=\"https:\/\/fmp-components.com\/wp-content\/uploads\/2025\/03\/hydraulic-cylinder-8.webp\" alt=\"Teleskooppiset hydraulisylinterit\" width=\"933\" height=\"526\" title=\"\" srcset=\"https:\/\/fmp-components.com\/wp-content\/uploads\/2025\/03\/hydraulic-cylinder-8.webp 933w, https:\/\/fmp-components.com\/wp-content\/uploads\/2025\/03\/hydraulic-cylinder-8-480x271.webp 480w\" sizes=\"(min-width: 0px) and (max-width: 480px) 480px, (min-width: 481px) 933px, 100vw\" \/><\/p>\n<p class=\"break-words\">FMP:ll\u00e4 olemme ylpeit\u00e4 huippumoderneista tuotantolaitoksistamme, jotka on varustettu tarkkuuskoneilla ja edistyneill\u00e4 testausj\u00e4rjestelmill\u00e4. Valmistusprosessimme noudattavat tiukkoja kansallisia ja kansainv\u00e4lisi\u00e4 standardeja, mik\u00e4 varmistaa, ett\u00e4 jokainen tehtaaltamme l\u00e4htev\u00e4 hydraulisylinteri on eritt\u00e4in laadukas ja luotettava. Taitava tekninen tiimimme ja huippuluokan laitteet mahdollistavat tiukan laadunvalvonnan tuotannon jokaisessa vaiheessa \u2013 raaka-aineiden valinnasta lopputarkastukseen. T\u00e4m\u00e4 omistautuminen erinomaisuuteen on ansainnut meille sertifikaatteja ja tunnustusta alan viranomaisilta, mik\u00e4 on vahvistanut mainettamme luotettavana kumppanina.<\/p>\n<p class=\"break-words\">Missiomme on yksinkertainen mutta kunnianhimoinen: tarjota asiakkaillemme hydraulisylintereit\u00e4, jotka ylitt\u00e4v\u00e4t odotukset suorituskyvyss\u00e4, kest\u00e4vyydess\u00e4 ja arvossa. Toimimme ammattitaidon, rehellisyyden ja asiakasl\u00e4ht\u00f6isyyden ohjaamilla periaatteilla. Edist\u00e4m\u00e4ll\u00e4 innovaatio- ja tarkkuuskulttuuria ja jalostamme jatkuvasti tuotteitamme pysy\u00e4ksemme kilpailuedulla. Kattava tuotevalikoimamme ja kykymme tarjota r\u00e4\u00e4t\u00e4l\u00f6ityj\u00e4 ratkaisuja tekev\u00e4t meist\u00e4 ensisijaisen valinnan yrityksille, jotka etsiv\u00e4t tehokkaita hydraulisylintereit\u00e4.<\/p>\n<p class=\"break-words\">FMP on enemm\u00e4n kuin vain valmistaja \u2013 olemme kumppani menestyksess\u00e4si. Ymm\u00e4rr\u00e4mme, ett\u00e4 asiakkaamme luottavat meihin ty\u00f6kalujen toimittamisessa, jotka parantavat heid\u00e4n tuottavuuttaan ja turvallisuuttaan. Siksi olemme sitoutuneet tarjoamaan paitsi huippuluokan tuotteita my\u00f6s poikkeuksellista palvelua. Alustavasta konsultoinnista myynnin j\u00e4lkeiseen tukeen teemme tiivist\u00e4 yhteisty\u00f6t\u00e4 asiakkaidemme kanssa varmistaaksemme, ett\u00e4 heid\u00e4n tarpeensa t\u00e4ytet\u00e4\u00e4n ammattitaitoisesti ja huolellisesti. Kilpailukykyiset hintamme yhdistettyn\u00e4 horjumattomaan sitoutumiseemme laatuun tekev\u00e4t FMP:st\u00e4 \u00e4lykk\u00e4\u00e4n valinnan yrityksille, jotka haluavat investoida luotettaviin hydrauliikkaratkaisuihin.<\/p>\n<p><img loading=\"lazy\" decoding=\"async\" class=\"alignnone wp-image-6663\" src=\"https:\/\/fmp-components.com\/wp-content\/uploads\/2025\/03\/telescopic-hydraulic-cylinder-11.webp\" alt=\"teleskooppinen hydraulisylinteri\" width=\"940\" height=\"940\" title=\"\" srcset=\"https:\/\/fmp-components.com\/wp-content\/uploads\/2025\/03\/telescopic-hydraulic-cylinder-11.webp 940w, https:\/\/fmp-components.com\/wp-content\/uploads\/2025\/03\/telescopic-hydraulic-cylinder-11-480x480.webp 480w\" sizes=\"(min-width: 0px) and (max-width: 480px) 480px, (min-width: 481px) 940px, 100vw\" \/><\/p>\n<h2>Usein kysytyt kysymykset<\/h2>\n<h3>K: Oletko kauppayhti\u00f6 vai valmistaja?<\/h3>\n<p>A: Olemme tehdas.<\/p>\n<h3>K: Kuinka pitk\u00e4 on toimitusaikanne?<\/h3>\n<p>V: Yleens\u00e4 se on 25\u201335 p\u00e4iv\u00e4\u00e4.<\/p>\n<h3>K: Toimitatteko n\u00e4ytteit\u00e4? Onko se ilmaista vai lis\u00e4maksullista?<\/h3>\n<p>V: Kyll\u00e4, voisimme tarjota n\u00e4ytteen, mutta se ei ole ilmainen.<\/p>","protected":false},"excerpt":{"rendered":"<p>New Arrival Double Acting Dump Truck Telescopic Hydraulic Cylinder For Sale The new arrival double acting dump truck telescopic hydraulic cylinder is here to revolutionize the industry. Engineered for maximum efficiency, it&#8217;s the perfect solution for machinery repair shops, farms, energy &amp; mining, machinery manufacturing, and machinery factories. Product Specification Bore Size 2-6 inch Rod [&hellip;]<\/p>","protected":false},"featured_media":6669,"comment_status":"closed","ping_status":"closed","template":"","meta":{"_et_pb_use_builder":"","_et_pb_old_content":"","_et_gb_content_width":""},"product_brand":[],"product_cat":[103],"product_tag":[34,105],"class_list":{"0":"post-6505","1":"product","2":"type-product","3":"status-publish","4":"has-post-thumbnail","6":"product_cat-telescopic-hydraulic-cylinders","7":"product_tag-hydraulic-cylinder","8":"product_tag-telescopic-hydraulic-cylinders","10":"first","11":"instock","12":"product-type-simple"},"_links":{"self":[{"href":"https:\/\/fmp-components.com\/fi\/wp-json\/wp\/v2\/product\/6505","targetHints":{"allow":["GET"]}}],"collection":[{"href":"https:\/\/fmp-components.com\/fi\/wp-json\/wp\/v2\/product"}],"about":[{"href":"https:\/\/fmp-components.com\/fi\/wp-json\/wp\/v2\/types\/product"}],"replies":[{"embeddable":true,"href":"https:\/\/fmp-components.com\/fi\/wp-json\/wp\/v2\/comments?post=6505"}],"wp:featuredmedia":[{"embeddable":true,"href":"https:\/\/fmp-components.com\/fi\/wp-json\/wp\/v2\/media\/6669"}],"wp:attachment":[{"href":"https:\/\/fmp-components.com\/fi\/wp-json\/wp\/v2\/media?parent=6505"}],"wp:term":[{"taxonomy":"product_brand","embeddable":true,"href":"https:\/\/fmp-components.com\/fi\/wp-json\/wp\/v2\/product_brand?post=6505"},{"taxonomy":"product_cat","embeddable":true,"href":"https:\/\/fmp-components.com\/fi\/wp-json\/wp\/v2\/product_cat?post=6505"},{"taxonomy":"product_tag","embeddable":true,"href":"https:\/\/fmp-components.com\/fi\/wp-json\/wp\/v2\/product_tag?post=6505"}],"curies":[{"name":"wp","href":"https:\/\/api.w.org\/{rel}","templated":true}]}}