{"id":6504,"date":"2025-03-11T06:25:30","date_gmt":"2025-03-11T06:25:30","guid":{"rendered":"https:\/\/fmp-components.com\/product\/manufacturer-supplier-double-acting-telescopic-hydraulic-cylinder-for-dump-truck"},"modified":"2025-03-18T02:00:27","modified_gmt":"2025-03-18T02:00:27","slug":"manufacturer-supplier-double-acting-telescopic-hydraulic-cylinder-for-dump-truck","status":"publish","type":"product","link":"https:\/\/fmp-components.com\/fi\/product\/manufacturer-supplier-double-acting-telescopic-hydraulic-cylinder-for-dump-truck\/","title":{"rendered":"Valmistaja Toimittaja Kaksitoiminen Teleskooppinen Hydraulinen Sylinteri Kippiautoon"},"content":{"rendered":"<h2>Valmistaja Toimittaja Kaksitoiminen Teleskooppinen Hydraulinen Sylinteri Kippiautoon<\/h2>\n<p>Esittelyss\u00e4 kaksitoiminen teleskooppinen hydraulisylinteri kippiautoille, huippuluokan tuote FMP:lt\u00e4, valmistajalta ja toimittajalta, joka on tunnettu korkealaatuisista hydraulisylintereist\u00e4\u00e4n. T\u00e4m\u00e4 tuote on suunniteltu maksimaalista tehokkuutta ja kest\u00e4vyytt\u00e4 ajatellen, ja se tarjoaa erinomaista vastinetta rahalle konekorjaamoille, maatiloille, energia- ja kaivosteollisuudelle, koneteollisuudelle ja konetehtaille.<\/p>\n<h3>Tuotteen ominaisuudet ja tekniset tiedot<\/h3>\n<p>Kaksitoiminen teleskooppinen hydraulisylinterimme on suunniteltu kest\u00e4v\u00e4ksi ja luotettavaksi, ja sen runkomateriaali on ter\u00e4st\u00e4. Sen suurin ty\u00f6nt\u00f6voima on 3000 ja suurin vetovoima 20 tonnia. Sylinterin reik\u00e4koko on 2\u20136 tuumaa, m\u00e4nn\u00e4nvarren koko 1,125\u20134 tuumaa ja iskunpituus 4\u2013100 tuumaa. Tapin koko on 0,5\u20132 tuumaa, ja se on saatavana tyylikk\u00e4\u00e4n mustana. Monivaiheisen toiminnallisuutensa ansiosta t\u00e4m\u00e4 hydraulisylinteri on ISO9001:2000-sertifioitu, mik\u00e4 varmistaa sen korkean laadun ja standardit.<\/p>\n<table style=\"width: 98.2317%;\" border=\"\">\n<tbody>\n<tr>\n<td style=\"width: 42.9379%;\"><i>Rei\u00e4n koko<\/i><\/td>\n<td style=\"width: 464.972%;\">2\u20136 tuumaa<\/td>\n<\/tr>\n<tr>\n<td style=\"width: 42.9379%;\"><i>Tangon koko<\/i><\/td>\n<td style=\"width: 464.972%;\">1,125\u20134 tuumaa<\/td>\n<\/tr>\n<tr>\n<td style=\"width: 42.9379%;\"><i>Iskun koko<\/i><\/td>\n<td style=\"width: 464.972%;\">4\u2013100 tuumaa<\/td>\n<\/tr>\n<tr>\n<td style=\"width: 42.9379%;\"><i>Tapin koko<\/i><\/td>\n<td style=\"width: 464.972%;\">0,5\u20132 tuumaa<\/td>\n<\/tr>\n<tr>\n<td style=\"width: 42.9379%;\"><i>Portit<\/i><\/td>\n<td style=\"width: 464.972%;\">G\/SAE\/NPT\/M<\/td>\n<\/tr>\n<\/tbody>\n<\/table>\n<h3>Ainutlaatuiset edut<\/h3>\n<p>Hydraulisylinterimme erottuu markkinoilla poikkeuksellisen energiatehokkuutensa, korkean suorituskykyns\u00e4 ja vankkojen turvaominaisuuksiensa ansiosta. Se on suunniteltu toimimaan tehokkaasti korkeassa paineessa, ja se varmistaa hydraulisen energian sujuvan ja vakaan siirron minimoiden suorituskyky\u00e4 heikent\u00e4v\u00e4t vaihtelut. Hydraulisylinterimme kest\u00e4v\u00e4 rakenne ei ainoastaan \u200b\u200btakaa pitk\u00e4aikaista k\u00e4ytt\u00f6\u00e4, vaan my\u00f6s v\u00e4hent\u00e4\u00e4 merkitt\u00e4v\u00e4sti yll\u00e4pitokustannuksia, mik\u00e4 tekee siit\u00e4 kustannustehokkaan ratkaisun yrityksille. T\u00e4m\u00e4 luotettavuuden ja tehokkuuden yhdistelm\u00e4 antaa k\u00e4ytt\u00e4jille mahdollisuuden maksimoida tuottavuus ja samalla minimoida seisokkiajat ja k\u00e4ytt\u00f6kustannukset.<\/p>\n<h3>Hydraulij\u00e4rjestelm\u00e4n ymm\u00e4rt\u00e4minen<\/h3>\n<p>Hydraulij\u00e4rjestelm\u00e4 toimii tehokkaana energiansiirtomenetelm\u00e4n\u00e4, jossa paineistettua nestett\u00e4 k\u00e4ytet\u00e4\u00e4n voiman ja liikkeen siirt\u00e4miseen. T\u00e4ss\u00e4 j\u00e4rjestelm\u00e4ss\u00e4 hydraulisylinteri toimii toimilaitteena, joka muuntaa hydraulisen energian mekaaniseksi liikkeeksi. T\u00e4m\u00e4 muuntaminen on v\u00e4ltt\u00e4m\u00e4t\u00f6nt\u00e4 monille eri sovelluksille useilla eri teollisuudenaloilla, koska se tarjoaa tarvittavan tehon ja ohjaustuen koneille ja laitteille. Hydrauliikan periaatteita hy\u00f6dynt\u00e4m\u00e4ll\u00e4 k\u00e4ytt\u00e4j\u00e4t voivat saavuttaa tarkkoja liikkeit\u00e4 ja raskaiden kuormien tehokkaan k\u00e4sittelyn, mik\u00e4 tekee hydraulij\u00e4rjestelmist\u00e4 ratkaisevan t\u00e4rkeit\u00e4 tarkkuutta ja lujuutta vaativissa teht\u00e4viss\u00e4.<\/p>\n<h3>Sovellukset<\/h3>\n<p>Kaksitoimista teleskooppista hydraulisylinteri\u00e4 k\u00e4ytet\u00e4\u00e4n laajasti kippiautoissa, joissa sill\u00e4 on ratkaiseva rooli raskaiden materiaalien tehokkaassa ja turvallisessa nostamisessa. Sen rakenne mahdollistaa merkitt\u00e4v\u00e4n pidennys- ja sis\u00e4\u00e4nvetomahdollisuuden, mik\u00e4 tekee siit\u00e4 ihanteellisen sovelluksiin, jotka vaativat suurta nostokapasiteettia. Kippiautojen lis\u00e4ksi t\u00e4t\u00e4 hydraulisylinteri\u00e4 voidaan k\u00e4ytt\u00e4\u00e4 useissa raskaissa koneissa eri toimialoilla, kuten rakentamisessa, maataloudessa ja logistiikassa. Sen monipuolisuus varmistaa, ett\u00e4 se pystyy vastaamaan erilaisten ymp\u00e4rist\u00f6jen vaatimuksiin ja tarjoaa luotettavaa suorituskyky\u00e4 miss\u00e4 tahansa sit\u00e4 k\u00e4ytet\u00e4\u00e4nkin.<\/p>\n<h3>Hydraulisylinterit ja voimayksik\u00f6t<\/h3>\n<p>Hydraulisylinterit ja voimayksik\u00f6t ovat hydraulisten j\u00e4rjestelmien olennaisia \u200b\u200bosia, jotka toimivat yhdess\u00e4 tehokkaan toiminnan mahdollistamiseksi. N\u00e4iden komponenttien v\u00e4linen synergia helpottaa hydraulisen teknologian laajaa soveltamista teollisissa ymp\u00e4rist\u00f6iss\u00e4 varmistaen luotettavan tehon ja ohjauksen erilaisille teknisille ja mekaanisille laitteille. Hydraulisylinteri toimii toimilaitteena, joka muuntaa hydraulisen energian mekaaniseksi liikkeeksi ja tuottaa voimaa paineesta. Voimayksikk\u00f6 puolestaan \u200b\u200btoimii j\u00e4rjestelm\u00e4n syd\u00e4men\u00e4, joka sy\u00f6tt\u00e4\u00e4 toiminnan edellytt\u00e4m\u00e4t energia- ja ohjaussignaalit. T\u00e4m\u00e4 koordinoitu vuorovaikutus on elint\u00e4rke\u00e4\u00e4 hydraulisten j\u00e4rjestelmien sujuvalle toiminnalle. FMP:ll\u00e4 tarjoamme my\u00f6s laajan valikoiman voimayksik\u00f6it\u00e4, jotka t\u00e4ydent\u00e4v\u00e4t hydraulisylintereit\u00e4mme tarjotakseen kattavia ratkaisuja hydraulisiin tarpeisiisi.<\/p>\n<p><img loading=\"lazy\" decoding=\"async\" class=\"alignnone wp-image-6659\" src=\"https:\/\/fmp-components.com\/wp-content\/uploads\/2025\/03\/telescopic-hydraulic-cylinder-12.webp\" alt=\"teleskooppinen hydraulisylinteri\" width=\"917\" height=\"917\" title=\"\" srcset=\"https:\/\/fmp-components.com\/wp-content\/uploads\/2025\/03\/telescopic-hydraulic-cylinder-12.webp 917w, https:\/\/fmp-components.com\/wp-content\/uploads\/2025\/03\/telescopic-hydraulic-cylinder-12-480x480.webp 480w\" sizes=\"(min-width: 0px) and (max-width: 480px) 480px, (min-width: 481px) 917px, 100vw\" \/><\/p>\n<h3>Tietoja FMP:st\u00e4<\/h3>\n<p class=\"break-words\">FMP on johtava italialainen valmistaja, joka on erikoistunut korkealaatuisten hydraulisylintereiden suunnitteluun, kehitt\u00e4miseen ja tuotantoon. Rikkaalla, vuosikymmenten kokemukseen perustuvalla perinn\u00f6ll\u00e4mme yhdist\u00e4mme ylpe\u00e4n\u00e4 italialaisen k\u00e4sity\u00f6taidon huipputeknologiaan toimittaaksemme poikkeuksellisia hydraulisia ratkaisuja, jotka on r\u00e4\u00e4t\u00e4l\u00f6ity vastaamaan maailmanlaajuisen asiakaskuntamme monipuolisiin tarpeisiin. Italiassa, insin\u00f6\u00f6ritaidon huippuosaamisen keskuksessa, sijaitseva FMP on luotettava nimi hydrauliikkateollisuudessa ja sitoutunut tarjoamaan luotettavia, kest\u00e4vi\u00e4 ja innovatiivisia tuotteita, jotka voimaannuttavat yrityksi\u00e4 maailmanlaajuisesti.<\/p>\n<p class=\"break-words\">Yrityksemme yhdist\u00e4\u00e4 parhaat edistykselliset valmistusperinteet tulevaisuuteen suuntautuneeseen l\u00e4hestymistapaan. Vuosien kokemuksella hydrauliikkaj\u00e4rjestelmist\u00e4 FMP on kehittynyt nykyaikaiseksi yritykseksi, joka erottuu edukseen tutkimuksessa, suunnittelussa ja tuotannossa. Olemme erikoistuneet laajaan valikoimaan hydraulisylintereit\u00e4, mukaan lukien kaksitoimiset sylinterit, autojen nostosylinterit, maatalouskoneiden sylinterit ja r\u00e4\u00e4t\u00e4l\u00f6idyt ratkaisut erilaisiin teollisiin sovelluksiin. Olipa kyseess\u00e4 sitten rakentaminen, teollisuusasennukset, maatalous tai raskaskoneet, hydraulisylinterimme on rakennettu toimimaan vaativimmissakin olosuhteissa varmistaen turvallisuuden, tehokkuuden ja pitk\u00e4n k\u00e4ytt\u00f6i\u00e4n.<\/p>\n<p><img loading=\"lazy\" decoding=\"async\" class=\"alignnone size-full wp-image-6720\" src=\"https:\/\/fmp-components.com\/wp-content\/uploads\/2025\/03\/hydraulic-cylinder-8.webp\" alt=\"Teleskooppiset hydraulisylinterit\" width=\"933\" height=\"526\" title=\"\" srcset=\"https:\/\/fmp-components.com\/wp-content\/uploads\/2025\/03\/hydraulic-cylinder-8.webp 933w, https:\/\/fmp-components.com\/wp-content\/uploads\/2025\/03\/hydraulic-cylinder-8-480x271.webp 480w\" sizes=\"(min-width: 0px) and (max-width: 480px) 480px, (min-width: 481px) 933px, 100vw\" \/><\/p>\n<p class=\"break-words\">FMP:ll\u00e4 olemme ylpeit\u00e4 huippumoderneista tuotantolaitoksistamme, jotka on varustettu tarkkuuskoneilla ja edistyneill\u00e4 testausj\u00e4rjestelmill\u00e4. Valmistusprosessimme noudattavat tiukkoja kansallisia ja kansainv\u00e4lisi\u00e4 standardeja, mik\u00e4 varmistaa, ett\u00e4 jokainen tehtaaltamme l\u00e4htev\u00e4 hydraulisylinteri on eritt\u00e4in laadukas ja luotettava. Taitava tekninen tiimimme ja huippuluokan laitteet mahdollistavat tiukan laadunvalvonnan tuotannon jokaisessa vaiheessa \u2013 raaka-aineiden valinnasta lopputarkastukseen. T\u00e4m\u00e4 omistautuminen erinomaisuuteen on ansainnut meille sertifikaatteja ja tunnustusta alan viranomaisilta, mik\u00e4 on vahvistanut mainettamme luotettavana kumppanina.<\/p>\n<p class=\"break-words\">Missiomme on yksinkertainen mutta kunnianhimoinen: tarjota asiakkaillemme hydraulisylintereit\u00e4, jotka ylitt\u00e4v\u00e4t odotukset suorituskyvyss\u00e4, kest\u00e4vyydess\u00e4 ja arvossa. Toimimme ammattitaidon, rehellisyyden ja asiakasl\u00e4ht\u00f6isyyden ohjaamilla periaatteilla. Edist\u00e4m\u00e4ll\u00e4 innovaatio- ja tarkkuuskulttuuria ja jalostamme jatkuvasti tuotteitamme pysy\u00e4ksemme kilpailuedulla. Kattava tuotevalikoimamme ja kykymme tarjota r\u00e4\u00e4t\u00e4l\u00f6ityj\u00e4 ratkaisuja tekev\u00e4t meist\u00e4 ensisijaisen valinnan yrityksille, jotka etsiv\u00e4t tehokkaita hydraulisylintereit\u00e4.<\/p>\n<p class=\"break-words\">FMP on enemm\u00e4n kuin vain valmistaja \u2013 olemme kumppani menestyksess\u00e4si. Ymm\u00e4rr\u00e4mme, ett\u00e4 asiakkaamme luottavat meihin ty\u00f6kalujen toimittamisessa, jotka parantavat heid\u00e4n tuottavuuttaan ja turvallisuuttaan. Siksi olemme sitoutuneet tarjoamaan paitsi huippuluokan tuotteita my\u00f6s poikkeuksellista palvelua. Alustavasta konsultoinnista myynnin j\u00e4lkeiseen tukeen teemme tiivist\u00e4 yhteisty\u00f6t\u00e4 asiakkaidemme kanssa varmistaaksemme, ett\u00e4 heid\u00e4n tarpeensa t\u00e4ytet\u00e4\u00e4n ammattitaitoisesti ja huolellisesti. Kilpailukykyiset hintamme yhdistettyn\u00e4 horjumattomaan sitoutumiseemme laatuun tekev\u00e4t FMP:st\u00e4 \u00e4lykk\u00e4\u00e4n valinnan yrityksille, jotka haluavat investoida luotettaviin hydrauliikkaratkaisuihin.<\/p>\n<h2>Usein kysytyt kysymykset<\/h2>\n<p><b>K: Kuinka pitk\u00e4 on toimitusaikanne?<\/b><br \/>\nV: Yleens\u00e4 se on 25\u201335 p\u00e4iv\u00e4\u00e4.<\/p>\n<p><b>K: Tarjoatteko n\u00e4ytteit\u00e4? Ovatko ne ilmaisia \u200b\u200bvai ylim\u00e4\u00e4r\u00e4isi\u00e4?<\/b><br \/>\nV: Kyll\u00e4, tarjoamme n\u00e4ytteit\u00e4, mutta ne eiv\u00e4t ole ilmaisia.<\/p>\n<p><b>K: Voitteko tuottaa n\u00e4ytteiden mukaan?<\/b><br \/>\nV: Kyll\u00e4, voimme valmistaa n\u00e4ytteidenne tai teknisten piirustustenne perusteella. Voimme rakentaa muotit ja kalusteet.<\/p>\n<p>Tutustu FMP:n kaksitoimiseen teleskooppiseen hydrauliseen sylinteriin kippiautoille ja koe vertaansa vailla oleva teho ja hallinta. Ota meihin yhteytt\u00e4 jo t\u00e4n\u00e4\u00e4n tehd\u00e4ksesi ostoksen ja vied\u00e4ksesi koneesi suorituskyvyn uudelle tasolle.<\/p>\n<p><img loading=\"lazy\" decoding=\"async\" class=\"alignnone size-full wp-image-6660\" src=\"https:\/\/fmp-components.com\/wp-content\/uploads\/2025\/03\/hydraulic-cylinder-workshop-4.webp\" alt=\"teleskooppinen hydraulisylinteri\" width=\"914\" height=\"733\" title=\"\" srcset=\"https:\/\/fmp-components.com\/wp-content\/uploads\/2025\/03\/hydraulic-cylinder-workshop-4.webp 914w, https:\/\/fmp-components.com\/wp-content\/uploads\/2025\/03\/hydraulic-cylinder-workshop-4-480x385.webp 480w\" sizes=\"(min-width: 0px) and (max-width: 480px) 480px, (min-width: 481px) 914px, 100vw\" \/><\/p>","protected":false},"excerpt":{"rendered":"<p>Manufacturer Supplier Double Acting Telescopic Hydraulic Cylinder For Dump Truck Introducing the Double Acting Telescopic Hydraulic Cylinder for Dump Trucks, a state-of-the-art product from FMP, a manufacturer and supplier renowned for its high-quality hydraulic cylinders. This product is designed for maximum efficiency and durability, providing excellent value for machinery repair shops, farms, energy &amp; mining [&hellip;]<\/p>","protected":false},"featured_media":6671,"comment_status":"closed","ping_status":"closed","template":"","meta":{"_et_pb_use_builder":"","_et_pb_old_content":"","_et_gb_content_width":""},"product_brand":[],"product_cat":[103],"product_tag":[34,105],"class_list":{"0":"post-6504","1":"product","2":"type-product","3":"status-publish","4":"has-post-thumbnail","6":"product_cat-telescopic-hydraulic-cylinders","7":"product_tag-hydraulic-cylinder","8":"product_tag-telescopic-hydraulic-cylinders","10":"first","11":"instock","12":"product-type-simple"},"_links":{"self":[{"href":"https:\/\/fmp-components.com\/fi\/wp-json\/wp\/v2\/product\/6504","targetHints":{"allow":["GET"]}}],"collection":[{"href":"https:\/\/fmp-components.com\/fi\/wp-json\/wp\/v2\/product"}],"about":[{"href":"https:\/\/fmp-components.com\/fi\/wp-json\/wp\/v2\/types\/product"}],"replies":[{"embeddable":true,"href":"https:\/\/fmp-components.com\/fi\/wp-json\/wp\/v2\/comments?post=6504"}],"wp:featuredmedia":[{"embeddable":true,"href":"https:\/\/fmp-components.com\/fi\/wp-json\/wp\/v2\/media\/6671"}],"wp:attachment":[{"href":"https:\/\/fmp-components.com\/fi\/wp-json\/wp\/v2\/media?parent=6504"}],"wp:term":[{"taxonomy":"product_brand","embeddable":true,"href":"https:\/\/fmp-components.com\/fi\/wp-json\/wp\/v2\/product_brand?post=6504"},{"taxonomy":"product_cat","embeddable":true,"href":"https:\/\/fmp-components.com\/fi\/wp-json\/wp\/v2\/product_cat?post=6504"},{"taxonomy":"product_tag","embeddable":true,"href":"https:\/\/fmp-components.com\/fi\/wp-json\/wp\/v2\/product_tag?post=6504"}],"curies":[{"name":"wp","href":"https:\/\/api.w.org\/{rel}","templated":true}]}}