{"id":6498,"date":"2025-03-11T06:25:30","date_gmt":"2025-03-11T06:25:30","guid":{"rendered":"https:\/\/fmp-components.com\/product\/high-quality-double-acting-dump-truck-telescopic-hydraulic-cylinder-for-sale"},"modified":"2025-03-11T08:45:51","modified_gmt":"2025-03-11T08:45:51","slug":"high-quality-double-acting-dump-truck-telescopic-hydraulic-cylinder-for-sale","status":"publish","type":"product","link":"https:\/\/fmp-components.com\/fi\/product\/high-quality-double-acting-dump-truck-telescopic-hydraulic-cylinder-for-sale\/","title":{"rendered":"Korkealaatuinen kaksitoiminen kippiauton teleskooppinen hydraulisylinteri myyt\u00e4v\u00e4n\u00e4"},"content":{"rendered":"<h2>Korkealaatuinen kaksitoiminen kippiauton teleskooppinen hydraulisylinteri myyt\u00e4v\u00e4n\u00e4<\/h2>\n<p>Korkealaatuinen kaksitoiminen kippiauton teleskooppinen hydraulisylinteri on v\u00e4ltt\u00e4m\u00e4t\u00f6n ty\u00f6kalu kaikissa teollisissa toiminnoissa. T\u00e4m\u00e4 tehokas laite on suunniteltu k\u00e4ytett\u00e4v\u00e4ksi useilla eri teollisuudenaloilla, kuten konepajoissa, maatiloilla, energia- ja kaivosteollisuudessa, konevalmistuksessa ja konetehtaissa.<\/p>\n<p>Hydraulisylinterimme ei ole ainoastaan \u200b\u200bkest\u00e4v\u00e4 ja lujatekoinen, vaan my\u00f6s tehokas ja luotettava. Sen k\u00e4ytt\u00f6 on kriittist\u00e4 monissa teollisissa toiminnoissa, sill\u00e4 se tarjoaa tarvittavan tehon ja ohjauksen optimaaliseen suorituskykyyn vaativissa ymp\u00e4rist\u00f6iss\u00e4.<\/p>\n<h2>Tuotetiedot<\/h2>\n<table style=\"width: 93.8844%;\" border=\"\">\n<tbody>\n<tr>\n<th style=\"width: 42.9379%;\">Rei\u00e4n koko<\/th>\n<th style=\"width: 455.367%;\">2\u20136 tuumaa<\/th>\n<\/tr>\n<tr>\n<th style=\"width: 42.9379%;\">Tangon koko<\/th>\n<th style=\"width: 455.367%;\">1,125\u20134 tuumaa<\/th>\n<\/tr>\n<tr>\n<th style=\"width: 42.9379%;\">Iskun koko<\/th>\n<th style=\"width: 455.367%;\">4\u2013100 tuumaa<\/th>\n<\/tr>\n<tr>\n<th style=\"width: 42.9379%;\">Tapin koko<\/th>\n<th style=\"width: 455.367%;\">0,5\u20132 tuumaa<\/th>\n<\/tr>\n<tr>\n<th style=\"width: 42.9379%;\">Portit<\/th>\n<th style=\"width: 455.367%;\">G\/SAE\/NPT\/M<\/th>\n<\/tr>\n<\/tbody>\n<\/table>\n<h2>T\u00e4rkeimm\u00e4t ominaisuudet<\/h2>\n<ul>\n<li>Energiatehokas<\/li>\n<li>Korkea suorituskyky<\/li>\n<li>Turvallinen ja luotettava<\/li>\n<li>Vakio- ja ep\u00e4standardirakenne<\/li>\n<li>Suuri maksimaalinen ty\u00f6nt\u00f6voima ja vetovoima<\/li>\n<\/ul>\n<h2>Hydraulij\u00e4rjestelm\u00e4 ja toimintaperiaate<\/h2>\n<p>Hydraulisylinteri on hydraulij\u00e4rjestelm\u00e4n peruskomponentti, joka hy\u00f6dynt\u00e4\u00e4 virtausdynamiikan periaatteita voiman ja liikkeen tuottamiseen. T\u00e4m\u00e4 sylinteri toimii muuntamalla hydraulisen paineen mekaaniseksi voimaksi, mik\u00e4 mahdollistaa teollisuuskoneiden ja -laitteiden tarkan ja tehokkaan liikkeen. Kun hydraulineste paineistetaan ja ohjataan sylinteriin, se luo voiman, joka liikuttaa m\u00e4nt\u00e4\u00e4 sis\u00e4ll\u00e4, mik\u00e4 helpottaa erilaisia \u200b\u200btoimintoja nostamisesta ja ty\u00f6nt\u00e4misest\u00e4 py\u00f6ritt\u00e4miseen ja puristamiseen. T\u00e4m\u00e4 mekanismi varmistaa, ett\u00e4 toiminta on sujuvaa ja reagoivaa, mik\u00e4 mahdollistaa korkean tuottavuuden ja luotettavuuden erilaisissa teollisissa sovelluksissa.<\/p>\n<p><img loading=\"lazy\" decoding=\"async\" class=\"alignnone  wp-image-6662\" src=\"https:\/\/fmp-components.com\/wp-content\/uploads\/2025\/03\/telescopic-hydraulic-cylinder-4.webp\" alt=\"teleskooppinen hydraulisylinteri\" width=\"915\" height=\"915\" title=\"\" srcset=\"https:\/\/fmp-components.com\/wp-content\/uploads\/2025\/03\/telescopic-hydraulic-cylinder-4.webp 915w, https:\/\/fmp-components.com\/wp-content\/uploads\/2025\/03\/telescopic-hydraulic-cylinder-4-480x480.webp 480w\" sizes=\"(min-width: 0px) and (max-width: 480px) 480px, (min-width: 481px) 915px, 100vw\" \/><\/p>\n<h2>Sovellukset<\/h2>\n<p>Teleskooppinen hydraulisylinterimme on suunniteltu vastaamaan monenlaisten sovellusten vaatimuksiin. Konekorjaamoissa se osoittautuu korvaamattomaksi raskaiden laitteiden ja komponenttien nostamiseen, mink\u00e4 ansiosta teknikot voivat suorittaa huolto- ja korjaust\u00f6it\u00e4 helposti. Maatalousymp\u00e4rist\u00f6iss\u00e4 t\u00e4m\u00e4 hydraulisylinteri parantaa traktoreiden ja muiden maatalouskoneiden toimivuutta, mik\u00e4 mahdollistaa materiaalien ja sadon tehokkaan k\u00e4sittelyn. My\u00f6s energia- ja kaivosala hy\u00f6tyv\u00e4t sen vankasta suorituskyvyst\u00e4, sill\u00e4 se kest\u00e4\u00e4 n\u00e4ill\u00e4 teollisuudenaloilla usein kohdatut ankarat olosuhteet, joten se sopii erinomaisesti raskaisiin teht\u00e4viin, kuten materiaalien nostamiseen ja kuljetukseen. Lis\u00e4ksi konepajateollisuudessa ja tehtaissa teleskooppinen hydraulisylinteri helpottaa erilaisia \u200b\u200btuotantoprosesseja ja tarjoaa tarvittavan voiman kokoonpanoon ja materiaalin siirt\u00e4miseen. Sen monipuolisuus ja lujuus tekev\u00e4t siit\u00e4 v\u00e4ltt\u00e4m\u00e4tt\u00f6m\u00e4n ty\u00f6kalun ammattilaisille useilla eri aloilla.<\/p>\n<h2>Hydraulisylinterit ja voimayksik\u00f6t<\/h2>\n<p>Hydraulisylinteri ja voimayksikk\u00f6 ovat erottamattomia osia miss\u00e4 tahansa hydraulij\u00e4rjestelm\u00e4ss\u00e4, ja ne toimivat yhdess\u00e4 optimaalisen suorituskyvyn ja tehokkuuden varmistamiseksi. Hydraulisylinteri toimii toimilaitteena, joka muuntaa hydraulisen energian mekaaniseksi liikkeeksi, kun taas voimayksikk\u00f6 toimii j\u00e4rjestelm\u00e4n moottorina, joka sy\u00f6tt\u00e4\u00e4 toiminnan edellytt\u00e4m\u00e4\u00e4 paineistettua nestett\u00e4. T\u00e4m\u00e4 koordinoitu toiminto on ratkaisevan t\u00e4rke\u00e4 hydrauliteknologian k\u00e4ytt\u00f6\u00f6notossa teollisuudessa, sill\u00e4 se tarjoaa luotettavaa teho- ja ohjaustukea erilaisille teknisille ja mekaanisille laitteille. N\u00e4iden komponenttien v\u00e4linen synergia mahdollistaa niiden vaativien teht\u00e4vien k\u00e4sittelyn tarkasti ja luotettavasti. Ever-powerilla tarjoamme my\u00f6s valikoiman voimayksik\u00f6it\u00e4 myynniss\u00e4, jotka t\u00e4ydent\u00e4v\u00e4t hydraulisylintereit\u00e4mme ja tarjoavat kattavia ratkaisuja hydraulij\u00e4rjestelm\u00e4tarpeisiisi. Sitoutumisemme laatuun ja innovaatioihin varmistaa, ett\u00e4 saat parhaat tuotteet toimintakykysi parantamiseksi.<\/p>\n<p><img loading=\"lazy\" decoding=\"async\" class=\"alignnone  wp-image-6663\" src=\"https:\/\/fmp-components.com\/wp-content\/uploads\/2025\/03\/telescopic-hydraulic-cylinder-11.webp\" alt=\"teleskooppinen hydraulisylinteri\" width=\"905\" height=\"905\" title=\"\" srcset=\"https:\/\/fmp-components.com\/wp-content\/uploads\/2025\/03\/telescopic-hydraulic-cylinder-11.webp 905w, https:\/\/fmp-components.com\/wp-content\/uploads\/2025\/03\/telescopic-hydraulic-cylinder-11-480x480.webp 480w\" sizes=\"(min-width: 0px) and (max-width: 480px) 480px, (min-width: 481px) 905px, 100vw\" \/><\/p>\n<h2>Usein kysytyt kysymykset<\/h2>\n<ol>\n<li><strong>Oletko kauppayhti\u00f6 vai valmistaja?<\/strong><br \/>\nOlemme tehdas.<\/li>\n<li><strong>Kuinka pitk\u00e4 on toimitusaikanne?<\/strong><br \/>\nToimitusaikamme on tyypillisesti 25-35 p\u00e4iv\u00e4\u00e4.<\/li>\n<li><strong>Voitko tuottaa n\u00e4ytteiden mukaan?<\/strong><br \/>\nKyll\u00e4, voimme valmistaa n\u00e4ytteidenne tai teknisten piirustustenne perusteella. Voimme my\u00f6s rakentaa muotit ja kiinnikkeet.<\/li>\n<\/ol>\n<h3>Tietoja FMP:st\u00e4<\/h3>\n<p class=\"break-words\">FMP on johtava italialainen valmistaja, joka on erikoistunut korkealaatuisten hydraulisylintereiden suunnitteluun, kehitt\u00e4miseen ja tuotantoon. Rikkaalla, vuosikymmenten kokemukseen perustuvalla perinn\u00f6ll\u00e4mme yhdist\u00e4mme ylpe\u00e4n\u00e4 italialaisen k\u00e4sity\u00f6taidon huipputeknologiaan toimittaaksemme poikkeuksellisia hydraulisia ratkaisuja, jotka on r\u00e4\u00e4t\u00e4l\u00f6ity vastaamaan maailmanlaajuisen asiakaskuntamme monipuolisiin tarpeisiin. Italiassa, insin\u00f6\u00f6ritaidon huippuosaamisen keskuksessa, sijaitseva FMP on luotettava nimi hydrauliikkateollisuudessa ja sitoutunut tarjoamaan luotettavia, kest\u00e4vi\u00e4 ja innovatiivisia tuotteita, jotka voimaannuttavat yrityksi\u00e4 maailmanlaajuisesti.<\/p>\n<p class=\"break-words\">Yrityksemme yhdist\u00e4\u00e4 parhaat edistykselliset valmistusperinteet tulevaisuuteen suuntautuneeseen l\u00e4hestymistapaan. Vuosien kokemuksella hydrauliikkaj\u00e4rjestelmist\u00e4 FMP on kehittynyt nykyaikaiseksi yritykseksi, joka erottuu edukseen tutkimuksessa, suunnittelussa ja tuotannossa. Olemme erikoistuneet laajaan valikoimaan hydraulisylintereit\u00e4, mukaan lukien kaksitoimiset sylinterit, autojen nostosylinterit, maatalouskoneiden sylinterit ja r\u00e4\u00e4t\u00e4l\u00f6idyt ratkaisut erilaisiin teollisiin sovelluksiin. Olipa kyseess\u00e4 sitten rakentaminen, teollisuusasennukset, maatalous tai raskaskoneet, hydraulisylinterimme on rakennettu toimimaan vaativimmissakin olosuhteissa varmistaen turvallisuuden, tehokkuuden ja pitk\u00e4n k\u00e4ytt\u00f6i\u00e4n.<\/p>\n<p><img loading=\"lazy\" decoding=\"async\" class=\"alignnone size-full wp-image-6720\" src=\"https:\/\/fmp-components.com\/wp-content\/uploads\/2025\/03\/hydraulic-cylinder-8.webp\" alt=\"Teleskooppiset hydraulisylinterit\" width=\"933\" height=\"526\" title=\"\" srcset=\"https:\/\/fmp-components.com\/wp-content\/uploads\/2025\/03\/hydraulic-cylinder-8.webp 933w, https:\/\/fmp-components.com\/wp-content\/uploads\/2025\/03\/hydraulic-cylinder-8-480x271.webp 480w\" sizes=\"(min-width: 0px) and (max-width: 480px) 480px, (min-width: 481px) 933px, 100vw\" \/><\/p>\n<p class=\"break-words\">FMP:ll\u00e4 olemme ylpeit\u00e4 huippumoderneista tuotantolaitoksistamme, jotka on varustettu tarkkuuskoneilla ja edistyneill\u00e4 testausj\u00e4rjestelmill\u00e4. Valmistusprosessimme noudattavat tiukkoja kansallisia ja kansainv\u00e4lisi\u00e4 standardeja, mik\u00e4 varmistaa, ett\u00e4 jokainen tehtaaltamme l\u00e4htev\u00e4 hydraulisylinteri on eritt\u00e4in laadukas ja luotettava. Taitava tekninen tiimimme ja huippuluokan laitteet mahdollistavat tiukan laadunvalvonnan tuotannon jokaisessa vaiheessa \u2013 raaka-aineiden valinnasta lopputarkastukseen. T\u00e4m\u00e4 omistautuminen erinomaisuuteen on ansainnut meille sertifikaatteja ja tunnustusta alan viranomaisilta, mik\u00e4 on vahvistanut mainettamme luotettavana kumppanina.<\/p>\n<p class=\"break-words\">Missiomme on yksinkertainen mutta kunnianhimoinen: tarjota asiakkaillemme hydraulisylintereit\u00e4, jotka ylitt\u00e4v\u00e4t odotukset suorituskyvyss\u00e4, kest\u00e4vyydess\u00e4 ja arvossa. Toimimme ammattitaidon, rehellisyyden ja asiakasl\u00e4ht\u00f6isyyden ohjaamilla periaatteilla. Edist\u00e4m\u00e4ll\u00e4 innovaatio- ja tarkkuuskulttuuria ja jalostamme jatkuvasti tuotteitamme pysy\u00e4ksemme kilpailuedulla. Kattava tuotevalikoimamme ja kykymme tarjota r\u00e4\u00e4t\u00e4l\u00f6ityj\u00e4 ratkaisuja tekev\u00e4t meist\u00e4 ensisijaisen valinnan yrityksille, jotka etsiv\u00e4t tehokkaita hydraulisylintereit\u00e4.<\/p>\n<p class=\"break-words\">FMP on enemm\u00e4n kuin vain valmistaja \u2013 olemme kumppani menestyksess\u00e4si. Ymm\u00e4rr\u00e4mme, ett\u00e4 asiakkaamme luottavat meihin ty\u00f6kalujen toimittamisessa, jotka parantavat heid\u00e4n tuottavuuttaan ja turvallisuuttaan. Siksi olemme sitoutuneet tarjoamaan paitsi huippuluokan tuotteita my\u00f6s poikkeuksellista palvelua. Alustavasta konsultoinnista myynnin j\u00e4lkeiseen tukeen teemme tiivist\u00e4 yhteisty\u00f6t\u00e4 asiakkaidemme kanssa varmistaaksemme, ett\u00e4 heid\u00e4n tarpeensa t\u00e4ytet\u00e4\u00e4n ammattitaitoisesti ja huolellisesti. Kilpailukykyiset hintamme yhdistettyn\u00e4 horjumattomaan sitoutumiseemme laatuun tekev\u00e4t FMP:st\u00e4 \u00e4lykk\u00e4\u00e4n valinnan yrityksille, jotka haluavat investoida luotettaviin hydrauliikkaratkaisuihin.<\/p>\n<p><img loading=\"lazy\" decoding=\"async\" class=\"alignnone  wp-image-6717\" src=\"https:\/\/fmp-components.com\/wp-content\/uploads\/2025\/03\/hydraulic-cylinder-211.webp\" alt=\"Hydraulisylinterit\" width=\"922\" height=\"924\" title=\"\" srcset=\"https:\/\/fmp-components.com\/wp-content\/uploads\/2025\/03\/hydraulic-cylinder-211.webp 922w, https:\/\/fmp-components.com\/wp-content\/uploads\/2025\/03\/hydraulic-cylinder-211-480x481.webp 480w\" sizes=\"(min-width: 0px) and (max-width: 480px) 480px, (min-width: 481px) 922px, 100vw\" \/><\/p>","protected":false},"excerpt":{"rendered":"<p>High Quality Double Acting Dump Truck Telescopic Hydraulic Cylinder for Sale The High Quality Double Acting Dump Truck Telescopic hydraulic cylinder is an essential tool for any industrial operation. This powerful piece of equipment is designed for use in various industries, including machinery repair shops, farms, energy &amp; mining, machinery manufacturing, and machinery factories. Our [&hellip;]<\/p>","protected":false},"featured_media":6679,"comment_status":"closed","ping_status":"closed","template":"","meta":{"_et_pb_use_builder":"","_et_pb_old_content":"","_et_gb_content_width":""},"product_brand":[],"product_cat":[103],"product_tag":[34,105],"class_list":{"0":"post-6498","1":"product","2":"type-product","3":"status-publish","4":"has-post-thumbnail","6":"product_cat-telescopic-hydraulic-cylinders","7":"product_tag-hydraulic-cylinder","8":"product_tag-telescopic-hydraulic-cylinders","10":"first","11":"instock","12":"product-type-simple"},"_links":{"self":[{"href":"https:\/\/fmp-components.com\/fi\/wp-json\/wp\/v2\/product\/6498","targetHints":{"allow":["GET"]}}],"collection":[{"href":"https:\/\/fmp-components.com\/fi\/wp-json\/wp\/v2\/product"}],"about":[{"href":"https:\/\/fmp-components.com\/fi\/wp-json\/wp\/v2\/types\/product"}],"replies":[{"embeddable":true,"href":"https:\/\/fmp-components.com\/fi\/wp-json\/wp\/v2\/comments?post=6498"}],"wp:featuredmedia":[{"embeddable":true,"href":"https:\/\/fmp-components.com\/fi\/wp-json\/wp\/v2\/media\/6679"}],"wp:attachment":[{"href":"https:\/\/fmp-components.com\/fi\/wp-json\/wp\/v2\/media?parent=6498"}],"wp:term":[{"taxonomy":"product_brand","embeddable":true,"href":"https:\/\/fmp-components.com\/fi\/wp-json\/wp\/v2\/product_brand?post=6498"},{"taxonomy":"product_cat","embeddable":true,"href":"https:\/\/fmp-components.com\/fi\/wp-json\/wp\/v2\/product_cat?post=6498"},{"taxonomy":"product_tag","embeddable":true,"href":"https:\/\/fmp-components.com\/fi\/wp-json\/wp\/v2\/product_tag?post=6498"}],"curies":[{"name":"wp","href":"https:\/\/api.w.org\/{rel}","templated":true}]}}