{"id":6491,"date":"2025-03-11T06:25:30","date_gmt":"2025-03-11T06:25:30","guid":{"rendered":"https:\/\/fmp-components.com\/product\/good-quality-2-stage-hydraulic-cylinder-telescopic-hydraulic-cylinder-for-sale"},"modified":"2025-03-14T03:20:18","modified_gmt":"2025-03-14T03:20:18","slug":"good-quality-2-stage-hydraulic-cylinder-telescopic-hydraulic-cylinder-for-sale","status":"publish","type":"product","link":"https:\/\/fmp-components.com\/fi\/product\/good-quality-2-stage-hydraulic-cylinder-telescopic-hydraulic-cylinder-for-sale\/","title":{"rendered":"Hyv\u00e4laatuinen 2-vaiheinen hydraulisylinteri Teleskooppinen hydraulisylinteri myyt\u00e4v\u00e4n\u00e4"},"content":{"rendered":"<h2>Hyv\u00e4laatuinen 2-vaiheinen hydraulisylinteri Teleskooppinen hydraulisylinteri myyt\u00e4v\u00e4n\u00e4<\/h2>\n<p>T\u00e4m\u00e4 korkealaatuinen kaksivaiheinen hydraulisylinteri on v\u00e4ltt\u00e4m\u00e4t\u00f6n hankinta kaikille teollisuudenaloille, jotka tarvitsevat raskaita koneita. T\u00e4m\u00e4 hydraulisylinteri on suunniteltu erinomaisiin ominaisuuksiin ja sopii erinomaisesti konepajoille, maatiloille, energia- ja kaivosteollisuuteen, konevalmistukseen ja konetehtaisiin.<\/p>\n<h3>Tuotteen ominaisuudet ja toiminnot<\/h3>\n<p>Hydraulisylinterill\u00e4 on vuoden takuu, ja se on upouusi vakiotuote. Se on ter\u00e4ksest\u00e4 valmistettu, hydraulisilla j\u00e4rjestelmill\u00e4 toimiva m\u00e4nt\u00e4sylinteri. T\u00e4m\u00e4n monivaiheisen hydraulisylinterin ty\u00f6nt\u00f6voima on enint\u00e4\u00e4n 3000 ja se voi vet\u00e4\u00e4 jopa 20 tonnia. Se on ISO9001:2000-sertifioitu, ja sen ydinkomponentteihin kuuluvat laakeri ja hydraulisylinteri.<\/p>\n<h3>Tekniset tiedot<\/h3>\n<p>Tuotteen tekniset parametrit ovat seuraavat:<\/p>\n<table style=\"width: 94.9966%;\" border=\"\">\n<tbody>\n<tr>\n<td style=\"width: 43.4286%;\"><b>Rei\u00e4n koko<\/b><\/td>\n<td style=\"width: 393.714%;\">2\u20136 tuumaa<\/td>\n<\/tr>\n<tr>\n<td style=\"width: 43.4286%;\"><b>Tangon koko<\/b><\/td>\n<td style=\"width: 393.714%;\">1,125\u20134 tuumaa<\/td>\n<\/tr>\n<tr>\n<td style=\"width: 43.4286%;\"><b>Iskun koko<\/b><\/td>\n<td style=\"width: 393.714%;\">4\u2013100 tuumaa<\/td>\n<\/tr>\n<tr>\n<td style=\"width: 43.4286%;\"><b>Tapin koko<\/b><\/td>\n<td style=\"width: 393.714%;\">0,5\u20132 tuumaa<\/td>\n<\/tr>\n<tr>\n<td style=\"width: 43.4286%;\"><b>Portit<\/b><\/td>\n<td style=\"width: 393.714%;\">G\/SAE\/NPT\/M<\/td>\n<\/tr>\n<\/tbody>\n<\/table>\n<h2>Tuotteen edut<\/h2>\n<ul>\n<li>Energians\u00e4\u00e4st\u00f6: T\u00e4m\u00e4 hydraulisylinteri on suunniteltu optimoimaan energiank\u00e4ytt\u00f6\u00e4 ja v\u00e4hent\u00e4m\u00e4\u00e4n k\u00e4ytt\u00f6kustannuksia.<\/li>\n<li>Tehokas: T\u00e4m\u00e4 hydraulisylinteri tarjoaa tehokkaan suorituskyvyn jopa 3000 hp ty\u00f6nt\u00f6voimalla ja jopa 20 tonnin vetokyvyll\u00e4.<\/li>\n<li>Turvallinen: T\u00e4m\u00e4 hydraulisylinteri on sertifioitu ISO9001:2000-standardin mukaisesti ja t\u00e4ytt\u00e4\u00e4 kansainv\u00e4liset turvallisuus- ja laatustandardit.<\/li>\n<\/ul>\n<h2>Hydrauliset j\u00e4rjestelm\u00e4t ja toimintaperiaate<\/h2>\n<p>Hydraulisylintereill\u00e4 on ratkaiseva rooli erilaisten koneiden toiminnassa. Ne toimivat muuntamalla hydraulisen energian mekaaniseksi energiaksi ja paineen voimaksi. Erityisesti t\u00e4m\u00e4 hydraulisylinteri on v\u00e4ltt\u00e4m\u00e4t\u00f6n koneiden tehokkaan ja tuloksellisen k\u00e4yt\u00f6n kannalta.<\/p>\n<p><img loading=\"lazy\" decoding=\"async\" class=\"alignnone size-full wp-image-6759\" src=\"https:\/\/fmp-components.com\/wp-content\/uploads\/2025\/03\/Telescopic-Hydraulic-Cylinders-116.webp\" alt=\"Teleskooppiset hydraulisylinterit\" width=\"640\" height=\"640\" title=\"\" srcset=\"https:\/\/fmp-components.com\/wp-content\/uploads\/2025\/03\/Telescopic-Hydraulic-Cylinders-116.webp 640w, https:\/\/fmp-components.com\/wp-content\/uploads\/2025\/03\/Telescopic-Hydraulic-Cylinders-116-480x480.webp 480w\" sizes=\"(min-width: 0px) and (max-width: 480px) 480px, (min-width: 481px) 640px, 100vw\" \/><\/p>\n<h2>Hydraulisylinterit ja voimayksik\u00f6t<\/h2>\n<p>Hydraulisylinterit ja voimayksik\u00f6t ovat hydraulij\u00e4rjestelm\u00e4n olennainen osa. Niiden yhdistetty toiminta varmistaa hydraulitekniikan laajan soveltamisen teollisuudessa ja tarjoaa luotettavaa teho- ja ohjaustukea erilaisille teknisille ja mekaanisille laitteille. Toteutuskomponenttina hydraulisylinteri vastaa hydraulisen energian muuntamisesta mekaaniseksi liikkeeksi ja paineen voimaksi. Voimayksikk\u00f6 puolestaan \u200b\u200bon ydin, joka tuottaa hydraulij\u00e4rjestelm\u00e4n tarvitsemat energia- ja ohjaussignaalit. N\u00e4iden kahden v\u00e4linen koordinointi mahdollistaa hydraulij\u00e4rjestelm\u00e4n normaalin toiminnan.<\/p>\n<h3>Usein kysytyt kysymykset<\/h3>\n<p><b>K: Oletko kauppayhti\u00f6 vai valmistaja?<\/b><br \/>\nV: Olemme valmistaja.<\/p>\n<p><b>K: Kuinka pitk\u00e4 on toimitusaikanne?<\/b><br \/>\nV: Yleens\u00e4 se on 25\u201335 p\u00e4iv\u00e4\u00e4.<\/p>\n<p><b>K: Toimitatteko n\u00e4ytteit\u00e4? Onko se ilmaista vai lis\u00e4maksullista?<\/b><br \/>\nV: Kyll\u00e4, voisimme tarjota n\u00e4ytteen, mutta se ei ole ilmainen.<\/p>\n<h3>Tietoja FMP:st\u00e4<\/h3>\n<p class=\"break-words\">FMP on johtava italialainen valmistaja, joka on erikoistunut korkealaatuisten hydraulisylintereiden suunnitteluun, kehitt\u00e4miseen ja tuotantoon. Rikkaalla, vuosikymmenten kokemukseen perustuvalla perinn\u00f6ll\u00e4mme yhdist\u00e4mme ylpe\u00e4n\u00e4 italialaisen k\u00e4sity\u00f6taidon huipputeknologiaan toimittaaksemme poikkeuksellisia hydraulisia ratkaisuja, jotka on r\u00e4\u00e4t\u00e4l\u00f6ity vastaamaan maailmanlaajuisen asiakaskuntamme monipuolisiin tarpeisiin. Italiassa, insin\u00f6\u00f6ritaidon huippuosaamisen keskuksessa, sijaitseva FMP on luotettava nimi hydrauliikkateollisuudessa ja sitoutunut tarjoamaan luotettavia, kest\u00e4vi\u00e4 ja innovatiivisia tuotteita, jotka voimaannuttavat yrityksi\u00e4 maailmanlaajuisesti.<\/p>\n<p class=\"break-words\">Yrityksemme yhdist\u00e4\u00e4 parhaat edistykselliset valmistusperinteet tulevaisuuteen suuntautuneeseen l\u00e4hestymistapaan. Vuosien kokemuksella hydrauliikkaj\u00e4rjestelmist\u00e4 FMP on kehittynyt nykyaikaiseksi yritykseksi, joka erottuu edukseen tutkimuksessa, suunnittelussa ja tuotannossa. Olemme erikoistuneet laajaan valikoimaan hydraulisylintereit\u00e4, mukaan lukien kaksitoimiset sylinterit, autojen nostosylinterit, maatalouskoneiden sylinterit ja r\u00e4\u00e4t\u00e4l\u00f6idyt ratkaisut erilaisiin teollisiin sovelluksiin. Olipa kyseess\u00e4 sitten rakentaminen, teollisuusasennukset, maatalous tai raskaskoneet, hydraulisylinterimme on rakennettu toimimaan vaativimmissakin olosuhteissa varmistaen turvallisuuden, tehokkuuden ja pitk\u00e4n k\u00e4ytt\u00f6i\u00e4n.<\/p>\n<p><img loading=\"lazy\" decoding=\"async\" class=\"alignnone size-full wp-image-6720\" src=\"https:\/\/fmp-components.com\/wp-content\/uploads\/2025\/03\/hydraulic-cylinder-8.webp\" alt=\"Teleskooppiset hydraulisylinterit\" width=\"933\" height=\"526\" title=\"\" srcset=\"https:\/\/fmp-components.com\/wp-content\/uploads\/2025\/03\/hydraulic-cylinder-8.webp 933w, https:\/\/fmp-components.com\/wp-content\/uploads\/2025\/03\/hydraulic-cylinder-8-480x271.webp 480w\" sizes=\"(min-width: 0px) and (max-width: 480px) 480px, (min-width: 481px) 933px, 100vw\" \/><\/p>\n<p class=\"break-words\">FMP:ll\u00e4 olemme ylpeit\u00e4 huippumoderneista tuotantolaitoksistamme, jotka on varustettu tarkkuuskoneilla ja edistyneill\u00e4 testausj\u00e4rjestelmill\u00e4. Valmistusprosessimme noudattavat tiukkoja kansallisia ja kansainv\u00e4lisi\u00e4 standardeja, mik\u00e4 varmistaa, ett\u00e4 jokainen tehtaaltamme l\u00e4htev\u00e4 hydraulisylinteri on eritt\u00e4in laadukas ja luotettava. Taitava tekninen tiimimme ja huippuluokan laitteet mahdollistavat tiukan laadunvalvonnan tuotannon jokaisessa vaiheessa \u2013 raaka-aineiden valinnasta lopputarkastukseen. T\u00e4m\u00e4 omistautuminen erinomaisuuteen on ansainnut meille sertifikaatteja ja tunnustusta alan viranomaisilta, mik\u00e4 on vahvistanut mainettamme luotettavana kumppanina.<\/p>\n<p class=\"break-words\">Missiomme on yksinkertainen mutta kunnianhimoinen: tarjota asiakkaillemme hydraulisylintereit\u00e4, jotka ylitt\u00e4v\u00e4t odotukset suorituskyvyss\u00e4, kest\u00e4vyydess\u00e4 ja arvossa. Toimimme ammattitaidon, rehellisyyden ja asiakasl\u00e4ht\u00f6isyyden ohjaamilla periaatteilla. Edist\u00e4m\u00e4ll\u00e4 innovaatio- ja tarkkuuskulttuuria ja jalostamme jatkuvasti tuotteitamme pysy\u00e4ksemme kilpailuedulla. Kattava tuotevalikoimamme ja kykymme tarjota r\u00e4\u00e4t\u00e4l\u00f6ityj\u00e4 ratkaisuja tekev\u00e4t meist\u00e4 ensisijaisen valinnan yrityksille, jotka etsiv\u00e4t tehokkaita hydraulisylintereit\u00e4.<\/p>\n<p class=\"break-words\">FMP on enemm\u00e4n kuin vain valmistaja \u2013 olemme kumppani menestyksess\u00e4si. Ymm\u00e4rr\u00e4mme, ett\u00e4 asiakkaamme luottavat meihin ty\u00f6kalujen toimittamisessa, jotka parantavat heid\u00e4n tuottavuuttaan ja turvallisuuttaan. Siksi olemme sitoutuneet tarjoamaan paitsi huippuluokan tuotteita my\u00f6s poikkeuksellista palvelua. Alustavasta konsultoinnista myynnin j\u00e4lkeiseen tukeen teemme tiivist\u00e4 yhteisty\u00f6t\u00e4 asiakkaidemme kanssa varmistaaksemme, ett\u00e4 heid\u00e4n tarpeensa t\u00e4ytet\u00e4\u00e4n ammattitaitoisesti ja huolellisesti. Kilpailukykyiset hintamme yhdistettyn\u00e4 horjumattomaan sitoutumiseemme laatuun tekev\u00e4t FMP:st\u00e4 \u00e4lykk\u00e4\u00e4n valinnan yrityksille, jotka haluavat investoida luotettaviin hydrauliikkaratkaisuihin.<\/p>","protected":false},"excerpt":{"rendered":"<p>Good Quality 2 Stage Hydraulic Cylinder Telescopic Hydraulic Cylinder For Sale This high-quality 2-stage hydraulic cylinder is a must-have for any industry that requires heavy-duty machinery. Ideal for machinery repair shops, farms, energy &amp; mining, machinery manufacturing, and machinery factories, this hydraulic cylinder is designed to excel. Product Features and Functions The hydraulic cylinder comes [&hellip;]<\/p>","protected":false},"featured_media":6780,"comment_status":"closed","ping_status":"closed","template":"","meta":{"_et_pb_use_builder":"","_et_pb_old_content":"","_et_gb_content_width":""},"product_brand":[],"product_cat":[103],"product_tag":[34,105],"class_list":{"0":"post-6491","1":"product","2":"type-product","3":"status-publish","4":"has-post-thumbnail","6":"product_cat-telescopic-hydraulic-cylinders","7":"product_tag-hydraulic-cylinder","8":"product_tag-telescopic-hydraulic-cylinders","10":"first","11":"instock","12":"product-type-simple"},"_links":{"self":[{"href":"https:\/\/fmp-components.com\/fi\/wp-json\/wp\/v2\/product\/6491","targetHints":{"allow":["GET"]}}],"collection":[{"href":"https:\/\/fmp-components.com\/fi\/wp-json\/wp\/v2\/product"}],"about":[{"href":"https:\/\/fmp-components.com\/fi\/wp-json\/wp\/v2\/types\/product"}],"replies":[{"embeddable":true,"href":"https:\/\/fmp-components.com\/fi\/wp-json\/wp\/v2\/comments?post=6491"}],"wp:featuredmedia":[{"embeddable":true,"href":"https:\/\/fmp-components.com\/fi\/wp-json\/wp\/v2\/media\/6780"}],"wp:attachment":[{"href":"https:\/\/fmp-components.com\/fi\/wp-json\/wp\/v2\/media?parent=6491"}],"wp:term":[{"taxonomy":"product_brand","embeddable":true,"href":"https:\/\/fmp-components.com\/fi\/wp-json\/wp\/v2\/product_brand?post=6491"},{"taxonomy":"product_cat","embeddable":true,"href":"https:\/\/fmp-components.com\/fi\/wp-json\/wp\/v2\/product_cat?post=6491"},{"taxonomy":"product_tag","embeddable":true,"href":"https:\/\/fmp-components.com\/fi\/wp-json\/wp\/v2\/product_tag?post=6491"}],"curies":[{"name":"wp","href":"https:\/\/api.w.org\/{rel}","templated":true}]}}