{"id":6488,"date":"2025-03-11T06:25:30","date_gmt":"2025-03-11T06:25:30","guid":{"rendered":"https:\/\/fmp-components.com\/product\/factory-provide-2-stage-small-hydraulic-cylinder-multistage-hydraulic-cylinder"},"modified":"2025-03-18T01:08:44","modified_gmt":"2025-03-18T01:08:44","slug":"factory-provide-2-stage-small-hydraulic-cylinder-multistage-hydraulic-cylinder","status":"publish","type":"product","link":"https:\/\/fmp-components.com\/fi\/product\/factory-provide-2-stage-small-hydraulic-cylinder-multistage-hydraulic-cylinder\/","title":{"rendered":"Tehdas toimittaa 2-vaiheisen pienen hydraulisylinterin monivaiheisen hydraulisylinterin"},"content":{"rendered":"<h2>Tehdas toimittaa 2-vaiheisen pienen hydraulisylinterin monivaiheisen hydraulisylinterin<\/h2>\n<p>Esittelyss\u00e4 2-vaiheinen pieni hydraulisylinterimme, monivaiheinen hydraulisylinteri, FMP:n uusi tuote vuodelle 2025. T\u00e4m\u00e4 innovatiivinen kone, joka on suunniteltu korkealaatuisesta ter\u00e4srunkomateriaalista, sopii useille eri teollisuudenaloille, kuten konepajoille, maatiloille, energia- ja kaivosteollisuudelle, konevalmistukseen ja konetehtaisiin. Sen korkea 3000 tonnin ty\u00f6nt\u00f6voima ja 20 tonnin vetovoima takaavat erinomaisen suorituskyvyn korkeapaineisissa ymp\u00e4rist\u00f6iss\u00e4.<\/p>\n<h3>T\u00e4rkeimm\u00e4t ominaisuudet ja tekniset tiedot<\/h3>\n<p>Kaksivaiheinen pieni hydraulisylinterimme ja monivaiheinen hydraulisylinterimme on standardikokoinen m\u00e4nt\u00e4sylinteri, jota k\u00e4ytt\u00e4\u00e4 hydraulinen energia. Sill\u00e4 on ISO9001:2000-sertifikaatti, joka varmistaa kansainv\u00e4listen laatustandardien noudattamisen. T\u00e4rkeimm\u00e4t tekniset tiedot ovat seuraavat:<\/p>\n<table style=\"width: 97.9314%; height: 179px;\" border=\"\">\n<tbody>\n<tr>\n<td colspan=\"\" rowspan=\"\"><i>Rei\u00e4n koko<\/i><\/td>\n<td colspan=\"\" rowspan=\"\">2\u20136 tuumaa<\/td>\n<\/tr>\n<tr>\n<td colspan=\"\" rowspan=\"\"><i>Tangon koko<\/i><\/td>\n<td colspan=\"\" rowspan=\"\">1,125\u20134 tuumaa<\/td>\n<\/tr>\n<tr>\n<td colspan=\"\" rowspan=\"\"><i>Iskun koko<\/i><\/td>\n<td colspan=\"\" rowspan=\"\">4\u2013100 tuumaa<\/td>\n<\/tr>\n<tr>\n<td colspan=\"\" rowspan=\"\"><i>Tapin koko<\/i><\/td>\n<td colspan=\"\" rowspan=\"\">0,5\u20132 tuumaa<\/td>\n<\/tr>\n<tr>\n<td colspan=\"\" rowspan=\"\"><i>Portit<\/i><\/td>\n<td colspan=\"\" rowspan=\"\">G\/SAE\/NPT\/M<\/td>\n<\/tr>\n<\/tbody>\n<\/table>\n<h3>Ainutlaatuiset edut<\/h3>\n<p>T\u00e4m\u00e4 monivaiheinen hydraulisylinteri erottuu edukseen poikkeuksellisten energians\u00e4\u00e4st\u00f6ominaisuuksiensa, korkean hy\u00f6tysuhteensa ja vankkojen turvaominaisuuksiensa ansiosta. Se on suunniteltu tarjoamaan luotettavaa ja sujuvaa toimintaa monenlaisissa sovelluksissa, ja siit\u00e4 tulee korvaamaton hy\u00f6dyke koneillesi. Sen rakenne mahdollistaa saumattoman integroinnin erilaisiin j\u00e4rjestelmiin, mik\u00e4 varmistaa paremman suorituskyvyn ja minimoi energiankulutuksen. T\u00e4m\u00e4 ei ainoastaan \u200b\u200bedist\u00e4 k\u00e4ytt\u00f6kustannusten s\u00e4\u00e4st\u00f6j\u00e4, vaan tukee my\u00f6s kest\u00e4v\u00e4n kehityksen aloitteita v\u00e4hent\u00e4m\u00e4ll\u00e4 ymp\u00e4rist\u00f6vaikutuksia. Vaativissa olosuhteissa toimiva hydraulisylinteri parantaa laitteidesi luotettavuutta ja tehokkuutta, mik\u00e4 tekee siit\u00e4 ratkaisevan t\u00e4rke\u00e4n osan toiminnassasi.<\/p>\n<h3>Hydrauliset j\u00e4rjestelm\u00e4t ja toimintaperiaate<\/h3>\n<p>Hydraulisylinterimme toimii hydraulisten j\u00e4rjestelmien perusperiaatteiden mukaisesti, joissa paineistettua nestett\u00e4 k\u00e4ytet\u00e4\u00e4n energian siirt\u00e4miseen ja tehon tuottamiseen. T\u00e4m\u00e4 prosessi sis\u00e4lt\u00e4\u00e4 hydraulinesteen liikkumisen sylinterin sis\u00e4ll\u00e4, mik\u00e4 luo paineen, joka puolestaan \u200b\u200bmuuttuu mekaaniseksi liikkeeksi. Hy\u00f6dynt\u00e4m\u00e4ll\u00e4 nestedynamiikan voimaa hydraulisylinterimme varmistaa tehokkaan tehon, mik\u00e4 tekee siit\u00e4 olennaisen komponentin koneiden toiminnassa eri toimialoilla, kuten rakentamisessa, valmistuksessa ja maataloudessa. J\u00e4rjestelm\u00e4n tehokkuus mahdollistaa tarkan ohjauksen ja mukautuvuuden, jolloin k\u00e4ytt\u00e4j\u00e4t voivat k\u00e4sitell\u00e4 raskaita kuormia turvallisesti ja tehokkaasti.<\/p>\n<p><img loading=\"lazy\" decoding=\"async\" class=\"alignnone wp-image-6662\" src=\"https:\/\/fmp-components.com\/wp-content\/uploads\/2025\/03\/telescopic-hydraulic-cylinder-4.webp\" alt=\"teleskooppinen hydraulisylinteri\" width=\"908\" height=\"908\" title=\"\" srcset=\"https:\/\/fmp-components.com\/wp-content\/uploads\/2025\/03\/telescopic-hydraulic-cylinder-4.webp 908w, https:\/\/fmp-components.com\/wp-content\/uploads\/2025\/03\/telescopic-hydraulic-cylinder-4-480x480.webp 480w\" sizes=\"(min-width: 0px) and (max-width: 480px) 480px, (min-width: 481px) 908px, 100vw\" \/><\/p>\n<h3>Hydraulisylinterit ja voimayksik\u00f6t<\/h3>\n<p>Hydraulisylinterit ja voimayksik\u00f6t ovat mink\u00e4 tahansa hydraulij\u00e4rjestelm\u00e4n kriittisi\u00e4 komponentteja, jotka toimivat yhdess\u00e4 optimaalisen suorituskyvyn varmistamiseksi. Hydraulisylinteri toimii toimilaitteena, joka vastaa hydraulisen energian muuntamisesta mekaaniseksi liikkeeksi ja muuntaa paineen tehokkaasti voimaksi. Voimayksikk\u00f6 puolestaan \u200b\u200btoimii hydraulij\u00e4rjestelm\u00e4n syd\u00e4men\u00e4, joka tarjoaa tarvittavan energian ja ohjaussignaalit, jotka ohjaavat koko toimintoa. T\u00e4m\u00e4 synergia hydraulisylinterin ja voimayksik\u00f6n v\u00e4lill\u00e4 mahdollistaa hydrauliteknologian laajan k\u00e4yt\u00f6n teollisuudessa, tarjoten luotettavaa teho- ja ohjaustukea erilaisille teknisille ja mekaanisille laitteille.<\/p>\n<p>N\u00e4iden kahden komponentin koordinointi on elint\u00e4rke\u00e4\u00e4 hydraulij\u00e4rjestelm\u00e4n saumattoman toiminnan kannalta, sill\u00e4 se varmistaa, ett\u00e4 raskaita nostoja ja tarkkoja liikkeit\u00e4 vaativat teht\u00e4v\u00e4t voidaan suorittaa tehokkaasti. FMP:ll\u00e4 emme ainoastaan \u200b\u200bvalmista korkealaatuisia hydraulisylintereit\u00e4, vaan tarjoamme my\u00f6s laajan valikoiman voimayksik\u00f6it\u00e4, jotka tarjoavat t\u00e4ydellisi\u00e4 ratkaisuja hydraulisiin tarpeisiisi. Sitoutumisemme laatuun ja suorituskykyyn varmistaa, ett\u00e4 voit luottaa meihin kaikissa hydraulij\u00e4rjestelm\u00e4vaatimuksissasi, mik\u00e4 antaa yrityksellesi mahdollisuuden saavuttaa operatiiviset tavoitteensa luottavaisin mielin.<\/p>\n<h2>Usein kysytyt kysymykset<\/h2>\n<p>K: Oletko kauppayhti\u00f6 vai valmistaja?<br \/>\nA: Olemme tehdas, tarkemmin sanottuna valmistaja.<br \/>\nK: Kuinka pitk\u00e4 on toimitusaikasi?<br \/>\nV: Yleinen toimitusaikamme on 25\u201335 p\u00e4iv\u00e4\u00e4.<br \/>\nK: Voitteko tuottaa n\u00e4ytteiden mukaan?<br \/>\nV: Kyll\u00e4, voimme valmistaa n\u00e4ytteidenne tai teknisten piirustustenne perusteella. Voimme rakentaa muotit ja kalusteet.<\/p>\n<p><img loading=\"lazy\" decoding=\"async\" class=\"alignnone wp-image-6663\" src=\"https:\/\/fmp-components.com\/wp-content\/uploads\/2025\/03\/telescopic-hydraulic-cylinder-11.webp\" alt=\"teleskooppinen hydraulisylinteri\" width=\"949\" height=\"949\" title=\"\" srcset=\"https:\/\/fmp-components.com\/wp-content\/uploads\/2025\/03\/telescopic-hydraulic-cylinder-11.webp 949w, https:\/\/fmp-components.com\/wp-content\/uploads\/2025\/03\/telescopic-hydraulic-cylinder-11-480x480.webp 480w\" sizes=\"(min-width: 0px) and (max-width: 480px) 480px, (min-width: 481px) 949px, 100vw\" \/><\/p>\n<h3>Tietoja FMP:st\u00e4<\/h3>\n<p>FMP on johtava italialainen valmistaja, joka tunnetaan asiantuntemuksestaan \u200b\u200bkorkealaatuisten hydraulisylintereiden suunnittelussa, kehitt\u00e4misess\u00e4 ja valmistuksessa. Vuosikymmenten varrella kertyneen rikkaan perinn\u00f6n ansiosta yhdist\u00e4mme saumattomasti italialaisen k\u00e4sity\u00f6taidon huipputeknologiaan toimittaaksemme erinomaisia \u200b\u200bhydraulisia ratkaisuja, jotka on r\u00e4\u00e4t\u00e4l\u00f6ity globaalien asiakkaidemme erilaisiin tarpeisiin. Italiassa, insin\u00f6\u00f6ritaidon huippuosaamisen keskuksessa, sijaitseva FMP on vakiinnuttanut asemansa luotettavana johtajana hydrauliikkateollisuudessa, ja se on omistautunut tarjoamaan luotettavia, kest\u00e4vi\u00e4 ja innovatiivisia tuotteita, jotka voimaannuttavat yrityksi\u00e4 ymp\u00e4ri maailmaa.<\/p>\n<p>Yhdist\u00e4mme edistykselliset valmistusperinteet edistykselliseen n\u00e4kemykseen. Vuosien kokemuksella hydrauliikkaj\u00e4rjestelmist\u00e4 FMP on kehittynyt nykyaikaiseksi yritykseksi, joka on erinomainen tutkimuksessa, suunnittelussa ja tuotannossa. Erikoistumisemme kattaa laajan valikoiman hydraulisylintereit\u00e4, mukaan lukien kaksitoimiset sylinterit, autojen nostosylinterit, maatalouskoneiden sylinterit ja r\u00e4\u00e4t\u00e4l\u00f6idyt ratkaisut erilaisiin teollisiin sovelluksiin. Olipa kyseess\u00e4 rakentaminen, teollisuusasennukset, maatalous tai raskaskoneet, hydraulisylinterimme on suunniteltu toimimaan vaativimmissakin olosuhteissa varmistaen turvallisuuden, tehokkuuden ja pitk\u00e4n k\u00e4ytt\u00f6i\u00e4n.<\/p>\n<p><img loading=\"lazy\" decoding=\"async\" class=\"alignnone size-full wp-image-6720\" src=\"https:\/\/fmp-components.com\/wp-content\/uploads\/2025\/03\/hydraulic-cylinder-8.webp\" alt=\"Teleskooppiset hydraulisylinterit\" width=\"933\" height=\"526\" title=\"\" srcset=\"https:\/\/fmp-components.com\/wp-content\/uploads\/2025\/03\/hydraulic-cylinder-8.webp 933w, https:\/\/fmp-components.com\/wp-content\/uploads\/2025\/03\/hydraulic-cylinder-8-480x271.webp 480w\" sizes=\"(min-width: 0px) and (max-width: 480px) 480px, (min-width: 481px) 933px, 100vw\" \/><\/p>\n<p>FMP:ll\u00e4 olemme ylpeit\u00e4 huippuluokan tuotantolaitoksistamme, jotka on varustettu tarkkuuskoneilla ja edistyneill\u00e4 testausj\u00e4rjestelmill\u00e4. Valmistusprosessimme t\u00e4ytt\u00e4v\u00e4t tiukat kansalliset ja kansainv\u00e4liset standardit, mik\u00e4 varmistaa, ett\u00e4 jokainen valmistettu hydraulisylinteri on korkealaatuista ja luotettavaa. Taitava tekninen tiimimme ja edistyneet laitteet mahdollistavat tiukan laadunvalvonnan jokaisessa tuotantovaiheessa \u2013 raaka-aineiden valinnasta lopputarkastukseen. T\u00e4m\u00e4 sitoutuminen erinomaisuuteen on ansainnut meille sertifikaatteja ja tunnustusta alan viranomaisilta, mik\u00e4 on vahvistanut mainettamme luotettavana kumppanina.<\/p>\n<p>Missiomme on yksinkertainen mutta kunnianhimoinen: tarjota hydraulisylintereit\u00e4, jotka ylitt\u00e4v\u00e4t odotukset suorituskyvyss\u00e4, kest\u00e4vyydess\u00e4 ja arvossa. Noudatamme ammattitaidon, rehellisyyden ja asiakasl\u00e4ht\u00f6isyyden periaatteita. Edist\u00e4m\u00e4ll\u00e4 innovaatio- ja tarkkuuskulttuuria jalostamme jatkuvasti tuotteitamme pysy\u00e4ksemme kilpailukykyisin\u00e4 markkinoilla. Laaja tuotevalikoimamme ja kykymme tarjota r\u00e4\u00e4t\u00e4l\u00f6ityj\u00e4 ratkaisuja tekev\u00e4t meist\u00e4 ensisijaisen valinnan yrityksille, jotka tarvitsevat tehokkaita hydraulisylintereit\u00e4.<\/p>\n<p>FMP on enemm\u00e4n kuin vain valmistaja; olemme kumppani menestyksess\u00e4si. Ymm\u00e4rr\u00e4mme, ett\u00e4 asiakkaamme luottavat meihin ty\u00f6kalujen suhteen, jotka parantavat tuottavuutta ja turvallisuutta. Siksi olemme sitoutuneet toimittamaan paitsi huippulaatuisia tuotteita my\u00f6s poikkeuksellista palvelua. Alustavista konsultaatioista aina myynnin j\u00e4lkeiseen tukeen teemme tiivist\u00e4 yhteisty\u00f6t\u00e4 asiakkaidemme kanssa varmistaaksemme, ett\u00e4 heid\u00e4n tarpeensa t\u00e4ytet\u00e4\u00e4n ammattitaitoisesti ja huolellisesti. Kilpailukykyiset hintamme yhdistettyn\u00e4 horjumattomaan sitoutumiseemme laatuun tekev\u00e4t FMP:st\u00e4 \u00e4lykk\u00e4\u00e4n valinnan yrityksille, jotka etsiv\u00e4t luotettavia hydrauliikkaratkaisuja.<\/p>","protected":false},"excerpt":{"rendered":"<p>Factory provide 2 Stage Small Hydraulic Cylinder Multistage Hydraulic Cylinder Introducing our 2 Stage Small Hydraulic Cylinder Multistage Hydraulic Cylinder, a new product for 2025 brought to you by FMP. This innovative piece of machinery, designed with the highest quality steel body material, is suitable for various industries including Machinery Repair Shops, Farms, Energy &amp; [&hellip;]<\/p>","protected":false},"featured_media":6672,"comment_status":"closed","ping_status":"closed","template":"","meta":{"_et_pb_use_builder":"","_et_pb_old_content":"","_et_gb_content_width":""},"product_brand":[],"product_cat":[103],"product_tag":[34,105],"class_list":{"0":"post-6488","1":"product","2":"type-product","3":"status-publish","4":"has-post-thumbnail","6":"product_cat-telescopic-hydraulic-cylinders","7":"product_tag-hydraulic-cylinder","8":"product_tag-telescopic-hydraulic-cylinders","10":"first","11":"instock","12":"product-type-simple"},"_links":{"self":[{"href":"https:\/\/fmp-components.com\/fi\/wp-json\/wp\/v2\/product\/6488","targetHints":{"allow":["GET"]}}],"collection":[{"href":"https:\/\/fmp-components.com\/fi\/wp-json\/wp\/v2\/product"}],"about":[{"href":"https:\/\/fmp-components.com\/fi\/wp-json\/wp\/v2\/types\/product"}],"replies":[{"embeddable":true,"href":"https:\/\/fmp-components.com\/fi\/wp-json\/wp\/v2\/comments?post=6488"}],"wp:featuredmedia":[{"embeddable":true,"href":"https:\/\/fmp-components.com\/fi\/wp-json\/wp\/v2\/media\/6672"}],"wp:attachment":[{"href":"https:\/\/fmp-components.com\/fi\/wp-json\/wp\/v2\/media?parent=6488"}],"wp:term":[{"taxonomy":"product_brand","embeddable":true,"href":"https:\/\/fmp-components.com\/fi\/wp-json\/wp\/v2\/product_brand?post=6488"},{"taxonomy":"product_cat","embeddable":true,"href":"https:\/\/fmp-components.com\/fi\/wp-json\/wp\/v2\/product_cat?post=6488"},{"taxonomy":"product_tag","embeddable":true,"href":"https:\/\/fmp-components.com\/fi\/wp-json\/wp\/v2\/product_tag?post=6488"}],"curies":[{"name":"wp","href":"https:\/\/api.w.org\/{rel}","templated":true}]}}