{"id":6487,"date":"2025-03-11T06:25:30","date_gmt":"2025-03-11T06:25:30","guid":{"rendered":"https:\/\/fmp-components.com\/product\/new-arrival-telescopic-hydraulic-cylinder-hydraulic-cylinder-for-dump-trailer"},"modified":"2025-03-11T08:25:50","modified_gmt":"2025-03-11T08:25:50","slug":"new-arrival-telescopic-hydraulic-cylinder-hydraulic-cylinder-for-dump-trailer","status":"publish","type":"product","link":"https:\/\/fmp-components.com\/fi\/product\/new-arrival-telescopic-hydraulic-cylinder-hydraulic-cylinder-for-dump-trailer\/","title":{"rendered":"Uusi saapuminen Teleskooppinen hydraulisylinteri Hydraulinen sylinteri kippiper\u00e4vaunuun"},"content":{"rendered":"<h2>Uusi saapuminen Teleskooppinen hydraulisylinteri Hydraulinen sylinteri kippiper\u00e4vaunuun<\/h2>\n<p>Esittelyss\u00e4 uusin tulokkaamme, teleskooppinen hydraulisylinteri. T\u00e4m\u00e4 tuote on suunniteltu kippiper\u00e4vaunuille ja tarjoaa kest\u00e4v\u00e4n ja tehokkaan ratkaisun tarpeisiisi. Yhden vuoden takuulla t\u00e4m\u00e4 uusi hydraulisylinteri on loistava lis\u00e4 koneisiisi.<\/p>\n<h4>Toiminnot ja ominaisuudet<\/h4>\n<p>Teleskooppinen hydraulisylinteri on standardikokoinen m\u00e4nt\u00e4sylinteri, jota k\u00e4ytt\u00e4\u00e4 hydraulinen tekniikka. Sylinterin runko on valmistettu kest\u00e4v\u00e4st\u00e4 ter\u00e4ksest\u00e4, mik\u00e4 takaa pitk\u00e4n k\u00e4ytt\u00f6i\u00e4n ja kest\u00e4vyyden kulumista vastaan. Sen suurin ty\u00f6nt\u00f6voima on 3000 ja suurin vetovoima 20 tonnia. T\u00e4m\u00e4 hydraulisylinteri on my\u00f6s monivaiheinen laite, joten se sopii monipuolisesti erilaisiin k\u00e4ytt\u00f6tarkoituksiin.<\/p>\n<h2>Tuotetiedot<\/h2>\n<table style=\"width: 99.5341%;\" border=\"\">\n<tbody>\n<tr>\n<td style=\"width: 42.9379%;\"><i>Rei\u00e4n koko<\/i><\/td>\n<td style=\"width: 471.751%;\">2\u20136 tuumaa<\/td>\n<\/tr>\n<tr>\n<td style=\"width: 42.9379%;\"><i>Tangon koko<\/i><\/td>\n<td style=\"width: 471.751%;\">1,125\u20134 tuumaa<\/td>\n<\/tr>\n<tr>\n<td style=\"width: 42.9379%;\"><i>Iskun koko<\/i><\/td>\n<td style=\"width: 471.751%;\">4\u2013100 tuumaa<\/td>\n<\/tr>\n<tr>\n<td style=\"width: 42.9379%;\"><i>Tapin koko<\/i><\/td>\n<td style=\"width: 471.751%;\">0,5\u20132 tuumaa<\/td>\n<\/tr>\n<tr>\n<td style=\"width: 42.9379%;\"><i>Portit<\/i><\/td>\n<td style=\"width: 471.751%;\">G\/SAE\/NPT\/M<\/td>\n<\/tr>\n<\/tbody>\n<\/table>\n<h3>Ainutlaatuiset edut<\/h3>\n<p>Teleskooppisella hydraulisylinterill\u00e4 on useita ainutlaatuisia etuja. Se on energiatehokas, tehokas ja luotettava. T\u00e4m\u00e4 tuote on ISO9001:2000-sertifioitu, mik\u00e4 takaa sen laadun ja turvallisuuden k\u00e4ytt\u00e4jille. Se on saatavana tyylikk\u00e4\u00e4n mustana, joten se sopii saumattomasti koneisiisi.<\/p>\n<h2>Hydraulij\u00e4rjestelm\u00e4 ja toimintaperiaate<\/h2>\n<p>Hydraulisylinterimme toimii perusperiaatteella, jossa paineistettua hydraulinestett\u00e4 k\u00e4ytet\u00e4\u00e4n lineaarisen liikkeen luomiseen. Kun hydraulineste paineistetaan ja ohjataan sylinteriin, se tuottaa voimaa, joka liikuttaa sis\u00e4ll\u00e4 olevaa m\u00e4nt\u00e4\u00e4. T\u00e4m\u00e4 mekanismi mahdollistaa hydraulisylinterin muuntavan hydraulienergian mekaaniseksi liikkeeksi huomattavan tehokkaasti ja tarkasti. Hydraulisylinteriemme taustalla oleva teknologia helpottaa sujuvaa toimintaa ja mahdollistaa raskaiden koneiden ja laitteiden hienohallinnan. T\u00e4m\u00e4 tarkkuus on v\u00e4ltt\u00e4m\u00e4t\u00f6nt\u00e4 teht\u00e4viss\u00e4, jotka vaativat tarkkoja liikkeit\u00e4, varmistaen, ett\u00e4 k\u00e4ytt\u00e4j\u00e4t voivat suorittaa monimutkaisia \u200b\u200btoimintoja turvallisesti ja tehokkaasti.<\/p>\n<p><img loading=\"lazy\" decoding=\"async\" class=\"alignnone  wp-image-6662\" src=\"https:\/\/fmp-components.com\/wp-content\/uploads\/2025\/03\/telescopic-hydraulic-cylinder-4.webp\" alt=\"teleskooppinen hydraulisylinteri\" width=\"915\" height=\"915\" title=\"\" srcset=\"https:\/\/fmp-components.com\/wp-content\/uploads\/2025\/03\/telescopic-hydraulic-cylinder-4.webp 915w, https:\/\/fmp-components.com\/wp-content\/uploads\/2025\/03\/telescopic-hydraulic-cylinder-4-480x480.webp 480w\" sizes=\"(min-width: 0px) and (max-width: 480px) 480px, (min-width: 481px) 915px, 100vw\" \/><\/p>\n<h2>Hakemus<\/h2>\n<p>T\u00e4m\u00e4 hydraulisylinteri sopii ihanteellisesti monenlaisiin sovelluksiin eri toimialoilla. Konekorjaamoissa se on korvaamaton ty\u00f6kalu raskaiden komponenttien nostamiseen ja k\u00e4sittelyyn, mik\u00e4 mahdollistaa teknikkojen tehokkaan ja turvallisen ty\u00f6skentelyn. Maatalousymp\u00e4rist\u00f6iss\u00e4 hydraulisylinteri parantaa laitteiden, kuten kippiper\u00e4vaunujen, traktoreiden ja muiden raskaiden koneiden, toimivuutta, mik\u00e4 mahdollistaa tehokkaan materiaalink\u00e4sittelyn ja -kuljetuksen. My\u00f6s energia- ja kaivosteollisuus hy\u00f6tyv\u00e4t merkitt\u00e4v\u00e4sti sen kest\u00e4v\u00e4st\u00e4 rakenteesta ja korkeasta suorituskyvyst\u00e4, sill\u00e4 se kest\u00e4\u00e4 n\u00e4iss\u00e4 ymp\u00e4rist\u00f6iss\u00e4 usein esiintyv\u00e4t ankarat olosuhteet. Lis\u00e4ksi koneenrakennuksessa hydraulisylinterimme osoittautuu v\u00e4ltt\u00e4m\u00e4tt\u00f6m\u00e4ksi kokoonpanolinjoilla ja tuotantoprosesseissa, joissa luotettavuus ja kest\u00e4vyys ovat ensiarvoisen t\u00e4rkeit\u00e4. Sen monipuolisuus ja lujuus tekev\u00e4t siit\u00e4 ensisijaisen valinnan ammattilaisille, jotka etsiv\u00e4t luotettavia hydrauliratkaisuja eri toimialoilla.<\/p>\n<h3>Tietoja FMP:st\u00e4<\/h3>\n<p>FMP on johtava italialainen valmistaja, joka tunnetaan asiantuntemuksestaan \u200b\u200bkorkealaatuisten hydraulisylintereiden suunnittelussa, kehitt\u00e4misess\u00e4 ja valmistuksessa. Vuosikymmenten varrella kertyneen rikkaan perinn\u00f6n ansiosta yhdist\u00e4mme saumattomasti italialaisen k\u00e4sity\u00f6taidon huipputeknologiaan toimittaaksemme erinomaisia \u200b\u200bhydraulisia ratkaisuja, jotka on r\u00e4\u00e4t\u00e4l\u00f6ity globaalien asiakkaidemme erilaisiin tarpeisiin. Italiassa, insin\u00f6\u00f6ritaidon huippuosaamisen keskuksessa, sijaitseva FMP on vakiinnuttanut asemansa luotettavana johtajana hydrauliikkateollisuudessa, ja se on omistautunut tarjoamaan luotettavia, kest\u00e4vi\u00e4 ja innovatiivisia tuotteita, jotka voimaannuttavat yrityksi\u00e4 ymp\u00e4ri maailmaa.<\/p>\n<p>Yhdist\u00e4mme edistykselliset valmistusperinteet edistykselliseen n\u00e4kemykseen. Vuosien kokemuksella hydrauliikkaj\u00e4rjestelmist\u00e4 FMP on kehittynyt nykyaikaiseksi yritykseksi, joka on erinomainen tutkimuksessa, suunnittelussa ja tuotannossa. Erikoistumisemme kattaa laajan valikoiman hydraulisylintereit\u00e4, mukaan lukien kaksitoimiset sylinterit, autojen nostosylinterit, maatalouskoneiden sylinterit ja r\u00e4\u00e4t\u00e4l\u00f6idyt ratkaisut erilaisiin teollisiin sovelluksiin. Olipa kyseess\u00e4 rakentaminen, teollisuusasennukset, maatalous tai raskaskoneet, hydraulisylinterimme on suunniteltu toimimaan vaativimmissakin olosuhteissa varmistaen turvallisuuden, tehokkuuden ja pitk\u00e4n k\u00e4ytt\u00f6i\u00e4n.<\/p>\n<p><img loading=\"lazy\" decoding=\"async\" class=\"alignnone size-full wp-image-6720\" src=\"https:\/\/fmp-components.com\/wp-content\/uploads\/2025\/03\/hydraulic-cylinder-8.webp\" alt=\"Teleskooppiset hydraulisylinterit\" width=\"933\" height=\"526\" title=\"\" srcset=\"https:\/\/fmp-components.com\/wp-content\/uploads\/2025\/03\/hydraulic-cylinder-8.webp 933w, https:\/\/fmp-components.com\/wp-content\/uploads\/2025\/03\/hydraulic-cylinder-8-480x271.webp 480w\" sizes=\"(min-width: 0px) and (max-width: 480px) 480px, (min-width: 481px) 933px, 100vw\" \/><\/p>\n<p>FMP:ll\u00e4 olemme ylpeit\u00e4 huippuluokan tuotantolaitoksistamme, jotka on varustettu tarkkuuskoneilla ja edistyneill\u00e4 testausj\u00e4rjestelmill\u00e4. Valmistusprosessimme t\u00e4ytt\u00e4v\u00e4t tiukat kansalliset ja kansainv\u00e4liset standardit, mik\u00e4 varmistaa, ett\u00e4 jokainen valmistettu hydraulisylinteri on korkealaatuista ja luotettavaa. Taitava tekninen tiimimme ja edistyneet laitteet mahdollistavat tiukan laadunvalvonnan jokaisessa tuotantovaiheessa \u2013 raaka-aineiden valinnasta lopputarkastukseen. T\u00e4m\u00e4 sitoutuminen erinomaisuuteen on ansainnut meille sertifikaatteja ja tunnustusta alan viranomaisilta, mik\u00e4 on vahvistanut mainettamme luotettavana kumppanina.<\/p>\n<p>Missiomme on yksinkertainen mutta kunnianhimoinen: tarjota hydraulisylintereit\u00e4, jotka ylitt\u00e4v\u00e4t odotukset suorituskyvyss\u00e4, kest\u00e4vyydess\u00e4 ja arvossa. Noudatamme ammattitaidon, rehellisyyden ja asiakasl\u00e4ht\u00f6isyyden periaatteita. Edist\u00e4m\u00e4ll\u00e4 innovaatio- ja tarkkuuskulttuuria jalostamme jatkuvasti tuotteitamme pysy\u00e4ksemme kilpailukykyisin\u00e4 markkinoilla. Laaja tuotevalikoimamme ja kykymme tarjota r\u00e4\u00e4t\u00e4l\u00f6ityj\u00e4 ratkaisuja tekev\u00e4t meist\u00e4 ensisijaisen valinnan yrityksille, jotka tarvitsevat tehokkaita hydraulisylintereit\u00e4.<\/p>\n<p>FMP on enemm\u00e4n kuin vain valmistaja; olemme kumppani menestyksess\u00e4si. Ymm\u00e4rr\u00e4mme, ett\u00e4 asiakkaamme luottavat meihin ty\u00f6kalujen suhteen, jotka parantavat tuottavuutta ja turvallisuutta. Siksi olemme sitoutuneet toimittamaan paitsi huippulaatuisia tuotteita my\u00f6s poikkeuksellista palvelua. Alustavista konsultaatioista aina myynnin j\u00e4lkeiseen tukeen teemme tiivist\u00e4 yhteisty\u00f6t\u00e4 asiakkaidemme kanssa varmistaaksemme, ett\u00e4 heid\u00e4n tarpeensa t\u00e4ytet\u00e4\u00e4n ammattitaitoisesti ja huolellisesti. Kilpailukykyiset hintamme yhdistettyn\u00e4 horjumattomaan sitoutumiseemme laatuun tekev\u00e4t FMP:st\u00e4 \u00e4lykk\u00e4\u00e4n valinnan yrityksille, jotka etsiv\u00e4t luotettavia hydrauliikkaratkaisuja.<\/p>\n<h2>Usein kysytyt kysymykset<\/h2>\n<p>K: Oletko kauppayhti\u00f6 vai valmistaja?<br \/>\nV: Olemme valmistaja.<br \/>\nK: Kuinka pitk\u00e4 on toimitusaikanne?<br \/>\nV: Yleens\u00e4 se on 25\u201335 p\u00e4iv\u00e4\u00e4.<br \/>\nK: Toimitatteko n\u00e4ytteit\u00e4? Onko se ilmaista vai lis\u00e4maksullista?<br \/>\nV: Kyll\u00e4, voisimme tarjota n\u00e4ytteen, mutta se ei ole ilmainen.<\/p>\n<p><img loading=\"lazy\" decoding=\"async\" class=\"alignnone  wp-image-6717\" src=\"https:\/\/fmp-components.com\/wp-content\/uploads\/2025\/03\/hydraulic-cylinder-211.webp\" alt=\"Hydraulisylinterit\" width=\"914\" height=\"916\" title=\"\" srcset=\"https:\/\/fmp-components.com\/wp-content\/uploads\/2025\/03\/hydraulic-cylinder-211.webp 914w, https:\/\/fmp-components.com\/wp-content\/uploads\/2025\/03\/hydraulic-cylinder-211-480x481.webp 480w\" sizes=\"(min-width: 0px) and (max-width: 480px) 480px, (min-width: 481px) 914px, 100vw\" \/><\/p>","protected":false},"excerpt":{"rendered":"<p>New Arrival Telescopic Hydraulic Cylinder Hydraulic Cylinder For Dump Trailer Introducing our latest arrival, the Telescopic Hydraulic Cylinder. This product is designed for dump trailers, providing a robust and efficient solution to meet your needs. With a 1-year warranty, this new hydraulic cylinder will serve as a great addition to your machinery. Functions and Features [&hellip;]<\/p>","protected":false},"featured_media":6674,"comment_status":"closed","ping_status":"closed","template":"","meta":{"_et_pb_use_builder":"","_et_pb_old_content":"","_et_gb_content_width":""},"product_brand":[],"product_cat":[103],"product_tag":[34,105],"class_list":{"0":"post-6487","1":"product","2":"type-product","3":"status-publish","4":"has-post-thumbnail","6":"product_cat-telescopic-hydraulic-cylinders","7":"product_tag-hydraulic-cylinder","8":"product_tag-telescopic-hydraulic-cylinders","10":"first","11":"instock","12":"product-type-simple"},"_links":{"self":[{"href":"https:\/\/fmp-components.com\/fi\/wp-json\/wp\/v2\/product\/6487","targetHints":{"allow":["GET"]}}],"collection":[{"href":"https:\/\/fmp-components.com\/fi\/wp-json\/wp\/v2\/product"}],"about":[{"href":"https:\/\/fmp-components.com\/fi\/wp-json\/wp\/v2\/types\/product"}],"replies":[{"embeddable":true,"href":"https:\/\/fmp-components.com\/fi\/wp-json\/wp\/v2\/comments?post=6487"}],"wp:featuredmedia":[{"embeddable":true,"href":"https:\/\/fmp-components.com\/fi\/wp-json\/wp\/v2\/media\/6674"}],"wp:attachment":[{"href":"https:\/\/fmp-components.com\/fi\/wp-json\/wp\/v2\/media?parent=6487"}],"wp:term":[{"taxonomy":"product_brand","embeddable":true,"href":"https:\/\/fmp-components.com\/fi\/wp-json\/wp\/v2\/product_brand?post=6487"},{"taxonomy":"product_cat","embeddable":true,"href":"https:\/\/fmp-components.com\/fi\/wp-json\/wp\/v2\/product_cat?post=6487"},{"taxonomy":"product_tag","embeddable":true,"href":"https:\/\/fmp-components.com\/fi\/wp-json\/wp\/v2\/product_tag?post=6487"}],"curies":[{"name":"wp","href":"https:\/\/api.w.org\/{rel}","templated":true}]}}