{"id":6409,"date":"2025-03-10T05:58:14","date_gmt":"2025-03-10T05:58:14","guid":{"rendered":"https:\/\/fmp-components.com\/?post_type=product&#038;p=6409"},"modified":"2025-03-10T05:58:16","modified_gmt":"2025-03-10T05:58:16","slug":"rigid-couplings","status":"publish","type":"product","link":"https:\/\/fmp-components.com\/fi\/product\/rigid-couplings\/","title":{"rendered":"J\u00e4yk\u00e4t kytkimet"},"content":{"rendered":"<h2>J\u00e4ykkien kytkimien tekniset tiedot<\/h2>\n<p><img loading=\"lazy\" decoding=\"async\" class=\"alignnone size-full wp-image-6411\" src=\"https:\/\/fmp-components.com\/wp-content\/uploads\/2025\/03\/rigid-coupling-1.webp\" alt=\"j\u00e4ykk\u00e4 kytkent\u00e4\" width=\"879\" height=\"698\" title=\"\" srcset=\"https:\/\/fmp-components.com\/wp-content\/uploads\/2025\/03\/rigid-coupling-1.webp 879w, https:\/\/fmp-components.com\/wp-content\/uploads\/2025\/03\/rigid-coupling-1-480x381.webp 480w\" sizes=\"(min-width: 0px) and (max-width: 480px) 480px, (min-width: 481px) 879px, 100vw\" \/><\/p>\n<h2>J\u00e4ykkien kytkimien ominaisuudet<\/h2>\n<ul>\n<li>Kevyt, eritt\u00e4in pieni inertia ja korkea herkkyys<\/li>\n<li>Huoltovapaa, eritt\u00e4in \u00f6ljyn- ja korroosionkest\u00e4vyys<\/li>\n<li>Alumiiniseos- ja ruostumattomasta ter\u00e4ksest\u00e4 valmistetut materiaalit<\/li>\n<li>Ilmoita kiinnityspultin tyyppi, klipsin tyyppi ja erotustyyppi<\/li>\n<li>Varastossa on saatavilla my\u00f6s malleja, joissa on erikokoiset rei\u00e4t molemmissa p\u00e4iss\u00e4<\/li>\n<\/ul>\n<h2>J\u00e4ykkien kytkimien edut ja haitat<\/h2>\n<p><strong>J\u00e4ykkien kytkimien edut<\/strong><br \/>\nJ\u00e4ykki\u00e4 kytkimi\u00e4 k\u00e4ytet\u00e4\u00e4n laajalti hitaissa, iskuttomissa sovelluksissa, joissa akseleilla on korkea j\u00e4ykkyys ja tarkka kohdistus yksinkertaisen rakenteensa, kustannustehokkuutensa ja suuren v\u00e4\u00e4nt\u00f6momentin siirtokyvyns\u00e4 ansiosta. Yleinen esimerkki on\u00a0<strong>laippakytkent\u00e4<\/strong>, joka koostuu kahdesta laipallisesta levyst\u00e4, jotka on yhdistetty pulteilla. Jokainen levy on kiinnitetty akseliin kiilaliitoksella, mik\u00e4 mahdollistaa v\u00e4\u00e4nt\u00f6momentin ja liikkeen siirron kahden akselin v\u00e4lill\u00e4.<\/p>\n<p>Laippakytkimien t\u00e4rkeimpi\u00e4 etuja ovat:<\/p>\n<ol start=\"1\">\n<li><strong>Yksinkertaisuus ja kohtuuhintaisuus<\/strong>Helppo valmistaa, asentaa ja huoltaa alhaisilla tuotantokustannuksilla.<\/li>\n<li><strong>Suuri v\u00e4\u00e4nt\u00f6momentti<\/strong>Pystyy siirt\u00e4m\u00e4\u00e4n huomattavaa v\u00e4\u00e4nt\u00f6momenttia luotettavasti.<\/li>\n<li><strong>Tarkka kohdistus<\/strong>Varmistaa tarkan akselin linjauksen, mik\u00e4 tekee niist\u00e4 ihanteellisia suurnopeussovelluksiin tai j\u00e4rjestelmiin, jotka vaativat eritt\u00e4in tarkkaa vaihteistoa.<\/li>\n<li><strong>Kest\u00e4vyys<\/strong>Kest\u00e4v\u00e4 rakenne minimoi kulumisen vakaissa kuormitusolosuhteissa.<\/li>\n<\/ol>\n<p>J\u00e4ykist\u00e4 kytkimist\u00e4 puuttuu kuitenkin s\u00e4teitt\u00e4inen, aksiaalinen tai kulmakompensaatio. Jos akselin linjaus on ep\u00e4t\u00e4ydellinen k\u00e4yt\u00f6n aikana, se voi johtaa tehokkuuden heikkenemiseen, kiihtyneeseen kulumiseen, lis\u00e4\u00e4ntyneeseen t\u00e4rin\u00e4\u00e4n ja meluun. V\u00e4\u00e4nt\u00f6momenttivaatimusten t\u00e4ytt\u00e4miseksi laippakytkimiss\u00e4 voidaan k\u00e4ytt\u00e4\u00e4 avarrettuja pultteja kaikissa tai puolessa liitoksista, ja loput pultit ovat vakiopultteja.<\/p>\n<p><strong>J\u00e4ykkien kytkimien haitat<\/strong><br \/>\nJ\u00e4ykkien kytkimien, kuten laippakytkimien, ensisijainen haittapuoli on niiden\u00a0<strong>tiukka vaatimus tarkalle akselin linjaukselle<\/strong>Akseleiden v\u00e4linen suhteellinen siirtym\u00e4 aiheuttaa lis\u00e4rasitusta liitettyihin komponentteihin, mik\u00e4 pahentaa k\u00e4ytt\u00f6olosuhteita. T\u00e4m\u00e4 rajoitus tekee niist\u00e4 sopimattomia j\u00e4rjestelmiin, joissa on mahdollinen linjausvirhe, dynaamisia kuormia tai iskunvaimennustarpeita.<\/p>\n<p>Yhteenvetona voidaan todeta, ett\u00e4 vaikka j\u00e4yk\u00e4t kytkimet ovat yksinkertaisia \u200b\u200bja v\u00e4\u00e4nt\u00f6momentin siirtokykyisi\u00e4 hyvin linjatuilla akseleilla, niiden kyvytt\u00f6myys kompensoida linjausvirheit\u00e4 rajoittaa niiden k\u00e4ytt\u00f6\u00e4 dynaamisemmissa tai joustavammissa j\u00e4rjestelmiss\u00e4.<\/p>\n<p>&nbsp;<\/p>","protected":false},"excerpt":{"rendered":"<p>Specifications of Rigid Couplings Rigid Couplings Features Lightweight, ultra-low inertia, and high sensitivity Maintenance-free, super oil and corrosion resistance Aluminum alloy and stainless steel materials Provide fastening bolt type, clip type and separation type Models with different hole sizes at both ends are also available in stock Advantages and Disadvantages of Rigid Couplings Advantages of [&hellip;]<\/p>","protected":false},"featured_media":6410,"comment_status":"open","ping_status":"closed","template":"","meta":{"_et_pb_use_builder":"","_et_pb_old_content":"","_et_gb_content_width":""},"product_brand":[],"product_cat":[101],"product_tag":[],"class_list":{"0":"post-6409","1":"product","2":"type-product","3":"status-publish","4":"has-post-thumbnail","6":"product_cat-coupling","8":"first","9":"instock","10":"shipping-taxable","11":"product-type-simple"},"_links":{"self":[{"href":"https:\/\/fmp-components.com\/fi\/wp-json\/wp\/v2\/product\/6409","targetHints":{"allow":["GET"]}}],"collection":[{"href":"https:\/\/fmp-components.com\/fi\/wp-json\/wp\/v2\/product"}],"about":[{"href":"https:\/\/fmp-components.com\/fi\/wp-json\/wp\/v2\/types\/product"}],"replies":[{"embeddable":true,"href":"https:\/\/fmp-components.com\/fi\/wp-json\/wp\/v2\/comments?post=6409"}],"wp:featuredmedia":[{"embeddable":true,"href":"https:\/\/fmp-components.com\/fi\/wp-json\/wp\/v2\/media\/6410"}],"wp:attachment":[{"href":"https:\/\/fmp-components.com\/fi\/wp-json\/wp\/v2\/media?parent=6409"}],"wp:term":[{"taxonomy":"product_brand","embeddable":true,"href":"https:\/\/fmp-components.com\/fi\/wp-json\/wp\/v2\/product_brand?post=6409"},{"taxonomy":"product_cat","embeddable":true,"href":"https:\/\/fmp-components.com\/fi\/wp-json\/wp\/v2\/product_cat?post=6409"},{"taxonomy":"product_tag","embeddable":true,"href":"https:\/\/fmp-components.com\/fi\/wp-json\/wp\/v2\/product_tag?post=6409"}],"curies":[{"name":"wp","href":"https:\/\/api.w.org\/{rel}","templated":true}]}}