{"id":6408,"date":"2025-03-10T05:49:58","date_gmt":"2025-03-10T05:49:58","guid":{"rendered":"https:\/\/fmp-components.com\/?post_type=product&#038;p=6408"},"modified":"2025-03-10T05:49:59","modified_gmt":"2025-03-10T05:49:59","slug":"flexible-couplings","status":"publish","type":"product","link":"https:\/\/fmp-components.com\/fi\/product\/flexible-couplings\/","title":{"rendered":"Joustavat kytkimet"},"content":{"rendered":"<p>Joustava kytkin on mekaaninen laite, joka on suunniteltu yhdist\u00e4m\u00e4\u00e4n kaksi py\u00f6riv\u00e4\u00e4 akselia samalla kun se kompensoi linjausvirheit\u00e4, vaimentaa iskuja\/v\u00e4r\u00e4htelyj\u00e4 ja siirt\u00e4\u00e4 v\u00e4\u00e4nt\u00f6momenttia niiden v\u00e4lill\u00e4. Sit\u00e4 k\u00e4ytet\u00e4\u00e4n laajalti koneissa, joissa t\u00e4ydellinen akselin linjaus on ep\u00e4k\u00e4yt\u00e4nn\u00f6llinen tai joissa dynaamiset voimat (esim. l\u00e4mp\u00f6laajeneminen, t\u00e4rin\u00e4) on vaimennettava. Alla on yksityiskohtainen johdanto joustaviin kytkimiin:<\/p>\n<h3>T\u00e4rkeimm\u00e4t ominaisuudet<\/h3>\n<ol start=\"1\">\n<li><strong>Virheen kompensointi<\/strong>:\n<ul>\n<li><strong>Kulma-, rinnakkais- ja aksiaalipoikkeama<\/strong>Joustavat kytkimet siet\u00e4v\u00e4t akseleiden v\u00e4lisi\u00e4 pieni\u00e4 kulma-, yhdensuuntaisia \u200b\u200b(offset) tai aksiaalisia siirtymi\u00e4.<\/li>\n<li><strong>Joustavuuden tyypit<\/strong>Saavutetaan elastomeeristen elementtien, metallisten taipuvien komponenttien (esim. palkeet, palkit) tai mekaanisten liitosten (esim. murrosnivelten) avulla.<\/li>\n<\/ul>\n<\/li>\n<li><strong>T\u00e4rin\u00e4n ja iskunvaimennus<\/strong>:\n<ul>\n<li>V\u00e4hent\u00e4\u00e4 t\u00e4rin\u00e4n siirtymist\u00e4 moottoreista, koneistoista tai ep\u00e4tasaisista kuormista kytkettyihin laitteisiin.<\/li>\n<li>Elastomeeriset (kumi\/polyuretaani) kytkimet vaimentavat erinomaisesti korkeataajuisia v\u00e4r\u00e4htelyj\u00e4.<\/li>\n<\/ul>\n<\/li>\n<li><strong>V\u00e4\u00e4nt\u00f6momentin siirto<\/strong>:\n<ul>\n<li>Siirt\u00e4\u00e4 tehokkaasti py\u00f6rimisvoimaa ja suojaa samalla koneita ylikuormituksilta (joissakin malleissa on v\u00e4\u00e4nt\u00f6momentin rajoitusominaisuuksia).<\/li>\n<\/ul>\n<\/li>\n<li><strong>S\u00e4hk\u00f6inen eristys<\/strong>:\n<ul>\n<li>Tietyt kytkimet (esim. ei-metalliset elastomeerityypit) est\u00e4v\u00e4t galvaanisen korroosion erist\u00e4m\u00e4ll\u00e4 erilaiset metallit s\u00e4hk\u00f6isesti.<\/li>\n<\/ul>\n<\/li>\n<li><strong>Huoltovapaa tai v\u00e4h\u00e4n huoltoa vaativa<\/strong>:\n<ul>\n<li>Monet nykyaikaiset joustavat kytkimet eiv\u00e4t vaadi voitelua ja niill\u00e4 on pitk\u00e4 k\u00e4ytt\u00f6ik\u00e4.<\/li>\n<\/ul>\n<\/li>\n<\/ol>\n<p><img loading=\"lazy\" decoding=\"async\" class=\"alignnone size-full wp-image-6398\" src=\"https:\/\/fmp-components.com\/wp-content\/uploads\/2025\/03\/flexible-coupling-1.webp\" alt=\"Joustava kytkent\u00e4\" width=\"911\" height=\"349\" title=\"\" srcset=\"https:\/\/fmp-components.com\/wp-content\/uploads\/2025\/03\/flexible-coupling-1.webp 911w, https:\/\/fmp-components.com\/wp-content\/uploads\/2025\/03\/flexible-coupling-1-480x184.webp 480w\" sizes=\"(min-width: 0px) and (max-width: 480px) 480px, (min-width: 481px) 911px, 100vw\" \/><\/p>\n<p><img loading=\"lazy\" decoding=\"async\" class=\"wp-image-6399 aligncenter\" src=\"https:\/\/fmp-components.com\/wp-content\/uploads\/2025\/03\/flexible-coupling-2.webp\" alt=\"joustava kytkent\u00e4\" width=\"872\" height=\"938\" title=\"\" srcset=\"https:\/\/fmp-components.com\/wp-content\/uploads\/2025\/03\/flexible-coupling-2.webp 872w, https:\/\/fmp-components.com\/wp-content\/uploads\/2025\/03\/flexible-coupling-2-480x516.webp 480w\" sizes=\"(min-width: 0px) and (max-width: 480px) 480px, (min-width: 481px) 872px, 100vw\" \/><\/p>","protected":false},"excerpt":{"rendered":"<p>A\u00a0flexible coupling\u00a0is a mechanical device designed to connect two rotating shafts while accommodating misalignment, absorbing shocks\/vibrations, and transmitting torque between them. It is widely used in machinery where perfect shaft alignment is impractical or where dynamic forces (e.g., thermal expansion, vibration) must be mitigated. Below is a detailed introduction to flexible couplings: Key Features Misalignment [&hellip;]<\/p>","protected":false},"featured_media":6400,"comment_status":"open","ping_status":"closed","template":"","meta":{"_et_pb_use_builder":"","_et_pb_old_content":"","_et_gb_content_width":""},"product_brand":[],"product_cat":[101],"product_tag":[],"class_list":{"0":"post-6408","1":"product","2":"type-product","3":"status-publish","4":"has-post-thumbnail","6":"product_cat-coupling","8":"first","9":"instock","10":"shipping-taxable","11":"product-type-simple"},"_links":{"self":[{"href":"https:\/\/fmp-components.com\/fi\/wp-json\/wp\/v2\/product\/6408","targetHints":{"allow":["GET"]}}],"collection":[{"href":"https:\/\/fmp-components.com\/fi\/wp-json\/wp\/v2\/product"}],"about":[{"href":"https:\/\/fmp-components.com\/fi\/wp-json\/wp\/v2\/types\/product"}],"replies":[{"embeddable":true,"href":"https:\/\/fmp-components.com\/fi\/wp-json\/wp\/v2\/comments?post=6408"}],"wp:featuredmedia":[{"embeddable":true,"href":"https:\/\/fmp-components.com\/fi\/wp-json\/wp\/v2\/media\/6400"}],"wp:attachment":[{"href":"https:\/\/fmp-components.com\/fi\/wp-json\/wp\/v2\/media?parent=6408"}],"wp:term":[{"taxonomy":"product_brand","embeddable":true,"href":"https:\/\/fmp-components.com\/fi\/wp-json\/wp\/v2\/product_brand?post=6408"},{"taxonomy":"product_cat","embeddable":true,"href":"https:\/\/fmp-components.com\/fi\/wp-json\/wp\/v2\/product_cat?post=6408"},{"taxonomy":"product_tag","embeddable":true,"href":"https:\/\/fmp-components.com\/fi\/wp-json\/wp\/v2\/product_tag?post=6408"}],"curies":[{"name":"wp","href":"https:\/\/api.w.org\/{rel}","templated":true}]}}