{"id":6402,"date":"2025-03-10T05:41:33","date_gmt":"2025-03-10T05:41:33","guid":{"rendered":"https:\/\/fmp-components.com\/?post_type=product&#038;p=6402"},"modified":"2025-03-10T05:41:33","modified_gmt":"2025-03-10T05:41:33","slug":"mh-couplings","status":"publish","type":"product","link":"https:\/\/fmp-components.com\/fi\/product\/mh-couplings\/","title":{"rendered":"MH-kytkimet"},"content":{"rendered":"<p>MH-sarja on joustava kytkinlaite, joka on valmistettu synteettisest\u00e4 kumista ja jossa on kaksi samanlaista valurautaista runkoa. Korkealaatuisia valurautaisia \u200b\u200blaippoja k\u00e4ytet\u00e4\u00e4n p\u00e4\u00e4asiassa voimansiirtoon ja joustavan kumin suojaamiseen. Sen joustava kumi tarjoaa erinomaisen kest\u00e4vyyden ja laadukkaan kytkent\u00e4tehon. MH-kytkin koostuu kahdesta laipasta ja elastisista renkaista, jotka kompensoivat erilaisia \u200b\u200bakselin linjausvirheit\u00e4. Elastinen rengas on valmistettu synteettisest\u00e4 kumista ja sen sis\u00e4ll\u00e4 on ter\u00e4sydin, joka lis\u00e4\u00e4 kytkimen luotettavuutta ja maksimaalista k\u00e4ytt\u00f6nopeutta. Kumin vaimennusominaisuudet pystyv\u00e4t absorboimaan ja vaimentamaan v\u00e4\u00e4nt\u00f6v\u00e4r\u00e4htelyj\u00e4 ja toimivat tehokkaasti l\u00e4mp\u00f6tila-alueella -40 - +100 \u00b0C. Lis\u00e4ksi kumi kest\u00e4\u00e4 \u00f6ljy\u00e4, likaa, rasvaa, kosteutta, otsonia ja monia kemiallisia liuottimia.<\/p>\n<h2>MH-kytkimien rakenne<\/h2>\n<p><img loading=\"lazy\" decoding=\"async\" class=\"size-full wp-image-6405 aligncenter\" src=\"https:\/\/fmp-components.com\/wp-content\/uploads\/2025\/03\/mh-couplings-1.webp\" alt=\"MH-kytkent\u00e4\" width=\"600\" height=\"400\" title=\"\" srcset=\"https:\/\/fmp-components.com\/wp-content\/uploads\/2025\/03\/mh-couplings-1.webp 600w, https:\/\/fmp-components.com\/wp-content\/uploads\/2025\/03\/mh-couplings-1-480x320.webp 480w\" sizes=\"(min-width: 0px) and (max-width: 480px) 480px, (min-width: 481px) 600px, 100vw\" \/> \u00a0<img loading=\"lazy\" decoding=\"async\" class=\"size-full wp-image-6407 aligncenter\" src=\"https:\/\/fmp-components.com\/wp-content\/uploads\/2025\/03\/k3gaks3a-mh-coupling-2.webp\" alt=\"MH-kytkent\u00e4\" width=\"686\" height=\"429\" title=\"\" srcset=\"https:\/\/fmp-components.com\/wp-content\/uploads\/2025\/03\/k3gaks3a-mh-coupling-2.webp 686w, https:\/\/fmp-components.com\/wp-content\/uploads\/2025\/03\/k3gaks3a-mh-coupling-2-480x300.webp 480w\" sizes=\"(min-width: 0px) and (max-width: 480px) 480px, (min-width: 481px) 686px, 100vw\" \/><\/p>\n<h2>MH-kytkimen tekniset tiedot<\/h2>\n<p><img loading=\"lazy\" decoding=\"async\" class=\"alignnone size-full wp-image-6395\" src=\"https:\/\/fmp-components.com\/wp-content\/uploads\/2025\/03\/mh-coupling-1.webp\" alt=\"MH-kytkent\u00e4\" width=\"867\" height=\"567\" title=\"\" srcset=\"https:\/\/fmp-components.com\/wp-content\/uploads\/2025\/03\/mh-coupling-1.webp 867w, https:\/\/fmp-components.com\/wp-content\/uploads\/2025\/03\/mh-coupling-1-480x314.webp 480w\" sizes=\"(min-width: 0px) and (max-width: 480px) 480px, (min-width: 481px) 867px, 100vw\" \/><\/p>\n<h3>MH-kytkimien sovellukset<\/h3>\n<p>MH-kytkimet voivat niiden erityisest\u00e4 suunnittelusta ja toimialakontekstista riippuen viitata erityyppisiin kytkimiin, joilla jokaisella on omat sovelluksensa. Alla on j\u00e4sennelty yleiskatsaus mahdollisista sovelluksista yleisten tulkintojen perusteella:<\/p>\n<h4>Yleiset teollisuuskoneet<\/h4>\n<ul>\n<li>Pumput ja kompressorit: Yhdist\u00e4 moottorit akseleihin, mik\u00e4 kompensoi linjausvirheit\u00e4 ja v\u00e4hent\u00e4\u00e4 t\u00e4rin\u00e4n siirtymist\u00e4.<\/li>\n<li>Kuljetinj\u00e4rjestelm\u00e4t: Yhdist\u00e4 k\u00e4ytt\u00f6moottorit kuljettimiin, mik\u00e4 mahdollistaa k\u00e4yt\u00f6n aiheuttamat kohdistusmuutokset.<\/li>\n<li>Tuulettimet ja puhaltimet: Vaimentavat t\u00e4rin\u00e4\u00e4 ja k\u00e4sittelev\u00e4t l\u00e4mp\u00f6laajenemista LVI-j\u00e4rjestelmiss\u00e4.<\/li>\n<\/ul>\n<h4>Tarkka liikkeenohjaus<\/h4>\n<ul>\n<li>Robotiikka: Tarkat palje- tai kierrekytkimet (esim. R+W MH -sarja) varmistavat, ettei servok\u00e4ytt\u00f6isiss\u00e4 niveliss\u00e4 ole v\u00e4lyst\u00e4.<\/li>\n<li>CNC-koneet: Siirt\u00e4v\u00e4t tarkan liikkeen moottoreista karoille tai johtoruuveille.<\/li>\n<li>Puolijohteiden valmistus: K\u00e4ytet\u00e4\u00e4n puhdastilalaitteissa tarkkaan paikannukseen.<\/li>\n<\/ul>\n<h4>Hydrauliikka- ja nestej\u00e4rjestelm\u00e4t<\/h4>\n<ul>\n<li>Pikaliittimet: Mahdollistavat nopeat ja vuotamattomat liit\u00e4nn\u00e4t hydraulikoneissa (rakennus, maatalous).<\/li>\n<li>Kemiantehtaat: Metalliset letkuliittimet k\u00e4sittelev\u00e4t sy\u00f6vytt\u00e4vi\u00e4 nesteit\u00e4 ja korkeita l\u00e4mp\u00f6tiloja.<\/li>\n<\/ul>\n<h4>Korkean l\u00e4mp\u00f6tilan\/sy\u00f6vytt\u00e4v\u00e4t ymp\u00e4rist\u00f6t<\/h4>\n<ul>\n<li>Pakoj\u00e4rjestelm\u00e4t: Auto-\/merik\u00e4ytt\u00f6\u00f6n tarkoitetut sovellukset, joissa k\u00e4ytet\u00e4\u00e4n l\u00e4mm\u00f6nkest\u00e4vi\u00e4 metallisia letkuliittimi\u00e4.<\/li>\n<li>\u00d6ljy ja kaasu: Joustavat liit\u00e4nn\u00e4t putkistoissa l\u00e4mp\u00f6laajenemisen ja t\u00e4rin\u00e4n hallitsemiseksi.<\/li>\n<\/ul>\n<h4>Meri- ja offshore-<\/h4>\n<ul>\n<li>Propulsioj\u00e4rjestelm\u00e4t: Korjaavat rungon taipumisen aiheuttamaa akselin linjausvirhett\u00e4.<\/li>\n<li>Kansikoneet: Kytke dynaamisille kuormille alttiiden vinssien\/nostureiden k\u00e4ytt\u00f6laitteet.<\/li>\n<\/ul>\n<h4>Uusiutuva energia<\/h4>\n<ul>\n<li><strong>Tuuliturbiinit<\/strong>Vaihteistojen ja generaattoreiden v\u00e4liset kytkimet, vaihtelevien kuormien ja linjausvirheiden k\u00e4sittely.<\/li>\n<\/ul>\n<p><img loading=\"lazy\" decoding=\"async\" class=\"wp-image-6406 aligncenter\" src=\"https:\/\/fmp-components.com\/wp-content\/uploads\/2025\/03\/mh-couplings-2.webp\" alt=\"MH-kytkent\u00e4\" width=\"652\" height=\"652\" title=\"\" srcset=\"https:\/\/fmp-components.com\/wp-content\/uploads\/2025\/03\/mh-couplings-2.webp 652w, https:\/\/fmp-components.com\/wp-content\/uploads\/2025\/03\/mh-couplings-2-480x480.webp 480w\" sizes=\"(min-width: 0px) and (max-width: 480px) 480px, (min-width: 481px) 652px, 100vw\" \/><\/p>","protected":false},"excerpt":{"rendered":"<p>The MH series is a flexible coupling device constructed of synthetic rubber with two similar cast iron bodies. The high-quality cast iron flanges are mainly used for power transmission and protect the flexible rubber. Its elastic rubber provides excellent durability and quality coupling performance. The MH coupling consists of two flanges and elastic rings, which [&hellip;]<\/p>","protected":false},"featured_media":6404,"comment_status":"open","ping_status":"closed","template":"","meta":{"_et_pb_use_builder":"","_et_pb_old_content":"","_et_gb_content_width":""},"product_brand":[],"product_cat":[101],"product_tag":[],"class_list":{"0":"post-6402","1":"product","2":"type-product","3":"status-publish","4":"has-post-thumbnail","6":"product_cat-coupling","8":"first","9":"instock","10":"shipping-taxable","11":"product-type-simple"},"_links":{"self":[{"href":"https:\/\/fmp-components.com\/fi\/wp-json\/wp\/v2\/product\/6402","targetHints":{"allow":["GET"]}}],"collection":[{"href":"https:\/\/fmp-components.com\/fi\/wp-json\/wp\/v2\/product"}],"about":[{"href":"https:\/\/fmp-components.com\/fi\/wp-json\/wp\/v2\/types\/product"}],"replies":[{"embeddable":true,"href":"https:\/\/fmp-components.com\/fi\/wp-json\/wp\/v2\/comments?post=6402"}],"wp:featuredmedia":[{"embeddable":true,"href":"https:\/\/fmp-components.com\/fi\/wp-json\/wp\/v2\/media\/6404"}],"wp:attachment":[{"href":"https:\/\/fmp-components.com\/fi\/wp-json\/wp\/v2\/media?parent=6402"}],"wp:term":[{"taxonomy":"product_brand","embeddable":true,"href":"https:\/\/fmp-components.com\/fi\/wp-json\/wp\/v2\/product_brand?post=6402"},{"taxonomy":"product_cat","embeddable":true,"href":"https:\/\/fmp-components.com\/fi\/wp-json\/wp\/v2\/product_cat?post=6402"},{"taxonomy":"product_tag","embeddable":true,"href":"https:\/\/fmp-components.com\/fi\/wp-json\/wp\/v2\/product_tag?post=6402"}],"curies":[{"name":"wp","href":"https:\/\/api.w.org\/{rel}","templated":true}]}}