{"id":6394,"date":"2025-03-10T05:33:12","date_gmt":"2025-03-10T05:33:12","guid":{"rendered":"https:\/\/fmp-components.com\/?post_type=product&#038;p=6394"},"modified":"2025-03-10T05:57:43","modified_gmt":"2025-03-10T05:57:43","slug":"pin-couplings","status":"publish","type":"product","link":"https:\/\/fmp-components.com\/fi\/product\/pin-couplings\/","title":{"rendered":"PIN-kytkimet"},"content":{"rendered":"<p>L\u00e4pivientitappikytkimess\u00e4 on v\u00e4lirengas joustavien elementtien v\u00e4liss\u00e4. T\u00e4m\u00e4 rengas on kelluva ja yhdistetty p\u00e4\u00e4tylevyyn tapin avulla. Kytkin v\u00e4littyy kytkimen toiseen puoliskoon tapille asennetun joustavan elementin kautta, kun taas tappi ja kytkimen puolikas ovat irtoj\u00e4yk\u00e4sti yhdistettyj\u00e4, mik\u00e4 voi kuormittaa tasaisesti ja v\u00e4hent\u00e4\u00e4 merkitt\u00e4v\u00e4sti sivuttaisvoimia.<\/p>\n<p>T\u00e4m\u00e4n kytkimen etuna on, ett\u00e4 se toimii helposti my\u00f6s hieman vinossa olevilla akseleilla ja lis\u00e4\u00e4 tietty\u00e4 joustavuutta t\u00e4rin\u00f6iden ja iskujen vaimentamiseksi. T\u00e4m\u00e4 kytkin sopii erityisesti tilanteisiin, joissa on aksiaalinen, radiaalinen tai kulmapoikkeama, ja se on joustava kytkent\u00e4laite.<\/p>\n<h2>Tappikytkimien mitat<\/h2>\n<p><img loading=\"lazy\" decoding=\"async\" class=\"alignnone size-full wp-image-6401\" src=\"https:\/\/fmp-components.com\/wp-content\/uploads\/2025\/03\/pin-coupling-specification.webp\" alt=\"pin-controller-specification\" width=\"873\" height=\"687\" title=\"\" srcset=\"https:\/\/fmp-components.com\/wp-content\/uploads\/2025\/03\/pin-coupling-specification.webp 873w, https:\/\/fmp-components.com\/wp-content\/uploads\/2025\/03\/pin-coupling-specification-480x378.webp 480w\" sizes=\"(min-width: 0px) and (max-width: 480px) 480px, (min-width: 481px) 873px, 100vw\" \/><\/p>\n<h3>Tappikytkimien ominaisuudet<\/h3>\n<p>1. Kustannustehokas ja k\u00e4ytt\u00e4j\u00e4yst\u00e4v\u00e4llinen suunnittelu<\/p>\n<ul>\n<li>Alhaiset kustannukset: Taloudellinen ratkaisu v\u00e4\u00e4nt\u00f6momentin siirtoon akseleiden v\u00e4lill\u00e4.<\/li>\n<li>Yksinkertainen kokoonpano: Virtaviivaistettu asennusprosessi minimoi seisokkiajat.<\/li>\n<li>Materiaalin monipuolisuus: Tyypillisesti valmistettu metallista tai kumista, ja saatavilla on erikoisversioita parannetun liitoksen lujuuden saavuttamiseksi.<\/li>\n<\/ul>\n<p>2. Mekaaniset edut<\/p>\n<ul>\n<li>Linjausvirheiden toleranssi: Pystyy mukautumaan akselin kulma-, yhdensuuntais- ja aksiaalivirheisiin, mik\u00e4 v\u00e4hent\u00e4\u00e4 kytkettyjen laitteiden rasitusta.<\/li>\n<li>Voimankest\u00e4vyys: Hy\u00f6dynt\u00e4\u00e4 kosketuspintojen kitkaa suurten voimien tukemiseksi, vaimentaa tehokkaasti t\u00e4rin\u00e4\u00e4 ja pident\u00e4\u00e4 koneiden k\u00e4ytt\u00f6ik\u00e4\u00e4.<\/li>\n<\/ul>\n<p>3. Tekniset suunnittelun\u00e4k\u00f6kohdat<\/p>\n<ul>\n<li>Kolminapaisen kytkent\u00e4optimoinnin:\n<ul>\n<li>Kitkanhallinta: Rajapintataso on suunniteltu suurempaan kitkaan, kun taas tapin reunat pit\u00e4v\u00e4t kitkan alhaisena est\u00e4en ep\u00e4symmetrisen taipumisen.<\/li>\n<li>Kuoppaiset kitkalevyt: Valinnainen ominaisuus kitkaominaisuuksien ja v\u00e4\u00e4nt\u00f6momentin siirtotehokkuuden parantamiseksi.<\/li>\n<\/ul>\n<\/li>\n<li>Esikuormituksen tarkkuus: Pultit on kiristett\u00e4v\u00e4 v\u00e4hint\u00e4\u00e4n 10% momenttiin lopullisesta kuormituksesta, jotta varmistetaan nastan ja liit\u00e4nn\u00e4n v\u00e4linen tukeva kosketus ja optimaalinen suorituskyky.<\/li>\n<\/ul>\n<p>4. Vikaturvallinen ja suojaava rooli<\/p>\n<ul>\n<li>Toimii mekaanisena suojana, vaimentaen iskukuormia ja est\u00e4en kriittisten komponenttien vaurioitumisen ylikuormitustilanteissa.<\/li>\n<\/ul>\n<p>5. Mukautettavuus ja sopeutumiskyky<\/p>\n<ul>\n<li>Erikoiskokoonpanot: Saatavilla r\u00e4\u00e4t\u00e4l\u00f6ityin\u00e4 malleina vastaamaan erityisi\u00e4 k\u00e4ytt\u00f6vaatimuksia, kuten suurta v\u00e4\u00e4nt\u00f6momenttia tai sy\u00f6vytt\u00e4vi\u00e4 ymp\u00e4rist\u00f6j\u00e4.<\/li>\n<\/ul>\n<p>Tappikytkimet tarjoavat k\u00e4yt\u00e4nn\u00f6llisen tasapainon yksinkertaisuuden, joustavuuden ja mukautuvuuden v\u00e4lill\u00e4, mik\u00e4 tekee niist\u00e4 ihanteellisia j\u00e4rjestelmiin, jotka vaativat kustannustehokasta v\u00e4\u00e4nt\u00f6momentin siirtoa sis\u00e4\u00e4nrakennetulla linjausvirheen ja t\u00e4rin\u00e4nhallinnalla.<\/p>","protected":false},"excerpt":{"rendered":"<p>In the bushing pin coupling, there is an intermediate ring between the elastic elements. This ring is floating and connected to the end disc aligned by a pin. The coupling is transmitted to the other half of the coupling via the elastic element mounted on the pin, while the pin and the half of the [&hellip;]<\/p>","protected":false},"featured_media":6396,"comment_status":"open","ping_status":"closed","template":"","meta":{"_et_pb_use_builder":"","_et_pb_old_content":"","_et_gb_content_width":""},"product_brand":[],"product_cat":[101],"product_tag":[],"class_list":{"0":"post-6394","1":"product","2":"type-product","3":"status-publish","4":"has-post-thumbnail","6":"product_cat-coupling","8":"first","9":"instock","10":"shipping-taxable","11":"product-type-simple"},"_links":{"self":[{"href":"https:\/\/fmp-components.com\/fi\/wp-json\/wp\/v2\/product\/6394","targetHints":{"allow":["GET"]}}],"collection":[{"href":"https:\/\/fmp-components.com\/fi\/wp-json\/wp\/v2\/product"}],"about":[{"href":"https:\/\/fmp-components.com\/fi\/wp-json\/wp\/v2\/types\/product"}],"replies":[{"embeddable":true,"href":"https:\/\/fmp-components.com\/fi\/wp-json\/wp\/v2\/comments?post=6394"}],"wp:featuredmedia":[{"embeddable":true,"href":"https:\/\/fmp-components.com\/fi\/wp-json\/wp\/v2\/media\/6396"}],"wp:attachment":[{"href":"https:\/\/fmp-components.com\/fi\/wp-json\/wp\/v2\/media?parent=6394"}],"wp:term":[{"taxonomy":"product_brand","embeddable":true,"href":"https:\/\/fmp-components.com\/fi\/wp-json\/wp\/v2\/product_brand?post=6394"},{"taxonomy":"product_cat","embeddable":true,"href":"https:\/\/fmp-components.com\/fi\/wp-json\/wp\/v2\/product_cat?post=6394"},{"taxonomy":"product_tag","embeddable":true,"href":"https:\/\/fmp-components.com\/fi\/wp-json\/wp\/v2\/product_tag?post=6394"}],"curies":[{"name":"wp","href":"https:\/\/api.w.org\/{rel}","templated":true}]}}