{"id":6385,"date":"2025-03-10T03:41:49","date_gmt":"2025-03-10T03:41:49","guid":{"rendered":"https:\/\/fmp-components.com\/?post_type=product&#038;p=6385"},"modified":"2025-03-10T03:48:37","modified_gmt":"2025-03-10T03:48:37","slug":"hrc-couplings","status":"publish","type":"product","link":"https:\/\/fmp-components.com\/fi\/product\/hrc-couplings\/","title":{"rendered":"HRC-kytkimet"},"content":{"rendered":"<h2>HRC-kytkimen tekniset tiedot<\/h2>\n<p><img loading=\"lazy\" decoding=\"async\" class=\"alignnone size-full wp-image-6387\" src=\"https:\/\/fmp-components.com\/wp-content\/uploads\/2025\/03\/hrc-coupling-1.webp\" alt=\"HRC-kytkent\u00e4\" width=\"897\" height=\"502\" title=\"\" srcset=\"https:\/\/fmp-components.com\/wp-content\/uploads\/2025\/03\/hrc-coupling-1.webp 897w, https:\/\/fmp-components.com\/wp-content\/uploads\/2025\/03\/hrc-coupling-1-480x269.webp 480w\" sizes=\"(min-width: 0px) and (max-width: 480px) 480px, (min-width: 481px) 897px, 100vw\" \/><\/p>\n<h2>HRC-kytkimien ominaisuudet<\/h2>\n<ul>\n<li><strong>Edullinen muotoilu<\/strong>HRC-kytkimet on valmistettu tasapainottamaan tehoa ja akselin kokoa, ja niiss\u00e4 k\u00e4ytet\u00e4\u00e4n Taper-Lock Bush -j\u00e4rjestelm\u00e4\u00e4, joka pit\u00e4\u00e4 ne sek\u00e4 tehokkaina ett\u00e4 edullisina.<\/li>\n<li><strong>Vahva ja joustava<\/strong>Kytkimen joustavat osat auttavat vaimentamaan \u00e4killisi\u00e4 raskaita kuormia, mik\u00e4 tekee rakenteesta vahvan ja luotettavan.<\/li>\n<li><strong>S\u00e4\u00e4t\u00e4\u00e4 linjausvirheen mukaan<\/strong>HRC-kytkimet pystyv\u00e4t k\u00e4sittelem\u00e4\u00e4n pieni\u00e4 linjausvirheit\u00e4, kuten hieman vinossa olevia akseleita kulmassa, asennossa tai linjauksessa, mik\u00e4 varmistaa tasaisen toiminnan.<\/li>\n<li><strong>Helppo asentaa<\/strong>HRC-kytkimen asentaminen on nopeaa ja helppoa. Tarvitset vain kuusiokoloavaimen \u2013 erikoisty\u00f6kaluja ei tarvita.<\/li>\n<li><strong>L\u00e4hes huoltovapaa<\/strong>HRC-kytkimet eiv\u00e4t tarvitse voitelua, mik\u00e4 tarkoittaa v\u00e4hemm\u00e4n huoltoa ja korjauksia ajan my\u00f6t\u00e4.<\/li>\n<li><strong>Toimii vaativissa olosuhteissa<\/strong>Kytkimen joustava materiaali toimii hyvin monenlaisissa olosuhteissa, eritt\u00e4in kylmist\u00e4 (-40 \u00b0C) eritt\u00e4in kuumiin (+100 \u00b0C).<\/li>\n<li><strong>Turvallinen ja luotettava<\/strong>Jos joustava osa joskus rikkoutuu (mik\u00e4 on hyvin harvinaista), kytkin jatkaa j\u00e4rjestelm\u00e4n py\u00f6ritt\u00e4mist\u00e4 sis\u00e4\u00e4nrakennettujen laippojen avulla, joten toiminta ei pys\u00e4hdy.<\/li>\n<\/ul>\n<p><img loading=\"lazy\" decoding=\"async\" class=\"wp-image-6386 aligncenter\" src=\"https:\/\/fmp-components.com\/wp-content\/uploads\/2025\/03\/HRC-Coupling.webp\" alt=\"HRC-kytkent\u00e4\" width=\"660\" height=\"660\" title=\"\" srcset=\"https:\/\/fmp-components.com\/wp-content\/uploads\/2025\/03\/HRC-Coupling.webp 660w, https:\/\/fmp-components.com\/wp-content\/uploads\/2025\/03\/HRC-Coupling-480x480.webp 480w\" sizes=\"(min-width: 0px) and (max-width: 480px) 480px, (min-width: 481px) 660px, 100vw\" \/><\/p>","protected":false},"excerpt":{"rendered":"<p>HRC Coupling Specifications Features of HRC Couplings Affordable Design: HRC couplings are made to balance power and shaft size, using a Taper-Lock Bush system to keep them both effective and affordable. Strong and Flexible: The flexible parts of the coupling help absorb sudden heavy loads, making the design strong and reliable. Adjusts to Misalignment: HRC [&hellip;]<\/p>","protected":false},"featured_media":6386,"comment_status":"open","ping_status":"closed","template":"","meta":{"_et_pb_use_builder":"","_et_pb_old_content":"","_et_gb_content_width":""},"product_brand":[],"product_cat":[101],"product_tag":[],"class_list":{"0":"post-6385","1":"product","2":"type-product","3":"status-publish","4":"has-post-thumbnail","6":"product_cat-coupling","8":"first","9":"instock","10":"shipping-taxable","11":"product-type-simple"},"_links":{"self":[{"href":"https:\/\/fmp-components.com\/fi\/wp-json\/wp\/v2\/product\/6385","targetHints":{"allow":["GET"]}}],"collection":[{"href":"https:\/\/fmp-components.com\/fi\/wp-json\/wp\/v2\/product"}],"about":[{"href":"https:\/\/fmp-components.com\/fi\/wp-json\/wp\/v2\/types\/product"}],"replies":[{"embeddable":true,"href":"https:\/\/fmp-components.com\/fi\/wp-json\/wp\/v2\/comments?post=6385"}],"wp:featuredmedia":[{"embeddable":true,"href":"https:\/\/fmp-components.com\/fi\/wp-json\/wp\/v2\/media\/6386"}],"wp:attachment":[{"href":"https:\/\/fmp-components.com\/fi\/wp-json\/wp\/v2\/media?parent=6385"}],"wp:term":[{"taxonomy":"product_brand","embeddable":true,"href":"https:\/\/fmp-components.com\/fi\/wp-json\/wp\/v2\/product_brand?post=6385"},{"taxonomy":"product_cat","embeddable":true,"href":"https:\/\/fmp-components.com\/fi\/wp-json\/wp\/v2\/product_cat?post=6385"},{"taxonomy":"product_tag","embeddable":true,"href":"https:\/\/fmp-components.com\/fi\/wp-json\/wp\/v2\/product_tag?post=6385"}],"curies":[{"name":"wp","href":"https:\/\/api.w.org\/{rel}","templated":true}]}}