{"id":6379,"date":"2025-03-10T03:30:21","date_gmt":"2025-03-10T03:30:21","guid":{"rendered":"https:\/\/fmp-components.com\/?post_type=product&#038;p=6379"},"modified":"2025-03-10T03:37:25","modified_gmt":"2025-03-10T03:37:25","slug":"chain-couplings","status":"publish","type":"product","link":"https:\/\/fmp-components.com\/fi\/product\/chain-couplings\/","title":{"rendered":"Ketjukytkimet"},"content":{"rendered":"<p>Ketjukytkin koostuu kaksoisrullaketjusta ja kahdesta kytkimen ketjupy\u00f6r\u00e4st\u00e4. Ketjuliitosta k\u00e4ytet\u00e4\u00e4n kytkimen kytkemiseen tai irrottamiseen, mik\u00e4 tekee siit\u00e4 yksinkertaisen ja helpon k\u00e4ytt\u00e4\u00e4. Ketjukytkimet ovat pieni\u00e4 mutta eritt\u00e4in vahvoja, ja ne on rakennettu kest\u00e4m\u00e4\u00e4n pitk\u00e4\u00e4n. Ne ovat turvallisia ja toimivat tehokkaasti, ja niiden ominaisuudet helpottavat asennusta ja kohdistamista, mik\u00e4 s\u00e4\u00e4st\u00e4\u00e4 aikaa ja vaivaa asennuksen tai korjausten aikana.<\/p>\n<p>Kest\u00e4v\u00e4n rakenteensa ja joustavuutensa ansiosta ketjukytkimi\u00e4 voidaan k\u00e4ytt\u00e4\u00e4 monin tavoin, kuten koneissa, kuljetinhihnoissa ja muissa mekaanisissa laitteissa. Ne ovat erinomaisia \u200b\u200bv\u00e4\u00e4nt\u00f6momentin (k\u00e4\u00e4nt\u00f6voiman) siirt\u00e4misess\u00e4 ja samalla pienten linjausvirheiden k\u00e4sittelyss\u00e4, mik\u00e4 tekee niist\u00e4 luotettavan ja hy\u00f6dyllisen vaihtoehdon moniin t\u00f6ihin.<\/p>\n<h2>Ketjukytkimien parametrit<\/h2>\n<p><img loading=\"lazy\" decoding=\"async\" class=\"size-full wp-image-6383 aligncenter\" src=\"https:\/\/fmp-components.com\/wp-content\/uploads\/2025\/03\/chain-couplings.webp\" alt=\"ketjukytkent\u00e4\" width=\"330\" height=\"327\" title=\"\" srcset=\"https:\/\/fmp-components.com\/wp-content\/uploads\/2025\/03\/chain-couplings.webp 330w, https:\/\/fmp-components.com\/wp-content\/uploads\/2025\/03\/chain-couplings-300x297.webp 300w, https:\/\/fmp-components.com\/wp-content\/uploads\/2025\/03\/chain-couplings-150x150.webp 150w, https:\/\/fmp-components.com\/wp-content\/uploads\/2025\/03\/chain-couplings-12x12.webp 12w, https:\/\/fmp-components.com\/wp-content\/uploads\/2025\/03\/chain-couplings-100x100.webp 100w\" sizes=\"(max-width: 330px) 100vw, 330px\" \/><\/p>\n<table style=\"width: 103.224%; height: 723px;\" border=\"1\">\n<tbody>\n<tr>\n<td rowspan=\"4\" width=\"86\"><strong>Ketjukytkimen nro<\/strong><\/td>\n<td rowspan=\"4\" width=\"58\"><strong>Ketjun nro<\/strong><\/td>\n<td colspan=\"2\" width=\"68\"><strong>Poraushalkaisija<\/strong><\/td>\n<td colspan=\"6\" width=\"204\"><strong>Ulottuvuus<\/strong><\/td>\n<td width=\"60\"><strong>Inertia<\/strong><\/td>\n<td width=\"48\"><strong>Arvioitu paino<\/strong><\/td>\n<td colspan=\"3\" width=\"157\"><strong>Kotelo<\/strong><\/td>\n<\/tr>\n<tr>\n<td rowspan=\"2\" width=\"34\"><strong>Minimi<\/strong><\/td>\n<td rowspan=\"2\" width=\"34\"><strong>Maksi<\/strong><\/td>\n<td rowspan=\"2\" width=\"34\"><strong>L<\/strong><\/td>\n<td rowspan=\"2\" width=\"34\"><strong>Min\u00e4<\/strong><\/td>\n<td rowspan=\"2\" width=\"34\"><strong>S<\/strong><\/td>\n<td rowspan=\"2\" width=\"34\"><strong>d<sub>1<\/sub><\/strong><\/td>\n<td rowspan=\"2\" width=\"34\"><strong>d<sub>2<\/sub><\/strong><\/td>\n<td rowspan=\"2\" width=\"34\"><strong>C<\/strong><\/td>\n<td rowspan=\"2\" width=\"60\"><strong>\u00d710<sup>-3<\/sup><\/strong><\/td>\n<td rowspan=\"2\" width=\"48\"><\/td>\n<td colspan=\"2\" width=\"79\"><strong>Ulottuvuus<\/strong><\/td>\n<td rowspan=\"2\" width=\"78\"><strong>Arvioitu paino<\/strong><\/td>\n<\/tr>\n<tr>\n<td width=\"39\"><strong>A<\/strong><\/td>\n<td width=\"40\"><strong>B<\/strong><\/td>\n<\/tr>\n<tr>\n<td width=\"34\"><strong>mm<\/strong><\/td>\n<td width=\"34\"><strong>mm<\/strong><\/td>\n<td width=\"34\"><strong>mm<\/strong><\/td>\n<td width=\"34\"><strong>mm<\/strong><\/td>\n<td width=\"34\"><strong>mm<\/strong><\/td>\n<td width=\"34\"><strong>mm<\/strong><\/td>\n<td width=\"34\"><strong>mm<\/strong><\/td>\n<td width=\"34\"><strong>mm<\/strong><\/td>\n<td width=\"60\"><strong>kgf\u00b7m\u00b2<\/strong><\/td>\n<td width=\"48\"><strong>kg<\/strong><\/td>\n<td width=\"39\"><strong>mm<\/strong><\/td>\n<td width=\"40\"><strong>mm<\/strong><\/td>\n<td width=\"78\"><strong>kg<\/strong><\/td>\n<\/tr>\n<tr>\n<td width=\"86\">3012<\/td>\n<td width=\"58\">06B-2X12<\/td>\n<td width=\"34\">12<\/td>\n<td width=\"34\">16<\/td>\n<td width=\"34\">64.8<\/td>\n<td width=\"34\">29.8<\/td>\n<td width=\"34\">5.2<\/td>\n<td width=\"34\">25<\/td>\n<td width=\"34\">45<\/td>\n<td width=\"34\">10.2<\/td>\n<td width=\"60\">0.233<\/td>\n<td width=\"48\">0.4<\/td>\n<td width=\"39\">69<\/td>\n<td width=\"40\">63<\/td>\n<td width=\"78\">0.3<\/td>\n<\/tr>\n<tr>\n<td width=\"86\">4012<\/td>\n<td width=\"58\">40-2X12<\/td>\n<td width=\"34\">12<\/td>\n<td width=\"34\">22<\/td>\n<td width=\"34\">79.4<\/td>\n<td width=\"34\">36.0<\/td>\n<td width=\"34\">7.4<\/td>\n<td width=\"34\">35<\/td>\n<td width=\"34\">61<\/td>\n<td width=\"34\">14.4<\/td>\n<td width=\"60\">1.020<\/td>\n<td width=\"48\">0.8<\/td>\n<td width=\"39\">77<\/td>\n<td width=\"40\">72<\/td>\n<td width=\"78\">0.3<\/td>\n<\/tr>\n<tr>\n<td width=\"86\">4014<\/td>\n<td width=\"58\">40-2X14<\/td>\n<td width=\"34\">12<\/td>\n<td width=\"34\">28<\/td>\n<td width=\"34\">79.4<\/td>\n<td width=\"34\">36.0<\/td>\n<td width=\"34\">7.4<\/td>\n<td width=\"34\">43<\/td>\n<td width=\"34\">69<\/td>\n<td width=\"34\">14.4<\/td>\n<td width=\"60\">1.924<\/td>\n<td width=\"48\">1.1<\/td>\n<td width=\"39\">84<\/td>\n<td width=\"40\">75<\/td>\n<td width=\"78\">0.4<\/td>\n<\/tr>\n<tr>\n<td width=\"86\">4016<\/td>\n<td width=\"58\">40-2X16<\/td>\n<td width=\"34\">14<\/td>\n<td width=\"34\">32<\/td>\n<td width=\"34\">87.4<\/td>\n<td width=\"34\">40.0<\/td>\n<td width=\"34\">7.4<\/td>\n<td width=\"34\">50<\/td>\n<td width=\"34\">77<\/td>\n<td width=\"34\">14.4<\/td>\n<td width=\"60\">3.285<\/td>\n<td width=\"48\">1.4<\/td>\n<td width=\"39\">92<\/td>\n<td width=\"40\">75<\/td>\n<td width=\"78\">0.4<\/td>\n<\/tr>\n<tr>\n<td width=\"86\">5014<\/td>\n<td width=\"58\">50-2X14<\/td>\n<td width=\"34\">16<\/td>\n<td width=\"34\">35<\/td>\n<td width=\"34\">99.7<\/td>\n<td width=\"34\">45.0<\/td>\n<td width=\"34\">9.7<\/td>\n<td width=\"34\">53<\/td>\n<td width=\"34\">86<\/td>\n<td width=\"34\">18.1<\/td>\n<td width=\"60\">6.010<\/td>\n<td width=\"48\">2.2<\/td>\n<td width=\"39\">101<\/td>\n<td width=\"40\">85<\/td>\n<td width=\"78\">0.5<\/td>\n<\/tr>\n<tr>\n<td width=\"86\">5016<\/td>\n<td width=\"58\">50-2X16<\/td>\n<td width=\"34\">16<\/td>\n<td width=\"34\">40<\/td>\n<td width=\"34\">99.7<\/td>\n<td width=\"34\">45.0<\/td>\n<td width=\"34\">9.7<\/td>\n<td width=\"34\">60<\/td>\n<td width=\"34\">96<\/td>\n<td width=\"34\">18.1<\/td>\n<td width=\"60\">9.720<\/td>\n<td width=\"48\">2.7<\/td>\n<td width=\"39\">111<\/td>\n<td width=\"40\">85<\/td>\n<td width=\"78\">0.6<\/td>\n<\/tr>\n<tr>\n<td width=\"86\">5018<\/td>\n<td width=\"58\">50-2X18<\/td>\n<td width=\"34\">16<\/td>\n<td width=\"34\">45<\/td>\n<td width=\"34\">99.7<\/td>\n<td width=\"34\">45.0<\/td>\n<td width=\"34\">9.7<\/td>\n<td width=\"34\">70<\/td>\n<td width=\"34\">106<\/td>\n<td width=\"34\">18.1<\/td>\n<td width=\"60\">15.420<\/td>\n<td width=\"48\">3.8<\/td>\n<td width=\"39\">122<\/td>\n<td width=\"40\">85<\/td>\n<td width=\"78\">0.8<\/td>\n<\/tr>\n<tr>\n<td width=\"86\">6018<\/td>\n<td width=\"58\">60-2X18<\/td>\n<td width=\"34\">20<\/td>\n<td width=\"34\">56<\/td>\n<td width=\"34\">123.5<\/td>\n<td width=\"34\">56.0<\/td>\n<td width=\"34\">11.5<\/td>\n<td width=\"34\">85<\/td>\n<td width=\"34\">128<\/td>\n<td width=\"34\">22.8<\/td>\n<td width=\"60\">40.210<\/td>\n<td width=\"48\">6.2<\/td>\n<td width=\"39\">142<\/td>\n<td width=\"40\">106<\/td>\n<td width=\"78\">1.2<\/td>\n<\/tr>\n<tr>\n<td width=\"86\">6020<\/td>\n<td width=\"58\">60-2X20<\/td>\n<td width=\"34\">20<\/td>\n<td width=\"34\">60<\/td>\n<td width=\"34\">123.5<\/td>\n<td width=\"34\">56.0<\/td>\n<td width=\"34\">11.5<\/td>\n<td width=\"34\">98<\/td>\n<td width=\"34\">140<\/td>\n<td width=\"34\">22.8<\/td>\n<td width=\"60\">62.870<\/td>\n<td width=\"48\">7.8<\/td>\n<td width=\"39\">158<\/td>\n<td width=\"40\">105<\/td>\n<td width=\"78\">1.6<\/td>\n<\/tr>\n<tr>\n<td width=\"86\">6022<\/td>\n<td width=\"58\">60-2X22<\/td>\n<td width=\"34\">20<\/td>\n<td width=\"34\">71<\/td>\n<td width=\"34\">123.5<\/td>\n<td width=\"34\">56.0<\/td>\n<td width=\"34\">11.5<\/td>\n<td width=\"34\">110<\/td>\n<td width=\"34\">152<\/td>\n<td width=\"34\">22.8<\/td>\n<td width=\"60\">93.450<\/td>\n<td width=\"48\">10.4<\/td>\n<td width=\"39\">168<\/td>\n<td width=\"40\">117<\/td>\n<td width=\"78\">1.8<\/td>\n<\/tr>\n<tr>\n<td width=\"86\">8018<\/td>\n<td width=\"58\">80-2X18<\/td>\n<td width=\"34\">20<\/td>\n<td width=\"34\">80<\/td>\n<td width=\"34\">141.2<\/td>\n<td width=\"34\">63.0<\/td>\n<td width=\"34\">15.2<\/td>\n<td width=\"34\">110<\/td>\n<td width=\"34\">170<\/td>\n<td width=\"34\">29.3<\/td>\n<td width=\"60\">142.030<\/td>\n<td width=\"48\">12.7<\/td>\n<td width=\"39\">190<\/td>\n<td width=\"40\">129<\/td>\n<td width=\"78\">2.5<\/td>\n<\/tr>\n<tr>\n<td width=\"86\">8020<\/td>\n<td width=\"58\">80-2X20<\/td>\n<td width=\"34\">20<\/td>\n<td width=\"34\">90<\/td>\n<td width=\"34\">145.2<\/td>\n<td width=\"34\">65.0<\/td>\n<td width=\"34\">15.2<\/td>\n<td width=\"34\">120<\/td>\n<td width=\"34\">186<\/td>\n<td width=\"34\">29.3<\/td>\n<td width=\"60\">204.900<\/td>\n<td width=\"48\">16.0<\/td>\n<td width=\"39\">210<\/td>\n<td width=\"40\">137<\/td>\n<td width=\"78\">2.9<\/td>\n<\/tr>\n<tr>\n<td width=\"86\">8022<\/td>\n<td width=\"58\">80-2X22<\/td>\n<td width=\"34\">20<\/td>\n<td width=\"34\">100<\/td>\n<td width=\"34\">157.2<\/td>\n<td width=\"34\">71.0<\/td>\n<td width=\"34\">15.2<\/td>\n<td width=\"34\">140<\/td>\n<td width=\"34\">202<\/td>\n<td width=\"34\">29.3<\/td>\n<td width=\"60\">341.170<\/td>\n<td width=\"48\">20.2<\/td>\n<td width=\"39\">226<\/td>\n<td width=\"40\">137<\/td>\n<td width=\"78\">3.6<\/td>\n<\/tr>\n<tr>\n<td width=\"86\">10020<\/td>\n<td width=\"58\">100-2X20<\/td>\n<td width=\"34\">25<\/td>\n<td width=\"34\">110<\/td>\n<td width=\"34\">178.8<\/td>\n<td width=\"34\">80.0<\/td>\n<td width=\"34\">18.8<\/td>\n<td width=\"34\">160<\/td>\n<td width=\"34\">233<\/td>\n<td width=\"34\">35.8<\/td>\n<td width=\"60\">646.290<\/td>\n<td width=\"48\">33.0<\/td>\n<td width=\"39\">281<\/td>\n<td width=\"40\">153<\/td>\n<td width=\"78\">4.6<\/td>\n<\/tr>\n<tr>\n<td width=\"86\">12018<\/td>\n<td width=\"58\">120-2X18<\/td>\n<td width=\"34\">35<\/td>\n<td width=\"34\">125<\/td>\n<td width=\"34\">202.7<\/td>\n<td width=\"34\">90.0<\/td>\n<td width=\"34\">22.7<\/td>\n<td width=\"34\">170<\/td>\n<td width=\"34\">256<\/td>\n<td width=\"34\">45.4<\/td>\n<td width=\"60\">1075.710<\/td>\n<td width=\"48\">47.0<\/td>\n<td width=\"39\">307<\/td>\n<td width=\"40\">181<\/td>\n<td width=\"78\">6.2<\/td>\n<\/tr>\n<tr>\n<td width=\"86\">12022<\/td>\n<td width=\"58\">120-2X22<\/td>\n<td width=\"34\">35<\/td>\n<td width=\"34\">140<\/td>\n<td width=\"34\">222.7<\/td>\n<td width=\"34\">100.0<\/td>\n<td width=\"34\">22.7<\/td>\n<td width=\"34\">210<\/td>\n<td width=\"34\">304<\/td>\n<td width=\"34\">45.4<\/td>\n<td width=\"60\">2454.500<\/td>\n<td width=\"48\">72.0<\/td>\n<td width=\"39\">357<\/td>\n<td width=\"40\">181<\/td>\n<td width=\"78\">8.0<\/td>\n<\/tr>\n<\/tbody>\n<\/table>\n<h2>Ketjukytkimen k\u00e4ytt\u00f6<\/h2>\n<p>Ketjukytkimet, jotka tunnetaan kyvyst\u00e4\u00e4n siirt\u00e4\u00e4 suurta v\u00e4\u00e4nt\u00f6momenttia samalla kun ne omaksuvat linjausvirheit\u00e4, ovat k\u00e4yt\u00f6ss\u00e4 useilla eri teollisuudenaloilla kest\u00e4vyytens\u00e4 ja joustavuutensa ansiosta. T\u00e4ss\u00e4 on luokiteltu yleiskatsaus niiden sovelluksista:<\/p>\n<h3>1. Teollisuuskoneet<\/h3>\n<ul>\n<li><strong>Kuljetinj\u00e4rjestelm\u00e4t<\/strong>K\u00e4ytet\u00e4\u00e4n valmistuksessa ja materiaalink\u00e4sittelyss\u00e4 moottoreiden ja telojen liitt\u00e4miseen, linjausvirheiden korjaamiseen ja raskaiden kuormien k\u00e4sittelyyn.<\/li>\n<li><strong>Pumput ja kompressorit<\/strong>Ihanteellinen ohjainlaitteiden kytkemiseen pumppuihin\/kompressoreihin \u00f6ljy-, kaasu- ja vedenk\u00e4sittelyteollisuudessa, ja tarjoaa luotettavan v\u00e4\u00e4nt\u00f6momentin siirron.<\/li>\n<li><strong>Ter\u00e4s- ja paperitehtaat<\/strong>: Yhdist\u00e4 vetoakselit rulliin ankarissa olosuhteissa, jotka kest\u00e4v\u00e4t suuria v\u00e4\u00e4nt\u00f6momentteja ja l\u00e4mp\u00f6tilan vaihteluita.<\/li>\n<li><strong>Murskaimet\/Myllyt<\/strong>Kest\u00e4\u00e4 iskukuormia kaivostoiminnassa ja kiviaineksen k\u00e4sittelyss\u00e4 ja tarjoaa kest\u00e4vyytt\u00e4 \u00e4killisi\u00e4 voimanmuutoksia vastaan.<\/li>\n<\/ul>\n<h3>2. Materiaalink\u00e4sittely<\/h3>\n<ul>\n<li><strong>Nosturit ja nostolaitteet<\/strong>Varmistaa tarkan kuorman liikkeen rakennus- ja kuljetuksissa, kest\u00e4en dynaamisia rasituksia.<\/li>\n<li><strong>Pakkauskoneet<\/strong>Synkronoi rullia suurnopeuksisilla pakkauslinjoilla, mik\u00e4 mahdollistaa pienet kohdistusvirheiden s\u00e4\u00e4d\u00f6t.<\/li>\n<\/ul>\n<h3>3. Maatalous<\/h3>\n<ul>\n<li><strong>Traktorit ja puimurit<\/strong>Yhdist\u00e4 virtal\u00e4hteet ty\u00f6koneisiin ep\u00e4tasaisessa maastossa, mik\u00e4 tarjoaa kest\u00e4vyytt\u00e4 p\u00f6ly\u00e4 ja roskia vastaan.<\/li>\n<li><strong>Kasteluj\u00e4rjestelm\u00e4t<\/strong>Yhdist\u00e4 pumput moottoreihin ja sied\u00e4 maaper\u00e4n siirtymien aiheuttamaa linjausvirhett\u00e4.<\/li>\n<\/ul>\n<h3>4. LVI-j\u00e4rjestelm\u00e4t ja energia<\/h3>\n<ul>\n<li><strong>Teollisuustuulettimet\/puhaltimet<\/strong>Liit\u00e4 moottorit tuulettimien akseleihin LVI-j\u00e4rjestelmiss\u00e4, mik\u00e4 v\u00e4hent\u00e4\u00e4 t\u00e4rin\u00e4n siirtymist\u00e4.<\/li>\n<li><strong>Kohtalaisen nopea voimansiirto<\/strong>K\u00e4ytet\u00e4\u00e4n tuuliturbiineissa tai vesivoimaj\u00e4rjestelmiss\u00e4, joissa kohdistus ei ole t\u00e4ydellinen.<\/li>\n<\/ul>\n<h3>5. Erikoissovellukset<\/h3>\n<ul>\n<li><strong>Painokoneet<\/strong>Synkronoi rullat tarkkaa tulostusta varten ja huomioi pienetkin kohdistusvirheet.<\/li>\n<li><strong>Merivoimien apuj\u00e4rjestelm\u00e4t<\/strong>K\u00e4ytet\u00e4\u00e4n potkuriakseleissa tai apukoneissa, vaikkakin harvinaisempaa korroosioriskien vuoksi.<\/li>\n<\/ul>\n<h3>Ajosovellusten edut:<\/h3>\n<ul>\n<li><strong>Kohdistusvirheen toleranssi<\/strong>Kulma-\/suuntaissiirtym\u00e4t jopa 1\u20132 astetta.<\/li>\n<li><strong>Suuri v\u00e4\u00e4nt\u00f6momentti<\/strong>Soveltuu raskaaseen k\u00e4ytt\u00f6\u00f6n.<\/li>\n<li><strong>Iskunvaimennus<\/strong>Vaimentaa t\u00e4rin\u00e4\u00e4 vaihtelevan kuormituksen tilanteissa.<\/li>\n<li><strong>Helppohoitoisuus<\/strong>Yksinkertainen voitelu ja osien vaihto.<\/li>\n<\/ul>\n<h3>Rajoitukset:<\/h3>\n<ul>\n<li>Ei ihanteellinen suurnopeussovelluksiin keskipakoisvoimien vuoksi.<\/li>\n<li>S\u00e4\u00e4nn\u00f6llinen voitelu on tarpeen ep\u00e4puhtauksille alttiissa ymp\u00e4rist\u00f6iss\u00e4.<\/li>\n<\/ul>\n<p><img loading=\"lazy\" decoding=\"async\" class=\"size-full wp-image-6380 aligncenter\" src=\"https:\/\/fmp-components.com\/wp-content\/uploads\/2025\/03\/chain-couplings-3.webp\" alt=\"ketjukytkent\u00e4\" width=\"800\" height=\"800\" title=\"\" srcset=\"https:\/\/fmp-components.com\/wp-content\/uploads\/2025\/03\/chain-couplings-3.webp 800w, https:\/\/fmp-components.com\/wp-content\/uploads\/2025\/03\/chain-couplings-3-480x480.webp 480w\" sizes=\"(min-width: 0px) and (max-width: 480px) 480px, (min-width: 481px) 800px, 100vw\" \/><\/p>","protected":false},"excerpt":{"rendered":"<p>A chain coupling is made up of a double roller chain and two coupling sprockets. The chain joint is used to connect or disconnect the coupling, making it simple and easy to use. Chain couplings are small but very strong, and they are built to last a long time. They are safe and work efficiently, [&hellip;]<\/p>","protected":false},"featured_media":6382,"comment_status":"open","ping_status":"closed","template":"","meta":{"_et_pb_use_builder":"","_et_pb_old_content":"","_et_gb_content_width":""},"product_brand":[],"product_cat":[101],"product_tag":[],"class_list":{"0":"post-6379","1":"product","2":"type-product","3":"status-publish","4":"has-post-thumbnail","6":"product_cat-coupling","8":"first","9":"instock","10":"shipping-taxable","11":"product-type-simple"},"_links":{"self":[{"href":"https:\/\/fmp-components.com\/fi\/wp-json\/wp\/v2\/product\/6379","targetHints":{"allow":["GET"]}}],"collection":[{"href":"https:\/\/fmp-components.com\/fi\/wp-json\/wp\/v2\/product"}],"about":[{"href":"https:\/\/fmp-components.com\/fi\/wp-json\/wp\/v2\/types\/product"}],"replies":[{"embeddable":true,"href":"https:\/\/fmp-components.com\/fi\/wp-json\/wp\/v2\/comments?post=6379"}],"wp:featuredmedia":[{"embeddable":true,"href":"https:\/\/fmp-components.com\/fi\/wp-json\/wp\/v2\/media\/6382"}],"wp:attachment":[{"href":"https:\/\/fmp-components.com\/fi\/wp-json\/wp\/v2\/media?parent=6379"}],"wp:term":[{"taxonomy":"product_brand","embeddable":true,"href":"https:\/\/fmp-components.com\/fi\/wp-json\/wp\/v2\/product_brand?post=6379"},{"taxonomy":"product_cat","embeddable":true,"href":"https:\/\/fmp-components.com\/fi\/wp-json\/wp\/v2\/product_cat?post=6379"},{"taxonomy":"product_tag","embeddable":true,"href":"https:\/\/fmp-components.com\/fi\/wp-json\/wp\/v2\/product_tag?post=6379"}],"curies":[{"name":"wp","href":"https:\/\/api.w.org\/{rel}","templated":true}]}}