{"id":6375,"date":"2025-03-10T03:17:22","date_gmt":"2025-03-10T03:17:22","guid":{"rendered":"https:\/\/fmp-components.com\/?post_type=product&#038;p=6375"},"modified":"2025-04-05T07:23:10","modified_gmt":"2025-04-05T07:23:10","slug":"flange-flexible-couplings","status":"publish","type":"product","link":"https:\/\/fmp-components.com\/fi\/product\/flange-flexible-couplings\/","title":{"rendered":"Laippajoustokytkimet"},"content":{"rendered":"<p>FMP:n joustavat kytkimet on suunniteltu v\u00e4hent\u00e4m\u00e4\u00e4n t\u00e4rin\u00e4\u00e4 ja alentamaan vaihteistoj\u00e4rjestelmien korjauskustannuksia. Niiden erityinen rakenne auttaa suojaamaan vaihteistoa vaurioilta ja pit\u00e4\u00e4 v\u00e4hemm\u00e4n melua k\u00e4yt\u00f6n aikana, mik\u00e4 parantaa j\u00e4rjestelm\u00e4n toimintaa ja pident\u00e4\u00e4 sen k\u00e4ytt\u00f6ik\u00e4\u00e4. Lis\u00e4ksi n\u00e4m\u00e4 kytkimet on helppo asentaa ja s\u00e4\u00e4t\u00e4\u00e4, joten voit s\u00e4\u00e4st\u00e4\u00e4 aikaa ja vaivaa.<\/p>\n<p>FMP k\u00e4ytt\u00e4\u00e4 vahvaa polyesterielastomeeria kytkimien valmistuksessa. T\u00e4m\u00e4 materiaali on kest\u00e4v\u00e4\u00e4 eik\u00e4 taivu pois muodostaan \u200b\u200bedes joutuessaan kosketuksiin voiteluaineiden kanssa. T\u00e4m\u00e4 pit\u00e4\u00e4 kytkimen vahvana ja toimivana my\u00f6s vaikeissa olosuhteissa.<\/p>\n<p>Kytkin on rakennettu siirt\u00e4m\u00e4\u00e4n v\u00e4\u00e4nt\u00f6momenttia (er\u00e4\u00e4nlaista kiertovoimaa) tasaisesti noin nelj\u00e4nnestuuman minuuttinopeudella. T\u00e4m\u00e4 tasainen ja tasainen voima auttaa kytkint\u00e4 kest\u00e4m\u00e4\u00e4n pidemp\u00e4\u00e4n, joten se voi toimia hyvin vuosia hyvin v\u00e4h\u00e4isell\u00e4 huollolla.<\/p>\n<p>N\u00e4iden ominaisuuksien ansiosta FMP:n joustavat kytkimet ovat loistava valinta, jos haluat tehostaa voimansiirtoj\u00e4rjestelm\u00e4si toimintaa ja pident\u00e4\u00e4 sen k\u00e4ytt\u00f6ik\u00e4\u00e4.<\/p>\n<p><img loading=\"lazy\" decoding=\"async\" class=\"wp-image-6377 aligncenter\" src=\"https:\/\/fmp-components.com\/wp-content\/uploads\/2025\/03\/Flange-Flexible-Couplings-2.webp\" alt=\"Laippajoustokytkimet\" width=\"836\" height=\"303\" title=\"\" srcset=\"https:\/\/fmp-components.com\/wp-content\/uploads\/2025\/03\/Flange-Flexible-Couplings-2.webp 836w, https:\/\/fmp-components.com\/wp-content\/uploads\/2025\/03\/Flange-Flexible-Couplings-2-480x174.webp 480w\" sizes=\"(min-width: 0px) and (max-width: 480px) 480px, (min-width: 481px) 836px, 100vw\" \/><\/p>\n<h2 style=\"text-align: left;\" align=\"center\">Laippajoustokytkimien tekniset tiedot<\/h2>\n<p><img loading=\"lazy\" decoding=\"async\" class=\"wp-image-6378 aligncenter\" src=\"https:\/\/fmp-components.com\/wp-content\/uploads\/2025\/03\/Flange-Flexible-Couplings-3.webp\" alt=\"Laippajoustokytkimet\" width=\"200\" height=\"216\" title=\"\"><\/p>\n<table style=\"width: 102.258%; height: 601px;\" border=\"1\" cellspacing=\"1\" cellpadding=\"1\" bgcolor=\"#99ccff\">\n<tbody>\n<tr>\n<td align=\"center\" width=\"45\">KOKO<\/td>\n<td align=\"center\" width=\"35\">Nm<\/td>\n<td align=\"center\" width=\"29\">kierrosta minuutissa<\/td>\n<td align=\"center\" width=\"21\">D<\/td>\n<td align=\"center\" width=\"25\">D1<\/td>\n<td align=\"center\" width=\"14\">d1<\/td>\n<td align=\"center\" width=\"25\">L<\/td>\n<td align=\"center\" width=\"9\">C<\/td>\n<td align=\"center\" width=\"73\">nM<\/td>\n<td align=\"center\" width=\"34\">KG<\/td>\n<\/tr>\n<tr bgcolor=\"#cccccc\">\n<td align=\"center\" width=\"45\">90<\/td>\n<td align=\"center\" width=\"35\">4<\/td>\n<td align=\"center\" width=\"29\">4000<\/td>\n<td align=\"center\" width=\"21\">90<\/td>\n<td align=\"center\" width=\"25\">35.5<\/td>\n<td align=\"center\" width=\"14\">11<\/td>\n<td align=\"center\" width=\"25\">28<\/td>\n<td align=\"center\" width=\"9\">3<\/td>\n<td align=\"center\" width=\"73\">4-M8*50<\/td>\n<td align=\"center\" width=\"34\">1.7<\/td>\n<\/tr>\n<tr>\n<td align=\"center\" width=\"45\">100<\/td>\n<td align=\"center\" width=\"35\">10<\/td>\n<td align=\"center\" width=\"29\">4000<\/td>\n<td align=\"center\" width=\"21\">100<\/td>\n<td align=\"center\" width=\"25\">40<\/td>\n<td align=\"center\" width=\"14\">11<\/td>\n<td align=\"center\" width=\"25\">35.5<\/td>\n<td align=\"center\" width=\"9\">3<\/td>\n<td align=\"center\" width=\"73\">4-M10*56<\/td>\n<td align=\"center\" width=\"34\">2.3<\/td>\n<\/tr>\n<tr bgcolor=\"#cccccc\">\n<td align=\"center\" width=\"45\">112<\/td>\n<td align=\"center\" width=\"35\">16<\/td>\n<td align=\"center\" width=\"29\">4000<\/td>\n<td align=\"center\" width=\"21\">112<\/td>\n<td align=\"center\" width=\"25\">45<\/td>\n<td align=\"center\" width=\"14\">13<\/td>\n<td align=\"center\" width=\"25\">40<\/td>\n<td align=\"center\" width=\"9\">3<\/td>\n<td align=\"center\" width=\"73\">4-M10*56<\/td>\n<td align=\"center\" width=\"34\">2.8<\/td>\n<\/tr>\n<tr>\n<td align=\"center\" width=\"45\">125<\/td>\n<td align=\"center\" width=\"35\">25<\/td>\n<td align=\"center\" width=\"29\">4000<\/td>\n<td align=\"center\" width=\"21\">125<\/td>\n<td align=\"center\" width=\"25\">50<\/td>\n<td align=\"center\" width=\"14\">13<\/td>\n<td align=\"center\" width=\"25\">45<\/td>\n<td align=\"center\" width=\"9\">3<\/td>\n<td align=\"center\" width=\"73\">4-M12*64<\/td>\n<td align=\"center\" width=\"34\">4.0<\/td>\n<\/tr>\n<tr bgcolor=\"#cccccc\">\n<td align=\"center\" width=\"45\">140<\/td>\n<td align=\"center\" width=\"35\">50<\/td>\n<td align=\"center\" width=\"29\">4000<\/td>\n<td align=\"center\" width=\"21\">140<\/td>\n<td align=\"center\" width=\"25\">63<\/td>\n<td align=\"center\" width=\"14\">13<\/td>\n<td align=\"center\" width=\"25\">50<\/td>\n<td align=\"center\" width=\"9\">3<\/td>\n<td align=\"center\" width=\"73\">6-M12*64<\/td>\n<td align=\"center\" width=\"34\">5.4<\/td>\n<\/tr>\n<tr>\n<td align=\"center\" width=\"45\">160<\/td>\n<td align=\"center\" width=\"35\">110<\/td>\n<td align=\"center\" width=\"29\">4000<\/td>\n<td align=\"center\" width=\"21\">160<\/td>\n<td align=\"center\" width=\"25\">80<\/td>\n<td align=\"center\" width=\"14\">15<\/td>\n<td align=\"center\" width=\"25\">56<\/td>\n<td align=\"center\" width=\"9\">3<\/td>\n<td align=\"center\" width=\"73\">8-M12*64<\/td>\n<td align=\"center\" width=\"34\">8.0<\/td>\n<\/tr>\n<tr bgcolor=\"#cccccc\">\n<td align=\"center\" width=\"45\">180<\/td>\n<td align=\"center\" width=\"35\">157<\/td>\n<td align=\"center\" width=\"29\">3500<\/td>\n<td align=\"center\" width=\"21\">180<\/td>\n<td align=\"center\" width=\"25\">90<\/td>\n<td align=\"center\" width=\"14\">15<\/td>\n<td align=\"center\" width=\"25\">63<\/td>\n<td align=\"center\" width=\"9\">3<\/td>\n<td align=\"center\" width=\"73\">8-M12*64<\/td>\n<td align=\"center\" width=\"34\">10.5<\/td>\n<\/tr>\n<tr>\n<td align=\"center\" width=\"45\">200<\/td>\n<td align=\"center\" width=\"35\">245<\/td>\n<td align=\"center\" width=\"29\">3200<\/td>\n<td align=\"center\" width=\"21\">200<\/td>\n<td align=\"center\" width=\"25\">100<\/td>\n<td align=\"center\" width=\"14\">21<\/td>\n<td align=\"center\" width=\"25\">71<\/td>\n<td align=\"center\" width=\"9\">4<\/td>\n<td align=\"center\" width=\"73\">8-M20*85<\/td>\n<td align=\"center\" width=\"34\">16.2<\/td>\n<\/tr>\n<tr bgcolor=\"#cccccc\">\n<td align=\"center\" width=\"45\">224<\/td>\n<td align=\"center\" width=\"35\">392<\/td>\n<td align=\"center\" width=\"29\">2850<\/td>\n<td align=\"center\" width=\"21\">224<\/td>\n<td align=\"center\" width=\"25\">112<\/td>\n<td align=\"center\" width=\"14\">21<\/td>\n<td align=\"center\" width=\"25\">80<\/td>\n<td align=\"center\" width=\"9\">4<\/td>\n<td align=\"center\" width=\"73\">8-M20*85<\/td>\n<td align=\"center\" width=\"34\">21.3<\/td>\n<\/tr>\n<tr>\n<td align=\"center\" width=\"45\">250<\/td>\n<td align=\"center\" width=\"35\">618<\/td>\n<td align=\"center\" width=\"29\">2550<\/td>\n<td align=\"center\" width=\"21\">250<\/td>\n<td align=\"center\" width=\"25\">125<\/td>\n<td align=\"center\" width=\"14\">25<\/td>\n<td align=\"center\" width=\"25\">90<\/td>\n<td align=\"center\" width=\"9\">4<\/td>\n<td align=\"center\" width=\"73\">8-M24*100<\/td>\n<td align=\"center\" width=\"34\">31.6<\/td>\n<\/tr>\n<tr bgcolor=\"#cccccc\">\n<td align=\"center\" width=\"45\">280<\/td>\n<td align=\"center\" width=\"35\">980<\/td>\n<td align=\"center\" width=\"29\">2300<\/td>\n<td align=\"center\" width=\"21\">280<\/td>\n<td align=\"center\" width=\"25\">140<\/td>\n<td align=\"center\" width=\"14\">34<\/td>\n<td align=\"center\" width=\"25\">100<\/td>\n<td align=\"center\" width=\"9\">4<\/td>\n<td align=\"center\" width=\"73\">8-M24*116<\/td>\n<td align=\"center\" width=\"34\">44.0<\/td>\n<\/tr>\n<tr>\n<td align=\"center\" width=\"45\">315<\/td>\n<td align=\"center\" width=\"35\">1568<\/td>\n<td align=\"center\" width=\"29\">2050<\/td>\n<td align=\"center\" width=\"21\">315<\/td>\n<td align=\"center\" width=\"25\">160<\/td>\n<td align=\"center\" width=\"14\">41<\/td>\n<td align=\"center\" width=\"25\">112<\/td>\n<td align=\"center\" width=\"9\">4<\/td>\n<td align=\"center\" width=\"73\">10-M24*116<\/td>\n<td align=\"center\" width=\"34\">57.7<\/td>\n<\/tr>\n<tr bgcolor=\"#cccccc\">\n<td align=\"center\" width=\"45\">355<\/td>\n<td align=\"center\" width=\"35\">2450<\/td>\n<td align=\"center\" width=\"29\">1800<\/td>\n<td align=\"center\" width=\"21\">355<\/td>\n<td align=\"center\" width=\"25\">180<\/td>\n<td align=\"center\" width=\"14\">60<\/td>\n<td align=\"center\" width=\"25\">125<\/td>\n<td align=\"center\" width=\"9\">5<\/td>\n<td align=\"center\" width=\"73\">8-M30*150<\/td>\n<td align=\"center\" width=\"34\">89.5<\/td>\n<\/tr>\n<tr>\n<td align=\"center\" width=\"45\">400<\/td>\n<td align=\"center\" width=\"35\">3920<\/td>\n<td align=\"center\" width=\"29\">1600<\/td>\n<td align=\"center\" width=\"21\">400<\/td>\n<td align=\"center\" width=\"25\">200<\/td>\n<td align=\"center\" width=\"14\">60<\/td>\n<td align=\"center\" width=\"25\">125<\/td>\n<td align=\"center\" width=\"9\">5<\/td>\n<td align=\"center\" width=\"73\">10-M30*150<\/td>\n<td align=\"center\" width=\"34\">89.5<\/td>\n<\/tr>\n<tr bgcolor=\"#cccccc\">\n<td align=\"center\" width=\"45\">450<\/td>\n<td align=\"center\" width=\"35\">6174<\/td>\n<td align=\"center\" width=\"29\">1400<\/td>\n<td align=\"center\" width=\"21\">450<\/td>\n<td align=\"center\" width=\"25\">224<\/td>\n<td align=\"center\" width=\"14\">65<\/td>\n<td align=\"center\" width=\"25\">140<\/td>\n<td align=\"center\" width=\"9\">5<\/td>\n<td align=\"center\" width=\"73\">12-M30*150<\/td>\n<td align=\"center\" width=\"34\">145<\/td>\n<\/tr>\n<tr>\n<td align=\"center\" width=\"45\">560<\/td>\n<td align=\"center\" width=\"35\">9800<\/td>\n<td align=\"center\" width=\"29\">1150<\/td>\n<td align=\"center\" width=\"21\">560<\/td>\n<td align=\"center\" width=\"25\">250<\/td>\n<td align=\"center\" width=\"14\">85<\/td>\n<td align=\"center\" width=\"25\">160<\/td>\n<td align=\"center\" width=\"9\">5<\/td>\n<td align=\"center\" width=\"73\">14-M30*150<\/td>\n<td align=\"center\" width=\"34\">229<\/td>\n<\/tr>\n<tr bgcolor=\"#cccccc\">\n<td align=\"center\" width=\"45\">630<\/td>\n<td align=\"center\" width=\"35\">15680<\/td>\n<td align=\"center\" width=\"29\">1000<\/td>\n<td align=\"center\" width=\"21\">630<\/td>\n<td align=\"center\" width=\"25\">280<\/td>\n<td align=\"center\" width=\"14\">95<\/td>\n<td align=\"center\" width=\"25\">180<\/td>\n<td align=\"center\" width=\"9\">5<\/td>\n<td align=\"center\" width=\"73\">18-M30*150<\/td>\n<td align=\"center\" width=\"34\">296<\/td>\n<\/tr>\n<\/tbody>\n<\/table>\n<h3>Joustavien kytkent\u00e4tyyppien<\/h3>\n<div>\n<p class=\"break-words\" dir=\"auto\">Joustavat kytkimet ovat mekaanisia laitteita, joita k\u00e4ytet\u00e4\u00e4n kahden akselin yhdist\u00e4miseen. Ne mahdollistavat v\u00e4\u00e4nt\u00f6momentin siirron samalla kun ne ottavat huomioon linjausvirheet ja v\u00e4hent\u00e4v\u00e4t liitettyjen komponenttien rasitusta. Yksi yleinen tyyppi on leukakytkin, joka koostuu kahdesta navasta, joissa on lukittuvat leuat ja elastomeerinen ristikkoelementti. Ristikkoelementti vaimentaa iskuja, vaimentaa t\u00e4rin\u00e4\u00e4 ja kompensoi pieni\u00e4 kulma-, yhdensuuntaisuus- ja aksiaalipoikkeamia, mik\u00e4 tekee siit\u00e4 ihanteellisen yleisk\u00e4ytt\u00f6\u00f6n tarkoitetuille sovelluksille, kuten pumpuille ja moottoreille.<\/p>\n<p class=\"break-words\" dir=\"auto\">Toinen tyyppi on paljekytkin, jolle on ominaista ohut, joustava metallipalje, joka yhdist\u00e4\u00e4 akselit. T\u00e4m\u00e4 rakenne tarjoaa suuren v\u00e4\u00e4nt\u00f6j\u00e4ykkyyden tarkkaa v\u00e4\u00e4nt\u00f6momentin siirtoa varten ja samalla mahdollistaa joustavuuden kulma- ja aksiaalipoikkeamien k\u00e4sittelyss\u00e4. Paljekytkimi\u00e4 k\u00e4ytet\u00e4\u00e4n usein eritt\u00e4in tarkoissa j\u00e4rjestelmiss\u00e4, kuten servomoottoreissa ja pulssianturissa, joissa tarkkuuden yll\u00e4pit\u00e4minen dynaamisissa olosuhteissa on kriittist\u00e4.<\/p>\n<p class=\"break-words\" dir=\"auto\">Kolmas tyyppi on kiekkokytkin, jossa k\u00e4ytet\u00e4\u00e4n sarjaa ohuita, joustavia metallilevyj\u00e4, jotka on pinottu yhteen muodostaen paketin. Levypaketti joustaa mukautuakseen linjausvirheisiin ja vaimentaakseen t\u00e4rin\u00e4\u00e4 samalla, kun se siirt\u00e4\u00e4 v\u00e4\u00e4nt\u00f6momenttia tehokkaasti. Kiekkokytkimet ovat eritt\u00e4in kest\u00e4vi\u00e4 ja sopivat vaativiin sovelluksiin, kuten turbiineihin ja kompressoreihin, joissa luotettavuus ja minimaalinen huoltotarve ovat olennaisia.<\/p>\n<p dir=\"auto\"><img loading=\"lazy\" decoding=\"async\" class=\"wp-image-7803 aligncenter\" src=\"https:\/\/fmp-components.com\/wp-content\/uploads\/2025\/03\/flexible-coupling3.webp\" alt=\"joustava kytkent\u00e4\" width=\"531\" height=\"476\" title=\"\" srcset=\"https:\/\/fmp-components.com\/wp-content\/uploads\/2025\/03\/flexible-coupling3.webp 173w, https:\/\/fmp-components.com\/wp-content\/uploads\/2025\/03\/flexible-coupling3-13x12.webp 13w\" sizes=\"(max-width: 531px) 100vw, 531px\" \/><\/p>\n<\/div>\n<h2>Laipalliset joustavat kytkimet: Tarkkuustekniikkaa italialaisilta kytkent\u00e4asiantuntijoilta FMP<\/h2>\n<p>FMP on johtava italialainen valmistaja, joka on erikoistunut laajaan valikoimaan kytkimi\u00e4, jotka on suunniteltu siirt\u00e4m\u00e4\u00e4n v\u00e4\u00e4nt\u00f6momenttia akseleiden v\u00e4lill\u00e4 samalla kun ne omaksuvat linjausvirheet ja liikkeen. Olitpa sitten Milanon vilkkaalla valmistusteollisuudella tai Firenzen k\u00e4sity\u00f6l\u00e4isverstaalla, laipalliset joustavat kytkimemme \u2013 jotka on valmistettu kest\u00e4vist\u00e4 materiaaleista, kuten ruostumattomasta ter\u00e4ksest\u00e4, kumista ja messingist\u00e4 \u2013 varmistavat saumattoman voimansiirron ja toiminnan tehokkuuden sovelluksissa pumppuyksik\u00f6ist\u00e4 meripropulsioj\u00e4rjestelmiin.<\/p>\n<p>FMP on ylpe\u00e4 voidessaan tarjota laajan valikoiman kytkent\u00e4tyyppej\u00e4, mukaan lukien mekaanisesti joustavat, metallielementti- ja elastomeerielementtimallit, jotka kaikki on r\u00e4\u00e4t\u00e4l\u00f6ity vastaamaan erityisi\u00e4 teollisuuden tarpeita. Laajan tuotevalikoimamme lis\u00e4ksi tarjoamme my\u00f6s r\u00e4\u00e4t\u00e4l\u00f6ityj\u00e4 ratkaisuja asiakkaille Italiassa ja muualla. Jos olet Bolognassa ja tarvitset ainutlaatuisen laipallisen joustavan kytkimen maatalouskoneillesi tai etsit r\u00e4\u00e4t\u00e4l\u00f6ity\u00e4 mallia suurnopeussovellukseen Milanossa, FMP:n asiantuntevat insin\u00f6\u00f6rit ovat valmiita ty\u00f6skentelem\u00e4\u00e4n kanssasi. R\u00e4\u00e4t\u00e4l\u00f6intiprosessimme varmistaa, ett\u00e4 jokainen kytkent\u00e4 rakennetaan tarkkojen eritelmiesi mukaisesti, mik\u00e4 tarjoaa suorituskyky\u00e4 ja kest\u00e4vyytt\u00e4, johon voit luottaa.<\/p>\n<p>Etk\u00f6 l\u00f6yd\u00e4 tarvitsemaasi mallia tuoteluettelostamme? \u00c4l\u00e4 huoli \u2013 luetteloamme p\u00e4ivitet\u00e4\u00e4n jatkuvasti, emmek\u00e4 v\u00e4ltt\u00e4m\u00e4tt\u00e4 ole viel\u00e4 ladanneet kaikkia vaihtoehtoja. Firenzess\u00e4, Bolognassa tai muualla sijaitsevat yritykset voivat l\u00e4hett\u00e4\u00e4 meille s\u00e4hk\u00f6postia tarpeistaan. Omistautunut italialaisten insin\u00f6\u00f6rien tiimimme vastaa 24 tunnin kuluessa r\u00e4\u00e4t\u00e4l\u00f6idyill\u00e4 neuvoilla ja ratkaisuilla.<\/p>","protected":false},"excerpt":{"rendered":"<p>FMP&#8217;s flexible couplings are made to reduce vibration and cut down the cost of fixing transmission systems. Their special design helps protect the transmission from damage and makes less noise while running, which makes the system work better and last longer. Plus, these couplings are easy to install and adjust, so you can save time [&hellip;]<\/p>","protected":false},"featured_media":6376,"comment_status":"open","ping_status":"closed","template":"","meta":{"_et_pb_use_builder":"","_et_pb_old_content":"","_et_gb_content_width":""},"product_brand":[],"product_cat":[101],"product_tag":[],"class_list":{"0":"post-6375","1":"product","2":"type-product","3":"status-publish","4":"has-post-thumbnail","6":"product_cat-coupling","8":"first","9":"instock","10":"shipping-taxable","11":"product-type-simple"},"_links":{"self":[{"href":"https:\/\/fmp-components.com\/fi\/wp-json\/wp\/v2\/product\/6375","targetHints":{"allow":["GET"]}}],"collection":[{"href":"https:\/\/fmp-components.com\/fi\/wp-json\/wp\/v2\/product"}],"about":[{"href":"https:\/\/fmp-components.com\/fi\/wp-json\/wp\/v2\/types\/product"}],"replies":[{"embeddable":true,"href":"https:\/\/fmp-components.com\/fi\/wp-json\/wp\/v2\/comments?post=6375"}],"wp:featuredmedia":[{"embeddable":true,"href":"https:\/\/fmp-components.com\/fi\/wp-json\/wp\/v2\/media\/6376"}],"wp:attachment":[{"href":"https:\/\/fmp-components.com\/fi\/wp-json\/wp\/v2\/media?parent=6375"}],"wp:term":[{"taxonomy":"product_brand","embeddable":true,"href":"https:\/\/fmp-components.com\/fi\/wp-json\/wp\/v2\/product_brand?post=6375"},{"taxonomy":"product_cat","embeddable":true,"href":"https:\/\/fmp-components.com\/fi\/wp-json\/wp\/v2\/product_cat?post=6375"},{"taxonomy":"product_tag","embeddable":true,"href":"https:\/\/fmp-components.com\/fi\/wp-json\/wp\/v2\/product_tag?post=6375"}],"curies":[{"name":"wp","href":"https:\/\/api.w.org\/{rel}","templated":true}]}}