{"id":604,"date":"2024-12-17T01:34:18","date_gmt":"2024-12-17T01:34:18","guid":{"rendered":"https:\/\/fmp-components.com\/?page_id=8"},"modified":"2024-12-17T02:06:31","modified_gmt":"2024-12-17T02:06:31","slug":"hydraulic-cylinder-for-filter-press","status":"publish","type":"product","link":"https:\/\/fmp-components.com\/fi\/product\/hydraulic-cylinder-for-filter-press\/","title":{"rendered":"Hydraulinen sylinteri suodatinpuristimelle"},"content":{"rendered":"<p style=\"text-align: center;\"><span style=\"font-size: 18pt;\">Hydraulinen sylinteri suodatinpuristimelle<\/span><\/p>\n<p>Suodatinpuristimen hydraulisylinteri on erikoistunut hydraulinen komponentti, joka on suunniteltu tarjoamaan tarvittava voima suodatinpuristimien k\u00e4ytt\u00e4miseen erilaisissa teollisissa sovelluksissa, kuten j\u00e4tevedenk\u00e4sittelyss\u00e4, elintarvikkeiden jalostuksessa ja kemianteollisuudessa. T\u00e4ll\u00e4 sylinterill\u00e4 on t\u00e4rke\u00e4 rooli suodatusprosessissa kohdistamalla painetta suodatinpuristimen levyihin ja varmistamalla kiinteiden aineiden tehokkaan erottelun nesteist\u00e4.<\/p>\n<p><img loading=\"lazy\" decoding=\"async\" class=\"alignnone size-full wp-image-609\" src=\"https:\/\/fmp-components.com\/wp-content\/uploads\/2024\/12\/Filter-Press-Hydraulic-Cylinder-1.webp\" alt=\"Suodatinpuristin-Hydraulinen-sylinteri\" width=\"1000\" height=\"600\" title=\"\" srcset=\"https:\/\/fmp-components.com\/wp-content\/uploads\/2024\/12\/Filter-Press-Hydraulic-Cylinder-1.webp 1000w, https:\/\/fmp-components.com\/wp-content\/uploads\/2024\/12\/Filter-Press-Hydraulic-Cylinder-1-980x588.webp 980w, https:\/\/fmp-components.com\/wp-content\/uploads\/2024\/12\/Filter-Press-Hydraulic-Cylinder-1-480x288.webp 480w\" sizes=\"(min-width: 0px) and (max-width: 480px) 480px, (min-width: 481px) and (max-width: 980px) 980px, (min-width: 981px) 1000px, 100vw\" \/><\/p>\n<h4>T\u00e4rkeimm\u00e4t ominaisuudet:<\/h4>\n<ul>\n<li><strong>Korkeapaineominaisuus:<\/strong> T\u00e4m\u00e4 hydraulisylinteri on suunniteltu kest\u00e4m\u00e4\u00e4n korkeita k\u00e4ytt\u00f6paineita, ja se tuottaa optimaalisen suodatustehon saavuttamiseksi tarvittavan voiman.<\/li>\n<li><strong>Kest\u00e4v\u00e4 rakenne:<\/strong> Eritt\u00e4in lujista materiaaleista valmistettu suodatinpuristimen hydraulisylinteri on rakennettu kest\u00e4m\u00e4\u00e4n suodatusprosessien vaativat olosuhteet, mik\u00e4 varmistaa pitk\u00e4ik\u00e4isen kest\u00e4vyyden ja luotettavuuden.<\/li>\n<li><strong>Sujuva toiminta:<\/strong> Edistyksellinen hydraulinen rakenne mahdollistaa sujuvat ja hallitut liikkeet, mik\u00e4 helpottaa tarkkoja s\u00e4\u00e4t\u00f6j\u00e4 suodatinpuristimen k\u00e4yt\u00f6n aikana.<\/li>\n<li><strong>Monipuolinen sovellus:<\/strong> Ihanteellinen monille eri teollisuudenaloille, kuten kaivos-, l\u00e4\u00e4ke- ja elintarviketeollisuudelle, t\u00e4m\u00e4 sylinteri parantaa suodatinpuristimien toimivuutta erilaisissa sovelluksissa.<\/li>\n<li><strong>V\u00e4h\u00e4inen huoltotarve:<\/strong> Minimoimaan kulumisen ja repe\u00e4misen, hydraulisylinteri vaatii v\u00e4hemm\u00e4n huoltoa, mik\u00e4 v\u00e4hent\u00e4\u00e4 seisokkiaikoja ja parantaa toiminnan tehokkuutta.<\/li>\n<\/ul>\n<p>Yhteenvetona voidaan todeta, ett\u00e4 suodatinpuristimen hydraulisylinteri on olennainen osa, joka optimoi suodatinpuristimien suorituskyvyn ja tekee siit\u00e4 korvaamattoman tehokkaaseen kiinte\u00e4n ja nesteen erotteluun erilaisissa teollisuusymp\u00e4rist\u00f6iss\u00e4.<\/p>\n<h2>Suodatinpuristimen hydraulisylinterin tekniset tiedot:<\/h2>\n<p><img loading=\"lazy\" decoding=\"async\" class=\"size-full wp-image-605 aligncenter\" src=\"https:\/\/fmp-components.com\/wp-content\/uploads\/2024\/12\/Filter-Press-Hydraulic-Cylinder1.webp\" alt=\"Suodatinpuristimen hydraulisylinteri\" width=\"500\" height=\"200\" title=\"\" srcset=\"https:\/\/fmp-components.com\/wp-content\/uploads\/2024\/12\/Filter-Press-Hydraulic-Cylinder1.webp 500w, https:\/\/fmp-components.com\/wp-content\/uploads\/2024\/12\/Filter-Press-Hydraulic-Cylinder1-480x192.webp 480w\" sizes=\"(min-width: 0px) and (max-width: 480px) 480px, (min-width: 481px) 500px, 100vw\" \/><\/p>\n<table style=\"width: 102.341%; height: 208px;\" border=\"1\" cellspacing=\"0\" cellpadding=\"0\">\n<tbody>\n<tr>\n<td style=\"width: 25.9768%;\">Tuotteen nimi<\/td>\n<td style=\"width: 73.9176%;\">Suodatinpuristimen hydraulisylinteri<\/td>\n<\/tr>\n<tr>\n<td style=\"width: 25.9768%;\">Ominaisuudet:<\/td>\n<td style=\"width: 73.9176%;\">Ty\u00f6nn\u00e4\/ty\u00f6nn\u00e4 painelevy\u00e4 puristaaksesi\/vet\u00e4m\u00e4ll\u00e4 painetta puristaaksesi painelevy\u00e4<\/td>\n<\/tr>\n<tr>\n<td style=\"width: 25.9768%;\">Rei\u00e4n halkaisija:<\/td>\n<td style=\"width: 73.9176%;\">160 mm\uff5e580 mm<\/td>\n<\/tr>\n<tr>\n<td style=\"width: 25.9768%;\">Tangon halkaisija:<\/td>\n<td style=\"width: 73.9176%;\">110 mm\uff5e410 mm<br \/>\nIsku \u22642600 mm<\/td>\n<\/tr>\n<tr>\n<td style=\"width: 25.9768%;\">Ty\u00f6nt\u00f6voima:<\/td>\n<td style=\"width: 73.9176%;\">Enimm\u00e4ism\u00e4\u00e4r\u00e4 11889 kN<br \/>\n(Sylinterin halkaisija 580 mm \/ paine 45 MPa)<\/td>\n<\/tr>\n<tr>\n<td style=\"width: 25.9768%;\">Suodatinpuristimen sylinterisovellukset:<\/td>\n<td style=\"width: 73.9176%;\">Suodatinpuristin<\/td>\n<\/tr>\n<\/tbody>\n<\/table>\n<h2>Suodatinpuristimen hydraulisylinterin edut<\/h2>\n<p>Suodatinpuristimien hydraulisylinterit ovat olennaisia \u200b\u200bkomponentteja suodatinpuristimien toiminnassa. Suodatinpuristimia k\u00e4ytet\u00e4\u00e4n laajalti eri teollisuudenaloilla, kuten vedenk\u00e4sittelyss\u00e4, kemianteollisuudessa, kaivosteollisuudessa ja elintarviketuotannossa. N\u00e4ill\u00e4 sylintereill\u00e4 on ratkaiseva rooli puristus- ja vedenpoistoprosesseissa. Alla on joitakin hydraulisylinterien k\u00e4yt\u00f6n t\u00e4rkeimmist\u00e4 eduista suodatinpuristimissa:<\/p>\n<h3>1. Korkeapaineominaisuus<\/h3>\n<p>Suodatinpuristimien hydraulisylinterit on suunniteltu k\u00e4sittelem\u00e4\u00e4n eritt\u00e4in korkeita paineita, tyypillisesti 200\u20131000 baaria, suodatinpuristimen koosta riippuen. T\u00e4m\u00e4 on ratkaisevan t\u00e4rke\u00e4\u00e4 tarvittavan voiman kohdistamiseksi suodatinlevyjen puristamiseksi, suodoksen poistamiseksi ja lietteen tehokkaan vedenpoiston varmistamiseksi.<\/p>\n<h3>2. Tarkka ohjaus ja s\u00e4\u00e4dett\u00e4vyys<\/h3>\n<p>Hydraulij\u00e4rjestelm\u00e4t tarjoavat tarkan hallinnan puristusvoimalle. Painetta voidaan s\u00e4\u00e4t\u00e4\u00e4 ja ohjata suodatusprosessin optimoimiseksi, mik\u00e4 mahdollistaa tehokkaan ja tasaisen suorituskyvyn. T\u00e4m\u00e4 tarkkuus varmistaa my\u00f6s laitteiden turvallisuuden ja auttaa minimoimaan kulumista.<\/p>\n<h3>3. Automatisoitu toiminta<\/h3>\n<p>Hydraulisylinterit mahdollistavat automaattisen toiminnan, mik\u00e4 v\u00e4hent\u00e4\u00e4 manuaalisen puuttumisen tarvetta. Suodatinpuristin voi s\u00e4\u00e4t\u00e4\u00e4 painetta automaattisesti suodatusjakson aikana, mik\u00e4 varmistaa optimaalisen suorituskyvyn ja s\u00e4\u00e4st\u00e4\u00e4 samalla aikaa ja ty\u00f6voimakustannuksia.<\/p>\n<h3>4. Kest\u00e4vyys ja luotettavuus<\/h3>\n<p>Suodatinpuristimissa k\u00e4ytett\u00e4v\u00e4t hydraulisylinterit on valmistettu eritt\u00e4in lujista materiaaleista ja ne on rakennettu kest\u00e4m\u00e4\u00e4n ankaria k\u00e4ytt\u00f6olosuhteita, kuten altistumista sy\u00f6vytt\u00e4ville kemikaaleille tai hankaaville lietteille. T\u00e4m\u00e4 tekee niist\u00e4 eritt\u00e4in kest\u00e4vi\u00e4 ja luotettavia, mik\u00e4 v\u00e4hent\u00e4\u00e4 seisokkiaikoja ja tarvetta usein vaihdettaville osille.<\/p>\n<h3>5. Kompakti ja tilaa s\u00e4\u00e4st\u00e4v\u00e4<\/h3>\n<p>Hydraulisylinterit ovat kompakteja ja tarjoavat suuren voiman vaatimatta paljon tilaa. T\u00e4m\u00e4 on erityisen t\u00e4rke\u00e4\u00e4 teollisuudenaloilla, joilla tilaa on rajoitetusti, kuten j\u00e4tevedenpuhdistamoissa tai kemianteollisuuden laitoksissa.<\/p>\n<h3>6. Energiatehokkuus<\/h3>\n<p>Hydrauliset j\u00e4rjestelm\u00e4t voivat olla energiatehokkaampia verrattuna muihin mekaanisiin j\u00e4rjestelmiin, koska ne k\u00e4ytt\u00e4v\u00e4t paineistettua nestett\u00e4 voiman v\u00e4litt\u00e4miseen. T\u00e4m\u00e4 voi auttaa v\u00e4hent\u00e4m\u00e4\u00e4n suodatinpuristinj\u00e4rjestelm\u00e4n kokonaisenergiankulutusta ja siten tuomaan kustannuss\u00e4\u00e4st\u00f6j\u00e4 pitk\u00e4ll\u00e4 aikav\u00e4lill\u00e4.<\/p>\n<h3>7. V\u00e4h\u00e4inen huoltotarve<\/h3>\n<p>Hydraulisylinterit vaativat yleens\u00e4 v\u00e4hemm\u00e4n huoltoa verrattuna mekaanisiin tai pneumaattisiin j\u00e4rjestelmiin. Asianmukaisella huollolla, kuten s\u00e4\u00e4nn\u00f6llisill\u00e4 nesteiden tarkistuksilla ja tiivisteiden huollolla, hydraulisylinterit voivat tarjota pitk\u00e4n k\u00e4ytt\u00f6i\u00e4n, mik\u00e4 on kustannustehokasta teollisuudenaloilla, jotka ovat riippuvaisia \u200b\u200bjatkuvasta suodatuksesta.<\/p>\n<h3>8. Kyky k\u00e4sitell\u00e4 suurempia kuormia<\/h3>\n<p>Hydraulij\u00e4rjestelm\u00e4t voivat tuottaa merkitt\u00e4v\u00e4\u00e4 voimaa kokoonsa n\u00e4hden, mik\u00e4 tekee niist\u00e4 ihanteellisia suodatinpuristimien raskaiden kuormitusvaatimusten k\u00e4sittelyyn. T\u00e4m\u00e4n ominaisuuden ansiosta suodatinpuristimilla voidaan k\u00e4sitell\u00e4 suurempia lietem\u00e4\u00e4ri\u00e4 ja tuottaa tehokkaampia vedenpoistotuloksia.<\/p>\n<h3>9. V\u00e4hentynyt kuluminen<\/h3>\n<p>Hydraulisylinterit k\u00e4ytt\u00e4v\u00e4t nestett\u00e4 liikkeen luomiseen, mik\u00e4 v\u00e4hent\u00e4\u00e4 mekaanisilla vivustoilla varustetuissa j\u00e4rjestelmiss\u00e4 tyypillisesti esiintyv\u00e4\u00e4 kitkaa ja mekaanista kulumista. T\u00e4m\u00e4 pident\u00e4\u00e4 koko suodatinpuristinj\u00e4rjestelm\u00e4n k\u00e4ytt\u00f6ik\u00e4\u00e4.<\/p>\n<h3>10. Turvaominaisuudet<\/h3>\n<p>Monissa suodatinpuristimien hydraulij\u00e4rjestelmiss\u00e4 on sis\u00e4\u00e4nrakennetut turvamekanismit, kuten paineenalennusventtiilit ja anturit, jotka auttavat est\u00e4m\u00e4\u00e4n j\u00e4rjestelm\u00e4n ylikuormitusta ja suojaamaan laitteita vaurioilta.<\/p>\n<h3>11. Mukautettavat mallit<\/h3>\n<p>Suodatinpuristimien hydraulisylintereit\u00e4 voidaan r\u00e4\u00e4t\u00e4l\u00f6id\u00e4 vastaamaan sovelluksen erityisvaatimuksia. Olipa kyse sitten paineesta, iskunpituudesta tai materiaalivalinnasta, hydraulisylinterit voidaan suunnitella vastaamaan tietyn teollisuudenalan tai suodatusprosessin tarkkoja tarpeita.<\/p>\n<p>Yhteenvetona voidaan todeta, ett\u00e4 hydraulisten sylinterien edut suodatinpuristimissa johtuvat niiden korkeasta paineenkestokyvyst\u00e4, tarkasta ohjauksesta, luotettavuudesta, energiatehokkuudesta ja kest\u00e4vyydest\u00e4. N\u00e4m\u00e4 ominaisuudet tekev\u00e4t niist\u00e4 ihanteellisen valinnan teollisuudenaloille, jotka tarvitsevat kest\u00e4vi\u00e4 ja tehokkaita suodatusratkaisuja.<\/p>\n<p><img loading=\"lazy\" decoding=\"async\" class=\"alignnone size-full wp-image-610\" src=\"https:\/\/fmp-components.com\/wp-content\/uploads\/2024\/12\/fmwYxuKu-hydraulic-cylinder-factory-1.webp\" alt=\"hydraulisylinteritehdas\" width=\"1049\" height=\"665\" title=\"\" srcset=\"https:\/\/fmp-components.com\/wp-content\/uploads\/2024\/12\/fmwYxuKu-hydraulic-cylinder-factory-1.webp 1049w, https:\/\/fmp-components.com\/wp-content\/uploads\/2024\/12\/fmwYxuKu-hydraulic-cylinder-factory-1-980x621.webp 980w, https:\/\/fmp-components.com\/wp-content\/uploads\/2024\/12\/fmwYxuKu-hydraulic-cylinder-factory-1-480x304.webp 480w\" sizes=\"(min-width: 0px) and (max-width: 480px) 480px, (min-width: 481px) and (max-width: 980px) 980px, (min-width: 981px) 1049px, 100vw\" \/><\/p>\n<h2>Suodatinpuristimen hydraulisylinterin sovellukset<\/h2>\n<h3>1. J\u00e4teveden k\u00e4sittely<\/h3>\n<p>Suodatinpuristimien hydraulisylintereit\u00e4 k\u00e4ytet\u00e4\u00e4n laajalti j\u00e4tevedenpuhdistamoissa kiinteiden aineiden erottamiseen nesteist\u00e4 tehokkaasti. Merkitt\u00e4v\u00e4n paineen avulla n\u00e4m\u00e4 sylinterit auttavat varmistamaan, ett\u00e4 j\u00e4tevedet t\u00e4ytt\u00e4v\u00e4t tiukat s\u00e4\u00e4ntelystandardit ennen kuin ne p\u00e4\u00e4stet\u00e4\u00e4n ymp\u00e4rist\u00f6\u00f6n. T\u00e4m\u00e4 prosessi ei ainoastaan \u200b\u200bsuojele veden laatua, vaan my\u00f6s edist\u00e4\u00e4 kest\u00e4vi\u00e4 j\u00e4tteenk\u00e4sittelyk\u00e4yt\u00e4nt\u00f6j\u00e4, mik\u00e4 tekee siit\u00e4 ratkaisevan t\u00e4rke\u00e4n osan kunnallisissa ja teollisissa j\u00e4tevedenpuhdistamoissa.<\/p>\n<h3>2. Elintarvike- ja juomateollisuus<\/h3>\n<p>Elintarviketeollisuudessa suodatinpuristimien hydraulisylintereill\u00e4 on t\u00e4rke\u00e4 rooli useissa sovelluksissa, kuten mehujen kirkastamisessa, \u00f6ljyjen uuttamisessa ja kiinteiden aineiden erottamisessa nestem\u00e4isist\u00e4 tuotteista. Tehostamalla suodatusprosessia n\u00e4m\u00e4 sylinterit edist\u00e4v\u00e4t korkealaatuisten elintarvikkeiden ja juomien tuotantoa varmistaen, ett\u00e4 tuotteet ovat ep\u00e4puhtauksista vapaita ja t\u00e4ytt\u00e4v\u00e4t turvallisuusstandardit. Niiden tehokkuus auttaa valmistajia optimoimaan tuotantoprosesseja ja yll\u00e4pit\u00e4m\u00e4\u00e4n tuotteiden tasalaatuisuutta.<\/p>\n<h3>3. Kemianteollisuus<\/h3>\n<p>Kemiantehtaissa suodatinpuristimen hydraulisylinterit ovat v\u00e4ltt\u00e4m\u00e4tt\u00f6mi\u00e4 kiinteiden aineiden tehokkaalle erottamiselle lietteist\u00e4. T\u00e4m\u00e4 ominaisuus auttaa kemikaalien puhdistamisessa ja arvokkaiden materiaalien talteenotossa, mik\u00e4 tekee valmistusprosessista taloudellisemman ja ymp\u00e4rist\u00f6yst\u00e4v\u00e4llisemm\u00e4n. Varmistamalla, ett\u00e4 tuotannossa k\u00e4ytet\u00e4\u00e4n vain puhtaita aineita, n\u00e4m\u00e4 sylinterit auttavat yll\u00e4pit\u00e4m\u00e4\u00e4n kemiallisten tuotteiden eheytt\u00e4 ja t\u00e4ytt\u00e4m\u00e4\u00e4n alan m\u00e4\u00e4r\u00e4ykset.<\/p>\n<h3>4. Kaivostoiminta ja mineraalien rikastus<\/h3>\n<p>Kaivosteollisuudessa n\u00e4m\u00e4 hydraulisylinterit ovat kriittisi\u00e4 rikasteiden ja rikastushiekan vedenpoistossa. Ne helpottavat veden erottamista louhituista materiaaleista, mik\u00e4 auttaa j\u00e4tteenhallinnassa ja arvokkaiden mineraalien talteenotossa malmista. T\u00e4m\u00e4 ei ainoastaan \u200b\u200bparanna toiminnan tehokkuutta, vaan my\u00f6s minimoi kaivostoiminnan ymp\u00e4rist\u00f6vaikutukset v\u00e4hent\u00e4m\u00e4ll\u00e4 vedenkulutusta ja edist\u00e4m\u00e4ll\u00e4 j\u00e4tteen kierr\u00e4tyst\u00e4.<\/p>\n<h3>5. L\u00e4\u00e4kkeet<\/h3>\n<p>L\u00e4\u00e4keteollisuudessa suodatinpuristimien hydraulisylinterit auttavat suodatus- ja puhdistusprosesseissa, jotka ovat v\u00e4ltt\u00e4m\u00e4tt\u00f6mi\u00e4 turvallisten ja korkealaatuisten l\u00e4\u00e4kkeiden tuottamiseksi. Poistamalla tehokkaasti ep\u00e4puhtauksia ja varmistamalla nestem\u00e4isten valmisteiden kirkkaus, n\u00e4m\u00e4 sylinterit auttavat valmistajia noudattamaan tiukkoja s\u00e4\u00e4ntelystandardeja ja yll\u00e4pit\u00e4m\u00e4\u00e4n tuotteiden tehokkuutta. Niiden rooli on ratkaiseva sen varmistamisessa, ett\u00e4 l\u00e4\u00e4kkeet ovat sek\u00e4 turvallisia k\u00e4ytt\u00e4\u00e4 ett\u00e4 tehokkaita sairauksien hoidossa.<\/p>\n<h3>6. Sellu- ja paperiteollisuus<\/h3>\n<p>Suodatinpuristimien hydraulisylintereit\u00e4 k\u00e4ytet\u00e4\u00e4n sellu- ja paperiteollisuudessa sellun vedenpoistoon, jolloin vesi erotetaan tehokkaasti kuidusta tuotannon aikana. T\u00e4m\u00e4 prosessi ei ainoastaan \u200b\u200bparanna tuotantolinjan tehokkuutta, vaan auttaa my\u00f6s tuottamaan korkealaatuisempia paperituotteita. Minimoimalla vesipitoisuuden n\u00e4m\u00e4 sylinterit edist\u00e4v\u00e4t energians\u00e4\u00e4st\u00f6\u00e4 ja parantavat paperinvalmistusprosessin yleist\u00e4 kest\u00e4vyytt\u00e4.<\/p>\n<h3>7. Ymp\u00e4rist\u00f6n kunnostaminen<\/h3>\n<p>Ymp\u00e4rist\u00f6n puhdistusoperaatioissa suodatinpuristimien hydraulisylintereit\u00e4 k\u00e4ytet\u00e4\u00e4n ep\u00e4puhtauksien suodattamiseen maaper\u00e4st\u00e4 ja vedest\u00e4. Erottamalla tehokkaasti haitalliset aineet puhtaista materiaaleista n\u00e4ill\u00e4 sylintereill\u00e4 on merkitt\u00e4v\u00e4 rooli saastuneiden alueiden ennallistamisessa ja ymp\u00e4rist\u00f6n toipumisen edist\u00e4misess\u00e4. Niiden k\u00e4ytt\u00f6 kunnostushankkeissa korostaa niiden merkityst\u00e4 ekosysteemien ja kansanterveyden suojelemisessa.<\/p>\n<p>Suodatinpuristimien hydraulisylinterit ovat monipuolisia komponentteja, jotka parantavat kiinte\u00e4n ja nesteen erottelun tehokkuutta ja vaikuttavuutta eri teollisuudenaloilla. Niiden kyky varmistaa tuotteen laatu ja ymp\u00e4rist\u00f6m\u00e4\u00e4r\u00e4ysten noudattaminen tekee niist\u00e4 korvaamattomia j\u00e4teveden k\u00e4sittelyss\u00e4, elintarvikkeiden jalostuksessa, kemianteollisuudessa, kaivosteollisuudessa, l\u00e4\u00e4keteollisuudessa, sellu- ja paperintuotannossa sek\u00e4 ymp\u00e4rist\u00f6n kunnostuksessa. Optimoimalla n\u00e4it\u00e4 kriittisi\u00e4 prosesseja suodatinpuristimien hydraulisylinterit edist\u00e4v\u00e4t merkitt\u00e4v\u00e4sti toiminnan tehokkuutta ja kest\u00e4vyytt\u00e4 erilaisissa sovelluksissa.<\/p>\n<p><img loading=\"lazy\" decoding=\"async\" class=\"alignnone size-full wp-image-607\" src=\"https:\/\/fmp-components.com\/wp-content\/uploads\/2024\/12\/Filter-Press-Hydraulic-Cylinder.webp\" alt=\"Suodatinpuristin-Hydraulinen-sylinteri\" width=\"1024\" height=\"597\" title=\"\" srcset=\"https:\/\/fmp-components.com\/wp-content\/uploads\/2024\/12\/Filter-Press-Hydraulic-Cylinder.webp 1024w, https:\/\/fmp-components.com\/wp-content\/uploads\/2024\/12\/Filter-Press-Hydraulic-Cylinder-980x571.webp 980w, https:\/\/fmp-components.com\/wp-content\/uploads\/2024\/12\/Filter-Press-Hydraulic-Cylinder-480x280.webp 480w\" sizes=\"(min-width: 0px) and (max-width: 480px) 480px, (min-width: 481px) and (max-width: 980px) 980px, (min-width: 981px) 1024px, 100vw\" \/><\/p>\n<h3>Tietoja FMP:st\u00e4<\/h3>\n<p>FMP on hydraulisten sylinterien tuotantoon erikoistunut konepajayritys. Perustamisestaan \u200b\u200bl\u00e4htien yritys on keskittynyt hydraulisen teknologian tutkimukseen ja valmistukseen ja siirtynyt menestyksekk\u00e4\u00e4sti monipuolisesta tuotevalikoimasta, joka sis\u00e4lsi sadonkorjuu- ja rakennuskoneita, maataloustraktorien osiin erikoistumiseen. Yli kymmenen vuoden kokemuksella valmistuksesta ja johtamisesta FMP varmistaa korkealaatuiset tuotteet edistyneiden tuotantotekniikoiden avulla.<\/p>\n<p>Yrityksen kehittyess\u00e4 se on kehitt\u00e4nyt kattavan koneistuslinjan, kokoonpanolinjan ja pinnoituslinjan. Tiimimme koostuu ammattitaitoisesta johtohenkil\u00f6st\u00f6st\u00e4, kokeneista mekaanisista suunnittelijoista ja korkeasti koulutetuista teknikoista, jotka ty\u00f6skentelev\u00e4t yhdess\u00e4 yll\u00e4pit\u00e4\u00e4kseen vakaata tuotannon laatua ja samalla tehokkaasti hallitakseen prosessin jatkuvuutta ja tehokkuutta.<\/p>\n<p>FMP noudattaa filosofiaa, jonka mukaan \u201dteknologinen innovaatio edist\u00e4\u00e4 kehityst\u00e4, laatu luo br\u00e4ndej\u00e4, k\u00e4sity\u00f6taito varmistaa laadun ja rakentaa pitk\u00e4aikaisia, kaikkia hy\u00f6dytt\u00e4vi\u00e4 suhteita\u201d. Sitoutumisemme korkealaatuisten tuotteiden ja erinomaisen asiakaspalvelun tarjoamiseen on edelleen keskeinen tavoitteemme, kun jatkamme markkinoiden kehittyvien tarpeiden t\u00e4ytt\u00e4mist\u00e4.<\/p>\n<p><img loading=\"lazy\" decoding=\"async\" class=\"alignnone size-full wp-image-426\" src=\"https:\/\/fmp-components.com\/wp-content\/uploads\/2024\/12\/Sanitation-Machinery-Locking-Hydraulic-Cylinder-factory.webp\" sizes=\"(min-width: 0px) and (max-width: 480px) 480px, (min-width: 481px) and (max-width: 980px) 980px, (min-width: 981px) and (max-width: 1280px) 1280px, (min-width: 1281px) 1414px, 100vw\" srcset=\"https:\/\/fmp-components.com\/wp-content\/uploads\/2024\/12\/Sanitation-Machinery-Locking-Hydraulic-Cylinder-factory.webp 1414w, https:\/\/fmp-components.com\/wp-content\/uploads\/2024\/12\/Sanitation-Machinery-Locking-Hydraulic-Cylinder-factory-1280x529.webp 1280w, https:\/\/fmp-components.com\/wp-content\/uploads\/2024\/12\/Sanitation-Machinery-Locking-Hydraulic-Cylinder-factory-980x405.webp 980w, https:\/\/fmp-components.com\/wp-content\/uploads\/2024\/12\/Sanitation-Machinery-Locking-Hydraulic-Cylinder-factory-480x198.webp 480w\" alt=\"Sanitaatio-Koneet-Lukitus-Hydraulinen-Sylinteri-tehdas\" width=\"1414\" height=\"584\" title=\"\"><\/p>\n<p>Tekij\u00e4: CX<\/p>","protected":false},"excerpt":{"rendered":"<p>Suodatinpuristimen hydraulisylinteri on keskeinen komponentti, joka on suunniteltu tarjoamaan tarvittava voima suodatinpuristimien tehokkaaseen toimintaan erilaisissa teollisissa sovelluksissa. T\u00e4m\u00e4 sylinteri kohdistaa painetta suodatinlevyihin varmistaen kiinteiden aineiden tehokkaan erottelun nesteist\u00e4 suodatusprosessin aikana. Se on valmistettu eritt\u00e4in lujista materiaaleista ja kest\u00e4\u00e4 suodatusymp\u00e4rist\u00f6ille tyypillisi\u00e4 vaativia olosuhteita varmistaen kest\u00e4vyyden ja luotettavuuden. Sujuva hydraulinen toiminta mahdollistaa tarkan ohjauksen, mik\u00e4 parantaa suodatusprosessin kokonaistehokkuutta ja vaikuttavuutta. T\u00e4m\u00e4 hydraulisylinteri on v\u00e4ltt\u00e4m\u00e4t\u00f6n suodatinpuristimien suorituskyvyn optimoimiseksi, mik\u00e4 tekee siit\u00e4 kriittisen elementin esimerkiksi j\u00e4tevedenk\u00e4sittelyss\u00e4, elintarvikkeiden jalostuksessa ja kemianteollisuudessa.<\/p>","protected":false},"featured_media":606,"comment_status":"open","ping_status":"closed","template":"","meta":{"_et_pb_use_builder":"","_et_pb_old_content":"","_et_gb_content_width":""},"product_brand":[],"product_cat":[27],"product_tag":[],"class_list":{"0":"post-604","1":"product","2":"type-product","3":"status-publish","4":"has-post-thumbnail","6":"product_cat-industrial-engineering-hydraulic-cylinders","8":"first","9":"instock","10":"shipping-taxable","11":"product-type-simple"},"_links":{"self":[{"href":"https:\/\/fmp-components.com\/fi\/wp-json\/wp\/v2\/product\/604","targetHints":{"allow":["GET"]}}],"collection":[{"href":"https:\/\/fmp-components.com\/fi\/wp-json\/wp\/v2\/product"}],"about":[{"href":"https:\/\/fmp-components.com\/fi\/wp-json\/wp\/v2\/types\/product"}],"replies":[{"embeddable":true,"href":"https:\/\/fmp-components.com\/fi\/wp-json\/wp\/v2\/comments?post=604"}],"wp:featuredmedia":[{"embeddable":true,"href":"https:\/\/fmp-components.com\/fi\/wp-json\/wp\/v2\/media\/606"}],"wp:attachment":[{"href":"https:\/\/fmp-components.com\/fi\/wp-json\/wp\/v2\/media?parent=604"}],"wp:term":[{"taxonomy":"product_brand","embeddable":true,"href":"https:\/\/fmp-components.com\/fi\/wp-json\/wp\/v2\/product_brand?post=604"},{"taxonomy":"product_cat","embeddable":true,"href":"https:\/\/fmp-components.com\/fi\/wp-json\/wp\/v2\/product_cat?post=604"},{"taxonomy":"product_tag","embeddable":true,"href":"https:\/\/fmp-components.com\/fi\/wp-json\/wp\/v2\/product_tag?post=604"}],"curies":[{"name":"wp","href":"https:\/\/api.w.org\/{rel}","templated":true}]}}