{"id":587,"date":"2024-12-17T01:21:39","date_gmt":"2024-12-17T01:21:39","guid":{"rendered":"https:\/\/fmp-components.com\/?page_id=8"},"modified":"2024-12-17T03:06:10","modified_gmt":"2024-12-17T03:06:10","slug":"hydraulic-cylinder-for-press","status":"publish","type":"product","link":"https:\/\/fmp-components.com\/fi\/product\/hydraulic-cylinder-for-press\/","title":{"rendered":"Hydraulinen sylinteri puristimelle"},"content":{"rendered":"<p style=\"text-align: center;\"><span style=\"font-size: 18pt;\">Hydraulinen sylinteri puristimelle<\/span><\/p>\n<p>Puristimen hydraulisylinteri on erikoistunut hydraulinen komponentti, joka on suunniteltu tarjoamaan tehokasta voimaa puristussovelluksissa erilaisissa teollisuusymp\u00e4rist\u00f6iss\u00e4. T\u00e4m\u00e4 sylinteri on v\u00e4ltt\u00e4m\u00e4t\u00f6n esimerkiksi metallin muovauksessa, muovin muovauksessa ja kokoonpanoprosesseissa, joissa materiaalien muotoiluun tai puristamiseen tarvitaan suurta voimaa.<\/p>\n<p><img loading=\"lazy\" decoding=\"async\" class=\"alignnone size-full wp-image-602\" src=\"https:\/\/fmp-components.com\/wp-content\/uploads\/2024\/12\/Hydraulic-Press-Master-Cylinder.webp\" alt=\"Hydraulinen puristinp\u00e4\u00e4sylinteri\" width=\"1000\" height=\"600\" title=\"\" srcset=\"https:\/\/fmp-components.com\/wp-content\/uploads\/2024\/12\/Hydraulic-Press-Master-Cylinder.webp 1000w, https:\/\/fmp-components.com\/wp-content\/uploads\/2024\/12\/Hydraulic-Press-Master-Cylinder-980x588.webp 980w, https:\/\/fmp-components.com\/wp-content\/uploads\/2024\/12\/Hydraulic-Press-Master-Cylinder-480x288.webp 480w\" sizes=\"(min-width: 0px) and (max-width: 480px) 480px, (min-width: 481px) and (max-width: 980px) 980px, (min-width: 981px) 1000px, 100vw\" \/><\/p>\n<h4>T\u00e4rkeimm\u00e4t ominaisuudet:<\/h4>\n<ul>\n<li><strong>Suuri voimateho:<\/strong> Merkitt\u00e4v\u00e4\u00e4 hydraulista voimaa tuottamaan suunniteltu sylinteri pystyy k\u00e4sittelem\u00e4\u00e4n raskaita kuormia, mik\u00e4 tekee siit\u00e4 ihanteellisen vaativiin puristusteht\u00e4viin.<\/li>\n<li><strong>Kest\u00e4v\u00e4 rakenne:<\/strong> Eritt\u00e4in lujista materiaaleista valmistettu hydraulisylinteri on rakennettu kest\u00e4m\u00e4\u00e4n teollisuusymp\u00e4rist\u00f6jen ankaria olosuhteita, mik\u00e4 varmistaa pitk\u00e4aikaisen kest\u00e4vyyden ja luotettavuuden.<\/li>\n<li><strong>Sujuva toiminta:<\/strong> Edistyksellinen hydraulinen rakenne mahdollistaa sujuvat ja hallitut liikkeet, mik\u00e4 tarjoaa tarkan hallinnan puristustoimintojen aikana haluttujen tulosten saavuttamiseksi.<\/li>\n<li><strong>Monipuolinen sovellus:<\/strong> T\u00e4m\u00e4 sylinteri sopii laajaan valikoimaan puristuskoneita ja parantaa useiden sovellusten, kuten autoteollisuuden, valmistusteollisuuden ja metallinty\u00f6st\u00f6teollisuuden, toimivuutta.<\/li>\n<li><strong>V\u00e4h\u00e4iset huoltovaatimukset:<\/strong> Minimoimaan kulumisen ja repe\u00e4misen, hydraulisylinteri vaatii v\u00e4hemm\u00e4n huoltoa, mik\u00e4 v\u00e4hent\u00e4\u00e4 seisokkiaikoja ja lis\u00e4\u00e4 tuottavuutta.<\/li>\n<\/ul>\n<p>Puristimen hydraulisylinteri on olennainen osa, joka optimoi puristussovellusten suorituskyvyn ja tehokkuuden, mik\u00e4 tekee siit\u00e4 korvaamattoman tehokkaaseen materiaalin muotoiluun ja puristukseen erilaisissa teollisuusymp\u00e4rist\u00f6iss\u00e4.<\/p>\n<h2>Hydraulinen puristimen p\u00e4\u00e4sylinteri<\/h2>\n<p><img loading=\"lazy\" decoding=\"async\" class=\"size-full wp-image-596 aligncenter\" src=\"https:\/\/fmp-components.com\/wp-content\/uploads\/2024\/12\/Hydraulic-Press-Master-Cylinder1.webp\" alt=\"Hydraulinen puristimen p\u00e4\u00e4sylinteri\" width=\"500\" height=\"200\" title=\"\" srcset=\"https:\/\/fmp-components.com\/wp-content\/uploads\/2024\/12\/Hydraulic-Press-Master-Cylinder1.webp 500w, https:\/\/fmp-components.com\/wp-content\/uploads\/2024\/12\/Hydraulic-Press-Master-Cylinder1-480x192.webp 480w\" sizes=\"(min-width: 0px) and (max-width: 480px) 480px, (min-width: 481px) 500px, 100vw\" \/><\/p>\n<table style=\"width: 98.4519%; height: 229px;\" border=\"1\" cellspacing=\"0\" cellpadding=\"0\">\n<tbody>\n<tr>\n<td>Tuotteen nimi<\/td>\n<td>Hydraulinen puristimen p\u00e4\u00e4sylinteri<\/td>\n<\/tr>\n<tr>\n<td>Ominaisuudet:<\/td>\n<td>Tarjoa lehdist\u00f6lle p\u00e4\u00e4paino<\/td>\n<\/tr>\n<tr>\n<td>M\u00e4nt\u00e4:<\/td>\n<td>500 mm\uff5e1800 mm<br \/>\nIsku \u22644500 mm<\/td>\n<\/tr>\n<tr>\n<td>Ty\u00f6nt\u00f6voima:<\/td>\n<td>Enimm\u00e4ism\u00e4\u00e4r\u00e4 80 MN<br \/>\n(M\u00e4nt\u00e4 1800 mm \/ paine 31,5 MPa)<\/td>\n<\/tr>\n<tr>\n<td>Hydraulisen p\u00e4\u00e4sylinterin sovellukset:<\/td>\n<td>Lehdist\u00f6<\/td>\n<\/tr>\n<\/tbody>\n<\/table>\n<h2>Hydraulinen puristimen sivusylinteri<\/h2>\n<p><img loading=\"lazy\" decoding=\"async\" class=\"size-full wp-image-600 aligncenter\" src=\"https:\/\/fmp-components.com\/wp-content\/uploads\/2024\/12\/Hydraulic-Press-Side-Cylinder1.webp\" alt=\"Hydraulinen puristimen sivusylinteri\" width=\"500\" height=\"200\" title=\"\" srcset=\"https:\/\/fmp-components.com\/wp-content\/uploads\/2024\/12\/Hydraulic-Press-Side-Cylinder1.webp 500w, https:\/\/fmp-components.com\/wp-content\/uploads\/2024\/12\/Hydraulic-Press-Side-Cylinder1-480x192.webp 480w\" sizes=\"(min-width: 0px) and (max-width: 480px) 480px, (min-width: 481px) 500px, 100vw\" \/><\/p>\n<table style=\"width: 98.5144%; height: 257px;\" border=\"1\" cellspacing=\"0\" cellpadding=\"0\">\n<tbody>\n<tr style=\"height: 23px;\">\n<td style=\"height: 23px;\">Tuotteen nimi<\/td>\n<td style=\"height: 23px;\">Hydraulinen puristimen sivusylinteri<\/td>\n<\/tr>\n<tr style=\"height: 23px;\">\n<td style=\"height: 23px;\">Ominaisuudet:<\/td>\n<td style=\"height: 23px;\">Antaa puristimelle ty\u00f6nt\u00f6voiman p\u00e4\u00e4sylinterill\u00e4<\/td>\n<\/tr>\n<tr style=\"height: 23px;\">\n<td style=\"height: 23px;\">M\u00e4nt\u00e4:<\/td>\n<td style=\"height: 23px;\">420 mm\uff5e1000 mm<\/td>\n<\/tr>\n<tr style=\"height: 23px;\">\n<td style=\"height: 23px;\">Aivohalvaus:<\/td>\n<td style=\"height: 23px;\">Isku \u22644500 mm<\/td>\n<\/tr>\n<tr style=\"height: 47px;\">\n<td style=\"height: 47px;\">Ty\u00f6nt\u00f6voima:<\/td>\n<td style=\"height: 47px;\">Enimm\u00e4ism\u00e4\u00e4r\u00e4 24,7 MN<br \/>\n(M\u00e4nt\u00e4 1000 mm \/ paine 31,5 MPa)<\/td>\n<\/tr>\n<tr style=\"height: 23px;\">\n<td style=\"height: 23px;\">Hydraulisen sivusylinterin sovellukset:<\/td>\n<td style=\"height: 23px;\">Hydraulinen puristin<\/td>\n<\/tr>\n<\/tbody>\n<\/table>\n<h2>Hydraulinen puristimen palautussylinteri<\/h2>\n<p><img loading=\"lazy\" decoding=\"async\" class=\"size-full wp-image-599 aligncenter\" src=\"https:\/\/fmp-components.com\/wp-content\/uploads\/2024\/12\/Hydraulic-Press-Return-Cylinder1.webp\" alt=\"Hydraulinen puristimen palautussylinteri\" width=\"500\" height=\"200\" title=\"\" srcset=\"https:\/\/fmp-components.com\/wp-content\/uploads\/2024\/12\/Hydraulic-Press-Return-Cylinder1.webp 500w, https:\/\/fmp-components.com\/wp-content\/uploads\/2024\/12\/Hydraulic-Press-Return-Cylinder1-480x192.webp 480w\" sizes=\"(min-width: 0px) and (max-width: 480px) 480px, (min-width: 481px) 500px, 100vw\" \/><\/p>\n<table style=\"width: 98.5637%; height: 319px;\" border=\"1\" cellspacing=\"0\" cellpadding=\"0\">\n<tbody>\n<tr>\n<td>Tuotteen nimi<\/td>\n<td>Hydraulinen puristimen palautussylinteri<\/td>\n<\/tr>\n<tr>\n<td>Ominaisuudet:<\/td>\n<td>Tarjoaa palautusvoiman p\u00e4\u00e4sylinterille ja sivusylinterille, jaettuna m\u00e4nt\u00e4tyyppiin\/m\u00e4nt\u00e4tyyppiin<\/td>\n<\/tr>\n<tr>\n<td>Rei\u00e4n halkaisija:<\/td>\n<td>180 mm\uff5e410 mm<\/td>\n<\/tr>\n<tr>\n<td>Tangon halkaisija:<\/td>\n<td>\u00a0120 mm\uff5e360 mm<br \/>\nIsku \u22644500 mm<\/td>\n<\/tr>\n<tr>\n<td>Ty\u00f6nt\u00f6voima:<\/td>\n<td>Enimm\u00e4isteho 2612 kN<br \/>\n(Rei\u00e4n halkaisija: 410 mm \/ paine 31,5 MPa)<\/td>\n<\/tr>\n<tr>\n<td>M\u00e4nt\u00e4:<\/td>\n<td>\u00a0140 mm\uff5e360 mm<br \/>\nIsku \u22643000 mm<\/td>\n<\/tr>\n<tr>\n<td>M\u00e4nn\u00e4n ty\u00f6nt\u00f6voima:<\/td>\n<td>Enimm\u00e4isteho 3206 kN<br \/>\n(M\u00e4nt\u00e4 360 mm \/ paine 31,5 MPa)<\/td>\n<\/tr>\n<tr>\n<td>Hydraulisen puristimen palautussylinterin sovellukset:<\/td>\n<td>Hydraulinen puristin<\/td>\n<\/tr>\n<\/tbody>\n<\/table>\n<h2>Hydraulinen puristimen tasoitussylinteri<\/h2>\n<p><img loading=\"lazy\" decoding=\"async\" class=\"size-full wp-image-595 aligncenter\" src=\"https:\/\/fmp-components.com\/wp-content\/uploads\/2024\/12\/Hydraulic-Press-Leveling-Cylinder1.webp\" alt=\"Hydraulinen puristimen tasoitussylinteri\" width=\"500\" height=\"200\" title=\"\" srcset=\"https:\/\/fmp-components.com\/wp-content\/uploads\/2024\/12\/Hydraulic-Press-Leveling-Cylinder1.webp 500w, https:\/\/fmp-components.com\/wp-content\/uploads\/2024\/12\/Hydraulic-Press-Leveling-Cylinder1-480x192.webp 480w\" sizes=\"(min-width: 0px) and (max-width: 480px) 480px, (min-width: 481px) 500px, 100vw\" \/><\/p>\n<table style=\"width: 101.009%; height: 270px;\" border=\"1\" cellspacing=\"0\" cellpadding=\"0\">\n<tbody>\n<tr>\n<td>Tuotteen nimi<\/td>\n<td>Hydraulinen puristimen tasoitussylinteri<\/td>\n<\/tr>\n<tr>\n<td>Ominaisuudet:<\/td>\n<td>Aihioiden tai ty\u00f6kappaleiden rinnakkainen nosto<\/td>\n<\/tr>\n<tr>\n<td>Rei\u00e4n halkaisija:<\/td>\n<td>\u00a090 mm\uff5e380 mm<\/td>\n<\/tr>\n<tr>\n<td>Tangon halkaisija:<\/td>\n<td>50 mm\uff5e280 mm<br \/>\nIsku \u22642500 mm<\/td>\n<\/tr>\n<tr>\n<td>Ty\u00f6nt\u00f6voima:<\/td>\n<td>Enimm\u00e4isteho 2835 kN<br \/>\n(Sylinterin halkaisija 380 mm \/ paine 25 MPa)<\/td>\n<\/tr>\n<tr>\n<td>Hydraulisen puristimen tasoitussylinterin sovellukset:<\/td>\n<td>Hydraulinen puristin<\/td>\n<\/tr>\n<\/tbody>\n<\/table>\n<h2>Hydraulinen puristimen kallistussylinteri<\/h2>\n<p><img loading=\"lazy\" decoding=\"async\" class=\"size-full wp-image-601 aligncenter\" src=\"https:\/\/fmp-components.com\/wp-content\/uploads\/2024\/12\/Hydraulic-Press-Tilt-Cylinder1.webp\" alt=\"Hydraulinen puristimen kallistussylinteri\" width=\"500\" height=\"200\" title=\"\" srcset=\"https:\/\/fmp-components.com\/wp-content\/uploads\/2024\/12\/Hydraulic-Press-Tilt-Cylinder1.webp 500w, https:\/\/fmp-components.com\/wp-content\/uploads\/2024\/12\/Hydraulic-Press-Tilt-Cylinder1-480x192.webp 480w\" sizes=\"(min-width: 0px) and (max-width: 480px) 480px, (min-width: 481px) 500px, 100vw\" \/><\/p>\n<table style=\"width: 97.3917%; height: 226px;\" border=\"1\" cellspacing=\"0\" cellpadding=\"0\">\n<tbody>\n<tr>\n<td>Tuotteen nimi<\/td>\n<td>Hydraulinen puristimen kallistussylinteri<\/td>\n<\/tr>\n<tr>\n<td>Ominaisuudet:<\/td>\n<td>Toteuta manipulaattorin puristusp\u00e4\u00e4n nosto<\/td>\n<\/tr>\n<tr>\n<td>Rei\u00e4n halkaisija:<\/td>\n<td>\u00a0100 mm\uff5e400 mm<\/td>\n<\/tr>\n<tr>\n<td>Tangon halkaisija:<\/td>\n<td>50 mm\uff5e300 mm<br \/>\nIsku \u22641500 mm<\/td>\n<\/tr>\n<tr>\n<td>Ty\u00f6nt\u00f6voima:<\/td>\n<td>Enimm\u00e4isteho 3141 kN<br \/>\n(Sylinterin halkaisija 400 mm \/ paine 25 MPa)<\/td>\n<\/tr>\n<tr>\n<td>Hydraulisen puristimen kallistussylinterin sovellukset:<\/td>\n<td>Hydraulinen puristin<\/td>\n<\/tr>\n<\/tbody>\n<\/table>\n<h2>Hydraulinen puristin sivuttaissiirto alasinsylinteri<\/h2>\n<p><img loading=\"lazy\" decoding=\"async\" class=\"size-full wp-image-594 aligncenter\" src=\"https:\/\/fmp-components.com\/wp-content\/uploads\/2024\/12\/Hydraulic-Press-Lateral-Shift-Anvil-Cylinder1.webp\" alt=\"Hydraulinen puristin sivuttaissiirto alasinsylinteri\" width=\"500\" height=\"200\" title=\"\" srcset=\"https:\/\/fmp-components.com\/wp-content\/uploads\/2024\/12\/Hydraulic-Press-Lateral-Shift-Anvil-Cylinder1.webp 500w, https:\/\/fmp-components.com\/wp-content\/uploads\/2024\/12\/Hydraulic-Press-Lateral-Shift-Anvil-Cylinder1-480x192.webp 480w\" sizes=\"(min-width: 0px) and (max-width: 480px) 480px, (min-width: 481px) 500px, 100vw\" \/><\/p>\n<table style=\"width: 97.9604%; height: 251px;\" border=\"1\" cellspacing=\"0\" cellpadding=\"0\">\n<tbody>\n<tr style=\"height: 23px;\">\n<td style=\"height: 23px;\">Tuotteen nimi<\/td>\n<td style=\"height: 23px;\">Hydraulinen puristin sivuttaissiirto alasinsylinteri<\/td>\n<\/tr>\n<tr style=\"height: 23px;\">\n<td style=\"height: 23px;\">Ominaisuudet:<\/td>\n<td style=\"height: 23px;\">Siirr\u00e4 alasinta sivusuunnassa<\/td>\n<\/tr>\n<tr style=\"height: 23px;\">\n<td style=\"height: 23px;\">Rei\u00e4n halkaisija:<\/td>\n<td style=\"height: 23px;\">125 mm\uff5e250 mm<\/td>\n<\/tr>\n<tr style=\"height: 47px;\">\n<td style=\"height: 47px;\">Tangon halkaisija:<\/td>\n<td style=\"height: 47px;\">90 mm\uff5e180 mm<br \/>\nIsku \u22645500 mm<\/td>\n<\/tr>\n<tr style=\"height: 47px;\">\n<td style=\"height: 47px;\">Ty\u00f6nt\u00f6voima:<\/td>\n<td style=\"height: 47px;\">Enimm\u00e4isteho 1546 kN<br \/>\n(Rei\u00e4n halkaisija: 250 mm \/ paine 31,5 MPa)<\/td>\n<\/tr>\n<tr style=\"height: 23px;\">\n<td style=\"height: 23px;\">Sivuttaissiirtoisen alasimen sylinterin sovellukset:<\/td>\n<td style=\"height: 23px;\">Hydraulinen puristin<\/td>\n<\/tr>\n<\/tbody>\n<\/table>\n<h2>Hydraulinen puristin Mobile Workbench -sylinteri<\/h2>\n<p><img loading=\"lazy\" decoding=\"async\" class=\"size-full wp-image-597 aligncenter\" src=\"https:\/\/fmp-components.com\/wp-content\/uploads\/2024\/12\/Hydraulic-Press-Mobile-Workbench-Cylinder1.webp\" alt=\"Hydraulinen puristin Mobile Workbench -sylinteri\" width=\"500\" height=\"200\" title=\"\" srcset=\"https:\/\/fmp-components.com\/wp-content\/uploads\/2024\/12\/Hydraulic-Press-Mobile-Workbench-Cylinder1.webp 500w, https:\/\/fmp-components.com\/wp-content\/uploads\/2024\/12\/Hydraulic-Press-Mobile-Workbench-Cylinder1-480x192.webp 480w\" sizes=\"(min-width: 0px) and (max-width: 480px) 480px, (min-width: 481px) 500px, 100vw\" \/><\/p>\n<table style=\"width: 97.2085%; height: 246px;\" border=\"1\" cellspacing=\"0\" cellpadding=\"0\">\n<tbody>\n<tr>\n<td>Tuotteen nimi<\/td>\n<td>Hydraulinen puristin Mobile Workbench -sylinteri<\/td>\n<\/tr>\n<tr>\n<td>Ominaisuudet:<\/td>\n<td>Aja ty\u00f6p\u00f6yt\u00e4\u00e4 liikkuaksesi<\/td>\n<\/tr>\n<tr>\n<td>Rei\u00e4n halkaisija:<\/td>\n<td>125 mm\uff5e320 mm<\/td>\n<\/tr>\n<tr>\n<td>Tangon halkaisija:<\/td>\n<td>90 mm\uff5e220 mm<br \/>\nIsku \u22647500 mm<\/td>\n<\/tr>\n<tr>\n<td>Ty\u00f6nt\u00f6voima:<\/td>\n<td>Enimm\u00e4ism\u00e4\u00e4r\u00e4 2533 kN<br \/>\n(Sylinterin halkaisija 320 mm \/ paine 31,5 MPa)<\/td>\n<\/tr>\n<tr>\n<td>Mobiili ty\u00f6p\u00f6yd\u00e4n sylinterisovellukset:<\/td>\n<td>Hydraulinen puristin<\/td>\n<\/tr>\n<\/tbody>\n<\/table>\n<h2>Hydraulinen puristimen kiinnityssylinteri<\/h2>\n<p><img loading=\"lazy\" decoding=\"async\" class=\"size-full wp-image-590 aligncenter\" src=\"https:\/\/fmp-components.com\/wp-content\/uploads\/2024\/12\/Hydraulic-Press-Clamping-Cylinder1.webp\" alt=\"Hydraulinen puristimen kiinnityssylinteri\" width=\"500\" height=\"200\" title=\"\" srcset=\"https:\/\/fmp-components.com\/wp-content\/uploads\/2024\/12\/Hydraulic-Press-Clamping-Cylinder1.webp 500w, https:\/\/fmp-components.com\/wp-content\/uploads\/2024\/12\/Hydraulic-Press-Clamping-Cylinder1-480x192.webp 480w\" sizes=\"(min-width: 0px) and (max-width: 480px) 480px, (min-width: 481px) 500px, 100vw\" \/><\/p>\n<table style=\"width: 94.5324%; height: 230px;\" border=\"1\" cellspacing=\"0\" cellpadding=\"0\">\n<tbody>\n<tr>\n<td>Tuotteen nimi<\/td>\n<td>Hydraulinen puristimen kiinnityssylinteri<\/td>\n<\/tr>\n<tr>\n<td>Ominaisuudet:<\/td>\n<td>Kirist\u00e4 ter\u00e4sharkkoa tai -aihiota pit\u00e4v\u00e4 puristimen p\u00e4\u00e4<\/td>\n<\/tr>\n<tr>\n<td>Rei\u00e4n halkaisija:<\/td>\n<td>125 mm\uff5e700 mm<\/td>\n<\/tr>\n<tr>\n<td>Tangon halkaisija:<\/td>\n<td>80 mm\uff5e520 mm<br \/>\nIsku \u22641200 mm<\/td>\n<\/tr>\n<tr>\n<td>Ty\u00f6nt\u00f6voima:<\/td>\n<td>Enimm\u00e4ism\u00e4\u00e4r\u00e4 9621 kN<br \/>\n(Sylinterin halkaisija 700 mm \/ paine 25 MPa)<\/td>\n<\/tr>\n<tr>\n<td>\u00a0Kiinnityssylinterin sovellukset:<\/td>\n<td>Hydraulinen puristin<\/td>\n<\/tr>\n<\/tbody>\n<\/table>\n<h2>Hydraulinen puristustyynysylinteri<\/h2>\n<p><img loading=\"lazy\" decoding=\"async\" class=\"size-full wp-image-591 aligncenter\" src=\"https:\/\/fmp-components.com\/wp-content\/uploads\/2024\/12\/Hydraulic-Press-Cushion-Cylinder1.webp\" alt=\"Hydraulinen puristustyynysylinteri\" width=\"500\" height=\"200\" title=\"\" srcset=\"https:\/\/fmp-components.com\/wp-content\/uploads\/2024\/12\/Hydraulic-Press-Cushion-Cylinder1.webp 500w, https:\/\/fmp-components.com\/wp-content\/uploads\/2024\/12\/Hydraulic-Press-Cushion-Cylinder1-480x192.webp 480w\" sizes=\"(min-width: 0px) and (max-width: 480px) 480px, (min-width: 481px) 500px, 100vw\" \/><\/p>\n<table style=\"width: 98.7377%; height: 264px;\" border=\"1\" cellspacing=\"0\" cellpadding=\"0\">\n<tbody>\n<tr>\n<td>Tuotteen nimi<\/td>\n<td>Hydraulinen puristustyynysylinteri<\/td>\n<\/tr>\n<tr>\n<td>Ominaisuudet:<\/td>\n<td>Imeyt\u00e4 taonta-\/iskunvaimennusv\u00e4r\u00e4htely<\/td>\n<\/tr>\n<tr>\n<td>Rei\u00e4n halkaisija:<\/td>\n<td>75 mm\uff5e300 mm<\/td>\n<\/tr>\n<tr>\n<td>Tangon halkaisija:<\/td>\n<td>\u00a050 mm\uff5e180 mm<br \/>\nIsku \u2264500 mm<\/td>\n<\/tr>\n<tr>\n<td>Ty\u00f6nt\u00f6voima:<\/td>\n<td>Enimm\u00e4isteho 1130 kN<br \/>\n(Sylinterin halkaisija 300 mm \/ paine 25 MPa)<\/td>\n<\/tr>\n<tr>\n<td>Tyyny-sylinterin sovellukset:<\/td>\n<td>Hydraulinen puristin<\/td>\n<\/tr>\n<\/tbody>\n<\/table>\n<h2>Hydraulinen puristimen keskityssylinteri<\/h2>\n<p><img loading=\"lazy\" decoding=\"async\" class=\"size-full wp-image-589 aligncenter\" src=\"https:\/\/fmp-components.com\/wp-content\/uploads\/2024\/12\/Hydraulic-Press-Centering-Cylinder1.webp\" alt=\"Hydraulinen puristimen keskityssylinteri\" width=\"500\" height=\"200\" title=\"\" srcset=\"https:\/\/fmp-components.com\/wp-content\/uploads\/2024\/12\/Hydraulic-Press-Centering-Cylinder1.webp 500w, https:\/\/fmp-components.com\/wp-content\/uploads\/2024\/12\/Hydraulic-Press-Centering-Cylinder1-480x192.webp 480w\" sizes=\"(min-width: 0px) and (max-width: 480px) 480px, (min-width: 481px) 500px, 100vw\" \/><\/p>\n<table style=\"width: 98.8953%; height: 305px;\" border=\"1\" cellspacing=\"0\" cellpadding=\"0\">\n<tbody>\n<tr style=\"height: 23px;\">\n<td style=\"height: 23px;\">Tuotteen nimi<\/td>\n<td style=\"height: 23px;\">Hydraulinen puristimen keskityssylinteri<\/td>\n<\/tr>\n<tr style=\"height: 47px;\">\n<td style=\"height: 47px;\">Ominaisuudet:<\/td>\n<td style=\"height: 47px;\">Varmista puristimen p\u00e4\u00e4n keskiasento<\/td>\n<\/tr>\n<tr style=\"height: 23px;\">\n<td style=\"height: 23px;\">Rei\u00e4n halkaisija:<\/td>\n<td style=\"height: 23px;\">50 mm\uff5e190 mm<\/td>\n<\/tr>\n<tr style=\"height: 47px;\">\n<td style=\"height: 47px;\">Tangon halkaisija:<\/td>\n<td style=\"height: 47px;\">35 mm\uff5e150 mm<br \/>\nIsku \u22641200 mm<\/td>\n<\/tr>\n<tr style=\"height: 47px;\">\n<td style=\"height: 47px;\">Ty\u00f6nt\u00f6voima:<\/td>\n<td style=\"height: 47px;\">Enimm\u00e4isteho 441 kN<br \/>\n(Sylinterin halkaisija 190 mm \/ paine 25 MPa)<\/td>\n<\/tr>\n<tr style=\"height: 47px;\">\n<td style=\"height: 47px;\">Keskityssylinterin sovellukset:<\/td>\n<td style=\"height: 47px;\">Hydraulinen puristin<\/td>\n<\/tr>\n<\/tbody>\n<\/table>\n<h2>Hydraulinen puristin Etupuolen siirtosylinteri<\/h2>\n<p><img loading=\"lazy\" decoding=\"async\" class=\"size-full wp-image-593 aligncenter\" src=\"https:\/\/fmp-components.com\/wp-content\/uploads\/2024\/12\/Hydraulic-Press-Front-Side-Shift-Cylinder1.webp\" alt=\"Hydraulinen puristin Etupuolen siirtosylinteri\" width=\"500\" height=\"200\" title=\"\" srcset=\"https:\/\/fmp-components.com\/wp-content\/uploads\/2024\/12\/Hydraulic-Press-Front-Side-Shift-Cylinder1.webp 500w, https:\/\/fmp-components.com\/wp-content\/uploads\/2024\/12\/Hydraulic-Press-Front-Side-Shift-Cylinder1-480x192.webp 480w\" sizes=\"(min-width: 0px) and (max-width: 480px) 480px, (min-width: 481px) 500px, 100vw\" \/><\/p>\n<table style=\"width: 97.2921%; height: 221px;\" border=\"1\" cellspacing=\"0\" cellpadding=\"0\">\n<tbody>\n<tr>\n<td>Tuotteen nimi<\/td>\n<td>Hydraulinen puristin Etupuolen siirtosylinteri<\/td>\n<\/tr>\n<tr>\n<td>Ominaisuudet:<\/td>\n<td>Siirr\u00e4 aihiota tai ty\u00f6kappaletta vaakasuunnassa<\/td>\n<\/tr>\n<tr>\n<td>M\u00e4nt\u00e4:<\/td>\n<td>80 mm\uff5e240 mm<br \/>\nIsku \u2264300 mm<\/td>\n<\/tr>\n<tr>\n<td>Ty\u00f6nt\u00f6voima:<\/td>\n<td>Enimm\u00e4isteho 1130 kN<br \/>\n(M\u00e4nt\u00e4 240 mm \/ paine 25 MPa)<\/td>\n<\/tr>\n<tr>\n<td>Etusivusiirtosylinterin sovellukset:<\/td>\n<td>Hydraulinen puristin<\/td>\n<\/tr>\n<\/tbody>\n<\/table>\n<h2>Hydraulinen puristin Takasivusiirtosylinteri<\/h2>\n<p><img loading=\"lazy\" decoding=\"async\" class=\"size-full wp-image-598 aligncenter\" src=\"https:\/\/fmp-components.com\/wp-content\/uploads\/2024\/12\/Hydraulic-Press-Rear-Side-Shift-Cylinder1.webp\" alt=\"Hydraulinen puristin Takasivusiirtosylinteri\" width=\"500\" height=\"200\" title=\"\" srcset=\"https:\/\/fmp-components.com\/wp-content\/uploads\/2024\/12\/Hydraulic-Press-Rear-Side-Shift-Cylinder1.webp 500w, https:\/\/fmp-components.com\/wp-content\/uploads\/2024\/12\/Hydraulic-Press-Rear-Side-Shift-Cylinder1-480x192.webp 480w\" sizes=\"(min-width: 0px) and (max-width: 480px) 480px, (min-width: 481px) 500px, 100vw\" \/><\/p>\n<table style=\"width: 98.0387%; height: 230px;\" border=\"1\" cellspacing=\"0\" cellpadding=\"0\">\n<tbody>\n<tr>\n<td>Tuotteen nimi<\/td>\n<td>Hydraulinen puristin Takasivusiirtosylinteri<\/td>\n<\/tr>\n<tr>\n<td>Ominaisuudet:<\/td>\n<td>Yhteisty\u00f6ss\u00e4 manipulaattorin puristinp\u00e4\u00e4n nostamisen toteuttamiseksi<\/td>\n<\/tr>\n<tr>\n<td>M\u00e4nt\u00e4:<\/td>\n<td>70 mm\uff5e180 mm<br \/>\nIsku \u2264300 mm<\/td>\n<\/tr>\n<tr>\n<td>Ty\u00f6nt\u00f6voima:<\/td>\n<td>Enimm\u00e4isteho 636 kN<br \/>\n(M\u00e4nt\u00e4 180 mm \/ paine 25 MPa)<\/td>\n<\/tr>\n<tr>\n<td>Takasivusiirtosylinterin k\u00e4ytt\u00f6kohteet:<\/td>\n<td>Hydraulinen puristin<\/td>\n<\/tr>\n<\/tbody>\n<\/table>\n<h3>Tietoja FMP:st\u00e4<\/h3>\n<p>FMP on hydraulisten sylinterien tuotantoon erikoistunut konepajayritys. Perustamisestaan \u200b\u200bl\u00e4htien yritys on keskittynyt hydraulisen teknologian tutkimukseen ja valmistukseen ja siirtynyt menestyksekk\u00e4\u00e4sti monipuolisesta tuotevalikoimasta, joka sis\u00e4lsi sadonkorjuu- ja rakennuskoneita, maataloustraktorien osiin erikoistumiseen. Yli kymmenen vuoden kokemuksella valmistuksesta ja johtamisesta FMP varmistaa korkealaatuiset tuotteet edistyneiden tuotantotekniikoiden avulla.<\/p>\n<p>Yrityksen kehittyess\u00e4 se on kehitt\u00e4nyt kattavan koneistuslinjan, kokoonpanolinjan ja pinnoituslinjan. Tiimimme koostuu ammattitaitoisesta johtohenkil\u00f6st\u00f6st\u00e4, kokeneista mekaanisista suunnittelijoista ja korkeasti koulutetuista teknikoista, jotka ty\u00f6skentelev\u00e4t yhdess\u00e4 yll\u00e4pit\u00e4\u00e4kseen vakaata tuotannon laatua ja samalla tehokkaasti hallitakseen prosessin jatkuvuutta ja tehokkuutta.<\/p>\n<p>FMP noudattaa filosofiaa, jonka mukaan \u201dteknologinen innovaatio edist\u00e4\u00e4 kehityst\u00e4, laatu luo br\u00e4ndej\u00e4, k\u00e4sity\u00f6taito varmistaa laadun ja rakentaa pitk\u00e4aikaisia, kaikkia hy\u00f6dytt\u00e4vi\u00e4 suhteita\u201d. Sitoutumisemme korkealaatuisten tuotteiden ja erinomaisen asiakaspalvelun tarjoamiseen on edelleen keskeinen tavoitteemme, kun jatkamme markkinoiden kehittyvien tarpeiden t\u00e4ytt\u00e4mist\u00e4.<\/p>\n<p><img loading=\"lazy\" decoding=\"async\" class=\"alignnone size-full wp-image-426\" src=\"https:\/\/fmp-components.com\/wp-content\/uploads\/2024\/12\/Sanitation-Machinery-Locking-Hydraulic-Cylinder-factory.webp\" sizes=\"(min-width: 0px) and (max-width: 480px) 480px, (min-width: 481px) and (max-width: 980px) 980px, (min-width: 981px) and (max-width: 1280px) 1280px, (min-width: 1281px) 1414px, 100vw\" srcset=\"https:\/\/fmp-components.com\/wp-content\/uploads\/2024\/12\/Sanitation-Machinery-Locking-Hydraulic-Cylinder-factory.webp 1414w, https:\/\/fmp-components.com\/wp-content\/uploads\/2024\/12\/Sanitation-Machinery-Locking-Hydraulic-Cylinder-factory-1280x529.webp 1280w, https:\/\/fmp-components.com\/wp-content\/uploads\/2024\/12\/Sanitation-Machinery-Locking-Hydraulic-Cylinder-factory-980x405.webp 980w, https:\/\/fmp-components.com\/wp-content\/uploads\/2024\/12\/Sanitation-Machinery-Locking-Hydraulic-Cylinder-factory-480x198.webp 480w\" alt=\"Sanitaatio-Koneet-Lukitus-Hydraulinen-Sylinteri-tehdas\" width=\"1414\" height=\"584\" title=\"\"><\/p>\n<p>Tekij\u00e4: CX<\/p>","protected":false},"excerpt":{"rendered":"<p>Puristimen hydraulisylinteri on tehokas hydraulinen komponentti, joka on suunniteltu tuottamaan suurta voimaa puristussovelluksissa eri teollisuudenaloilla. T\u00e4m\u00e4 sylinteri on suunniteltu k\u00e4sittelem\u00e4\u00e4n raskaita kuormia, ja se on ratkaisevan t\u00e4rke\u00e4 esimerkiksi metallin muovauksessa, muovin valamisessa ja kokoonpanoprosesseissa, joissa tarkka paine on olennaista. Se on valmistettu eritt\u00e4in lujista materiaaleista, mik\u00e4 varmistaa kest\u00e4vyyden ja luotettavuuden vaativissa ymp\u00e4rist\u00f6iss\u00e4. Sujuva hydraulinen toiminta mahdollistaa hallitut liikkeet, mik\u00e4 mahdollistaa tarkat tulokset puristusteht\u00e4viss\u00e4. Kaiken kaikkiaan t\u00e4m\u00e4 hydraulisylinteri on elint\u00e4rke\u00e4 puristussovelluksien suorituskyvyn ja tehokkuuden optimoimiseksi, mik\u00e4 tekee siit\u00e4 v\u00e4ltt\u00e4m\u00e4tt\u00f6m\u00e4n tehokkaaseen materiaalin muotoiluun ja puristukseen.<\/p>","protected":false},"featured_media":588,"comment_status":"open","ping_status":"closed","template":"","meta":{"_et_pb_use_builder":"","_et_pb_old_content":"","_et_gb_content_width":""},"product_brand":[],"product_cat":[27],"product_tag":[],"class_list":{"0":"post-587","1":"product","2":"type-product","3":"status-publish","4":"has-post-thumbnail","6":"product_cat-industrial-engineering-hydraulic-cylinders","8":"first","9":"instock","10":"shipping-taxable","11":"product-type-simple"},"_links":{"self":[{"href":"https:\/\/fmp-components.com\/fi\/wp-json\/wp\/v2\/product\/587","targetHints":{"allow":["GET"]}}],"collection":[{"href":"https:\/\/fmp-components.com\/fi\/wp-json\/wp\/v2\/product"}],"about":[{"href":"https:\/\/fmp-components.com\/fi\/wp-json\/wp\/v2\/types\/product"}],"replies":[{"embeddable":true,"href":"https:\/\/fmp-components.com\/fi\/wp-json\/wp\/v2\/comments?post=587"}],"wp:featuredmedia":[{"embeddable":true,"href":"https:\/\/fmp-components.com\/fi\/wp-json\/wp\/v2\/media\/588"}],"wp:attachment":[{"href":"https:\/\/fmp-components.com\/fi\/wp-json\/wp\/v2\/media?parent=587"}],"wp:term":[{"taxonomy":"product_brand","embeddable":true,"href":"https:\/\/fmp-components.com\/fi\/wp-json\/wp\/v2\/product_brand?post=587"},{"taxonomy":"product_cat","embeddable":true,"href":"https:\/\/fmp-components.com\/fi\/wp-json\/wp\/v2\/product_cat?post=587"},{"taxonomy":"product_tag","embeddable":true,"href":"https:\/\/fmp-components.com\/fi\/wp-json\/wp\/v2\/product_tag?post=587"}],"curies":[{"name":"wp","href":"https:\/\/api.w.org\/{rel}","templated":true}]}}