{"id":567,"date":"2024-12-16T08:32:55","date_gmt":"2024-12-16T08:32:55","guid":{"rendered":"https:\/\/fmp-components.com\/?page_id=8"},"modified":"2024-12-16T09:02:56","modified_gmt":"2024-12-16T09:02:56","slug":"mining-dump-truck-cylinder","status":"publish","type":"product","link":"https:\/\/fmp-components.com\/fi\/product\/mining-dump-truck-cylinder\/","title":{"rendered":"Kaivoskuorma-auton sylinteri"},"content":{"rendered":"<p style=\"text-align: center;\"><span style=\"font-size: 18pt;\">Kaivoskuorma-auton sylinteri<\/span><\/p>\n<p>Kaivosdumpperin sylinteri on t\u00e4rke\u00e4 hydraulinen komponentti, joka on suunniteltu helpottamaan kaivosdumppereiden nosto- ja tyhjennystoimintoja. T\u00e4m\u00e4 sylinteri tarjoaa tarvittavan voiman kuorma-auton lavan nostamiseen, mik\u00e4 mahdollistaa materiaalien, kuten malmin, soran ja j\u00e4tteen, tehokkaan purkamisen.<\/p>\n<p><img loading=\"lazy\" decoding=\"async\" class=\"size-full wp-image-568 aligncenter\" src=\"https:\/\/fmp-components.com\/wp-content\/uploads\/2024\/12\/Mining-Dump-Truck-Cylinder.webp\" alt=\"Kaivos-Dump-Truck-Sylinteri\" width=\"760\" height=\"533\" title=\"\" srcset=\"https:\/\/fmp-components.com\/wp-content\/uploads\/2024\/12\/Mining-Dump-Truck-Cylinder.webp 760w, https:\/\/fmp-components.com\/wp-content\/uploads\/2024\/12\/Mining-Dump-Truck-Cylinder-480x337.webp 480w\" sizes=\"(min-width: 0px) and (max-width: 480px) 480px, (min-width: 481px) 760px, 100vw\" \/><\/p>\n<p>T\u00e4rkeimm\u00e4t ominaisuudet:<\/p>\n<ul>\n<li>Kest\u00e4v\u00e4 rakenne: Eritt\u00e4in lujista materiaaleista valmistettu kaivoskuorma-auton sylinteri on suunniteltu kest\u00e4m\u00e4\u00e4n kaivosymp\u00e4rist\u00f6jen ankaria olosuhteita, mik\u00e4 varmistaa pitk\u00e4aikaisen kest\u00e4vyyden ja luotettavuuden.<\/li>\n<li>Sujuva hydraulinen toiminta: Hydraulinen rakenne mahdollistaa sujuvat ja hallitut liikkeet, mik\u00e4 mahdollistaa kippilavan tarkan nostamisen ja laskemisen tehokasta materiaalink\u00e4sittely\u00e4 varten.<\/li>\n<li>Suuri kapasiteetti: T\u00e4m\u00e4 sylinteri on suunniteltu k\u00e4sittelem\u00e4\u00e4n raskaita kuormia ja tarjoaa tarvittavan tehon kaivostoiminnassa usein esiintyviin vaativiin teht\u00e4viin.<\/li>\n<li>Monipuolinen k\u00e4ytt\u00f6: Sylinteri sopii erilaisiin kaivoskuorma-autoihin ja parantaa auton toimivuutta, joten se sopii erinomaisesti irtomateriaalien kuljetukseen ja purkamiseen erilaisissa kaivostilanteissa.<\/li>\n<li>V\u00e4h\u00e4inen huoltotarve: Kest\u00e4v\u00e4 rakenne minimoi kulumisen, mik\u00e4 v\u00e4hent\u00e4\u00e4 huoltotarvetta ja lyhent\u00e4\u00e4 seisokkiaikoja ja lis\u00e4\u00e4 tuottavuutta.<\/li>\n<\/ul>\n<p>Kaivosdumpperin sylinteri on olennainen osa, joka optimoi kaivosdumppereiden suorituskyvyn ja tehokkuuden, mik\u00e4 tekee siit\u00e4 korvaamattoman tehokkaassa materiaalink\u00e4sittelyss\u00e4 kaivostoiminnassa.<\/p>\n<h2>Kaivoskuorma-auton nostosylinterin tekniset tiedot:<\/h2>\n<p>Kaivosdumpperin nostosylinteri on t\u00e4rke\u00e4 hydraulinen komponentti, joka on suunniteltu helpottamaan kaivosdumppereiden lavan nostamista ja kallistusta. T\u00e4m\u00e4 sylinteri tarjoaa tarvittavan voiman lavan nostamiseen, mik\u00e4 mahdollistaa raskaiden materiaalien, kuten malmin, kiven ja j\u00e4tteen, tehokkaan purkamisen. Se on valmistettu eritt\u00e4in lujista materiaaleista ja suunniteltu kest\u00e4m\u00e4\u00e4n kaivostoiminnan ankaria olosuhteita, mik\u00e4 varmistaa kest\u00e4vyyden ja luotettavuuden \u00e4\u00e4rimm\u00e4isiss\u00e4 kuormituksissa. Sujuva hydraulinen toiminta mahdollistaa tarkan hallinnan noston ja kippauksen aikana, mik\u00e4 parantaa toiminnan tehokkuutta ja turvallisuutta. T\u00e4m\u00e4 nostosylinteri on olennainen dumpperien suorituskyvyn optimoimiseksi erilaisissa kaivossovelluksissa, mik\u00e4 edist\u00e4\u00e4 tehokasta materiaalink\u00e4sittely\u00e4 ja tuottavuutta.<\/p>\n<p><img loading=\"lazy\" decoding=\"async\" class=\"size-full wp-image-572 aligncenter\" src=\"https:\/\/fmp-components.com\/wp-content\/uploads\/2024\/12\/Mining-Dump-Truck-Lifting-Cylinder1.webp\" alt=\"Kaivoskuorma-auton nostosylinteri\" width=\"500\" height=\"200\" title=\"\" srcset=\"https:\/\/fmp-components.com\/wp-content\/uploads\/2024\/12\/Mining-Dump-Truck-Lifting-Cylinder1.webp 500w, https:\/\/fmp-components.com\/wp-content\/uploads\/2024\/12\/Mining-Dump-Truck-Lifting-Cylinder1-480x192.webp 480w\" sizes=\"(min-width: 0px) and (max-width: 480px) 480px, (min-width: 481px) 500px, 100vw\" \/><\/p>\n<table style=\"width: 97.3366%; height: 117px;\" border=\"1\" cellspacing=\"0\" cellpadding=\"0\">\n<tbody>\n<tr>\n<td>Tuotteen nimi<\/td>\n<td>Kaivoskuorma-auton nostosylinteri<\/td>\n<\/tr>\n<tr>\n<td>Ominaisuudet:<\/td>\n<td>Nosta\/laske lavaa lastin tyhjent\u00e4mist\u00e4 varten<\/td>\n<\/tr>\n<tr>\n<td>Rei\u00e4n halkaisija:<\/td>\n<td>120 mm\uff5e380 mm<\/td>\n<\/tr>\n<tr>\n<td>Tangon halkaisija:<\/td>\n<td>90 mm\uff5e350 mm<\/td>\n<\/tr>\n<tr>\n<td>Yleens\u00e4:<\/td>\n<td>Kaksivaiheinen tai kolmivaiheinen sylinteri<\/td>\n<\/tr>\n<tr>\n<td>Nostosylinterin sovellukset:<\/td>\n<td>Kaivoskuorma-auto<\/td>\n<\/tr>\n<\/tbody>\n<\/table>\n<p><img loading=\"lazy\" decoding=\"async\" class=\"alignnone size-full wp-image-576\" src=\"https:\/\/fmp-components.com\/wp-content\/uploads\/2024\/12\/Mining-Dump-Truck-Lifting-Cylinder.webp\" alt=\"Kaivos-Dump-Truck-Nostosylinteri\" width=\"1000\" height=\"600\" title=\"\" srcset=\"https:\/\/fmp-components.com\/wp-content\/uploads\/2024\/12\/Mining-Dump-Truck-Lifting-Cylinder.webp 1000w, https:\/\/fmp-components.com\/wp-content\/uploads\/2024\/12\/Mining-Dump-Truck-Lifting-Cylinder-980x588.webp 980w, https:\/\/fmp-components.com\/wp-content\/uploads\/2024\/12\/Mining-Dump-Truck-Lifting-Cylinder-480x288.webp 480w\" sizes=\"(min-width: 0px) and (max-width: 480px) 480px, (min-width: 481px) and (max-width: 980px) 980px, (min-width: 981px) 1000px, 100vw\" \/>Kaivoskuorma-auton ohjaussylinterin tekniset tiedot:<\/p>\n<p>Kaivosdumpperin ohjaussylinteri on t\u00e4rke\u00e4 hydraulinen komponentti, joka mahdollistaa dumpperiauton ohjausmekanismin tarkan hallinnan ja varmistaa tehokkaan ohjattavuuden haastavissa kaivosymp\u00e4rist\u00f6iss\u00e4. T\u00e4m\u00e4 sylinteri helpottaa kuorma-auton py\u00f6rien liikett\u00e4, jolloin kuljettajat voivat navigoida helposti ahtaissa tiloissa ja ep\u00e4tasaisessa maastossa. Se on valmistettu eritt\u00e4in lujista materiaaleista ja suunniteltu kest\u00e4m\u00e4\u00e4n kaivostoiminnan vaativia olosuhteita, mik\u00e4 tarjoaa kest\u00e4vyytt\u00e4 ja luotettavuutta. Sujuva hydraulinen toiminta parantaa ohjauksen reagointikyky\u00e4, mik\u00e4 edist\u00e4\u00e4 yleist\u00e4 turvallisuutta ja tehokkuutta materiaalin kuljetuksen aikana. T\u00e4m\u00e4 ohjaussylinteri on v\u00e4ltt\u00e4m\u00e4t\u00f6n kaivosdumppereiden suorituskyvyn optimoimiseksi erilaisissa sovelluksissa ja varmistaa turvallisen ja tehokkaan liikkumisen karuilla kaivosty\u00f6mailla.<\/p>\n<p><img loading=\"lazy\" decoding=\"async\" class=\"size-full wp-image-575 aligncenter\" src=\"https:\/\/fmp-components.com\/wp-content\/uploads\/2024\/12\/Mining-Dump-Truck-Steering-Cylinder1.webp\" alt=\"Kaivoskuorma-auton ohjaussylinteri\" width=\"500\" height=\"200\" title=\"\" srcset=\"https:\/\/fmp-components.com\/wp-content\/uploads\/2024\/12\/Mining-Dump-Truck-Steering-Cylinder1.webp 500w, https:\/\/fmp-components.com\/wp-content\/uploads\/2024\/12\/Mining-Dump-Truck-Steering-Cylinder1-480x192.webp 480w\" sizes=\"(min-width: 0px) and (max-width: 480px) 480px, (min-width: 481px) 500px, 100vw\" \/><\/p>\n<table style=\"width: 98.357%; height: 232px;\" border=\"1\" cellspacing=\"0\" cellpadding=\"0\">\n<tbody>\n<tr style=\"height: 23px;\">\n<td style=\"height: 23px; width: 41.7778%;\">Tuotteen nimi<\/td>\n<td style=\"height: 23px; width: 58%;\">Kaivoskuorma-auton ohjaussylinteri<\/td>\n<\/tr>\n<tr style=\"height: 23px;\">\n<td style=\"height: 23px; width: 41.7778%;\">Ominaisuudet:<\/td>\n<td style=\"height: 23px; width: 58%;\">Ohjauspy\u00f6r\u00e4 tarjoaa apua<\/td>\n<\/tr>\n<tr style=\"height: 23px;\">\n<td style=\"height: 23px; width: 41.7778%;\">Rei\u00e4n halkaisija:<\/td>\n<td style=\"height: 23px; width: 58%;\">63 mm\uff5e210 mm<\/td>\n<\/tr>\n<tr style=\"height: 47px;\">\n<td style=\"height: 47px; width: 41.7778%;\">Tangon halkaisija:<\/td>\n<td style=\"height: 47px; width: 58%;\">40 mm\uff5e100 mm<br \/>\nIsku \u22642000 mm<\/td>\n<\/tr>\n<tr style=\"height: 71px;\">\n<td style=\"height: 71px; width: 41.7778%;\">Ty\u00f6nt\u00f6voima:<\/td>\n<td style=\"height: 71px; width: 58%;\">Enimm\u00e4isarvo 779 kN<br \/>\n(Rei\u00e4n halkaisija 210 mm \/ paine 22,5 MPa)<\/td>\n<\/tr>\n<tr style=\"height: 47px;\">\n<td style=\"height: 47px; width: 41.7778%;\">Ohjaussylinterin sovellukset:<\/td>\n<td style=\"height: 47px; width: 58%;\">Kaivoskuorma-auto<\/td>\n<\/tr>\n<\/tbody>\n<\/table>\n<p><img loading=\"lazy\" decoding=\"async\" class=\"alignnone size-full wp-image-578\" src=\"https:\/\/fmp-components.com\/wp-content\/uploads\/2024\/12\/Mining-Dump-Truck-Steering-Cylinder.webp\" alt=\"Kaivos-Dump-Truck-Ohjaussylinteri\" width=\"1000\" height=\"600\" title=\"\" srcset=\"https:\/\/fmp-components.com\/wp-content\/uploads\/2024\/12\/Mining-Dump-Truck-Steering-Cylinder.webp 1000w, https:\/\/fmp-components.com\/wp-content\/uploads\/2024\/12\/Mining-Dump-Truck-Steering-Cylinder-980x588.webp 980w, https:\/\/fmp-components.com\/wp-content\/uploads\/2024\/12\/Mining-Dump-Truck-Steering-Cylinder-480x288.webp 480w\" sizes=\"(min-width: 0px) and (max-width: 480px) 480px, (min-width: 481px) and (max-width: 980px) 980px, (min-width: 981px) 1000px, 100vw\" \/>Kaivoskuorma-auton etujousituksen sylinterin koko:<\/p>\n<p>Kaivosdumpperin etujousituksen sylinteri on kriittinen hydraulinen komponentti, joka on suunniteltu tukemaan ja vakauttamaan kaivosdumpperin etujousitusj\u00e4rjestelm\u00e4\u00e4. T\u00e4m\u00e4 sylinteri vaimentaa iskuja ja t\u00e4rin\u00e4\u00e4 ep\u00e4tasaisessa maastossa varmistaen tasaisemman ajon ja parantaen kuorma-auton yleist\u00e4 vakautta. Se on valmistettu eritt\u00e4in lujista materiaaleista ja suunniteltu kest\u00e4m\u00e4\u00e4n kaivosymp\u00e4rist\u00f6ille tyypillisi\u00e4 ankaria olosuhteita, mik\u00e4 tarjoaa pitk\u00e4aikaisen kest\u00e4vyyden ja luotettavuuden. Tehokas hydraulinen toiminta mahdollistaa jousitusj\u00e4rjestelm\u00e4n tarkan hallinnan, mik\u00e4 parantaa k\u00e4sittely\u00e4 ja turvallisuutta kuljetusten aikana. T\u00e4m\u00e4 etujousituksen sylinteri on olennainen kaivosdumpperin suorituskyvyn optimoimiseksi, mik\u00e4 edist\u00e4\u00e4 tehokasta materiaalin siirtoa ja kuljettajan mukavuutta vaativissa olosuhteissa.<\/p>\n<p><img loading=\"lazy\" decoding=\"async\" class=\"size-full wp-image-571 aligncenter\" src=\"https:\/\/fmp-components.com\/wp-content\/uploads\/2024\/12\/Mining-Dump-Truck-Front-Suspension-Cylinder1.webp\" alt=\"Kaivoskuorma-auton etujousituksen sylinteri\" width=\"500\" height=\"200\" title=\"\" srcset=\"https:\/\/fmp-components.com\/wp-content\/uploads\/2024\/12\/Mining-Dump-Truck-Front-Suspension-Cylinder1.webp 500w, https:\/\/fmp-components.com\/wp-content\/uploads\/2024\/12\/Mining-Dump-Truck-Front-Suspension-Cylinder1-480x192.webp 480w\" sizes=\"(min-width: 0px) and (max-width: 480px) 480px, (min-width: 481px) 500px, 100vw\" \/><\/p>\n<table style=\"width: 98.6949%; height: 171px;\" border=\"1\" cellspacing=\"0\" cellpadding=\"0\">\n<tbody>\n<tr>\n<td>Tuotteen nimi<\/td>\n<td>Kaivoskuorma-auton etujousituksen sylinteri<\/td>\n<\/tr>\n<tr>\n<td>Ominaisuudet:<\/td>\n<td>Tukee painoa, vaimentaa ja poistaa t\u00e4rin\u00e4\u00e4<\/td>\n<\/tr>\n<tr>\n<td>Rei\u00e4n halkaisija:<\/td>\n<td>150 mm\uff5e450 mm<\/td>\n<\/tr>\n<tr>\n<td>Tangon halkaisija:<\/td>\n<td>120 mm\uff5e400 mm<br \/>\nIsku \u2264400 mm<\/td>\n<\/tr>\n<tr>\n<td>Ty\u00f6nt\u00f6voima:<\/td>\n<td>Maksimi 38 MPa<\/td>\n<\/tr>\n<tr>\n<td>Etujousituksen sylinterin sovellukset:<\/td>\n<td>Kaivoskuorma-auto<\/td>\n<\/tr>\n<\/tbody>\n<\/table>\n<h2><\/h2>\n<p><img loading=\"lazy\" decoding=\"async\" class=\"alignnone size-full wp-image-579\" src=\"https:\/\/fmp-components.com\/wp-content\/uploads\/2024\/12\/Mining-Dump-Truck-Front-Suspension-Cylinder.webp\" alt=\"Kaivoskuorma-auton etujousituksen sylinteri\" width=\"842\" height=\"419\" title=\"\" srcset=\"https:\/\/fmp-components.com\/wp-content\/uploads\/2024\/12\/Mining-Dump-Truck-Front-Suspension-Cylinder.webp 842w, https:\/\/fmp-components.com\/wp-content\/uploads\/2024\/12\/Mining-Dump-Truck-Front-Suspension-Cylinder-480x239.webp 480w\" sizes=\"(min-width: 0px) and (max-width: 480px) 480px, (min-width: 481px) 842px, 100vw\" \/><\/p>\n<h2>Kaivoskuorma-auton takajousituksen sylinterin koko:<\/h2>\n<p>Kaivosdumpperin takajousituksen sylinteri on t\u00e4rke\u00e4 hydraulinen komponentti, joka on suunniteltu parantamaan kaivosdumppereiden takajousitusj\u00e4rjestelm\u00e4n vakautta ja mukavuutta. T\u00e4m\u00e4 sylinteri vaimentaa ep\u00e4tasaisen maaston iskuja ja t\u00e4rin\u00e4\u00e4 varmistaen tasaisemman ajon ja parantaen kuorman vakautta kuljetuksen aikana. Se on valmistettu eritt\u00e4in lujista materiaaleista ja kest\u00e4\u00e4 kaivosymp\u00e4rist\u00f6jen ankaria olosuhteita, mik\u00e4 tarjoaa kest\u00e4vyytt\u00e4 ja luotettavuutta raskaiden kuormien alla. Tehokas hydraulinen toiminta mahdollistaa takajousituksen tarkan hallinnan, mik\u00e4 parantaa k\u00e4sitelt\u00e4vyytt\u00e4 ja turvallisuutta k\u00e4yt\u00f6n aikana. T\u00e4m\u00e4 takajousituksen sylinteri on v\u00e4ltt\u00e4m\u00e4t\u00f6n kaivosdumppereiden suorituskyvyn optimoimiseksi, tehokkaan materiaalin kuljetuksen varmistamiseksi ja kuljettajan mukavuuden parantamiseksi vaativissa olosuhteissa.<\/p>\n<p><img loading=\"lazy\" decoding=\"async\" class=\"size-full wp-image-574 aligncenter\" src=\"https:\/\/fmp-components.com\/wp-content\/uploads\/2024\/12\/Mining-Dump-Truck-Rear-Suspension-Cylinder1.webp\" alt=\"Kaivoskuorma-auton takajousituksen sylinteri\" width=\"500\" height=\"200\" title=\"\" srcset=\"https:\/\/fmp-components.com\/wp-content\/uploads\/2024\/12\/Mining-Dump-Truck-Rear-Suspension-Cylinder1.webp 500w, https:\/\/fmp-components.com\/wp-content\/uploads\/2024\/12\/Mining-Dump-Truck-Rear-Suspension-Cylinder1-480x192.webp 480w\" sizes=\"(min-width: 0px) and (max-width: 480px) 480px, (min-width: 481px) 500px, 100vw\" \/><\/p>\n<table style=\"width: 98.6236%; height: 164px;\" border=\"1\" cellspacing=\"0\" cellpadding=\"0\">\n<tbody>\n<tr>\n<td>Tuotteen nimi<\/td>\n<td>Kaivoskuorma-auton takajousituksen sylinteri<\/td>\n<\/tr>\n<tr>\n<td>Ominaisuudet:<\/td>\n<td>Tukee painoa, vaimentaa ja poistaa t\u00e4rin\u00e4\u00e4<\/td>\n<\/tr>\n<tr>\n<td>Rei\u00e4n halkaisija:<\/td>\n<td>150 mm\uff5e450 mm<\/td>\n<\/tr>\n<tr>\n<td>Tangon halkaisija:<\/td>\n<td>120 mm\uff5e400 mm<br \/>\nIsku \u2264400 mm<\/td>\n<\/tr>\n<tr>\n<td>Ty\u00f6nt\u00f6voima:<\/td>\n<td>Maksimi 38 MPa<\/td>\n<\/tr>\n<tr>\n<td>Takajousituksen sylinterin sovellukset:<\/td>\n<td>Kaivoskuorma-auto<\/td>\n<\/tr>\n<\/tbody>\n<\/table>\n<p><img loading=\"lazy\" decoding=\"async\" class=\"alignnone size-full wp-image-581\" src=\"https:\/\/fmp-components.com\/wp-content\/uploads\/2024\/12\/Mining-Dump-Truck-Rear-Suspension-Cylinder1-1.webp\" alt=\"Kaivoskuorma-auton takajousituksen sylinteri\" width=\"849\" height=\"402\" title=\"\" srcset=\"https:\/\/fmp-components.com\/wp-content\/uploads\/2024\/12\/Mining-Dump-Truck-Rear-Suspension-Cylinder1-1.webp 849w, https:\/\/fmp-components.com\/wp-content\/uploads\/2024\/12\/Mining-Dump-Truck-Rear-Suspension-Cylinder1-1-480x227.webp 480w\" sizes=\"(min-width: 0px) and (max-width: 480px) 480px, (min-width: 481px) 849px, 100vw\" \/><\/p>\n<h2>Kaivoskuorma-auton m\u00e4nt\u00e4akun tekniset tiedot:<\/h2>\n<p>Kaivosdumpperin m\u00e4nt\u00e4akku on t\u00e4rke\u00e4 hydraulinen komponentti, joka on suunniteltu varastoimaan ja vapauttamaan hydraulista energiaa kaivosdumppereissa. T\u00e4m\u00e4 laite auttaa yll\u00e4pit\u00e4m\u00e4\u00e4n tasaista hydraulipainetta varmistaen kuorma-auton nosto- ja tyhjennystoimintojen sujuvan ja tehokkaan toiminnan. Eritt\u00e4in lujista materiaaleista valmistettu m\u00e4nt\u00e4akku on suunniteltu kest\u00e4m\u00e4\u00e4n kaivosymp\u00e4rist\u00f6jen vaativat olosuhteet ja tarjoamaan kest\u00e4vyytt\u00e4 ja luotettavuutta. Vaimentamalla paineenvaihteluita se parantaa hydraulij\u00e4rjestelm\u00e4n yleist\u00e4 suorituskyky\u00e4, mik\u00e4 osaltaan parantaa turvallisuutta ja tehokkuutta materiaalink\u00e4sittelyn aikana. T\u00e4m\u00e4 akku on v\u00e4ltt\u00e4m\u00e4t\u00f6n kaivosdumppereiden toiminnan optimoimiseksi ja tehokkaan toiminnan varmistamiseksi haastavissa maastoissa.<\/p>\n<p><img loading=\"lazy\" decoding=\"async\" class=\"size-full wp-image-573 aligncenter\" src=\"https:\/\/fmp-components.com\/wp-content\/uploads\/2024\/12\/Mining-Dump-Truck-Piston-Accumulator1.webp\" alt=\"Kaivoskuorma-auton m\u00e4nt\u00e4akku\" width=\"500\" height=\"200\" title=\"\" srcset=\"https:\/\/fmp-components.com\/wp-content\/uploads\/2024\/12\/Mining-Dump-Truck-Piston-Accumulator1.webp 500w, https:\/\/fmp-components.com\/wp-content\/uploads\/2024\/12\/Mining-Dump-Truck-Piston-Accumulator1-480x192.webp 480w\" sizes=\"(min-width: 0px) and (max-width: 480px) 480px, (min-width: 481px) 500px, 100vw\" \/><\/p>\n<table border=\"1\" cellspacing=\"0\" cellpadding=\"0\">\n<tbody>\n<tr>\n<td>Tuotteen nimi<\/td>\n<td>Kaivoskuorma-auton m\u00e4nt\u00e4akku<\/td>\n<\/tr>\n<tr>\n<td>Ominaisuudet:<\/td>\n<td>Kuorma jakautuu tasaisesti keski- ja taka-akseleille reaaliajassa akselien kantokyvyn tasapainottamiseksi.<\/td>\n<\/tr>\n<tr>\n<td>Ty\u00f6nt\u00f6voima:<\/td>\n<td>Maksimi 27,5 MPa<\/td>\n<\/tr>\n<tr>\n<td>M\u00e4nt\u00e4akkujen sovellukset:<\/td>\n<td>Kaivoskuorma-auto<\/td>\n<\/tr>\n<\/tbody>\n<\/table>\n<h2><img loading=\"lazy\" decoding=\"async\" class=\"alignnone  wp-image-580\" src=\"https:\/\/fmp-components.com\/wp-content\/uploads\/2024\/12\/Mining-Dump-Truck-Piston-Accumulator-1.webp\" alt=\"Kaivoskuorma-auton m\u00e4nt\u00e4akku\" width=\"911\" height=\"461\" title=\"\" srcset=\"https:\/\/fmp-components.com\/wp-content\/uploads\/2024\/12\/Mining-Dump-Truck-Piston-Accumulator-1.webp 911w, https:\/\/fmp-components.com\/wp-content\/uploads\/2024\/12\/Mining-Dump-Truck-Piston-Accumulator-1-480x243.webp 480w\" sizes=\"(min-width: 0px) and (max-width: 480px) 480px, (min-width: 481px) 911px, 100vw\" \/><img loading=\"lazy\" decoding=\"async\" class=\"alignnone  wp-image-577\" src=\"https:\/\/fmp-components.com\/wp-content\/uploads\/2024\/12\/Mining-Dump-Truck-Piston-Accumulator.webp\" alt=\"Kaivos-Dump-Truck-M\u00e4nt\u00e4-Akku\" width=\"905\" height=\"523\" title=\"\"><\/h2>\n<h2>Tietoja FMP:st\u00e4<\/h2>\n<p>FMP on hydraulisten sylinterien tuotantoon erikoistunut konepajayritys. Perustamisestaan \u200b\u200bl\u00e4htien yritys on keskittynyt hydraulisen teknologian tutkimukseen ja valmistukseen ja siirtynyt menestyksekk\u00e4\u00e4sti monipuolisesta tuotevalikoimasta, joka sis\u00e4lsi sadonkorjuu- ja rakennuskoneita, maataloustraktorien osiin erikoistumiseen. Yli kymmenen vuoden kokemuksella valmistuksesta ja johtamisesta FMP varmistaa korkealaatuiset tuotteet edistyneiden tuotantotekniikoiden avulla.<\/p>\n<p>Yrityksen kehittyess\u00e4 se on kehitt\u00e4nyt kattavan koneistuslinjan, kokoonpanolinjan ja pinnoituslinjan. Tiimimme koostuu ammattitaitoisesta johtohenkil\u00f6st\u00f6st\u00e4, kokeneista mekaanisista suunnittelijoista ja korkeasti koulutetuista teknikoista, jotka ty\u00f6skentelev\u00e4t yhdess\u00e4 yll\u00e4pit\u00e4\u00e4kseen vakaata tuotannon laatua ja samalla tehokkaasti hallitakseen prosessin jatkuvuutta ja tehokkuutta.<\/p>\n<p>FMP noudattaa filosofiaa, jonka mukaan \u201dteknologinen innovaatio edist\u00e4\u00e4 kehityst\u00e4, laatu luo br\u00e4ndej\u00e4, k\u00e4sity\u00f6taito varmistaa laadun ja rakentaa pitk\u00e4aikaisia, kaikkia hy\u00f6dytt\u00e4vi\u00e4 suhteita\u201d. Sitoutumisemme korkealaatuisten tuotteiden ja erinomaisen asiakaspalvelun tarjoamiseen on edelleen keskeinen tavoitteemme, kun jatkamme markkinoiden kehittyvien tarpeiden t\u00e4ytt\u00e4mist\u00e4.<\/p>\n<p><img loading=\"lazy\" decoding=\"async\" class=\"alignnone size-full wp-image-426\" src=\"https:\/\/fmp-components.com\/wp-content\/uploads\/2024\/12\/Sanitation-Machinery-Locking-Hydraulic-Cylinder-factory.webp\" sizes=\"(min-width: 0px) and (max-width: 480px) 480px, (min-width: 481px) and (max-width: 980px) 980px, (min-width: 981px) and (max-width: 1280px) 1280px, (min-width: 1281px) 1414px, 100vw\" srcset=\"https:\/\/fmp-components.com\/wp-content\/uploads\/2024\/12\/Sanitation-Machinery-Locking-Hydraulic-Cylinder-factory.webp 1414w, https:\/\/fmp-components.com\/wp-content\/uploads\/2024\/12\/Sanitation-Machinery-Locking-Hydraulic-Cylinder-factory-1280x529.webp 1280w, https:\/\/fmp-components.com\/wp-content\/uploads\/2024\/12\/Sanitation-Machinery-Locking-Hydraulic-Cylinder-factory-980x405.webp 980w, https:\/\/fmp-components.com\/wp-content\/uploads\/2024\/12\/Sanitation-Machinery-Locking-Hydraulic-Cylinder-factory-480x198.webp 480w\" alt=\"Sanitaatio-Koneet-Lukitus-Hydraulinen-Sylinteri-tehdas\" width=\"1414\" height=\"584\" title=\"\"><\/p>\n<p>Tekij\u00e4: CX<\/p>","protected":false},"excerpt":{"rendered":"<p>Mining Dump Truck Cylinder The Mining Dump Truck Cylinder is a vital hydraulic component designed to facilitate the lifting and dumping functions of mining dump trucks. This cylinder provides the necessary force to raise the truck bed, allowing for efficient unloading of materials such as ore, gravel, and waste. Key Features: Robust Construction: Built from [&hellip;]<\/p>","protected":false},"featured_media":570,"comment_status":"open","ping_status":"closed","template":"","meta":{"_et_pb_use_builder":"","_et_pb_old_content":"","_et_gb_content_width":""},"product_brand":[],"product_cat":[25],"product_tag":[],"class_list":{"0":"post-567","1":"product","2":"type-product","3":"status-publish","4":"has-post-thumbnail","6":"product_cat-mobile-machinery-hydraulic-cylinder","8":"first","9":"instock","10":"shipping-taxable","11":"product-type-simple"},"_links":{"self":[{"href":"https:\/\/fmp-components.com\/fi\/wp-json\/wp\/v2\/product\/567","targetHints":{"allow":["GET"]}}],"collection":[{"href":"https:\/\/fmp-components.com\/fi\/wp-json\/wp\/v2\/product"}],"about":[{"href":"https:\/\/fmp-components.com\/fi\/wp-json\/wp\/v2\/types\/product"}],"replies":[{"embeddable":true,"href":"https:\/\/fmp-components.com\/fi\/wp-json\/wp\/v2\/comments?post=567"}],"wp:featuredmedia":[{"embeddable":true,"href":"https:\/\/fmp-components.com\/fi\/wp-json\/wp\/v2\/media\/570"}],"wp:attachment":[{"href":"https:\/\/fmp-components.com\/fi\/wp-json\/wp\/v2\/media?parent=567"}],"wp:term":[{"taxonomy":"product_brand","embeddable":true,"href":"https:\/\/fmp-components.com\/fi\/wp-json\/wp\/v2\/product_brand?post=567"},{"taxonomy":"product_cat","embeddable":true,"href":"https:\/\/fmp-components.com\/fi\/wp-json\/wp\/v2\/product_cat?post=567"},{"taxonomy":"product_tag","embeddable":true,"href":"https:\/\/fmp-components.com\/fi\/wp-json\/wp\/v2\/product_tag?post=567"}],"curies":[{"name":"wp","href":"https:\/\/api.w.org\/{rel}","templated":true}]}}