{"id":555,"date":"2024-12-16T08:31:00","date_gmt":"2024-12-16T08:31:00","guid":{"rendered":"https:\/\/fmp-components.com\/?page_id=8"},"modified":"2024-12-16T08:31:00","modified_gmt":"2024-12-16T08:31:00","slug":"rotary-drilling-cylinder","status":"publish","type":"product","link":"https:\/\/fmp-components.com\/fi\/product\/rotary-drilling-cylinder\/","title":{"rendered":"Py\u00f6riv\u00e4 poraussylinteri"},"content":{"rendered":"<p style=\"text-align: center;\"><span style=\"font-size: 18pt;\">Py\u00f6riv\u00e4 poraussylinteri<\/span><\/p>\n<p>Py\u00f6riv\u00e4 poraussylinteri on t\u00e4rke\u00e4 hydraulinen komponentti, joka on suunniteltu helpottamaan poraustoiminnassa tarvittavaa py\u00f6rimisliikett\u00e4 erilaisissa sovelluksissa, kuten rakentamisessa, kaivostoiminnassa ja geotekniikassa. T\u00e4m\u00e4 sylinteri tarjoaa tarvittavan voiman poranter\u00e4n py\u00f6ritt\u00e4miseen, mik\u00e4 mahdollistaa tehokkaan tunkeutumisen erityyppisiin maaperiin ja kallioihin.<\/p>\n<p><img loading=\"lazy\" decoding=\"async\" class=\"size-full wp-image-556 aligncenter\" src=\"https:\/\/fmp-components.com\/wp-content\/uploads\/2024\/12\/Rotary-Drilling-Cylinder.webp\" alt=\"Py\u00f6riv\u00e4 poraussylinteri\" width=\"760\" height=\"533\" title=\"\" srcset=\"https:\/\/fmp-components.com\/wp-content\/uploads\/2024\/12\/Rotary-Drilling-Cylinder.webp 760w, https:\/\/fmp-components.com\/wp-content\/uploads\/2024\/12\/Rotary-Drilling-Cylinder-480x337.webp 480w\" sizes=\"(min-width: 0px) and (max-width: 480px) 480px, (min-width: 481px) 760px, 100vw\" \/><\/p>\n<h4>T\u00e4rkeimm\u00e4t ominaisuudet:<\/h4>\n<ul>\n<li><strong>Kest\u00e4v\u00e4 rakenne:<\/strong> Eritt\u00e4in lujista materiaaleista valmistettu py\u00f6riv\u00e4 poraussylinteri on suunniteltu kest\u00e4m\u00e4\u00e4n porausymp\u00e4rist\u00f6jen vaativat olosuhteet, mik\u00e4 varmistaa pitk\u00e4aikaisen kest\u00e4vyyden ja luotettavuuden.<\/li>\n<li><strong>Sujuva toiminta:<\/strong> Hydraulinen rakenne mahdollistaa tasaisen ja hallitun py\u00f6rimisen, mik\u00e4 tarjoaa tarkat porausominaisuudet ja parantaa yleist\u00e4 toiminnan tehokkuutta.<\/li>\n<li><strong>Monipuolinen sovellus:<\/strong> T\u00e4m\u00e4 sylinteri sopii monenlaisille porauslaitteille ja parantaa py\u00f6r\u00f6porien, ruuvien ja muiden porauskoneiden toimivuutta, joten se on ihanteellinen erilaisiin projekteihin.<\/li>\n<li><strong>Parannettu suorituskyky:<\/strong> Tuottamalla tasaista tehoa ja v\u00e4\u00e4nt\u00f6momenttia py\u00f6riv\u00e4 poraussylinteri optimoi poraustehon, mik\u00e4 mahdollistaa nopeamman ja tehokkaamman tunkeutumisen.<\/li>\n<li><strong>V\u00e4h\u00e4iset huoltovaatimukset:<\/strong> Minimoimaan kulumisen suunniteltu sylinteri vaatii v\u00e4hemm\u00e4n huoltoa, mik\u00e4 v\u00e4hent\u00e4\u00e4 seisokkiaikoja ja lis\u00e4\u00e4 poraustoimintojen tuottavuutta.<\/li>\n<\/ul>\n<p>Yhteenvetona voidaan todeta, ett\u00e4 py\u00f6riv\u00e4 poraussylinteri on olennainen osa, joka parantaa poraustoimintojen tehokkuutta ja vaikuttavuutta, mik\u00e4 tekee siit\u00e4 korvaamattoman erilaisissa teollisuus- ja rakennussovelluksissa.<\/p>\n<h2>Py\u00f6riv\u00e4n porausrullasylinterin tekniset tiedot:<\/h2>\n<p>Py\u00f6riv\u00e4 porauspuomin kallistussylinteri on t\u00e4rke\u00e4 hydraulinen komponentti, joka on suunniteltu ohjaamaan porauslautan puomin kulmaa, mik\u00e4 mahdollistaa tarkan asemoinnin poraustoimintojen aikana. T\u00e4m\u00e4 sylinteri mahdollistaa kallistusliikkeen, joka s\u00e4\u00e4t\u00e4\u00e4 puomin korkeutta ja kulmaa poraustehokkuuden ja eri syvyyksien saavuttamiseksi. Se on valmistettu eritt\u00e4in lujista materiaaleista ja kest\u00e4\u00e4 vaativia rakennus- ja porausymp\u00e4rist\u00f6j\u00e4 varmistaen kest\u00e4vyyden ja luotettavuuden. Koukistussylinterin sujuva hydraulinen toiminta mahdollistaa nopeat s\u00e4\u00e4d\u00f6t, mik\u00e4 parantaa lautan monipuolisuutta ja suorituskyky\u00e4 samalla varmistaen turvallisen ja tehokkaan porauksen erilaisissa sovelluksissa.<\/p>\n<p><img loading=\"lazy\" decoding=\"async\" class=\"size-full wp-image-558 aligncenter\" src=\"https:\/\/fmp-components.com\/wp-content\/uploads\/2024\/12\/Rotary-Drilling-Luffing-Cylinder1.webp\" alt=\"Py\u00f6riv\u00e4 poraus Luffing-sylinteri\" width=\"500\" height=\"200\" title=\"\" srcset=\"https:\/\/fmp-components.com\/wp-content\/uploads\/2024\/12\/Rotary-Drilling-Luffing-Cylinder1.webp 500w, https:\/\/fmp-components.com\/wp-content\/uploads\/2024\/12\/Rotary-Drilling-Luffing-Cylinder1-480x192.webp 480w\" sizes=\"(min-width: 0px) and (max-width: 480px) 480px, (min-width: 481px) 500px, 100vw\" \/><\/p>\n<table style=\"width: 92.1166%; height: 218px;\" border=\"1\" cellspacing=\"0\" cellpadding=\"0\">\n<tbody>\n<tr>\n<td>Tuotteen nimi<\/td>\n<td>Py\u00f6riv\u00e4 poraus Luffing-sylinteri<\/td>\n<\/tr>\n<tr>\n<td>Ominaisuudet:<\/td>\n<td>S\u00e4\u00e4d\u00e4 maston kallistuskulmaa ja maston ja is\u00e4nn\u00e4n v\u00e4list\u00e4 et\u00e4isyytt\u00e4<\/td>\n<\/tr>\n<tr>\n<td>Rei\u00e4n halkaisija:<\/td>\n<td>125 mm\uff5e250 mm<\/td>\n<\/tr>\n<tr>\n<td>Tangon halkaisija:<\/td>\n<td>90 mm\uff5e160 mm<br \/>\nIsku \u22641640 mm<\/td>\n<\/tr>\n<tr>\n<td>Paine:<\/td>\n<td>jopa 32 MPa<\/td>\n<\/tr>\n<tr>\n<td>Luffing-sylinterin sovellukset:<\/td>\n<td>Py\u00f6riv\u00e4 poraus<\/td>\n<\/tr>\n<\/tbody>\n<\/table>\n<p><img loading=\"lazy\" decoding=\"async\" class=\"alignnone size-full wp-image-565\" src=\"https:\/\/fmp-components.com\/wp-content\/uploads\/2024\/12\/Rotary-Drilling-Luffing-Cylinder1-1.webp\" alt=\"Py\u00f6riv\u00e4 poraus Luffing-sylinteri\" width=\"839\" height=\"425\" title=\"\" srcset=\"https:\/\/fmp-components.com\/wp-content\/uploads\/2024\/12\/Rotary-Drilling-Luffing-Cylinder1-1.webp 839w, https:\/\/fmp-components.com\/wp-content\/uploads\/2024\/12\/Rotary-Drilling-Luffing-Cylinder1-1-480x243.webp 480w\" sizes=\"(min-width: 0px) and (max-width: 480px) 480px, (min-width: 481px) 839px, 100vw\" \/> <img loading=\"lazy\" decoding=\"async\" class=\"alignnone size-full wp-image-566\" src=\"https:\/\/fmp-components.com\/wp-content\/uploads\/2024\/12\/Rotary-Drilling-Luffing-Cylinder2.webp\" alt=\"Py\u00f6riv\u00e4 poraus Luffing-sylinteri\" width=\"831\" height=\"417\" title=\"\" srcset=\"https:\/\/fmp-components.com\/wp-content\/uploads\/2024\/12\/Rotary-Drilling-Luffing-Cylinder2.webp 831w, https:\/\/fmp-components.com\/wp-content\/uploads\/2024\/12\/Rotary-Drilling-Luffing-Cylinder2-480x241.webp 480w\" sizes=\"(min-width: 0px) and (max-width: 480px) 480px, (min-width: 481px) 831px, 100vw\" \/><\/p>\n<h2>Py\u00f6riv\u00e4n porausmaston sylinterin tekniset tiedot:<\/h2>\n<p>Py\u00f6riv\u00e4n porausmaston sylinteri on t\u00e4rke\u00e4 hydraulinen komponentti, joka tukee porausmaston pystysuoraa liikett\u00e4, mahdollistaen sen nousemisen ja laskemisen poraustoimintojen aikana. T\u00e4m\u00e4 sylinteri on suunniteltu tarjoamaan tarvittava voima maston pident\u00e4miseksi eri korkeuksiin, mik\u00e4 mahdollistaa tehokkaan p\u00e4\u00e4syn poraamiseen tarvittaville syvyyksille. Se on valmistettu eritt\u00e4in lujista materiaaleista ja suunniteltu kest\u00e4m\u00e4\u00e4n porausymp\u00e4rist\u00f6jen ankaria vaatimuksia varmistaen pitk\u00e4kestoisen kest\u00e4vyyden ja luotettavuuden. Mastosylinterin tasainen hydraulinen toiminta helpottaa tarkkaa ohjausta, parantaa porauslautan yleist\u00e4 vakautta ja suorituskyky\u00e4 samalla varmistaen turvallisen ja tehokkaan toiminnan erilaisissa sovelluksissa.<\/p>\n<p><img loading=\"lazy\" decoding=\"async\" class=\"size-full wp-image-559 aligncenter\" src=\"https:\/\/fmp-components.com\/wp-content\/uploads\/2024\/12\/Rotary-Drilling-Mast-Cylinder1.webp\" alt=\"Py\u00f6riv\u00e4n porausmaston sylinteri\" width=\"500\" height=\"200\" title=\"\" srcset=\"https:\/\/fmp-components.com\/wp-content\/uploads\/2024\/12\/Rotary-Drilling-Mast-Cylinder1.webp 500w, https:\/\/fmp-components.com\/wp-content\/uploads\/2024\/12\/Rotary-Drilling-Mast-Cylinder1-480x192.webp 480w\" sizes=\"(min-width: 0px) and (max-width: 480px) 480px, (min-width: 481px) 500px, 100vw\" \/><\/p>\n<table style=\"width: 92.4146%; height: 200px;\" border=\"1\" cellspacing=\"0\" cellpadding=\"0\">\n<tbody>\n<tr style=\"height: 23px;\">\n<td style=\"width: 30.6306%; height: 23px;\">Tuotteen nimi<\/td>\n<td style=\"width: 69.009%; height: 23px;\">Py\u00f6riv\u00e4n porausmaston sylinteri<\/td>\n<\/tr>\n<tr style=\"height: 23px;\">\n<td style=\"width: 30.6306%; height: 23px;\">Ominaisuudet:<\/td>\n<td style=\"width: 69.009%; height: 23px;\">Ohjaa mastoa, s\u00e4\u00e4d\u00e4 maston ja maan kulmaa<\/td>\n<\/tr>\n<tr style=\"height: 23px;\">\n<td style=\"width: 30.6306%; height: 23px;\">Rei\u00e4n halkaisija:<\/td>\n<td style=\"width: 69.009%; height: 23px;\">140 mm\uff5e350 mm<\/td>\n<\/tr>\n<tr style=\"height: 47px;\">\n<td style=\"width: 30.6306%; height: 47px;\">Tangon halkaisija:<\/td>\n<td style=\"width: 69.009%; height: 47px;\">90 mm\uff5e230 mm<br \/>\nIsku \u22645550 mm<\/td>\n<\/tr>\n<tr style=\"height: 23px;\">\n<td style=\"width: 30.6306%; height: 23px;\">Paine:<\/td>\n<td style=\"width: 69.009%; height: 23px;\">jopa 32 MPa<\/td>\n<\/tr>\n<tr style=\"height: 23px;\">\n<td style=\"width: 30.6306%; height: 23px;\">Maston sylinterin sovellukset:<\/td>\n<td style=\"width: 69.009%; height: 23px;\">Py\u00f6riv\u00e4 poraus<\/td>\n<\/tr>\n<\/tbody>\n<\/table>\n<p><img loading=\"lazy\" decoding=\"async\" class=\"alignnone size-full wp-image-563\" src=\"https:\/\/fmp-components.com\/wp-content\/uploads\/2024\/12\/Rotary-Drilling-Mast-Cylinder1-1.webp\" alt=\"Py\u00f6riv\u00e4n porausmaston sylinteri\" width=\"821\" height=\"426\" title=\"\" srcset=\"https:\/\/fmp-components.com\/wp-content\/uploads\/2024\/12\/Rotary-Drilling-Mast-Cylinder1-1.webp 821w, https:\/\/fmp-components.com\/wp-content\/uploads\/2024\/12\/Rotary-Drilling-Mast-Cylinder1-1-480x249.webp 480w\" sizes=\"(min-width: 0px) and (max-width: 480px) 480px, (min-width: 481px) 821px, 100vw\" \/> <img loading=\"lazy\" decoding=\"async\" class=\"alignnone size-full wp-image-564\" src=\"https:\/\/fmp-components.com\/wp-content\/uploads\/2024\/12\/Rotary-Drilling-Mast-Cylinder2.webp\" alt=\"Py\u00f6riv\u00e4n porausmaston sylinteri\" width=\"828\" height=\"414\" title=\"\" srcset=\"https:\/\/fmp-components.com\/wp-content\/uploads\/2024\/12\/Rotary-Drilling-Mast-Cylinder2.webp 828w, https:\/\/fmp-components.com\/wp-content\/uploads\/2024\/12\/Rotary-Drilling-Mast-Cylinder2-480x240.webp 480w\" sizes=\"(min-width: 0px) and (max-width: 480px) 480px, (min-width: 481px) 828px, 100vw\" \/><\/p>\n<h2>Py\u00f6riv\u00e4n porauspaineistetun sylinterin tekniset tiedot:<\/h2>\n<p>Py\u00f6riv\u00e4n porauksen paineistettu sylinteri on kriittinen hydraulinen komponentti, joka on suunniteltu kohdistamaan ja yll\u00e4pit\u00e4m\u00e4\u00e4n painetta py\u00f6riv\u00e4n porauksen aikana. T\u00e4m\u00e4 sylinteri varmistaa, ett\u00e4 poranter\u00e4 saa tasaisen voiman, mik\u00e4 parantaa sen tehokkuutta tunkeutua erilaisiin maaper\u00e4- ja kalliomuodostelmiin. Se on valmistettu eritt\u00e4in lujista materiaaleista ja kest\u00e4\u00e4 porausymp\u00e4rist\u00f6jen vaativia olosuhteita, mik\u00e4 tarjoaa kest\u00e4vyytt\u00e4 ja luotettavuutta. Paineistettu toiminta mahdollistaa tehokkaan poraustehon, mik\u00e4 parantaa toiminnan nopeutta ja tehokkuutta. Lis\u00e4ksi sylinterin rakenne helpottaa sujuvaa hydraulista liikett\u00e4, mik\u00e4 varmistaa tarkan ohjauksen ja vakauden porausteht\u00e4viss\u00e4, mik\u00e4 tekee siit\u00e4 v\u00e4ltt\u00e4m\u00e4tt\u00f6m\u00e4n erilaisissa rakennus- ja geoteknisiss\u00e4 sovelluksissa.<\/p>\n<p><img loading=\"lazy\" decoding=\"async\" class=\"size-full wp-image-560 aligncenter\" src=\"https:\/\/fmp-components.com\/wp-content\/uploads\/2024\/12\/Rotary-Drilling-Pressurized-Cylinder.webp\" alt=\"Py\u00f6riv\u00e4 porauspainesylinteri\" width=\"500\" height=\"200\" title=\"\" srcset=\"https:\/\/fmp-components.com\/wp-content\/uploads\/2024\/12\/Rotary-Drilling-Pressurized-Cylinder.webp 500w, https:\/\/fmp-components.com\/wp-content\/uploads\/2024\/12\/Rotary-Drilling-Pressurized-Cylinder-480x192.webp 480w\" sizes=\"(min-width: 0px) and (max-width: 480px) 480px, (min-width: 481px) 500px, 100vw\" \/><\/p>\n<table style=\"width: 91.2553%; height: 204px;\" border=\"1\" cellspacing=\"0\" cellpadding=\"0\">\n<tbody>\n<tr>\n<td>Tuotteen nimi<\/td>\n<td>Py\u00f6riv\u00e4 porauspainesylinteri<\/td>\n<\/tr>\n<tr>\n<td>Ominaisuudet:<\/td>\n<td>Ohjaa tehop\u00e4\u00e4n nostoa ja laskua<\/td>\n<\/tr>\n<tr>\n<td>Rei\u00e4n halkaisija:<\/td>\n<td>125 mm\uff5e210 mm<\/td>\n<\/tr>\n<tr>\n<td>Tangon halkaisija:<\/td>\n<td>90 mm\uff5e150 mm<br \/>\nIsku \u22648500 mm<\/td>\n<\/tr>\n<tr>\n<td>Paine:<\/td>\n<td>jopa 35 MPa<\/td>\n<\/tr>\n<tr>\n<td>Paineistettujen sylinterien sovellukset:<\/td>\n<td>Py\u00f6riv\u00e4 poraus<\/td>\n<\/tr>\n<\/tbody>\n<\/table>\n<p><img loading=\"lazy\" decoding=\"async\" class=\"alignnone size-full wp-image-561\" src=\"https:\/\/fmp-components.com\/wp-content\/uploads\/2024\/12\/Rotary-Drilling-Pressurized-Cylinder2.webp\" alt=\"Py\u00f6riv\u00e4 porauspainesylinteri\" width=\"831\" height=\"416\" title=\"\" srcset=\"https:\/\/fmp-components.com\/wp-content\/uploads\/2024\/12\/Rotary-Drilling-Pressurized-Cylinder2.webp 831w, https:\/\/fmp-components.com\/wp-content\/uploads\/2024\/12\/Rotary-Drilling-Pressurized-Cylinder2-480x240.webp 480w\" sizes=\"(min-width: 0px) and (max-width: 480px) 480px, (min-width: 481px) 831px, 100vw\" \/> <img loading=\"lazy\" decoding=\"async\" class=\"alignnone size-full wp-image-562\" src=\"https:\/\/fmp-components.com\/wp-content\/uploads\/2024\/12\/Rotary-Drilling-Pressurized-Cylinder1.png\" alt=\"Py\u00f6riv\u00e4 porauspainesylinteri\" width=\"817\" height=\"430\" title=\"\" srcset=\"https:\/\/fmp-components.com\/wp-content\/uploads\/2024\/12\/Rotary-Drilling-Pressurized-Cylinder1.png 817w, https:\/\/fmp-components.com\/wp-content\/uploads\/2024\/12\/Rotary-Drilling-Pressurized-Cylinder1-480x253.png 480w\" sizes=\"(min-width: 0px) and (max-width: 480px) 480px, (min-width: 481px) 817px, 100vw\" \/><\/p>\n<h2>Tietoja FMP:st\u00e4<\/h2>\n<p>FMP on hydraulisten sylinterien tuotantoon erikoistunut konepajayritys. Perustamisestaan \u200b\u200bl\u00e4htien yritys on keskittynyt hydraulisen teknologian tutkimukseen ja valmistukseen ja siirtynyt menestyksekk\u00e4\u00e4sti monipuolisesta tuotevalikoimasta, joka sis\u00e4lsi sadonkorjuu- ja rakennuskoneita, maataloustraktorien osiin erikoistumiseen. Yli kymmenen vuoden kokemuksella valmistuksesta ja johtamisesta FMP varmistaa korkealaatuiset tuotteet edistyneiden tuotantotekniikoiden avulla.<\/p>\n<p>Yrityksen kehittyess\u00e4 se on kehitt\u00e4nyt kattavan koneistuslinjan, kokoonpanolinjan ja pinnoituslinjan. Tiimimme koostuu ammattitaitoisesta johtohenkil\u00f6st\u00f6st\u00e4, kokeneista mekaanisista suunnittelijoista ja korkeasti koulutetuista teknikoista, jotka ty\u00f6skentelev\u00e4t yhdess\u00e4 yll\u00e4pit\u00e4\u00e4kseen vakaata tuotannon laatua ja samalla tehokkaasti hallitakseen prosessin jatkuvuutta ja tehokkuutta.<\/p>\n<p>FMP noudattaa filosofiaa, jonka mukaan \u201dteknologinen innovaatio edist\u00e4\u00e4 kehityst\u00e4, laatu luo br\u00e4ndej\u00e4, k\u00e4sity\u00f6taito varmistaa laadun ja rakentaa pitk\u00e4aikaisia, kaikkia hy\u00f6dytt\u00e4vi\u00e4 suhteita\u201d. Sitoutumisemme korkealaatuisten tuotteiden ja erinomaisen asiakaspalvelun tarjoamiseen on edelleen keskeinen tavoitteemme, kun jatkamme markkinoiden kehittyvien tarpeiden t\u00e4ytt\u00e4mist\u00e4.<\/p>\n<p><img loading=\"lazy\" decoding=\"async\" class=\"alignnone size-full wp-image-426\" src=\"https:\/\/fmp-components.com\/wp-content\/uploads\/2024\/12\/Sanitation-Machinery-Locking-Hydraulic-Cylinder-factory.webp\" sizes=\"(min-width: 0px) and (max-width: 480px) 480px, (min-width: 481px) and (max-width: 980px) 980px, (min-width: 981px) and (max-width: 1280px) 1280px, (min-width: 1281px) 1414px, 100vw\" srcset=\"https:\/\/fmp-components.com\/wp-content\/uploads\/2024\/12\/Sanitation-Machinery-Locking-Hydraulic-Cylinder-factory.webp 1414w, https:\/\/fmp-components.com\/wp-content\/uploads\/2024\/12\/Sanitation-Machinery-Locking-Hydraulic-Cylinder-factory-1280x529.webp 1280w, https:\/\/fmp-components.com\/wp-content\/uploads\/2024\/12\/Sanitation-Machinery-Locking-Hydraulic-Cylinder-factory-980x405.webp 980w, https:\/\/fmp-components.com\/wp-content\/uploads\/2024\/12\/Sanitation-Machinery-Locking-Hydraulic-Cylinder-factory-480x198.webp 480w\" alt=\"Sanitaatio-Koneet-Lukitus-Hydraulinen-Sylinteri-tehdas\" width=\"1414\" height=\"584\" title=\"\"><\/p>\n<p>Tekij\u00e4: CX<\/p>","protected":false},"excerpt":{"rendered":"<p>Rotary Drilling Cylinder The Rotary Drilling Cylinder is a crucial hydraulic component designed to facilitate the rotary motion required for drilling operations in various applications, including construction, mining, and geotechnical engineering. This cylinder provides the necessary force to rotate the drill bit, enabling efficient penetration into different types of soil and rock. Key Features: Robust [&hellip;]<\/p>","protected":false},"featured_media":557,"comment_status":"open","ping_status":"closed","template":"","meta":{"_et_pb_use_builder":"","_et_pb_old_content":"","_et_gb_content_width":""},"product_brand":[],"product_cat":[25],"product_tag":[],"class_list":{"0":"post-555","1":"product","2":"type-product","3":"status-publish","4":"has-post-thumbnail","6":"product_cat-mobile-machinery-hydraulic-cylinder","8":"first","9":"instock","10":"shipping-taxable","11":"product-type-simple"},"_links":{"self":[{"href":"https:\/\/fmp-components.com\/fi\/wp-json\/wp\/v2\/product\/555","targetHints":{"allow":["GET"]}}],"collection":[{"href":"https:\/\/fmp-components.com\/fi\/wp-json\/wp\/v2\/product"}],"about":[{"href":"https:\/\/fmp-components.com\/fi\/wp-json\/wp\/v2\/types\/product"}],"replies":[{"embeddable":true,"href":"https:\/\/fmp-components.com\/fi\/wp-json\/wp\/v2\/comments?post=555"}],"wp:featuredmedia":[{"embeddable":true,"href":"https:\/\/fmp-components.com\/fi\/wp-json\/wp\/v2\/media\/557"}],"wp:attachment":[{"href":"https:\/\/fmp-components.com\/fi\/wp-json\/wp\/v2\/media?parent=555"}],"wp:term":[{"taxonomy":"product_brand","embeddable":true,"href":"https:\/\/fmp-components.com\/fi\/wp-json\/wp\/v2\/product_brand?post=555"},{"taxonomy":"product_cat","embeddable":true,"href":"https:\/\/fmp-components.com\/fi\/wp-json\/wp\/v2\/product_cat?post=555"},{"taxonomy":"product_tag","embeddable":true,"href":"https:\/\/fmp-components.com\/fi\/wp-json\/wp\/v2\/product_tag?post=555"}],"curies":[{"name":"wp","href":"https:\/\/api.w.org\/{rel}","templated":true}]}}