{"id":5271,"date":"2025-02-05T06:15:34","date_gmt":"2025-02-05T06:15:34","guid":{"rendered":"https:\/\/fmp-components.com\/?post_type=product&#038;p=5271"},"modified":"2025-02-05T06:20:23","modified_gmt":"2025-02-05T06:20:23","slug":"cast-iron-sprocket","status":"publish","type":"product","link":"https:\/\/fmp-components.com\/fi\/product\/cast-iron-sprocket\/","title":{"rendered":"Valurautainen hammaspy\u00f6r\u00e4"},"content":{"rendered":"<h2>Yleiskatsaus valurautaiseen hammaspy\u00f6r\u00e4\u00e4n<\/h2>\n<p>Valurautaiset ketjupy\u00f6r\u00e4mme on suunniteltu ja valmistettu tarjoamaan poikkeuksellista suorituskyky\u00e4 ja kest\u00e4vyytt\u00e4. N\u00e4it\u00e4 ketjupy\u00f6ri\u00e4 k\u00e4ytet\u00e4\u00e4n laajalti erilaisissa teollisissa sovelluksissa, joissa luotettavuus ja pitk\u00e4 k\u00e4ytt\u00f6ik\u00e4 ovat ratkaisevan t\u00e4rkeit\u00e4. K\u00e4yt\u00e4mme korkealaatuisia materiaaleja ja edistyneit\u00e4 valmistustekniikoita valmistaaksemme ketjupy\u00f6ri\u00e4, jotka t\u00e4ytt\u00e4v\u00e4t korkeimmat tarkkuus- ja kest\u00e4vyysstandardit.<\/p>\n<h3>Materiaalivalinta<\/h3>\n<p>Suuret ja pienet ketjupy\u00f6r\u00e4mme on valmistettu korkealaatuisesta hiiliter\u00e4ksest\u00e4, mik\u00e4 takaa erinomaisen lujuuden ja kulutuskest\u00e4vyyden. Lis\u00e4ksi tarjoamme r\u00e4\u00e4t\u00e4l\u00f6intivaihtoehtoja eri materiaaleista, kuten ruostumattomasta ter\u00e4ksest\u00e4, hiiliter\u00e4ksest\u00e4 ja muista erikoisseoksista, joiden avulla voimme r\u00e4\u00e4t\u00e4l\u00f6id\u00e4 ketjupy\u00f6r\u00e4t vastaamaan asiakkaiden erityisvaatimuksia.<\/p>\n<h3>K\u00e4sittely- ja k\u00e4sittelytekniikka<\/h3>\n<p>Optimaalisen suorituskyvyn varmistamiseksi k\u00e4yt\u00e4mme tuotantoprosessissa edistynytt\u00e4 hammaspy\u00f6rien jyrsint\u00e4tekniikkaa. T\u00e4m\u00e4n tuloksena saadaan eritt\u00e4in tarkkoja hammasprofiileja omaavia ketjupy\u00f6ri\u00e4. Muotoilun j\u00e4lkeen ketjupy\u00f6r\u00e4t k\u00e4yv\u00e4t l\u00e4pi sammutus- ja p\u00e4\u00e4st\u00f6prosessin, joka parantaa merkitt\u00e4v\u00e4sti niiden mekaanisia ominaisuuksia. Hampaiden kovuutta kontrolloidaan huolellisesti ja se saavuttaa 68\u201372 HRA:n tason, mik\u00e4 tarjoaa erinomaisen kulutuskest\u00e4vyyden ja lujuuden.<\/p>\n<h3>Tuotesarja<\/h3>\n<p>Tarjoamme laajan valikoiman rattaita, aina kustannustehokkaista vakiomalleista vaativiin sovelluksiin suunniteltuihin ensiluokkaisiin rattaisiin. Tuotantoprosessiamme valvotaan tiukasti jokaisessa vaiheessa, jotta voimme taata jokaisen tuotteen tasalaatuisuuden ja tarkkuuden.<\/p>\n<h3>Valurautaisten ketjupy\u00f6rien t\u00e4rkeimm\u00e4t ominaisuudet<\/h3>\n<ul>\n<li><strong>Erilaisia \u200b\u200bmateriaaleja<\/strong>Valurautaiset hammaspy\u00f6r\u00e4mme ovat saatavilla useista eri materiaaleista, kuten hiiliter\u00e4ksest\u00e4, ruostumattomasta ter\u00e4ksest\u00e4 ja muista seoksista, vastaamaan asiakkaidemme monipuolisiin tarpeisiin.<\/li>\n<li><strong>Mukautus saatavilla<\/strong>Tarjoamme t\u00e4yden r\u00e4\u00e4t\u00e4l\u00f6innin k\u00e4ytt\u00e4j\u00e4n vaatimusten perusteella varmistaen, ett\u00e4 ketjupy\u00f6r\u00e4t sopivat tiettyihin k\u00e4ytt\u00f6olosuhteisiin.<\/li>\n<li><strong>L\u00e4mp\u00f6k\u00e4sittely<\/strong>Jokainen ketjupy\u00f6r\u00e4 l\u00e4mp\u00f6k\u00e4sitell\u00e4\u00e4n vaaditun kovuuden saavuttamiseksi, mik\u00e4 parantaa sen kest\u00e4vyytt\u00e4 ja kulutuskest\u00e4vyytt\u00e4.<\/li>\n<li><strong>Tarkka valmistus<\/strong>Ketjupy\u00f6r\u00e4t on koneistettu huolellisesti puhtaiden reunojen ja purseettomien pintojen varmistamiseksi, mik\u00e4 parantaa yleist\u00e4 esteettist\u00e4 ja toiminnallista laatua.<\/li>\n<li><strong>Pitk\u00e4 k\u00e4ytt\u00f6ik\u00e4<\/strong>Tarkan materiaalivalinnan, korkean kovuuden ja vakaan toiminnan ansiosta valurautaiset ketjupy\u00f6r\u00e4mme on rakennettu kest\u00e4m\u00e4\u00e4n ja tarjoamaan pitk\u00e4n k\u00e4ytt\u00f6i\u00e4n jopa vaativissa ymp\u00e4rist\u00f6iss\u00e4.<\/li>\n<li><strong>Vakaa toiminta<\/strong>Suurilla nopeuksilla toimimiseen suunnitellut rattaamme tarjoavat tasaisen ja vakaan suorituskyvyn, mik\u00e4 v\u00e4hent\u00e4\u00e4 toiminnan keskeytysten tai t\u00e4rin\u00e4n riski\u00e4.<\/li>\n<\/ul>\n<p>Valurautaiset ketjupy\u00f6r\u00e4mme on suunniteltu luotettaviksi ja tehokkaiksi. Tarkan materiaalivalinnan, edistyneiden prosessointitekniikoiden ja r\u00e4\u00e4t\u00e4l\u00f6intimahdollisuuksien ansiosta ne tarjoavat ihanteellisen ratkaisun sovelluksiin, jotka vaativat suurta kest\u00e4vyytt\u00e4 ja vakaata toimintaa. Tarvitsetpa sitten vakioketjupy\u00f6r\u00e4n tai mittatilausty\u00f6n\u00e4 tehdyn, me tarjoamme sinulle korkealaatuisia ratkaisuja, jotka on r\u00e4\u00e4t\u00e4l\u00f6ity tarpeisiisi.<\/p>\n<h2>Valurautaisten hammaspy\u00f6rien luettelo:<\/h2>\n<p><img loading=\"lazy\" decoding=\"async\" class=\"alignnone size-full wp-image-5272\" src=\"https:\/\/fmp-components.com\/wp-content\/uploads\/2025\/02\/fmp-cast-iron-sprocket-1.webp\" alt=\"fmp-valurautainen-hammaspy\u00f6r\u00e4\" width=\"1059\" height=\"464\" title=\"\" srcset=\"https:\/\/fmp-components.com\/wp-content\/uploads\/2025\/02\/fmp-cast-iron-sprocket-1.webp 1059w, https:\/\/fmp-components.com\/wp-content\/uploads\/2025\/02\/fmp-cast-iron-sprocket-1-980x429.webp 980w, https:\/\/fmp-components.com\/wp-content\/uploads\/2025\/02\/fmp-cast-iron-sprocket-1-480x210.webp 480w\" sizes=\"(min-width: 0px) and (max-width: 480px) 480px, (min-width: 481px) and (max-width: 980px) 980px, (min-width: 981px) 1059px, 100vw\" \/><\/p>\n<h3>06B valurautainen ketjupy\u00f6r\u00e4<\/h3>\n<p><img loading=\"lazy\" decoding=\"async\" class=\"alignnone size-full wp-image-5273\" src=\"https:\/\/fmp-components.com\/wp-content\/uploads\/2025\/02\/fmp-cast-iron-sprocket-2.webp\" alt=\"fmp-valurautainen-hammaspy\u00f6r\u00e4\" width=\"935\" height=\"434\" title=\"\" srcset=\"https:\/\/fmp-components.com\/wp-content\/uploads\/2025\/02\/fmp-cast-iron-sprocket-2.webp 935w, https:\/\/fmp-components.com\/wp-content\/uploads\/2025\/02\/fmp-cast-iron-sprocket-2-480x223.webp 480w\" sizes=\"(min-width: 0px) and (max-width: 480px) 480px, (min-width: 481px) 935px, 100vw\" \/><\/p>\n<h3>08B valurautainen ketjupy\u00f6r\u00e4<\/h3>\n<p><img loading=\"lazy\" decoding=\"async\" class=\"alignnone size-full wp-image-5274\" src=\"https:\/\/fmp-components.com\/wp-content\/uploads\/2025\/02\/fmp-cast-iron-sprocket-3.webp\" alt=\"fmp-valurautainen-hammaspy\u00f6r\u00e4\" width=\"934\" height=\"442\" title=\"\" srcset=\"https:\/\/fmp-components.com\/wp-content\/uploads\/2025\/02\/fmp-cast-iron-sprocket-3.webp 934w, https:\/\/fmp-components.com\/wp-content\/uploads\/2025\/02\/fmp-cast-iron-sprocket-3-480x227.webp 480w\" sizes=\"(min-width: 0px) and (max-width: 480px) 480px, (min-width: 481px) 934px, 100vw\" \/><\/p>\n<h3>10B valurautainen hammaspy\u00f6r\u00e4<\/h3>\n<p><img loading=\"lazy\" decoding=\"async\" class=\"alignnone size-full wp-image-5275\" src=\"https:\/\/fmp-components.com\/wp-content\/uploads\/2025\/02\/fmp-cast-iron-sprocket-4.webp\" alt=\"fmp-valurautainen-hammaspy\u00f6r\u00e4\" width=\"937\" height=\"403\" title=\"\" srcset=\"https:\/\/fmp-components.com\/wp-content\/uploads\/2025\/02\/fmp-cast-iron-sprocket-4.webp 937w, https:\/\/fmp-components.com\/wp-content\/uploads\/2025\/02\/fmp-cast-iron-sprocket-4-480x206.webp 480w\" sizes=\"(min-width: 0px) and (max-width: 480px) 480px, (min-width: 481px) 937px, 100vw\" \/><\/p>\n<h3>12B valurautainen hammaspy\u00f6r\u00e4<\/h3>\n<p><img loading=\"lazy\" decoding=\"async\" class=\"alignnone size-full wp-image-5276\" src=\"https:\/\/fmp-components.com\/wp-content\/uploads\/2025\/02\/fmp-cast-iron-sprocket-5.webp\" alt=\"fmp-valurautainen-hammaspy\u00f6r\u00e4\" width=\"937\" height=\"426\" title=\"\" srcset=\"https:\/\/fmp-components.com\/wp-content\/uploads\/2025\/02\/fmp-cast-iron-sprocket-5.webp 937w, https:\/\/fmp-components.com\/wp-content\/uploads\/2025\/02\/fmp-cast-iron-sprocket-5-480x218.webp 480w\" sizes=\"(min-width: 0px) and (max-width: 480px) 480px, (min-width: 481px) 937px, 100vw\" \/><\/p>\n<h3>16B valurautainen ketjupy\u00f6r\u00e4<\/h3>\n<p><img loading=\"lazy\" decoding=\"async\" class=\"alignnone size-full wp-image-5277\" src=\"https:\/\/fmp-components.com\/wp-content\/uploads\/2025\/02\/fmp-cast-iron-sprocket-6.webp\" alt=\"fmp-valurautainen-hammaspy\u00f6r\u00e4\" width=\"938\" height=\"442\" title=\"\" srcset=\"https:\/\/fmp-components.com\/wp-content\/uploads\/2025\/02\/fmp-cast-iron-sprocket-6.webp 938w, https:\/\/fmp-components.com\/wp-content\/uploads\/2025\/02\/fmp-cast-iron-sprocket-6-480x226.webp 480w\" sizes=\"(min-width: 0px) and (max-width: 480px) 480px, (min-width: 481px) 938px, 100vw\" \/><\/p>\n<h3>20B valurautainen ketjupy\u00f6r\u00e4<\/h3>\n<p><img loading=\"lazy\" decoding=\"async\" class=\"alignnone size-full wp-image-5278\" src=\"https:\/\/fmp-components.com\/wp-content\/uploads\/2025\/02\/fmp-cast-iron-sprocket-7.webp\" alt=\"fmp-valurautainen-hammaspy\u00f6r\u00e4\" width=\"938\" height=\"333\" title=\"\" srcset=\"https:\/\/fmp-components.com\/wp-content\/uploads\/2025\/02\/fmp-cast-iron-sprocket-7.webp 938w, https:\/\/fmp-components.com\/wp-content\/uploads\/2025\/02\/fmp-cast-iron-sprocket-7-480x170.webp 480w\" sizes=\"(min-width: 0px) and (max-width: 480px) 480px, (min-width: 481px) 938px, 100vw\" \/><\/p>\n<h3>24B valurautainen ketjupy\u00f6r\u00e4<\/h3>\n<p><img loading=\"lazy\" decoding=\"async\" class=\"alignnone size-full wp-image-5279\" src=\"https:\/\/fmp-components.com\/wp-content\/uploads\/2025\/02\/fmp-cast-iron-sprocket-8.webp\" alt=\"fmp-valurautainen-hammaspy\u00f6r\u00e4\" width=\"935\" height=\"404\" title=\"\" srcset=\"https:\/\/fmp-components.com\/wp-content\/uploads\/2025\/02\/fmp-cast-iron-sprocket-8.webp 935w, https:\/\/fmp-components.com\/wp-content\/uploads\/2025\/02\/fmp-cast-iron-sprocket-8-480x207.webp 480w\" sizes=\"(min-width: 0px) and (max-width: 480px) 480px, (min-width: 481px) 935px, 100vw\" \/><\/p>\n<h3>28B valurautainen ketjupy\u00f6r\u00e4<\/h3>\n<p><img loading=\"lazy\" decoding=\"async\" class=\"alignnone size-full wp-image-5280\" src=\"https:\/\/fmp-components.com\/wp-content\/uploads\/2025\/02\/fmp-cast-iron-sprocket-9.webp\" alt=\"fmp-valurautainen-hammaspy\u00f6r\u00e4\" width=\"938\" height=\"340\" title=\"\" srcset=\"https:\/\/fmp-components.com\/wp-content\/uploads\/2025\/02\/fmp-cast-iron-sprocket-9.webp 938w, https:\/\/fmp-components.com\/wp-content\/uploads\/2025\/02\/fmp-cast-iron-sprocket-9-480x174.webp 480w\" sizes=\"(min-width: 0px) and (max-width: 480px) 480px, (min-width: 481px) 938px, 100vw\" \/><\/p>\n<h3>32B valurautainen ketjupy\u00f6r\u00e4<\/h3>\n<p><img loading=\"lazy\" decoding=\"async\" class=\"alignnone size-full wp-image-5283\" src=\"https:\/\/fmp-components.com\/wp-content\/uploads\/2025\/02\/fmp-cast-iron-sprocket-10.webp\" alt=\"fmp-valurautainen-hammaspy\u00f6r\u00e4\" width=\"937\" height=\"382\" title=\"\" srcset=\"https:\/\/fmp-components.com\/wp-content\/uploads\/2025\/02\/fmp-cast-iron-sprocket-10.webp 937w, https:\/\/fmp-components.com\/wp-content\/uploads\/2025\/02\/fmp-cast-iron-sprocket-10-480x196.webp 480w\" sizes=\"(min-width: 0px) and (max-width: 480px) 480px, (min-width: 481px) 937px, 100vw\" \/><\/p>\n<h2>Tietoja FMP:st\u00e4<\/h2>\n<p>FMP:ll\u00e4 olemme ylpeit\u00e4 siit\u00e4, ett\u00e4 olemme johtava korkealaatuisten ketjupy\u00f6rien valmistaja. Tuotteet valmistetaan edistyneess\u00e4 tehtaassamme Italiassa. Tarjoamme laajan valikoiman ketjupy\u00f6ri\u00e4, jotka on suunniteltu vastaamaan eri teollisuudenalojen ainutlaatuisiin tarpeisiin. Etsitp\u00e4 sitten valmiiksi porattuja ketjupy\u00f6ri\u00e4, v\u00e4lirattaita, kartiolukitteisia ketjupy\u00f6ri\u00e4 tai kuljetinketjupy\u00f6ri\u00e4, valmistamme jokaisen tuotteen tarkasti ja kest\u00e4v\u00e4sti optimaalisen suorituskyvyn varmistamiseksi. Valikoimaamme kuuluu ruostumattomasta ter\u00e4ksest\u00e4, muovista ja ter\u00e4ksest\u00e4 valmistettuja ketjupy\u00f6ri\u00e4 sek\u00e4 erikoismalleja, kuten kaksijakoisia ja kaksirivisi\u00e4 ketjupy\u00f6ri\u00e4, joiden ansiosta voimme tarjota ihanteellisen ratkaisun mihin tahansa sovellukseen.<\/p>\n<p>FMP erottaa meid\u00e4t muista omistautumisellamme r\u00e4\u00e4t\u00e4l\u00f6innille. Ymm\u00e4rr\u00e4mme, ett\u00e4 jokaisella projektilla on omat erityisvaatimuksensa, mink\u00e4 vuoksi tarjoamme r\u00e4\u00e4t\u00e4l\u00f6ityj\u00e4 hammaspy\u00f6r\u00e4ratkaisuja, jotka on r\u00e4\u00e4t\u00e4l\u00f6ity juuri sinun tarpeisiisi. Tarvitsetpa sitten r\u00e4\u00e4t\u00e4l\u00f6ity\u00e4 suunnittelua tai erityisi\u00e4 teknisi\u00e4 vaatimuksia, asiantuntijatiimimme on valmis toimittamaan tarkkoja, luotettavia ja tehokkaita ratkaisuja.<\/p>\n<p>Olemme sitoutuneet huippuosaamiseen sek\u00e4 suunnittelussa ett\u00e4 valmistuksessa varmistaen, ett\u00e4 jokainen valmistamamme ketjupy\u00f6r\u00e4 t\u00e4ytt\u00e4\u00e4 korkeimmat laatustandardit ja on rakennettu kest\u00e4m\u00e4\u00e4n. Jos sinulla on kysytt\u00e4v\u00e4\u00e4 tai tarvitset r\u00e4\u00e4t\u00e4l\u00f6ity\u00e4 ketjupy\u00f6r\u00e4ratkaisua, \u00e4l\u00e4 ep\u00e4r\u00f6i ottaa meihin yhteytt\u00e4. Tiimimme on t\u00e4\u00e4ll\u00e4 tarjotakseen sinulle asiantuntevaa ohjausta ja vastauksia nopeita kertoja varmistaakseen t\u00e4ydellisen tyytyv\u00e4isyytesi. Ota yhteytt\u00e4 s\u00e4hk\u00f6postitse, niin otamme sinuun yhteytt\u00e4 mahdollisimman pian.<\/p>\n<p><img loading=\"lazy\" decoding=\"async\" class=\"alignnone size-full wp-image-5246\" src=\"https:\/\/fmp-components.com\/wp-content\/uploads\/2025\/02\/fmp-cast-sprocket-1.webp\" sizes=\"(min-width: 0px) and (max-width: 480px) 480px, (min-width: 481px) and (max-width: 980px) 980px, (min-width: 981px) and (max-width: 1280px) 1280px, (min-width: 1281px) 2492px, 100vw\" srcset=\"https:\/\/fmp-components.com\/wp-content\/uploads\/2025\/02\/fmp-cast-sprocket-1.webp 2492w, https:\/\/fmp-components.com\/wp-content\/uploads\/2025\/02\/fmp-cast-sprocket-1-1280x606.webp 1280w, https:\/\/fmp-components.com\/wp-content\/uploads\/2025\/02\/fmp-cast-sprocket-1-980x464.webp 980w, https:\/\/fmp-components.com\/wp-content\/uploads\/2025\/02\/fmp-cast-sprocket-1-480x227.webp 480w\" alt=\"fmp-valettu ketjupy\u00f6r\u00e4\" width=\"2492\" height=\"1179\" title=\"\"><\/p>","protected":false},"excerpt":{"rendered":"<p>Overview of Cast Iron Sprocket Our cast iron sprockets are designed and manufactured to provide exceptional performance and durability. These sprockets are widely used in various industrial applications where reliability and long service life are crucial. We use high-quality materials and advanced manufacturing techniques to produce sprockets that meet the highest standards of precision and [&hellip;]<\/p>","protected":false},"featured_media":5284,"comment_status":"open","ping_status":"closed","template":"","meta":{"_et_pb_use_builder":"","_et_pb_old_content":"","_et_gb_content_width":""},"product_brand":[],"product_cat":[99],"product_tag":[],"class_list":{"0":"post-5271","1":"product","2":"type-product","3":"status-publish","4":"has-post-thumbnail","6":"product_cat-specialty-sprockets","8":"first","9":"instock","10":"shipping-taxable","11":"product-type-simple"},"_links":{"self":[{"href":"https:\/\/fmp-components.com\/fi\/wp-json\/wp\/v2\/product\/5271","targetHints":{"allow":["GET"]}}],"collection":[{"href":"https:\/\/fmp-components.com\/fi\/wp-json\/wp\/v2\/product"}],"about":[{"href":"https:\/\/fmp-components.com\/fi\/wp-json\/wp\/v2\/types\/product"}],"replies":[{"embeddable":true,"href":"https:\/\/fmp-components.com\/fi\/wp-json\/wp\/v2\/comments?post=5271"}],"wp:featuredmedia":[{"embeddable":true,"href":"https:\/\/fmp-components.com\/fi\/wp-json\/wp\/v2\/media\/5284"}],"wp:attachment":[{"href":"https:\/\/fmp-components.com\/fi\/wp-json\/wp\/v2\/media?parent=5271"}],"wp:term":[{"taxonomy":"product_brand","embeddable":true,"href":"https:\/\/fmp-components.com\/fi\/wp-json\/wp\/v2\/product_brand?post=5271"},{"taxonomy":"product_cat","embeddable":true,"href":"https:\/\/fmp-components.com\/fi\/wp-json\/wp\/v2\/product_cat?post=5271"},{"taxonomy":"product_tag","embeddable":true,"href":"https:\/\/fmp-components.com\/fi\/wp-json\/wp\/v2\/product_tag?post=5271"}],"curies":[{"name":"wp","href":"https:\/\/api.w.org\/{rel}","templated":true}]}}