{"id":5256,"date":"2025-02-05T05:17:19","date_gmt":"2025-02-05T05:17:19","guid":{"rendered":"https:\/\/fmp-components.com\/?post_type=product&#038;p=5256"},"modified":"2025-02-05T06:13:06","modified_gmt":"2025-02-05T06:13:06","slug":"hand-or-electric-chain-hoist-sprocket-for-crane-lifting","status":"publish","type":"product","link":"https:\/\/fmp-components.com\/fi\/product\/hand-or-electric-chain-hoist-sprocket-for-crane-lifting\/","title":{"rendered":"K\u00e4sik\u00e4ytt\u00f6inen tai s\u00e4hk\u00f6k\u00e4ytt\u00f6inen ketjunostimen ketjupy\u00f6r\u00e4 nosturin nostamiseen"},"content":{"rendered":"<h2>Ketjunostimen ketjupy\u00f6r\u00e4n tuoteyleiskatsaus<\/h2>\n<p>Ketjunostimen ketjupy\u00f6r\u00e4 on suunniteltu helppok\u00e4ytt\u00f6isyytt\u00e4, kannettavuutta ja turvallisuutta silm\u00e4ll\u00e4 pit\u00e4en, mink\u00e4 ansiosta se on suosittu valinta k\u00e4ytt\u00e4jien keskuudessa. Innovatiivisen muotoilunsa ja sujuvan toimintansa ansiosta t\u00e4m\u00e4 ketjupy\u00f6r\u00e4 loistaa raskaissa nosto-olosuhteissa. Mutta mik\u00e4 erottaa sen muista?<\/p>\n<p>Ketjunostimen ketjupy\u00f6r\u00e4 on rakennettu komponenteista, kuten koukkuista, ketjuista ja muista osista, joilla on suuri kuormituksen kantokyky, erinomainen sitkeys ja lujuus. N\u00e4m\u00e4 ominaisuudet varmistavat, ett\u00e4 ketjupy\u00f6r\u00e4 pysyy kest\u00e4v\u00e4n\u00e4 ja rikkoutumattomana k\u00e4yt\u00f6n aikana, mik\u00e4 parantaa merkitt\u00e4v\u00e4sti k\u00e4ytt\u00f6turvallisuutta. Ketjupy\u00f6r\u00e4n vankka rakenne mahdollistaa raskaiden kuormien nostamisen tasaisesti pitki\u00e4 aikoja, mik\u00e4 parantaa ty\u00f6tehokkuutta ja v\u00e4hent\u00e4\u00e4 manuaalisen ty\u00f6n tarvetta.<\/p>\n<p>Ketjunostimen ketjupy\u00f6r\u00e4\u00e4 k\u00e4ytet\u00e4\u00e4n laajalti eri toimialoilla, kuten energiantuotannossa, kuljetuksessa, sillanrakennuksessa ja hiiliteollisuudessa. Se tarjoaa ainutlaatuisia etuja, jotka edist\u00e4v\u00e4t tehokkaampaa ja turvallisempaa toimintaa eri aloilla, mik\u00e4 tekee siit\u00e4 korvaamattoman ty\u00f6kalun tuottavuuden parantamiseen.<\/p>\n<h3>P\u00e4ivitetty kiinte\u00e4n hihnapy\u00f6r\u00e4n muotoilu<\/h3>\n<p>Ketjunostimen ketjupy\u00f6r\u00e4 on perinteisen kiinte\u00e4n hihnapy\u00f6r\u00e4n edistyneempi versio, joka yhdist\u00e4\u00e4 kiinte\u00e4n hihnapy\u00f6r\u00e4n parhaat ominaisuudet lis\u00e4toimintoihin. Se sis\u00e4lt\u00e4\u00e4 alennusvaihteen, peruutusjarrun ja ketjunostimen ketjupy\u00f6r\u00e4n, kaikki symmetrisen toissijaisen lieri\u00f6py\u00f6r\u00e4j\u00e4rjestelm\u00e4n sis\u00e4ll\u00e4. T\u00e4m\u00e4 kokoonpano on yksinkertainen, kest\u00e4v\u00e4 ja eritt\u00e4in tehokas.<\/p>\n<p>K\u00e4ytt\u00f6 on suoraviivaista: k\u00e4sik\u00e4ytt\u00f6ist\u00e4 ketjua ja k\u00e4sik\u00e4ytt\u00f6ist\u00e4 ketjupy\u00f6r\u00e4\u00e4 vedet\u00e4\u00e4n, jolloin kitkalevyn r\u00e4ikk\u00e4 ja jarrusatula kytkeytyv\u00e4t toisiinsa. Kun hampaan mittainen akseli py\u00f6ritt\u00e4\u00e4 levypy\u00f6r\u00e4\u00e4, lyhyt hammasakseli ja urareik\u00e4inen hammaspy\u00f6r\u00e4 seuraavat per\u00e4ss\u00e4. T\u00e4m\u00e4 liike py\u00f6ritt\u00e4\u00e4 nostoketjupy\u00f6r\u00e4\u00e4, joka puolestaan \u200b\u200bliikuttaa nostoketjua ja nostaa raskasta kuormaa tasaisesti. Lis\u00e4ksi r\u00e4ikk\u00e4levyll\u00e4 varustettu yksisuuntainen jarrumekanismi varmistaa automaattisen jarrutuksen kuormituksen aikana. Salpa kytkeytyy r\u00e4ikk\u00e4mekanismiin jousij\u00e4nnityksen alaisena, jolloin jarru toimii turvallisesti ja varmasti.<\/p>\n<p>Ketjunostimen ketjupy\u00f6r\u00e4 on suunniteltu tarjoamaan luotettavaa, tehokasta ja turvallista nostoa, mik\u00e4 tekee siit\u00e4 ihanteellisen valinnan vaativiin teollisuusteht\u00e4viin.<\/p>\n<h3>K\u00e4sik\u00e4ytt\u00f6isen ketjunostimen ketjupy\u00f6r\u00e4n huolto<\/h3>\n<p>K\u00e4sik\u00e4ytt\u00f6ist\u00e4 ketjunostimen ketjupy\u00f6r\u00e4\u00e4 k\u00e4ytet\u00e4\u00e4n p\u00e4\u00e4asiassa raskaiden esineiden nostamiseen ja laitteiden asentamiseen. Turvallisen ja sujuvan toiminnan varmistamiseksi on noudatettava seuraavia ohjeita ennen nostot\u00f6iden aloittamista:<\/p>\n<ol>\n<li><strong>Tarkista kuormituskapasiteetti<\/strong>Ylikuormituksen v\u00e4ltt\u00e4miseksi varmista, ett\u00e4 nostettavan esineen paino on k\u00e4sik\u00e4ytt\u00f6isen ketjunostimen nimelliskuormituskapasiteetin rajoissa.<\/li>\n<li><strong>Tarkasta ty\u00f6ymp\u00e4rist\u00f6<\/strong>Varmista, ett\u00e4 ty\u00f6alue t\u00e4ytt\u00e4\u00e4 tarvittavat turvallisuusvaatimukset. M\u00e4\u00e4rit\u00e4 nostoty\u00f6n ymp\u00e4rille nimetty turva-alue onnettomuusriskin minimoimiseksi.<\/li>\n<li><strong>Tarkasta nostolaitteen osat<\/strong>Tarkasta k\u00e4sik\u00e4ytt\u00f6inen ketjunostin ja kiinnit\u00e4 erityist\u00e4 huomiota mahdollisiin ruosteen, kulumisen tai halkeamien merkeihin sen osissa. Jos ongelmia havaitaan, keskeyt\u00e4 k\u00e4ytt\u00f6 v\u00e4litt\u00f6m\u00e4sti ja vaihda tai korjaa vaurioituneet osat.<\/li>\n<li><strong>Kiinnit\u00e4 kuorma<\/strong>Varmista, ett\u00e4 kuorma on kiinnitetty asianmukaisesti ennen nostamista, jotta se ei putoa noston aikana.<\/li>\n<\/ol>\n<p>Noudattamalla n\u00e4it\u00e4 huolto- ja turvallisuusohjeita voit varmistaa k\u00e4sik\u00e4ytt\u00f6isen ketjunostimesi ketjupy\u00f6r\u00e4n pitk\u00e4ik\u00e4isyyden ja samalla yll\u00e4pit\u00e4\u00e4 turvallisen ty\u00f6ymp\u00e4rist\u00f6n.<\/p>\n<table style=\"width: 100%;\" border=\"1\" width=\"100%\" cellspacing=\"0\" cellpadding=\"0\">\n<tbody>\n<tr style=\"height: 14.40pt;\">\n<td style=\"height: 14.4pt; width: 26.5659%;\" width=\"166\" height=\"24\">K\u00e4sik\u00e4ytt\u00f6inen ketjunostin<\/td>\n<td style=\"width: 26.5658%;\" width=\"187\">S\u00e4hk\u00f6ketjunostin<\/td>\n<td style=\"width: 23.2181%;\" width=\"123\">Vipunostin<\/td>\n<td style=\"width: 23.4341%;\" width=\"80\">Vaihdek\u00e4rry<\/td>\n<\/tr>\n<tr style=\"height: 14.40pt;\">\n<td style=\"height: 14.4pt; width: 26.5659%;\" align=\"right\" height=\"24\"><img loading=\"lazy\" decoding=\"async\" class=\"alignnone size-full wp-image-5267\" src=\"https:\/\/fmp-components.com\/wp-content\/uploads\/2025\/02\/fmp_cast-sprocket-4.webp\" alt=\"fmp_cast-hammaspy\u00f6r\u00e4\" width=\"300\" height=\"300\" title=\"\" srcset=\"https:\/\/fmp-components.com\/wp-content\/uploads\/2025\/02\/fmp_cast-sprocket-4.webp 300w, https:\/\/fmp-components.com\/wp-content\/uploads\/2025\/02\/fmp_cast-sprocket-4-150x150.webp 150w, https:\/\/fmp-components.com\/wp-content\/uploads\/2025\/02\/fmp_cast-sprocket-4-12x12.webp 12w, https:\/\/fmp-components.com\/wp-content\/uploads\/2025\/02\/fmp_cast-sprocket-4-100x100.webp 100w\" sizes=\"(max-width: 300px) 100vw, 300px\" \/><\/td>\n<td style=\"width: 26.5658%;\" align=\"right\"><img loading=\"lazy\" decoding=\"async\" class=\"alignnone size-full wp-image-5259\" src=\"https:\/\/fmp-components.com\/wp-content\/uploads\/2025\/02\/fmp_cast-sprocket-7.webp\" alt=\"fmp_cast-hammaspy\u00f6r\u00e4\" width=\"300\" height=\"300\" title=\"\" srcset=\"https:\/\/fmp-components.com\/wp-content\/uploads\/2025\/02\/fmp_cast-sprocket-7.webp 300w, https:\/\/fmp-components.com\/wp-content\/uploads\/2025\/02\/fmp_cast-sprocket-7-150x150.webp 150w, https:\/\/fmp-components.com\/wp-content\/uploads\/2025\/02\/fmp_cast-sprocket-7-12x12.webp 12w, https:\/\/fmp-components.com\/wp-content\/uploads\/2025\/02\/fmp_cast-sprocket-7-100x100.webp 100w\" sizes=\"(max-width: 300px) 100vw, 300px\" \/><\/td>\n<td style=\"width: 23.2181%;\" align=\"right\"><img loading=\"lazy\" decoding=\"async\" class=\"alignnone size-full wp-image-5260\" src=\"https:\/\/fmp-components.com\/wp-content\/uploads\/2025\/02\/fmp_cast-sprocket-9.webp\" alt=\"fmp_cast-hammaspy\u00f6r\u00e4\" width=\"300\" height=\"300\" title=\"\" srcset=\"https:\/\/fmp-components.com\/wp-content\/uploads\/2025\/02\/fmp_cast-sprocket-9.webp 300w, https:\/\/fmp-components.com\/wp-content\/uploads\/2025\/02\/fmp_cast-sprocket-9-150x150.webp 150w, https:\/\/fmp-components.com\/wp-content\/uploads\/2025\/02\/fmp_cast-sprocket-9-12x12.webp 12w, https:\/\/fmp-components.com\/wp-content\/uploads\/2025\/02\/fmp_cast-sprocket-9-100x100.webp 100w\" sizes=\"(max-width: 300px) 100vw, 300px\" \/><\/td>\n<td style=\"width: 23.4341%;\" align=\"right\"><img loading=\"lazy\" decoding=\"async\" class=\"alignnone size-full wp-image-5266\" src=\"https:\/\/fmp-components.com\/wp-content\/uploads\/2025\/02\/fmp_cast-sprocket-101.webp\" alt=\"fmp_cast-hammaspy\u00f6r\u00e4\" width=\"225\" height=\"225\" title=\"\" srcset=\"https:\/\/fmp-components.com\/wp-content\/uploads\/2025\/02\/fmp_cast-sprocket-101.webp 225w, https:\/\/fmp-components.com\/wp-content\/uploads\/2025\/02\/fmp_cast-sprocket-101-150x150.webp 150w, https:\/\/fmp-components.com\/wp-content\/uploads\/2025\/02\/fmp_cast-sprocket-101-12x12.webp 12w, https:\/\/fmp-components.com\/wp-content\/uploads\/2025\/02\/fmp_cast-sprocket-101-100x100.webp 100w\" sizes=\"(max-width: 225px) 100vw, 225px\" \/><\/td>\n<\/tr>\n<tr style=\"height: 14.40pt;\">\n<td style=\"height: 14.4pt; width: 26.5659%;\" align=\"right\" height=\"24\"><img loading=\"lazy\" decoding=\"async\" class=\"alignnone size-full wp-image-5262\" src=\"https:\/\/fmp-components.com\/wp-content\/uploads\/2025\/02\/fmp_cast-sprocket-6.webp\" alt=\"fmp_cast-hammaspy\u00f6r\u00e4-\" width=\"300\" height=\"300\" title=\"\" srcset=\"https:\/\/fmp-components.com\/wp-content\/uploads\/2025\/02\/fmp_cast-sprocket-6.webp 300w, https:\/\/fmp-components.com\/wp-content\/uploads\/2025\/02\/fmp_cast-sprocket-6-150x150.webp 150w, https:\/\/fmp-components.com\/wp-content\/uploads\/2025\/02\/fmp_cast-sprocket-6-12x12.webp 12w, https:\/\/fmp-components.com\/wp-content\/uploads\/2025\/02\/fmp_cast-sprocket-6-100x100.webp 100w\" sizes=\"(max-width: 300px) 100vw, 300px\" \/><\/td>\n<td style=\"width: 26.5658%;\" align=\"right\"><img loading=\"lazy\" decoding=\"async\" class=\"alignnone size-full wp-image-5263\" src=\"https:\/\/fmp-components.com\/wp-content\/uploads\/2025\/02\/fmp_cast-sprocket-8.webp\" alt=\"fmp_cast-hammaspy\u00f6r\u00e4\" width=\"300\" height=\"300\" title=\"\" srcset=\"https:\/\/fmp-components.com\/wp-content\/uploads\/2025\/02\/fmp_cast-sprocket-8.webp 300w, https:\/\/fmp-components.com\/wp-content\/uploads\/2025\/02\/fmp_cast-sprocket-8-150x150.webp 150w, https:\/\/fmp-components.com\/wp-content\/uploads\/2025\/02\/fmp_cast-sprocket-8-12x12.webp 12w, https:\/\/fmp-components.com\/wp-content\/uploads\/2025\/02\/fmp_cast-sprocket-8-100x100.webp 100w\" sizes=\"(max-width: 300px) 100vw, 300px\" \/><\/td>\n<td style=\"width: 23.2181%;\" align=\"right\"><img loading=\"lazy\" decoding=\"async\" class=\"alignnone size-full wp-image-5264\" src=\"https:\/\/fmp-components.com\/wp-content\/uploads\/2025\/02\/fmp_cast-sprocket-81.webp\" alt=\"fmp_cast-hammaspy\u00f6r\u00e4\" width=\"347\" height=\"347\" title=\"\" srcset=\"https:\/\/fmp-components.com\/wp-content\/uploads\/2025\/02\/fmp_cast-sprocket-81.webp 347w, https:\/\/fmp-components.com\/wp-content\/uploads\/2025\/02\/fmp_cast-sprocket-81-300x300.webp 300w, https:\/\/fmp-components.com\/wp-content\/uploads\/2025\/02\/fmp_cast-sprocket-81-150x150.webp 150w, https:\/\/fmp-components.com\/wp-content\/uploads\/2025\/02\/fmp_cast-sprocket-81-12x12.webp 12w, https:\/\/fmp-components.com\/wp-content\/uploads\/2025\/02\/fmp_cast-sprocket-81-100x100.webp 100w\" sizes=\"(max-width: 347px) 100vw, 347px\" \/><\/td>\n<td style=\"width: 23.4341%;\" align=\"right\"><img loading=\"lazy\" decoding=\"async\" class=\"alignnone size-full wp-image-5265\" src=\"https:\/\/fmp-components.com\/wp-content\/uploads\/2025\/02\/fmp_cast-sprocket-11.webp\" alt=\"fmp_cast-hammaspy\u00f6r\u00e4\" width=\"300\" height=\"300\" title=\"\" srcset=\"https:\/\/fmp-components.com\/wp-content\/uploads\/2025\/02\/fmp_cast-sprocket-11.webp 300w, https:\/\/fmp-components.com\/wp-content\/uploads\/2025\/02\/fmp_cast-sprocket-11-150x150.webp 150w, https:\/\/fmp-components.com\/wp-content\/uploads\/2025\/02\/fmp_cast-sprocket-11-12x12.webp 12w, https:\/\/fmp-components.com\/wp-content\/uploads\/2025\/02\/fmp_cast-sprocket-11-100x100.webp 100w\" sizes=\"(max-width: 300px) 100vw, 300px\" \/><\/td>\n<\/tr>\n<\/tbody>\n<\/table>\n<h3>Ketjunostimen ketjupy\u00f6r\u00e4, joka on valmistettu muista materiaaleista<\/h3>\n<table style=\"width: 100%;\" border=\"1\" width=\"100%\" cellspacing=\"0\" cellpadding=\"0\">\n<tbody>\n<tr style=\"height: 14.40pt;\">\n<td style=\"height: 14.4pt; width: 49.0281%; text-align: center;\" align=\"right\" width=\"166\" height=\"24\">Muovinen ketjunostimen ketjupy\u00f6r\u00e4<\/td>\n<td style=\"width: 50.7559%; text-align: center;\" align=\"right\" width=\"187\">Ruostumattomasta ter\u00e4ksest\u00e4 valmistettu ketjunostimen ketjupy\u00f6r\u00e4<\/td>\n<\/tr>\n<tr style=\"height: 14.40pt;\">\n<td class=\"et2\" style=\"height: 14.4pt; width: 49.0281%;\" height=\"24\"><img loading=\"lazy\" decoding=\"async\" class=\"alignnone wp-image-5268\" src=\"https:\/\/fmp-components.com\/wp-content\/uploads\/2025\/02\/fmp_plastic-sprocket-11.webp\" alt=\"fmp_muovi-hammaspy\u00f6r\u00e4\" width=\"447\" height=\"447\" title=\"\" srcset=\"https:\/\/fmp-components.com\/wp-content\/uploads\/2025\/02\/fmp_plastic-sprocket-11.webp 300w, https:\/\/fmp-components.com\/wp-content\/uploads\/2025\/02\/fmp_plastic-sprocket-11-150x150.webp 150w, https:\/\/fmp-components.com\/wp-content\/uploads\/2025\/02\/fmp_plastic-sprocket-11-12x12.webp 12w, https:\/\/fmp-components.com\/wp-content\/uploads\/2025\/02\/fmp_plastic-sprocket-11-100x100.webp 100w\" sizes=\"(max-width: 447px) 100vw, 447px\" \/><\/td>\n<td class=\"et2\" style=\"width: 50.7559%;\"><img loading=\"lazy\" decoding=\"async\" class=\"alignnone wp-image-5269\" src=\"https:\/\/fmp-components.com\/wp-content\/uploads\/2025\/02\/fmp_plastic-sprocket-12.webp\" alt=\"fmp_muovi-hammaspy\u00f6r\u00e4\" width=\"486\" height=\"486\" title=\"\" srcset=\"https:\/\/fmp-components.com\/wp-content\/uploads\/2025\/02\/fmp_plastic-sprocket-12.webp 300w, https:\/\/fmp-components.com\/wp-content\/uploads\/2025\/02\/fmp_plastic-sprocket-12-150x150.webp 150w, https:\/\/fmp-components.com\/wp-content\/uploads\/2025\/02\/fmp_plastic-sprocket-12-12x12.webp 12w, https:\/\/fmp-components.com\/wp-content\/uploads\/2025\/02\/fmp_plastic-sprocket-12-100x100.webp 100w\" sizes=\"(max-width: 486px) 100vw, 486px\" \/><\/td>\n<\/tr>\n<\/tbody>\n<\/table>\n<h2>Tietoja FMP:st\u00e4<\/h2>\n<p>FMP:ll\u00e4 olemme ylpeit\u00e4 siit\u00e4, ett\u00e4 olemme johtava korkealaatuisten ketjupy\u00f6rien valmistaja. Tuotteet valmistetaan edistyneess\u00e4 tehtaassamme Italiassa. Tarjoamme laajan valikoiman ketjupy\u00f6ri\u00e4, jotka on suunniteltu vastaamaan eri teollisuudenalojen ainutlaatuisiin tarpeisiin. Etsitp\u00e4 sitten valmiiksi porattuja ketjupy\u00f6ri\u00e4, v\u00e4lirattaita, kartiolukitteisia ketjupy\u00f6ri\u00e4 tai kuljetinketjupy\u00f6ri\u00e4, valmistamme jokaisen tuotteen tarkasti ja kest\u00e4v\u00e4sti optimaalisen suorituskyvyn varmistamiseksi. Valikoimaamme kuuluu ruostumattomasta ter\u00e4ksest\u00e4, muovista ja ter\u00e4ksest\u00e4 valmistettuja ketjupy\u00f6ri\u00e4 sek\u00e4 erikoismalleja, kuten kaksijakoisia ja kaksirivisi\u00e4 ketjupy\u00f6ri\u00e4, joiden ansiosta voimme tarjota ihanteellisen ratkaisun mihin tahansa sovellukseen.<\/p>\n<p>FMP erottaa meid\u00e4t muista omistautumisellamme r\u00e4\u00e4t\u00e4l\u00f6innille. Ymm\u00e4rr\u00e4mme, ett\u00e4 jokaisella projektilla on omat erityisvaatimuksensa, mink\u00e4 vuoksi tarjoamme r\u00e4\u00e4t\u00e4l\u00f6ityj\u00e4 hammaspy\u00f6r\u00e4ratkaisuja, jotka on r\u00e4\u00e4t\u00e4l\u00f6ity juuri sinun tarpeisiisi. Tarvitsetpa sitten r\u00e4\u00e4t\u00e4l\u00f6ity\u00e4 suunnittelua tai erityisi\u00e4 teknisi\u00e4 vaatimuksia, asiantuntijatiimimme on valmis toimittamaan tarkkoja, luotettavia ja tehokkaita ratkaisuja.<\/p>\n<p>Olemme sitoutuneet huippuosaamiseen sek\u00e4 suunnittelussa ett\u00e4 valmistuksessa varmistaen, ett\u00e4 jokainen valmistamamme ketjupy\u00f6r\u00e4 t\u00e4ytt\u00e4\u00e4 korkeimmat laatustandardit ja on rakennettu kest\u00e4m\u00e4\u00e4n. Jos sinulla on kysytt\u00e4v\u00e4\u00e4 tai tarvitset r\u00e4\u00e4t\u00e4l\u00f6ity\u00e4 ketjupy\u00f6r\u00e4ratkaisua, \u00e4l\u00e4 ep\u00e4r\u00f6i ottaa meihin yhteytt\u00e4. Tiimimme on t\u00e4\u00e4ll\u00e4 tarjotakseen sinulle asiantuntevaa ohjausta ja vastauksia nopeita kertoja varmistaakseen t\u00e4ydellisen tyytyv\u00e4isyytesi. Ota yhteytt\u00e4 s\u00e4hk\u00f6postitse, niin otamme sinuun yhteytt\u00e4 mahdollisimman pian.<\/p>\n<p><img loading=\"lazy\" decoding=\"async\" class=\"alignnone size-full wp-image-5246\" src=\"https:\/\/fmp-components.com\/wp-content\/uploads\/2025\/02\/fmp-cast-sprocket-1.webp\" alt=\"fmp-valettu ketjupy\u00f6r\u00e4\" width=\"2492\" height=\"1179\" title=\"\" srcset=\"https:\/\/fmp-components.com\/wp-content\/uploads\/2025\/02\/fmp-cast-sprocket-1.webp 2492w, https:\/\/fmp-components.com\/wp-content\/uploads\/2025\/02\/fmp-cast-sprocket-1-1280x606.webp 1280w, https:\/\/fmp-components.com\/wp-content\/uploads\/2025\/02\/fmp-cast-sprocket-1-980x464.webp 980w, https:\/\/fmp-components.com\/wp-content\/uploads\/2025\/02\/fmp-cast-sprocket-1-480x227.webp 480w\" sizes=\"(min-width: 0px) and (max-width: 480px) 480px, (min-width: 481px) and (max-width: 980px) 980px, (min-width: 981px) and (max-width: 1280px) 1280px, (min-width: 1281px) 2492px, 100vw\" \/><\/p>","protected":false},"excerpt":{"rendered":"<p>Chain Hoist Sprocket Product Overview The chain hoist sprocket is designed for ease of operation, portability, and safety, making it a popular choice among users. With its innovative design and smooth functionality, this sprocket excels in heavy lifting applications. But what sets it apart? The chain hoist sprocket is built with components such as hooks, [&hellip;]<\/p>","protected":false},"featured_media":5257,"comment_status":"open","ping_status":"closed","template":"","meta":{"_et_pb_use_builder":"","_et_pb_old_content":"","_et_gb_content_width":""},"product_brand":[],"product_cat":[99],"product_tag":[],"class_list":{"0":"post-5256","1":"product","2":"type-product","3":"status-publish","4":"has-post-thumbnail","6":"product_cat-specialty-sprockets","8":"first","9":"instock","10":"shipping-taxable","11":"product-type-simple"},"_links":{"self":[{"href":"https:\/\/fmp-components.com\/fi\/wp-json\/wp\/v2\/product\/5256","targetHints":{"allow":["GET"]}}],"collection":[{"href":"https:\/\/fmp-components.com\/fi\/wp-json\/wp\/v2\/product"}],"about":[{"href":"https:\/\/fmp-components.com\/fi\/wp-json\/wp\/v2\/types\/product"}],"replies":[{"embeddable":true,"href":"https:\/\/fmp-components.com\/fi\/wp-json\/wp\/v2\/comments?post=5256"}],"wp:featuredmedia":[{"embeddable":true,"href":"https:\/\/fmp-components.com\/fi\/wp-json\/wp\/v2\/media\/5257"}],"wp:attachment":[{"href":"https:\/\/fmp-components.com\/fi\/wp-json\/wp\/v2\/media?parent=5256"}],"wp:term":[{"taxonomy":"product_brand","embeddable":true,"href":"https:\/\/fmp-components.com\/fi\/wp-json\/wp\/v2\/product_brand?post=5256"},{"taxonomy":"product_cat","embeddable":true,"href":"https:\/\/fmp-components.com\/fi\/wp-json\/wp\/v2\/product_cat?post=5256"},{"taxonomy":"product_tag","embeddable":true,"href":"https:\/\/fmp-components.com\/fi\/wp-json\/wp\/v2\/product_tag?post=5256"}],"curies":[{"name":"wp","href":"https:\/\/api.w.org\/{rel}","templated":true}]}}