{"id":5245,"date":"2025-02-05T03:47:45","date_gmt":"2025-02-05T03:47:45","guid":{"rendered":"https:\/\/fmp-components.com\/?post_type=product&#038;p=5245"},"modified":"2025-02-05T03:47:46","modified_gmt":"2025-02-05T03:47:46","slug":"bucket-elevator-sprocket","status":"publish","type":"product","link":"https:\/\/fmp-components.com\/fi\/product\/bucket-elevator-sprocket\/","title":{"rendered":"Kauhanostimen ketjupy\u00f6r\u00e4"},"content":{"rendered":"<h2>Kauhanostimen ketjupy\u00f6r\u00e4<\/h2>\n<p>Kauhahissi on suunniteltu siirt\u00e4m\u00e4\u00e4n materiaaleja tehokkaasti alemmista paikoista korkeammille. <img loading=\"lazy\" decoding=\"async\" class=\"size-full wp-image-5248 alignright\" src=\"https:\/\/fmp-components.com\/wp-content\/uploads\/2025\/02\/fmp_cast-sprocket-16.webp\" alt=\"fmp_cast-hammaspy\u00f6r\u00e4\" width=\"538\" height=\"522\" title=\"\" srcset=\"https:\/\/fmp-components.com\/wp-content\/uploads\/2025\/02\/fmp_cast-sprocket-16.webp 538w, https:\/\/fmp-components.com\/wp-content\/uploads\/2025\/02\/fmp_cast-sprocket-16-480x466.webp 480w\" sizes=\"(min-width: 0px) and (max-width: 480px) 480px, (min-width: 481px) 538px, 100vw\" \/>Kun materiaalit on asetettu suppiloon t\u00e4ryp\u00f6yd\u00e4n avulla, kone toimii automaattisesti ja jatkuvasti nostaen materiaaleja yl\u00f6sp\u00e4in. Kuljettimen nopeutta voidaan s\u00e4\u00e4t\u00e4\u00e4 tarvittavan kuljetusm\u00e4\u00e4r\u00e4n mukaan, ja nostokorkeutta voidaan mukauttaa tiettyjen tarpeiden mukaan.<\/p>\n<p>Kauhahississ\u00e4mme on itse suunniteltu myrkyt\u00f6n PP-suppilo, joka laajentaa sen k\u00e4ytt\u00f6alueita useilla eri teollisuudenaloilla. Suppilo on suunniteltu huolellisesti optimaalisen suorituskyvyn takaamiseksi, mik\u00e4 varmistaa kest\u00e4vyyden ja materiaalien turvallisen k\u00e4sittelyn. J\u00e4rjestelm\u00e4n kaikki mitat on r\u00e4\u00e4t\u00e4l\u00f6ity vastaamaan sovelluksen erityisvaatimuksia.<\/p>\n<p>T\u00e4m\u00e4 kauhahissi sopii erinomaisesti pystysuuntaisten pakkauskoneiden ja tietokonepohjaisten mittausj\u00e4rjestelmien tukemiseen. Sit\u00e4 k\u00e4ytet\u00e4\u00e4n laajalti esimerkiksi elintarvikkeiden, l\u00e4\u00e4kkeiden, teollisuuskemikaalien, ruuvien, mutterien ja muiden tuotteiden nostamiseen ja sy\u00f6tt\u00e4miseen. Koneen toimintaa voidaan ohjata automaattisesti liitetyn pakkauskoneen signaalintunnistuksen avulla, mik\u00e4 mahdollistaa saumattoman k\u00e4ynnistys- ja pys\u00e4ytystoiminnon.<\/p>\n<p>Joustavan rakenteensa ja korkealaatuisten komponenttiensa ansiosta kauhahissimme on luotettava ratkaisu tehokkaaseen pystysuoraan kuljetukseen eri teollisuudenaloilla.<\/p>\n<h2>Kauhanostimen toimintaperiaate<\/h2>\n<p>Kauhahissi toimii k\u00e4ytt\u00e4m\u00e4ll\u00e4 sarjaa suppiloita materiaalien nostamiseen alemmasta varastoalueesta. Kun kuljetinhihnaa tai -ketjua nostetaan, se kulkee ylimm\u00e4n py\u00f6r\u00e4n yli ja laskeutuu sitten tyhjent\u00e4\u00e4kseen materiaalit vastaanottos\u00e4ili\u00f6\u00f6n. T\u00e4m\u00e4 prosessi mahdollistaa sen, ett\u00e4 kauhahissi voi kuljettaa materiaaleja pystysuunnassa jatkuvassa liikkeess\u00e4.<\/p>\n<p><img loading=\"lazy\" decoding=\"async\" class=\"size-full wp-image-5247 alignleft\" src=\"https:\/\/fmp-components.com\/wp-content\/uploads\/2025\/02\/fmp_cast-sprocket-15.webp\" alt=\"fmp_cast-hammaspy\u00f6r\u00e4\" width=\"526\" height=\"435\" title=\"\" srcset=\"https:\/\/fmp-components.com\/wp-content\/uploads\/2025\/02\/fmp_cast-sprocket-15.webp 526w, https:\/\/fmp-components.com\/wp-content\/uploads\/2025\/02\/fmp_cast-sprocket-15-480x397.webp 480w\" sizes=\"(min-width: 0px) and (max-width: 480px) 480px, (min-width: 481px) 526px, 100vw\" \/>Useimmissa kauhahisseiss\u00e4 k\u00e4ytt\u00f6j\u00e4rjestelm\u00e4\u00e4 k\u00e4ytt\u00e4\u00e4 kumihihna, joka on asennettu sek\u00e4 alempaan ett\u00e4 ylemp\u00e4\u00e4n vetorumpuun sek\u00e4 ylemp\u00e4\u00e4n ja alempaan ohjausrumpuun. Vaihtoehtoisesti ketjuk\u00e4ytt\u00f6isiss\u00e4 kauhahisseiss\u00e4 on kaksi rinnakkaista voimansiirtoketjua. N\u00e4m\u00e4 ketjut toimivat yhdess\u00e4 joko yl\u00e4- tai alapuolella olevien voimansiirtoketjupy\u00f6rien ja vastakkaisessa p\u00e4\u00e4ss\u00e4 sijaitsevien ohjausketjupy\u00f6rien kanssa.<\/p>\n<p>Tehokkaan ja puhtaan toiminnan varmistamiseksi kauhahissit on tyypillisesti suljettu koteloihin, jotka auttavat est\u00e4m\u00e4\u00e4n p\u00f6lyn levi\u00e4misen materiaalin kuljetuksen aikana.<\/p>\n<p>Kauhahissit sopivat ihanteellisesti materiaalien pystysuoraan kuljetukseen. Kun materiaalit on asetettu t\u00e4ryp\u00f6yd\u00e4n avulla suppiloon, j\u00e4rjestelm\u00e4 toimii automaattisesti ja jatkuvasti nostaen materiaalit halutulle korkeudelle, mik\u00e4 takaa luotettavan ja tehokkaan materiaalink\u00e4sittelyn.<\/p>\n<h2>Tietoja FMP:st\u00e4<\/h2>\n<p>FMP:ll\u00e4 olemme ylpeit\u00e4 siit\u00e4, ett\u00e4 olemme johtava korkealaatuisten ketjupy\u00f6rien valmistaja. Tuotteet valmistetaan edistyneess\u00e4 tehtaassamme Italiassa. Tarjoamme laajan valikoiman ketjupy\u00f6ri\u00e4, jotka on suunniteltu vastaamaan eri teollisuudenalojen ainutlaatuisiin tarpeisiin. Etsitp\u00e4 sitten valmiiksi porattuja ketjupy\u00f6ri\u00e4, v\u00e4lirattaita, kartiolukitteisia ketjupy\u00f6ri\u00e4 tai kuljetinketjupy\u00f6ri\u00e4, valmistamme jokaisen tuotteen tarkasti ja kest\u00e4v\u00e4sti optimaalisen suorituskyvyn varmistamiseksi. Valikoimaamme kuuluu ruostumattomasta ter\u00e4ksest\u00e4, muovista ja ter\u00e4ksest\u00e4 valmistettuja ketjupy\u00f6ri\u00e4 sek\u00e4 erikoismalleja, kuten kaksijakoisia ja kaksirivisi\u00e4 ketjupy\u00f6ri\u00e4, joiden ansiosta voimme tarjota ihanteellisen ratkaisun mihin tahansa sovellukseen.<\/p>\n<p>FMP erottaa meid\u00e4t muista omistautumisellamme r\u00e4\u00e4t\u00e4l\u00f6innille. Ymm\u00e4rr\u00e4mme, ett\u00e4 jokaisella projektilla on omat erityisvaatimuksensa, mink\u00e4 vuoksi tarjoamme r\u00e4\u00e4t\u00e4l\u00f6ityj\u00e4 hammaspy\u00f6r\u00e4ratkaisuja, jotka on r\u00e4\u00e4t\u00e4l\u00f6ity juuri sinun tarpeisiisi. Tarvitsetpa sitten r\u00e4\u00e4t\u00e4l\u00f6ity\u00e4 suunnittelua tai erityisi\u00e4 teknisi\u00e4 vaatimuksia, asiantuntijatiimimme on valmis toimittamaan tarkkoja, luotettavia ja tehokkaita ratkaisuja.<\/p>\n<p>Olemme sitoutuneet huippuosaamiseen sek\u00e4 suunnittelussa ett\u00e4 valmistuksessa varmistaen, ett\u00e4 jokainen valmistamamme ketjupy\u00f6r\u00e4 t\u00e4ytt\u00e4\u00e4 korkeimmat laatustandardit ja on rakennettu kest\u00e4m\u00e4\u00e4n. Jos sinulla on kysytt\u00e4v\u00e4\u00e4 tai tarvitset r\u00e4\u00e4t\u00e4l\u00f6ity\u00e4 ketjupy\u00f6r\u00e4ratkaisua, \u00e4l\u00e4 ep\u00e4r\u00f6i ottaa meihin yhteytt\u00e4. Tiimimme on t\u00e4\u00e4ll\u00e4 tarjotakseen sinulle asiantuntevaa ohjausta ja vastauksia nopeita kertoja varmistaakseen t\u00e4ydellisen tyytyv\u00e4isyytesi. Ota yhteytt\u00e4 s\u00e4hk\u00f6postitse, niin otamme sinuun yhteytt\u00e4 mahdollisimman pian.<\/p>\n<p><img loading=\"lazy\" decoding=\"async\" class=\"alignnone size-full wp-image-5246\" src=\"https:\/\/fmp-components.com\/wp-content\/uploads\/2025\/02\/fmp-cast-sprocket-1.webp\" alt=\"fmp-valettu ketjupy\u00f6r\u00e4\" width=\"2492\" height=\"1179\" title=\"\" srcset=\"https:\/\/fmp-components.com\/wp-content\/uploads\/2025\/02\/fmp-cast-sprocket-1.webp 2492w, https:\/\/fmp-components.com\/wp-content\/uploads\/2025\/02\/fmp-cast-sprocket-1-1280x606.webp 1280w, https:\/\/fmp-components.com\/wp-content\/uploads\/2025\/02\/fmp-cast-sprocket-1-980x464.webp 980w, https:\/\/fmp-components.com\/wp-content\/uploads\/2025\/02\/fmp-cast-sprocket-1-480x227.webp 480w\" sizes=\"(min-width: 0px) and (max-width: 480px) 480px, (min-width: 481px) and (max-width: 980px) 980px, (min-width: 981px) and (max-width: 1280px) 1280px, (min-width: 1281px) 2492px, 100vw\" \/><\/p>","protected":false},"excerpt":{"rendered":"<p>Bucket Elevator Sprocket The bucket elevator is designed to efficiently transport materials from lower to higher elevations. After materials are placed into the hopper via a vibration table, the machine operates automatically and continuously, lifting the materials upward. The speed of the conveyor can be adjusted based on the required transport volume, and the lifting [&hellip;]<\/p>","protected":false},"featured_media":5249,"comment_status":"open","ping_status":"closed","template":"","meta":{"_et_pb_use_builder":"","_et_pb_old_content":"","_et_gb_content_width":""},"product_brand":[],"product_cat":[99],"product_tag":[],"class_list":{"0":"post-5245","1":"product","2":"type-product","3":"status-publish","4":"has-post-thumbnail","6":"product_cat-specialty-sprockets","8":"first","9":"instock","10":"shipping-taxable","11":"product-type-simple"},"_links":{"self":[{"href":"https:\/\/fmp-components.com\/fi\/wp-json\/wp\/v2\/product\/5245","targetHints":{"allow":["GET"]}}],"collection":[{"href":"https:\/\/fmp-components.com\/fi\/wp-json\/wp\/v2\/product"}],"about":[{"href":"https:\/\/fmp-components.com\/fi\/wp-json\/wp\/v2\/types\/product"}],"replies":[{"embeddable":true,"href":"https:\/\/fmp-components.com\/fi\/wp-json\/wp\/v2\/comments?post=5245"}],"wp:featuredmedia":[{"embeddable":true,"href":"https:\/\/fmp-components.com\/fi\/wp-json\/wp\/v2\/media\/5249"}],"wp:attachment":[{"href":"https:\/\/fmp-components.com\/fi\/wp-json\/wp\/v2\/media?parent=5245"}],"wp:term":[{"taxonomy":"product_brand","embeddable":true,"href":"https:\/\/fmp-components.com\/fi\/wp-json\/wp\/v2\/product_brand?post=5245"},{"taxonomy":"product_cat","embeddable":true,"href":"https:\/\/fmp-components.com\/fi\/wp-json\/wp\/v2\/product_cat?post=5245"},{"taxonomy":"product_tag","embeddable":true,"href":"https:\/\/fmp-components.com\/fi\/wp-json\/wp\/v2\/product_tag?post=5245"}],"curies":[{"name":"wp","href":"https:\/\/api.w.org\/{rel}","templated":true}]}}