{"id":5239,"date":"2025-02-05T03:00:22","date_gmt":"2025-02-05T03:00:22","guid":{"rendered":"https:\/\/fmp-components.com\/?post_type=product&#038;p=5239"},"modified":"2025-02-05T03:00:22","modified_gmt":"2025-02-05T03:00:22","slug":"fu-scraper-conveyor-cast-sprocket","status":"publish","type":"product","link":"https:\/\/fmp-components.com\/fi\/product\/fu-scraper-conveyor-cast-sprocket\/","title":{"rendered":"FU-kaavinkuljettimen valettu hammaspy\u00f6r\u00e4"},"content":{"rendered":"<h2>Kaavin hammaspy\u00f6r\u00e4<\/h2>\n<p>FU-kaavinkuljettimen valettu ketjupy\u00f6r\u00e4 on t\u00e4rke\u00e4 osa erilaisten kaavinkoneiden k\u00e4ytt\u00f6mekanismia. Se toimii yhdess\u00e4 ketjun kanssa muodostaen kaavinkuljettimien ensisijaisen k\u00e4ytt\u00f6j\u00e4rjestelm\u00e4n. N\u00e4iden koneiden ketjupy\u00f6r\u00e4t ja ketjut kuljettavat tehokkaasti irtomateriaalia kaukalossa, mik\u00e4 tarjoaa vakautta ja kest\u00e4vyytt\u00e4. Kaavinkoneita voidaan k\u00e4ytt\u00e4\u00e4 sek\u00e4 vaakasuoraan ett\u00e4 kaltevaan materiaalin kuljetukseen.<\/p>\n<p>Ketjupy\u00f6r\u00e4n akselikokoonpano, jota usein kutsutaan ketjupy\u00f6r\u00e4ryhm\u00e4ksi, on t\u00e4ysin mekanisoidun kaavinp\u00e4\u00e4n ja kuormaajan keskeinen osa. Hiilikaivossovelluksissa ketjupy\u00f6r\u00e4 k\u00e4ytt\u00e4\u00e4 ketjua alennusvaihteen kautta, jolloin kaavin voi siirt\u00e4\u00e4 materiaaleja, kuten hiilt\u00e4, \u200b\u200bkeskiraossa.<\/p>\n<p><img loading=\"lazy\" decoding=\"async\" class=\"wp-image-5241 alignleft\" src=\"https:\/\/fmp-components.com\/wp-content\/uploads\/2025\/02\/scraper2.webp\" alt=\"kaavin\" width=\"304\" height=\"304\" title=\"\"> Kaavin ketjupy\u00f6r\u00e4t on valmistettu eritt\u00e4in lujasta rakenneter\u00e4ksest\u00e4 ja ne k\u00e4yv\u00e4t l\u00e4pi monivaiheisen k\u00e4sittelyprosessin. N\u00e4m\u00e4 ketjupy\u00f6r\u00e4t tunnetaan erinomaisesta lujuudestaan, kulutuskest\u00e4vyydest\u00e4\u00e4n ja yleisest\u00e4 luotettavuudestaan. Saatavilla useissa eri malleissa, jotka sopivat erilaisiin kaavinkuljettimiin, n\u00e4m\u00e4 ketjupy\u00f6r\u00e4t on suunniteltu vastaamaan erilaisten k\u00e4ytt\u00f6olosuhteiden vaatimuksiin.<\/p>\n<h3>Kaavinketjupy\u00f6rien t\u00e4rkeimpi\u00e4 ominaisuuksia ovat:<\/h3>\n<p>Korkea lujuus ja kulutuskest\u00e4vyys<br \/>\nKyky kest\u00e4\u00e4 pulssiyhdistelmi\u00e4 ja iskukuormia<br \/>\nKest\u00e4vyys ja sitkeys<br \/>\nTarkka hampaan koko ja korkea ty\u00f6st\u00f6tarkkuus optimaalisen ketjuyhteensopivuuden takaamiseksi<br \/>\nKaavinpy\u00f6r\u00e4n ketjupy\u00f6riss\u00e4 on tyypillisesti 6\u20138 hammasta k\u00e4ytt\u00f6tarkoituksesta riippuen.<\/p>\n<h2>Kaapimen hammaspy\u00f6r\u00e4n materiaali<\/h2>\n<p>Suurin osa kaavinketjupy\u00f6rist\u00e4 on valmistettu eritt\u00e4in lujista seoster\u00e4ksist\u00e4, kuten 42CrMo tai 45CrMnMo. N\u00e4m\u00e4 materiaalit on valittu niiden poikkeuksellisen lujuuden, kest\u00e4vyyden ja kulutuskest\u00e4vyyden vuoksi, jotka ovat olennaisia \u200b\u200bkaavinketjupy\u00f6rien vaativissa k\u00e4ytt\u00f6olosuhteissa.<\/p>\n<p>Ketjupy\u00f6rien kulutuskest\u00e4vyyden ja yleisen suorituskyvyn parantamiseksi ketjupy\u00f6r\u00e4t k\u00e4yv\u00e4t l\u00e4pi taonta- ja sammutusprosessin. Taontaprosessi varmistaa, ett\u00e4 ketjupy\u00f6rill\u00e4 on tiivis ja tasainen rakenne, mik\u00e4 parantaa merkitt\u00e4v\u00e4sti niiden sitkeytt\u00e4 ja v\u00e4symiskest\u00e4vyytt\u00e4. Sammutus parantaa entisest\u00e4\u00e4n materiaalin kovuutta, mik\u00e4 tekee ketjupy\u00f6rist\u00e4 paremmin kest\u00e4vi\u00e4 rasituksia ja kulumista raskaissa sovelluksissa.<\/p>\n<p>Tuotantoprosessin aikana sovelletaan tiukkoja laadunvalvontatoimenpiteit\u00e4 sen varmistamiseksi, ett\u00e4 jokaisen ketjupy\u00f6r\u00e4n taontapinnassa ei ole vikoja, kuten halkeamia, v\u00e4likerroksia, ryppyj\u00e4, kehittyvi\u00e4 vaurioita tai kuonasulkeumia. N\u00e4m\u00e4 ep\u00e4t\u00e4ydellisyydet voivat vaarantaa ketjupy\u00f6rien lujuuden ja toimivuuden, joten ketjupy\u00f6rille tehd\u00e4\u00e4n perusteellisia testej\u00e4 ja tarkastuksia korkeimpien laatustandardien varmistamiseksi.<\/p>\n<p>Jokaisen ketjupy\u00f6r\u00e4n tuotantoon kuuluu yli kaksikymment\u00e4 erilaista k\u00e4sittelyvaihetta. N\u00e4ihin vaiheisiin kuuluvat tarkka koneistus, muotoilu ja viimeistely, jotka varmistavat, ett\u00e4 jokainen ketjupy\u00f6r\u00e4 t\u00e4ytt\u00e4\u00e4 kaavinkoneiden vaatimukset. Muodostuksen j\u00e4lkeen ketjupy\u00f6r\u00e4t asennetaan kaavinkoneen p\u00e4\u00e4h\u00e4n ja per\u00e4\u00e4n, miss\u00e4 niill\u00e4 on ratkaiseva rooli ketjun k\u00e4ytt\u00e4misess\u00e4 ja tehokkaan materiaalin kuljetuksen varmistamisessa.<\/p>\n<p>K\u00e4ytt\u00e4m\u00e4ll\u00e4 edistyneit\u00e4 valmistustekniikoita ja korkealaatuisia materiaaleja kaavinketjupy\u00f6r\u00e4t tarjoavat luotettavaa suorituskyky\u00e4 haastavissa ymp\u00e4rist\u00f6iss\u00e4, pitk\u00e4n k\u00e4ytt\u00f6i\u00e4n ja paremman toiminnan tehokkuuden.<\/p>\n<p><img loading=\"lazy\" decoding=\"async\" class=\"wp-image-5243 aligncenter\" src=\"https:\/\/fmp-components.com\/wp-content\/uploads\/2025\/02\/fmp_cast-sprocket-12.webp\" alt=\"fmp_cast-hammaspy\u00f6r\u00e4\" width=\"863\" height=\"859\" title=\"\" srcset=\"https:\/\/fmp-components.com\/wp-content\/uploads\/2025\/02\/fmp_cast-sprocket-12.webp 863w, https:\/\/fmp-components.com\/wp-content\/uploads\/2025\/02\/fmp_cast-sprocket-12-480x478.webp 480w\" sizes=\"(min-width: 0px) and (max-width: 480px) 480px, (min-width: 481px) 863px, 100vw\" \/><\/p>\n<h3>Kaavinkuljettimen toimintaperiaate<\/h3>\n<p>Kaavinkuljetin toimii yksinkertaisen mutta tehokkaan mekanismin avulla, joka on suunniteltu irtomateriaalien, kuten hiilen, sivukivien tai muiden aineiden, kuljettamiseen. Kuljettimessa on avoin r\u00e4nni, joka toimii materiaalien ohjaus- ja kantavana rakenteena. Ketjuun kiinnitetty kaavin (joka muodostaa kaavinketjun) toimii vetokomponenttina, joka siirt\u00e4\u00e4 materiaaleja r\u00e4nnin l\u00e4pi.<\/p>\n<p>Kun p\u00e4\u00e4n k\u00e4ytt\u00f6j\u00e4rjestelm\u00e4, mukaan lukien kuljettimen vaihdelaatikko, aktivoidaan, se k\u00e4ynnist\u00e4\u00e4 kuljettimen p\u00e4\u00e4akselilla olevan ketjupy\u00f6r\u00e4n. T\u00e4m\u00e4 py\u00f6riminen py\u00f6ritt\u00e4\u00e4 kaavinketjua, jolloin se kiert\u00e4\u00e4 jatkuvasti. Kaavinketjun liikkuessa se vet\u00e4\u00e4 materiaalia sy\u00f6tt\u00f6putkea pitkin ja kuljettaa sit\u00e4 tehokkaasti kuljettimen takaosasta kohti p\u00e4\u00e4t\u00e4.<\/p>\n<p><img loading=\"lazy\" decoding=\"async\" class=\"wp-image-5242 aligncenter\" src=\"https:\/\/fmp-components.com\/wp-content\/uploads\/2025\/02\/fmp-scraper.webp\" alt=\"fmp-kaavin\" width=\"880\" height=\"660\" title=\"\" srcset=\"https:\/\/fmp-components.com\/wp-content\/uploads\/2025\/02\/fmp-scraper.webp 880w, https:\/\/fmp-components.com\/wp-content\/uploads\/2025\/02\/fmp-scraper-480x360.webp 480w\" sizes=\"(min-width: 0px) and (max-width: 480px) 480px, (min-width: 481px) 880px, 100vw\" \/><\/p>\n<p>Kuljettimen p\u00e4\u00e4ss\u00e4 materiaali puretaan, mik\u00e4 p\u00e4\u00e4tt\u00e4\u00e4 kuljetussyklin. Kaavinketju ohittaa sitten ketjupy\u00f6r\u00e4n ja palaa j\u00e4rjestelm\u00e4n l\u00e4pi jatkuvassa, suljetussa silmukassa varmistaen tasaisen materiaalivirran koko prosessin ajan. T\u00e4m\u00e4 saumaton toiminta mahdollistaa tehokkaan ja luotettavan materiaalink\u00e4sittelyn, mik\u00e4 tekee kaavinkuljettimista ihanteellisia useille eri teollisuudenaloille, kuten kaivosteollisuuteen, hiilen k\u00e4sittelyyn ja irtomateriaalien kuljetukseen.<\/p>\n<p>Yhteenvetona voidaan todeta, ett\u00e4 kaavinkuljetinj\u00e4rjestelm\u00e4n toimintaperiaate perustuu kaavinketjun ja -py\u00f6rien koordinoituun liikkeeseen, jota k\u00e4ytt\u00e4\u00e4 p\u00e4\u00e4n k\u00e4ytt\u00f6j\u00e4rjestelm\u00e4, materiaalien jatkuvaan kuljettamiseen kourua pitkin suljetussa kierrossa varmistaen tasaisen ja sujuvan toiminnan.<\/p>\n<h2>Tietoja FMP:st\u00e4<\/h2>\n<p>Huippumodernissa tehtaassamme Italiassa olemme erikoistuneet laajan valikoiman korkealaatuisten hammaspy\u00f6rien valmistukseen vastaamaan asiakkaidemme monipuolisiin tarpeisiin. Valmiista reik\u00e4hammaspy\u00f6rist\u00e4 v\u00e4lihammaspy\u00f6riin, kartiolukitteisista hammaspy\u00f6rist\u00e4 kuljetinhammaspy\u00f6riin, tarjoamme tuotteita, jotka on valmistettu tarkasti ja kest\u00e4v\u00e4sti. Laaja valikoimamme sis\u00e4lt\u00e4\u00e4 ruostumattomasta ter\u00e4ksest\u00e4, muovista ja ter\u00e4ksest\u00e4 valmistettuja hammaspy\u00f6ri\u00e4 sek\u00e4 erikoismalleja, kuten kaksijakoisia ja kaksirivisi\u00e4 hammaspy\u00f6ri\u00e4, mik\u00e4 varmistaa, ett\u00e4 voimme tarjota t\u00e4ydellisen ratkaisun kaikkiin k\u00e4ytt\u00f6tarkoituksiin.<img loading=\"lazy\" decoding=\"async\" class=\"wp-image-5244 alignleft\" src=\"https:\/\/fmp-components.com\/wp-content\/uploads\/2025\/02\/fmp_cast-sprocket-13.webp\" alt=\"fmp_cast-hammaspy\u00f6r\u00e4\" width=\"235\" height=\"295\" title=\"\"><\/p>\n<p>Meid\u00e4t erottaa sitoutumisemme r\u00e4\u00e4t\u00e4l\u00f6intiin. Ymm\u00e4rr\u00e4mme, ett\u00e4 jokainen projekti on ainutlaatuinen, mink\u00e4 vuoksi tarjoamme r\u00e4\u00e4t\u00e4l\u00f6ityj\u00e4 ketjupy\u00f6r\u00e4ratkaisuja, jotka t\u00e4ytt\u00e4v\u00e4t erityisvaatimuksesi. Tarvitsetpa sitten mittatilausty\u00f6n\u00e4 tehty\u00e4 suunnittelua tai ainutlaatuisia teknisi\u00e4 vaatimuksia, asiantuntijatiimimme on t\u00e4\u00e4ll\u00e4 tarjotakseen sinulle tarkkoja ja luotettavia ratkaisuja.<\/p>\n<p>Olemme ylpeit\u00e4 teknisest\u00e4 asiantuntemuksestamme ja valmistusprosessimme laadusta varmistaen, ett\u00e4 jokainen valmistamamme rattaiden valmistus kest\u00e4\u00e4. Jos sinulla on kysytt\u00e4v\u00e4\u00e4 tai tarvitset r\u00e4\u00e4t\u00e4l\u00f6ity\u00e4 rattaiden valmistusta, \u00e4l\u00e4 ep\u00e4r\u00f6i ottaa yhteytt\u00e4. Tiimimme on valmiina auttamaan sinua ja tarjoamaan ajankohtaista, asiantuntevaa neuvontaa varmistaakseen t\u00e4ydellisen tyytyv\u00e4isyytesi. L\u00e4het\u00e4 meille vain s\u00e4hk\u00f6postia, niin otamme sinuun yhteytt\u00e4 mahdollisimman pian.<\/p>","protected":false},"excerpt":{"rendered":"<p>Scraper Sprocket The FU Scraper Conveyor Cast Sprocket is a crucial component in the drive mechanism of various scraper machines. It works together with the chain to form the primary drive system for scraper conveyors. The chain sprockets and chains of these machines efficiently transport bulk materials within the trough, offering stability and durability. Scraper [&hellip;]<\/p>","protected":false},"featured_media":5240,"comment_status":"open","ping_status":"closed","template":"","meta":{"_et_pb_use_builder":"","_et_pb_old_content":"","_et_gb_content_width":""},"product_brand":[],"product_cat":[99],"product_tag":[],"class_list":{"0":"post-5239","1":"product","2":"type-product","3":"status-publish","4":"has-post-thumbnail","6":"product_cat-specialty-sprockets","8":"first","9":"instock","10":"shipping-taxable","11":"product-type-simple"},"_links":{"self":[{"href":"https:\/\/fmp-components.com\/fi\/wp-json\/wp\/v2\/product\/5239","targetHints":{"allow":["GET"]}}],"collection":[{"href":"https:\/\/fmp-components.com\/fi\/wp-json\/wp\/v2\/product"}],"about":[{"href":"https:\/\/fmp-components.com\/fi\/wp-json\/wp\/v2\/types\/product"}],"replies":[{"embeddable":true,"href":"https:\/\/fmp-components.com\/fi\/wp-json\/wp\/v2\/comments?post=5239"}],"wp:featuredmedia":[{"embeddable":true,"href":"https:\/\/fmp-components.com\/fi\/wp-json\/wp\/v2\/media\/5240"}],"wp:attachment":[{"href":"https:\/\/fmp-components.com\/fi\/wp-json\/wp\/v2\/media?parent=5239"}],"wp:term":[{"taxonomy":"product_brand","embeddable":true,"href":"https:\/\/fmp-components.com\/fi\/wp-json\/wp\/v2\/product_brand?post=5239"},{"taxonomy":"product_cat","embeddable":true,"href":"https:\/\/fmp-components.com\/fi\/wp-json\/wp\/v2\/product_cat?post=5239"},{"taxonomy":"product_tag","embeddable":true,"href":"https:\/\/fmp-components.com\/fi\/wp-json\/wp\/v2\/product_tag?post=5239"}],"curies":[{"name":"wp","href":"https:\/\/api.w.org\/{rel}","templated":true}]}}