{"id":5040,"date":"2025-01-26T03:04:33","date_gmt":"2025-01-26T03:04:33","guid":{"rendered":"https:\/\/fmp-components.com\/?post_type=product&#038;p=5040"},"modified":"2025-01-26T03:04:33","modified_gmt":"2025-01-26T03:04:33","slug":"cement-polishing-gearbox-for-smooth-concrete-floors-and-walls","status":"publish","type":"product","link":"https:\/\/fmp-components.com\/fi\/product\/cement-polishing-gearbox-for-smooth-concrete-floors-and-walls\/","title":{"rendered":"Sementin kiillotusvaihteisto sileille betonilattioille ja -seinille"},"content":{"rendered":"<h2>Sementin kiillotusvaihteisto<\/h2>\n<p>Betoninkiillotusvaihteisto on tehokas, tarkasti suunniteltu komponentti, joka on suunniteltu k\u00e4ytett\u00e4v\u00e4ksi betonin hioma- ja kiillotuskoneissa. T\u00e4ll\u00e4 vaihteistolla on ratkaiseva rooli sujuvan ja tehokkaan toiminnan varmistamisessa, sill\u00e4 se tarjoaa tarvittavan v\u00e4\u00e4nt\u00f6momentin ja nopeuden s\u00e4\u00e4d\u00f6n optimaalisten kiillotustulosten saavuttamiseksi. K\u00e4ytettiinp\u00e4 sit\u00e4 sitten teollisissa tai kaupallisissa betonisovelluksissa, se varmistaa kest\u00e4vyyden, luotettavuuden ja suorituskyvyn vaativissa olosuhteissa.<\/p>\n<p><strong>T\u00e4rkeimm\u00e4t ominaisuudet:<\/strong><\/p>\n<ol>\n<li><strong>Korkea v\u00e4\u00e4nt\u00f6momentti ja nopeuden s\u00e4\u00e4t\u00f6:<\/strong> Vaihteisto on suunniteltu v\u00e4hent\u00e4m\u00e4\u00e4n moottorin suurta py\u00f6rimisnopeutta, mik\u00e4 tarjoaa ihanteellisen v\u00e4\u00e4nt\u00f6momentin ja nopeuden kiillotusty\u00f6kaluille. T\u00e4m\u00e4 mahdollistaa betonipintojen tasaisen ja tasaisen kiillotuksen, minimoi ty\u00f6kalujen kulumisen ja parantaa kokonaisviimeistely\u00e4.<\/li>\n<li><strong>Kest\u00e4vyys ja luotettavuus:<\/strong> Kest\u00e4vist\u00e4 materiaaleista ja korkealaatuisesta ammattitaidosta valmistettu betoninkiillotusvaihteisto on suunniteltu kest\u00e4m\u00e4\u00e4n betoninkiillotuskoneiden raskaat vaatimukset. Se tarjoaa poikkeuksellisen kest\u00e4vyyden jopa ankarissa k\u00e4ytt\u00f6olosuhteissa varmistaen pitk\u00e4ik\u00e4isen suorituskyvyn.<\/li>\n<li><strong>Tehokas voimansiirto:<\/strong> Vaihteisto k\u00e4ytt\u00e4\u00e4 eritt\u00e4in tehokasta hammaspy\u00f6r\u00e4j\u00e4rjestelm\u00e4\u00e4 \u2013 kuten matovaihteita tai planeettavaihteita \u2013 jotka takaavat saumattoman voimansiirron moottorista kiillotusp\u00e4\u00e4h\u00e4n. T\u00e4m\u00e4 johtaa tasaiseen ja jatkuvaan liikkeeseen, mik\u00e4 mahdollistaa paremman hallinnan ja tarkkuuden kiillotusprosessin aikana.<\/li>\n<li><strong>Melunvaimennus ja sujuva toiminta:<\/strong> Melua ja t\u00e4rin\u00e4\u00e4 minimoimaan suunniteltu vaihteisto varmistaa hiljaisemman toiminnan, mik\u00e4 edist\u00e4\u00e4 mukavampaa ty\u00f6ymp\u00e4rist\u00f6\u00e4 ja parantaa koneen vakautta.<\/li>\n<li><strong>L\u00e4mm\u00f6nkest\u00e4vyys:<\/strong> Vaihteisto on rakennettu kest\u00e4m\u00e4\u00e4n jatkuvan k\u00e4yt\u00f6n aikana syntyvi\u00e4 korkeita l\u00e4mp\u00f6tiloja, joten se soveltuu pitkiin ty\u00f6p\u00e4iviin ilman ylikuumenemisen tai suorituskyvyn heikkenemisen riski\u00e4.<\/li>\n<li><strong>Helppo huolto:<\/strong> Yksinkertaisen mutta tehokkaan rakenteensa ansiosta betoninkiillotusvaihteisto on helppo huoltaa. S\u00e4\u00e4nn\u00f6llinen huolto ja voitelu ovat helppoja, mik\u00e4 minimoi seisokkiajat ja alhaiset yll\u00e4pitokustannukset.<\/li>\n<li><strong>Kompakti ja kevyt muotoilu:<\/strong> Vankasta rakenteestaan \u200b\u200bhuolimatta vaihteisto on suunniteltu kompaktiksi ja kevyeksi, mink\u00e4 ansiosta se on helppo integroida erilaisiin betonikiillotuskoneisiin ja tarjoaa optimaalisen tasapainon ja helppok\u00e4ytt\u00f6isyyden.<\/li>\n<\/ol>\n<p><strong>Sovellukset:<\/strong><\/p>\n<ul>\n<li>Kaupalliset ja teolliset betonikiillotuskoneet<\/li>\n<li>Lattian hionta- ja viimeistelylaitteet<\/li>\n<li>Raskaan pinnan valmistelu ja kunnostus<\/li>\n<li>Betonilattioiden kiillotus ja hionta, mukaan lukien varastot, n\u00e4yttelytilat ja teollisuustilat<\/li>\n<\/ul>\n<p>Betoninkiillotusvaihteisto on olennainen osa korkealaatuisten ja tasaisten tulosten saavuttamiseksi betonin kiillotuksessa. Suuren v\u00e4\u00e4nt\u00f6momentin, kest\u00e4vyyden ja tasaisen toiminnan yhdistelm\u00e4ll\u00e4 se tarjoaa tehoa ja luotettavuutta, joita tarvitaan tehokkaaseen suorituskykyyn vaativissa betoninkiillotussovelluksissa.<\/p>\n<table style=\"width: 100%;\" border=\"1\" width=\"100%\" cellspacing=\"0\" cellpadding=\"0\">\n<tbody>\n<tr style=\"height: 14.40pt;\">\n<td style=\"height: 14.40pt; width: 48.00pt;\" align=\"right\" width=\"80\" height=\"24\"><img loading=\"lazy\" decoding=\"async\" class=\"alignnone size-full wp-image-5045\" src=\"https:\/\/fmp-components.com\/wp-content\/uploads\/2025\/01\/1-meter-long-shell-gearbox-copper-gear.webp\" alt=\"1 metrin pituinen vaihteistokuori - kupariratas\" width=\"427\" height=\"448\" title=\"\" srcset=\"https:\/\/fmp-components.com\/wp-content\/uploads\/2025\/01\/1-meter-long-shell-gearbox-copper-gear.webp 427w, https:\/\/fmp-components.com\/wp-content\/uploads\/2025\/01\/1-meter-long-shell-gearbox-copper-gear-286x300.webp 286w, https:\/\/fmp-components.com\/wp-content\/uploads\/2025\/01\/1-meter-long-shell-gearbox-copper-gear-11x12.webp 11w\" sizes=\"(max-width: 427px) 100vw, 427px\" \/><\/td>\n<td style=\"width: 48.00pt;\" align=\"right\" width=\"80\"><img loading=\"lazy\" decoding=\"async\" class=\"alignnone size-full wp-image-5044\" src=\"https:\/\/fmp-components.com\/wp-content\/uploads\/2025\/01\/1-meter-long-shell-gearbox-iron-gear.webp\" alt=\"1 metrin pituinen vaihteisto-rautavaihteisto\" width=\"427\" height=\"448\" title=\"\" srcset=\"https:\/\/fmp-components.com\/wp-content\/uploads\/2025\/01\/1-meter-long-shell-gearbox-iron-gear.webp 427w, https:\/\/fmp-components.com\/wp-content\/uploads\/2025\/01\/1-meter-long-shell-gearbox-iron-gear-286x300.webp 286w, https:\/\/fmp-components.com\/wp-content\/uploads\/2025\/01\/1-meter-long-shell-gearbox-iron-gear-11x12.webp 11w\" sizes=\"(max-width: 427px) 100vw, 427px\" \/><\/td>\n<td style=\"width: 48.00pt;\" align=\"right\" width=\"80\"><img loading=\"lazy\" decoding=\"async\" class=\"alignnone size-full wp-image-5043\" src=\"https:\/\/fmp-components.com\/wp-content\/uploads\/2025\/01\/1-meter-square-shell-gearbox.webp\" alt=\"1 metrin neli\u00f6kuorinen vaihdelaatikko\" width=\"427\" height=\"448\" title=\"\" srcset=\"https:\/\/fmp-components.com\/wp-content\/uploads\/2025\/01\/1-meter-square-shell-gearbox.webp 427w, https:\/\/fmp-components.com\/wp-content\/uploads\/2025\/01\/1-meter-square-shell-gearbox-286x300.webp 286w, https:\/\/fmp-components.com\/wp-content\/uploads\/2025\/01\/1-meter-square-shell-gearbox-11x12.webp 11w\" sizes=\"(max-width: 427px) 100vw, 427px\" \/><\/td>\n<td style=\"width: 48.00pt;\" align=\"right\" width=\"80\"><img loading=\"lazy\" decoding=\"async\" class=\"alignnone size-full wp-image-5042\" src=\"https:\/\/fmp-components.com\/wp-content\/uploads\/2025\/01\/60-90-Aluminum-case-gearbox.webp\" alt=\"60-90 Alumiinikoteloinen vaihdelaatikko\" width=\"427\" height=\"448\" title=\"\" srcset=\"https:\/\/fmp-components.com\/wp-content\/uploads\/2025\/01\/60-90-Aluminum-case-gearbox.webp 427w, https:\/\/fmp-components.com\/wp-content\/uploads\/2025\/01\/60-90-Aluminum-case-gearbox-286x300.webp 286w, https:\/\/fmp-components.com\/wp-content\/uploads\/2025\/01\/60-90-Aluminum-case-gearbox-11x12.webp 11w\" sizes=\"(max-width: 427px) 100vw, 427px\" \/><\/td>\n<td style=\"width: 48.00pt;\" align=\"right\" width=\"80\"><img loading=\"lazy\" decoding=\"async\" class=\"alignnone size-full wp-image-5046\" src=\"https:\/\/fmp-components.com\/wp-content\/uploads\/2025\/01\/60-90-iron-case-gearbox1.webp\" alt=\"60-90 rautakoteloinen vaihdelaatikko(1)\" width=\"427\" height=\"448\" title=\"\" srcset=\"https:\/\/fmp-components.com\/wp-content\/uploads\/2025\/01\/60-90-iron-case-gearbox1.webp 427w, https:\/\/fmp-components.com\/wp-content\/uploads\/2025\/01\/60-90-iron-case-gearbox1-286x300.webp 286w, https:\/\/fmp-components.com\/wp-content\/uploads\/2025\/01\/60-90-iron-case-gearbox1-11x12.webp 11w\" sizes=\"(max-width: 427px) 100vw, 427px\" \/><\/td>\n<\/tr>\n<tr style=\"height: 14.40pt;\">\n<td style=\"height: 14.4pt; text-align: center;\" align=\"right\" height=\"24\"><strong>1 metrin pituinen vaihteistokuori - kupariratas<\/strong><\/td>\n<td style=\"text-align: center;\" align=\"right\"><strong>1 metrin pituinen vaihteisto-rautavaihteisto<\/strong><\/td>\n<td style=\"text-align: center;\" align=\"right\"><strong>1 metrin neli\u00f6kuorinen vaihdelaatikko<\/strong><\/td>\n<td style=\"text-align: center;\" align=\"right\"><strong>60-90 Alumiinikoteloinen vaihdelaatikko<\/strong><\/td>\n<td style=\"text-align: center;\" align=\"right\"><strong>60-90 rautakoteloinen vaihdelaatikko<\/strong><\/td>\n<\/tr>\n<\/tbody>\n<\/table>\n<p>Tarjoamme r\u00e4\u00e4t\u00e4l\u00f6ityj\u00e4 ratkaisuja juuri sinun tarpeisiisi. Jos sinulla on suunnitelma tai piirustus, l\u00e4het\u00e4 se meille s\u00e4hk\u00f6postitse. Asiantuntijatiimimme tarkistaa vaatimuksesi ja antaa tarjouksen 24 tunnin kuluessa. Olemme sitoutuneet antamaan nopeita ja tarkkoja vastauksia varmistaaksemme projektisi sujuvan etenemisen.<\/p>","protected":false},"excerpt":{"rendered":"<p>Cement Polishing Gearbox The Concrete Polishing Gearbox is a high-performance, precision-engineered component designed for use in concrete grinding and polishing machinery. This gearbox plays a critical role in ensuring smooth and efficient operation, providing the necessary torque and speed control for optimal polishing results. Whether used in industrial or commercial concrete applications, it ensures durability, [&hellip;]<\/p>","protected":false},"featured_media":5041,"comment_status":"open","ping_status":"closed","template":"","meta":{"_et_pb_use_builder":"","_et_pb_old_content":"","_et_gb_content_width":""},"product_brand":[],"product_cat":[94],"product_tag":[],"class_list":{"0":"post-5040","1":"product","2":"type-product","3":"status-publish","4":"has-post-thumbnail","6":"product_cat-industrial-gearbox","8":"first","9":"instock","10":"shipping-taxable","11":"product-type-simple"},"_links":{"self":[{"href":"https:\/\/fmp-components.com\/fi\/wp-json\/wp\/v2\/product\/5040","targetHints":{"allow":["GET"]}}],"collection":[{"href":"https:\/\/fmp-components.com\/fi\/wp-json\/wp\/v2\/product"}],"about":[{"href":"https:\/\/fmp-components.com\/fi\/wp-json\/wp\/v2\/types\/product"}],"replies":[{"embeddable":true,"href":"https:\/\/fmp-components.com\/fi\/wp-json\/wp\/v2\/comments?post=5040"}],"wp:featuredmedia":[{"embeddable":true,"href":"https:\/\/fmp-components.com\/fi\/wp-json\/wp\/v2\/media\/5041"}],"wp:attachment":[{"href":"https:\/\/fmp-components.com\/fi\/wp-json\/wp\/v2\/media?parent=5040"}],"wp:term":[{"taxonomy":"product_brand","embeddable":true,"href":"https:\/\/fmp-components.com\/fi\/wp-json\/wp\/v2\/product_brand?post=5040"},{"taxonomy":"product_cat","embeddable":true,"href":"https:\/\/fmp-components.com\/fi\/wp-json\/wp\/v2\/product_cat?post=5040"},{"taxonomy":"product_tag","embeddable":true,"href":"https:\/\/fmp-components.com\/fi\/wp-json\/wp\/v2\/product_tag?post=5040"}],"curies":[{"name":"wp","href":"https:\/\/api.w.org\/{rel}","templated":true}]}}