{"id":4909,"date":"2025-01-23T06:50:33","date_gmt":"2025-01-23T06:50:33","guid":{"rendered":"https:\/\/fmp-components.com\/?post_type=product&#038;p=4909"},"modified":"2025-01-23T08:51:43","modified_gmt":"2025-01-23T08:51:43","slug":"xrv-series-car-washer-gearbox-for-automatic-car-wash-system-xrv050-gearmotor","status":"publish","type":"product","link":"https:\/\/fmp-components.com\/fi\/product\/xrv-series-car-washer-gearbox-for-automatic-car-wash-system-xrv050-gearmotor\/","title":{"rendered":"XRV-sarjan autonpesukoneen vaihdelaatikko automaattiseen autonpesuj\u00e4rjestelm\u00e4\u00e4n XRV050-vaihdemoottori"},"content":{"rendered":"<table style=\"border-collapse: collapse; width: 102.047%; height: 5px;\" border=\"0\" width=\"160\" cellspacing=\"0\" cellpadding=\"0\">\n<tbody>\n<tr style=\"height: 14.40pt;\">\n<td style=\"height: 14.40pt; width: 48.00pt;\" align=\"right\" width=\"80\" height=\"24\"><img loading=\"lazy\" decoding=\"async\" class=\"alignnone size-full wp-image-4917\" src=\"https:\/\/fmp-components.com\/wp-content\/uploads\/2025\/01\/xrv050-worm-gearmotor-1.webp\" alt=\"xrv050-matovaihdemoottori\" width=\"500\" height=\"375\" title=\"\" srcset=\"https:\/\/fmp-components.com\/wp-content\/uploads\/2025\/01\/xrv050-worm-gearmotor-1.webp 500w, https:\/\/fmp-components.com\/wp-content\/uploads\/2025\/01\/xrv050-worm-gearmotor-1-480x360.webp 480w\" sizes=\"(min-width: 0px) and (max-width: 480px) 480px, (min-width: 481px) 500px, 100vw\" \/><\/td>\n<td style=\"width: 48.00pt;\" align=\"right\" width=\"80\"><img loading=\"lazy\" decoding=\"async\" class=\"alignnone size-full wp-image-4918\" src=\"https:\/\/fmp-components.com\/wp-content\/uploads\/2025\/01\/Car-Wash-Machine-Gearmotor-5.webp\" alt=\"Autonpesukoneen vaihdemoottori-5\" width=\"493\" height=\"397\" title=\"\" srcset=\"https:\/\/fmp-components.com\/wp-content\/uploads\/2025\/01\/Car-Wash-Machine-Gearmotor-5.webp 493w, https:\/\/fmp-components.com\/wp-content\/uploads\/2025\/01\/Car-Wash-Machine-Gearmotor-5-480x387.webp 480w\" sizes=\"(min-width: 0px) and (max-width: 480px) 480px, (min-width: 481px) 493px, 100vw\" \/><\/td>\n<\/tr>\n<\/tbody>\n<\/table>\n<h2>XRV050-autonpesukoneen matovaihteen alennusvaihteen tekniset tiedot<\/h2>\n<p><img loading=\"lazy\" decoding=\"async\" class=\"size-full wp-image-4910 aligncenter\" src=\"https:\/\/fmp-components.com\/wp-content\/uploads\/2025\/01\/XRV050-worm-gear-reducer-parameters.webp\" alt=\"XRV050-matovaihteen-alennusvaihteen-parametrit\" width=\"619\" height=\"551\" title=\"\" srcset=\"https:\/\/fmp-components.com\/wp-content\/uploads\/2025\/01\/XRV050-worm-gear-reducer-parameters.webp 619w, https:\/\/fmp-components.com\/wp-content\/uploads\/2025\/01\/XRV050-worm-gear-reducer-parameters-480x427.webp 480w\" sizes=\"(min-width: 0px) and (max-width: 480px) 480px, (min-width: 481px) 619px, 100vw\" \/><\/p>\n<table border=\"1\" width=\"100%\" cellspacing=\"0px\">\n<tbody>\n<tr>\n<td width=\"64\">Tyyppi<\/td>\n<td width=\"64\">Suhde<\/td>\n<td width=\"64\">Laippa<\/td>\n<td width=\"64\">Voima<\/td>\n<\/tr>\n<tr>\n<td rowspan=\"2\">XRV050<\/td>\n<td rowspan=\"2\">5\u00a0\u00a0\u00a0\u00a0 7.5\u00a0 10\u00a0\u00a0\u00a0\u00a0 12\u00a0 15\u00a0\u00a0\u00a0\u00a0 20\u00a0 30\u00a0\u00a0\u00a0\u00a0 40\u00a0 50\u00a0\u00a0\u00a0\u00a0 60\u00a0 80\u00a0\u00a0\u00a0 100<\/td>\n<td>71B14<\/td>\n<td rowspan=\"2\">0,18 kW 0,25 kW 0,37 kW 0,55 kW 0,75 kW 1,1 kW<\/td>\n<\/tr>\n<tr>\n<td>80B14<\/td>\n<\/tr>\n<\/tbody>\n<\/table>\n<table border=\"1\" width=\"100%\" cellspacing=\"0px\">\n<tbody>\n<tr>\n<td width=\"64\">Tyyppi<\/td>\n<td width=\"64\">min\u00e4<\/td>\n<td width=\"64\">n2\/kierrosta\/min<\/td>\n<td width=\"64\">Mn\u00b2\/Nm<\/td>\n<td width=\"64\">Fr2\/N<\/td>\n<td width=\"64\">Moottori<\/td>\n<td width=\"64\">Pennin\/kW<\/td>\n<td width=\"64\">P\/mm<\/td>\n<\/tr>\n<tr>\n<td rowspan=\"41\" width=\"64\">XRV050<\/td>\n<td rowspan=\"2\">5<\/td>\n<td>280<\/td>\n<td>17<\/td>\n<td>1577<\/td>\n<td>7134<\/td>\n<td>0.55<\/td>\n<td>180<\/td>\n<\/tr>\n<tr>\n<td>280<\/td>\n<td>23<\/td>\n<td>1577<\/td>\n<td>8024<\/td>\n<td>0.75<\/td>\n<td>205<\/td>\n<\/tr>\n<tr>\n<td rowspan=\"2\">7.5<\/td>\n<td>187<\/td>\n<td>25<\/td>\n<td>1805<\/td>\n<td>7134<\/td>\n<td>0.55<\/td>\n<td>180<\/td>\n<\/tr>\n<tr>\n<td>187<\/td>\n<td>34<\/td>\n<td>1805<\/td>\n<td>8024<\/td>\n<td>0.75<\/td>\n<td>205<\/td>\n<\/tr>\n<tr>\n<td rowspan=\"3\">10<\/td>\n<td>140<\/td>\n<td>22<\/td>\n<td>1987<\/td>\n<td>7124<\/td>\n<td>0.37<\/td>\n<td>180<\/td>\n<\/tr>\n<tr>\n<td>140<\/td>\n<td>32<\/td>\n<td>1987<\/td>\n<td>7134<\/td>\n<td>0.55<\/td>\n<td>180<\/td>\n<\/tr>\n<tr>\n<td>140<\/td>\n<td>44<\/td>\n<td>1987<\/td>\n<td>8024<\/td>\n<td>0.75<\/td>\n<td>205<\/td>\n<\/tr>\n<tr>\n<td rowspan=\"3\">12<\/td>\n<td>117<\/td>\n<td>26<\/td>\n<td>2016<\/td>\n<td>7124<\/td>\n<td>0.37<\/td>\n<td>180<\/td>\n<\/tr>\n<tr>\n<td>117<\/td>\n<td>33<\/td>\n<td>2016<\/td>\n<td>7134<\/td>\n<td>0.55<\/td>\n<td>205<\/td>\n<\/tr>\n<tr>\n<td>117<\/td>\n<td>48<\/td>\n<td>2016<\/td>\n<td>8024<\/td>\n<td>0.75<\/td>\n<td>205<\/td>\n<\/tr>\n<tr>\n<td rowspan=\"3\">15<\/td>\n<td>93<\/td>\n<td>31<\/td>\n<td>2274<\/td>\n<td>7124<\/td>\n<td>0.37<\/td>\n<td>180<\/td>\n<\/tr>\n<tr>\n<td>93<\/td>\n<td>46<\/td>\n<td>2274<\/td>\n<td>7134<\/td>\n<td>0.55<\/td>\n<td>180<\/td>\n<\/tr>\n<tr>\n<td>93<\/td>\n<td>63<\/td>\n<td>2274<\/td>\n<td>8024<\/td>\n<td>0.75<\/td>\n<td>205<\/td>\n<\/tr>\n<tr>\n<td rowspan=\"4\">20<\/td>\n<td>70<\/td>\n<td>27<\/td>\n<td>2503<\/td>\n<td>7114<\/td>\n<td>0.25<\/td>\n<td>180<\/td>\n<\/tr>\n<tr>\n<td>70<\/td>\n<td>40<\/td>\n<td>2503<\/td>\n<td>7124<\/td>\n<td>0.37<\/td>\n<td>180<\/td>\n<\/tr>\n<tr>\n<td>70<\/td>\n<td>59<\/td>\n<td>2503<\/td>\n<td>7134<\/td>\n<td>0.55<\/td>\n<td>180<\/td>\n<\/tr>\n<tr>\n<td>70<\/td>\n<td>81<\/td>\n<td>2503<\/td>\n<td>8024<\/td>\n<td>0.75<\/td>\n<td>205<\/td>\n<\/tr>\n<tr>\n<td rowspan=\"3\">25<\/td>\n<td>56<\/td>\n<td>32<\/td>\n<td>2696<\/td>\n<td>7114<\/td>\n<td>0.25<\/td>\n<td>180<\/td>\n<\/tr>\n<tr>\n<td>56<\/td>\n<td>48<\/td>\n<td>2696<\/td>\n<td>7124<\/td>\n<td>0.37<\/td>\n<td>180<\/td>\n<\/tr>\n<tr>\n<td>56<\/td>\n<td>71<\/td>\n<td>2696<\/td>\n<td>7134<\/td>\n<td>0.55<\/td>\n<td>180<\/td>\n<\/tr>\n<tr>\n<td rowspan=\"3\">30<\/td>\n<td>47<\/td>\n<td>37<\/td>\n<td>2865<\/td>\n<td>7114<\/td>\n<td>0.25<\/td>\n<td>180<\/td>\n<\/tr>\n<tr>\n<td>47<\/td>\n<td>55<\/td>\n<td>2865<\/td>\n<td>7124<\/td>\n<td>0.37<\/td>\n<td>180<\/td>\n<\/tr>\n<tr>\n<td>47<\/td>\n<td>81<\/td>\n<td>2865<\/td>\n<td>7134<\/td>\n<td>0.55<\/td>\n<td>180<\/td>\n<\/tr>\n<tr>\n<td rowspan=\"3\">40<\/td>\n<td>35<\/td>\n<td>33<\/td>\n<td>3153<\/td>\n<td>7114<\/td>\n<td>0.25<\/td>\n<td>180<\/td>\n<\/tr>\n<tr>\n<td>35<\/td>\n<td>46<\/td>\n<td>3153<\/td>\n<td>7124<\/td>\n<td>0.37<\/td>\n<td>180<\/td>\n<\/tr>\n<tr>\n<td>35<\/td>\n<td>68<\/td>\n<td>3153<\/td>\n<td>7134<\/td>\n<td>0.55<\/td>\n<td>180<\/td>\n<\/tr>\n<tr>\n<td rowspan=\"3\">50<\/td>\n<td>28<\/td>\n<td>54<\/td>\n<td>3397<\/td>\n<td>7114<\/td>\n<td>0.25<\/td>\n<td>180<\/td>\n<\/tr>\n<tr>\n<td>28<\/td>\n<td>72<\/td>\n<td>3397<\/td>\n<td>7124<\/td>\n<td>0.37<\/td>\n<td>180<\/td>\n<\/tr>\n<tr>\n<td>28<\/td>\n<td>80<\/td>\n<td>3397<\/td>\n<td>7134<\/td>\n<td>0.55<\/td>\n<td>180<\/td>\n<\/tr>\n<tr>\n<td rowspan=\"3\">52<\/td>\n<td>27<\/td>\n<td>55<\/td>\n<td>3482<\/td>\n<td>7114<\/td>\n<td>0.25<\/td>\n<td>180<\/td>\n<\/tr>\n<tr>\n<td>27<\/td>\n<td>73<\/td>\n<td>3482<\/td>\n<td>7124<\/td>\n<td>0.37<\/td>\n<td>180<\/td>\n<\/tr>\n<tr>\n<td>27<\/td>\n<td>82<\/td>\n<td>3482<\/td>\n<td>7134<\/td>\n<td>0.55<\/td>\n<td>180<\/td>\n<\/tr>\n<tr>\n<td rowspan=\"3\">60<\/td>\n<td>23<\/td>\n<td>60<\/td>\n<td>3610<\/td>\n<td>7114<\/td>\n<td>0.25<\/td>\n<td>180<\/td>\n<\/tr>\n<tr>\n<td>23<\/td>\n<td>75<\/td>\n<td>3610<\/td>\n<td>7124<\/td>\n<td>0.37<\/td>\n<td>180<\/td>\n<\/tr>\n<tr>\n<td>23<\/td>\n<td>84<\/td>\n<td>3610<\/td>\n<td>7134<\/td>\n<td>0.55<\/td>\n<td>180<\/td>\n<\/tr>\n<tr>\n<td rowspan=\"3\">80<\/td>\n<td>18<\/td>\n<td>64<\/td>\n<td>3973<\/td>\n<td>7114<\/td>\n<td>0.25<\/td>\n<td>180<\/td>\n<\/tr>\n<tr>\n<td>18<\/td>\n<td>77<\/td>\n<td>3973<\/td>\n<td>7124<\/td>\n<td>0.37<\/td>\n<td>180<\/td>\n<\/tr>\n<tr>\n<td>18<\/td>\n<td>89<\/td>\n<td>3973<\/td>\n<td>7134<\/td>\n<td>0.55<\/td>\n<td>180<\/td>\n<\/tr>\n<tr>\n<td rowspan=\"3\">100<\/td>\n<td>14<\/td>\n<td>68<\/td>\n<td>4280<\/td>\n<td>7114<\/td>\n<td>0.25<\/td>\n<td>180<\/td>\n<\/tr>\n<tr>\n<td>14<\/td>\n<td>79<\/td>\n<td>4280<\/td>\n<td>7124<\/td>\n<td>0.37<\/td>\n<td>180<\/td>\n<\/tr>\n<tr>\n<td>14<\/td>\n<td>93<\/td>\n<td>4280<\/td>\n<td>7134<\/td>\n<td>0.55<\/td>\n<td>180<\/td>\n<\/tr>\n<\/tbody>\n<\/table>\n<p><img loading=\"lazy\" decoding=\"async\" class=\"alignnone wp-image-4913\" src=\"https:\/\/fmp-components.com\/wp-content\/uploads\/2025\/01\/Car-Wash-Machine-Gearmotor.webp\" alt=\"Autonpesukoneen vaihdemoottori\" width=\"937\" height=\"623\" title=\"\"><\/p>\n<h2>Tietoja autonpesukoneesta<\/h2>\n<p>Autonpesukone on automaattinen laite, joka k\u00e4ytt\u00e4\u00e4 tietokoneohjausta harjojen ja korkeapaineisen veden k\u00e4ytt\u00e4miseen ajoneuvojen pesemiseen. Auton omistajana huomaat autopesulassa vieraillessasi erilaisia \u200b\u200bvoimansiirtoj\u00e4rjestelmi\u00e4, kuten vaakasuuntaisia \u200b\u200bharjoja, pystysuuntaisia \u200b\u200bharjoja ja py\u00f6r\u00e4harjoja. N\u00e4m\u00e4 j\u00e4rjestelm\u00e4t, jotka eiv\u00e4t vaadi manuaalista sy\u00f6tt\u00f6\u00e4, saavat voiman autopesukoneen alennusvaihteesta. Alennusvaihteella on ratkaiseva rooli autopesulaitteissa, sill\u00e4 se alentaa moottorin nopeutta ja tarjoaa tasaista tehoa vesisuihku- ja py\u00f6riville harjoille. T\u00e4m\u00e4 varmistaa, ett\u00e4 oikea nopeus ja v\u00e4\u00e4nt\u00f6momentti toimitetaan autopesun komponenttien tehokkaan toiminnan takaamiseksi, mik\u00e4 takaa vakaan suorituskyvyn ja tehokkaan puhdistuksen erilaisissa ymp\u00e4rist\u00f6iss\u00e4.<\/p>\n<table style=\"border-collapse: collapse; width: 101.172%; height: 5px;\" border=\"0\" width=\"160\" cellspacing=\"0\" cellpadding=\"0\">\n<tbody>\n<tr style=\"height: 14.40pt;\">\n<td style=\"height: 14.4pt; width: 51.282%;\" align=\"right\" width=\"80\" height=\"24\"><img loading=\"lazy\" decoding=\"async\" class=\"alignnone size-full wp-image-4911\" src=\"https:\/\/fmp-components.com\/wp-content\/uploads\/2025\/01\/Car-Wash-Machine-Gearmotor-2.webp\" alt=\"Autonpesukoneen vaihdemoottori-2\" width=\"926\" height=\"626\" title=\"\" srcset=\"https:\/\/fmp-components.com\/wp-content\/uploads\/2025\/01\/Car-Wash-Machine-Gearmotor-2.webp 926w, https:\/\/fmp-components.com\/wp-content\/uploads\/2025\/01\/Car-Wash-Machine-Gearmotor-2-480x324.webp 480w\" sizes=\"(min-width: 0px) and (max-width: 480px) 480px, (min-width: 481px) 926px, 100vw\" \/><\/td>\n<td style=\"width: 48.718%;\" align=\"right\" width=\"80\"><img loading=\"lazy\" decoding=\"async\" class=\"alignnone size-full wp-image-4912\" src=\"https:\/\/fmp-components.com\/wp-content\/uploads\/2025\/01\/Car-Wash-Machine-Gearmotor-1.webp\" alt=\"Autonpesukoneen vaihdemoottori-1\" width=\"919\" height=\"655\" title=\"\" srcset=\"https:\/\/fmp-components.com\/wp-content\/uploads\/2025\/01\/Car-Wash-Machine-Gearmotor-1.webp 919w, https:\/\/fmp-components.com\/wp-content\/uploads\/2025\/01\/Car-Wash-Machine-Gearmotor-1-480x342.webp 480w\" sizes=\"(min-width: 0px) and (max-width: 480px) 480px, (min-width: 481px) 919px, 100vw\" \/><\/td>\n<\/tr>\n<\/tbody>\n<\/table>\n<p><strong>Automaattiset rumpupesurit<\/strong>N\u00e4m\u00e4 edistyneet pesurit k\u00e4ytt\u00e4v\u00e4t suuria py\u00f6rivi\u00e4 harjoja ajoneuvon perusteelliseen puhdistamiseen. Optimaalisen suorituskyvyn varmistamiseksi harjoja py\u00f6ritt\u00e4\u00e4 matovaihteen alennusvaihteisto, jonka ansiosta ne py\u00f6riv\u00e4t ihanteellisella nopeudella lian ja roskien poistamiseksi ajoneuvon pinnalta.<\/p>\n<p><strong>Tunnelipesuj\u00e4rjestelm\u00e4t<\/strong>N\u00e4iss\u00e4 j\u00e4rjestelmiss\u00e4 ajoneuvot liikkuvat kiinte\u00e4n tunnelin l\u00e4pi, joka on varustettu edistyneill\u00e4 puhdistus- ja vahauskoneilla. J\u00e4rjestelm\u00e4n py\u00f6rivi\u00e4 harjoja tai teloja k\u00e4ytet\u00e4\u00e4n tyypillisesti matovaihteilla varustetuissa moottoreissa, jotka tarjoavat luotettavan tehon tasaista puhdistusta varten.<\/p>\n<p><strong>Kosketus- ja kosketuksettomat autonpesuj\u00e4rjestelm\u00e4t<\/strong>Nykyaikaiset autonpesuj\u00e4rjestelm\u00e4t tarjoavat sek\u00e4 kosketus- ett\u00e4 kosketuksettomia vaihtoehtoja erilaisiin tarpeisiin. Kosketusj\u00e4rjestelm\u00e4ss\u00e4 py\u00f6riv\u00e4t harjat koskettavat fyysisesti ajoneuvon pintaa puhdistaakseen sen. Kosketusvapaissa j\u00e4rjestelmiss\u00e4 k\u00e4ytet\u00e4\u00e4n puolestaan \u200b\u200bkorkeapainevesisuihkuja ajoneuvon puhdistamiseen. Kosketusj\u00e4rjestelmien matovaihteisto varmistaa harjan nopeuden ja paineen tarkan hallinnan varmistaen tehokkaan puhdistuksen vahingoittamatta ajoneuvon maalipintaa.<\/p>\n<p><img loading=\"lazy\" decoding=\"async\" class=\"alignnone size-full wp-image-4919\" src=\"https:\/\/fmp-components.com\/wp-content\/uploads\/2025\/01\/Leisuwash-360-Longitudinal-drive-system.webp\" alt=\"k\u00e4ytt\u00f6j\u00e4rjestelm\u00e4\" width=\"900\" height=\"600\" title=\"\" srcset=\"https:\/\/fmp-components.com\/wp-content\/uploads\/2025\/01\/Leisuwash-360-Longitudinal-drive-system.webp 900w, https:\/\/fmp-components.com\/wp-content\/uploads\/2025\/01\/Leisuwash-360-Longitudinal-drive-system-480x320.webp 480w\" sizes=\"(min-width: 0px) and (max-width: 480px) 480px, (min-width: 481px) 900px, 100vw\" \/><\/p>\n<h2>Miten automaattisen autonpesun vaihdemoottorit toimivat?<\/h2>\n<p>Automaattisten autonpesukoneiden vaihdemoottorit ovat olennaisia \u200b\u200bkomponentteja automaattisten autonpesuj\u00e4rjestelmien toiminnassa. Ne tarjoavat tarvittavan voiman pesuprosessiin osallistuvien eri osien, kuten harjojen, kuljettimien ja ruiskutusj\u00e4rjestelmien, liikuttamiseen. Vaikka rakenteet voivat vaihdella, t\u00e4ss\u00e4 on yleinen yleiskatsaus automaattisten autonpesukoneiden vaihdemoottoreiden toiminnasta:<\/p>\n<ol>\n<li><strong>Moottori<\/strong>Vaihdemoottori k\u00e4ytt\u00e4\u00e4 ensisijaisena virtal\u00e4hteen\u00e4\u00e4n s\u00e4hk\u00f6moottoria. Tyypillisesti moottori on joko vaihtovirtamoottori kaupallisissa autopesuloissa tai tasavirtamoottori pienempiin tai kannettaviin j\u00e4rjestelmiin.<\/li>\n<li><strong>Vaihteisto<\/strong>Moottori on kytketty vaihteistoon, joka hidastaa moottorin nopeaa py\u00f6rimist\u00e4 pienemm\u00e4lle nopeudelle ja suuremmalle v\u00e4\u00e4nt\u00f6momentille. Vaihteisto sis\u00e4lt\u00e4\u00e4 erilaisia \u200b\u200bvaihteita \u2013 kuten matovaihteita, planeettavaihteita tai lieri\u00f6vaihteita \u2013 rakenteesta riippuen. N\u00e4m\u00e4 vaihteet toimivat yhdess\u00e4 halutun nopeuden ja v\u00e4\u00e4nt\u00f6momentin muuntamisen saavuttamiseksi.<\/li>\n<li><strong>Voimansiirto<\/strong>Vaihteiston ulostuloakseli on kytketty hihna-, ketju- tai suorakytkent\u00e4j\u00e4rjestelm\u00e4\u00e4n autonpesuj\u00e4rjestelm\u00e4n rakenteesta riippuen. T\u00e4m\u00e4 voimansiirtoj\u00e4rjestelm\u00e4 siirt\u00e4\u00e4 py\u00f6rimisliikkeen vaihdemoottorista liikkuviin osiin, kuten harjoihin ja kuljetinhihnoihin.<\/li>\n<li><strong>Ohjausj\u00e4rjestelm\u00e4<\/strong>Vaihdemoottoria ohjaa keskusohjausj\u00e4rjestelm\u00e4, joka hallinnoi autopesulan toimintaa. Ohjausj\u00e4rjestelm\u00e4 vastaanottaa sy\u00f6tteit\u00e4 antureilta, kytkimilt\u00e4 tai automaattisilta liipaisimista ja l\u00e4hett\u00e4\u00e4 signaaleja vaihdemoottorille tiettyjen toimintojen k\u00e4ynnist\u00e4miseksi oikeaan aikaan. Esimerkiksi kun ajoneuvo saapuu autopesulaan, j\u00e4rjestelm\u00e4 voi laukaista moottorin k\u00e4ynnist\u00e4\u00e4kseen kuljettimen tai aktivoidakseen harjat.<\/li>\n<li><strong>Turvaominaisuudet<\/strong>Automaattisten autopesuloiden vaihdemoottoreissa on tyypillisesti turvaominaisuuksia vaurioiden tai onnettomuuksien est\u00e4miseksi. N\u00e4it\u00e4 voivat olla rajakytkimet tai anturit esteiden tai liiallisen voiman havaitsemiseksi, h\u00e4t\u00e4pys\u00e4ytyspainikkeet ja ylikuormitussuojamekanismit. N\u00e4m\u00e4 turvatoiminnot auttavat varmistamaan, ett\u00e4 moottori toimii turvallisten parametrien mukaisesti ja suojaavat sek\u00e4 laitteita ett\u00e4 pest\u00e4v\u00e4\u00e4 ajoneuvoa.<\/li>\n<\/ol>\n<p>Yhdist\u00e4m\u00e4ll\u00e4 moottorin tehon, vaihteiston nopeudenalennusmekanismin ja hallitun voimansiirron automaattisen autonpesun vaihdemoottori synkronoi eri komponenttien liikkeet varmistaen tehokkaan pesuprosessin.<\/p>\n<p>FMP:n kehitt\u00e4m\u00e4t ja valmistamat autonpesukoneille tarkoitetut alennusvaihteet on suunniteltu erityisesti k\u00e4ytett\u00e4v\u00e4ksi nykyisiss\u00e4 valtavirran autonpesulaitteissa. Ne ovat helppoja asentaa, meluisia, pitk\u00e4ik\u00e4isi\u00e4 ja eritt\u00e4in suojattuja. Vedenpit\u00e4v\u00e4t alennusvaihteet tarjoavat korkeamman suojaustason kuin perinteiset matovaihteet ja ne on r\u00e4\u00e4t\u00e4l\u00f6ity nykyaikaiselle autonpesualalle.<\/p>\n<table style=\"border-collapse: collapse; width: 102.375%; height: 19px;\" border=\"0\" width=\"160\" cellspacing=\"0\" cellpadding=\"0\">\n<tbody>\n<tr style=\"height: 14.40pt;\">\n<td style=\"height: 14.40pt; width: 48.00pt;\" align=\"right\" width=\"80\" height=\"24\"><img loading=\"lazy\" decoding=\"async\" class=\"alignnone size-full wp-image-4921\" src=\"https:\/\/fmp-components.com\/wp-content\/uploads\/2025\/01\/Car-Wash-Machine-Gearmotor-8.webp\" alt=\"Autonpesukoneen vaihdemoottori-8\" width=\"751\" height=\"580\" title=\"\" srcset=\"https:\/\/fmp-components.com\/wp-content\/uploads\/2025\/01\/Car-Wash-Machine-Gearmotor-8.webp 751w, https:\/\/fmp-components.com\/wp-content\/uploads\/2025\/01\/Car-Wash-Machine-Gearmotor-8-480x371.webp 480w\" sizes=\"(min-width: 0px) and (max-width: 480px) 480px, (min-width: 481px) 751px, 100vw\" \/><\/td>\n<td style=\"width: 48.00pt;\" align=\"right\" width=\"80\"><img loading=\"lazy\" decoding=\"async\" class=\"alignnone wp-image-4920\" src=\"https:\/\/fmp-components.com\/wp-content\/uploads\/2025\/01\/Car-Wash-Machine-Gearmotor-6.webp\" alt=\"Autonpesukoneen vaihdemoottori\" width=\"944\" height=\"944\" title=\"\" srcset=\"https:\/\/fmp-components.com\/wp-content\/uploads\/2025\/01\/Car-Wash-Machine-Gearmotor-6.webp 944w, https:\/\/fmp-components.com\/wp-content\/uploads\/2025\/01\/Car-Wash-Machine-Gearmotor-6-480x480.webp 480w\" sizes=\"(min-width: 0px) and (max-width: 480px) 480px, (min-width: 481px) 944px, 100vw\" \/><\/td>\n<\/tr>\n<\/tbody>\n<\/table>\n<h2>FMP:n valmistamalla autonpesukoneen v\u00e4hennysventtiilill\u00e4 on seuraavat ominaisuudet ja edut:<\/h2>\n<p>Erikoismoottorin kokoonpanoteho 0,25 kW, 0,37 kW, 0,55 kW, 0,75 kW ja 2,2 kW jne.;<\/p>\n<p>Erilaisia \u200b\u200blaippoja voidaan valita asiakkaan tarpeiden mukaan;<\/p>\n<p>Jokainen moduuli omaksuu modulaarisen rakenteen ja osat ovat yleismaailmallisempia;<\/p>\n<p>Nopeussuhdealue on laaja, ja nopeussuhdevaihtoehtoja on enemm\u00e4n kuin yleisiss\u00e4 malleissa;<\/p>\n<p>Ulostulop\u00e4\u00e4 on valmistettu 304 ruostumattomasta ter\u00e4ksest\u00e4, jotta se ei ruostu k\u00e4yt\u00f6n aikana;<\/p>\n<p>Runkorakenne on kompakti ja k\u00e4tev\u00e4 asentaa erilaisiin ymp\u00e4rist\u00f6ihin;<\/p>\n<p>Erityinen t\u00e4yssynteettinen voiteluaine, ei tarvitse vaihtaa \u00f6ljy\u00e4 koko k\u00e4ytt\u00f6i\u00e4n ajan;<\/p>\n<p>Rungon pinta on ruiskutettu muovilla, jolla on hyv\u00e4 korroosionkest\u00e4vyys, kaunis ja k\u00e4yt\u00e4nn\u00f6llinen;<\/p>\n<p>Tulo- ja l\u00e4ht\u00f6p\u00e4\u00e4t on tiivistetty \u00f6ljytiivisteill\u00e4 tiivistyksen varmistamiseksi;<\/p>\n<p>Matopy\u00f6r\u00e4 on valmistettu kulutusta kest\u00e4v\u00e4st\u00e4 tinapronssista, ja mato on hiiletetty ja sammutettu voimakkaalla kovuudella;<\/p>\n<p>Suojaustaso on IP67, jota voidaan k\u00e4ytt\u00e4\u00e4 erilaisissa sis\u00e4- ja ulkok\u00e4ytt\u00f6tilanteissa ja vaativissa ty\u00f6ymp\u00e4rist\u00f6iss\u00e4;<\/p>\n<p><img loading=\"lazy\" decoding=\"async\" class=\"alignnone  wp-image-4931\" src=\"https:\/\/fmp-components.com\/wp-content\/uploads\/2025\/01\/Car-Wash-Machine-Gearmotor-10.webp\" alt=\"Autonpesukoneen vaihdemoottori\" width=\"943\" height=\"856\" title=\"\" srcset=\"https:\/\/fmp-components.com\/wp-content\/uploads\/2025\/01\/Car-Wash-Machine-Gearmotor-10.webp 943w, https:\/\/fmp-components.com\/wp-content\/uploads\/2025\/01\/Car-Wash-Machine-Gearmotor-10-480x436.webp 480w\" sizes=\"(min-width: 0px) and (max-width: 480px) 480px, (min-width: 481px) 943px, 100vw\" \/><\/p>\n<p><img loading=\"lazy\" decoding=\"async\" class=\"alignnone wp-image-4930\" src=\"https:\/\/fmp-components.com\/wp-content\/uploads\/2025\/01\/Car-Wash-Machine-Gearmotor-9.webp\" alt=\"Autonpesukoneen vaihdemoottori\" width=\"944\" height=\"985\" title=\"\" srcset=\"https:\/\/fmp-components.com\/wp-content\/uploads\/2025\/01\/Car-Wash-Machine-Gearmotor-9.webp 944w, https:\/\/fmp-components.com\/wp-content\/uploads\/2025\/01\/Car-Wash-Machine-Gearmotor-9-480x501.webp 480w\" sizes=\"(min-width: 0px) and (max-width: 480px) 480px, (min-width: 481px) 944px, 100vw\" \/><\/p>","protected":false},"excerpt":{"rendered":"<p>Specifications of XRV050 Car Washer Worm Gear Reducer Type Ratio Flange Power XRV050 5\u00a0\u00a0\u00a0\u00a0 7.5\u00a0 10\u00a0\u00a0\u00a0\u00a0 12\u00a0 15\u00a0\u00a0\u00a0\u00a0 20\u00a0 30\u00a0\u00a0\u00a0\u00a0 40\u00a0 50\u00a0\u00a0\u00a0\u00a0 60\u00a0 80\u00a0\u00a0\u00a0 100 71B14 0.18KW\u00a0\u00a0\u00a0\u00a0 0.25KW\u00a0\u00a0\u00a0 0.37KW\u00a0\u00a0\u00a0 0.55KW\u00a0\u00a0\u00a0 0.75KW\u00a0\u00a0\u00a0\u00a0 1.1KW 80B14 Type i n2\/r\/min Mn2\/Nm Fr2\/N Motor P1\/kw L\/mm XRV050 5 280 17 1577 7134 0.55 180 280 23 1577 8024 0.75 205 [&hellip;]<\/p>","protected":false},"featured_media":4914,"comment_status":"open","ping_status":"closed","template":"","meta":{"_et_pb_use_builder":"","_et_pb_old_content":"","_et_gb_content_width":""},"product_brand":[],"product_cat":[93],"product_tag":[],"class_list":{"0":"post-4909","1":"product","2":"type-product","3":"status-publish","4":"has-post-thumbnail","6":"product_cat-car-wash-machine-gearmotor","8":"first","9":"instock","10":"shipping-taxable","11":"product-type-simple"},"_links":{"self":[{"href":"https:\/\/fmp-components.com\/fi\/wp-json\/wp\/v2\/product\/4909","targetHints":{"allow":["GET"]}}],"collection":[{"href":"https:\/\/fmp-components.com\/fi\/wp-json\/wp\/v2\/product"}],"about":[{"href":"https:\/\/fmp-components.com\/fi\/wp-json\/wp\/v2\/types\/product"}],"replies":[{"embeddable":true,"href":"https:\/\/fmp-components.com\/fi\/wp-json\/wp\/v2\/comments?post=4909"}],"wp:featuredmedia":[{"embeddable":true,"href":"https:\/\/fmp-components.com\/fi\/wp-json\/wp\/v2\/media\/4914"}],"wp:attachment":[{"href":"https:\/\/fmp-components.com\/fi\/wp-json\/wp\/v2\/media?parent=4909"}],"wp:term":[{"taxonomy":"product_brand","embeddable":true,"href":"https:\/\/fmp-components.com\/fi\/wp-json\/wp\/v2\/product_brand?post=4909"},{"taxonomy":"product_cat","embeddable":true,"href":"https:\/\/fmp-components.com\/fi\/wp-json\/wp\/v2\/product_cat?post=4909"},{"taxonomy":"product_tag","embeddable":true,"href":"https:\/\/fmp-components.com\/fi\/wp-json\/wp\/v2\/product_tag?post=4909"}],"curies":[{"name":"wp","href":"https:\/\/api.w.org\/{rel}","templated":true}]}}