{"id":482,"date":"2024-12-10T08:55:43","date_gmt":"2024-12-10T08:55:43","guid":{"rendered":"https:\/\/fmp-components.com\/?page_id=8"},"modified":"2024-12-16T06:45:22","modified_gmt":"2024-12-16T06:45:22","slug":"large-excavator-cylinder","status":"publish","type":"product","link":"https:\/\/fmp-components.com\/fi\/product\/large-excavator-cylinder\/","title":{"rendered":"Suuri kaivinkoneen sylinteri"},"content":{"rendered":"<h2><img loading=\"lazy\" decoding=\"async\" class=\"size-full wp-image-484 aligncenter\" src=\"https:\/\/fmp-components.com\/wp-content\/uploads\/2024\/12\/Large-Excavator-Cylinder.webp\" alt=\"Suuri kaivinkoneen sylinteri\" width=\"760\" height=\"533\" title=\"\" srcset=\"https:\/\/fmp-components.com\/wp-content\/uploads\/2024\/12\/Large-Excavator-Cylinder.webp 760w, https:\/\/fmp-components.com\/wp-content\/uploads\/2024\/12\/Large-Excavator-Cylinder-480x337.webp 480w\" sizes=\"(min-width: 0px) and (max-width: 480px) 480px, (min-width: 481px) 760px, 100vw\" \/>Suuren kaivinkoneen kauhan sylinterin tekniset tiedot:<\/h2>\n<p>Kauhasylinteri k\u00e4ytt\u00e4\u00e4 kaivinkoneen kauhaa, jolloin se voi nostaa, kallistaa ja tyhjent\u00e4\u00e4 materiaaleja. T\u00e4m\u00e4 sylinteri on v\u00e4ltt\u00e4m\u00e4t\u00f6n kaivamisessa, kaivamisessa ja lastaamisessa, ja se tarjoaa tarvittavan voiman kauhan tehokkaaseen k\u00e4sittelyyn erilaisissa teht\u00e4viss\u00e4.<\/p>\n<p><img loading=\"lazy\" decoding=\"async\" class=\"size-full wp-image-494 aligncenter\" src=\"https:\/\/fmp-components.com\/wp-content\/uploads\/2024\/12\/Large-Excavator-Bucket-Cylinder-1.webp\" alt=\"Suuri kaivinkoneen kauhan sylinteri\" width=\"500\" height=\"200\" title=\"\" srcset=\"https:\/\/fmp-components.com\/wp-content\/uploads\/2024\/12\/Large-Excavator-Bucket-Cylinder-1.webp 500w, https:\/\/fmp-components.com\/wp-content\/uploads\/2024\/12\/Large-Excavator-Bucket-Cylinder-1-480x192.webp 480w\" sizes=\"(min-width: 0px) and (max-width: 480px) 480px, (min-width: 481px) 500px, 100vw\" \/><\/p>\n<table style=\"width: 100%;\" border=\"1\" width=\"100%\" cellspacing=\"0\" cellpadding=\"0\">\n<tbody>\n<tr>\n<td>Tuotteen nimi<\/td>\n<td>Suuri kaivinkoneen kauhan sylinteri<\/td>\n<\/tr>\n<tr>\n<td>Ominaisuudet:<\/td>\n<td>Hallitse kauhan toimintaa<\/td>\n<\/tr>\n<tr>\n<td>Rei\u00e4n halkaisija:<\/td>\n<td>200 mm\uff5e360 mm<\/td>\n<\/tr>\n<tr>\n<td>Tangon halkaisija:<\/td>\n<td>140 mm\uff5e260 mm<br \/>\nIsku \u22642500 mm<\/td>\n<\/tr>\n<tr>\n<td>Ty\u00f6nt\u00f6voima:<\/td>\n<td>Enimm\u00e4ism\u00e4\u00e4r\u00e4 3560,8 kN<\/td>\n<\/tr>\n<tr>\n<td>Rei\u00e4n halkaisija:<\/td>\n<td>420 mm \/ paine 35 MPa<\/td>\n<\/tr>\n<\/tbody>\n<\/table>\n<h2><\/h2>\n<h2><img loading=\"lazy\" decoding=\"async\" class=\"alignnone wp-image-502\" src=\"https:\/\/fmp-components.com\/wp-content\/uploads\/2024\/12\/Large-Excavator-Bucket-Cylinder-1-1.webp\" alt=\"Suuri kaivinkoneen kauhan sylinteri\" width=\"929\" height=\"471\" title=\"\" srcset=\"https:\/\/fmp-components.com\/wp-content\/uploads\/2024\/12\/Large-Excavator-Bucket-Cylinder-1-1.webp 929w, https:\/\/fmp-components.com\/wp-content\/uploads\/2024\/12\/Large-Excavator-Bucket-Cylinder-1-1-480x243.webp 480w\" sizes=\"(min-width: 0px) and (max-width: 480px) 480px, (min-width: 481px) 929px, 100vw\" \/><\/h2>\n<h2><img loading=\"lazy\" decoding=\"async\" class=\"alignnone wp-image-503\" src=\"https:\/\/fmp-components.com\/wp-content\/uploads\/2024\/12\/Large-Excavator-Bucket-Cylinder-2.webp\" alt=\"Suuri kaivinkoneen kauhan sylinteri\" width=\"960\" height=\"318\" title=\"\" srcset=\"https:\/\/fmp-components.com\/wp-content\/uploads\/2024\/12\/Large-Excavator-Bucket-Cylinder-2.webp 960w, https:\/\/fmp-components.com\/wp-content\/uploads\/2024\/12\/Large-Excavator-Bucket-Cylinder-2-480x159.webp 480w\" sizes=\"(min-width: 0px) and (max-width: 480px) 480px, (min-width: 481px) 960px, 100vw\" \/><\/h2>\n<h2>Suuren kaivinkoneen puomin sylinterin tekniset tiedot:<\/h2>\n<p>Puomin sylinteri ohjaa kaivinkoneen puomin liikett\u00e4, jolloin se voi ojentaa ja vet\u00e4\u00e4 sis\u00e4\u00e4n. T\u00e4m\u00e4 sylinteri on ratkaisevan t\u00e4rke\u00e4 eri korkeuksien ja syvyyksien saavuttamiseksi, mink\u00e4 ansiosta kaivinkone voi suorittaa erilaisia \u200b\u200bteht\u00e4vi\u00e4 tarkasti, kuten kaivamista ja nostamista.<\/p>\n<p><img loading=\"lazy\" decoding=\"async\" class=\"size-full wp-image-493 aligncenter\" src=\"https:\/\/fmp-components.com\/wp-content\/uploads\/2024\/12\/Large-Excavator-Boom-Cylinder2.webp\" alt=\"Suuri kaivinkoneen puomin sylinteri\" width=\"500\" height=\"200\" title=\"\" srcset=\"https:\/\/fmp-components.com\/wp-content\/uploads\/2024\/12\/Large-Excavator-Boom-Cylinder2.webp 500w, https:\/\/fmp-components.com\/wp-content\/uploads\/2024\/12\/Large-Excavator-Boom-Cylinder2-480x192.webp 480w\" sizes=\"(min-width: 0px) and (max-width: 480px) 480px, (min-width: 481px) 500px, 100vw\" \/><\/p>\n<table style=\"width: 100%;\" border=\"1\" width=\"100%\" cellspacing=\"0\" cellpadding=\"0\">\n<tbody>\n<tr>\n<td>Tuotteen nimi<\/td>\n<td>Suuri kaivinkoneen puomin sylinteri<\/td>\n<\/tr>\n<tr>\n<td>Ominaisuudet:<\/td>\n<td>Hallitse ison k\u00e4sivarren nostoliikett\u00e4<\/td>\n<\/tr>\n<tr>\n<td>Rei\u00e4n halkaisija:<\/td>\n<td>200 mm\uff5e420 mm<\/td>\n<\/tr>\n<tr>\n<td>Tangon halkaisija:<\/td>\n<td>140 mm\uff5e300 mm<br \/>\nIsku \u22643500 mm<\/td>\n<\/tr>\n<tr>\n<td>Ty\u00f6nt\u00f6voima:<\/td>\n<td>Enimm\u00e4ism\u00e4\u00e4r\u00e4 4846,6 kN<\/td>\n<\/tr>\n<tr>\n<td>Rei\u00e4n halkaisija:<\/td>\n<td>420 mm \/ paine 35 MPa<\/td>\n<\/tr>\n<\/tbody>\n<\/table>\n<p><img loading=\"lazy\" decoding=\"async\" class=\"alignnone size-full wp-image-504\" src=\"https:\/\/fmp-components.com\/wp-content\/uploads\/2024\/12\/Large-Excavator-Boom-Cylinder-1.webp\" alt=\"Suuri kaivinkoneen puomin sylinteri\" width=\"980\" height=\"553\" title=\"\" srcset=\"https:\/\/fmp-components.com\/wp-content\/uploads\/2024\/12\/Large-Excavator-Boom-Cylinder-1.webp 980w, https:\/\/fmp-components.com\/wp-content\/uploads\/2024\/12\/Large-Excavator-Boom-Cylinder-1-480x271.webp 480w\" sizes=\"(min-width: 0px) and (max-width: 480px) 480px, (min-width: 481px) 980px, 100vw\" \/><\/p>\n<h2>Suuren kaivinkoneen kaivuvarren sylinterin tekniset tiedot:<\/h2>\n<p>Kaivuvarren sylinteri, joka tunnetaan my\u00f6s varren sylinterin\u00e4, vastaa kaivinkoneen kaivuvarren ojentamisesta ja sis\u00e4\u00e4nvet\u00e4misest\u00e4. T\u00e4m\u00e4 liike mahdollistaa kauhan asennon tarkan hallinnan, mik\u00e4 tekee siit\u00e4 elint\u00e4rke\u00e4n tehokkaan kaivamisen ja materiaalink\u00e4sittelyn kannalta.<\/p>\n<p><img loading=\"lazy\" decoding=\"async\" class=\"size-full wp-image-496 aligncenter\" src=\"https:\/\/fmp-components.com\/wp-content\/uploads\/2024\/12\/Large-Excavator-Stick-Cylinder3.webp\" alt=\"Suuri kaivinkoneen kaivinkoneen sylinteri\" width=\"500\" height=\"200\" title=\"\" srcset=\"https:\/\/fmp-components.com\/wp-content\/uploads\/2024\/12\/Large-Excavator-Stick-Cylinder3.webp 500w, https:\/\/fmp-components.com\/wp-content\/uploads\/2024\/12\/Large-Excavator-Stick-Cylinder3-480x192.webp 480w\" sizes=\"(min-width: 0px) and (max-width: 480px) 480px, (min-width: 481px) 500px, 100vw\" \/><\/p>\n<table style=\"width: 100%;\" border=\"1\" width=\"100%\" cellspacing=\"0\" cellpadding=\"0\">\n<tbody>\n<tr>\n<td>Tuotteen nimi<\/td>\n<td>Suuri kaivinkoneen kaivinkoneen sylinteri<\/td>\n<\/tr>\n<tr>\n<td>Ominaisuudet:<\/td>\n<td>Hallitse kyyn\u00e4rvarren liikett\u00e4<\/td>\n<\/tr>\n<tr>\n<td>Rei\u00e4n halkaisija:<\/td>\n<td>210 mm\uff5e360 mm<\/td>\n<\/tr>\n<tr>\n<td>Tangon halkaisija:<\/td>\n<td>145 mm\uff5e260 mm<br \/>\nIsku \u22642600 mm<\/td>\n<\/tr>\n<tr>\n<td>Ty\u00f6nt\u00f6voima:<\/td>\n<td>Enimm\u00e4ism\u00e4\u00e4r\u00e4 3560,8 kN<\/td>\n<\/tr>\n<tr>\n<td>Rei\u00e4n halkaisija:<\/td>\n<td>360 mm \/ paine 35 MPa<\/td>\n<\/tr>\n<\/tbody>\n<\/table>\n<p><img loading=\"lazy\" decoding=\"async\" class=\"alignnone size-full wp-image-500\" src=\"https:\/\/fmp-components.com\/wp-content\/uploads\/2024\/12\/Large-Excavator-Stick-Cylinder-1.webp\" alt=\"Suuri kaivinkoneen kaivinkoneen sylinteri\" width=\"1024\" height=\"538\" title=\"\" srcset=\"https:\/\/fmp-components.com\/wp-content\/uploads\/2024\/12\/Large-Excavator-Stick-Cylinder-1.webp 1024w, https:\/\/fmp-components.com\/wp-content\/uploads\/2024\/12\/Large-Excavator-Stick-Cylinder-1-980x515.webp 980w, https:\/\/fmp-components.com\/wp-content\/uploads\/2024\/12\/Large-Excavator-Stick-Cylinder-1-480x252.webp 480w\" sizes=\"(min-width: 0px) and (max-width: 480px) 480px, (min-width: 481px) and (max-width: 980px) 980px, (min-width: 981px) 1024px, 100vw\" \/><\/p>\n<h2>Suuren kaivinkoneen kiristyssylinterin tekniset tiedot:<\/h2>\n<p>Kiristyssylinteri\u00e4 k\u00e4ytet\u00e4\u00e4n kaivinkoneen eri osien, kuten telojen tai lis\u00e4laitteiden, j\u00e4nnityksen yll\u00e4pit\u00e4miseen. T\u00e4m\u00e4 sylinteri varmistaa, ett\u00e4 komponentit pysyv\u00e4t tukevasti paikoillaan, mik\u00e4 parantaa kaivinkoneen yleist\u00e4 vakautta ja suorituskyky\u00e4 k\u00e4yt\u00f6n aikana.<\/p>\n<h2><img loading=\"lazy\" decoding=\"async\" class=\"size-full wp-image-497 aligncenter\" src=\"https:\/\/fmp-components.com\/wp-content\/uploads\/2024\/12\/Large-Excavator-Tightening-Cylinder4.webp\" alt=\"Suuri kaivinkoneen kiristyssylinteri\" width=\"500\" height=\"200\" title=\"\" srcset=\"https:\/\/fmp-components.com\/wp-content\/uploads\/2024\/12\/Large-Excavator-Tightening-Cylinder4.webp 500w, https:\/\/fmp-components.com\/wp-content\/uploads\/2024\/12\/Large-Excavator-Tightening-Cylinder4-480x192.webp 480w\" sizes=\"(min-width: 0px) and (max-width: 480px) 480px, (min-width: 481px) 500px, 100vw\" \/><\/h2>\n<p>&nbsp;<\/p>\n<table style=\"width: 100%;\" border=\"1\" width=\"100%\" cellspacing=\"0\" cellpadding=\"0\">\n<tbody>\n<tr>\n<td>Tuotteen nimi<\/td>\n<td>Suuri kaivinkoneen kiristyssylinteri<\/td>\n<\/tr>\n<tr>\n<td>Ominaisuudet:<\/td>\n<td>Ohjaa telaketjun kireyden toimintaa<\/td>\n<\/tr>\n<tr>\n<td>Rei\u00e4n halkaisija:<\/td>\n<td>280 mm\uff5e380 mm<\/td>\n<\/tr>\n<tr>\n<td>Tangon halkaisija:<\/td>\n<td>170 mm\uff5e300 mm<br \/>\nIsku \u2264700 mm<\/td>\n<\/tr>\n<tr>\n<td>Ty\u00f6nt\u00f6voima:<\/td>\n<td>Enimm\u00e4ism\u00e4\u00e4r\u00e4 3967,4 kN<\/td>\n<\/tr>\n<tr>\n<td>Rei\u00e4n halkaisija:<\/td>\n<td>380 mm \/ paine 35 MPa<\/td>\n<\/tr>\n<\/tbody>\n<\/table>\n<h3><img loading=\"lazy\" decoding=\"async\" class=\"alignnone size-full wp-image-501\" src=\"https:\/\/fmp-components.com\/wp-content\/uploads\/2024\/12\/Large-Excavator-Tightening-Cylinder.webp\" alt=\"Suuren kaivinkoneen kiristyssylinteri\" width=\"1024\" height=\"576\" title=\"\" srcset=\"https:\/\/fmp-components.com\/wp-content\/uploads\/2024\/12\/Large-Excavator-Tightening-Cylinder.webp 1024w, https:\/\/fmp-components.com\/wp-content\/uploads\/2024\/12\/Large-Excavator-Tightening-Cylinder-980x551.webp 980w, https:\/\/fmp-components.com\/wp-content\/uploads\/2024\/12\/Large-Excavator-Tightening-Cylinder-480x270.webp 480w\" sizes=\"(min-width: 0px) and (max-width: 480px) 480px, (min-width: 481px) and (max-width: 980px) 980px, (min-width: 981px) 1024px, 100vw\" \/>Tietoja FMP:st\u00e4<\/h3>\n<p>FMP on hydraulisten sylinterien tuotantoon erikoistunut konepajayritys. Perustamisestaan \u200b\u200bl\u00e4htien yritys on keskittynyt hydraulisen teknologian tutkimukseen ja valmistukseen ja siirtynyt menestyksekk\u00e4\u00e4sti monipuolisesta tuotevalikoimasta, joka sis\u00e4lsi sadonkorjuu- ja rakennuskoneita, maataloustraktorien osiin erikoistumiseen. Yli kymmenen vuoden kokemuksella valmistuksesta ja johtamisesta FMP varmistaa korkealaatuiset tuotteet edistyneiden tuotantotekniikoiden avulla.<\/p>\n<p>Yrityksen kehittyess\u00e4 se on kehitt\u00e4nyt kattavan koneistuslinjan, kokoonpanolinjan ja pinnoituslinjan. Tiimimme koostuu ammattitaitoisesta johtohenkil\u00f6st\u00f6st\u00e4, kokeneista mekaanisista suunnittelijoista ja korkeasti koulutetuista teknikoista, jotka ty\u00f6skentelev\u00e4t yhdess\u00e4 yll\u00e4pit\u00e4\u00e4kseen vakaata tuotannon laatua ja samalla tehokkaasti hallitakseen prosessin jatkuvuutta ja tehokkuutta.<\/p>\n<p>FMP noudattaa filosofiaa, jonka mukaan \u201dteknologinen innovaatio edist\u00e4\u00e4 kehityst\u00e4, laatu luo br\u00e4ndej\u00e4, k\u00e4sity\u00f6taito varmistaa laadun ja rakentaa pitk\u00e4aikaisia, kaikkia hy\u00f6dytt\u00e4vi\u00e4 suhteita\u201d. Sitoutumisemme korkealaatuisten tuotteiden ja erinomaisen asiakaspalvelun tarjoamiseen on edelleen keskeinen tavoitteemme, kun jatkamme markkinoiden kehittyvien tarpeiden t\u00e4ytt\u00e4mist\u00e4.<\/p>\n<p><img loading=\"lazy\" decoding=\"async\" class=\"alignnone size-full wp-image-426\" src=\"https:\/\/fmp-components.com\/wp-content\/uploads\/2024\/12\/Sanitation-Machinery-Locking-Hydraulic-Cylinder-factory.webp\" sizes=\"(min-width: 0px) and (max-width: 480px) 480px, (min-width: 481px) and (max-width: 980px) 980px, (min-width: 981px) and (max-width: 1280px) 1280px, (min-width: 1281px) 1414px, 100vw\" srcset=\"https:\/\/fmp-components.com\/wp-content\/uploads\/2024\/12\/Sanitation-Machinery-Locking-Hydraulic-Cylinder-factory.webp 1414w, https:\/\/fmp-components.com\/wp-content\/uploads\/2024\/12\/Sanitation-Machinery-Locking-Hydraulic-Cylinder-factory-1280x529.webp 1280w, https:\/\/fmp-components.com\/wp-content\/uploads\/2024\/12\/Sanitation-Machinery-Locking-Hydraulic-Cylinder-factory-980x405.webp 980w, https:\/\/fmp-components.com\/wp-content\/uploads\/2024\/12\/Sanitation-Machinery-Locking-Hydraulic-Cylinder-factory-480x198.webp 480w\" alt=\"Sanitaatio-Koneet-Lukitus-Hydraulinen-Sylinteri-tehdas\" width=\"1414\" height=\"584\" title=\"\"><\/p>\n<p>Tekij\u00e4: CX<\/p>","protected":false},"excerpt":{"rendered":"<p>Large Excavator Bucket Cylinder Specifications: The bucket cylinder operates the excavator&#8217;s bucket, enabling it to lift, tilt, and dump materials. This cylinder is essential for excavating, scooping, and loading, providing the necessary force to manipulate the bucket effectively during various tasks. Product Name Large Excavator Bucket Cylinder Features: Control the action of the bucket Bore [&hellip;]<\/p>","protected":false},"featured_media":495,"comment_status":"open","ping_status":"closed","template":"","meta":{"_et_pb_use_builder":"","_et_pb_old_content":"","_et_gb_content_width":""},"product_brand":[],"product_cat":[25],"product_tag":[],"class_list":{"0":"post-482","1":"product","2":"type-product","3":"status-publish","4":"has-post-thumbnail","6":"product_cat-mobile-machinery-hydraulic-cylinder","8":"first","9":"instock","10":"shipping-taxable","11":"product-type-simple"},"_links":{"self":[{"href":"https:\/\/fmp-components.com\/fi\/wp-json\/wp\/v2\/product\/482","targetHints":{"allow":["GET"]}}],"collection":[{"href":"https:\/\/fmp-components.com\/fi\/wp-json\/wp\/v2\/product"}],"about":[{"href":"https:\/\/fmp-components.com\/fi\/wp-json\/wp\/v2\/types\/product"}],"replies":[{"embeddable":true,"href":"https:\/\/fmp-components.com\/fi\/wp-json\/wp\/v2\/comments?post=482"}],"wp:featuredmedia":[{"embeddable":true,"href":"https:\/\/fmp-components.com\/fi\/wp-json\/wp\/v2\/media\/495"}],"wp:attachment":[{"href":"https:\/\/fmp-components.com\/fi\/wp-json\/wp\/v2\/media?parent=482"}],"wp:term":[{"taxonomy":"product_brand","embeddable":true,"href":"https:\/\/fmp-components.com\/fi\/wp-json\/wp\/v2\/product_brand?post=482"},{"taxonomy":"product_cat","embeddable":true,"href":"https:\/\/fmp-components.com\/fi\/wp-json\/wp\/v2\/product_cat?post=482"},{"taxonomy":"product_tag","embeddable":true,"href":"https:\/\/fmp-components.com\/fi\/wp-json\/wp\/v2\/product_tag?post=482"}],"curies":[{"name":"wp","href":"https:\/\/api.w.org\/{rel}","templated":true}]}}